{"id":135,"date":"2019-03-22T18:56:46","date_gmt":"2019-03-22T17:56:46","guid":{"rendered":"https:\/\/www.calvin-thomas.com\/au-pair\/?page_id=135"},"modified":"2019-03-26T18:56:09","modified_gmt":"2019-03-26T17:56:09","slug":"conditions-generales-vente","status":"publish","type":"page","link":"https:\/\/www.calvin-thomas.com\/au-pair\/conditions-generales-vente\/","title":{"rendered":"Conditions g\u00e9n\u00e9rales de vente"},"content":{"rendered":"\n<p style=\"text-align:center\" class=\"content-centrer\">L\u2019ensemble des conditions g\u00e9n\u00e9rales formule par formule est communiqu\u00e9 avec le dossier d\u2019inscription et t\u00e9l\u00e9chargeable ci-dessous.<\/p>\n\n\n\n<div style=\"height:50px\" aria-hidden=\"true\" class=\"wp-block-spacer\"><\/div>\n\n\n\n<p style=\"text-align:center\"><a class=\"btn couleur large\" href=\"https:\/\/www.calvin-thomas.com\/doc\/CGV\/CGV_AP.pdf\" target=\"_blank\">T\u00e9l\u00e9charger les Conditions g\u00e9n\u00e9rales \u201cAu Pair \u00c9tats-Unis\u201d<\/a><\/p>\n\n\n\n<p style=\"text-align:center\"><a class=\"btn couleur large\" href=\"https:\/\/www.calvin-thomas.com\/doc\/CGV\/CGV_AP_AUS.pdf\" target=\"_blank\">T\u00e9l\u00e9charger les Conditions g\u00e9n\u00e9rales \u201cAu Pair Australie\u201d<\/a><\/p>\n\n\n\n<p style=\"text-align:center\"><a class=\"btn couleur large\" href=\"https:\/\/www.calvin-thomas.com\/doc\/CGV\/CGV_DEMI_AP_AUS.pdf\" target=\"_blank\">T\u00e9l\u00e9charger les Conditions g\u00e9n\u00e9rales \u201cDemi Pair Australie\u201d<\/a><\/p>\n\n\n\n<p style=\"text-align:center\"><a class=\"btn couleur large\" href=\"https:\/\/www.calvin-thomas.com\/doc\/CGV\/CGV_DEMI_AP_NZ.pdf\" target=\"_blank\">T\u00e9l\u00e9charger les Conditions g\u00e9n\u00e9rales \u201cDemi Pair Nouvelle-Z\u00e9lande\u201d<\/a><\/p>\n\n\n\n<div style=\"height:50px\" aria-hidden=\"true\" class=\"wp-block-spacer\"><\/div>\n","protected":false},"excerpt":{"rendered":"<p style=\"text-align:center\" class=\"content-centrer\">L\u2019ensemble des conditions g\u00e9n\u00e9rales formule par formule est communiqu\u00e9 avec le dossier d\u2019inscription et t\u00e9l\u00e9chargeable ci-dessous.<\/p>\n<p style=\"text-align:center\"><a class=\"btn couleur large\" href=\"https:\/\/www.calvin-thomas.com\/doc\/CGV\/CGV_AP.pdf\" target=\"_blank\">T\u00e9l\u00e9charger les Conditions g\u00e9n\u00e9rales \u201cAu Pair \u00c9tats-Unis\u201d<\/a><\/p>\n<p style=\"text-align:center\"><a class=\"btn couleur large\" href=\"https:\/\/www.calvin-thomas.com\/doc\/CGV\/CGV_AP_AUS.pdf\" target=\"_blank\">T\u00e9l\u00e9charger les Conditions g\u00e9n\u00e9rales \u201cAu Pair Australie\u201d<\/a><\/p>\n<p style=\"text-align:center\"><a class=\"btn couleur large\" href=\"https:\/\/www.calvin-thomas.com\/doc\/CGV\/CGV_DEMI_AP_AUS.pdf\" target=\"_blank\">T\u00e9l\u00e9charger les Conditions g\u00e9n\u00e9rales \u201cDemi Pair Australie\u201d<\/a><\/p>\n<p style=\"text-align:center\"><a class=\"btn couleur large\" href=\"https:\/\/www.calvin-thomas.com\/doc\/CGV\/CGV_DEMI_AP_NZ.pdf\" target=\"_blank\">T\u00e9l\u00e9charger les Conditions g\u00e9n\u00e9rales \u201cDemi Pair Nouvelle-Z\u00e9lande\u201d<\/a><\/p>\n<p> <a class=\"btn couleur large\" href=\"https:\/\/www.calvin-thomas.com\/au-pair\/conditions-generales-vente\/\">EN SAVOIR PLUS <\/a><\/p>\n","protected":false},"author":1,"featured_media":0,"parent":0,"menu_order":0,"comment_status":"closed","ping_status":"closed","template":"page-simple.php","meta":{"_uag_custom_page_level_css":"","wp_popup_display_lightbox":0,"wp_popup_suppress":"","wp_popup_trigger":"","wp_popup_trigger_amount":0,"wp_popup_disable_on_mobile":false},"uagb_featured_image_src":{"full":false,"thumbnail":false,"medium":false,"medium_large":false,"large":false,"1536x1536":false,"2048x2048":false},"uagb_author_info":{"display_name":"redac-calvinthomas","author_link":"https:\/\/www.calvin-thomas.com\/au-pair\/author\/redac-calvinthomas\/"},"uagb_comment_info":0,"uagb_excerpt":"L\u2019ensemble des conditions g\u00e9n\u00e9rales formule par formule est communiqu\u00e9 avec le dossier d\u2019inscription et t\u00e9l\u00e9chargeable ci-dessous. T\u00e9l\u00e9charger les Conditions g\u00e9n\u00e9rales \u201cAu Pair \u00c9tats-Unis\u201d T\u00e9l\u00e9charger les Conditions g\u00e9n\u00e9rales \u201cAu Pair Australie\u201d T\u00e9l\u00e9charger les Conditions g\u00e9n\u00e9rales \u201cDemi Pair Australie\u201d T\u00e9l\u00e9charger les Conditions g\u00e9n\u00e9rales \u201cDemi Pair Nouvelle-Z\u00e9lande\u201d EN SAVOIR PLUS","_links":{"self":[{"href":"https:\/\/www.calvin-thomas.com\/au-pair\/wp-json\/wp\/v2\/pages\/135"}],"collection":[{"href":"https:\/\/www.calvin-thomas.com\/au-pair\/wp-json\/wp\/v2\/pages"}],"about":[{"href":"https:\/\/www.calvin-thomas.com\/au-pair\/wp-json\/wp\/v2\/types\/page"}],"author":[{"embeddable":true,"href":"https:\/\/www.calvin-thomas.com\/au-pair\/wp-json\/wp\/v2\/users\/1"}],"replies":[{"embeddable":true,"href":"https:\/\/www.calvin-thomas.com\/au-pair\/wp-json\/wp\/v2\/comments?post=135"}],"version-history":[{"count":0,"href":"https:\/\/www.calvin-thomas.com\/au-pair\/wp-json\/wp\/v2\/pages\/135\/revisions"}],"wp:attachment":[{"href":"https:\/\/www.calvin-thomas.com\/au-pair\/wp-json\/wp\/v2\/media?parent=135"}],"curies":[{"name":"wp","href":"https:\/\/api.w.org\/{rel}","templated":true}]}}