{"id":137,"date":"2019-03-22T18:59:28","date_gmt":"2019-03-22T17:59:28","guid":{"rendered":"https:\/\/www.calvin-thomas.com\/au-pair\/?page_id=137"},"modified":"2023-09-25T16:33:34","modified_gmt":"2023-09-25T14:33:34","slug":"points-pratiques","status":"publish","type":"page","link":"https:\/\/www.calvin-thomas.com\/au-pair\/informations-pratiques\/points-pratiques\/","title":{"rendered":"Les points pratiques"},"content":{"rendered":"\n<div style=\"height:50px\" aria-hidden=\"true\" class=\"wp-block-spacer\"><\/div>\n\n\n\n<div class=\"wp-block-columns has-2-columns column-centre is-layout-flex wp-container-core-columns-is-layout-1 wp-block-columns-is-layout-flex\">\n<div class=\"wp-block-column is-layout-flow wp-block-column-is-layout-flow\">\n<h2 class=\"wp-block-heading\">\u00c0 savoir avant le d\u00e9part\n<\/h2>\n\n\n\n<p>Un s\u00e9jour \u00e0 l\u2019\u00e9tranger se pr\u00e9pare en amont. Il implique des d\u00e9marches administratives. Le r\u00f4le de Calvin-Thomas est de vous accompagner \u00e0 chaque \u00e9tape de votre projet. <\/p>\n\n\n\n<p>Il est essentiel pour nous que chacun de nos participants partent avec une couverture m\u00e9dicale adapt\u00e9e \u00e0 son s\u00e9jour, raison pour laquelle une assurance est toujours pr\u00e9vue dans nos services.<\/p>\n<\/div>\n\n\n\n<div class=\"wp-block-column is-layout-flow wp-block-column-is-layout-flow\">\n<ul class=\"liste-menu\"><li><a href=\"#section1\">Passeport &amp; Visa<\/a><\/li><li><a href=\"#section2\">Assurances<\/a><br><\/li><\/ul>\n<\/div>\n<\/div>\n\n\n\n<div style=\"height:50px\" aria-hidden=\"true\" class=\"wp-block-spacer\"><\/div>\n\n\n<section class=\"section-bleuclair\"><\/p>\n\n\n\n<div class=\"wp-block-columns has-2-columns column-centre is-layout-flex wp-container-core-columns-is-layout-2 wp-block-columns-is-layout-flex\">\n<div class=\"wp-block-column is-layout-flow wp-block-column-is-layout-flow\">\n<p class=\"sub-title\"><strong>FORMALIT\u00c9S<\/strong><\/p>\n\n\n\n<h3 class=\"wp-block-heading\" id=\"section1\">Passeport &amp; Visa<br><\/h3>\n\n\n\n<p><strong>Sont \u00e9ligibles aux programmes Au Pair \u2013 Calvin-Thomas, les citoyens fran\u00e7ais (voire la plupart des ressortissants europ\u00e9ens et les d\u00e9tenteurs d\u2019une carte de s\u00e9jour d\u2019au moins 10 ans). <\/strong><\/p>\n\n\n\n<p><strong>Pour participer \u00e0 l\u2019un de nos programmes vous devrez \u00eatre en r\u00e8gle avec la l\u00e9gislation du pays d\u2019accueil et entamer diverses d\u00e9marches administratives avant votre d\u00e9part et notamment obtenir un visa.<\/strong><\/p>\n\n\n\n<div style=\"height:30px\" aria-hidden=\"true\" class=\"wp-block-spacer\"><\/div>\n<\/div>\n\n\n\n<div class=\"wp-block-column is-layout-flow wp-block-column-is-layout-flow\">\n<p><\/p>\n<\/div>\n<\/div>\n\n\n\n<div class=\"wp-block-columns has-2-columns column-centre centrer-hauteur is-layout-flex wp-container-core-columns-is-layout-3 wp-block-columns-is-layout-flex\">\n<div class=\"wp-block-column is-layout-flow wp-block-column-is-layout-flow\">\n<h4 class=\"wp-block-heading\">PASSEPORT<\/h4>\n\n\n\n<p>Vous devez vous munir d\u2019un <strong>passeport valide au moins 6 mois apr\u00e8s la date de retour en France<\/strong> pr\u00e9vu\/possible (attention : les s\u00e9jours peuvent durer 12 ou 24 mois !). <\/p>\n\n\n\n<p>Nous vous invitons \u00e0 <strong>entamer les d\u00e9marches d\u2019obtention ou de renouvellement le plus rapidement possible.<\/strong><\/p>\n\n\n\n<p><strong>Pensez \u00e0 v\u00e9rifier la validit\u00e9 de votre passeport !<\/strong><\/p>\n<\/div>\n\n\n\n<div class=\"wp-block-column is-layout-flow wp-block-column-is-layout-flow\">\n<figure class=\"wp-block-image\"><img loading=\"lazy\" decoding=\"async\" width=\"900\" height=\"460\" src=\"https:\/\/www.calvin-thomas.com\/au-pair\/wp-content\/uploads\/\/sites\/6\/passeport-visa.jpg\" alt=\"point administratif : passeport &amp; visa n\u00e9cessaires pour un s\u00e9jour au pair\" class=\"wp-image-170\" srcset=\"https:\/\/www.calvin-thomas.com\/au-pair\/wp-content\/uploads\/\/sites\/6\/passeport-visa.jpg 900w, https:\/\/www.calvin-thomas.com\/au-pair\/wp-content\/uploads\/\/sites\/6\/passeport-visa-300x153.jpg 300w, https:\/\/www.calvin-thomas.com\/au-pair\/wp-content\/uploads\/\/sites\/6\/passeport-visa-768x393.jpg 768w\" sizes=\"(max-width: 900px) 100vw, 900px\" \/><\/figure>\n\n\n\n<p><\/p>\n<\/div>\n<\/div>\n\n\n\n<div style=\"height:50px\" aria-hidden=\"true\" class=\"wp-block-spacer\"><\/div>\n\n\n\n<h4 class=\"content-centrer wp-block-heading\">VISA<\/h4>\n\n\n\n<p class=\"content-centrer\"><strong>En fonction de la destination, le type de visa requis est diff\u00e9rent. <\/strong><br><strong>\u00c0 noter \u00e9galement : les frais de visa et de chancellerie sont toujours \u00e0 la charge des participants.<\/strong><\/p>\n\n\n\n<div style=\"height:20px\" aria-hidden=\"true\" class=\"wp-block-spacer\"><\/div>\n\n\n\n<div class=\"wp-block-columns has-2-columns column-centre argumentaire-ligne is-layout-flex wp-container-core-columns-is-layout-4 wp-block-columns-is-layout-flex\">\n<div class=\"wp-block-column is-layout-flow wp-block-column-is-layout-flow\">\n<div class=\"wp-block-image\"><figure class=\"aligncenter\"><img loading=\"lazy\" decoding=\"async\" width=\"150\" height=\"150\" src=\"https:\/\/www.calvin-thomas.com\/au-pair\/wp-content\/uploads\/\/sites\/6\/drapeau-usa.png\" alt=\"Visa J-1 pour un s\u00e9jour au pair aux \u00c9tats-Unis\" class=\"wp-image-569\"\/><\/figure><\/div>\n<\/div>\n\n\n\n<div class=\"wp-block-column is-layout-flow wp-block-column-is-layout-flow\">\n<h4 class=\"wp-block-heading\">Visa \u00c9tats-Unis<\/h4>\n\n\n\n<p>Une fois votre placement en famille re\u00e7u, nous vous communiquons une marche \u00e0 suivre pour <strong>obtenir votre visa de type J-1.<\/strong> Nous vous faisons parvenir les <strong>documents n\u00e9cessaires<\/strong> \u00e0 l&#8217;obtention de ce visa :<\/p>\n\n\n\n<ul><li>formulaire DS-2019<\/li><li>preuve de paiement de la taxe \u201csevis\u201d ou formulaire I-901. <\/li><\/ul>\n\n\n\n<p>Nous vous expliquons en d\u00e9tail, par t\u00e9l\u00e9phone et par \u00e9crit la proc\u00e9dure de demande \u00e0 entreprendre pour <strong>obtenir votre rendez-vous aupr\u00e8s de l&#8217;ambassade des \u00c9tats-Unis \u00e0 Paris. <\/strong>Une fois votre rendez-vous obtenu, vous devrez <strong>vous rendre en personne \u00e0 l&#8217;ambassade des \u00c9tats-Unis \u00e0 Paris<\/strong> afin d&#8217;obtenir votre visa (aucune tierce personne ne peut se pr\u00e9senter \u00e0 votre place).<\/p>\n\n\n\n<p>Le co\u00fbt du visa est d\u2019<strong>environ 185 $US.<\/strong><\/p>\n<\/div>\n<\/div>\n\n\n\n<div class=\"wp-block-columns has-2-columns column-centre argumentaire-ligne is-layout-flex wp-container-core-columns-is-layout-5 wp-block-columns-is-layout-flex\">\n<div class=\"wp-block-column is-layout-flow wp-block-column-is-layout-flow\">\n<div class=\"wp-block-image\"><figure class=\"aligncenter\"><img loading=\"lazy\" decoding=\"async\" width=\"150\" height=\"150\" src=\"https:\/\/www.calvin-thomas.com\/au-pair\/wp-content\/uploads\/\/sites\/6\/drapeau-australie.png\" alt=\"d\u00e9marches d'obtention d'un visa pour l'Australie\" class=\"wp-image-568\"\/><\/figure><\/div>\n<\/div>\n\n\n\n<div class=\"wp-block-column is-layout-flow wp-block-column-is-layout-flow\">\n<h4 class=\"wp-block-heading\">Visa Australie<\/h4>\n\n\n\n<p class=\"content-centrer\">En fonction du programme choisi, il est possible d\u2019obtenir :<\/p>\n\n\n\n<ul class=\"content-centrer\"><li><strong>Dans le cadre d&#8217;un s\u00e9jour \u201cAu Pair\u201d,<\/strong> un visa \u201cWork and Travel\u201d<\/li><li><strong>Dans le cadre d&#8217;un s\u00e9jour \u201cDemi-pair\u201d,<\/strong> soit un visa \u201cWork and Travel\u201d, soit un visa d\u2019\u00e9tude.<\/li><\/ul>\n\n\n\n<p class=\"content-centrer\">Le visa \u201cWork and Travel Australie\u201d permet de rester sur le territoire australien <strong>jusqu\u2019\u00e0 12 mois maximum. <\/strong>Il n\u2019est possible d\u2019<strong>obtenir un visa \u201cWork and Travel\u201d qu\u2019une seule fois.<\/strong><br>Sa dur\u00e9e est de <strong>16 semaines au maximum<\/strong> dans le cadre d\u2019un s\u00e9jour \u201cDemi-pair\u201d. Au terme de ces 16 semaines, soit le\/la participant(e) rentre en France, soit elle peut prolonger son s\u00e9jour en Australie pour une p\u00e9riode totale de 12 mois maximum.<\/p>\n\n\n\n<p>Le participant \u201cAu Pair\u201d <strong>fait lui-m\u00eame sa demande de visa \u201cWork and Travel\u201d<\/strong>. Le visa Au Pair est <strong>d\u2019abord d\u00e9livr\u00e9 pour une p\u00e9riode de 6 mois.<\/strong> Une fois sur place, le\/la participant(e) effectue une <strong>demande d\u2019extension<\/strong> (avec l\u2019aide de notre partenaire australien). <\/p>\n\n\n\n<p>La <strong>demande de visa est simple <\/strong>: elle s\u2019effectue sur internet, avant le d\u00e9part. Calvin-Thomas lui fournit l\u2019aide n\u00e9cessaire.  <\/p>\n\n\n\n<p>Le co\u00fbt du visa est d\u2019<strong>environ 635 $AU<\/strong> (co\u00fbt non compris dans le co\u00fbt du programme).<\/p>\n\n\n\n<p>Lorsque vous travaillez avec des enfants en Australie, il faut <strong>obtenir un \u201cWork With Children Check\u201d<\/strong>. Nos partenaires vous assisteront dans cette d\u00e9marche une fois sur place. Il faut pr\u00e9voir un <strong>budget moyen de 80 $AU<\/strong> pour obtenir cette v\u00e9rification.<\/p>\n<\/div>\n<\/div>\n\n\n\n<div class=\"wp-block-columns has-2-columns column-centre argumentaire-ligne last is-layout-flex wp-container-core-columns-is-layout-6 wp-block-columns-is-layout-flex\">\n<div class=\"wp-block-column is-layout-flow wp-block-column-is-layout-flow\">\n<div class=\"wp-block-image\"><figure class=\"aligncenter\"><img loading=\"lazy\" decoding=\"async\" width=\"150\" height=\"150\" src=\"https:\/\/www.calvin-thomas.com\/au-pair\/wp-content\/uploads\/\/sites\/6\/drapeau-nz.png\" alt=\"Visa \u201cWork and Travel\u201d pour le programme \u201cDemi-pair Nouvelle-Z\u00e9lande\u201d\" class=\"wp-image-570\"\/><\/figure><\/div>\n<\/div>\n\n\n\n<div class=\"wp-block-column is-layout-flow wp-block-column-is-layout-flow\">\n<h4 class=\"wp-block-heading\">Visa Nouvelle-Z\u00e9lande<\/h4>\n\n\n\n<p class=\"content-centrer\">Le visa \u201cWork and Travel\u201d permet de participer au programme \u201cDemi-pair\u201d. Il permet aussi de rester sur le territoire n\u00e9o-z\u00e9landais <strong>jusqu\u2019\u00e0 12 mois maximum<\/strong> et de prendre entre 12 et jusqu\u2019\u00e0 24 semaines de cours d\u2019anglais au maximum. Au terme de la p\u00e9riode avec cours d\u2019anglais, soit le participant rentre en France, soit il prolonge son s\u00e9jour en Nouvelle-Z\u00e9lande (\u00e9ventuellement en famille en tant que Au Pair \u00e0 plein temps si cette derni\u00e8re le souhaite, soit pour voyager ou travailler).<\/p>\n\n\n\n<p class=\"content-centrer\">Le participant <strong>fait lui-m\u00eame sa demande de visa \u201cWork and Travel\u201d<\/strong>. La d\u00e9marche est simple et s&#8217;effectue sur internet. Calvin-Thomas peut lui fournir l&#8217;aide n\u00e9cessaire. <\/p>\n\n\n\n<p class=\"content-centrer\">Le co\u00fbt du visa est d&#8217;<strong>environ 138\u20ac<\/strong>, soit <strong>environ 215 $NZ <\/strong>(co\u00fbt non compris dans le co\u00fbt du programme).<\/p>\n<\/div>\n<\/div>\n\n\n\n<div style=\"height:50px\" aria-hidden=\"true\" class=\"wp-block-spacer\"><\/div>\n\n\n<p><\/section>\n\n\n<section class=\"section-gris\"><\/p>\n\n\n\n<div class=\"wp-block-columns has-2-columns column-centre is-layout-flex wp-container-core-columns-is-layout-7 wp-block-columns-is-layout-flex\">\n<div class=\"wp-block-column is-layout-flow wp-block-column-is-layout-flow\">\n<p><\/p>\n<\/div>\n\n\n\n<div class=\"wp-block-column is-layout-flow wp-block-column-is-layout-flow\">\n<p class=\"sub-title\"><strong>COUVERTURE<\/strong><\/p>\n\n\n\n<h3 class=\"wp-block-heading\" id=\"section2\">Les assurances<br><\/h3>\n\n\n\n<p><strong><\/strong><\/p>\n\n\n\n<p><strong>Nos participants sont automatiquement couverts par une assurance de base. Cette assurance comprend notamment une responsabilit\u00e9 civile, l\u2019assistance rapatriement, l\u2019hospitalisation.<\/strong><\/p>\n\n\n\n<p><strong>Une assurance compl\u00e9mentaire est \u00e9galement  propos\u00e9e en option.<\/strong><\/p>\n\n\n\n<div style=\"height:30px\" aria-hidden=\"true\" class=\"wp-block-spacer\"><\/div>\n<\/div>\n<\/div>\n\n\n\n<div class=\"wp-block-columns has-2-columns column-centre is-layout-flex wp-container-core-columns-is-layout-8 wp-block-columns-is-layout-flex\">\n<div class=\"wp-block-column is-layout-flow wp-block-column-is-layout-flow\">\n<h4 class=\"wp-block-heading\"><strong>L&#8217;ASSURANCE DE BASE OFFERTE<\/strong><\/h4>\n\n\n\n<p><strong>Avec tous nos s\u00e9jours Au Pair,<\/strong> vous avez la garantie d&#8217;\u00eatre assur\u00e9<strong> pendant toute la dur\u00e9e de votre s\u00e9jour,<\/strong> par une <strong>assurance sp\u00e9cialis\u00e9e et donc bien adapt\u00e9e pour ce type de s\u00e9jour.<\/strong> Nous travaillons avec <strong>AVI<\/strong> <strong>International<\/strong>, notre partenaire depuis plus de 15 ans.<\/p>\n\n\n\n<p><strong>Cette assurance est compl\u00e8te :<\/strong> m\u00e9dicale, chirurgicale, dentaire, responsabilit\u00e9 civile, assistance, protection juridique, perte et d\u00e9t\u00e9rioration des bagages. <\/p>\n\n\n\n<p><strong>\u00c0 savoir : <\/strong>l\u2019assurance est pr\u00e9vue pour la dur\u00e9e de votre contrat Au Pair. Ccependant, pour les \u00c9tats-Unis, en cas d\u2019extension d\u2019un \u201c13\u00e8me mois\u201d (p\u00e9riode  de voyage possible, une fois le programme en famille termin\u00e9), il vous appartient de faire les d\u00e9marches pour \u00e9tendre cette assurance ou en contracter une de votre choix<\/p>\n\n\n\n<div style=\"height:20px\" aria-hidden=\"true\" class=\"wp-block-spacer\"><\/div>\n\n\n\n<p><strong>R\u00c9SUM\u00c9 DE LA POLICE D&#8217;ASSURANCE AU PAIR<\/strong><br>Un d\u00e9tail de la police d&#8217;assurance ainsi que la proc\u00e9dure de remboursement vous est fournie avant votre d\u00e9part.<\/p>\n\n\n\n<p><a class=\"btn large couleur\" href=\"https:\/\/www.calvin-thomas.com\/pdf\/Intrax-AuPairCare-Coverage.pdf\" target=\"_blank\" rel=\"noopener\">Consultez les  conditions g\u00e9n\u00e9rales \u201cAssurance Voyage SP &#8211; \u00c9tats-Unis\u201d<\/a><\/p>\n\n\n\n<p><a class=\"btn large couleur\" href=\"https:\/\/www.calvin-thomas.com\/doc\/CG_AVI.pdf\" target=\"_blank\">Consultez les  conditions g\u00e9n\u00e9rales 2021 \u201cAssurance Voyage SP &#8211; Australie ou Nouvelle-Z\u00e9lande\u201d AVI<\/a><\/p>\n<\/div>\n\n\n\n<div class=\"wp-block-column is-layout-flow wp-block-column-is-layout-flow\">\n<h4 class=\"wp-block-heading\"><strong>L\u2019ASSURANCE OPTIONNELLE \u201cRISQUES GRAVES\u201d<\/strong><\/h4>\n\n\n\n<p><strong>Pour les personnes souhaitant une couverture plus \u00e9tendue, nous proposons en option de souscrire une assurance ou option \u201cRisques Graves\u201d (pratique de sports \u00e0 risque). <\/strong><\/p>\n\n\n\n<p>L\u2019extension dite \u201cRisques Graves\u201d vous permet d\u2019\u00eatre couvert notamment pour la pratique de <strong>certaines activit\u00e9s d\u00eetes \u201cviolentes\u201d ou \u201c\u00e0 risque\u201d<\/strong> comme certains sports (sport \u00e0 sensation, sport en comp\u00e9tition, arts martiaux, (football am\u00e9ricain ou encore plong\u00e9e sous-marine).<\/p>\n\n\n\n<p>Une liste des activit\u00e9s couvertes par l\u2019extension \u201cRisques Graves\u201d est disponible ci-dessous.<\/p>\n\n\n\n<p><a class=\"btn large couleur\" href=\"https:\/\/www.calvin-thomas.com\/doc\/CG_AVI.pdf\" target=\"_blank\" rel=\"noreferrer noopener\">Consultez les conditions g\u00e9n\u00e9rales 2021 \u201crisques graves RG Sports\u201d AVI<\/a><\/p>\n\n\n\n<p><a class=\"btn large couleur\" href=\"https:\/\/www.avi-international.biz\/Modules\/AVIModule.aspx?clientid=2199&amp;modid=85c540c0-2027-4565-be38-86ec935a7e5c\" target=\"_blank\" rel=\"noreferrer noopener\" aria-label=\"XXX LIEN (ouverture dans un nouvel onglet)\">Souscrivez \u00e0 l&#8217;assurance \u201crisques graves RG Sports\u201d AVI <\/a><\/p>\n\n\n\n<div style=\"height:30px\" aria-hidden=\"true\" class=\"wp-block-spacer\"><\/div>\n\n\n\n<p class=\"cadre-vert\"><strong>CO\u00dbT DE L\u2019OPTION \u201cRISQUES GRAVES\u201d<\/strong><\/p>\n\n\n\n<ul class=\"cadre-vert\"><li><strong>125\u20ac par mois <\/strong>pour les s\u00e9jours Au Pair Australie, Demi-Pair Australie et Demi-Pair Nouvelle-Z\u00e9lande,<\/li><li><strong>180\u20ac par mois<\/strong> pour le s\u00e9jour Au Pair aux \u00c9tats-unis.<\/li><\/ul>\n<\/div>\n<\/div>\n\n\n<p><\/section>\n\n\n\n<div style=\"height:30px\" aria-hidden=\"true\" class=\"wp-block-spacer\"><\/div>\n","protected":false},"excerpt":{"rendered":"<p>\u00c0 savoir avant le d\u00e9part<\/p>\n<p>Un s\u00e9jour \u00e0 l\u2019\u00e9tranger se pr\u00e9pare en amont. Il implique des d\u00e9marches administratives. Le r\u00f4le de Calvin-Thomas est de vous accompagner \u00e0 chaque \u00e9tape de votre projet. <\/p>\n<p>Il est essentiel pour nous que chacun de nos participants partent avec une couverture m\u00e9dicale adapt\u00e9e \u00e0 son s\u00e9jour, raison pour laquelle une assurance est toujours pr\u00e9vue dans nos services.<\/p>\n<ul class=\"liste-menu\">\n<li><a href=\"#section1\">Passeport &amp; Visa<\/a><\/li>\n<li><a href=\"#section2\">Assurances<\/a><\/li>\n<\/ul>\n<p> <a class=\"btn couleur large\" href=\"https:\/\/www.calvin-thomas.com\/au-pair\/informations-pratiques\/points-pratiques\/\">EN SAVOIR PLUS <\/a><\/p>\n","protected":false},"author":1,"featured_media":172,"parent":56,"menu_order":0,"comment_status":"closed","ping_status":"closed","template":"","meta":{"_uag_custom_page_level_css":"","wp_popup_display_lightbox":0,"wp_popup_suppress":"","wp_popup_trigger":"","wp_popup_trigger_amount":0,"wp_popup_disable_on_mobile":false},"uagb_featured_image_src":{"full":["https:\/\/www.calvin-thomas.com\/au-pair\/wp-content\/uploads\/\/sites\/6\/entete-points-pratiques.jpg",1200,1200,false],"thumbnail":["https:\/\/www.calvin-thomas.com\/au-pair\/wp-content\/uploads\/\/sites\/6\/entete-points-pratiques-150x150.jpg",150,150,true],"medium":["https:\/\/www.calvin-thomas.com\/au-pair\/wp-content\/uploads\/\/sites\/6\/entete-points-pratiques-300x300.jpg",300,300,true],"medium_large":["https:\/\/www.calvin-thomas.com\/au-pair\/wp-content\/uploads\/\/sites\/6\/entete-points-pratiques-768x768.jpg",640,640,true],"large":["https:\/\/www.calvin-thomas.com\/au-pair\/wp-content\/uploads\/\/sites\/6\/entete-points-pratiques-1024x1024.jpg",640,640,true],"1536x1536":["https:\/\/www.calvin-thomas.com\/au-pair\/wp-content\/uploads\/\/sites\/6\/entete-points-pratiques.jpg",1200,1200,false],"2048x2048":["https:\/\/www.calvin-thomas.com\/au-pair\/wp-content\/uploads\/\/sites\/6\/entete-points-pratiques.jpg",1200,1200,false]},"uagb_author_info":{"display_name":"redac-calvinthomas","author_link":"https:\/\/www.calvin-thomas.com\/au-pair\/author\/redac-calvinthomas\/"},"uagb_comment_info":0,"uagb_excerpt":"\u00c0 savoir avant le d\u00e9part Un s\u00e9jour \u00e0 l\u2019\u00e9tranger se pr\u00e9pare en amont. Il implique des d\u00e9marches administratives. Le r\u00f4le de Calvin-Thomas est de vous accompagner \u00e0 chaque \u00e9tape de votre projet. Il est essentiel pour nous que chacun de nos participants partent avec une couverture m\u00e9dicale adapt\u00e9e \u00e0 son s\u00e9jour, raison pour laquelle une\u2026","_links":{"self":[{"href":"https:\/\/www.calvin-thomas.com\/au-pair\/wp-json\/wp\/v2\/pages\/137"}],"collection":[{"href":"https:\/\/www.calvin-thomas.com\/au-pair\/wp-json\/wp\/v2\/pages"}],"about":[{"href":"https:\/\/www.calvin-thomas.com\/au-pair\/wp-json\/wp\/v2\/types\/page"}],"author":[{"embeddable":true,"href":"https:\/\/www.calvin-thomas.com\/au-pair\/wp-json\/wp\/v2\/users\/1"}],"replies":[{"embeddable":true,"href":"https:\/\/www.calvin-thomas.com\/au-pair\/wp-json\/wp\/v2\/comments?post=137"}],"version-history":[{"count":0,"href":"https:\/\/www.calvin-thomas.com\/au-pair\/wp-json\/wp\/v2\/pages\/137\/revisions"}],"up":[{"embeddable":true,"href":"https:\/\/www.calvin-thomas.com\/au-pair\/wp-json\/wp\/v2\/pages\/56"}],"wp:featuredmedia":[{"embeddable":true,"href":"https:\/\/www.calvin-thomas.com\/au-pair\/wp-json\/wp\/v2\/media\/172"}],"wp:attachment":[{"href":"https:\/\/www.calvin-thomas.com\/au-pair\/wp-json\/wp\/v2\/media?parent=137"}],"curies":[{"name":"wp","href":"https:\/\/api.w.org\/{rel}","templated":true}]}}