{"id":267,"date":"2019-04-02T19:59:41","date_gmt":"2019-04-02T17:59:41","guid":{"rendered":"https:\/\/www.calvin-thomas.com\/au-pair\/?page_id=267"},"modified":"2020-09-29T16:14:26","modified_gmt":"2020-09-29T14:14:26","slug":"specialisation-infant-care","status":"publish","type":"page","link":"https:\/\/www.calvin-thomas.com\/au-pair\/specialisation-infant-care\/","title":{"rendered":"La sp\u00e9cialisation \u201cInfant Care\u201d"},"content":{"rendered":"\n<h4 class=\"wp-block-heading\" style=\"text-align:center\"><strong>UNE QUALIFICATION POUR LA GARDE D&#8217;ENFANTS DE MOINS DE 2 ANS AUX \u00c9TATS-UNIS<\/strong><\/h4>\n\n\n\n<div style=\"height:30px\" aria-hidden=\"true\" class=\"wp-block-spacer\"><\/div>\n\n\n\n<p style=\"text-align:center\" class=\"intro content-centrer\"><strong>Dans le cadre du programme \u201cAu Pair aux \u00c9tats-Unis\u201d, les candidates ayant 200 heures d\u2019exp\u00e9rience de garde d\u2019enfants de moins de 2 ans peuvent se pr\u00e9valoir d\u2019une qualification \u201cInfant Care\u201d. Les jeunes filles au pair ayant cette sp\u00e9cialisation sont particuli\u00e8rement recherch\u00e9es par les familles am\u00e9ricaines. Cela constitue un v\u00e9ritable atout pour un placement dans le cadre de la <a href=\"https:\/\/www.calvin-thomas.com\/au-pair\/sejour-au-pair\/au-pair-etats-unis\/\">formule \u201cAu Pair &#8211; \u00c9tats-Unis\u201d<\/a>.<\/strong><\/p>\n\n\n\n<div style=\"height:30px\" aria-hidden=\"true\" class=\"wp-block-spacer\"><\/div>\n\n\n\n<div class=\"wp-block-columns has-2-columns column-centre is-layout-flex wp-container-core-columns-is-layout-1 wp-block-columns-is-layout-flex\">\n<div class=\"wp-block-column is-layout-flow wp-block-column-is-layout-flow\">\n<figure class=\"wp-block-image\"><img loading=\"lazy\" decoding=\"async\" width=\"900\" height=\"849\" src=\"https:\/\/www.calvin-thomas.com\/au-pair\/wp-content\/uploads\/\/sites\/6\/infant-care1.jpg\" alt=\"la qualification \u201cInfant Care\u201d\" class=\"wp-image-665\" srcset=\"https:\/\/www.calvin-thomas.com\/au-pair\/wp-content\/uploads\/\/sites\/6\/infant-care1.jpg 900w, https:\/\/www.calvin-thomas.com\/au-pair\/wp-content\/uploads\/\/sites\/6\/infant-care1-300x283.jpg 300w, https:\/\/www.calvin-thomas.com\/au-pair\/wp-content\/uploads\/\/sites\/6\/infant-care1-768x724.jpg 768w\" sizes=\"(max-width: 900px) 100vw, 900px\" \/><\/figure>\n<\/div>\n\n\n\n<div class=\"wp-block-column is-layout-flow wp-block-column-is-layout-flow\">\n<h2 class=\"wp-block-heading\">Quels atouts pour les jeunes filles qualifi\u00e9es \u201cInfant Care\u201d ?<\/h2>\n\n\n\n<div style=\"height:10px\" aria-hidden=\"true\" class=\"wp-block-spacer\"><\/div>\n\n\n\n<h4 class=\"wp-block-heading\">UN PLACEMENT PLUS RAPIDE<\/h4>\n\n\n\n<p><strong>Les candidates qualifi\u00e9es \u201cInfant Care\u201d sont plac\u00e9es en g\u00e9n\u00e9ral plus facilement&nbsp;(et donc plus rapidement) en famille d&#8217;accueil. <\/strong><\/p>\n\n\n\n<p>Il arrive m\u00eame que certaines familles am\u00e9ricaines recherchent des jeunes filles qualifi\u00e9es \u201cInfant Care\u201d, alors m\u00eame qu&#8217;elles ont des enfants plus \u00e2g\u00e9s, <strong>pr\u00e9f\u00e9rant simplement des Au Pair ayant plus d&#8217;exp\u00e9rience.<\/strong><\/p>\n\n\n\n<div style=\"height:20px\" aria-hidden=\"true\" class=\"wp-block-spacer\"><\/div>\n<\/div>\n<\/div>\n\n\n\n<div class=\"wp-block-columns has-2-columns column-centre is-layout-flex wp-container-core-columns-is-layout-2 wp-block-columns-is-layout-flex\">\n<div class=\"wp-block-column is-layout-flow wp-block-column-is-layout-flow\">\n<figure class=\"wp-block-image\"><img loading=\"lazy\" decoding=\"async\" width=\"900\" height=\"696\" src=\"https:\/\/www.calvin-thomas.com\/au-pair\/wp-content\/uploads\/\/sites\/6\/infant-care2.jpg\" alt=\"jeunes filles au pair USA avec un exp\u00e9rience de garde d'enfants\" class=\"wp-image-667\" srcset=\"https:\/\/www.calvin-thomas.com\/au-pair\/wp-content\/uploads\/\/sites\/6\/infant-care2.jpg 900w, https:\/\/www.calvin-thomas.com\/au-pair\/wp-content\/uploads\/\/sites\/6\/infant-care2-300x232.jpg 300w, https:\/\/www.calvin-thomas.com\/au-pair\/wp-content\/uploads\/\/sites\/6\/infant-care2-768x594.jpg 768w\" sizes=\"(max-width: 900px) 100vw, 900px\" \/><\/figure>\n<\/div>\n\n\n\n<div class=\"wp-block-column is-layout-flow wp-block-column-is-layout-flow\">\n<div style=\"height:20px\" aria-hidden=\"true\" class=\"wp-block-spacer\"><\/div>\n\n\n\n<h4 class=\"wp-block-heading\">UNE EXP\u00c9RIENCE TOUT AUSSI ENRICHISSANTE<\/h4>\n\n\n\n<p>Les candidates \u201cInfant Care\u201d, ont, en plus de leurs contacts r\u00e9guliers avec les jeunes enfants, <strong>de nombreuses occasions de converser avec des adultes<\/strong> (membres de la famille d&#8217;accueil, amis, coordinatrice locale, personnes rencontr\u00e9es en cours, etc.). Cela leur permet ainsi de <strong>faire autant de progr\u00e8s <\/strong>que les candidates en contact avec des enfants plus \u00e2g\u00e9s.&nbsp;<\/p>\n\n\n\n<div style=\"height:20px\" aria-hidden=\"true\" class=\"wp-block-spacer\"><\/div>\n<\/div>\n<\/div>\n\n\n\n<div style=\"height:30px\" aria-hidden=\"true\" class=\"wp-block-spacer\"><\/div>\n\n\n\n<div class=\"wp-block-columns has-2-columns column-centre is-layout-flex wp-container-core-columns-is-layout-3 wp-block-columns-is-layout-flex\">\n<div class=\"wp-block-column is-layout-flow wp-block-column-is-layout-flow\">\n<h2 class=\"wp-block-heading\">Quelle est l&#8217;exp\u00e9rience de garde d&#8217;enfants requise ?<\/h2>\n\n\n\n<p>Afin de pouvoir b\u00e9n\u00e9ficier de cette qualification, les candidates doivent justifier d\u2019<strong>au moins 200 heures d\u2019exp\u00e9rience avec les enfants de moins de 2 ans<\/strong>. <br>Si cette exp\u00e9rience a \u00e9t\u00e9 acquise dans un cadre familial, les candidates peuvent atteindre les 200 heures de garde d\u2019enfants n\u00e9cessaires en ajoutant \u00e0 leur dossier d\u2019inscription des lettres de r\u00e9f\u00e9rence suppl\u00e9mentaires en rapport avec la garde d\u2019enfant en plus des 3 premi\u00e8res obligatoires. Ces lettres suppl\u00e9mentaires peuvent alors provenir de membres de la famille de la candidate.<\/p>\n\n\n\n<p>Calvin-Thomas encourage donc les candidates :<\/p>\n\n\n\n<ul><li><strong>\u00e0 mettre leur exp\u00e9rience de garde d&#8217;enfants en valeur dans leur dossier,<\/strong><\/li><li><strong>\u00e0 bonifier leur exp\u00e9rience en effectuant des gardes de tr\u00e8s jeunes enfants ou des baby-sittings<\/strong> ou des stages en cr\u00e8che, et ce avant de postuler.<\/li><\/ul>\n\n\n\n<p>Pour aider les candidates, Calvin-Thomas a \u00e9galement mis en place <strong>des partenariats avec des agences de baby-sitting, r\u00e9parties sur toute la France. <\/strong>Renseignez-vous !<\/p>\n\n\n\n<p><a class=\"btn couleur large\" href=\"https:\/\/www.calvin-thomas.com\/au-pair\/choisir-son-sejour-au-pair\/famille-accueil-cours-anglais\/#section1\">Voir les partenariats avec des agences de garde d&#8217;enfants<\/a><\/p>\n\n\n\n<div style=\"height:20px\" aria-hidden=\"true\" class=\"wp-block-spacer\"><\/div>\n<\/div>\n\n\n\n<div class=\"wp-block-column is-layout-flow wp-block-column-is-layout-flow\">\n<figure class=\"wp-block-image\"><img loading=\"lazy\" decoding=\"async\" width=\"835\" height=\"1024\" src=\"https:\/\/www.calvin-thomas.com\/au-pair\/wp-content\/uploads\/\/sites\/6\/infant-care3-835x1024.jpg\" alt=\"garde d\u2019enfants et babysitting\" class=\"wp-image-669\" srcset=\"https:\/\/www.calvin-thomas.com\/au-pair\/wp-content\/uploads\/\/sites\/6\/infant-care3-835x1024.jpg 835w, https:\/\/www.calvin-thomas.com\/au-pair\/wp-content\/uploads\/\/sites\/6\/infant-care3-245x300.jpg 245w, https:\/\/www.calvin-thomas.com\/au-pair\/wp-content\/uploads\/\/sites\/6\/infant-care3-768x942.jpg 768w, https:\/\/www.calvin-thomas.com\/au-pair\/wp-content\/uploads\/\/sites\/6\/infant-care3.jpg 900w\" sizes=\"(max-width: 835px) 100vw, 835px\" \/><\/figure>\n<\/div>\n<\/div>\n\n\n\n<p><br><\/p>\n","protected":false},"excerpt":{"rendered":"<p><strong>UNE QUALIFICATION POUR LA GARDE D&#8217;ENFANTS DE MOINS DE 2 ANS AUX \u00c9TATS-UNIS<\/strong><\/p>\n<p style=\"text-align:center\" class=\"intro content-centrer\"><strong>Dans le cadre du programme \u201cAu Pair aux \u00c9tats-Unis\u201d, les candidates ayant 200 heures d\u2019exp\u00e9rience de garde d\u2019enfants de moins de 2 ans peuvent se pr\u00e9valoir d\u2019une qualification \u201cInfant Care\u201d. Les jeunes filles au pair ayant cette sp\u00e9cialisation sont particuli\u00e8rement recherch\u00e9es par les familles am\u00e9ricaines. Cela constitue un v\u00e9ritable atout pour un placement dans le cadre de la <a href=\"https:\/\/www.calvin-thomas.com\/au-pair\/sejour-au-pair\/au-pair-etats-unis\/\">formule \u201cAu Pair &#8211;<\/a><\/strong><\/p>\n<p> <a class=\"btn couleur large\" href=\"https:\/\/www.calvin-thomas.com\/au-pair\/specialisation-infant-care\/\">EN SAVOIR PLUS <\/a><\/p>\n","protected":false},"author":1,"featured_media":661,"parent":0,"menu_order":0,"comment_status":"closed","ping_status":"closed","template":"page-simple.php","meta":{"_uag_custom_page_level_css":"","wp_popup_display_lightbox":0,"wp_popup_suppress":"","wp_popup_trigger":"","wp_popup_trigger_amount":0,"wp_popup_disable_on_mobile":false},"uagb_featured_image_src":{"full":["https:\/\/www.calvin-thomas.com\/au-pair\/wp-content\/uploads\/\/sites\/6\/infant-care.jpg",250,250,false],"thumbnail":["https:\/\/www.calvin-thomas.com\/au-pair\/wp-content\/uploads\/\/sites\/6\/infant-care-150x150.jpg",150,150,true],"medium":["https:\/\/www.calvin-thomas.com\/au-pair\/wp-content\/uploads\/\/sites\/6\/infant-care.jpg",250,250,false],"medium_large":["https:\/\/www.calvin-thomas.com\/au-pair\/wp-content\/uploads\/\/sites\/6\/infant-care.jpg",250,250,false],"large":["https:\/\/www.calvin-thomas.com\/au-pair\/wp-content\/uploads\/\/sites\/6\/infant-care.jpg",250,250,false],"1536x1536":["https:\/\/www.calvin-thomas.com\/au-pair\/wp-content\/uploads\/\/sites\/6\/infant-care.jpg",250,250,false],"2048x2048":["https:\/\/www.calvin-thomas.com\/au-pair\/wp-content\/uploads\/\/sites\/6\/infant-care.jpg",250,250,false]},"uagb_author_info":{"display_name":"redac-calvinthomas","author_link":"https:\/\/www.calvin-thomas.com\/au-pair\/author\/redac-calvinthomas\/"},"uagb_comment_info":0,"uagb_excerpt":"UNE QUALIFICATION POUR LA GARDE D&#8217;ENFANTS DE MOINS DE 2 ANS AUX \u00c9TATS-UNIS Dans le cadre du programme \u201cAu Pair aux \u00c9tats-Unis\u201d, les candidates ayant 200 heures d\u2019exp\u00e9rience de garde d\u2019enfants de moins de 2 ans peuvent se pr\u00e9valoir d\u2019une qualification \u201cInfant Care\u201d. Les jeunes filles au pair ayant cette sp\u00e9cialisation sont particuli\u00e8rement recherch\u00e9es par\u2026","_links":{"self":[{"href":"https:\/\/www.calvin-thomas.com\/au-pair\/wp-json\/wp\/v2\/pages\/267"}],"collection":[{"href":"https:\/\/www.calvin-thomas.com\/au-pair\/wp-json\/wp\/v2\/pages"}],"about":[{"href":"https:\/\/www.calvin-thomas.com\/au-pair\/wp-json\/wp\/v2\/types\/page"}],"author":[{"embeddable":true,"href":"https:\/\/www.calvin-thomas.com\/au-pair\/wp-json\/wp\/v2\/users\/1"}],"replies":[{"embeddable":true,"href":"https:\/\/www.calvin-thomas.com\/au-pair\/wp-json\/wp\/v2\/comments?post=267"}],"version-history":[{"count":0,"href":"https:\/\/www.calvin-thomas.com\/au-pair\/wp-json\/wp\/v2\/pages\/267\/revisions"}],"wp:featuredmedia":[{"embeddable":true,"href":"https:\/\/www.calvin-thomas.com\/au-pair\/wp-json\/wp\/v2\/media\/661"}],"wp:attachment":[{"href":"https:\/\/www.calvin-thomas.com\/au-pair\/wp-json\/wp\/v2\/media?parent=267"}],"curies":[{"name":"wp","href":"https:\/\/api.w.org\/{rel}","templated":true}]}}