{"id":285,"date":"2019-04-08T19:04:31","date_gmt":"2019-04-08T17:04:31","guid":{"rendered":"https:\/\/www.calvin-thomas.com\/au-pair\/?page_id=285"},"modified":"2025-07-09T21:54:10","modified_gmt":"2025-07-09T19:54:10","slug":"page-daccueil","status":"publish","type":"page","link":"https:\/\/www.calvin-thomas.com\/au-pair\/","title":{"rendered":"Page d&#8217;accueil"},"content":{"rendered":"<form data-sf-form-id='484' data-is-rtl='0' data-maintain-state='' data-results-url='https:\/\/www.calvin-thomas.com\/au-pair\/?sfid=484' data-ajax-url='https:\/\/www.calvin-thomas.com\/au-pair\/?sfid=484&amp;sf_data=results' data-ajax-form-url='https:\/\/www.calvin-thomas.com\/au-pair\/?sfid=484&amp;sf_action=get_data&amp;sf_data=form' data-display-result-method='archive' data-use-history-api='1' data-template-loaded='0' data-lang-code='fr' data-ajax='1' data-ajax-data-type='html' data-ajax-links-selector='.pagination a' data-ajax-target='#main' data-ajax-pagination-type='normal' data-update-ajax-url='1' data-only-results-ajax='1' data-scroll-to-pos='0' data-init-paged='1' data-auto-update='1' action='https:\/\/www.calvin-thomas.com\/au-pair\/?sfid=484' method='post' class='searchandfilter' id='search-filter-form-484' autocomplete='off' data-instance-count='1'><ul><li class=\"sf-field-taxonomy-pays\" data-sf-field-name=\"_sft_pays\" data-sf-field-type=\"taxonomy\" data-sf-field-input-type=\"select\">\t\t<label>\n\t\t\t\t   \t\t<select name=\"_sft_pays[]\" class=\"sf-input-select\" title=\"\">\n\t\t\t\t\t\t  \t\t\t<option class=\"sf-level-0 sf-item-0 sf-option-active\" selected=\"selected\" data-sf-count=\"0\" data-sf-depth=\"0\" value=\"\">Tous les pays<\/option>\n\t\t\t\t\t\t\t\t\t\t\t<option class=\"sf-level-0 sf-item-6\" data-sf-count=\"2\" data-sf-depth=\"0\" value=\"australie\">Australie&nbsp;&nbsp;(2)<\/option>\n\t\t\t\t\t\t\t\t\t\t\t<option class=\"sf-level-0 sf-item-3\" data-sf-count=\"1\" data-sf-depth=\"0\" value=\"etats-unis\">\u00c9tats-Unis&nbsp;&nbsp;(1)<\/option>\n\t\t\t\t\t\t\t\t\t\t\t<option class=\"sf-level-0 sf-item-7\" data-sf-count=\"1\" data-sf-depth=\"0\" value=\"nouvelle-zelande\">Nouvelle-Z\u00e9lande&nbsp;&nbsp;(1)<\/option>\n\t\t\t\t\t\t\t\t\t\t\t<\/select><\/label>\t\t\t\t\t\t\t\t\t\t<\/li><li class=\"sf-field-taxonomy-formules\" data-sf-field-name=\"_sft_formules\" data-sf-field-type=\"taxonomy\" data-sf-field-input-type=\"select\">\t\t<label>\n\t\t\t\t   \t\t<select name=\"_sft_formules[]\" class=\"sf-input-select\" title=\"\">\n\t\t\t\t\t\t  \t\t\t<option class=\"sf-level-0 sf-item-0 sf-option-active\" selected=\"selected\" data-sf-count=\"0\" data-sf-depth=\"0\" value=\"\">Toutes les formules<\/option>\n\t\t\t\t\t\t\t\t\t\t\t<option class=\"sf-level-0 sf-item-4\" data-sf-count=\"2\" data-sf-depth=\"0\" value=\"au-pair\">Au Pair&nbsp;&nbsp;(2)<\/option>\n\t\t\t\t\t\t\t\t\t\t\t<option class=\"sf-level-0 sf-item-5\" data-sf-count=\"2\" data-sf-depth=\"0\" value=\"demi-pair\">Demi-Pair&nbsp;&nbsp;(2)<\/option>\n\t\t\t\t\t\t\t\t\t\t\t<\/select><\/label>\t\t\t\t\t\t\t\t\t\t<\/li><\/ul><\/form>\n\n\n\n<div class=\"wp-block-column is-layout-flow wp-block-column-is-layout-flow\">\n<div style=\"height:20px\" aria-hidden=\"true\" class=\"wp-block-spacer\"><\/div>\n<\/div>\n\n\n\n<p style=\"text-align:center;margin:0!important\">RETROUVEZ-NOUS SUR<\/p>\n\n\n\n<div style=\"display: flex; justify-content: center; margin-bottom:15px\">\n<p style=\"text-align: center;\"><a href=\"https:\/\/www.facebook.com\/CalvinThomasOrg\" target=\"_blank\" rel=\"noopener\"><img loading=\"lazy\" decoding=\"async\" class=\"size-full wp-image-544 alignleft\" src=\"https:\/\/www.calvin-thomas.com\/highschool\/wp-content\/uploads\/\/sites\/4\/logo-facebook.png\" alt=\"Facebook Calvin-Thomas\" width=\"50\" height=\"50\"><\/a> <a href=\"https:\/\/twitter.com\/CalvinThomasOrg\" target=\"_blank\" rel=\"noopener\"><img loading=\"lazy\" decoding=\"async\" class=\"size-full wp-image-545 alignleft\" src=\"https:\/\/www.calvin-thomas.com\/highschool\/wp-content\/uploads\/\/sites\/4\/logo-twitter.png\" alt=\"Twitter Calvin-Thomas\" width=\"50\" height=\"50\"><\/a> <a href=\"https:\/\/www.youtube.com\/user\/CalvinThomasOrg\" target=\"_blank\" rel=\"noopener\"><img loading=\"lazy\" decoding=\"async\" class=\"alignleft size-full wp-image-546\" src=\"https:\/\/www.calvin-thomas.com\/highschool\/wp-content\/uploads\/\/sites\/4\/logo-youtube.png\" alt=\"Youtube Calvin-Thomas\" width=\"50\" height=\"50\"><\/a> <a href=\"https:\/\/www.instagram.com\/calvinthomasfrance\/?hl=fr\" target=\"_blank\" rel=\"noopener\"><img loading=\"lazy\" decoding=\"async\" class=\"alignleft size-full wp-image-547\" src=\"https:\/\/www.calvin-thomas.com\/highschool\/wp-content\/uploads\/\/sites\/4\/logo-instagram.png\" alt=\"Instagram Calvin-Thomas\" width=\"50\" height=\"50\"><\/a><\/p>\n<\/div>\n\n\n\n\n<div class=\"wp-block-column is-layout-flow wp-block-column-is-layout-flow\">\n<div style=\"height:30px\" aria-hidden=\"true\" class=\"wp-block-spacer\"><\/div>\n\n\n\n<div class=\"wp-block-uagb-container uagb-block-471dda39 default uagb-is-root-container\">\n<div class=\"cadrenoedumaine\">\n\n\n\n<div class=\"wp-block-uagb-container uagb-block-68d94e65\">\n<div style=\"height:10px\" aria-hidden=\"true\" class=\"wp-block-spacer\"><\/div>\n\n\n\n<figure class=\"wp-block-image size-full is-resized\"><img decoding=\"async\" src=\"https:\/\/www.calvin-thomas.com\/wp-content\/uploads\/\/graphisme-noe.webp\" alt=\"\" class=\"wp-image-1024\" style=\"width:100px\"\/><\/figure>\n\n\n<div class=\"wp-block-image is-style-default noedumaine\">\n<figure class=\"aligncenter size-full\"><img decoding=\"async\" src=\"https:\/\/www.calvin-thomas.com\/wp-content\/uploads\/\/noe-dumaine.webp\" alt=\"No\u00e9 Dumaine\" class=\"wp-image-1023\"\/><\/figure><\/div>\n\n\n<p class=\"has-text-align-center margin0 has-white-color has-text-color has-link-color wp-elements-d551997f57fd89a8df2e4191419de909\" style=\"font-size:18px\">CHAMPION FRAN\u00c7AIS DE WASZP<br>PORTE HAUT NOS COULEURS<\/p>\n\n\n\n<p class=\"has-text-align-center has-white-color has-text-color has-link-color wp-elements-73cf583f6463762049be9f2d90cb89e3\" style=\"font-size:13px\">Il a particip\u00e9 aux Championnats de France du 3 au 9 juillet \u00e0 Carnac et participera aux championnats du monde du 18 au 27 juillet \u00e0 Weymouth (UK).<\/p>\n\n\n\n<div class=\"wp-block-buttons is-content-justification-center is-layout-flex wp-container-core-buttons-is-layout-1 wp-block-buttons-is-layout-flex\">\n<div class=\"wp-block-button has-custom-font-size\" style=\"font-size:14px\"><a class=\"wp-block-button__link has-background has-text-align-center wp-element-button\" href=\"https:\/\/www.calvin-thomas.com\/le-blog\/championnat-de-france-waszp-2025-avec-noe-dumaine-cap-sur-les-sommets-%e2%9b%b5%ef%b8%8f%f0%9f%94%a5\/\" style=\"background-color:#e22524\">Retrouvez les r\u00e9actions de No\u00e9<\/a><\/div>\n<\/div>\n\n\n\n<div style=\"height:20px\" aria-hidden=\"true\" class=\"wp-block-spacer\"><\/div>\n<\/div>\n\n\n\n<div class=\"wp-block-uagb-container uagb-block-8aef3c5d\">\n<div class=\"wp-block-uagb-slider uagb-block-3c6c51fd uagb-slider-container\"><div class=\"uagb-slides uagb-swiper\"><div class=\"swiper-wrapper\">\n<div class=\"wp-block-uagb-slider-child uagb-slider-child-wrap swiper-slide uagb-block-d609f1c7\"><div class=\"swiper-content\">\n<div class=\"wp-block-uagb-container uagb-block-fcc49f62\">\n<figure class=\"wp-block-image size-full\"><img decoding=\"async\" src=\"https:\/\/www.calvin-thomas.com\/wp-content\/uploads\/\/photo-noe1ok.webp\" alt=\"sponsor de No\u00e9 Dumaine\" class=\"wp-image-1059\"\/><\/figure>\n<\/div>\n<\/div><\/div>\n\n\n\n<div class=\"wp-block-uagb-slider-child uagb-slider-child-wrap swiper-slide uagb-block-8984bc37\"><div class=\"swiper-content\">\n<div class=\"wp-block-uagb-container uagb-block-9a5108d8\">\n<figure class=\"wp-block-image size-full\"><img decoding=\"async\" src=\"https:\/\/www.calvin-thomas.com\/wp-content\/uploads\/\/photo-noe2ok.webp\" alt=\"No\u00e9 Dumaine et Calvin-Thomas\" class=\"wp-image-1079\"\/><\/figure>\n<\/div>\n<\/div><\/div>\n<\/div><\/div><div class=\"swiper-pagination\"><\/div><\/div>\n<\/div>\n\n\n\n<\/div><style>.noedumaine{margin:0 0 -30px!important;}.cadrenoedumaine{max-width:1100px; border-radius:20px; background: linear-gradient(0deg,rgb(44,55,107) 0%,rgb(115,197,232) 100%)}@media screen and (min-width: 767px) {.cadrenoedumaine{display:flex}}.uagb-block-8aef3c5d, .uagb-block-68d94e65, uagb-block-fcc49f62, .uagb-block-9a5108d8{padding-top:0 !important;padding-bottom:0 !important}<\/style>\n<\/div>\n<\/div>\n\n\n\n<div style=\"height:90px\" aria-hidden=\"true\" class=\"wp-block-spacer\"><\/div>\n\n\n\n\n<div class=\"wp-block-column is-layout-flow wp-block-column-is-layout-flow\">\n<div class=\"wp-block-columns has-2-columns column-centre centrer-hauteur is-layout-flex wp-container-core-columns-is-layout-1 wp-block-columns-is-layout-flex\">\n<div class=\"wp-block-column is-layout-flow wp-block-column-is-layout-flow\"><div class=\"wp-block-image\">\n<figure class=\"aligncenter\"><img loading=\"lazy\" decoding=\"async\" width=\"730\" height=\"1024\" src=\"https:\/\/www.calvin-thomas.com\/au-pair\/wp-content\/uploads\/\/sites\/6\/sejour-au-pair-730x1024.jpg\" alt=\"Un s\u00e9jour au Pair dans un pays anglophone avec Calvin-Thomas\" class=\"wp-image-309\" srcset=\"https:\/\/www.calvin-thomas.com\/au-pair\/wp-content\/uploads\/\/sites\/6\/sejour-au-pair-730x1024.jpg 730w, https:\/\/www.calvin-thomas.com\/au-pair\/wp-content\/uploads\/\/sites\/6\/sejour-au-pair-214x300.jpg 214w, https:\/\/www.calvin-thomas.com\/au-pair\/wp-content\/uploads\/\/sites\/6\/sejour-au-pair-768x1078.jpg 768w, https:\/\/www.calvin-thomas.com\/au-pair\/wp-content\/uploads\/\/sites\/6\/sejour-au-pair.jpg 855w\" sizes=\"(max-width: 730px) 100vw, 730px\" \/><\/figure><\/div><\/div>\n\n\n\n<div class=\"wp-block-column is-layout-flow wp-block-column-is-layout-flow\">\n<div style=\"height:30px\" aria-hidden=\"true\" class=\"wp-block-spacer\"><\/div>\n\n\n\n<h2 class=\"wp-block-heading\"><strong>Partir comme fille Au Pair<\/strong> avec Calvin-Thomas<\/h2>\n\n\n\n<div style=\"height:20px\" aria-hidden=\"true\" class=\"wp-block-spacer\"><\/div>\n\n\n\n<p>L\u2019esprit du programme Au pair pourrait se r\u00e9sumer comme un <strong>\u201cv\u00e9ritable \u00e9change\u201d<\/strong>&nbsp;! En effet, devenir fille au pair c\u2019est une <strong>aventure humaine<\/strong>, une <strong>plong\u00e9e dans le monde anglo-saxon<\/strong> et la <strong>meilleure des formations en anglais<\/strong>. <br>Partir comme gar\u00e7on ou fille Au Pair, c\u2019est \u00e0 la fois un <strong>engagement<\/strong> et une <strong>formation<\/strong>.<\/p>\n\n\n\n<p>Avec notre programme, vous avez  l&#8217;<strong>opportunit\u00e9 de s\u00e9journer et d\u2019\u00e9tudier aux USA, en Australie ou en Nouvelle-Z\u00e9lande. <\/strong><br>Vous allez pouvoir partager la vie d\u2019une famille anglo-saxonne,<strong> d\u00e9couvrir la culture d\u2019un pays<\/strong> en son c\u0153ur, apprendre \u00e0 parler couramment l\u2019anglais. En \u00e9change, la famille qui vous recevra comptera sur vous au quotidien pour <strong>prendre soin de leur(s) enfant(s). <\/strong><\/p>\n\n\n\n<p>Gr\u00e2ce \u00e0 Calvin-Thomas, vous pouvez envisager un s\u00e9jour qui se d\u00e9roule <strong>dans la plus stricte l\u00e9galit\u00e9 et en toute s\u00e9curit\u00e9. <\/strong><\/p>\n\n\n\n<p>La fonction de notre organisme est de vous s\u00e9lectionner et de <strong>vous pr\u00e9parer \u00e0 ce s\u00e9jour au pair<\/strong>. De leur c\u00f4t\u00e9, nos partenaires \u00e0 l\u2019\u00e9tranger <strong>s\u00e9lectionnent et pr\u00e9parent les familles d&#8217;accueil<\/strong> mais assurent surtout un r\u00f4le de <strong>suivi une fois sur place<\/strong>. Cette double s\u00e9lection-pr\u00e9paration offre, \u00e0 chacune des parties, des garanties quant au d\u00e9roulement du s\u00e9jour. <\/p>\n\n\n\n<div style=\"height:50px\" aria-hidden=\"true\" class=\"wp-block-spacer\"><\/div>\n<\/div>\n<\/div>\n\n\n\n<div style=\"height:50px\" aria-hidden=\"true\" class=\"wp-block-spacer\"><\/div>\n\n\n\n<h2 class=\"wp-block-heading has-text-align-center centrer\">Devenir fille au pair<br><strong>dans une de nos 3 destinations&#8230;<\/strong><\/h2>\n\n\n\n<div style=\"height:50px\" aria-hidden=\"true\" class=\"wp-block-spacer\"><\/div>\n\n\n\n<div class=\"wp-block-columns has-3-columns is-layout-flex wp-container-core-columns-is-layout-2 wp-block-columns-is-layout-flex\">\n<div class=\"wp-block-column is-layout-flow wp-block-column-is-layout-flow\">\n<figure class=\"wp-block-image destinations\"><a href=\"https:\/\/www.calvin-thomas.com\/au-pair\/pays\/etats-unis\/\"><img loading=\"lazy\" decoding=\"async\" width=\"600\" height=\"400\" src=\"https:\/\/www.calvin-thomas.com\/au-pair\/wp-content\/uploads\/\/sites\/6\/usa.jpg\" alt=\"Devenir fille au pair aux \u00c9tats-Unis\" class=\"wp-image-314\" srcset=\"https:\/\/www.calvin-thomas.com\/au-pair\/wp-content\/uploads\/\/sites\/6\/usa.jpg 600w, https:\/\/www.calvin-thomas.com\/au-pair\/wp-content\/uploads\/\/sites\/6\/usa-300x200.jpg 300w\" sizes=\"(max-width: 600px) 100vw, 600px\" \/><\/a><figcaption class=\"wp-element-caption\">\u00c9tats-Unis<\/figcaption><\/figure>\n<\/div>\n\n\n\n<div class=\"wp-block-column is-layout-flow wp-block-column-is-layout-flow\">\n<figure class=\"wp-block-image destinations\"><a href=\"https:\/\/www.calvin-thomas.com\/au-pair\/pays\/australie\/\"><img loading=\"lazy\" decoding=\"async\" width=\"600\" height=\"400\" src=\"https:\/\/www.calvin-thomas.com\/au-pair\/wp-content\/uploads\/\/sites\/6\/australie.jpg\" alt=\"Programme Au pair Australie\" class=\"wp-image-315\" srcset=\"https:\/\/www.calvin-thomas.com\/au-pair\/wp-content\/uploads\/\/sites\/6\/australie.jpg 600w, https:\/\/www.calvin-thomas.com\/au-pair\/wp-content\/uploads\/\/sites\/6\/australie-300x200.jpg 300w\" sizes=\"(max-width: 600px) 100vw, 600px\" \/><\/a><figcaption class=\"wp-element-caption\">Australie<\/figcaption><\/figure>\n<\/div>\n\n\n\n<div class=\"wp-block-column is-layout-flow wp-block-column-is-layout-flow\">\n<figure class=\"wp-block-image destinations\"><a href=\"https:\/\/www.calvin-thomas.com\/au-pair\/pays\/nouvelle-zelande\/\"><img loading=\"lazy\" decoding=\"async\" width=\"600\" height=\"400\" src=\"https:\/\/www.calvin-thomas.com\/au-pair\/wp-content\/uploads\/\/sites\/6\/nouvelle-zelande.jpg\" alt=\"S\u00e9jours Au pair en Nouvelle-Z\u00e9lande\" class=\"wp-image-313\" srcset=\"https:\/\/www.calvin-thomas.com\/au-pair\/wp-content\/uploads\/\/sites\/6\/nouvelle-zelande.jpg 600w, https:\/\/www.calvin-thomas.com\/au-pair\/wp-content\/uploads\/\/sites\/6\/nouvelle-zelande-300x200.jpg 300w\" sizes=\"(max-width: 600px) 100vw, 600px\" \/><\/a><figcaption class=\"wp-element-caption\">Nouvelle-Z\u00e9lande<\/figcaption><\/figure>\n<\/div>\n<\/div>\n<\/div>\n\n\n\n<div style=\"height:100px\" aria-hidden=\"true\" class=\"wp-block-spacer\"><\/div>\n\n\n\n<h2 class=\"wp-block-heading has-text-align-center content-centrer centrer\"><strong>Votre s\u00e9jour en tant que fille au pair<\/strong> <br> commence ici, avec Calvin-Thomas<\/h2>\n\n\n\n<div style=\"height:50px\" aria-hidden=\"true\" class=\"wp-block-spacer\"><\/div>\n\n\n\n<p class=\"has-text-align-center content-centrer\"><strong>Depuis bient\u00f4t 30 ans, Calvin-Thomas accompagne ceux qui souhaitent partir au pair aux \u00c9tats-Unis puis d\u00e9sormais en Australie et en Nouvelle-Z\u00e9lande. <\/strong><\/p>\n\n\n\n<div style=\"height:30px\" aria-hidden=\"true\" class=\"wp-block-spacer\"><\/div>\n\n\n\n<div class=\"wp-block-columns has-2-columns column-centre is-layout-flex wp-container-core-columns-is-layout-3 wp-block-columns-is-layout-flex\">\n<div class=\"wp-block-column is-layout-flow wp-block-column-is-layout-flow\">\n<h3 class=\"wp-block-heading\">Une immersion dans une famille anglophone&#8230;<\/h3>\n\n\n\n<p>En participant au programme au pair, vous optez pour l\u2019immersion au sein d\u2019une famille am\u00e9ricaine, australienne ou n\u00e9o-z\u00e9landaise. Ce mode d\u2019int\u00e9gration a de nombreux avantages : il est efficace du point de vue culturel et linguistique, humainement chaleureux, et particuli\u00e8rement rassurant. <\/p>\n\n\n\n<p>L\u2019\u00e9change Au Pair ne peut \u00eatre compar\u00e9 \u00e0 rien d\u2019autre. Vous \u00eates \u00e0 la fois la grande s\u0153ur \/ le grand fr\u00e8re, la nounou, l\u2019ami(e). Concr\u00e8tement, votre famille d\u2019accueil compte sur vous pour que vous vous occupiez de ses enfants, que vous leur apportiez s\u00e9curit\u00e9 et amour. Si ce type de relation est exigeant, il apporte, en retour, \u00e9norm\u00e9ment&#8230;<\/p>\n<\/div>\n\n\n\n<div class=\"wp-block-column is-layout-flow wp-block-column-is-layout-flow\">\n<h3 class=\"wp-block-heading\">&#8230; associ\u00e9e avec une formation en anglais<\/h3>\n\n\n\n<p>Les programmes Au Pair de Calvin-Thomas offrent un cadre id\u00e9al pour apprendre l\u2019anglais. En plus de la pratique quotidienne (en famille et en soci\u00e9t\u00e9), il peut \u00eatre possible de suivre des cours d\u2019anglais. <\/p>\n\n\n\n<p>Ceux-ci diff\u00e8rent nettement selon les formules. De 75 heures par an (soit 6 \u201cCr\u00e9dits\u201d) dans un \u00e9tablissement d\u2019enseignement de votre choix pour la formule Au Pair aux USA, \u00e0 15 heures ou m\u00eame 20 heures de cours par semaine en \u00e9cole de langue pour la formule Demi Pair, un s\u00e9jour au pair permet de r\u00e9aliser des progr\u00e8s spectaculaires en anglais !<\/p>\n<\/div>\n<\/div>\n\n\n<p><!-- \/wp:column --><\/p>\n<p><!-- wp:column --><\/p>\n<div class=\"wp-block-column\"><!-- wp:image {\"id\":129,\"align\":\"full\"} --><\/p>\n<figure class=\"wp-block-image alignfull\"><img decoding=\"async\" class=\"wp-image-129\" src=\"https:\/\/www.calvin-thomas.com\/au-pair\/wp-content\/uploads\/\/sites\/6\/fille-au-pair.jpg\" alt=\"S\u00e9jour Au Pair \u00e0 l'\u00e9tranger\"><\/figure>\n<p><!-- \/wp:image --><\/p>\n<\/div>","protected":false},"excerpt":{"rendered":"<p style=\"text-align:center;margin:0!important\">RETROUVEZ-NOUS SUR<\/p>\n<p style=\"text-align: center;\"><a href=\"https:\/\/www.facebook.com\/CalvinThomasOrg\" target=\"_blank\" rel=\"noopener\"><\/a> <a href=\"https:\/\/twitter.com\/CalvinThomasOrg\" target=\"_blank\" rel=\"noopener\"><\/a> <a href=\"https:\/\/www.youtube.com\/user\/CalvinThomasOrg\" target=\"_blank\" rel=\"noopener\"><\/a> <a href=\"https:\/\/www.instagram.com\/calvinthomasfrance\/?hl=fr\" target=\"_blank\" rel=\"noopener\"><\/a><\/p>\n<p class=\"has-text-align-center margin0 has-white-color has-text-color has-link-color wp-elements-d551997f57fd89a8df2e4191419de909\" style=\"font-size:18px\">CHAMPION FRAN\u00c7AIS DE WASZP<br \/>PORTE HAUT NOS COULEURS<\/p>\n<p class=\"has-text-align-center has-white-color has-text-color has-link-color wp-elements-73cf583f6463762049be9f2d90cb89e3\" style=\"font-size:13px\">Il a particip\u00e9 aux Championnats de France du 3 au 9 juillet \u00e0 Carnac et participera aux championnats du monde du 18 au 27 juillet \u00e0 Weymouth (UK).<\/p>\n<p><a class=\"wp-block-button__link has-background has-text-align-center wp-element-button\" href=\"https:\/\/www.calvin-thomas.com\/le-blog\/championnat-de-france-waszp-2025-avec-noe-dumaine-cap-sur-les-sommets-%e2%9b%b5%ef%b8%8f%f0%9f%94%a5\/\" style=\"background-color:#e22524\">Retrouvez les r\u00e9actions de No\u00e9<\/a><\/p>\n<style>.noedumaine{margin:0 0 -30px!important;}.cadrenoedumaine{max-width:1100px; border-radius:20px; background: linear-gradient(0deg,rgb(44,55,107) 0%,rgb(115,197,232) 100%)}@media screen and (min-width: 767px) {.cadrenoedumaine{display:flex}}.uagb-block-8aef3c5d,<\/style>\n<p> <a class=\"btn couleur large\" href=\"https:\/\/www.calvin-thomas.com\/au-pair\/\">EN SAVOIR PLUS <\/a><\/p>\n","protected":false},"author":1,"featured_media":257,"parent":0,"menu_order":0,"comment_status":"closed","ping_status":"closed","template":"page-homepage.php","meta":{"_uag_custom_page_level_css":"","wp_popup_display_lightbox":0,"wp_popup_suppress":"","wp_popup_trigger":"","wp_popup_trigger_amount":0,"wp_popup_disable_on_mobile":false},"uagb_featured_image_src":{"full":["https:\/\/www.calvin-thomas.com\/au-pair\/wp-content\/uploads\/\/sites\/6\/entete-au-pair.jpg",1280,856,false],"thumbnail":["https:\/\/www.calvin-thomas.com\/au-pair\/wp-content\/uploads\/\/sites\/6\/entete-au-pair-150x150.jpg",150,150,true],"medium":["https:\/\/www.calvin-thomas.com\/au-pair\/wp-content\/uploads\/\/sites\/6\/entete-au-pair-300x201.jpg",300,201,true],"medium_large":["https:\/\/www.calvin-thomas.com\/au-pair\/wp-content\/uploads\/\/sites\/6\/entete-au-pair-768x514.jpg",640,428,true],"large":["https:\/\/www.calvin-thomas.com\/au-pair\/wp-content\/uploads\/\/sites\/6\/entete-au-pair-1024x685.jpg",640,428,true],"1536x1536":["https:\/\/www.calvin-thomas.com\/au-pair\/wp-content\/uploads\/\/sites\/6\/entete-au-pair.jpg",1280,856,false],"2048x2048":["https:\/\/www.calvin-thomas.com\/au-pair\/wp-content\/uploads\/\/sites\/6\/entete-au-pair.jpg",1280,856,false]},"uagb_author_info":{"display_name":"redac-calvinthomas","author_link":"https:\/\/www.calvin-thomas.com\/au-pair\/author\/redac-calvinthomas\/"},"uagb_comment_info":0,"uagb_excerpt":"RETROUVEZ-NOUS SUR CHAMPION FRAN\u00c7AIS DE WASZPPORTE HAUT NOS COULEURS Il a particip\u00e9 aux Championnats de France du 3 au 9 juillet \u00e0 Carnac et participera aux championnats du monde du 18 au 27 juillet \u00e0 Weymouth (UK). Retrouvez les r\u00e9actions de No\u00e9 EN SAVOIR PLUS","_links":{"self":[{"href":"https:\/\/www.calvin-thomas.com\/au-pair\/wp-json\/wp\/v2\/pages\/285"}],"collection":[{"href":"https:\/\/www.calvin-thomas.com\/au-pair\/wp-json\/wp\/v2\/pages"}],"about":[{"href":"https:\/\/www.calvin-thomas.com\/au-pair\/wp-json\/wp\/v2\/types\/page"}],"author":[{"embeddable":true,"href":"https:\/\/www.calvin-thomas.com\/au-pair\/wp-json\/wp\/v2\/users\/1"}],"replies":[{"embeddable":true,"href":"https:\/\/www.calvin-thomas.com\/au-pair\/wp-json\/wp\/v2\/comments?post=285"}],"version-history":[{"count":2,"href":"https:\/\/www.calvin-thomas.com\/au-pair\/wp-json\/wp\/v2\/pages\/285\/revisions"}],"predecessor-version":[{"id":2180,"href":"https:\/\/www.calvin-thomas.com\/au-pair\/wp-json\/wp\/v2\/pages\/285\/revisions\/2180"}],"wp:featuredmedia":[{"embeddable":true,"href":"https:\/\/www.calvin-thomas.com\/au-pair\/wp-json\/wp\/v2\/media\/257"}],"wp:attachment":[{"href":"https:\/\/www.calvin-thomas.com\/au-pair\/wp-json\/wp\/v2\/media?parent=285"}],"curies":[{"name":"wp","href":"https:\/\/api.w.org\/{rel}","templated":true}]}}