{"id":336,"date":"2019-04-16T18:22:49","date_gmt":"2019-04-16T16:22:49","guid":{"rendered":"https:\/\/www.calvin-thomas.com\/au-pair\/?page_id=336"},"modified":"2019-07-12T15:52:29","modified_gmt":"2019-07-12T13:52:29","slug":"7-raisons-devenir-au-pair-ou-demi-pair","status":"publish","type":"page","link":"https:\/\/www.calvin-thomas.com\/au-pair\/choisir-son-sejour-au-pair\/7-raisons-devenir-au-pair-ou-demi-pair\/","title":{"rendered":"Pourquoi devenir au pair ou demi pair ?"},"content":{"rendered":"\n<div style=\"height:50px\" aria-hidden=\"true\" class=\"wp-block-spacer\"><\/div>\n\n\n\n<div class=\"wp-block-columns has-2-columns column-centre is-layout-flex wp-container-core-columns-is-layout-1 wp-block-columns-is-layout-flex\">\n<div class=\"wp-block-column is-layout-flow wp-block-column-is-layout-flow\">\n<h2 class=\"wp-block-heading\">La combinaison parfaite<\/h2>\n\n\n\n<p>Vous  souhaitez partir loin et longtemps mais vous avez un petit budget&nbsp;?  Vous aimez les enfants ? Vous souhaitez vous immerger dans la langue  anglaise, vivre et partagez le quotidien d\u2019une famille&nbsp;mais souhaitez \u00eatre r\u00e9mun\u00e9r\u00e9s&nbsp;?<\/p>\n\n\n\n<p>Vous h\u00e9sitez encore&nbsp;? &nbsp;Voici pourquoi le programme Au Pair est fait pour vous&nbsp;! <\/p>\n<\/div>\n\n\n\n<div class=\"wp-block-column is-layout-flow wp-block-column-is-layout-flow\">\n<ul class=\"liste-menu\"><li><a href=\"#section1\">5 bonnes raisons de franchir le pas<\/a><\/li><li><a href=\"#section2\">Pourquoi choisir Calvin-Thomas ?<\/a><\/li><\/ul>\n\n\n\n<p><\/p>\n<\/div>\n<\/div>\n\n\n\n<div style=\"height:50px\" aria-hidden=\"true\" class=\"wp-block-spacer\"><\/div>\n\n\n\n<div style=\"height:50px\" aria-hidden=\"true\" class=\"wp-block-spacer\"><\/div>\n\n\n<section class=\"section-beige\"><\/p>\n\n\n\n<div class=\"wp-block-columns has-2-columns column-centre align-bas-hauteur is-layout-flex wp-container-core-columns-is-layout-2 wp-block-columns-is-layout-flex\">\n<div class=\"wp-block-column is-layout-flow wp-block-column-is-layout-flow\">\n<p class=\"sub-title\"><strong>POURQUOI CHOISIR UNE FORMULE AU PAIR ?<\/strong><\/p>\n\n\n\n<h3 class=\"wp-block-heading\" id=\"section1\">5 bonnes raisons de franchir le pas<\/h3>\n\n\n\n<p><strong>Les formules Au Pair pr\u00e9sentent de tr\u00e8s nombreux avantages. Gardez en t\u00eate que votre r\u00f4le en tant que personne Au Pair ou Demi Pair sera \u00e9videmment  de veiller au bien-\u00eatre des enfants dont vous aurez la garde. Le crit\u00e8re premier pour participer \u00e0 ce  type de s\u00e9jour est donc d\u2019aimer les enfants&nbsp;! <\/strong><\/p>\n<\/div>\n\n\n\n<div class=\"wp-block-column is-layout-flow wp-block-column-is-layout-flow\">\n<figure class=\"wp-block-image\"><img loading=\"lazy\" decoding=\"async\" width=\"954\" height=\"630\" src=\"https:\/\/www.calvin-thomas.com\/au-pair\/wp-content\/uploads\/\/sites\/6\/pourquoi-fille-au-pair.jpg\" alt=\"Pourquoi devenir au pair ?\" class=\"wp-image-515\" srcset=\"https:\/\/www.calvin-thomas.com\/au-pair\/wp-content\/uploads\/\/sites\/6\/pourquoi-fille-au-pair.jpg 954w, https:\/\/www.calvin-thomas.com\/au-pair\/wp-content\/uploads\/\/sites\/6\/pourquoi-fille-au-pair-300x198.jpg 300w, https:\/\/www.calvin-thomas.com\/au-pair\/wp-content\/uploads\/\/sites\/6\/pourquoi-fille-au-pair-768x507.jpg 768w\" sizes=\"(max-width: 954px) 100vw, 954px\" \/><\/figure>\n<\/div>\n<\/div>\n\n\n\n<div style=\"height:50px\" aria-hidden=\"true\" class=\"wp-block-spacer\"><\/div>\n\n\n\n<ul class=\"timeline\"><li><h4>Vous d\u00e9sirez \u00e9largir votre horizon culturel, d\u00e9couvrir un autre pays et d\u2019autres coutumes, exp\u00e9rimenter un quotidien diff\u00e9rent<\/h4><br>En vivant \u00e0 l\u2019\u00e9tranger sur une p\u00e9riode assez longue, vous allez \u201cgrandir\u201d \u00e0 l\u2019\u00e9tranger et rentrer en France riche de toutes ces exp\u00e9riences. En partant plusieurs mois, voire plusieurs ann\u00e9es, et en vivant cette exp\u00e9rience hors du commun, vous allez forc\u00e9ment en revenir grandi et chang\u00e9. Vous allez gagner en exp\u00e9rience de vie et en maturit\u00e9 !<\/li><li><h4>Vous voulez vous am\u00e9liorer en anglais, au point d\u2019en faire votre seconde langue<\/h4><br>Vous \u00eates immerg\u00e9s dans la langue anglaise au quotidien. Pour parler un anglais courant voire toucher le bilinguisme du doigt, vous pourrez prendre des cours d\u2019anglais (ou de culture am\u00e9ricaine pour le programme USA). Vous pourrez \u00e9galement croiser d\u2019autres \u00e9tudiants et sympathiser avec eux. <\/li><li><h4>Vous envisagez de bonifier votre curriculum vitae pour orienter positivement votre carri\u00e8re professionnelle<\/h4><br>Vous compl\u00e9tez votre cursus scolaire par une exp\u00e9rience \u00e0 l\u2019\u00e9tranger. Au-del\u00e0 de l\u2019apprentissage d\u2019une seconde langue (qui est toujours un atout professionnel), avoir effectu\u00e9 un s\u00e9jour au Pair \u00e0 l\u2019\u00e9tranger permet aux recruteurs et \u00e0 vos futurs employeurs de juger de votre ouverture d\u2019esprit, de votre capacit\u00e9 d\u2019adaptation mais aussi d\u2019un certain courage.<\/li><li><h4>Vous souhaitez \u00eatre r\u00e9mun\u00e9r\u00e9(e) pendant votre s\u00e9jour<\/h4><br>Peu de s\u00e9jours linguistiques permettent d\u2019allier l\u2019apprentissage d\u2019une langue et la d\u00e9couverte d\u2019un nouveau pays au sein d\u2019une famille d\u2019accueil tout en \u00e9tant r\u00e9mun\u00e9r\u00e9s, log\u00e9s, blanchi et nourri !<\/li><li><h4>Vous souhaitez croiser de nouvelles personnes et d\u00e9couvrir un mode de vie diff\u00e9rent<\/h4><br>Partir Au Pair c\u2019est aussi des amiti\u00e9s internationales qui se cr\u00e9er, parfois m\u00eame des amiti\u00e9s pour la vie ! Vous \u00e9tablirez \u00e9galement des liens durables et privil\u00e9gi\u00e9s avec une famille \u00e0 l\u2019\u00e9tranger, dans un pays r\u00e9put\u00e9 pour sa chaleur et sa convivialit\u00e9.<\/li><\/ul>\n\n\n<p><\/section>\n\n\n<section class=\"section-gris\"><\/p>\n\n\n\n<div class=\"wp-block-columns has-2-columns column-centre align-bas-hauteur is-layout-flex wp-container-core-columns-is-layout-3 wp-block-columns-is-layout-flex\">\n<div class=\"wp-block-column is-layout-flow wp-block-column-is-layout-flow\">\n<figure class=\"wp-block-image\"><img loading=\"lazy\" decoding=\"async\" width=\"954\" height=\"630\" src=\"https:\/\/www.calvin-thomas.com\/au-pair\/wp-content\/uploads\/\/sites\/6\/organisme-calvin-thomas.jpg\" alt=\"organisme et agence agr\u00e9\u00e9 pour les s\u00e9jours au pair\" class=\"wp-image-517\" srcset=\"https:\/\/www.calvin-thomas.com\/au-pair\/wp-content\/uploads\/\/sites\/6\/organisme-calvin-thomas.jpg 954w, https:\/\/www.calvin-thomas.com\/au-pair\/wp-content\/uploads\/\/sites\/6\/organisme-calvin-thomas-300x198.jpg 300w, https:\/\/www.calvin-thomas.com\/au-pair\/wp-content\/uploads\/\/sites\/6\/organisme-calvin-thomas-768x507.jpg 768w\" sizes=\"(max-width: 954px) 100vw, 954px\" \/><\/figure>\n<\/div>\n\n\n\n<div class=\"wp-block-column is-layout-flow wp-block-column-is-layout-flow\">\n<p class=\"sub-title\"><strong>POURQUOI CHOISIR CALVIN-THOMAS ?<\/strong><\/p>\n\n\n\n<h3 class=\"wp-block-heading\" id=\"section2\">Les atouts Calvin-Thomas<br><\/h3>\n\n\n\n<p><strong>Comment choisir entre les nombreuses possibilit\u00e9s de d\u00e9part qui s\u2019offrent \u00e0 nous lorsqu\u2019on souhaite partir Au Pair ! Voici ici plusieurs raisons de choisir Calvin-Thomas.  <\/strong><\/p>\n<\/div>\n<\/div>\n\n\n\n<div style=\"height:50px\" aria-hidden=\"true\" class=\"wp-block-spacer\"><\/div>\n\n\n\n<div class=\"wp-block-columns has-2-columns column-centre argumentaire-ligne is-layout-flex wp-container-core-columns-is-layout-4 wp-block-columns-is-layout-flex\">\n<div class=\"wp-block-column is-layout-flow wp-block-column-is-layout-flow\">\n<div class=\"wp-block-image\"><figure class=\"aligncenter is-resized\"><img loading=\"lazy\" decoding=\"async\" src=\"https:\/\/www.calvin-thomas.com\/highschool\/wp-content\/uploads\/sites\/4\/30-ans.png\" alt=\"partenaire depuis 30 ans\" class=\"wp-image-521\" width=\"100\" height=\"100\"\/><\/figure><\/div>\n<\/div>\n\n\n\n<div class=\"wp-block-column is-layout-flow wp-block-column-is-layout-flow\">\n<h4 class=\"wp-block-heading\">L\u2019EXP\u00c9RIENCE EN GARANTIE<\/h4>\n\n\n\n<p>Cr\u00e9\u00e9 en 1989, Calvin-Thomas a d\u00e9but\u00e9 son activit\u00e9 avec le programme Au Pair  USA. Fort d\u2019une exp\u00e9rience de 30 ans dans le domaine, nous connaissons parfaitement les rouages du programme&nbsp;!<\/p>\n<\/div>\n<\/div>\n\n\n\n<div class=\"wp-block-columns has-2-columns column-centre argumentaire-ligne is-layout-flex wp-container-core-columns-is-layout-5 wp-block-columns-is-layout-flex\">\n<div class=\"wp-block-column is-layout-flow wp-block-column-is-layout-flow\">\n<div class=\"wp-block-image\"><figure class=\"aligncenter is-resized\"><img loading=\"lazy\" decoding=\"async\" src=\"https:\/\/www.calvin-thomas.com\/highschool\/wp-content\/uploads\/sites\/4\/famille-accueil.png\" alt=\"Des familles d'accueil s\u00e9lectionn\u00e9es\" class=\"wp-image-523\" width=\"100\" height=\"100\"\/><\/figure><\/div>\n<\/div>\n\n\n\n<div class=\"wp-block-column is-layout-flow wp-block-column-is-layout-flow\">\n<h4 class=\"wp-block-heading\">UN SUIVI PERSONNALIS\u00c9<\/h4>\n\n\n\n<p>Notre  \u00e9quipe reste disponible \u00e0 chaque instant (rendez-vous individuel, r\u00e9union  d\u2019information, email, t\u00e9l\u00e9phone mais aussi num\u00e9ro d\u2019urgence). Notre \u00e9quipe est par ailleurs compos\u00e9e d\u2019anciens participants. Nous avons tr\u00e8s certainement eu les m\u00eames questions et les m\u00eames doutes que vous.<\/p>\n\n\n\n<p>Nous rencontrons chacun de nos participants avant le d\u00e9part et assurons un suivi personnalis\u00e9.  <\/p>\n<\/div>\n<\/div>\n\n\n\n<div class=\"wp-block-columns has-2-columns column-centre argumentaire-ligne is-layout-flex wp-container-core-columns-is-layout-6 wp-block-columns-is-layout-flex\">\n<div class=\"wp-block-column is-layout-flow wp-block-column-is-layout-flow\">\n<div class=\"wp-block-image\"><figure class=\"aligncenter is-resized\"><img loading=\"lazy\" decoding=\"async\" src=\"https:\/\/www.calvin-thomas.com\/highschool\/wp-content\/uploads\/sites\/4\/contrat-confiance.png\" alt=\"Une charte et engagement\" class=\"wp-image-524\" width=\"100\" height=\"100\"\/><\/figure><\/div>\n<\/div>\n\n\n\n<div class=\"wp-block-column is-layout-flow wp-block-column-is-layout-flow\">\n<h4 class=\"wp-block-heading\">UNE RELATION PRIVIL\u00c9GI\u00c9E<\/h4>\n\n\n\n<p>L\u2019ensemble des s\u00e9jours que nous proposons est r\u00e9gi par des contrats qui d\u00e9finissent pr\u00e9cis\u00e9ment les droits et les devoirs de chacune des parties.<\/p>\n<\/div>\n<\/div>\n\n\n\n<div class=\"wp-block-columns has-2-columns column-centre argumentaire-ligne last is-layout-flex wp-container-core-columns-is-layout-7 wp-block-columns-is-layout-flex\">\n<div class=\"wp-block-column is-layout-flow wp-block-column-is-layout-flow\">\n<div class=\"wp-block-image\"><figure class=\"aligncenter is-resized\"><img loading=\"lazy\" decoding=\"async\" src=\"https:\/\/www.calvin-thomas.com\/highschool\/wp-content\/uploads\/sites\/4\/assurance-education.png\" alt=\"assurance et s\u00e9curit\u00e9 \u00e0 l'\u00e9tranger\" class=\"wp-image-522\" width=\"100\" height=\"100\"\/><\/figure><\/div>\n<\/div>\n\n\n\n<div class=\"wp-block-column is-layout-flow wp-block-column-is-layout-flow\">\n<h4 class=\"wp-block-heading\">PARTEZ ASSUR\u00c9S<\/h4>\n\n\n\n<p>L\u2019ensemble de nos s\u00e9jours pr\u00e9voient une couverture de base compl\u00e8te qui inclue  notamment une responsabilit\u00e9 civile, l\u2019hospitalisation et l\u2019assistance  rapatriement.<\/p>\n\n\n\n<p>Sur  demande, nous pouvons \u00e9galement vous faire parvenir une attestation de  participation au programme \u00e0 faire valoir aupr\u00e8s de vos futurs employeurs ou \u00e9tablissements scolaires.<\/p>\n<\/div>\n<\/div>\n\n\n<p><\/section>\n\n\n\n<div style=\"height:30px\" aria-hidden=\"true\" class=\"wp-block-spacer\"><\/div>\n","protected":false},"excerpt":{"rendered":"<p>La combinaison parfaite<\/p>\n<p>Vous  souhaitez partir loin et longtemps mais vous avez un petit budget&nbsp;?  Vous aimez les enfants ? Vous souhaitez vous immerger dans la langue  anglaise, vivre et partagez le quotidien d\u2019une famille&nbsp;mais souhaitez \u00eatre r\u00e9mun\u00e9r\u00e9s&nbsp;?<\/p>\n<p>Vous h\u00e9sitez encore&nbsp;? &nbsp;Voici pourquoi le programme Au Pair est fait pour vous&nbsp;! <\/p>\n<ul class=\"liste-menu\">\n<li><a href=\"#section1\">5 bonnes raisons de franchir le pas<\/a><\/li>\n<li><a href=\"#section2\">Pourquoi choisir Calvin-Thomas ?<\/a><\/li>\n<\/ul>\n<p> <a class=\"btn couleur large\" href=\"https:\/\/www.calvin-thomas.com\/au-pair\/choisir-son-sejour-au-pair\/7-raisons-devenir-au-pair-ou-demi-pair\/\">EN SAVOIR PLUS <\/a><\/p>\n","protected":false},"author":1,"featured_media":495,"parent":230,"menu_order":0,"comment_status":"closed","ping_status":"closed","template":"","meta":{"_uag_custom_page_level_css":"","wp_popup_display_lightbox":0,"wp_popup_suppress":"","wp_popup_trigger":"","wp_popup_trigger_amount":0,"wp_popup_disable_on_mobile":false},"uagb_featured_image_src":{"full":["https:\/\/www.calvin-thomas.com\/au-pair\/wp-content\/uploads\/\/sites\/6\/entete-pourquoi.jpg",1200,1200,false],"thumbnail":["https:\/\/www.calvin-thomas.com\/au-pair\/wp-content\/uploads\/\/sites\/6\/entete-pourquoi-150x150.jpg",150,150,true],"medium":["https:\/\/www.calvin-thomas.com\/au-pair\/wp-content\/uploads\/\/sites\/6\/entete-pourquoi-300x300.jpg",300,300,true],"medium_large":["https:\/\/www.calvin-thomas.com\/au-pair\/wp-content\/uploads\/\/sites\/6\/entete-pourquoi-768x768.jpg",640,640,true],"large":["https:\/\/www.calvin-thomas.com\/au-pair\/wp-content\/uploads\/\/sites\/6\/entete-pourquoi-1024x1024.jpg",640,640,true],"1536x1536":["https:\/\/www.calvin-thomas.com\/au-pair\/wp-content\/uploads\/\/sites\/6\/entete-pourquoi.jpg",1200,1200,false],"2048x2048":["https:\/\/www.calvin-thomas.com\/au-pair\/wp-content\/uploads\/\/sites\/6\/entete-pourquoi.jpg",1200,1200,false]},"uagb_author_info":{"display_name":"redac-calvinthomas","author_link":"https:\/\/www.calvin-thomas.com\/au-pair\/author\/redac-calvinthomas\/"},"uagb_comment_info":0,"uagb_excerpt":"La combinaison parfaite Vous souhaitez partir loin et longtemps mais vous avez un petit budget&nbsp;? Vous aimez les enfants ? Vous souhaitez vous immerger dans la langue anglaise, vivre et partagez le quotidien d\u2019une famille&nbsp;mais souhaitez \u00eatre r\u00e9mun\u00e9r\u00e9s&nbsp;? Vous h\u00e9sitez encore&nbsp;? &nbsp;Voici pourquoi le programme Au Pair est fait pour vous&nbsp;! 5 bonnes raisons de\u2026","_links":{"self":[{"href":"https:\/\/www.calvin-thomas.com\/au-pair\/wp-json\/wp\/v2\/pages\/336"}],"collection":[{"href":"https:\/\/www.calvin-thomas.com\/au-pair\/wp-json\/wp\/v2\/pages"}],"about":[{"href":"https:\/\/www.calvin-thomas.com\/au-pair\/wp-json\/wp\/v2\/types\/page"}],"author":[{"embeddable":true,"href":"https:\/\/www.calvin-thomas.com\/au-pair\/wp-json\/wp\/v2\/users\/1"}],"replies":[{"embeddable":true,"href":"https:\/\/www.calvin-thomas.com\/au-pair\/wp-json\/wp\/v2\/comments?post=336"}],"version-history":[{"count":0,"href":"https:\/\/www.calvin-thomas.com\/au-pair\/wp-json\/wp\/v2\/pages\/336\/revisions"}],"up":[{"embeddable":true,"href":"https:\/\/www.calvin-thomas.com\/au-pair\/wp-json\/wp\/v2\/pages\/230"}],"wp:featuredmedia":[{"embeddable":true,"href":"https:\/\/www.calvin-thomas.com\/au-pair\/wp-json\/wp\/v2\/media\/495"}],"wp:attachment":[{"href":"https:\/\/www.calvin-thomas.com\/au-pair\/wp-json\/wp\/v2\/media?parent=336"}],"curies":[{"name":"wp","href":"https:\/\/api.w.org\/{rel}","templated":true}]}}