{"id":86,"date":"2019-03-21T19:56:14","date_gmt":"2019-03-21T18:56:14","guid":{"rendered":"https:\/\/www.calvin-thomas.com\/au-pair\/?page_id=86"},"modified":"2024-07-02T15:34:33","modified_gmt":"2024-07-02T13:34:33","slug":"5-etapes-pour-partir-au-pair","status":"publish","type":"page","link":"https:\/\/www.calvin-thomas.com\/au-pair\/informations-pratiques\/5-etapes-pour-partir-au-pair\/","title":{"rendered":"5 \u00e9tapes avant de partir au pair"},"content":{"rendered":"\n<div style=\"height:80px\" aria-hidden=\"true\" class=\"wp-block-spacer\"><\/div>\n\n\n\n<div class=\"wp-block-columns has-2-columns column-centre centre-hauteur is-layout-flex wp-container-core-columns-is-layout-1 wp-block-columns-is-layout-flex\">\n<div class=\"wp-block-column is-layout-flow wp-block-column-is-layout-flow\">\n<h2 class=\"wp-block-heading\">Par o\u00f9 commencer ?<\/h2>\n\n\n\n<p>Vous \u00eates d\u00e9cid\u00e9 \u00e0 franchir le pas et \u00e0 partir vivre une aventure humaine  unique&nbsp;! <\/p>\n\n\n\n<p>Vous trouverez ici plus de d\u00e9tails sur la marche \u00e0 suivre \u00e0 entreprendre pour vous inscrire. N\u2019h\u00e9sitez pas \u00e0 nous contacter, nous serons heureux de vous accompagner dans votre projet&nbsp;!<\/p>\n<\/div>\n\n\n\n<div class=\"wp-block-column is-layout-flow wp-block-column-is-layout-flow\">\n<figure class=\"wp-block-image\"><img loading=\"lazy\" decoding=\"async\" width=\"900\" height=\"400\" src=\"https:\/\/www.calvin-thomas.com\/au-pair\/wp-content\/uploads\/\/sites\/6\/5-etapes-partir-au-pair.jpg\" alt=\"5 \u00e9tapes pour partir au pair \u00e0 l'\u00e9tranger\" class=\"wp-image-126\" srcset=\"https:\/\/www.calvin-thomas.com\/au-pair\/wp-content\/uploads\/\/sites\/6\/5-etapes-partir-au-pair.jpg 900w, https:\/\/www.calvin-thomas.com\/au-pair\/wp-content\/uploads\/\/sites\/6\/5-etapes-partir-au-pair-300x133.jpg 300w, https:\/\/www.calvin-thomas.com\/au-pair\/wp-content\/uploads\/\/sites\/6\/5-etapes-partir-au-pair-768x341.jpg 768w\" sizes=\"(max-width: 900px) 100vw, 900px\" \/><\/figure>\n<\/div>\n<\/div>\n\n\n\n<div style=\"height:50px\" aria-hidden=\"true\" class=\"wp-block-spacer\"><\/div>\n\n\n<section class=\"section-beige\"><\/p>\n\n\n\n<h3 class=\"wp-block-heading\" style=\"text-align:center\">La mise en place <br>de votre s\u00e9jour au pair pas \u00e0 pas&#8230;<\/h3>\n\n\n\n<ul class=\"timeline\"><li><h4>Demandez votre dossier gratuitement !<\/h4><br><strong>Inscrivez-vous en ligne<\/strong> sur notre site internet et recevez par email votre dossier gratuit.<br><a class=\"btn couleur large\" href=\"https:\/\/www.calvin-thomas.com\/au-pair\/inscription-programme-au-pair\/\" target=\"_parent\" rel=\"noopener\">Inscription en ligne<\/a><br><br>Pensez \u00e0 faire le n\u00e9cessaire pour \u00eatre, le plus rapidement possible, <strong>en possession d\u2019un passeport<\/strong>, notamment pour les USA o\u00f9 votre passeport devra \u00eatre valide 27 mois apr\u00e8s votre date de retour pr\u00e9vue et indispensable si vous prolongez votre contrat sur place.<br><br><strong>Ne tardez pas pour vous inscrire !<\/strong> Il est recommand\u00e9 de s&#8217;inscrire au moins 4 mois \u00e0 l&#8217;avance selon les p\u00e9riodes de d\u00e9part. En revanche, rien ne sert de s\u2019inscrire trop \u00e0 l\u2019avance car l\u2019entretien a une validit\u00e9 limit\u00e9e \u00e0 un an.<\/li><li><h4>R\u00e9alisez un entretien avec un de nos conseillers<\/h4><br><strong>Apr\u00e8s versement des frais d&#8217;inscription et d&#8217;entretien de 49\u20ac pour l&#8217;Australie et de 80\u20ac pour les \u00c9tats-Unis<\/strong>, rencontrez un conseiller Au Pair pour un<strong> entretien d\u2019\u00e9valuation<\/strong> soit dans nos locaux, soit par Skype (sauf pour la formule \u00c9tats-Unis o\u00f9 cet entretien doit \u00eatre effectu\u00e9 de visu). Cet entretien permet de juger de votre motivation, de votre ouverture d&#8217;esprit, de votre maturit\u00e9, de vos aptitudes et de votre niveau d&#8217;anglais.<br><br>Pour les s\u00e9jours demi-pair et au pair Australie, vous passerez un <strong>test d&#8217;anglais \u00e9crit.<\/strong> En fonction du r\u00e9sultat de ce test, un entretien par t\u00e9l\u00e9phone avec notre partenaire pourra \u00eatre demand\u00e9 afin d&#8217;affiner l\u2019\u00e9valuation. <br><br><strong>\u00c0 SAVOIR : les frais d&#8217;inscription et d&#8217;entretien sont rembours\u00e9s<\/strong>  uniquement en cas d\u2019annulation de l\u2019entretien au plus tard 24 heures avant le rendez-vous pour l\u2019ensemble des programmes.<\/li><li><h4>Compl\u00e9tez votre dossier administratif<br><\/h4><br> Vous compl\u00e9tez votre <strong>dossier d\u2019inscription<\/strong> qui comprend notamment :<br> \u2022 <strong>des formulaires administratifs, <\/strong><br> \u2022 <strong>des lettres de r\u00e9f\u00e9renc<\/strong>e en rapport avec la garde d\u2019enfant (selon les pays, il vous faudra jusqu&#8217;\u00e0 3 r\u00e9f\u00e9rences \u00e0 faire compl\u00e9ter par des personnes ne faisant pas partie de votre famille. Pour les USA, deux de ces r\u00e9f\u00e9rences au moins doivent \u00eatre en lien direct avec la garde d&#8217;enfants ou le baby-sitting sur une longue dur\u00e9e et avec des responsabilit\u00e9s), <br> \u2022 <strong>une lettre de pr\u00e9sentation, <\/strong><br> \u2022 <strong>un certificat m\u00e9dical,<\/strong> <br> \u2022 <strong>un casier judiciaire vierge,<\/strong><br> \u2022 etc.<br><br>Dans votre dossier, vous pouvez \u00e9mettre des pr\u00e9f\u00e9rences quant \u00e0 la date de d\u00e9part souhait\u00e9e, le type de famille d\u2019accueil (\u00e2ge des enfants, parents c\u00e9libataires, animaux domestiques, etc.) ainsi que la r\u00e9gion d&#8217;accueil. Cependant, plus vous serez flexible et ouvert(e) d\u2019esprit, plus il sera ais\u00e9 et rapide de vous trouver une famille d\u2019accueil.<br><br>Votre dossier doit \u00eatre <strong>rempli avec soin et pr\u00e9cision<\/strong> et est \u00e0 retourner \u00e0 Calvin-Thomas. Id\u00e9alement, il doit \u00eatre <strong>compl\u00e9t\u00e9 entre 2 et 3 mois minimum avant la date de d\u00e9part souhait\u00e9e.<\/strong><br> Apr\u00e8s \u00e9tude de son dossier de candidature, Calvin-Thomas \u00e9met un avis quant \u00e0 l&#8217;acceptation ou non de votre dossier.<\/li><li><h4>Place \u00e0 la recherche d&#8217;une famille d&#8217;accueil<\/h4><br>Apr\u00e8s acceptation de votre dossier, <strong>les recherches de votre famille d\u2019accueil commencent.<\/strong> D\u00e8s qu&#8217;une famille est int\u00e9ress\u00e9 par votre profil, vous serez <strong>mis en relation<\/strong> avec cette derni\u00e8re. Cet \u00e9change est tr\u00e8s important : c\u2019est pour vous l\u2019occasion de poser toutes les questions que vous souhaitez \u00e0 la famille qui va vous accueillir (planning, temps de travail, mise en contact avec leurs \u00e9ventuelles anciennes jeunes filles au pair, activit\u00e9s \u00e0 faire dans la r\u00e9gion, dates de d\u00e9part, etc.).<br>Ce n\u2019est qu\u2019une fois que l\u2019ensemble des parties acceptent le placement que la mise en place du d\u00e9part s&#8217;organise. Nous n\u2019imposons jamais une famille ! Nous vous conseillons cependant de privil\u00e9gier les crit\u00e8res tels que le nombre d\u2019enfants \u00e0 charge et les affinit\u00e9s \u00e0 la r\u00e9gion g\u00e9ographique par exemple. <br><br>Une fois seulement votre placement en famille confirm\u00e9, Calvin-Thomas vous demande de <strong>r\u00e9gler les frais d\u2019agence<\/strong> correspondants \u00e0 la dur\u00e9e de votre s\u00e9jour.<br> Si vous partez pour l&#8217;Australie et la Nouvelle-Z\u00e9lande, vous pouvez \u00e9galement, \u00e0 ce moment :<br> \u2022 <strong>r\u00e9server votre billet d\u2019avion<\/strong> (en accord avec Calvin-Thomas et la famille d&#8217;accueil),<br> \u2022 <strong>commencer les d\u00e9marches afin d\u2019obtenir votre visa<\/strong> (Calvin-Thomas vous fournit une marche \u00e0 suivre).<\/li><li><h4>Pr\u00e9parez votre d\u00e9part<\/h4><br>Avant votre d\u00e9part, Calvin-Thomas vous remet <strong>tous les \u00e9l\u00e9ments n\u00e9cessaires pour votre s\u00e9jour : <\/strong><br> \u2022 <strong>des informations sur votre famille d\u2019accueil, <\/strong><br> \u2022 pour les \u00c9tats-Unis,<strong> les documents \u00e0 r\u00e9unir pour l\u2019obtention du visa,<\/strong> <br> \u2022 pour les \u00c9tats-Unis, <strong>votre billet d\u2019avion<\/strong> (billet \u00e9lectronique), <br>  \u2022 <strong>votre carte et votre contrat d\u2019assurance, <\/strong><br> \u2022 <strong>le mat\u00e9riel de formation, <\/strong><br> \u2022 <strong>un sac de voyage, <\/strong><br> \u2022 etc.<\/li><\/ul>\n\n\n\n<figure class=\"wp-block-image content-centrer\"><img decoding=\"async\" src=\"https:\/\/www.calvin-thomas.com\/highschool\/wp-content\/uploads\/sites\/4\/enjoy-your-stay.png\" alt=\"Enjoy your stay\" class=\"wp-image-658\"\/><\/figure>\n\n\n<p><\/section>\n\n\n\n<div style=\"height:30px\" aria-hidden=\"true\" class=\"wp-block-spacer\"><\/div>\n","protected":false},"excerpt":{"rendered":"<p>Par o\u00f9 commencer ?<\/p>\n<p>Vous \u00eates d\u00e9cid\u00e9 \u00e0 franchir le pas et \u00e0 partir vivre une aventure humaine  unique&nbsp;! <\/p>\n<p>Vous trouverez ici plus de d\u00e9tails sur la marche \u00e0 suivre \u00e0 entreprendre pour vous inscrire. N\u2019h\u00e9sitez pas \u00e0 nous contacter, nous serons heureux de vous accompagner dans votre projet&nbsp;!<\/p>\n<p> <a class=\"btn couleur large\" href=\"https:\/\/www.calvin-thomas.com\/au-pair\/informations-pratiques\/5-etapes-pour-partir-au-pair\/\">EN SAVOIR PLUS <\/a><\/p>\n","protected":false},"author":1,"featured_media":125,"parent":56,"menu_order":0,"comment_status":"closed","ping_status":"closed","template":"","meta":{"_uag_custom_page_level_css":"","wp_popup_display_lightbox":0,"wp_popup_suppress":"","wp_popup_trigger":"","wp_popup_trigger_amount":0,"wp_popup_disable_on_mobile":false},"uagb_featured_image_src":{"full":["https:\/\/www.calvin-thomas.com\/au-pair\/wp-content\/uploads\/\/sites\/6\/entete-etapes-partir.jpg",1200,1200,false],"thumbnail":["https:\/\/www.calvin-thomas.com\/au-pair\/wp-content\/uploads\/\/sites\/6\/entete-etapes-partir-150x150.jpg",150,150,true],"medium":["https:\/\/www.calvin-thomas.com\/au-pair\/wp-content\/uploads\/\/sites\/6\/entete-etapes-partir-300x300.jpg",300,300,true],"medium_large":["https:\/\/www.calvin-thomas.com\/au-pair\/wp-content\/uploads\/\/sites\/6\/entete-etapes-partir-768x768.jpg",640,640,true],"large":["https:\/\/www.calvin-thomas.com\/au-pair\/wp-content\/uploads\/\/sites\/6\/entete-etapes-partir-1024x1024.jpg",640,640,true],"1536x1536":["https:\/\/www.calvin-thomas.com\/au-pair\/wp-content\/uploads\/\/sites\/6\/entete-etapes-partir.jpg",1200,1200,false],"2048x2048":["https:\/\/www.calvin-thomas.com\/au-pair\/wp-content\/uploads\/\/sites\/6\/entete-etapes-partir.jpg",1200,1200,false]},"uagb_author_info":{"display_name":"redac-calvinthomas","author_link":"https:\/\/www.calvin-thomas.com\/au-pair\/author\/redac-calvinthomas\/"},"uagb_comment_info":0,"uagb_excerpt":"Par o\u00f9 commencer ? Vous \u00eates d\u00e9cid\u00e9 \u00e0 franchir le pas et \u00e0 partir vivre une aventure humaine unique&nbsp;! Vous trouverez ici plus de d\u00e9tails sur la marche \u00e0 suivre \u00e0 entreprendre pour vous inscrire. N\u2019h\u00e9sitez pas \u00e0 nous contacter, nous serons heureux de vous accompagner dans votre projet&nbsp;! EN SAVOIR PLUS","_links":{"self":[{"href":"https:\/\/www.calvin-thomas.com\/au-pair\/wp-json\/wp\/v2\/pages\/86"}],"collection":[{"href":"https:\/\/www.calvin-thomas.com\/au-pair\/wp-json\/wp\/v2\/pages"}],"about":[{"href":"https:\/\/www.calvin-thomas.com\/au-pair\/wp-json\/wp\/v2\/types\/page"}],"author":[{"embeddable":true,"href":"https:\/\/www.calvin-thomas.com\/au-pair\/wp-json\/wp\/v2\/users\/1"}],"replies":[{"embeddable":true,"href":"https:\/\/www.calvin-thomas.com\/au-pair\/wp-json\/wp\/v2\/comments?post=86"}],"version-history":[{"count":0,"href":"https:\/\/www.calvin-thomas.com\/au-pair\/wp-json\/wp\/v2\/pages\/86\/revisions"}],"up":[{"embeddable":true,"href":"https:\/\/www.calvin-thomas.com\/au-pair\/wp-json\/wp\/v2\/pages\/56"}],"wp:featuredmedia":[{"embeddable":true,"href":"https:\/\/www.calvin-thomas.com\/au-pair\/wp-json\/wp\/v2\/media\/125"}],"wp:attachment":[{"href":"https:\/\/www.calvin-thomas.com\/au-pair\/wp-json\/wp\/v2\/media?parent=86"}],"curies":[{"name":"wp","href":"https:\/\/api.w.org\/{rel}","templated":true}]}}