{"id":105,"date":"2019-01-15T19:56:37","date_gmt":"2019-01-15T18:56:37","guid":{"rendered":"https:\/\/www.calvin-thomas.com\/campus\/?page_id=105"},"modified":"2020-03-23T15:18:02","modified_gmt":"2020-03-23T14:18:02","slug":"cout-budget-etudes-superieures-etranger","status":"publish","type":"page","link":"https:\/\/www.calvin-thomas.com\/campus\/informations-pratiques\/cout-budget-etudes-superieures-etranger\/","title":{"rendered":"Les co\u00fbt et budget d&rsquo;une ann\u00e9e universitaire"},"content":{"rendered":"\n<div style=\"height:50px\" class=\"wp-block-spacer\"><\/div>\n\n\n\n<div class=\"wp-block-columns has-2-columns column-centre is-layout-flex wp-container-core-columns-is-layout-1 wp-block-columns-is-layout-flex\">\n<div class=\"wp-block-column is-layout-flow wp-block-column-is-layout-flow\">\n<h2 class=\"wp-block-heading\">Ce que co\u00fbte une ann\u00e9e universitaire<\/h2>\n\n\n\n<p>Si le co\u00fbt des \u00e9tudes sup\u00e9rieures dans les universit\u00e9s anglophones est \u00e9lev\u00e9, les conditions particuli\u00e8res de financement via Campus Access et les financement possibles rendent un tel projet tout \u00e0 fait viable.<br><\/p>\n<\/div>\n\n\n\n<div class=\"wp-block-column is-layout-flow wp-block-column-is-layout-flow\">\n<ul class=\"liste-menu\"><li><a href=\"#section1\">Le co\u00fbt des \u00e9tudes sup\u00e9rieures \u00e0 l&rsquo;\u00e9tranger<\/a><\/li><li><a href=\"#section2\">Les financements possibles<\/a><\/li><\/ul>\n<\/div>\n<\/div>\n\n\n\n<div style=\"height:50px\" class=\"wp-block-spacer\"><\/div>\n\n\n<section class=\"section-bleuclair\"><\/p>\n\n\n\n<div class=\"wp-block-columns has-2-columns column-centre centrer-hauteur is-layout-flex wp-container-core-columns-is-layout-2 wp-block-columns-is-layout-flex\">\n<div class=\"wp-block-column is-layout-flow wp-block-column-is-layout-flow\">\n<p class=\"sub-title\"><strong>CO\u00dbT R\u00c9EL DES \u00c9TUDES<\/strong><\/p>\n\n\n\n<h3 class=\"wp-block-heading\" id=\"section1\">Le co\u00fbt des \u00e9tudes sup\u00e9rieures \u00e0 l&rsquo;\u00e9tranger<\/h3>\n\n\n\n<p><strong>C\u2019est vrai, dans tous les pays du monde, les \u00e9tudes sup\u00e9rieures ont un co\u00fbt important. Faisons le point sur les frais universitaires pratiqu\u00e9s par les universit\u00e9s anglophones, ce qu&rsquo;ils comprennent et le co\u00fbt r\u00e9el des \u00e9tudes dans ces universit\u00e9s.<\/strong><\/p>\n\n\n\n<div style=\"height:50px\" class=\"wp-block-spacer\"><\/div>\n\n\n\n<h4 class=\"wp-block-heading\">L\u2019universit\u00e9 anglophone co\u00fbte cher&#8230;<\/h4>\n\n\n\n<p>Les frais universitaires annuels dans les universit\u00e9s am\u00e9ricaine, anglaise ou n\u00e9o-z\u00e9landaise sont importants. Ils s\u2019\u00e9talent, <strong>selon les universit\u00e9s entre 25 000\u20ac et 50 000\u20ac<\/strong> (parfois m\u00eame un peu plus dans le cas des institutions priv\u00e9es les plus prestigieuses). Ces frais n\u2019ont d\u2019ailleurs cess\u00e9 d\u2019augmenter depuis 30 ans. <\/p>\n\n\n\n<p>Ce co\u00fbt est \u00e9lev\u00e9 en raison principalement : <\/p>\n\n\n\n<ul><li><strong>des moyens \u00e9normes mis \u00e0 disposition <\/strong>des \u00e9tudiants tant au niveau p\u00e9dagogique qu\u2019au niveau des infrastructures,<\/li><li><strong>de l\u2019excellence des syst\u00e8mes \u00e9ducatifs<\/strong> (effort p\u00e9dagogique consenti, conditions de travail ou r\u00e9sultats obtenus),<\/li><li><strong>du financement de la recherche<\/strong> (charge de travail des enseignants). <\/li><\/ul>\n\n\n\n<div style=\"height:50px\" class=\"wp-block-spacer\"><\/div>\n<\/div>\n\n\n\n<div class=\"wp-block-column is-layout-flow wp-block-column-is-layout-flow\">\n<figure class=\"wp-block-image\"><img loading=\"lazy\" decoding=\"async\" width=\"530\" height=\"780\" src=\"https:\/\/www.calvin-thomas.com\/campus\/wp-content\/uploads\/\/sites\/5\/cout-etude-1.jpg\" alt=\"Le co\u00fbt des \u00e9tudes sup\u00e9rieures \u00e0 l\u2019\u00e9tranger\" class=\"wp-image-1088\" srcset=\"https:\/\/www.calvin-thomas.com\/campus\/wp-content\/uploads\/\/sites\/5\/cout-etude-1.jpg 530w, https:\/\/www.calvin-thomas.com\/campus\/wp-content\/uploads\/\/sites\/5\/cout-etude-1-204x300.jpg 204w\" sizes=\"(max-width: 530px) 100vw, 530px\" \/><\/figure>\n<\/div>\n<\/div>\n\n\n\n<div class=\"wp-block-columns has-2-columns column-centre centrer-hauteur is-layout-flex wp-container-core-columns-is-layout-3 wp-block-columns-is-layout-flex\">\n<div class=\"wp-block-column is-layout-flow wp-block-column-is-layout-flow\">\n<figure class=\"wp-block-image\"><img loading=\"lazy\" decoding=\"async\" width=\"530\" height=\"600\" src=\"https:\/\/www.calvin-thomas.com\/campus\/wp-content\/uploads\/\/sites\/5\/cout-etude-2.jpg\" alt=\"un co\u00fbt int\u00e8grant les \u00e9tudes et la pension compl\u00e8te\" class=\"wp-image-1093\" srcset=\"https:\/\/www.calvin-thomas.com\/campus\/wp-content\/uploads\/\/sites\/5\/cout-etude-2.jpg 530w, https:\/\/www.calvin-thomas.com\/campus\/wp-content\/uploads\/\/sites\/5\/cout-etude-2-265x300.jpg 265w\" sizes=\"(max-width: 530px) 100vw, 530px\" \/><\/figure>\n<\/div>\n\n\n\n<div class=\"wp-block-column is-layout-flow wp-block-column-is-layout-flow\">\n<h4 class=\"wp-block-heading\">Ce que comprend&nbsp;r\u00e9ellement le&nbsp;co\u00fbt des \u00e9tudes sup\u00e9rieures \u00e0 l&rsquo;\u00e9tranger<\/h4>\n\n\n\n<p>C\u2019est la question cruciale. <\/p>\n\n\n\n<p>En Grande-Bretagne, il n\u2019existe pas de syst\u00e8me de bourse d\u2019\u00e9tudes mais l\u2019universit\u00e9 est propos\u00e9e au tarif unique de 9 250\u00a3 pour les cours seulement, tandis qu\u2019en Nouvelle-Z\u00e9lande, chaque \u201cclasses\u201d est propos\u00e9 \u00e0 un tarif bien sp\u00e9cifique.<\/p>\n\n\n\n<p><strong>Pour les \u00c9tats-Unis,<\/strong> le cas de figure est un peu diff\u00e9rent. Les montants des frais annuels universitaires annonc\u00e9s par une  \u201cUniversity\u201d am\u00e9ricaine comprennent : <\/p>\n\n\n\n<ul><li><strong>la scolarit\u00e9 <\/strong>: cours, p\u00e9dagogie, soutien administratif, mise \u00e0  disposition des locaux, des structures, du mat\u00e9riel et des  infrastructures, <\/li><li><strong>le logement,<\/strong> en g\u00e9n\u00e9ral sur le campus,<\/li><li><strong>la nourriture ou \u201cMeal plan\u201d<\/strong> (soit 14 repas minimum par semaine). <\/li><\/ul>\n\n\n\n<p>Autrement dit, ce co\u00fbt<strong> int\u00e8gre les \u00e9tudes et la pension compl\u00e8te, <\/strong>qui plus est, dans des <strong>conditions souvent bien meilleures qu\u2019en France<\/strong> (qualit\u00e9 du logement et du couvert, temps et \u00e9nergie gagn\u00e9s, etc.). <\/p>\n\n\n\n<div style=\"height:50px\" class=\"wp-block-spacer\"><\/div>\n<\/div>\n<\/div>\n\n\n\n<div class=\"wp-block-columns has-2-columns column-centre centrer-hauteur is-layout-flex wp-container-core-columns-is-layout-4 wp-block-columns-is-layout-flex\">\n<div class=\"wp-block-column is-layout-flow wp-block-column-is-layout-flow\">\n<h4 class=\"wp-block-heading\">Comparatif entre pays<\/h4>\n\n\n\n<p><strong>Tentons maintenant de faire une comparaison entre le co\u00fbt r\u00e9el des \u00e9tudes en France et aux USA. <\/strong><\/p>\n\n\n\n<p><strong>En  France<\/strong>, si tout se combine bien, on peut <strong>\u00e9tudier \u00e0 l\u2019universit\u00e9 pour une  somme relativement modique.<\/strong> Mais cela est valable dans la mesure o\u00f9 l\u2019\u00e9tudiant r\u00e9side d\u00e9j\u00e0 dans l\u2019aire g\u00e9ographique de l\u2019universit\u00e9 publique  qu\u2019il a choisie ou qui lui est impos\u00e9e. <\/p>\n\n\n\n<p>Si tel n\u2019est pas le cas, le <strong>co\u00fbt mensuel explose<\/strong> litt\u00e9ralement. S&rsquo;additionnent alors :<\/p>\n\n\n\n<ul><li><strong>les frais annuels d\u2019inscription : entre 800\u20ac de moyenne<\/strong> pour  l\u2019universit\u00e9 <strong>et 10 000\u20ac<\/strong> pour d\u2019autres \u00e9coles,<\/li><li><strong>les frais de logement et de nourriture :<\/strong> en 2016, le minist\u00e8re de l\u2019\u00c9ducation  estimait que le budget mensuel moyen d\u2019un \u00e9tudiant en France, hors frais de scolarit\u00e9, variait <strong>de 700\u20ac \u00e0 850\u20ac<\/strong> de moyenne en province, <strong>jusqu&rsquo;\u00e0 1 100\u20ac<\/strong> \u00e0 Paris).<\/li><\/ul>\n\n\n\n<p>La comparaison entre le <strong>co\u00fbt r\u00e9el des \u00e9tudes sup\u00e9rieures \u00e0 l&rsquo;\u00e9tranger<\/strong> \u00e0 partir de 10 000\u20ac par an en \u201cUniversity\u201d aux \u00c9tats-Unis, et le co\u00fbt r\u00e9el des \u00e9tudes en France fait clairement appara\u00eetre qu\u2019il <strong>peut \u00eatre tr\u00e8s avantageux d\u2019\u00e9tudier de l\u2019autre c\u00f4t\u00e9 de l\u2019Atlantique. <\/strong><\/p>\n\n\n\n<p>Dans le cas d\u2019un \u00e9tudiant fran\u00e7ais qui doit  payer son \u00e9cole en France (notamment une \u00e9cole de commerce), il est <strong>\u00e9galement tr\u00e8s int\u00e9ressant d\u2019envisager tout ou partie de son cursus aux \u00c9tats-Unis.<\/strong><\/p>\n<\/div>\n\n\n\n<div class=\"wp-block-column is-layout-flow wp-block-column-is-layout-flow\">\n<figure class=\"wp-block-image\"><img loading=\"lazy\" decoding=\"async\" width=\"530\" height=\"680\" src=\"https:\/\/www.calvin-thomas.com\/campus\/wp-content\/uploads\/\/sites\/5\/cout-etude-3.jpg\" alt=\"comparaison entre le co\u00fbt r\u00e9el des \u00e9tudes en France et aux USA. \" class=\"wp-image-1098\" srcset=\"https:\/\/www.calvin-thomas.com\/campus\/wp-content\/uploads\/\/sites\/5\/cout-etude-3.jpg 530w, https:\/\/www.calvin-thomas.com\/campus\/wp-content\/uploads\/\/sites\/5\/cout-etude-3-234x300.jpg 234w\" sizes=\"(max-width: 530px) 100vw, 530px\" \/><\/figure>\n<\/div>\n<\/div>\n\n\n\n<div style=\"height:50px\" class=\"wp-block-spacer\"><\/div>\n\n\n<p><\/section>\n\n\n<section class=\"section-gris\"><\/p>\n\n\n\n<div class=\"wp-block-columns has-2-columns column-centre centrer-hauteur is-layout-flex wp-container-core-columns-is-layout-5 wp-block-columns-is-layout-flex\">\n<div class=\"wp-block-column is-layout-flow wp-block-column-is-layout-flow\">\n<figure class=\"wp-block-image\"><img loading=\"lazy\" decoding=\"async\" width=\"530\" height=\"880\" src=\"https:\/\/www.calvin-thomas.com\/campus\/wp-content\/uploads\/\/sites\/5\/budget-bourses.jpg\" alt=\"financement des frais universitaires gr\u00e2ce \u00e0 une bourse\" class=\"wp-image-1102\" srcset=\"https:\/\/www.calvin-thomas.com\/campus\/wp-content\/uploads\/\/sites\/5\/budget-bourses.jpg 530w, https:\/\/www.calvin-thomas.com\/campus\/wp-content\/uploads\/\/sites\/5\/budget-bourses-181x300.jpg 181w\" sizes=\"(max-width: 530px) 100vw, 530px\" \/><\/figure>\n<\/div>\n\n\n\n<div class=\"wp-block-column is-layout-flow wp-block-column-is-layout-flow\">\n<p class=\"sub-title\"><strong>R\u00c9ALISER SON PROJET<\/strong><\/p>\n\n\n\n<h3 class=\"wp-block-heading\" id=\"section2\">Les financements possibles<br><\/h3>\n\n\n\n<p><strong>Malgr\u00e9 leur grande transparence sur le co\u00fbt r\u00e9el des \u00e9tudes, les universit\u00e9s am\u00e9ricaines offrent g\u00e9n\u00e9ralement des bourses d\u2019\u00e9tudes cons\u00e9quentes pour attirer un public plus large, dont les \u00e9tudiants internationaux.<\/strong><\/p>\n\n\n\n<div style=\"height:30px\" class=\"wp-block-spacer\"><\/div>\n\n\n\n<h4 class=\"wp-block-heading\">La possibilit\u00e9 d&rsquo;obtenir des bourses d&rsquo;\u00e9tudes aux \u00c9tats-Unis<\/h4>\n\n\n\n<p>La vraie particularit\u00e9 am\u00e9ricaine tient au fait que <strong>pr\u00e8s de la moiti\u00e9 des \u00e9tudiants am\u00e9ricains d\u00e9crochent une bourse d&rsquo;\u00e9tude ou une aide<\/strong> (locale, r\u00e9gionale, nationale). De leur c\u00f4t\u00e9, <strong>les \u00e9tudiants \u00e9trangers peuvent aussi obtenir des bourses et des aides financi\u00e8res de la part des universit\u00e9s,<\/strong> notamment s&rsquo;ils en font la demande via des organismes comp\u00e9tents, tel que Calvin-Thomas.<\/p>\n\n\n\n<p>Ces bourses permettent aux \u00e9tudiants de <strong>financer une grosse partie de leurs \u00e9tudes<\/strong>. <br>Si le financement \u00e0 100% reste exceptionnel, le <strong>financement \u00e0 40% est lui tout \u00e0 fait envisageable<\/strong>. Campus Access le <strong>garantit \u00e0 tous ses participants inscrits \u00e0 la formule \u201cAcademic\u201d. <\/strong><\/p>\n\n\n\n<p><strong>\u00c0 noter, qu&rsquo;en 2018, le montant moyen des bourses d&rsquo;\u00e9tudes sup\u00e9rieures Campus Access s&rsquo;\u00e9tablissait \u00e0 48% du co\u00fbt global des \u00e9tudes.  &nbsp; <\/strong><\/p>\n\n\n\n<p><a class=\"btn couleur large\" href=\"https:\/\/www.calvin-thomas.com\/campus\/bourses-etudes-usa\/bourses-etudes-usa\/\">En savoir plus sur les bourses am\u00e9ricaines<\/a><\/p>\n<\/div>\n<\/div>\n\n\n\n<div class=\"wp-block-columns has-2-columns column-centre centrer-hauteur is-layout-flex wp-container-core-columns-is-layout-6 wp-block-columns-is-layout-flex\">\n<div class=\"wp-block-column is-layout-flow wp-block-column-is-layout-flow\">\n<h4 class=\"wp-block-heading\">La possibilit\u00e9 d&rsquo;avoir un job<\/h4>\n\n\n\n<p>Que ce soit aux \u00c9tats-Unis, en Angleterre ou en Nouvelle-Z\u00e9lande, il est tout \u00e0 fait envisageable pour l&rsquo;\u00e9tudiant de <strong>d\u00e9crocher un emploi d\u2019appoint et de financer une petite partie de ses \u00e9tudes.<\/strong> En France, certes, l\u2019id\u00e9e de travailler en parall\u00e8le des \u00e9tudes est un peu taboue, mais <strong><strong>travailler en parall\u00e8le de ses \u00e9tudes est chose courante dans ces pays. <\/strong><\/strong>L\u2019exp\u00e9rience dans nombre de pays prouve que l\u2019on peut tr\u00e8s bien <strong>mener les deux de front \u00e9tudes et job d&rsquo;\u00e9tudiant<\/strong>.  &nbsp; <\/p>\n\n\n\n<p>Au pr\u00e9alable, il est n\u00e9cessaire de v\u00e9rifier que les conditions de travail autoris\u00e9 par le visa de l&rsquo;\u00e9tudiant. Si <strong>au Royaume-Uni, il y a la possibilit\u00e9 de travailler pendant ses \u00e9tudes sans visa<\/strong>, les <strong>conditions aux \u00c9tats-Unis sont fix\u00e9es par le D\u00e9partement d\u2019\u00c9tat<\/strong>, \u00e0 savoir un maximum de 20 heures par semaine, r\u00e9alis\u00e9es uniquement sur le campus lui-m\u00eame. <\/p>\n\n\n\n<p><strong>Sur les campus am\u00e9ricains, les \u00e9tudiants trouvent assez facilement du job souvent assez bien r\u00e9mun\u00e9r\u00e9s <\/strong>(restaurants, caf\u00e9s, librairies,  magasins, etc.).<\/p>\n<\/div>\n\n\n\n<div class=\"wp-block-column is-layout-flow wp-block-column-is-layout-flow\">\n<figure class=\"wp-block-image\"><img loading=\"lazy\" decoding=\"async\" width=\"530\" height=\"500\" src=\"https:\/\/www.calvin-thomas.com\/campus\/wp-content\/uploads\/\/sites\/5\/job-etudiant-etranger.jpg\" alt=\"job d'\u00e9tudiant \u00e0 l'\u00e9tranger et emploi d'appoint dans entreprise\" class=\"wp-image-1108\" srcset=\"https:\/\/www.calvin-thomas.com\/campus\/wp-content\/uploads\/\/sites\/5\/job-etudiant-etranger.jpg 530w, https:\/\/www.calvin-thomas.com\/campus\/wp-content\/uploads\/\/sites\/5\/job-etudiant-etranger-300x283.jpg 300w\" sizes=\"(max-width: 530px) 100vw, 530px\" \/><\/figure>\n\n\n\n<p><\/p>\n<\/div>\n<\/div>\n\n\n\n<div class=\"wp-block-columns has-2-columns column-centre centrer-hauteur is-layout-flex wp-container-core-columns-is-layout-7 wp-block-columns-is-layout-flex\">\n<div class=\"wp-block-column is-layout-flow wp-block-column-is-layout-flow\">\n<figure class=\"wp-block-image\"><img loading=\"lazy\" decoding=\"async\" width=\"530\" height=\"500\" src=\"https:\/\/www.calvin-thomas.com\/campus\/wp-content\/uploads\/\/sites\/5\/financement-etudes-etranger.jpg\" alt=\"financement des \u00e9tudes \u00e0 l'\u00e9tranger\" class=\"wp-image-1111\" srcset=\"https:\/\/www.calvin-thomas.com\/campus\/wp-content\/uploads\/\/sites\/5\/financement-etudes-etranger.jpg 530w, https:\/\/www.calvin-thomas.com\/campus\/wp-content\/uploads\/\/sites\/5\/financement-etudes-etranger-300x283.jpg 300w\" sizes=\"(max-width: 530px) 100vw, 530px\" \/><\/figure>\n<\/div>\n\n\n\n<div class=\"wp-block-column is-layout-flow wp-block-column-is-layout-flow\">\n<h4 class=\"wp-block-heading\">Autres moyens de financement<\/h4>\n\n\n\n<ul><li><strong>Sponsorisation et financement direct des entreprises :<\/strong> <br>Des entreprises n\u2019h\u00e9sitent pas \u00e0 recruter des \u00e9l\u00e8ves dipl\u00f4m\u00e9s au sein de ces universit\u00e9s gr\u00e2ce \u00e0 leur connaissance  parfaite du parcours et du bagage des \u00e9tudiants. En \u00e9change d\u2019une aide financi\u00e8re, l&rsquo;\u00e9tudiant peut ainsi travailler de fa\u00e7on directe ou indirecte, pour cette entreprise.<\/li><\/ul>\n\n\n\n<ul><li><strong>Pr\u00eats aupr\u00e8s d\u2019organismes bancaires :<br><\/strong>D\u00e9penser et s\u2019endetter pour \u00e9tudier est un d\u00e9marche \u00e9vidente pour un \u00e9tudiant \u00e9tranger qui consid\u00e9rera ses \u00e9tudes en termes d\u2019investissement tant au niveau du bagage intellectuel et personnel qu\u2019au niveau financier. Un \u00e9tudiant fran\u00e7ais se doit d&rsquo;envisager cette possibilit\u00e9, a fortiori s\u2019il songe \u00e0 rester plus d\u2019une ann\u00e9e dans une universit\u00e9 \u00e9trang\u00e8re et mener ces \u00e9tudes jusqu\u2019\u00e0 l&rsquo;obtention d\u2019un  Bachelor ou d\u2019un Master.    <\/li><\/ul>\n\n\n\n<p><br><\/p>\n<\/div>\n<\/div>\n\n\n<p><\/section>\n\n\n\n<div style=\"height:50px\" class=\"wp-block-spacer\"><\/div>\n","protected":false},"excerpt":{"rendered":"<p>Ce que co\u00fbte une ann\u00e9e universitaire<\/p>\n<p>Si le co\u00fbt des \u00e9tudes sup\u00e9rieures dans les universit\u00e9s anglophones est \u00e9lev\u00e9, les conditions particuli\u00e8res de financement via Campus Access et les financement possibles rendent un tel projet tout \u00e0 fait viable.<\/p>\n<ul class=\"liste-menu\">\n<li><a href=\"#section1\">Le co\u00fbt des \u00e9tudes sup\u00e9rieures \u00e0 l&rsquo;\u00e9tranger<\/a><\/li>\n<li><a href=\"#section2\">Les financements possibles<\/a><\/li>\n<\/ul>\n<p> <a class=\"btn couleur large\" href=\"https:\/\/www.calvin-thomas.com\/campus\/informations-pratiques\/cout-budget-etudes-superieures-etranger\/\">EN SAVOIR PLUS <\/a><\/p>\n","protected":false},"author":1,"featured_media":1087,"parent":11,"menu_order":0,"comment_status":"closed","ping_status":"closed","template":"","meta":{"_uag_custom_page_level_css":""},"uagb_featured_image_src":{"full":["https:\/\/www.calvin-thomas.com\/campus\/wp-content\/uploads\/\/sites\/5\/entete-cout-budget.jpg",1200,1200,false],"thumbnail":["https:\/\/www.calvin-thomas.com\/campus\/wp-content\/uploads\/\/sites\/5\/entete-cout-budget-150x150.jpg",150,150,true],"medium":["https:\/\/www.calvin-thomas.com\/campus\/wp-content\/uploads\/\/sites\/5\/entete-cout-budget-300x300.jpg",300,300,true],"medium_large":["https:\/\/www.calvin-thomas.com\/campus\/wp-content\/uploads\/\/sites\/5\/entete-cout-budget-768x768.jpg",640,640,true],"large":["https:\/\/www.calvin-thomas.com\/campus\/wp-content\/uploads\/\/sites\/5\/entete-cout-budget-1024x1024.jpg",640,640,true],"1536x1536":["https:\/\/www.calvin-thomas.com\/campus\/wp-content\/uploads\/\/sites\/5\/entete-cout-budget.jpg",1200,1200,false],"2048x2048":["https:\/\/www.calvin-thomas.com\/campus\/wp-content\/uploads\/\/sites\/5\/entete-cout-budget.jpg",1200,1200,false]},"uagb_author_info":{"display_name":"redac-calvinthomas","author_link":"https:\/\/www.calvin-thomas.com\/campus\/author\/redac-calvinthomas\/"},"uagb_comment_info":0,"uagb_excerpt":"Ce que co\u00fbte une ann\u00e9e universitaire Si le co\u00fbt des \u00e9tudes sup\u00e9rieures dans les universit\u00e9s anglophones est \u00e9lev\u00e9, les conditions particuli\u00e8res de financement via Campus Access et les financement possibles rendent un tel projet tout \u00e0 fait viable. Le co\u00fbt des \u00e9tudes sup\u00e9rieures \u00e0 l&rsquo;\u00e9trangerLes financements possibles EN SAVOIR PLUS","_links":{"self":[{"href":"https:\/\/www.calvin-thomas.com\/campus\/wp-json\/wp\/v2\/pages\/105"}],"collection":[{"href":"https:\/\/www.calvin-thomas.com\/campus\/wp-json\/wp\/v2\/pages"}],"about":[{"href":"https:\/\/www.calvin-thomas.com\/campus\/wp-json\/wp\/v2\/types\/page"}],"author":[{"embeddable":true,"href":"https:\/\/www.calvin-thomas.com\/campus\/wp-json\/wp\/v2\/users\/1"}],"replies":[{"embeddable":true,"href":"https:\/\/www.calvin-thomas.com\/campus\/wp-json\/wp\/v2\/comments?post=105"}],"version-history":[{"count":0,"href":"https:\/\/www.calvin-thomas.com\/campus\/wp-json\/wp\/v2\/pages\/105\/revisions"}],"up":[{"embeddable":true,"href":"https:\/\/www.calvin-thomas.com\/campus\/wp-json\/wp\/v2\/pages\/11"}],"wp:featuredmedia":[{"embeddable":true,"href":"https:\/\/www.calvin-thomas.com\/campus\/wp-json\/wp\/v2\/media\/1087"}],"wp:attachment":[{"href":"https:\/\/www.calvin-thomas.com\/campus\/wp-json\/wp\/v2\/media?parent=105"}],"curies":[{"name":"wp","href":"https:\/\/api.w.org\/{rel}","templated":true}]}}