{"id":107,"date":"2019-01-15T19:57:37","date_gmt":"2019-01-15T18:57:37","guid":{"rendered":"https:\/\/www.calvin-thomas.com\/campus\/?page_id=107"},"modified":"2024-12-03T17:12:34","modified_gmt":"2024-12-03T16:12:34","slug":"demarches-formalites","status":"publish","type":"page","link":"https:\/\/www.calvin-thomas.com\/campus\/informations-pratiques\/demarches-formalites\/","title":{"rendered":"Les d\u00e9marches et formalit\u00e9s"},"content":{"rendered":"\n<div style=\"height:50px\" aria-hidden=\"true\" class=\"wp-block-spacer\"><\/div>\n\n\n\n<div class=\"wp-block-columns has-2-columns column-centre is-layout-flex wp-container-core-columns-is-layout-1 wp-block-columns-is-layout-flex\">\n<div class=\"wp-block-column is-layout-flow wp-block-column-is-layout-flow\">\n<h2 class=\"wp-block-heading\">\u00c0 partir de maintenant&#8230; <br><\/h2>\n\n\n\n<p>Vous \u00eates d\u00e9cid\u00e9 \u00e0 vous lancer&nbsp;? Vous avez choisi votre programme et votre destination ? Calvin-Thomas vous accompagne dans votre projet et vous d\u00e9taille les \u00e9tapes avant de partir \u00e9tudier \u00e0 l\u2019\u00e9tranger. <\/p>\n<\/div>\n\n\n\n<div class=\"wp-block-column is-layout-flow wp-block-column-is-layout-flow\">\n<ul class=\"liste-menu\">\n<li><a href=\"#section1\">Inscription : les d\u00e9marches \u00e0 suivre<\/a><\/li>\n\n\n\n<li><a href=\"#section2\">Les formalit\u00e9s de d\u00e9part<\/a><\/li>\n<\/ul>\n<\/div>\n<\/div>\n\n\n\n<div style=\"height:50px\" aria-hidden=\"true\" class=\"wp-block-spacer\"><\/div>\n\n\n<section class=\"section-bleuclair\"><\/p>\n\n\n\n<div class=\"wp-block-columns has-2-columns column-centre is-layout-flex wp-container-core-columns-is-layout-2 wp-block-columns-is-layout-flex\">\n<div class=\"wp-block-column is-layout-flow wp-block-column-is-layout-flow\">\n<div style=\"height:30px\" aria-hidden=\"true\" class=\"wp-block-spacer\"><\/div>\n\n\n\n<p class=\"sub-title\"><strong>LES 7 \u00c9TAPES-CL\u00c9S<\/strong><\/p>\n\n\n\n<h3 class=\"wp-block-heading\" id=\"section1\">Inscription : les d\u00e9marches \u00e0 suivre<br><\/h3>\n\n\n\n<p>L&rsquo;\u00e9quipe Calvin-Thomas, avec ses 30 ans d&rsquo;exp\u00e9rience, vous accompagne tout au long du projet de placement dans un programme universitaire qui correspond \u00e0 vos objectifs personnels et \u00e0 vos ambitions professionnelles.<\/p>\n<\/div>\n\n\n\n<div class=\"wp-block-column is-layout-flow wp-block-column-is-layout-flow\">\n<figure class=\"wp-block-image\"><img loading=\"lazy\" decoding=\"async\" width=\"393\" height=\"350\" src=\"https:\/\/www.calvin-thomas.com\/campus\/wp-content\/uploads\/\/sites\/5\/inscription-universite-anglophone.jpg\" alt=\"d\u00e9marches &amp; dossier d'inscription dans une universit\u00e9 anglophone\" class=\"wp-image-182\" srcset=\"https:\/\/www.calvin-thomas.com\/campus\/wp-content\/uploads\/\/sites\/5\/inscription-universite-anglophone.jpg 393w, https:\/\/www.calvin-thomas.com\/campus\/wp-content\/uploads\/\/sites\/5\/inscription-universite-anglophone-300x267.jpg 300w\" sizes=\"(max-width: 393px) 100vw, 393px\" \/><\/figure>\n<\/div>\n<\/div>\n\n\n\n<ul class=\"timeline content-centre\">\n<li><h4>Demande de dossier d&rsquo;inscription<\/h4><br>Cette demande s&rsquo;effectue <strong>par e-mail, t\u00e9l\u00e9phone ou directement sur notre site Internet.<\/strong><br> <br><strong>Le dossier d\u2019inscription au programme comprend les \u00e9l\u00e9ments suivants :<\/strong><br> \u2022 Un formulaire d\u2019inscription en fran\u00e7ais<br> \u2022 Un Curriculum Vitae en anglais<br> \u2022 Une lettre de motivation en anglais<br> \u2022 Les bulletins scolaires et, le cas \u00e9ch\u00e9ant, des r\u00e9sultats universitaires<br> \u2022 Les copies des dipl\u00f4mes<br> \u2022 Les r\u00e9sultats du TOEFL ou du test Duolingo (un dossier peut \u00eatre engag\u00e9 par un candidat avant qu\u2019il ait pass\u00e9 le TOEFL)<br> \u2022 Les lettres de recommandation ou de r\u00e9f\u00e9rences<br> \u2022 Le r\u00e8glement des frais d\u2019inscription (80\u20ac)<br> \u2022 L&rsquo;attestation de garantie financi\u00e8re (cette attestation bancaire est exig\u00e9e dans un second temps par l\u2019universit\u00e9).<\/li>\n\n\n\n<li><h4>Entretien<\/h4><br>Suite au r\u00e8glement des \u201cfrais d\u2019inscription\u201d (80\u20ac), <strong>vous rencontrez un conseiller Calvin-Thomas<\/strong> pour l\u2019entretien d\u2019\u00e9valuation, la mise en place du projet et l\u2019aide \u00e0 la finalisation de votre dossier.<br> <br><strong>L\u2019entretien de s\u00e9lection<\/strong> porte sur la motivation, les centres d\u2019int\u00e9r\u00eats, l\u2019objectif et les aptitudes du candidat. Il a pour fonction de <strong>pr\u00e9senter le programme en d\u00e9tail<\/strong>, d\u2019<strong>\u00e9valuer les aptitudes<\/strong> du candidat en fonction de la formule choisie et d\u2019<strong>\u00e9valuer sa capacit\u00e9 d\u2019adaptation, sa disponibilit\u00e9<\/strong> \u00e0 s\u2019ouvrir au monde universitaire am\u00e9ricain et \u00e0 participer \u00e0 la vie du campus. <\/li>\n\n\n\n<li><h4>Acceptation<br><\/h4><br>Vous recevez ensuite <strong>un courrier d\u2019acceptation<\/strong> au programme Campus Access. Vous avez \u00e9galement acc\u00e8s aux <strong>propositions d\u2019universit\u00e9s<\/strong> selon la destination choisie.<\/li>\n\n\n\n<li><h4>Choix de l&rsquo;universit\u00e9<\/h4><br><strong>Vous choisissez l\u2019\u00e9tablissement universitaire<\/strong> qui vous convient et, pour les \u00c9tats-Unis, la bourse d\u2019\u00e9tudes associ\u00e9e. \u00c0 ce stade, vous r\u00e9gler \u00e9galement les \u201cfrais de placement\u201d (tarifs variant selon la destination).<\/li>\n\n\n\n<li><h4>Placement &amp; inscription<\/h4><br>L&rsquo;\u00e9tudiant transmet les <strong>documents exig\u00e9s par l\u2019universit\u00e9<\/strong> (dossier de candidature, attestation bancaire, formulaire d\u2019h\u00e9bergement, etc.). Le projet se concr\u00e9tise avec le placement en universit\u00e9.<\/li>\n\n\n\n<li><h4>Obtention du visa<\/h4><br>Pour un placement aux \u00c9tats-Unis, l\u2019universit\u00e9 \u00e9dite le <strong>formulaire \u201cI-20\u201d<\/strong>. Ensuite, le participant<strong> se rend \u00e0 l\u2019ambassade des \u00c9tats-Unis \u00e0 Paris<\/strong> pour l\u2019obtention de son visa (uniquement sur RDV).<br>Pour les autres destinations (Royaume-Uni, Nouvelle-Z\u00e9lande), la marche \u00e0 suivre pour obtenir son visa est fournie par Calvin-Thomas.<\/li>\n\n\n\n<li><h4>D\u00e9part<\/h4><br>La <strong>mise en place du voyage et des formalit\u00e9s de d\u00e9part<\/strong> sont \u00e0 effectuer. <br>Les \u201cfrais universitaires\u201d doivent \u00eatre r\u00e9gl\u00e9s directement aupr\u00e8s de l\u2019universit\u00e9 au d\u00e9but de chaque semestre.<\/li>\n<\/ul>\n\n\n\n<div style=\"height:50px\" aria-hidden=\"true\" class=\"wp-block-spacer\"><\/div>\n\n\n<p><\/section>\n\n\n<section class=\"section-gris\"><\/p>\n\n\n\n<div class=\"wp-block-columns has-2-columns column-centre centrer-hauteur is-layout-flex wp-container-core-columns-is-layout-3 wp-block-columns-is-layout-flex\">\n<div class=\"wp-block-column is-layout-flow wp-block-column-is-layout-flow\"><\/div>\n\n\n\n<div class=\"wp-block-column is-layout-flow wp-block-column-is-layout-flow\">\n<p class=\"sub-title\"><strong>VISA &amp; VOYAGE<\/strong><\/p>\n\n\n\n<h3 class=\"wp-block-heading\" id=\"section3\">Les formalit\u00e9s de d\u00e9part<br><\/h3>\n\n\n\n<p>\u00c0 l\u2019exception du Royaume-Uni, toutes les formules du programme Campus Access, quelles que soient leur dur\u00e9e, requi\u00e8rent la possession d\u2019un passeport. Il doit \u00eatre valable au moins 6 mois apr\u00e8s la date de retour. Un visa d\u2019\u00e9tude sera \u00e9galement n\u00e9cessaire.<\/p>\n<\/div>\n<\/div>\n\n\n\n<div class=\"wp-block-columns has-2-columns column-centre is-layout-flex wp-container-core-columns-is-layout-4 wp-block-columns-is-layout-flex\">\n<div class=\"wp-block-column is-layout-flow wp-block-column-is-layout-flow\">\n<p><\/p>\n<\/div>\n\n\n\n<div class=\"wp-block-column is-layout-flow wp-block-column-is-layout-flow\">\n<p><\/p>\n<\/div>\n<\/div>\n\n\n\n<div class=\"wp-block-columns has-2-columns column-centre centrer-hauteur is-layout-flex wp-container-core-columns-is-layout-5 wp-block-columns-is-layout-flex\">\n<div class=\"wp-block-column is-layout-flow wp-block-column-is-layout-flow\">\n<figure class=\"wp-block-image\"><img loading=\"lazy\" decoding=\"async\" width=\"900\" height=\"530\" src=\"https:\/\/www.calvin-thomas.com\/campus\/wp-content\/uploads\/\/sites\/5\/passeport.jpg\" alt=\"visa pour des \u00e9tudes universitaire aux USA\" class=\"wp-image-146\" srcset=\"https:\/\/www.calvin-thomas.com\/campus\/wp-content\/uploads\/\/sites\/5\/passeport.jpg 900w, https:\/\/www.calvin-thomas.com\/campus\/wp-content\/uploads\/\/sites\/5\/passeport-300x177.jpg 300w, https:\/\/www.calvin-thomas.com\/campus\/wp-content\/uploads\/\/sites\/5\/passeport-768x452.jpg 768w\" sizes=\"(max-width: 900px) 100vw, 900px\" \/><\/figure>\n<\/div>\n\n\n\n<div class=\"wp-block-column is-layout-flow wp-block-column-is-layout-flow\">\n<h4 class=\"wp-block-heading\">VISA<\/h4>\n\n\n\n<p>Tout \u00e9tudiant fran\u00e7ais inscrit dans une universit\u00e9 am\u00e9ricaine <strong>doit \u00eatre en possession d\u2019un visa F1.<\/strong> En tant que participant au programme, l\u2019\u00e9tudiant fran\u00e7ais <strong>se voit d\u00e9livrer le document I-20<\/strong> par l&rsquo;universit\u00e9 qui lui permet de d\u00e9poser sa demande aupr\u00e8s des autorit\u00e9s consulaires comp\u00e9tentes, et d\u2019obtenir le visa appropri\u00e9.<\/p>\n\n\n\n<p><strong>Guid\u00e9 par Calvin-Thomas, <\/strong>le participant <strong>se charge de prendre rendez-vous \u00e0 l\u2019ambassade et de s\u2019y rendre.<\/strong><\/p>\n<\/div>\n<\/div>\n\n\n\n<div style=\"height:50px\" aria-hidden=\"true\" class=\"wp-block-spacer\"><\/div>\n\n\n\n<div class=\"wp-block-columns has-2-columns column-centre centrer-hauteur is-layout-flex wp-container-core-columns-is-layout-6 wp-block-columns-is-layout-flex\">\n<div class=\"wp-block-column is-layout-flow wp-block-column-is-layout-flow\">\n<h4 class=\"wp-block-heading\">VOYAGE<\/h4>\n\n\n\n<p><strong>Calvin-Thomas peut aider <\/strong>le participant qui le d\u00e9sire<strong> \u00e0 mettre en place son voyage<\/strong>, de sa r\u00e9sidence en France \u00e0 son lieu de r\u00e9sidence aux USA. Calvin-Thomas peut \u00e9galement l\u2019aider dans ses d\u00e9marches notamment en le <strong>mettant en relation avec une agence de voyages sp\u00e9cialis\u00e9e<\/strong> dans les s\u00e9jours de longue dur\u00e9e en Am\u00e9rique du Nord (vols modifiables \u00e0 des prix int\u00e9ressants).<\/p>\n\n\n\n<p><strong>Le co\u00fbt du transport est pris en charge par le participant.<\/strong><\/p>\n<\/div>\n\n\n\n<div class=\"wp-block-column is-layout-flow wp-block-column-is-layout-flow\">\n<figure class=\"wp-block-image\"><img loading=\"lazy\" decoding=\"async\" width=\"900\" height=\"624\" src=\"https:\/\/www.calvin-thomas.com\/campus\/wp-content\/uploads\/\/sites\/5\/voyage.jpg\" alt=\"pr\u00e9parer son voyage d'\u00e9tude\" class=\"wp-image-537\" srcset=\"https:\/\/www.calvin-thomas.com\/campus\/wp-content\/uploads\/\/sites\/5\/voyage.jpg 900w, https:\/\/www.calvin-thomas.com\/campus\/wp-content\/uploads\/\/sites\/5\/voyage-300x208.jpg 300w, https:\/\/www.calvin-thomas.com\/campus\/wp-content\/uploads\/\/sites\/5\/voyage-768x532.jpg 768w\" sizes=\"(max-width: 900px) 100vw, 900px\" \/><\/figure>\n<\/div>\n<\/div>\n\n\n<p><\/section>\n\n\n\n<div style=\"height:50px\" aria-hidden=\"true\" class=\"wp-block-spacer\"><\/div>\n","protected":false},"excerpt":{"rendered":"<p>\u00c0 partir de maintenant&#8230; <\/p>\n<p>Vous \u00eates d\u00e9cid\u00e9 \u00e0 vous lancer&nbsp;? Vous avez choisi votre programme et votre destination ? Calvin-Thomas vous accompagne dans votre projet et vous d\u00e9taille les \u00e9tapes avant de partir \u00e9tudier \u00e0 l\u2019\u00e9tranger. <\/p>\n<ul class=\"liste-menu\">\n<li><a href=\"#section1\">Inscription : les d\u00e9marches \u00e0 suivre<\/a><\/li>\n<li><a href=\"#section2\">Les formalit\u00e9s de d\u00e9part<\/a><\/li>\n<\/ul>\n<p> <a class=\"btn couleur large\" href=\"https:\/\/www.calvin-thomas.com\/campus\/informations-pratiques\/demarches-formalites\/\">EN SAVOIR PLUS <\/a><\/p>\n","protected":false},"author":1,"featured_media":189,"parent":11,"menu_order":0,"comment_status":"closed","ping_status":"closed","template":"","meta":{"_uag_custom_page_level_css":""},"uagb_featured_image_src":{"full":["https:\/\/www.calvin-thomas.com\/campus\/wp-content\/uploads\/\/sites\/5\/entete-points-pratiques.jpg",1200,1200,false],"thumbnail":["https:\/\/www.calvin-thomas.com\/campus\/wp-content\/uploads\/\/sites\/5\/entete-points-pratiques-150x150.jpg",150,150,true],"medium":["https:\/\/www.calvin-thomas.com\/campus\/wp-content\/uploads\/\/sites\/5\/entete-points-pratiques-300x300.jpg",300,300,true],"medium_large":["https:\/\/www.calvin-thomas.com\/campus\/wp-content\/uploads\/\/sites\/5\/entete-points-pratiques-768x768.jpg",640,640,true],"large":["https:\/\/www.calvin-thomas.com\/campus\/wp-content\/uploads\/\/sites\/5\/entete-points-pratiques-1024x1024.jpg",640,640,true],"1536x1536":["https:\/\/www.calvin-thomas.com\/campus\/wp-content\/uploads\/\/sites\/5\/entete-points-pratiques.jpg",1200,1200,false],"2048x2048":["https:\/\/www.calvin-thomas.com\/campus\/wp-content\/uploads\/\/sites\/5\/entete-points-pratiques.jpg",1200,1200,false]},"uagb_author_info":{"display_name":"redac-calvinthomas","author_link":"https:\/\/www.calvin-thomas.com\/campus\/author\/redac-calvinthomas\/"},"uagb_comment_info":0,"uagb_excerpt":"\u00c0 partir de maintenant&#8230; Vous \u00eates d\u00e9cid\u00e9 \u00e0 vous lancer&nbsp;? Vous avez choisi votre programme et votre destination ? Calvin-Thomas vous accompagne dans votre projet et vous d\u00e9taille les \u00e9tapes avant de partir \u00e9tudier \u00e0 l\u2019\u00e9tranger. Inscription : les d\u00e9marches \u00e0 suivre Les formalit\u00e9s de d\u00e9part EN SAVOIR PLUS","_links":{"self":[{"href":"https:\/\/www.calvin-thomas.com\/campus\/wp-json\/wp\/v2\/pages\/107"}],"collection":[{"href":"https:\/\/www.calvin-thomas.com\/campus\/wp-json\/wp\/v2\/pages"}],"about":[{"href":"https:\/\/www.calvin-thomas.com\/campus\/wp-json\/wp\/v2\/types\/page"}],"author":[{"embeddable":true,"href":"https:\/\/www.calvin-thomas.com\/campus\/wp-json\/wp\/v2\/users\/1"}],"replies":[{"embeddable":true,"href":"https:\/\/www.calvin-thomas.com\/campus\/wp-json\/wp\/v2\/comments?post=107"}],"version-history":[{"count":0,"href":"https:\/\/www.calvin-thomas.com\/campus\/wp-json\/wp\/v2\/pages\/107\/revisions"}],"up":[{"embeddable":true,"href":"https:\/\/www.calvin-thomas.com\/campus\/wp-json\/wp\/v2\/pages\/11"}],"wp:featuredmedia":[{"embeddable":true,"href":"https:\/\/www.calvin-thomas.com\/campus\/wp-json\/wp\/v2\/media\/189"}],"wp:attachment":[{"href":"https:\/\/www.calvin-thomas.com\/campus\/wp-json\/wp\/v2\/media?parent=107"}],"curies":[{"name":"wp","href":"https:\/\/api.w.org\/{rel}","templated":true}]}}