{"id":1542,"date":"2020-04-15T18:43:27","date_gmt":"2020-04-15T16:43:27","guid":{"rendered":"https:\/\/www.calvin-thomas.com\/campus\/?page_id=1542"},"modified":"2020-04-16T15:02:38","modified_gmt":"2020-04-16T13:02:38","slug":"inscription-programme-campus-access","status":"publish","type":"page","link":"https:\/\/www.calvin-thomas.com\/campus\/inscription-programme-campus-access\/","title":{"rendered":"Inscription au programme Campus Access"},"content":{"rendered":"\n<div style=\"height:80px\" aria-hidden=\"true\" class=\"wp-block-spacer\"><\/div>\n\n\n\n<p style=\"font-size:18px;text-align:center\" class=\"content-centrer\">Vous souhaitez recevoir votre dossier ou vous avez une question.<br>Pour cela, merci de compl\u00e9ter notre formulaire ci-dessous en quelques clics&nbsp;!<\/p>\n\n\n\n<div style=\"height:80px\" aria-hidden=\"true\" class=\"wp-block-spacer\"><\/div>\n\n\n\n<div class=\"wpcf7 no-js\" id=\"wpcf7-f1540-o1\" lang=\"fr-FR\" dir=\"ltr\">\n<div class=\"screen-reader-response\"><p role=\"status\" aria-live=\"polite\" aria-atomic=\"true\"><\/p> <ul><\/ul><\/div>\n<form action=\"\/campus\/wp-json\/wp\/v2\/pages\/1542#wpcf7-f1540-o1\" method=\"post\" class=\"wpcf7-form init\" aria-label=\"Formulaire de contact\" novalidate=\"novalidate\" data-status=\"init\">\n<div style=\"display: none;\">\n<input type=\"hidden\" name=\"_wpcf7\" value=\"1540\" \/>\n<input type=\"hidden\" name=\"_wpcf7_version\" value=\"5.9.3\" \/>\n<input type=\"hidden\" name=\"_wpcf7_locale\" value=\"fr_FR\" \/>\n<input type=\"hidden\" name=\"_wpcf7_unit_tag\" value=\"wpcf7-f1540-o1\" \/>\n<input type=\"hidden\" name=\"_wpcf7_container_post\" value=\"0\" \/>\n<input type=\"hidden\" name=\"_wpcf7_posted_data_hash\" value=\"\" \/>\n<input type=\"hidden\" name=\"_wpcf7cf_hidden_group_fields\" value=\"[]\" \/>\n<input type=\"hidden\" name=\"_wpcf7cf_hidden_groups\" value=\"[]\" \/>\n<input type=\"hidden\" name=\"_wpcf7cf_visible_groups\" value=\"[]\" \/>\n<input type=\"hidden\" name=\"_wpcf7cf_repeaters\" value=\"[]\" \/>\n<input type=\"hidden\" name=\"_wpcf7cf_steps\" value=\"{}\" \/>\n<input type=\"hidden\" name=\"_wpcf7cf_options\" value=\"{&quot;form_id&quot;:1540,&quot;conditions&quot;:[{&quot;then_field&quot;:&quot;group-usa&quot;,&quot;and_rules&quot;:[{&quot;if_field&quot;:&quot;radio-1&quot;,&quot;operator&quot;:&quot;equals&quot;,&quot;if_value&quot;:&quot;\\u00c9tats-Unis&quot;}]},{&quot;then_field&quot;:&quot;group-usa-date&quot;,&quot;and_rules&quot;:[{&quot;if_field&quot;:&quot;radio-1&quot;,&quot;operator&quot;:&quot;equals&quot;,&quot;if_value&quot;:&quot;\\u00c9tats-Unis&quot;}]},{&quot;then_field&quot;:&quot;group-nz-date&quot;,&quot;and_rules&quot;:[{&quot;if_field&quot;:&quot;radio-1&quot;,&quot;operator&quot;:&quot;equals&quot;,&quot;if_value&quot;:&quot;Nouvelle-Z\\u00e9lande&quot;}]},{&quot;then_field&quot;:&quot;group-uk-date&quot;,&quot;and_rules&quot;:[{&quot;if_field&quot;:&quot;radio-1&quot;,&quot;operator&quot;:&quot;equals&quot;,&quot;if_value&quot;:&quot;Royaume-Uni&quot;}]}],&quot;settings&quot;:{&quot;animation&quot;:&quot;yes&quot;,&quot;animation_intime&quot;:200,&quot;animation_outtime&quot;:200,&quot;conditions_ui&quot;:&quot;normal&quot;,&quot;notice_dismissed&quot;:false}}\" \/>\n<\/div>\n<p><span class=\"wpcf7-form-control-wrap\" data-name=\"prenom\"><input size=\"40\" class=\"wpcf7-form-control wpcf7-text wpcf7-validates-as-required\" aria-required=\"true\" aria-invalid=\"false\" value=\"\" type=\"text\" name=\"prenom\" \/><\/span><br \/>\n<span class=\"wpcf7-form-control-wrap\" data-name=\"nom\"><input size=\"40\" class=\"wpcf7-form-control wpcf7-text wpcf7-validates-as-required\" aria-required=\"true\" aria-invalid=\"false\" value=\"\" type=\"text\" name=\"nom\" \/><\/span><br \/>\n<span class=\"wpcf7-form-control-wrap\" data-name=\"email\"><input size=\"40\" class=\"wpcf7-form-control wpcf7-email wpcf7-validates-as-required wpcf7-text wpcf7-validates-as-email\" aria-required=\"true\" aria-invalid=\"false\" value=\"\" type=\"email\" name=\"email\" \/><\/span><br \/>\n<span class=\"wpcf7-form-control-wrap\" data-name=\"telephone\"><input size=\"40\" class=\"wpcf7-form-control wpcf7-tel wpcf7-text wpcf7-validates-as-tel\" aria-invalid=\"false\" value=\"\" type=\"tel\" name=\"telephone\" \/><\/span><br \/>\n<span class=\"wpcf7-form-control-wrap\" data-name=\"pays\"><input size=\"40\" class=\"wpcf7-form-control wpcf7-text wpcf7-validates-as-required\" aria-required=\"true\" aria-invalid=\"false\" value=\"\" type=\"text\" name=\"pays\" \/><\/span><br \/>\n<span class=\"wpcf7-form-control-wrap\" data-name=\"departement\"><input size=\"40\" class=\"wpcf7-form-control wpcf7-text wpcf7-validates-as-required\" aria-required=\"true\" aria-invalid=\"false\" value=\"\" type=\"text\" name=\"departement\" \/><\/span><br \/>\n<span class=\"wpcf7-form-control-wrap\" data-name=\"date-naissance\"><input size=\"40\" class=\"wpcf7-form-control wpcf7-text wpcf7-validates-as-required\" aria-required=\"true\" aria-invalid=\"false\" value=\"\" type=\"text\" name=\"date-naissance\" \/><\/span>\n<\/p>\n<p>Je suis citoyen europ\u00e9en et je peux pr\u00e9senter la copie d'un passeport delivr\u00e9 par un pays membre de l'Union Europ\u00e9enne (UE\/EEE\/CH) ?<br \/>\n<span class=\"wpcf7-form-control-wrap\" data-name=\"radio-694\"><span class=\"wpcf7-form-control wpcf7-radio\"><span class=\"wpcf7-list-item first\"><input type=\"radio\" name=\"radio-694\" value=\"oui\" checked=\"checked\" \/><span class=\"wpcf7-list-item-label\">oui<\/span><\/span><span class=\"wpcf7-list-item last\"><input type=\"radio\" name=\"radio-694\" value=\"non\" \/><span class=\"wpcf7-list-item-label\">non<\/span><\/span><\/span><\/span>\n<\/p>\n<p class=\"sous-titre\">Je souhaite m'inscrire pour le programme Campus Access :\n<\/p>\n<h6>Destination :\n<\/h6>\n<p><span class=\"wpcf7-form-control-wrap\" data-name=\"radio-1\"><span class=\"wpcf7-form-control wpcf7-radio case-cocher\"><span class=\"wpcf7-list-item first\"><label><input type=\"radio\" name=\"radio-1\" value=\"\u00c9tats-Unis\" checked=\"checked\" \/><span class=\"wpcf7-list-item-label\">\u00c9tats-Unis<\/span><\/label><\/span><span class=\"wpcf7-list-item\"><label><input type=\"radio\" name=\"radio-1\" value=\"Nouvelle-Z\u00e9lande\" \/><span class=\"wpcf7-list-item-label\">Nouvelle-Z\u00e9lande<\/span><\/label><\/span><span class=\"wpcf7-list-item last\"><label><input type=\"radio\" name=\"radio-1\" value=\"Royaume-Uni\" \/><span class=\"wpcf7-list-item-label\">Royaume-Uni<\/span><\/label><\/span><\/span><\/span>\n<\/p>\n<div data-id=\"group-usa\" data-orig_data_id=\"group-usa\" data-clear_on_hide data-class=\"wpcf7cf_group\">\n\t<h6>Formule :\n\t<\/h6>\n\t<p><span class=\"wpcf7-form-control-wrap\" data-name=\"radio-2-usa\"><span class=\"wpcf7-form-control wpcf7-radio case-cocher\"><span class=\"wpcf7-list-item first\"><label><input type=\"radio\" name=\"radio-2-usa\" value=\"Academic (de 1 \u00e0 4 ans \u2014 Bachelor)\" checked=\"checked\" \/><span class=\"wpcf7-list-item-label\">Academic (de 1 \u00e0 4 ans \u2014 Bachelor)<\/span><\/label><\/span><span class=\"wpcf7-list-item\"><label><input type=\"radio\" name=\"radio-2-usa\" value=\"Master (de 1 \u00e0 2 ans \u2014 Master)\" \/><span class=\"wpcf7-list-item-label\">Master (de 1 \u00e0 2 ans \u2014 Master)<\/span><\/label><\/span><span class=\"wpcf7-list-item last\"><label><input type=\"radio\" name=\"radio-2-usa\" value=\"Intensive English (1 semestre)\" \/><span class=\"wpcf7-list-item-label\">Intensive English (1 semestre)<\/span><\/label><\/span><\/span><\/span>\n\t<\/p>\n<\/div>\n<div data-id=\"group-usa-date\" data-orig_data_id=\"group-usa-date\" data-clear_on_hide data-class=\"wpcf7cf_group\">\n\t<h6>P\u00e9riode de d\u00e9part :\n\t<\/h6>\n\t<p><span class=\"wpcf7-form-control-wrap\" data-name=\"radio-18\"><span class=\"wpcf7-form-control wpcf7-radio case-cocher\"><span class=\"wpcf7-list-item first\"><label><input type=\"radio\" name=\"radio-18\" value=\"Janvier 2025 (Spring&#039;25)\" checked=\"checked\" \/><span class=\"wpcf7-list-item-label\">Janvier 2025 (Spring&#039;25)<\/span><\/label><\/span><span class=\"wpcf7-list-item\"><label><input type=\"radio\" name=\"radio-18\" value=\"Ao\u00fbt 2025 (Fall&#039;25)\" \/><span class=\"wpcf7-list-item-label\">Ao\u00fbt 2025 (Fall&#039;25)<\/span><\/label><\/span><span class=\"wpcf7-list-item last\"><label><input type=\"radio\" name=\"radio-18\" value=\"Janvier 2026 (Spring&#039;26)\" \/><span class=\"wpcf7-list-item-label\">Janvier 2026 (Spring&#039;26)<\/span><\/label><\/span><\/span><\/span>\n\t<\/p>\n<\/div>\n<div data-id=\"group-nz-date\" data-orig_data_id=\"group-nz-date\" data-clear_on_hide data-class=\"wpcf7cf_group\">\n\t<h6>P\u00e9riode de d\u00e9part :\n\t<\/h6>\n\t<p><span class=\"wpcf7-form-control-wrap\" data-name=\"radio-19\"><span class=\"wpcf7-form-control wpcf7-radio case-cocher\"><span class=\"wpcf7-list-item first\"><label><input type=\"radio\" name=\"radio-19\" value=\"Janvier 2025\" checked=\"checked\" \/><span class=\"wpcf7-list-item-label\">Janvier 2025<\/span><\/label><\/span><span class=\"wpcf7-list-item\"><label><input type=\"radio\" name=\"radio-19\" value=\"Ao\u00fbt 2025\" \/><span class=\"wpcf7-list-item-label\">Ao\u00fbt 2025<\/span><\/label><\/span><span class=\"wpcf7-list-item last\"><label><input type=\"radio\" name=\"radio-19\" value=\"Janvier 2026\" \/><span class=\"wpcf7-list-item-label\">Janvier 2026<\/span><\/label><\/span><\/span><\/span>\n\t<\/p>\n<\/div>\n<div data-id=\"group-uk-date\" data-orig_data_id=\"group-uk-date\" data-clear_on_hide data-class=\"wpcf7cf_group\">\n\t<h6>P\u00e9riode de d\u00e9part :\n\t<\/h6>\n\t<p><span class=\"wpcf7-form-control-wrap\" data-name=\"radio-20\"><span class=\"wpcf7-form-control wpcf7-radio case-cocher\"><span class=\"wpcf7-list-item first\"><label><input type=\"radio\" name=\"radio-20\" value=\"Janvier 2025\" checked=\"checked\" \/><span class=\"wpcf7-list-item-label\">Janvier 2025<\/span><\/label><\/span><span class=\"wpcf7-list-item\"><label><input type=\"radio\" name=\"radio-20\" value=\"Ao\u00fbt 2025\" \/><span class=\"wpcf7-list-item-label\">Ao\u00fbt 2025<\/span><\/label><\/span><span class=\"wpcf7-list-item last\"><label><input type=\"radio\" name=\"radio-20\" value=\"Janvier 2026\" \/><span class=\"wpcf7-list-item-label\">Janvier 2026<\/span><\/label><\/span><\/span><\/span>\n\t<\/p>\n<\/div>\n<p class=\"legende\">Les donn\u00e9es personnelles vous concernant recueillies par Calvin-Thomas font l\u2019objet d\u2019un traitement informatique destin\u00e9 \u00e0 r\u00e9pondre \u00e0 vos demandes. Ce traitement est bas\u00e9 sur votre consentement. Les destinataires des donn\u00e9es sont uniquement le personnel de Calvin-Thomas. Ces donn\u00e9es seront conserv\u00e9es pendant une dur\u00e9e de 3 ans \u00e0 compter de notre dernier contact et archiv\u00e9es pendant une dur\u00e9e de 5 ans maximum. Conform\u00e9ment \u00e0 la r\u00e8glementation en vigueur, vous b\u00e9n\u00e9ficiez d\u2019un droit d\u2019acc\u00e8s, de rectification, d\u2019effacement, de limitation et de portabilit\u00e9 de vos donn\u00e9es personnelles, du droit de d\u00e9finir des directives relatives au sort de ses donn\u00e9es personnelles apr\u00e8s votre mort, et du droit de formuler un recours devant une autorit\u00e9 de contr\u00f4le. Vous pouvez \u00e9galement, pour un motif l\u00e9gitime, vous opposer au traitement des donn\u00e9es personnelles vous concernant. Si vous souhaitez exercer ces droits merci de vous adresser \u00e0 Calvin-Thomas - 36, rue des Cordeliers - 13100 Aix-en-Provence ou campus(at)calvin-thomas.com.\n<\/p>\n<p><input class=\"wpcf7-form-control wpcf7-submit has-spinner\" type=\"submit\" value=\"Envoyer\" \/>\n<\/p><div class=\"wpcf7-response-output\" aria-hidden=\"true\"><\/div>\n<\/form>\n<\/div>\n\n\n\n\n<div style=\"height:100px\" aria-hidden=\"true\" class=\"wp-block-spacer\"><\/div>\n","protected":false},"excerpt":{"rendered":"<p style=\"font-size:18px;text-align:center\" class=\"content-centrer\">Vous souhaitez recevoir votre dossier ou vous avez une question.<br \/>Pour cela, merci de compl\u00e9ter notre formulaire ci-dessous en quelques clics&nbsp;!<\/p>\n<p> <a class=\"btn couleur large\" href=\"https:\/\/www.calvin-thomas.com\/campus\/inscription-programme-campus-access\/\">EN SAVOIR PLUS <\/a><\/p>\n","protected":false},"author":1,"featured_media":1550,"parent":0,"menu_order":0,"comment_status":"closed","ping_status":"closed","template":"","meta":{"_uag_custom_page_level_css":""},"uagb_featured_image_src":{"full":["https:\/\/www.calvin-thomas.com\/campus\/wp-content\/uploads\/\/sites\/5\/entete-inscription.jpg",1200,1200,false],"thumbnail":["https:\/\/www.calvin-thomas.com\/campus\/wp-content\/uploads\/\/sites\/5\/entete-inscription-150x150.jpg",150,150,true],"medium":["https:\/\/www.calvin-thomas.com\/campus\/wp-content\/uploads\/\/sites\/5\/entete-inscription-300x300.jpg",300,300,true],"medium_large":["https:\/\/www.calvin-thomas.com\/campus\/wp-content\/uploads\/\/sites\/5\/entete-inscription-768x768.jpg",640,640,true],"large":["https:\/\/www.calvin-thomas.com\/campus\/wp-content\/uploads\/\/sites\/5\/entete-inscription-1024x1024.jpg",640,640,true],"1536x1536":["https:\/\/www.calvin-thomas.com\/campus\/wp-content\/uploads\/\/sites\/5\/entete-inscription.jpg",1200,1200,false],"2048x2048":["https:\/\/www.calvin-thomas.com\/campus\/wp-content\/uploads\/\/sites\/5\/entete-inscription.jpg",1200,1200,false]},"uagb_author_info":{"display_name":"redac-calvinthomas","author_link":"https:\/\/www.calvin-thomas.com\/campus\/author\/redac-calvinthomas\/"},"uagb_comment_info":0,"uagb_excerpt":"Vous souhaitez recevoir votre dossier ou vous avez une question.Pour cela, merci de compl\u00e9ter notre formulaire ci-dessous en quelques clics&nbsp;! EN SAVOIR PLUS","_links":{"self":[{"href":"https:\/\/www.calvin-thomas.com\/campus\/wp-json\/wp\/v2\/pages\/1542"}],"collection":[{"href":"https:\/\/www.calvin-thomas.com\/campus\/wp-json\/wp\/v2\/pages"}],"about":[{"href":"https:\/\/www.calvin-thomas.com\/campus\/wp-json\/wp\/v2\/types\/page"}],"author":[{"embeddable":true,"href":"https:\/\/www.calvin-thomas.com\/campus\/wp-json\/wp\/v2\/users\/1"}],"replies":[{"embeddable":true,"href":"https:\/\/www.calvin-thomas.com\/campus\/wp-json\/wp\/v2\/comments?post=1542"}],"version-history":[{"count":0,"href":"https:\/\/www.calvin-thomas.com\/campus\/wp-json\/wp\/v2\/pages\/1542\/revisions"}],"wp:featuredmedia":[{"embeddable":true,"href":"https:\/\/www.calvin-thomas.com\/campus\/wp-json\/wp\/v2\/media\/1550"}],"wp:attachment":[{"href":"https:\/\/www.calvin-thomas.com\/campus\/wp-json\/wp\/v2\/media?parent=1542"}],"curies":[{"name":"wp","href":"https:\/\/api.w.org\/{rel}","templated":true}]}}