{"id":317,"date":"2019-01-28T19:17:15","date_gmt":"2019-01-28T18:17:15","guid":{"rendered":"https:\/\/www.calvin-thomas.com\/campus\/?page_id=317"},"modified":"2020-02-07T14:23:31","modified_gmt":"2020-02-07T13:23:31","slug":"quand-partir-etudier-campus-universitaire-etranger","status":"publish","type":"page","link":"https:\/\/www.calvin-thomas.com\/campus\/programme-campus-access\/quand-partir-etudier-campus-universitaire-etranger\/","title":{"rendered":"Quand partir \u00e9tudier \u00e0 l&rsquo;\u00e9tranger ?"},"content":{"rendered":"\n<div style=\"height:50px\" class=\"wp-block-spacer\"><\/div>\n\n\n\n<div class=\"wp-block-columns has-2-columns column-centre is-layout-flex wp-container-core-columns-is-layout-1 wp-block-columns-is-layout-flex\">\n<div class=\"wp-block-column is-layout-flow wp-block-column-is-layout-flow\">\n<h2 class=\"wp-block-heading\">Sauter le pas <\/h2>\n\n\n\n<p>Choisir le bon moment pour partir n\u2019est pas chose ais\u00e9e. Notre programme pour int\u00e9grer un campus universitaire anglophone est ouvert \u00e0 tous les \u00e9tudiants, et ce d\u00e8s la classe de Terminale pour une ann\u00e9e ou un cycle d\u2019\u00e9tudes complet. Pour les participants ayant d\u00e9j\u00e0 entam\u00e9s leurs \u00e9tudes sup\u00e9rieures, la possibilit\u00e9 vous est offerte de compl\u00e9ter votre formation \u00e0 l\u2019\u00e9tranger. Quelle que soit votre destination, vous avez le choix de faire votre rentr\u00e9e en Janvier et en Ao\u00fbt. Vous h\u00e9sitez encore&nbsp;? Nous allons vous guider.<\/p>\n<\/div>\n\n\n\n<div class=\"wp-block-column is-layout-flow wp-block-column-is-layout-flow\">\n<ul class=\"liste-menu\"><li><a href=\"#section1\">Le bon moment pour partir \u00e9tudier sur un campus universitaire \u00e9tranger<\/a><\/li><li><a href=\"#section2\">Les dates de d\u00e9part possibles<\/a><\/li><\/ul>\n<\/div>\n<\/div>\n\n\n\n<div style=\"height:50px\" class=\"wp-block-spacer\"><\/div>\n\n\n<section class=\"section-beige\"><\/p>\n\n\n\n<div class=\"wp-block-columns has-2-columns column-centre centrer-hauteur is-layout-flex wp-container-core-columns-is-layout-2 wp-block-columns-is-layout-flex\">\n<div class=\"wp-block-column is-layout-flow wp-block-column-is-layout-flow\">\n<p class=\"sub-title\"><strong>D\u00c9CIDER D&rsquo;UNE C\u00c9SURE<\/strong><\/p>\n\n\n\n<h3 class=\"wp-block-heading\" id=\"section1\">Le bon moment pour partir \u00e9tudier sur un campus universitaire \u00e9tranger<\/h3>\n\n\n\n<p><strong>Un \u00e9tudiant peut concevoir sa participation au programme Campus Access \u00e0 diff\u00e9rents moments de ses \u00e9tudes. <\/strong><\/p>\n\n\n\n<p>Il peut choisir d&rsquo;\u00e9tudier sur un campus universitaire am\u00e9ricain, britannique ou n\u00e9o-z\u00e9landais :&nbsp;<\/p>\n\n\n\n<ul><li><strong>partir \u00e9tudier une ann\u00e9e apr\u00e8s son ann\u00e9e de terminale,<\/strong> avec  l\u2019id\u00e9e de r\u00e9int\u00e9grer un cycle d\u2019\u00e9tudes en France \u00e0 son retour.<\/li><li><strong>partir \u00e9tudier une ann\u00e9e au milieu de son cycle d\u2019\u00e9tudes fran\u00e7ais <\/strong>avec la possibilit\u00e9 de r\u00e9int\u00e9grer ce cycle \u00e0 son retour. <\/li><li><strong>engager un cycle d\u2019\u00e9tudes complet sur un campus universitaire aux \u00c9tats-Unis, au Royaume-Uni ou en Nouvelle-Z\u00e9lande<\/strong> jusqu\u2019\u00e0 l\u2019obtention d&rsquo;un dipl\u00f4me Bachelor\u2019s ou d\u2019un Master\u2019s Degree. L\u2019\u00e9tudiant pourra alors b\u00e9n\u00e9ficier d&rsquo;une bourse de longue dur\u00e9e, de 1 \u00e0 4 ans. <\/li><li><strong>conclure ses \u00e9tudes fran\u00e7aises par  une ou plusieurs ann\u00e9es d\u2019\u00e9tudes<\/strong> aux \u00c9tats-Unis, avec la possibilit\u00e9, en restant deux ann\u00e9es au moins, d\u2019obtenir un dipl\u00f4me am\u00e9ricain Associate&rsquo;s Degree, Bachelor&rsquo;s Degree ou Master\u2019s Degree.<\/li><\/ul>\n\n\n\n<p>Il est possible dans un premier temps de <strong>s\u2019engager pour une seule ann\u00e9e<\/strong> (formules Academic ou Master) <strong>voire un semestre<\/strong> (formule Intensive English) et de d\u00e9cider sur place de <strong>prolonger son exp\u00e9rience.<\/strong><\/p>\n\n\n\n<p class=\"cadre-marron\"><strong>\u00c0 SAVOIR :<\/strong><br>Il est possible de faire une demande de c\u00e9sure sur Parcoursup&rsquo; apr\u00e8s votre ann\u00e9e de terminale. Pour cela, consultez la fiche conseil suivant.<br><a class=\"btn middle blanc\" rel=\"noreferrer noopener\" href=\"https:\/\/www.calvin-thomas.com\/doc\/CESURE_PARCOURSUP.pdf\" target=\"_blank\">Fiche conseil \u201cC\u00e9sure sur Parcoursup&rsquo;\u201d<\/a><\/p>\n<\/div>\n\n\n\n<div class=\"wp-block-column is-layout-flow wp-block-column-is-layout-flow\">\n<figure class=\"wp-block-image\"><img loading=\"lazy\" decoding=\"async\" width=\"550\" height=\"950\" src=\"https:\/\/www.calvin-thomas.com\/campus\/wp-content\/uploads\/\/sites\/5\/bon-moment.jpg\" alt=\"\u00e9tudie sur un campus universitaire am\u00e9ricain, anglais ou n\u00e9o-z\u00e9landais\" class=\"wp-image-450\" srcset=\"https:\/\/www.calvin-thomas.com\/campus\/wp-content\/uploads\/\/sites\/5\/bon-moment.jpg 550w, https:\/\/www.calvin-thomas.com\/campus\/wp-content\/uploads\/\/sites\/5\/bon-moment-174x300.jpg 174w\" sizes=\"(max-width: 550px) 100vw, 550px\" \/><\/figure>\n<\/div>\n<\/div>\n\n\n<p><\/section>\n\n\n<section class=\"section-gris\"><\/p>\n\n\n\n<div class=\"wp-block-columns has-2-columns column-centre centrer-hauteur is-layout-flex wp-container-core-columns-is-layout-3 wp-block-columns-is-layout-flex\">\n<div class=\"wp-block-column is-layout-flow wp-block-column-is-layout-flow\">\n<figure class=\"wp-block-image\"><img loading=\"lazy\" decoding=\"async\" width=\"900\" height=\"950\" src=\"https:\/\/www.calvin-thomas.com\/campus\/wp-content\/uploads\/\/sites\/5\/rentree-universitaire-usa.jpg\" alt=\"rentr\u00e9e universitaire aux USA et pays anglophones\" class=\"wp-image-163\" srcset=\"https:\/\/www.calvin-thomas.com\/campus\/wp-content\/uploads\/\/sites\/5\/rentree-universitaire-usa.jpg 900w, https:\/\/www.calvin-thomas.com\/campus\/wp-content\/uploads\/\/sites\/5\/rentree-universitaire-usa-284x300.jpg 284w, https:\/\/www.calvin-thomas.com\/campus\/wp-content\/uploads\/\/sites\/5\/rentree-universitaire-usa-768x811.jpg 768w\" sizes=\"(max-width: 900px) 100vw, 900px\" \/><\/figure>\n<\/div>\n\n\n\n<div class=\"wp-block-column is-layout-flow wp-block-column-is-layout-flow\">\n<p class=\"sub-title\"><strong>RENTR\u00c9E UNIVERSITAIRE<\/strong><\/p>\n\n\n\n<h3 class=\"wp-block-heading\" id=\"section2\">Les dates de d\u00e9part possibles<\/h3>\n\n\n\n<p><strong>L\u2019\u00e9tudiant peut partir \u00e9tudier de 1 \u00e0 8 semestres, selon son choix et selon la formule dans un campus universitaire anglophone.&nbsp;<\/strong><\/p>\n\n\n\n<p>Les rentr\u00e9es universitaires dans les pays anglophones ne font pas obligatoirement selon le m\u00eame calendrier qu&rsquo;en France. <strong>2 possibilit\u00e9s de d\u00e9part<\/strong> s&rsquo;offrent \u00e0 vous :<\/p>\n\n\n\n<ul><li><strong>UNE RENTR\u00c9E UNIVERSITAIRE EN AO\u00dbT<\/strong><br>Inscription : toute l&rsquo;ann\u00e9e jusqu&rsquo;au 31 mai de l&rsquo;ann\u00e9e en cours.<\/li><li><strong>UNE RENTR\u00c9E UNIVERSITAIRE EN JANVIER<\/strong><br>Inscription : toute l&rsquo;ann\u00e9e jusqu&rsquo;au 15 octobre de l&rsquo;ann\u00e9e pr\u00e9c\u00e9dente.<\/li><\/ul>\n\n\n\n<p><strong>\u00c0 NOTER :<\/strong><br>Plus l&rsquo;inscription se fait t\u00f4t, plus Calvin-Thomas peut affiner votre demande.<br><\/p>\n\n\n\n<div style=\"height:50px\" class=\"wp-block-spacer\"><\/div>\n<\/div>\n<\/div>\n\n\n\n<h4 style=\"text-align:center\" id=\"mce_7\" class=\"cadre-marron content-centrer wp-block-heading\"><strong>UNE VRAIE OPPORTUNIT\u00c9 : LE D\u00c9PART EN JANVIER<\/strong><\/h4>\n\n\n\n<p style=\"text-align:center\" class=\"cadre-marron content-centrer\">Les universit\u00e9s con\u00e7oivent les semestres de fa\u00e7on tout \u00e0 fait autonome. Il est donc tr\u00e8s courant aux \u00c9tats-Unis d\u2019<strong>entamer un cursus en janvier.<\/strong><br>Le d\u00e9part \u00e0 cette p\u00e9riode de l\u2019ann\u00e9e est donc particuli\u00e8rement int\u00e9ressant pour un \u00e9tudiant fran\u00e7ais. <\/p>\n\n\n\n<p style=\"text-align:center\" class=\"cadre-marron content-centrer\"><strong>\u00c0 NOTER : <\/strong><br>L&rsquo;\u00e9tudiant a la possibilit\u00e9 de suivre un semestre d\u2019ESL de poursuivre son cursus am\u00e9ricain classique dans la foul\u00e9e (pour une ou plusieurs ann\u00e9es), et de se recaler avec le calendrier universitaire fran\u00e7ais. <\/p>\n\n\n<p><\/section>\n\n\n\n<div style=\"height:30px\" class=\"wp-block-spacer\"><\/div>\n","protected":false},"excerpt":{"rendered":"<p>Sauter le pas <\/p>\n<p>Choisir le bon moment pour partir n\u2019est pas chose ais\u00e9e. Notre programme pour int\u00e9grer un campus universitaire anglophone est ouvert \u00e0 tous les \u00e9tudiants, et ce d\u00e8s la classe de Terminale pour une ann\u00e9e ou un cycle d\u2019\u00e9tudes complet. Pour les participants ayant d\u00e9j\u00e0 entam\u00e9s leurs \u00e9tudes sup\u00e9rieures, la possibilit\u00e9 vous est offerte de compl\u00e9ter votre formation \u00e0 l\u2019\u00e9tranger. Quelle que soit votre destination, vous avez le choix de faire votre rentr\u00e9e en Janvier et en Ao\u00fbt.<\/p>\n<p> <a class=\"btn couleur large\" href=\"https:\/\/www.calvin-thomas.com\/campus\/programme-campus-access\/quand-partir-etudier-campus-universitaire-etranger\/\">EN SAVOIR PLUS <\/a><\/p>\n","protected":false},"author":1,"featured_media":448,"parent":7,"menu_order":0,"comment_status":"closed","ping_status":"closed","template":"","meta":{"_uag_custom_page_level_css":""},"uagb_featured_image_src":{"full":["https:\/\/www.calvin-thomas.com\/campus\/wp-content\/uploads\/\/sites\/5\/entete-quand-partir.jpg",1200,1200,false],"thumbnail":["https:\/\/www.calvin-thomas.com\/campus\/wp-content\/uploads\/\/sites\/5\/entete-quand-partir-150x150.jpg",150,150,true],"medium":["https:\/\/www.calvin-thomas.com\/campus\/wp-content\/uploads\/\/sites\/5\/entete-quand-partir-300x300.jpg",300,300,true],"medium_large":["https:\/\/www.calvin-thomas.com\/campus\/wp-content\/uploads\/\/sites\/5\/entete-quand-partir-768x768.jpg",640,640,true],"large":["https:\/\/www.calvin-thomas.com\/campus\/wp-content\/uploads\/\/sites\/5\/entete-quand-partir-1024x1024.jpg",640,640,true],"1536x1536":["https:\/\/www.calvin-thomas.com\/campus\/wp-content\/uploads\/\/sites\/5\/entete-quand-partir.jpg",1200,1200,false],"2048x2048":["https:\/\/www.calvin-thomas.com\/campus\/wp-content\/uploads\/\/sites\/5\/entete-quand-partir.jpg",1200,1200,false]},"uagb_author_info":{"display_name":"redac-calvinthomas","author_link":"https:\/\/www.calvin-thomas.com\/campus\/author\/redac-calvinthomas\/"},"uagb_comment_info":0,"uagb_excerpt":"Sauter le pas Choisir le bon moment pour partir n\u2019est pas chose ais\u00e9e. Notre programme pour int\u00e9grer un campus universitaire anglophone est ouvert \u00e0 tous les \u00e9tudiants, et ce d\u00e8s la classe de Terminale pour une ann\u00e9e ou un cycle d\u2019\u00e9tudes complet. Pour les participants ayant d\u00e9j\u00e0 entam\u00e9s leurs \u00e9tudes sup\u00e9rieures, la possibilit\u00e9 vous est\u2026","_links":{"self":[{"href":"https:\/\/www.calvin-thomas.com\/campus\/wp-json\/wp\/v2\/pages\/317"}],"collection":[{"href":"https:\/\/www.calvin-thomas.com\/campus\/wp-json\/wp\/v2\/pages"}],"about":[{"href":"https:\/\/www.calvin-thomas.com\/campus\/wp-json\/wp\/v2\/types\/page"}],"author":[{"embeddable":true,"href":"https:\/\/www.calvin-thomas.com\/campus\/wp-json\/wp\/v2\/users\/1"}],"replies":[{"embeddable":true,"href":"https:\/\/www.calvin-thomas.com\/campus\/wp-json\/wp\/v2\/comments?post=317"}],"version-history":[{"count":0,"href":"https:\/\/www.calvin-thomas.com\/campus\/wp-json\/wp\/v2\/pages\/317\/revisions"}],"up":[{"embeddable":true,"href":"https:\/\/www.calvin-thomas.com\/campus\/wp-json\/wp\/v2\/pages\/7"}],"wp:featuredmedia":[{"embeddable":true,"href":"https:\/\/www.calvin-thomas.com\/campus\/wp-json\/wp\/v2\/media\/448"}],"wp:attachment":[{"href":"https:\/\/www.calvin-thomas.com\/campus\/wp-json\/wp\/v2\/media?parent=317"}],"curies":[{"name":"wp","href":"https:\/\/api.w.org\/{rel}","templated":true}]}}