{"id":331,"date":"2019-02-01T20:03:21","date_gmt":"2019-02-01T19:03:21","guid":{"rendered":"https:\/\/www.calvin-thomas.com\/campus\/?page_id=331"},"modified":"2019-04-26T15:32:55","modified_gmt":"2019-04-26T13:32:55","slug":"university-colleges-community-colleges","status":"publish","type":"page","link":"https:\/\/www.calvin-thomas.com\/campus\/programme-campus-access\/university-colleges-community-colleges\/","title":{"rendered":"University &#8211; Colleges &#8211; Community Colleges : quelles diff\u00e9rences ?"},"content":{"rendered":"\n<div style=\"height:50px\" aria-hidden=\"true\" class=\"wp-block-spacer\"><\/div>\n\n\n\n<div class=\"wp-block-columns has-2-columns column-centre is-layout-flex wp-container-core-columns-is-layout-1 wp-block-columns-is-layout-flex\">\n<div class=\"wp-block-column is-layout-flow wp-block-column-is-layout-flow\">\n<h2 class=\"wp-block-heading\">Comment distinguer les \u00e9tablissements&nbsp;?<\/h2>\n\n\n\n<p><strong>Il faut rappeler avant toute chose que le <em>College<\/em> am\u00e9ricain  (prononcez \u201ckol\u2019ij\u201d) n\u2019a rien \u00e0 voir avec le <em>Coll\u00e8ge <\/em>fran\u00e7ais (prononcez \u201ckole:g\u201d). Le <em>Coll\u00e8ge<\/em> fran\u00e7ais est un \u00e9tablissement du secondaire (qui pr\u00e9c\u00e8de le lyc\u00e9e) alors que le <em>College<\/em> am\u00e9ricain est un  \u00e9tablissement d\u2019\u00e9tudes sup\u00e9rieures, accessible aux \u00e9l\u00e8ves \u201cgradu\u00e9s\u201d,  autrement dit des bacheliers.<\/strong><\/p>\n<\/div>\n\n\n\n<div class=\"wp-block-column is-layout-flow wp-block-column-is-layout-flow\">\n<ul class=\"liste-menu\"><li><a href=\"#section1\">Les diff\u00e9rences entre <em>College<\/em> et <em>University<\/em><\/a><\/li><li><a href=\"#section2\">Quid du <em>Community College<\/em> ?<\/a><\/li><\/ul>\n\n\n\n<p><\/p>\n<\/div>\n<\/div>\n\n\n\n<div style=\"height:50px\" aria-hidden=\"true\" class=\"wp-block-spacer\"><\/div>\n\n\n<section class=\"section-beige\"><\/p>\n\n\n\n<div class=\"wp-block-columns has-2-columns column-centre align-bas-hauteur is-layout-flex wp-container-core-columns-is-layout-2 wp-block-columns-is-layout-flex\">\n<div class=\"wp-block-column is-layout-flow wp-block-column-is-layout-flow\">\n<p class=\"sub-title\"><strong>FORMATION BAC+4<\/strong><\/p>\n\n\n\n<h3 class=\"wp-block-heading\" id=\"section1\">Les diff\u00e9rences entre <em>College<\/em> et <em>University<\/em><\/h3>\n\n\n\n<p>En mati\u00e8re d\u2019\u00e9tablissements universitaires, la terminologie est sp\u00e9cifique \u00e0 chaque pays (Canada, Angleterre, Australie, etc.). Aux USA, les <strong>diff\u00e9rences entre  <em>College<\/em> et <em>University<\/em><\/strong> tiennent essentiellement \u00e0 la <strong>taille des \u00e9tablissements<\/strong> et \u00e0 la <strong>dur\u00e9e des \u00e9tudes.<\/strong><\/p>\n\n\n\n<p>En effet, le <em>College<\/em> est souvent <strong>un peu plus petit que l&rsquo;<em>University<\/em><\/strong>, autant par ses dimensions que par l\u2019\u00e9tendue du champ des mati\u00e8res enseign\u00e9es.<\/p>\n<\/div>\n\n\n\n<div class=\"wp-block-column is-layout-flow wp-block-column-is-layout-flow\">\n<div class=\"wp-block-image\"><figure class=\"alignleft\"><img loading=\"lazy\" decoding=\"async\" width=\"280\" height=\"283\" src=\"https:\/\/www.calvin-thomas.com\/campus\/wp-content\/uploads\/\/sites\/5\/university.jpg\" alt=\"l'universit\u00e9 am\u00e9ricaine &amp; anglaise \" class=\"wp-image-416\"\/><\/figure><\/div>\n<\/div>\n<\/div>\n\n\n\n<div class=\"wp-block-columns has-2-columns column-centre centrer-hauteur is-layout-flex wp-container-core-columns-is-layout-3 wp-block-columns-is-layout-flex\">\n<div class=\"wp-block-column is-layout-flow wp-block-column-is-layout-flow\">\n<h4 class=\"wp-block-heading\">Les diff\u00e9rences par rapport aux mati\u00e8res enseign\u00e9es et aux dipl\u00f4mes obtenus<\/h4>\n\n\n\n<p>Le <em>College<\/em> va \u00e9galement proposer <strong>tout un panel de mati\u00e8res (\u201cDegrees\u201d) dans un ou deux champs d\u2019activit\u00e9s<\/strong>, pendant que l&rsquo;<em>University<\/em> va <strong>proposer tout le panel de mati\u00e8res dans presque tous les champs d\u2019activit\u00e9s.<\/strong><\/p>\n\n\n\n<p>Ainsi, on peut dire de l&rsquo;<em>University<\/em> qu\u2019elle est une s<strong>orte de regroupement de <\/strong><em><strong>Colleges<\/strong><\/em> (\u201cCollege of  Sciences\u201d + \u201cBusiness College\u201d + \u201cCollege of Humanities\u201d + \u201cArts  College\u201d)<\/p>\n\n\n\n<p>Une autre diff\u00e9rence entre <em>College<\/em> et <em>University<\/em> tient au fait que <strong>les \u00e9tudes en <em>College<\/em> s\u2019ach\u00e8vent en 4\u00e8 ann\u00e9e<\/strong> au terme du  Bachelor&rsquo;s (\u00e9quivalent d&rsquo;un Bac +4 en France). \u00c0 l&rsquo;<em>University, <\/em>en revanche,&nbsp;elles <strong>se prolongent au-del\u00e0 \u00e0<\/strong> avec le Master\u2019s Degree et le Doctorate. Les diff\u00e9rences entre <em>College<\/em> et <em>University<\/em> restent donc minimes si l\u2019on se r\u00e9f\u00e8re aux quatre premi\u00e8res ann\u00e9es d\u2019\u00e9tudes au terme desquelles on obtient un \u201cBachelor&rsquo;s Degree\u201d, <\/p>\n\n\n\n<p>Bien entendu, il existe des <strong>passerelles entre <\/strong><em><strong>College<\/strong><\/em><strong> et <\/strong><em><strong>University<\/strong><\/em><strong>.<\/strong><\/p>\n\n\n\n<div style=\"height:30px\" aria-hidden=\"true\" class=\"wp-block-spacer\"><\/div>\n<\/div>\n\n\n\n<div class=\"wp-block-column is-layout-flow wp-block-column-is-layout-flow\">\n<figure class=\"wp-block-image\"><img loading=\"lazy\" decoding=\"async\" width=\"530\" height=\"600\" src=\"https:\/\/www.calvin-thomas.com\/campus\/wp-content\/uploads\/\/sites\/5\/college-university.jpg\" alt=\"diff\u00e9rences entre College et University\" class=\"wp-image-420\" srcset=\"https:\/\/www.calvin-thomas.com\/campus\/wp-content\/uploads\/\/sites\/5\/college-university.jpg 530w, https:\/\/www.calvin-thomas.com\/campus\/wp-content\/uploads\/\/sites\/5\/college-university-265x300.jpg 265w\" sizes=\"(max-width: 530px) 100vw, 530px\" \/><\/figure>\n<\/div>\n<\/div>\n\n\n\n<div class=\"wp-block-columns has-2-columns column-centre centrer-hauteur is-layout-flex wp-container-core-columns-is-layout-4 wp-block-columns-is-layout-flex\">\n<div class=\"wp-block-column is-layout-flow wp-block-column-is-layout-flow\">\n<figure class=\"wp-block-image\"><img loading=\"lazy\" decoding=\"async\" width=\"530\" height=\"400\" src=\"https:\/\/www.calvin-thomas.com\/campus\/wp-content\/uploads\/\/sites\/5\/colleges.jpg\" alt=\"\" class=\"wp-image-407\" srcset=\"https:\/\/www.calvin-thomas.com\/campus\/wp-content\/uploads\/\/sites\/5\/colleges.jpg 530w, https:\/\/www.calvin-thomas.com\/campus\/wp-content\/uploads\/\/sites\/5\/colleges-300x226.jpg 300w\" sizes=\"(max-width: 530px) 100vw, 530px\" \/><\/figure>\n<\/div>\n\n\n\n<div class=\"wp-block-column is-layout-flow wp-block-column-is-layout-flow\">\n<h4 class=\"wp-block-heading\">Les diff\u00e9rences de r\u00e9putation<\/h4>\n\n\n\n<p>Contrairement \u00e0 une id\u00e9e re\u00e7ue, il n\u2019y a <strong>pas de diff\u00e9rence qualitative<\/strong> entre un <em>College<\/em> et une <em>University<\/em>. Dartmouth College, par exemple, est class\u00e9 comme \u00e9tant le 11\u00e8 meilleur \u00e9tablissement am\u00e9ricain !&nbsp; <\/p>\n\n\n\n<p>De fait, l\u2019<em>University<\/em> est <strong>plus ax\u00e9e sur la recherche<\/strong> que le <em>College.&nbsp;<\/em>Elle dispose \u00e9galement de <strong>moyens bien sup\u00e9rieurs \u00e0 ce niveau-l\u00e0<\/strong>. C\u2019est ce qui explique en grande partie que l\u2019<em>University<\/em> soit plus connue \u00e0 travers le monde que le <em>College<\/em>.<br><\/p>\n\n\n\n<div style=\"height:50px\" aria-hidden=\"true\" class=\"wp-block-spacer\"><\/div>\n<\/div>\n<\/div>\n\n\n\n<p style=\"text-align:center\" class=\"cadre-marron column-centre\"><strong>A NOTER :<\/strong><br>Un candidat inscrit en Academic ou Athletic \u2014  qui suit donc un premier cycle universitaire am\u00e9ricain (de la premi\u00e8re \u00e0 la quatri\u00e8me ann\u00e9e d\u2019\u00e9tudes) \u2014 ne notera aucune diff\u00e9rence majeure entre un <em>College<\/em> et une <em>University<\/em>.<br>Nous employons donc, sur ce  site, le terme fran\u00e7ais d\u2019<em>Universit\u00e9<\/em> pour parler indiff\u00e9remment des <em>Universities<\/em> et des <em>Colleges<\/em>.<\/p>\n\n\n<p><\/section>\n\n\n<section class=\"section-gris\"><\/p>\n\n\n\n<div class=\"wp-block-columns has-2-columns column-centre centrer-hauteur is-layout-flex wp-container-core-columns-is-layout-5 wp-block-columns-is-layout-flex\">\n<div class=\"wp-block-column is-layout-flow wp-block-column-is-layout-flow\">\n<figure class=\"wp-block-image\"><img loading=\"lazy\" decoding=\"async\" width=\"530\" height=\"700\" src=\"https:\/\/www.calvin-thomas.com\/campus\/wp-content\/uploads\/\/sites\/5\/community-college.jpg\" alt=\"les caract\u00e9ristiques et avantages du Community College\" class=\"wp-image-402\" srcset=\"https:\/\/www.calvin-thomas.com\/campus\/wp-content\/uploads\/\/sites\/5\/community-college.jpg 530w, https:\/\/www.calvin-thomas.com\/campus\/wp-content\/uploads\/\/sites\/5\/community-college-227x300.jpg 227w\" sizes=\"(max-width: 530px) 100vw, 530px\" \/><\/figure>\n<\/div>\n\n\n\n<div class=\"wp-block-column is-layout-flow wp-block-column-is-layout-flow\">\n<p class=\"sub-title\"><strong>FORMATIONS BAC+2<\/strong><\/p>\n\n\n\n<h3 class=\"wp-block-heading\" id=\"section2\">Quid du <em>Community College<\/em> ?<\/h3>\n\n\n\n<p>Les <em>Community Colleges<\/em> sont, par contre, des \u00e9tablissements l\u00e9g\u00e8rement diff\u00e9rents des <em>Colleges<\/em> et des <em>Universities<\/em>. Ils proposent une <strong>formation sur deux ann\u00e9es<\/strong>. Ils pr\u00e9parent \u00e0 l\u2019<strong>Associate\u2019s Degree<\/strong> (\u00e9quivalent Bac&nbsp;+2) et permettent aux \u00e9tudiants de basculer sur les  <em>Colleges<\/em> ou les <em>Universities<\/em> par la suite.&nbsp; <\/p>\n\n\n\n<p>Si les <em>Community Colleges<\/em> ont <strong>souvent des moyens un peu plus limit\u00e9s<\/strong>, et proposent <strong>une formation plus g\u00e9n\u00e9raliste<\/strong>, on ne note <strong>aucune diff\u00e9rence  majeure au niveau de la p\u00e9dagogie<\/strong> avec les <em>Universities<\/em>.<\/p>\n\n\n\n<p>Cette fili\u00e8re vue par les Am\u00e9ricains comme \u00e9tant de<strong> proximit\u00e9,<\/strong> offre g\u00e9n\u00e9ralement une <strong>vie de campus beaucoup plus limit\u00e9e<\/strong> que dans une <em>University<\/em>, notamment parce que <strong>l\u2019h\u00e9bergement n\u2019est pas toujours possible sur place <\/strong>et <strong>moins d&rsquo;activit\u00e9s sont propos\u00e9es<\/strong>. <\/p>\n\n\n\n<p>En revanche, ces \u00e9tablissements d\u2019enseignement sup\u00e9rieur offrent ainsi aux \u00e9tudiants am\u00e9ricains et \u00e9trangers l\u2019<strong>acc\u00e8s \u00e0 de tr\u00e8s bonnes \u00e9tudes g\u00e9n\u00e9ralistes, dans de bonnes conditions et \u00e0 un prix tr\u00e8s raisonnable<\/strong>. <\/p>\n\n\n\n<p><br><\/p>\n<\/div>\n<\/div>\n\n\n\n<div class=\"wp-block-columns has-2-columns column-centre centrer-hauteur is-layout-flex wp-container-core-columns-is-layout-6 wp-block-columns-is-layout-flex\">\n<div class=\"wp-block-column is-layout-flow wp-block-column-is-layout-flow\">\n<h4 class=\"wp-block-heading\">Les avantages du <em>Community College<\/em> pour les \u00e9tudiants Campus Access<\/h4>\n\n\n\n<p>La fili\u00e8re <em>Community College<\/em> est  <strong>particuli\u00e8rement int\u00e9ressante pour les \u00e9tudiants \u00e9trangers<\/strong> car les <strong>conditions d\u2019admission sont souvent plus souples<\/strong> et le budget final de l\u2019\u00e9tudiant Campus Access plus modeste.  <\/p>\n\n\n\n<p>Elle permet d\u2019envisager un <strong>projet plus r\u00e9aliste<\/strong>, ax\u00e9 sur une formation g\u00e9n\u00e9rale et sur l\u2019apprentissage de l\u2019anglais.<\/p>\n\n\n\n<p>Calvin-Thomas dispose d&rsquo;un <strong>r\u00e9seau de 5 <em>Community College.<\/em><\/strong> L&rsquo;\u00e9tudiant choisit l\u2019\u00e9tablissement qui lui convient en fonction du co\u00fbt des \u00e9tudes, de sa localisation,  des domaines d\u2019\u00e9tudes et du mode d\u2019h\u00e9bergement.<\/p>\n\n\n\n<p>Il est \u00e9galement \u00e0 noter que<strong> les <\/strong><em><strong>Community College<\/strong><\/em><strong>s d\u00e9livrent tr\u00e8s rarement des bourses. <\/strong>Dans le cas de l&rsquo;obtention d&rsquo;une bourse, elle serait par ailleurs beaucoup moins \u00e9l\u00e9v\u00e9e que dans les <em>Universities<\/em>. N\u00e9anmoins, le <strong>co\u00fbt des frais universitaires pour un semestre scolaire en <em>Community College<\/em><\/strong> (\u00e9tudes + estimation logement + estimation repas),  s\u2019\u00e9tend, selon l\u2019\u00e9tablissement choisi, <strong>de 5&nbsp;600\u20ac \u00e0 11&nbsp;990\u20ac <\/strong> pour d&rsquo;une scolarit\u00e9 en <em>University<\/em>.<\/p>\n<\/div>\n\n\n\n<div class=\"wp-block-column is-layout-flow wp-block-column-is-layout-flow\">\n<figure class=\"wp-block-image\"><img loading=\"lazy\" decoding=\"async\" width=\"530\" height=\"560\" src=\"https:\/\/www.calvin-thomas.com\/campus\/wp-content\/uploads\/\/sites\/5\/community-college2.jpg\" alt=\"\u00e9tudier aux USA dans un Community College\" class=\"wp-image-404\" srcset=\"https:\/\/www.calvin-thomas.com\/campus\/wp-content\/uploads\/\/sites\/5\/community-college2.jpg 530w, https:\/\/www.calvin-thomas.com\/campus\/wp-content\/uploads\/\/sites\/5\/community-college2-284x300.jpg 284w\" sizes=\"(max-width: 530px) 100vw, 530px\" \/><\/figure>\n<\/div>\n<\/div>\n\n\n<p><\/section>\n\n\n\n<div style=\"height:30px\" aria-hidden=\"true\" class=\"wp-block-spacer\"><\/div>\n","protected":false},"excerpt":{"rendered":"<p>Comment distinguer les \u00e9tablissements&nbsp;?<\/p>\n<p><strong>Il faut rappeler avant toute chose que le <em>College<\/em> am\u00e9ricain  (prononcez \u201ckol\u2019ij\u201d) n\u2019a rien \u00e0 voir avec le <em>Coll\u00e8ge <\/em>fran\u00e7ais (prononcez \u201ckole:g\u201d). Le <em>Coll\u00e8ge<\/em> fran\u00e7ais est un \u00e9tablissement du secondaire (qui pr\u00e9c\u00e8de le lyc\u00e9e) alors que le <em>College<\/em> am\u00e9ricain est un  \u00e9tablissement d\u2019\u00e9tudes sup\u00e9rieures, accessible aux \u00e9l\u00e8ves \u201cgradu\u00e9s\u201d,  autrement dit des bacheliers.<\/strong><\/p>\n<ul class=\"liste-menu\">\n<li><a href=\"#section1\">Les diff\u00e9rences entre <em>College<\/em> et <em>University<\/em><\/a><\/li>\n<li><a href=\"#section2\">Quid du <em>Community College<\/em> ?<\/a><\/li>\n<\/ul>\n<p> <a class=\"btn couleur large\" href=\"https:\/\/www.calvin-thomas.com\/campus\/programme-campus-access\/university-colleges-community-colleges\/\">EN SAVOIR PLUS <\/a><\/p>\n","protected":false},"author":1,"featured_media":400,"parent":7,"menu_order":0,"comment_status":"closed","ping_status":"closed","template":"","meta":{"_uag_custom_page_level_css":""},"uagb_featured_image_src":{"full":["https:\/\/www.calvin-thomas.com\/campus\/wp-content\/uploads\/\/sites\/5\/entete-university-college.jpg",1200,1200,false],"thumbnail":["https:\/\/www.calvin-thomas.com\/campus\/wp-content\/uploads\/\/sites\/5\/entete-university-college-150x150.jpg",150,150,true],"medium":["https:\/\/www.calvin-thomas.com\/campus\/wp-content\/uploads\/\/sites\/5\/entete-university-college-300x300.jpg",300,300,true],"medium_large":["https:\/\/www.calvin-thomas.com\/campus\/wp-content\/uploads\/\/sites\/5\/entete-university-college-768x768.jpg",640,640,true],"large":["https:\/\/www.calvin-thomas.com\/campus\/wp-content\/uploads\/\/sites\/5\/entete-university-college-1024x1024.jpg",640,640,true],"1536x1536":["https:\/\/www.calvin-thomas.com\/campus\/wp-content\/uploads\/\/sites\/5\/entete-university-college.jpg",1200,1200,false],"2048x2048":["https:\/\/www.calvin-thomas.com\/campus\/wp-content\/uploads\/\/sites\/5\/entete-university-college.jpg",1200,1200,false]},"uagb_author_info":{"display_name":"redac-calvinthomas","author_link":"https:\/\/www.calvin-thomas.com\/campus\/author\/redac-calvinthomas\/"},"uagb_comment_info":0,"uagb_excerpt":"Comment distinguer les \u00e9tablissements&nbsp;? Il faut rappeler avant toute chose que le College am\u00e9ricain (prononcez \u201ckol\u2019ij\u201d) n\u2019a rien \u00e0 voir avec le Coll\u00e8ge fran\u00e7ais (prononcez \u201ckole:g\u201d). Le Coll\u00e8ge fran\u00e7ais est un \u00e9tablissement du secondaire (qui pr\u00e9c\u00e8de le lyc\u00e9e) alors que le College am\u00e9ricain est un \u00e9tablissement d\u2019\u00e9tudes sup\u00e9rieures, accessible aux \u00e9l\u00e8ves \u201cgradu\u00e9s\u201d, autrement dit des\u2026","_links":{"self":[{"href":"https:\/\/www.calvin-thomas.com\/campus\/wp-json\/wp\/v2\/pages\/331"}],"collection":[{"href":"https:\/\/www.calvin-thomas.com\/campus\/wp-json\/wp\/v2\/pages"}],"about":[{"href":"https:\/\/www.calvin-thomas.com\/campus\/wp-json\/wp\/v2\/types\/page"}],"author":[{"embeddable":true,"href":"https:\/\/www.calvin-thomas.com\/campus\/wp-json\/wp\/v2\/users\/1"}],"replies":[{"embeddable":true,"href":"https:\/\/www.calvin-thomas.com\/campus\/wp-json\/wp\/v2\/comments?post=331"}],"version-history":[{"count":0,"href":"https:\/\/www.calvin-thomas.com\/campus\/wp-json\/wp\/v2\/pages\/331\/revisions"}],"up":[{"embeddable":true,"href":"https:\/\/www.calvin-thomas.com\/campus\/wp-json\/wp\/v2\/pages\/7"}],"wp:featuredmedia":[{"embeddable":true,"href":"https:\/\/www.calvin-thomas.com\/campus\/wp-json\/wp\/v2\/media\/400"}],"wp:attachment":[{"href":"https:\/\/www.calvin-thomas.com\/campus\/wp-json\/wp\/v2\/media?parent=331"}],"curies":[{"name":"wp","href":"https:\/\/api.w.org\/{rel}","templated":true}]}}