{"id":5,"date":"2019-01-14T17:58:42","date_gmt":"2019-01-14T16:58:42","guid":{"rendered":"https:\/\/www.calvin-thomas.com\/campus\/?page_id=5"},"modified":"2025-07-09T21:53:12","modified_gmt":"2025-07-09T19:53:12","slug":"page-daccueil","status":"publish","type":"page","link":"https:\/\/www.calvin-thomas.com\/campus\/","title":{"rendered":"Page d&rsquo;accueil"},"content":{"rendered":"<form data-sf-form-id='973' data-is-rtl='0' data-maintain-state='' data-results-url='https:\/\/www.calvin-thomas.com\/campus\/?sfid=973' data-ajax-url='https:\/\/www.calvin-thomas.com\/campus\/?sfid=973&amp;sf_data=results' data-ajax-form-url='https:\/\/www.calvin-thomas.com\/campus\/?sfid=973&amp;sf_action=get_data&amp;sf_data=form' data-display-result-method='archive' data-use-history-api='1' data-template-loaded='0' data-lang-code='fr' data-ajax='1' data-ajax-data-type='html' data-ajax-links-selector='.pagination a' data-ajax-target='#main' data-ajax-pagination-type='normal' data-update-ajax-url='1' data-only-results-ajax='1' data-scroll-to-pos='0' data-init-paged='1' data-auto-update='1' action='https:\/\/www.calvin-thomas.com\/campus\/?sfid=973' method='post' class='searchandfilter' id='search-filter-form-973' autocomplete='off' data-instance-count='1'><ul><li class=\"sf-field-taxonomy-pays\" data-sf-field-name=\"_sft_pays\" data-sf-field-type=\"taxonomy\" data-sf-field-input-type=\"select\">\t\t<label>\n\t\t\t\t   \t\t<select name=\"_sft_pays[]\" class=\"sf-input-select\" title=\"\">\n\t\t\t\t\t\t  \t\t\t<option class=\"sf-level-0 sf-item-0 sf-option-active\" selected=\"selected\" data-sf-count=\"0\" data-sf-depth=\"0\" value=\"\">Tous les pays<\/option>\n\t\t\t\t\t\t\t\t\t\t\t<option class=\"sf-level-0 sf-item-3\" data-sf-count=\"3\" data-sf-depth=\"0\" value=\"etats-unis\">\u00c9tats-Unis&nbsp;&nbsp;(3)<\/option>\n\t\t\t\t\t\t\t\t\t\t\t<option class=\"sf-level-0 sf-item-5\" data-sf-count=\"1\" data-sf-depth=\"0\" value=\"nouvelle-zelande\">Nouvelle-Z\u00e9lande&nbsp;&nbsp;(1)<\/option>\n\t\t\t\t\t\t\t\t\t\t\t<option class=\"sf-level-0 sf-item-4\" data-sf-count=\"1\" data-sf-depth=\"0\" value=\"royaume-uni\">Royaume-Uni&nbsp;&nbsp;(1)<\/option>\n\t\t\t\t\t\t\t\t\t\t\t<\/select><\/label>\t\t\t\t\t\t\t\t\t\t<\/li><li class=\"sf-field-taxonomy-diplomes\" data-sf-field-name=\"_sft_diplomes\" data-sf-field-type=\"taxonomy\" data-sf-field-input-type=\"select\">\t\t<label>\n\t\t\t\t   \t\t<select name=\"_sft_diplomes[]\" class=\"sf-input-select\" title=\"\">\n\t\t\t\t\t\t  \t\t\t<option class=\"sf-level-0 sf-item-0 sf-option-active\" selected=\"selected\" data-sf-count=\"0\" data-sf-depth=\"0\" value=\"\">Tous les niveaux d\u2019\u00e9tudes<\/option>\n\t\t\t\t\t\t\t\t\t\t\t<option class=\"sf-level-0 sf-item-12\" data-sf-count=\"4\" data-sf-depth=\"0\" value=\"bac1\">Bac+1&nbsp;&nbsp;(4)<\/option>\n\t\t\t\t\t\t\t\t\t\t\t<option class=\"sf-level-0 sf-item-13\" data-sf-count=\"4\" data-sf-depth=\"0\" value=\"bac2\">Bac+2&nbsp;&nbsp;(4)<\/option>\n\t\t\t\t\t\t\t\t\t\t\t<option class=\"sf-level-0 sf-item-14\" data-sf-count=\"5\" data-sf-depth=\"0\" value=\"bac3\">Bac+3&nbsp;&nbsp;(5)<\/option>\n\t\t\t\t\t\t\t\t\t\t\t<option class=\"sf-level-0 sf-item-15\" data-sf-count=\"3\" data-sf-depth=\"0\" value=\"bac4\">Bac+4&nbsp;&nbsp;(3)<\/option>\n\t\t\t\t\t\t\t\t\t\t\t<option class=\"sf-level-0 sf-item-16\" data-sf-count=\"2\" data-sf-depth=\"0\" value=\"bac5\">Bac+5&nbsp;&nbsp;(2)<\/option>\n\t\t\t\t\t\t\t\t\t\t\t<\/select><\/label>\t\t\t\t\t\t\t\t\t\t<\/li><li class=\"sf-field-taxonomy-formules\" data-sf-field-name=\"_sft_formules\" data-sf-field-type=\"taxonomy\" data-sf-field-input-type=\"select\">\t\t<label>\n\t\t\t\t   \t\t<select name=\"_sft_formules[]\" class=\"sf-input-select\" title=\"\">\n\t\t\t\t\t\t  \t\t\t<option class=\"sf-level-0 sf-item-0 sf-option-active\" selected=\"selected\" data-sf-count=\"0\" data-sf-depth=\"0\" value=\"\">Toutes les formules<\/option>\n\t\t\t\t\t\t\t\t\t\t\t<option class=\"sf-level-0 sf-item-6\" data-sf-count=\"3\" data-sf-depth=\"0\" value=\"academic\">Academic&nbsp;&nbsp;(3)<\/option>\n\t\t\t\t\t\t\t\t\t\t\t<option class=\"sf-level-0 sf-item-9\" data-sf-count=\"1\" data-sf-depth=\"0\" value=\"intensive-english\">Intensive English&nbsp;&nbsp;(1)<\/option>\n\t\t\t\t\t\t\t\t\t\t\t<option class=\"sf-level-0 sf-item-8\" data-sf-count=\"1\" data-sf-depth=\"0\" value=\"master\">Master&nbsp;&nbsp;(1)<\/option>\n\t\t\t\t\t\t\t\t\t\t\t<\/select><\/label>\t\t\t\t\t\t\t\t\t\t<\/li><\/ul><\/form>\n\n\n\n<div class=\"wp-block-column is-layout-flow wp-block-column-is-layout-flow\">\n<div style=\"height:20px\" aria-hidden=\"true\" class=\"wp-block-spacer\"><\/div>\n<\/div>\n\n\n\n<p style=\"text-align:center;margin:0!important\">RETROUVEZ-NOUS SUR<\/p>\n\n\n\n<div style=\"display: flex; justify-content: center; margin-boyyom:15px\">\n<p style=\"text-align: center;\"><a href=\"https:\/\/www.facebook.com\/CalvinThomasOrg\" target=\"_blank\" rel=\"noopener\"><img loading=\"lazy\" decoding=\"async\" class=\"size-full wp-image-544 alignleft\" src=\"https:\/\/www.calvin-thomas.com\/highschool\/wp-content\/uploads\/\/sites\/4\/logo-facebook.png\" alt=\"Facebook Calvin-Thomas\" width=\"50\" height=\"50\"><\/a> <a href=\"https:\/\/twitter.com\/CalvinThomasOrg\" target=\"_blank\" rel=\"noopener\"><img loading=\"lazy\" decoding=\"async\" class=\"size-full wp-image-545 alignleft\" src=\"https:\/\/www.calvin-thomas.com\/highschool\/wp-content\/uploads\/\/sites\/4\/logo-twitter.png\" alt=\"Twitter Calvin-Thomas\" width=\"50\" height=\"50\"><\/a> <a href=\"https:\/\/www.youtube.com\/user\/CalvinThomasOrg\" target=\"_blank\" rel=\"noopener\"><img loading=\"lazy\" decoding=\"async\" class=\"alignleft size-full wp-image-546\" src=\"https:\/\/www.calvin-thomas.com\/highschool\/wp-content\/uploads\/\/sites\/4\/logo-youtube.png\" alt=\"Youtube Calvin-Thomas\" width=\"50\" height=\"50\"><\/a> <a href=\"https:\/\/www.instagram.com\/calvinthomasfrance\/?hl=fr\" target=\"_blank\" rel=\"noopener\"><img loading=\"lazy\" decoding=\"async\" class=\"alignleft size-full wp-image-547\" src=\"https:\/\/www.calvin-thomas.com\/highschool\/wp-content\/uploads\/\/sites\/4\/logo-instagram.png\" alt=\"Instagram Calvin-Thomas\" width=\"50\" height=\"50\"><\/a><\/p>\n<\/div>\n\n\n\n\n<div class=\"wp-block-column is-layout-flow wp-block-column-is-layout-flow\">\n<div style=\"height:30px\" aria-hidden=\"true\" class=\"wp-block-spacer\"><\/div>\n\n\n\n<div class=\"wp-block-uagb-container uagb-block-471dda39 default uagb-is-root-container\">\n<div class=\"cadrenoedumaine\">\n\n\n\n<div class=\"wp-block-uagb-container uagb-block-68d94e65\">\n<div style=\"height:10px\" aria-hidden=\"true\" class=\"wp-block-spacer\"><\/div>\n\n\n\n<figure class=\"wp-block-image size-full is-resized\"><img decoding=\"async\" src=\"https:\/\/www.calvin-thomas.com\/wp-content\/uploads\/\/graphisme-noe.webp\" alt=\"\" class=\"wp-image-1024\" style=\"width:100px\"\/><\/figure>\n\n\n<div class=\"wp-block-image is-style-default noedumaine\">\n<figure class=\"aligncenter size-full\"><img decoding=\"async\" src=\"https:\/\/www.calvin-thomas.com\/wp-content\/uploads\/\/noe-dumaine.webp\" alt=\"No\u00e9 Dumaine\" class=\"wp-image-1023\"\/><\/figure><\/div>\n\n\n<p class=\"has-text-align-center margin0 has-white-color has-text-color has-link-color wp-elements-d551997f57fd89a8df2e4191419de909\" style=\"font-size:18px\">CHAMPION FRAN\u00c7AIS DE WASZP<br>PORTE HAUT NOS COULEURS<\/p>\n\n\n\n<p class=\"has-text-align-center has-white-color has-text-color has-link-color wp-elements-73cf583f6463762049be9f2d90cb89e3\" style=\"font-size:13px\">Il a particip\u00e9 aux Championnats de France du 3 au 9 juillet \u00e0 Carnac et participera aux championnats du monde du 18 au 27 juillet \u00e0 Weymouth (UK).<\/p>\n\n\n\n<div class=\"wp-block-buttons is-content-justification-center is-layout-flex wp-container-core-buttons-is-layout-1 wp-block-buttons-is-layout-flex\">\n<div class=\"wp-block-button has-custom-font-size\" style=\"font-size:14px\"><a class=\"wp-block-button__link has-background has-text-align-center wp-element-button\" href=\"https:\/\/www.calvin-thomas.com\/le-blog\/championnat-de-france-waszp-2025-avec-noe-dumaine-cap-sur-les-sommets-%e2%9b%b5%ef%b8%8f%f0%9f%94%a5\/\" style=\"background-color:#e22524\">Retrouvez les r\u00e9actions de No\u00e9<\/a><\/div>\n<\/div>\n\n\n\n<div style=\"height:20px\" aria-hidden=\"true\" class=\"wp-block-spacer\"><\/div>\n<\/div>\n\n\n\n\n\n<div class=\"wp-block-uagb-container uagb-block-8aef3c5d\">\n<div class=\"wp-block-uagb-slider uagb-block-3c6c51fd uagb-slider-container\"><div class=\"uagb-slides uagb-swiper\"><div class=\"swiper-wrapper\">\n<div class=\"wp-block-uagb-slider-child uagb-slider-child-wrap swiper-slide uagb-block-d609f1c7\"><div class=\"swiper-content\">\n<div class=\"wp-block-uagb-container uagb-block-fcc49f62\">\n<figure class=\"wp-block-image size-full\"><img decoding=\"async\" src=\"https:\/\/www.calvin-thomas.com\/wp-content\/uploads\/\/photo-noe1ok.webp\" alt=\"sponsor de No\u00e9 Dumaine\" class=\"wp-image-1059\"\/><\/figure>\n<\/div>\n<\/div><\/div>\n\n\n\n<div class=\"wp-block-uagb-slider-child uagb-slider-child-wrap swiper-slide uagb-block-8984bc37\"><div class=\"swiper-content\">\n<div class=\"wp-block-uagb-container uagb-block-9a5108d8\">\n<figure class=\"wp-block-image size-full\"><img decoding=\"async\" src=\"https:\/\/www.calvin-thomas.com\/wp-content\/uploads\/\/photo-noe2ok.webp\" alt=\"No\u00e9 Dumaine et Calvin-Thomas\" class=\"wp-image-1079\"\/><\/figure>\n<\/div>\n<\/div><\/div>\n<\/div><\/div><div class=\"swiper-pagination\"><\/div><\/div>\n<\/div>\n\n\n\n<\/div><style>.noedumaine{margin:0 0 -30px!important;}.cadrenoedumaine{max-width:1100px; border-radius:20px; background: linear-gradient(0deg,rgb(44,55,107) 0%,rgb(115,197,232) 100%)}@media screen and (min-width: 767px) {.cadrenoedumaine{display:flex}}.uagb-block-8aef3c5d, .uagb-block-68d94e65, uagb-block-fcc49f62, .uagb-block-9a5108d8{padding-top:0 !important;padding-bottom:0 !important}<\/style>\n<\/div>\n<\/div>\n\n\n\n<div style=\"height:90px\" aria-hidden=\"true\" class=\"wp-block-spacer\"><\/div>\n\n\n\n\n<div class=\"wp-block-column is-layout-flow wp-block-column-is-layout-flow\">\n<div class=\"wp-block-columns has-2-columns column-centre centrer-hauteur is-layout-flex wp-container-core-columns-is-layout-1 wp-block-columns-is-layout-flex\">\n<div class=\"wp-block-column is-layout-flow wp-block-column-is-layout-flow\"><div class=\"wp-block-image\">\n<figure class=\"aligncenter\"><img loading=\"lazy\" decoding=\"async\" width=\"730\" height=\"1024\" src=\"https:\/\/www.calvin-thomas.com\/campus\/wp-content\/uploads\/\/sites\/5\/etudes-universitaires-anglophones-730x1024.jpg\" alt=\"des \u00e9tudes universitaires Campus Access dans un pays anglophone\" class=\"wp-image-1058\" srcset=\"https:\/\/www.calvin-thomas.com\/campus\/wp-content\/uploads\/\/sites\/5\/etudes-universitaires-anglophones-730x1024.jpg 730w, https:\/\/www.calvin-thomas.com\/campus\/wp-content\/uploads\/\/sites\/5\/etudes-universitaires-anglophones-214x300.jpg 214w, https:\/\/www.calvin-thomas.com\/campus\/wp-content\/uploads\/\/sites\/5\/etudes-universitaires-anglophones-768x1078.jpg 768w, https:\/\/www.calvin-thomas.com\/campus\/wp-content\/uploads\/\/sites\/5\/etudes-universitaires-anglophones.jpg 855w\" sizes=\"(max-width: 730px) 100vw, 730px\" \/><\/figure><\/div><\/div>\n\n\n\n<div class=\"wp-block-column is-layout-flow wp-block-column-is-layout-flow\">\n<div style=\"height:30px\" aria-hidden=\"true\" class=\"wp-block-spacer\"><\/div>\n\n\n\n<h2 class=\"wp-block-heading\"><strong>Les \u00e9tudes universitaires<\/strong> dans un pays anglophone<\/h2>\n\n\n\n<div style=\"height:20px\" aria-hidden=\"true\" class=\"wp-block-spacer\"><\/div>\n\n\n\n<p>Que vous soyez lyc\u00e9en en cours de pr\u00e9paration du baccalaur\u00e9at, \u00e9tudiant d\u00e9j\u00e0 inscrit \u00e0 l\u2019universit\u00e9, titulaire d\u2019un BTS\/DUT ou d\u2019une licence, Calvin-Thomas vous propose une <strong>formule adapt\u00e9e \u00e0 la poursuite de vos \u00e9tudes \u00e0 l\u2019\u00e9tranger.<\/strong> <\/p>\n\n\n\n<p>Nos diff\u00e9rents programmes d\u2019\u00e9tudes sup\u00e9rieures vous permettent d&rsquo;<strong>acc\u00e9der \u00e0 un Bachelor ou \u00e0 un Master <\/strong>dans les pays anglophones. <\/p>\n\n\n\n<p>Gr\u00e2ce aux <strong>bourses d\u2019\u00e9tudes qui vous sont octroy\u00e9es aux \u00c9tats-Unis<\/strong> \u2013 un principe unique au monde \u2013 vous d\u00e9couvrirez qu\u2019il n\u2019a jamais \u00e9t\u00e9 aussi simple d\u2019envisager ses \u00e9tudes \u00e0 l\u2019\u00e9tranger. Au fil des ann\u00e9es, Calvin-Thomas a d&rsquo;ailleurs tiss\u00e9 un large r\u00e9seau de plus de <strong>40 universit\u00e9s partenaires sur tout le territoire am\u00e9ricain.<\/strong><\/p>\n\n\n\n<p>D\u00e9sormais, avec la possibilit\u00e9 \u00e9galement de <strong>partir \u00e9tudier au Royaume-Uni et en Nouvelle-Z\u00e9lande<\/strong>, ce sont <strong>plus de 100 universit\u00e9s anglo-saxonnes<\/strong> qui vous ouvrent ainsi les portes.<\/p>\n\n\n\n<p><strong>Depuis 10 an<\/strong>s, nous sommes fiers d\u2019avoir concr\u00e9tis\u00e9 ce projet pour <strong>plus de 1 000 \u00e9tudiants<\/strong> et esp\u00e9rons vous compter parmi nos futurs participants.<\/p>\n\n\n\n<div style=\"height:50px\" aria-hidden=\"true\" class=\"wp-block-spacer\"><\/div>\n<\/div>\n<\/div>\n\n\n\n<div style=\"height:50px\" aria-hidden=\"true\" class=\"wp-block-spacer\"><\/div>\n\n\n\n<h2 class=\"wp-block-heading has-text-align-center centrer\">Int\u00e9grer une universit\u00e9<br><strong>dans une de nos 3 destinations&#8230;<\/strong><\/h2>\n\n\n\n<div style=\"height:50px\" aria-hidden=\"true\" class=\"wp-block-spacer\"><\/div>\n\n\n\n<div class=\"wp-block-columns has-3-columns is-layout-flex wp-container-core-columns-is-layout-2 wp-block-columns-is-layout-flex\">\n<div class=\"wp-block-column is-layout-flow wp-block-column-is-layout-flow\">\n<figure class=\"wp-block-image destinations\"><a href=\"https:\/\/www.calvin-thomas.com\/campus\/pays\/etats-unis\/\"><img loading=\"lazy\" decoding=\"async\" width=\"600\" height=\"400\" src=\"https:\/\/www.calvin-thomas.com\/campus\/wp-content\/uploads\/\/sites\/5\/etats-unis.jpg\" alt=\"\u00c9tude universitaire aux \u00c9tats-Unis\" class=\"wp-image-1064\" srcset=\"https:\/\/www.calvin-thomas.com\/campus\/wp-content\/uploads\/\/sites\/5\/etats-unis.jpg 600w, https:\/\/www.calvin-thomas.com\/campus\/wp-content\/uploads\/\/sites\/5\/etats-unis-300x200.jpg 300w\" sizes=\"(max-width: 600px) 100vw, 600px\" \/><\/a><figcaption class=\"wp-element-caption\">\u00c9tats-Unis<\/figcaption><\/figure>\n<\/div>\n\n\n\n<div class=\"wp-block-column is-layout-flow wp-block-column-is-layout-flow\">\n<figure class=\"wp-block-image destinations\"><a href=\"https:\/\/www.calvin-thomas.com\/campus\/pays\/royaume-uni\/\"><img loading=\"lazy\" decoding=\"async\" width=\"600\" height=\"400\" src=\"https:\/\/www.calvin-thomas.com\/campus\/wp-content\/uploads\/\/sites\/5\/royaume-uni.jpg\" alt=\"Int\u00e9grer une universit\u00e9 au Royaume-Uni\" class=\"wp-image-1063\" srcset=\"https:\/\/www.calvin-thomas.com\/campus\/wp-content\/uploads\/\/sites\/5\/royaume-uni.jpg 600w, https:\/\/www.calvin-thomas.com\/campus\/wp-content\/uploads\/\/sites\/5\/royaume-uni-300x200.jpg 300w\" sizes=\"(max-width: 600px) 100vw, 600px\" \/><\/a><figcaption class=\"wp-element-caption\">Royaume-Uni<\/figcaption><\/figure>\n<\/div>\n\n\n\n<div class=\"wp-block-column is-layout-flow wp-block-column-is-layout-flow\">\n<figure class=\"wp-block-image destinations\"><a href=\"https:\/\/www.calvin-thomas.com\/campus\/pays\/nouvelle-zelande\/\"><img loading=\"lazy\" decoding=\"async\" width=\"600\" height=\"400\" src=\"https:\/\/www.calvin-thomas.com\/campus\/wp-content\/uploads\/\/sites\/5\/nouvelle-zelande.jpg\" alt=\"Faire ses \u00e9tudes sup\u00e9rieures en Nouvelle-Z\u00e9lande\" class=\"wp-image-1065\" srcset=\"https:\/\/www.calvin-thomas.com\/campus\/wp-content\/uploads\/\/sites\/5\/nouvelle-zelande.jpg 600w, https:\/\/www.calvin-thomas.com\/campus\/wp-content\/uploads\/\/sites\/5\/nouvelle-zelande-300x200.jpg 300w\" sizes=\"(max-width: 600px) 100vw, 600px\" \/><\/a><figcaption class=\"wp-element-caption\">Nouvelle-Z\u00e9lande<\/figcaption><\/figure>\n<\/div>\n<\/div>\n<\/div>\n\n\n\n<div style=\"height:100px\" aria-hidden=\"true\" class=\"wp-block-spacer\"><\/div>\n\n\n\n<h2 class=\"wp-block-heading has-text-align-center content-centrer centrer\"><strong>Votre inscription <\/strong><br><strong>dans une universit\u00e9 \u00e0 l&rsquo;\u00e9tranger<\/strong> <br> commence ici, avec Calvin-Thomas<\/h2>\n\n\n\n<div style=\"height:50px\" aria-hidden=\"true\" class=\"wp-block-spacer\"><\/div>\n\n\n\n<p class=\"has-text-align-center content-centrer\"><strong>Depuis bient\u00f4t 10 ans, Calvin-Thomas accompagne ceux qui souhaitent \u00e9tudier aux \u00c9tats-Unis puis d\u00e9sormais au Royaume-Uni et en Nouvelle-Z\u00e9lande. <\/strong><\/p>\n\n\n\n<div style=\"height:30px\" aria-hidden=\"true\" class=\"wp-block-spacer\"><\/div>\n\n\n\n<div class=\"wp-block-columns has-2-columns column-centre is-layout-flex wp-container-core-columns-is-layout-3 wp-block-columns-is-layout-flex\">\n<div class=\"wp-block-column is-layout-flow wp-block-column-is-layout-flow\">\n<h3 class=\"wp-block-heading\">Des \u00e9tudes universitaires \u00e0 l&rsquo;\u00e9tranger accessibles \u00e0 tous&#8230;<\/h3>\n\n\n\n<p>Gr\u00e2ce \u00e0 Calvin-Thomas et \u00e0 son programme Campus Access, <strong>tout \u00e9tudiant fran\u00e7ais bachelier peut engager ou poursuivre des \u00e9tudes sup\u00e9rieures<\/strong>, et ce <strong>quel que soit son niveau d\u2019anglais<\/strong>. <\/p>\n\n\n\n<p>Nous proposons <strong>diff\u00e9rentes formules<\/strong> en fonction du niveau d\u2019\u00e9tudes du participant, de son niveau d\u2019anglais, de ses objectifs et de ses souhaits (dur\u00e9e du cursus, domaines d\u2019\u00e9tudes, budget, etc.).<\/p>\n\n\n\n<p>Gr\u00e2ce \u00e0 notre r\u00e9seau, les \u00e9tudiants fran\u00e7ais ont la possibilit\u00e9 de <strong>s\u2019inscrire dans des meilleures universit\u00e9s anglophones. <\/strong><br>De plus, aux \u00c9tats-Unis, <strong>nous accompagnons les \u00e9tudiants dans l&rsquo;obtention de bourses d\u2019\u00e9tudes<\/strong> qui sont attribu\u00e9es directement et dans leur totalit\u00e9 aux participants. <\/p>\n<\/div>\n\n\n\n<div class=\"wp-block-column is-layout-flow wp-block-column-is-layout-flow\">\n<h3 class=\"wp-block-heading\">&#8230; gr\u00e2ce \u00e0 l&rsquo;accompagnement de Calvin-Thomas<\/h3>\n\n\n\n<p>Calvin-Thomas <strong>\u00e9value chaque candidature<\/strong> et <strong>pr\u00e9pare chaque participant de l\u2019inscription au d\u00e9part<\/strong>, <strong>en restant toujours disponible<\/strong>. <\/p>\n\n\n\n<p>Notre programme d&rsquo;\u00e9tudes \u00e0 l&rsquo;\u00e9tranger rend \u00e9galement le plus clair possible le <strong>processus d\u2019inscription dans une universit\u00e9  anglophone<\/strong>, et tend \u00e0 <strong>faciliter les relations avec les  administrations<\/strong> sur place.  <\/p>\n\n\n\n<p>Calvin-Thomas est une <strong>structure ind\u00e9pendante \u00e0 dimension humaine<\/strong> : son champ d\u2019action est d\u2019autant mieux ma\u00eetris\u00e9 qu\u2019il est pr\u00e9cis\u00e9ment d\u00e9limit\u00e9. Ainsi, en passant par Calvin-Thomas, vous \u00eates assur\u00e9s que nous ne recevons donc aucune commission des universit\u00e9s.  <\/p>\n<\/div>\n<\/div>\n\n\n<p><!-- \/wp:column --><\/p>\n<p><!-- wp:column --><\/p>\n<div class=\"wp-block-column\"><!-- wp:image {\"id\":129,\"align\":\"full\"} --><\/p>\n<figure class=\"wp-block-image alignfull\"><img decoding=\"async\" class=\"wp-image-129\" src=\"https:\/\/www.calvin-thomas.com\/campus\/wp-content\/uploads\/\/sites\/5\/etudes-universitaires.jpg\" alt=\"\u00c9tudes universitaires\"><\/figure>\n<p><!-- \/wp:image -->\n<\/p>\n<\/div>","protected":false},"excerpt":{"rendered":"<p style=\"text-align:center;margin:0!important\">RETROUVEZ-NOUS SUR<\/p>\n<p style=\"text-align: center;\"><a href=\"https:\/\/www.facebook.com\/CalvinThomasOrg\" target=\"_blank\" rel=\"noopener\"><\/a> <a href=\"https:\/\/twitter.com\/CalvinThomasOrg\" target=\"_blank\" rel=\"noopener\"><\/a> <a href=\"https:\/\/www.youtube.com\/user\/CalvinThomasOrg\" target=\"_blank\" rel=\"noopener\"><\/a> <a href=\"https:\/\/www.instagram.com\/calvinthomasfrance\/?hl=fr\" target=\"_blank\" rel=\"noopener\"><\/a><\/p>\n<p class=\"has-text-align-center margin0 has-white-color has-text-color has-link-color wp-elements-d551997f57fd89a8df2e4191419de909\" style=\"font-size:18px\">CHAMPION FRAN\u00c7AIS DE WASZP<br \/>PORTE HAUT NOS COULEURS<\/p>\n<p class=\"has-text-align-center has-white-color has-text-color has-link-color wp-elements-73cf583f6463762049be9f2d90cb89e3\" style=\"font-size:13px\">Il a particip\u00e9 aux Championnats de France du 3 au 9 juillet \u00e0 Carnac et participera aux championnats du monde du 18 au 27 juillet \u00e0 Weymouth (UK).<\/p>\n<p><a class=\"wp-block-button__link has-background has-text-align-center wp-element-button\" href=\"https:\/\/www.calvin-thomas.com\/le-blog\/championnat-de-france-waszp-2025-avec-noe-dumaine-cap-sur-les-sommets-%e2%9b%b5%ef%b8%8f%f0%9f%94%a5\/\" style=\"background-color:#e22524\">Retrouvez les r\u00e9actions de No\u00e9<\/a><\/p>\n<style>.noedumaine{margin:0 0 -30px!important;}.cadrenoedumaine{max-width:1100px; border-radius:20px; background: linear-gradient(0deg,rgb(44,55,107) 0%,rgb(115,197,232) 100%)}@media screen and (min-width: 767px) {.cadrenoedumaine{display:flex}}.uagb-block-8aef3c5d,<\/style>\n<p> <a class=\"btn couleur large\" href=\"https:\/\/www.calvin-thomas.com\/campus\/\">EN SAVOIR PLUS <\/a><\/p>\n","protected":false},"author":1,"featured_media":585,"parent":0,"menu_order":0,"comment_status":"closed","ping_status":"closed","template":"page-homepage.php","meta":{"_uag_custom_page_level_css":""},"uagb_featured_image_src":{"full":["https:\/\/www.calvin-thomas.com\/campus\/wp-content\/uploads\/\/sites\/5\/entete-campus.jpg",1280,856,false],"thumbnail":["https:\/\/www.calvin-thomas.com\/campus\/wp-content\/uploads\/\/sites\/5\/entete-campus-150x150.jpg",150,150,true],"medium":["https:\/\/www.calvin-thomas.com\/campus\/wp-content\/uploads\/\/sites\/5\/entete-campus-300x201.jpg",300,201,true],"medium_large":["https:\/\/www.calvin-thomas.com\/campus\/wp-content\/uploads\/\/sites\/5\/entete-campus-768x514.jpg",640,428,true],"large":["https:\/\/www.calvin-thomas.com\/campus\/wp-content\/uploads\/\/sites\/5\/entete-campus-1024x685.jpg",640,428,true],"1536x1536":["https:\/\/www.calvin-thomas.com\/campus\/wp-content\/uploads\/\/sites\/5\/entete-campus.jpg",1280,856,false],"2048x2048":["https:\/\/www.calvin-thomas.com\/campus\/wp-content\/uploads\/\/sites\/5\/entete-campus.jpg",1280,856,false]},"uagb_author_info":{"display_name":"redac-calvinthomas","author_link":"https:\/\/www.calvin-thomas.com\/campus\/author\/redac-calvinthomas\/"},"uagb_comment_info":0,"uagb_excerpt":"RETROUVEZ-NOUS SUR CHAMPION FRAN\u00c7AIS DE WASZPPORTE HAUT NOS COULEURS Il a particip\u00e9 aux Championnats de France du 3 au 9 juillet \u00e0 Carnac et participera aux championnats du monde du 18 au 27 juillet \u00e0 Weymouth (UK). Retrouvez les r\u00e9actions de No\u00e9 EN SAVOIR PLUS","_links":{"self":[{"href":"https:\/\/www.calvin-thomas.com\/campus\/wp-json\/wp\/v2\/pages\/5"}],"collection":[{"href":"https:\/\/www.calvin-thomas.com\/campus\/wp-json\/wp\/v2\/pages"}],"about":[{"href":"https:\/\/www.calvin-thomas.com\/campus\/wp-json\/wp\/v2\/types\/page"}],"author":[{"embeddable":true,"href":"https:\/\/www.calvin-thomas.com\/campus\/wp-json\/wp\/v2\/users\/1"}],"replies":[{"embeddable":true,"href":"https:\/\/www.calvin-thomas.com\/campus\/wp-json\/wp\/v2\/comments?post=5"}],"version-history":[{"count":4,"href":"https:\/\/www.calvin-thomas.com\/campus\/wp-json\/wp\/v2\/pages\/5\/revisions"}],"predecessor-version":[{"id":1642,"href":"https:\/\/www.calvin-thomas.com\/campus\/wp-json\/wp\/v2\/pages\/5\/revisions\/1642"}],"wp:featuredmedia":[{"embeddable":true,"href":"https:\/\/www.calvin-thomas.com\/campus\/wp-json\/wp\/v2\/media\/585"}],"wp:attachment":[{"href":"https:\/\/www.calvin-thomas.com\/campus\/wp-json\/wp\/v2\/media?parent=5"}],"curies":[{"name":"wp","href":"https:\/\/api.w.org\/{rel}","templated":true}]}}