{"id":563,"date":"2019-02-15T17:59:01","date_gmt":"2019-02-15T16:59:01","guid":{"rendered":"https:\/\/www.calvin-thomas.com\/campus\/?page_id=563"},"modified":"2022-07-28T15:53:28","modified_gmt":"2022-07-28T13:53:28","slug":"bourse-universitaire-academic","status":"publish","type":"page","link":"https:\/\/www.calvin-thomas.com\/campus\/bourses-etudes-usa\/bourse-universitaire-academic\/","title":{"rendered":"La bourse universitaire \u201cAcademic\u201d"},"content":{"rendered":"\n<div style=\"height:50px\" aria-hidden=\"true\" class=\"wp-block-spacer\"><\/div>\n\n\n\n<div class=\"wp-block-columns has-2-columns column-centre is-layout-flex wp-container-core-columns-is-layout-1 wp-block-columns-is-layout-flex\">\n<div class=\"wp-block-column is-layout-flow wp-block-column-is-layout-flow\">\n<h2 class=\"wp-block-heading\">Premiers pas dans le monde universitaire<\/h2>\n\n\n\n<p>Formule phare de notre programme Campus Access,  la formule \u201cAcademic\u201d s&rsquo;accompagne par de la garantie d&rsquo;obtenir une bourse d\u2019\u00e9tudes. S\u2019adressant \u00e0 tous, cette bourse se distingue par sa grande souplesse : choix, co\u00fbt, dur\u00e9e d\u2019\u00e9tudes, niveau d\u2019anglais, etc.<\/p>\n<\/div>\n\n\n\n<div class=\"wp-block-column is-layout-flow wp-block-column-is-layout-flow\">\n<ul class=\"liste-menu\"><li><a href=\"#section1\">Les conditions de la bourse universitaire \u201cAcademic\u201d<\/a><\/li><li><a href=\"#section2\">Le montant des bourses \u201cAcademic\u201d<\/a><\/li><\/ul>\n<\/div>\n<\/div>\n\n\n\n<div style=\"height:50px\" aria-hidden=\"true\" class=\"wp-block-spacer\"><\/div>\n\n\n<section class=\"section-beige\"><\/p>\n\n\n\n<div class=\"wp-block-columns has-2-columns column-centre centrer-hauteur is-layout-flex wp-container-core-columns-is-layout-2 wp-block-columns-is-layout-flex\">\n<div class=\"wp-block-column is-layout-flow wp-block-column-is-layout-flow\">\n<p class=\"sub-title\"><strong>\u00c9LIGIBILIT\u00c9<\/strong><\/p>\n\n\n\n<h3 class=\"wp-block-heading\" id=\"section1\">Les conditions de la bourse universitaire \u201cAcademic\u201d <\/h3>\n\n\n\n<p><strong>Cette bourse universitaire est valable jusqu\u2019au terme du premier cycle universitaire am\u00e9ricain<\/strong>, soit jusqu\u2019\u00e0 4 ann\u00e9es.<\/p>\n\n\n\n<p><strong>Le d\u00e9part pour l\u2019universit\u00e9 peut \u00eatre programm\u00e9 sur les 12 mois qui suivent l&rsquo;acquisition d\u2019une bourse d\u2019\u00e9tudes.<\/strong> La bourse restant valable pour tout le cycle.<\/p>\n\n\n\n<p><strong>La bourse d\u2019\u00e9tudes \u201cAcademic\u201d concerne seulement la partie acad\u00e9mique des \u00e9tudes,<\/strong> et non le montant du semestre en formation sp\u00e9cifique de&nbsp;langue (ESL).<\/p>\n\n\n\n<p><strong>Les propositions pour cette bourse universitaire USA sont faites au candidat d\u00e8s l\u2019acceptation au programme, et ce juste apr\u00e8s l&rsquo;entretien de s\u00e9lection. <\/strong>Le participant  choisit, \u00e0 ce moment-l\u00e0, la proposition qu\u2019il pr\u00e9f\u00e8re (universit\u00e9&nbsp;et bourse qui lui est associ\u00e9e). Le montant exact de la bourse est fix\u00e9 et connu avant le d\u00e9part de ce&nbsp;dernier. L\u2019\u00e9tudiant peut donc budg\u00e9tiser assez pr\u00e9cis\u00e9ment son ann\u00e9e d\u2019\u00e9tudes avant son d\u00e9part.<\/p>\n\n\n\n<p><strong>Le candidat se verrait int\u00e9gralement rembours\u00e9 si Campus Access ne parvenait pas \u00e0 obtenir une bourse d\u2019\u00e9tudes<\/strong> (fait exceptionnel puisque cela n&rsquo;est encore jamais survenu).<\/p>\n<\/div>\n\n\n\n<div class=\"wp-block-column is-layout-flow wp-block-column-is-layout-flow\">\n<figure class=\"wp-block-image\"><img loading=\"lazy\" decoding=\"async\" width=\"530\" height=\"750\" src=\"https:\/\/www.calvin-thomas.com\/campus\/wp-content\/uploads\/\/sites\/5\/bourse-usa-academic.jpg\" alt=\"bourse universitaire USA \u201cAcademic\u201d\" class=\"wp-image-717\" srcset=\"https:\/\/www.calvin-thomas.com\/campus\/wp-content\/uploads\/\/sites\/5\/bourse-usa-academic.jpg 530w, https:\/\/www.calvin-thomas.com\/campus\/wp-content\/uploads\/\/sites\/5\/bourse-usa-academic-212x300.jpg 212w\" sizes=\"(max-width: 530px) 100vw, 530px\" \/><\/figure>\n<\/div>\n<\/div>\n\n\n<p><\/section>\n\n\n<section class=\"section-gris\"><\/p>\n\n\n\n<div class=\"wp-block-columns has-2-columns column-centre centrer-hauteur is-layout-flex wp-container-core-columns-is-layout-3 wp-block-columns-is-layout-flex\">\n<div class=\"wp-block-column is-layout-flow wp-block-column-is-layout-flow\">\n<figure class=\"wp-block-image\"><img loading=\"lazy\" decoding=\"async\" width=\"530\" height=\"470\" src=\"https:\/\/www.calvin-thomas.com\/campus\/wp-content\/uploads\/\/sites\/5\/bourses-universites-usa.jpg\" alt=\"bourses pour une universit\u00e9 aux \u00c9tats-Unis\" class=\"wp-image-720\" srcset=\"https:\/\/www.calvin-thomas.com\/campus\/wp-content\/uploads\/\/sites\/5\/bourses-universites-usa.jpg 530w, https:\/\/www.calvin-thomas.com\/campus\/wp-content\/uploads\/\/sites\/5\/bourses-universites-usa-300x266.jpg 300w\" sizes=\"(max-width: 530px) 100vw, 530px\" \/><\/figure>\n<\/div>\n\n\n\n<div class=\"wp-block-column is-layout-flow wp-block-column-is-layout-flow\">\n<p class=\"sub-title\"><strong>NOTRE OFFRE<\/strong><\/p>\n\n\n\n<h3 class=\"wp-block-heading\" id=\"section2\">Le montant des bourses \u201cAcademic\u201d<\/h3>\n\n\n\n<p>Chaque participant re\u00e7oit ses propositions de bourse universitaire, avec la garantie que&nbsp;:<\/p>\n\n\n\n<ul><li><strong>2 propositions de bourses couvrent au minimum entre 40% et 60%&nbsp;<\/strong>de l\u2019ensemble des frais universitaires<\/li><li><strong>2 propositions ne laissent pas \u00e0 la charge de l&rsquo;\u00e9tudiant plus de 16&nbsp;000$<\/strong> de l\u2019ensemble des frais universitaires<\/li><li><strong>1 proposition laisse \u00e0 la charge de l&rsquo;\u00e9tudiant moins de 13&nbsp;600$<\/strong> de l\u2019ensemble des frais universitaires.<\/li><\/ul>\n\n\n\n<div style=\"height:30px\" aria-hidden=\"true\" class=\"wp-block-spacer\"><\/div>\n<\/div>\n<\/div>\n\n\n\n<p style=\"text-align:center\" class=\"cadre-marron column-centre\"><strong>EXEMPLES D&rsquo;OBTENTION DE BOURSES  \u201cACADEMIC\u201d<\/strong><\/p>\n\n\n\n<p style=\"text-align:left\" class=\"cadre-marron column-centre\"><strong>EXEMPLE 1&nbsp;\u2014 45% des cas environ&nbsp;<\/strong><br><strong>Co\u00fbt de l&rsquo;universit\u00e9 :<\/strong>&nbsp;26&nbsp;000&nbsp;$US<br><strong>Montant de la bourse d&rsquo;\u00e9tude : <\/strong>12&nbsp;500&nbsp;$US (soit&nbsp;+ de 40%&nbsp;de l\u2019ensemble des frais universitaires : \u00e9tudes, logement nourriture)<br><strong>Co\u00fbt final des \u00e9tudes :<\/strong> 13&nbsp;500&nbsp;$US par an.<br><strong>\u00c9conomie r\u00e9alis\u00e9e&nbsp;:<\/strong>&nbsp;12&nbsp;500&nbsp;$US par an (soit 50&nbsp;000 $US sur 4 ans)<\/p>\n\n\n\n<p class=\"cadre-marron column-centre\"><strong>EXEMPLE 2&nbsp;\u2014 35% des cas environ<\/strong><br><strong>Co\u00fbt de l&rsquo;universit\u00e9 :&nbsp;<\/strong>29 000 $US<br><strong>Montant de la bourse d&rsquo;\u00e9tude : <\/strong>14&nbsp;000&nbsp;$US (soit moins de 16&nbsp;000  $ US&nbsp;de l\u2019ensemble des frais universitaires : \u00e9tudes, logement  nourriture)<br><strong>Co\u00fbt final des \u00e9tudes&nbsp;:&nbsp;<\/strong>15 000&nbsp;$US par an<br><strong>\u00c9conomie r\u00e9alis\u00e9e&nbsp;:&nbsp;<\/strong>14&nbsp;000&nbsp;$US par an (soit 56&nbsp;000&nbsp;$US sur 4 ans)<\/p>\n\n\n\n<p class=\"cadre-marron column-centre\"><strong>EXEMPLE 3 \u2014 20&nbsp;% des cas environ<\/strong><br><strong>Co\u00fbt de l&rsquo;universit\u00e9 :<\/strong> 30&nbsp;000&nbsp;$US<br><strong>Montant de la bourse d&rsquo;\u00e9tude : <\/strong> 18 000&nbsp;$US (soit entre 10&nbsp;000 et 12 000&nbsp;$US&nbsp;de  l\u2019ensemble des frais universitaires : \u00e9tudes, logement nourriture)<br><strong>Co\u00fbt final des \u00e9tudes&nbsp;: <\/strong>12 000 $US par an<br><strong>\u00c9conomie r\u00e9alis\u00e9e&nbsp;:&nbsp;1<\/strong>8&nbsp;000&nbsp;$US par an (soit 72&nbsp;000&nbsp;$US sur 4 ans)<\/p>\n\n\n\n<div style=\"height:50px\" aria-hidden=\"true\" class=\"wp-block-spacer\"><\/div>\n\n\n<p><\/section>\n\n\n\n<div style=\"height:30px\" aria-hidden=\"true\" class=\"wp-block-spacer\"><\/div>\n","protected":false},"excerpt":{"rendered":"<p>Premiers pas dans le monde universitaire<\/p>\n<p>Formule phare de notre programme Campus Access,  la formule \u201cAcademic\u201d s&rsquo;accompagne par de la garantie d&rsquo;obtenir une bourse d\u2019\u00e9tudes. S\u2019adressant \u00e0 tous, cette bourse se distingue par sa grande souplesse : choix, co\u00fbt, dur\u00e9e d\u2019\u00e9tudes, niveau d\u2019anglais, etc.<\/p>\n<ul class=\"liste-menu\">\n<li><a href=\"#section1\">Les conditions de la bourse universitaire \u201cAcademic\u201d<\/a><\/li>\n<li><a href=\"#section2\">Le montant des bourses \u201cAcademic\u201d<\/a><\/li>\n<\/ul>\n<p> <a class=\"btn couleur large\" href=\"https:\/\/www.calvin-thomas.com\/campus\/bourses-etudes-usa\/bourse-universitaire-academic\/\">EN SAVOIR PLUS <\/a><\/p>\n","protected":false},"author":1,"featured_media":603,"parent":9,"menu_order":0,"comment_status":"closed","ping_status":"closed","template":"","meta":{"_uag_custom_page_level_css":""},"uagb_featured_image_src":{"full":["https:\/\/www.calvin-thomas.com\/campus\/wp-content\/uploads\/\/sites\/5\/entete-bourse-academic.jpg",1200,1200,false],"thumbnail":["https:\/\/www.calvin-thomas.com\/campus\/wp-content\/uploads\/\/sites\/5\/entete-bourse-academic-150x150.jpg",150,150,true],"medium":["https:\/\/www.calvin-thomas.com\/campus\/wp-content\/uploads\/\/sites\/5\/entete-bourse-academic-300x300.jpg",300,300,true],"medium_large":["https:\/\/www.calvin-thomas.com\/campus\/wp-content\/uploads\/\/sites\/5\/entete-bourse-academic-768x768.jpg",640,640,true],"large":["https:\/\/www.calvin-thomas.com\/campus\/wp-content\/uploads\/\/sites\/5\/entete-bourse-academic-1024x1024.jpg",640,640,true],"1536x1536":["https:\/\/www.calvin-thomas.com\/campus\/wp-content\/uploads\/\/sites\/5\/entete-bourse-academic.jpg",1200,1200,false],"2048x2048":["https:\/\/www.calvin-thomas.com\/campus\/wp-content\/uploads\/\/sites\/5\/entete-bourse-academic.jpg",1200,1200,false]},"uagb_author_info":{"display_name":"redac-calvinthomas","author_link":"https:\/\/www.calvin-thomas.com\/campus\/author\/redac-calvinthomas\/"},"uagb_comment_info":0,"uagb_excerpt":"Premiers pas dans le monde universitaire Formule phare de notre programme Campus Access, la formule \u201cAcademic\u201d s&rsquo;accompagne par de la garantie d&rsquo;obtenir une bourse d\u2019\u00e9tudes. S\u2019adressant \u00e0 tous, cette bourse se distingue par sa grande souplesse : choix, co\u00fbt, dur\u00e9e d\u2019\u00e9tudes, niveau d\u2019anglais, etc. Les conditions de la bourse universitaire \u201cAcademic\u201dLe montant des bourses \u201cAcademic\u201d\u2026","_links":{"self":[{"href":"https:\/\/www.calvin-thomas.com\/campus\/wp-json\/wp\/v2\/pages\/563"}],"collection":[{"href":"https:\/\/www.calvin-thomas.com\/campus\/wp-json\/wp\/v2\/pages"}],"about":[{"href":"https:\/\/www.calvin-thomas.com\/campus\/wp-json\/wp\/v2\/types\/page"}],"author":[{"embeddable":true,"href":"https:\/\/www.calvin-thomas.com\/campus\/wp-json\/wp\/v2\/users\/1"}],"replies":[{"embeddable":true,"href":"https:\/\/www.calvin-thomas.com\/campus\/wp-json\/wp\/v2\/comments?post=563"}],"version-history":[{"count":0,"href":"https:\/\/www.calvin-thomas.com\/campus\/wp-json\/wp\/v2\/pages\/563\/revisions"}],"up":[{"embeddable":true,"href":"https:\/\/www.calvin-thomas.com\/campus\/wp-json\/wp\/v2\/pages\/9"}],"wp:featuredmedia":[{"embeddable":true,"href":"https:\/\/www.calvin-thomas.com\/campus\/wp-json\/wp\/v2\/media\/603"}],"wp:attachment":[{"href":"https:\/\/www.calvin-thomas.com\/campus\/wp-json\/wp\/v2\/media?parent=563"}],"curies":[{"name":"wp","href":"https:\/\/api.w.org\/{rel}","templated":true}]}}