{"id":7,"date":"2019-01-14T17:59:37","date_gmt":"2019-01-14T16:59:37","guid":{"rendered":"https:\/\/www.calvin-thomas.com\/campus\/?page_id=7"},"modified":"2019-04-26T15:30:55","modified_gmt":"2019-04-26T13:30:55","slug":"programme-campus-access","status":"publish","type":"page","link":"https:\/\/www.calvin-thomas.com\/campus\/programme-campus-access\/","title":{"rendered":"Le programme"},"content":{"rendered":"\n<div style=\"height:30px\" aria-hidden=\"true\" class=\"wp-block-spacer\"><\/div>\n\n\n\n<div class=\"wp-block-columns has-3-columns column-centre is-layout-flex wp-container-core-columns-is-layout-1 wp-block-columns-is-layout-flex\">\n<div class=\"wp-block-column is-layout-flow wp-block-column-is-layout-flow\">\n<p style=\"text-align:center\" class=\"bloc-navigation\"><a href=\"https:\/\/www.calvin-thomas.com\/campus\/programme-campus-access\/10-bonnes-raisons-pour-etudier-usa\/\">Pourquoi partir \u00e9tudier \u00e0 l\u2019\u00e9tranger en 10 points ?<\/a><\/p>\n<\/div>\n\n\n\n<div class=\"wp-block-column is-layout-flow wp-block-column-is-layout-flow\">\n<p style=\"text-align:center\" class=\"bloc-navigation\"><a href=\"https:\/\/www.calvin-thomas.com\/campus\/programme-campus-access\/quand-partir-etudier-campus-universitaire-etranger\/\">Quand partir \u00e9tudier \u00e0 l\u2019\u00e9tranger ?<\/a><\/p>\n<\/div>\n\n\n\n<div class=\"wp-block-column is-layout-flow wp-block-column-is-layout-flow\">\n<p style=\"text-align:center\" class=\"bloc-navigation\"><a href=\"https:\/\/www.calvin-thomas.com\/campus\/programme-campus-access\/quel-diplome-etranger-quelles-equivalences\/\">Quel dipl\u00f4me pr\u00e9parer ? Quelles \u00e9quivalences ?<\/a><\/p>\n<\/div>\n<\/div>\n\n\n\n<div class=\"wp-block-columns has-3-columns column-centre is-layout-flex wp-container-core-columns-is-layout-2 wp-block-columns-is-layout-flex\">\n<div class=\"wp-block-column is-layout-flow wp-block-column-is-layout-flow\">\n<p style=\"text-align:center\" class=\"bloc-navigation\"><a href=\"https:\/\/www.calvin-thomas.com\/campus\/programme-campus-access\/choisir-etudes-universitaires-etranger\/\">4 formules, laquelle choisir&nbsp;?<\/a><\/p>\n<\/div>\n\n\n\n<div class=\"wp-block-column is-layout-flow wp-block-column-is-layout-flow\">\n<p style=\"text-align:center\" class=\"bloc-navigation\"><a href=\"https:\/\/www.calvin-thomas.com\/campus\/programme-campus-access\/university-colleges-community-colleges\/\">University &amp; Colleges : quelles diff\u00e9rences ?<\/a><\/p>\n<\/div>\n\n\n\n<div class=\"wp-block-column is-layout-flow wp-block-column-is-layout-flow\"><\/div>\n<\/div>\n\n\n\n<div style=\"height:100px\" aria-hidden=\"true\" class=\"wp-block-spacer\"><\/div>\n","protected":false},"excerpt":{"rendered":"<p style=\"text-align:center\" class=\"bloc-navigation\"><a href=\"https:\/\/www.calvin-thomas.com\/campus\/programme-campus-access\/10-bonnes-raisons-pour-etudier-usa\/\">Pourquoi partir \u00e9tudier \u00e0 l\u2019\u00e9tranger en 10 points ?<\/a><\/p>\n<p style=\"text-align:center\" class=\"bloc-navigation\"><a href=\"https:\/\/www.calvin-thomas.com\/campus\/programme-campus-access\/quand-partir-etudier-campus-universitaire-etranger\/\">Quand partir \u00e9tudier \u00e0 l\u2019\u00e9tranger ?<\/a><\/p>\n<p style=\"text-align:center\" class=\"bloc-navigation\"><a href=\"https:\/\/www.calvin-thomas.com\/campus\/programme-campus-access\/quel-diplome-etranger-quelles-equivalences\/\">Quel dipl\u00f4me pr\u00e9parer ? Quelles \u00e9quivalences ?<\/a><\/p>\n<p style=\"text-align:center\" class=\"bloc-navigation\"><a href=\"https:\/\/www.calvin-thomas.com\/campus\/programme-campus-access\/choisir-etudes-universitaires-etranger\/\">4 formules, laquelle choisir&nbsp;?<\/a><\/p>\n<p style=\"text-align:center\" class=\"bloc-navigation\"><a href=\"https:\/\/www.calvin-thomas.com\/campus\/programme-campus-access\/university-colleges-community-colleges\/\">University &amp; Colleges : quelles diff\u00e9rences ?<\/a><\/p>\n<p> <a class=\"btn couleur large\" href=\"https:\/\/www.calvin-thomas.com\/campus\/programme-campus-access\/\">EN SAVOIR PLUS <\/a><\/p>\n","protected":false},"author":1,"featured_media":0,"parent":0,"menu_order":1,"comment_status":"closed","ping_status":"closed","template":"page-simple.php","meta":{"_uag_custom_page_level_css":""},"uagb_featured_image_src":{"full":false,"thumbnail":false,"medium":false,"medium_large":false,"large":false,"1536x1536":false,"2048x2048":false},"uagb_author_info":{"display_name":"redac-calvinthomas","author_link":"https:\/\/www.calvin-thomas.com\/campus\/author\/redac-calvinthomas\/"},"uagb_comment_info":0,"uagb_excerpt":"Pourquoi partir \u00e9tudier \u00e0 l\u2019\u00e9tranger en 10 points ? Quand partir \u00e9tudier \u00e0 l\u2019\u00e9tranger ? Quel dipl\u00f4me pr\u00e9parer ? Quelles \u00e9quivalences ? 4 formules, laquelle choisir&nbsp;? University &amp; Colleges : quelles diff\u00e9rences ? EN SAVOIR PLUS","_links":{"self":[{"href":"https:\/\/www.calvin-thomas.com\/campus\/wp-json\/wp\/v2\/pages\/7"}],"collection":[{"href":"https:\/\/www.calvin-thomas.com\/campus\/wp-json\/wp\/v2\/pages"}],"about":[{"href":"https:\/\/www.calvin-thomas.com\/campus\/wp-json\/wp\/v2\/types\/page"}],"author":[{"embeddable":true,"href":"https:\/\/www.calvin-thomas.com\/campus\/wp-json\/wp\/v2\/users\/1"}],"replies":[{"embeddable":true,"href":"https:\/\/www.calvin-thomas.com\/campus\/wp-json\/wp\/v2\/comments?post=7"}],"version-history":[{"count":0,"href":"https:\/\/www.calvin-thomas.com\/campus\/wp-json\/wp\/v2\/pages\/7\/revisions"}],"wp:attachment":[{"href":"https:\/\/www.calvin-thomas.com\/campus\/wp-json\/wp\/v2\/media?parent=7"}],"curies":[{"name":"wp","href":"https:\/\/api.w.org\/{rel}","templated":true}]}}