{"id":75,"date":"2019-01-15T18:42:36","date_gmt":"2019-01-15T17:42:36","guid":{"rendered":"https:\/\/www.calvin-thomas.com\/campus\/?page_id=75"},"modified":"2024-12-03T17:10:48","modified_gmt":"2024-12-03T16:10:48","slug":"contacts-reunions-conseillers-campus-access","status":"publish","type":"page","link":"https:\/\/www.calvin-thomas.com\/campus\/informations-pratiques\/contacts-reunions-conseillers-campus-access\/","title":{"rendered":"Contactez-nous et rencontrons-nous"},"content":{"rendered":"\n<div style=\"height:50px\" class=\"wp-block-spacer\"><\/div>\n\n\n\n<div class=\"wp-block-columns has-2-columns column-centre is-layout-flex wp-container-core-columns-is-layout-1 wp-block-columns-is-layout-flex\">\n<div class=\"wp-block-column is-layout-flow wp-block-column-is-layout-flow\">\n<h2 class=\"wp-block-heading\">Des questions ?<\/h2>\n\n\n\n<p>Vous trouverez, ci-dessous, la liste des conseillers Campus Access. N&rsquo;h\u00e9sitez pas \u00e0 les contacter si vous n&rsquo;avez pas trouv\u00e9 les r\u00e9ponses \u00e0 vos questions dans notre FAQ et si vous souhaitez des informations compl\u00e9mentaires. Nos conseillers sont tous d&rsquo;anciens participants du programme et pourront vous raconter leurs exp\u00e9riences personnelles. Pour toutes questions d&rsquo;aspects techniques, notre bureau national reste joignable au 04 42 91 31 01 ou \u00e0 <a href=\"mailto:campus@calvin-thomas.com\">campus(at)calvin-thomas.com<\/a>.<br><\/p>\n<\/div>\n\n\n\n<div class=\"wp-block-column is-layout-flow wp-block-column-is-layout-flow\">\n<ul class=\"liste-menu\">\n<li><a href=\"#section1\">Contacter le bureau national \u201cCampus Access\u201d Calvin-Thomas<\/a><\/li>\n\n\n\n<li><a href=\"#section2\">Contacter un conseiller pr\u00e8s de chez vous, en France et en Belgique<\/a><\/li>\n\n\n\n<li><a href=\"#section3\">Participer \u00e0 une r\u00e9union d&rsquo;information<\/a><\/li>\n<\/ul>\n<\/div>\n<\/div>\n\n\n\n<div style=\"height:50px\" class=\"wp-block-spacer\"><\/div>\n\n\n<section class=\"section-bleuclair\"><\/p>\n\n\n\n<div class=\"wp-block-columns has-2-columns column-centre is-layout-flex wp-container-core-columns-is-layout-2 wp-block-columns-is-layout-flex\">\n<div class=\"wp-block-column is-layout-flow wp-block-column-is-layout-flow\">\n<p class=\"sub-title\"><strong>Calvin-Thomas<\/strong><\/p>\n\n\n\n<h3 class=\"wp-block-heading\" id=\"section1\">Contacter le bureau national \u201cCampus Access\u201d Calvin-Thomas<br><\/h3>\n\n\n\n<p><strong>Claire HILL, responsable du programme Campus Access, est \u00e0 votre disposition au :<\/strong><\/p>\n\n\n\n<div style=\"height:50px\" class=\"wp-block-spacer\"><\/div>\n\n\n\n<p>T\u00e9l\u00e9phone : 04 42 91 31 01<br>Mail : <a href=\"mailto:campus@calvin-thomas.com\">campus(at)calvin-thomas.com<\/a><br><\/p>\n<\/div>\n\n\n\n<div class=\"wp-block-column is-layout-flow wp-block-column-is-layout-flow\">\n<p><\/p>\n<\/div>\n<\/div>\n\n\n\n<div style=\"height:50px\" class=\"wp-block-spacer\"><\/div>\n\n\n<p><\/section>\n\n\n<section class=\"section-gris\"><\/p>\n\n\n\n<div class=\"wp-block-columns has-2-columns column-centre is-layout-flex wp-container-core-columns-is-layout-3 wp-block-columns-is-layout-flex\">\n<div class=\"wp-block-column is-layout-flow wp-block-column-is-layout-flow\"><div class=\"wp-block-image\">\n<figure class=\"aligncenter\"><img loading=\"lazy\" decoding=\"async\" width=\"719\" height=\"539\" src=\"https:\/\/www.calvin-thomas.com\/campus\/wp-content\/uploads\/\/sites\/5\/calvin-thomas-france.jpg\" alt=\"contact des conseillers Campus Access en France &amp; Belgique\" class=\"wp-image-1604\" srcset=\"https:\/\/www.calvin-thomas.com\/campus\/wp-content\/uploads\/\/sites\/5\/calvin-thomas-france.jpg 719w, https:\/\/www.calvin-thomas.com\/campus\/wp-content\/uploads\/\/sites\/5\/calvin-thomas-france-300x225.jpg 300w\" sizes=\"(max-width: 719px) 100vw, 719px\" \/><\/figure><\/div><\/div>\n\n\n\n<div class=\"wp-block-column is-layout-flow wp-block-column-is-layout-flow\">\n<p class=\"sub-title\"><strong>R\u00e9seau Calvin-Thomas France &amp; Belgique<\/strong><\/p>\n\n\n\n<h3 class=\"wp-block-heading\" id=\"section2\">Contacter un conseiller pr\u00e8s de chez vous<br><\/h3>\n\n\n\n<p><strong>Vous trouverez, ci-dessous, les conseillers et correspondants Campus Access en r\u00e9gion. N&rsquo;h\u00e9sitez pas \u00e0 les contacter notamment si vous souhaitez des informations compl\u00e9mentaires sur nos s\u00e9jours. Ce sont tous d&rsquo;anciens participants du programme qui pourront vous raconter leurs exp\u00e9riences personnelles&#8230;<\/strong><br><\/p>\n<\/div>\n<\/div>\n\n\n\n<div class=\"wp-block-columns has-2-columns column-centre is-layout-flex wp-container-core-columns-is-layout-4 wp-block-columns-is-layout-flex\">\n<div class=\"wp-block-column is-layout-flow wp-block-column-is-layout-flow\">\n<h4 class=\"wp-block-heading\"><strong>PARIS &amp; \u00ceLE-DE-FRANCE <\/strong><\/h4>\n\n\n\n<p><strong>L\u00e9a&nbsp;L.<\/strong><br>T\u00e9l\u00e9phone : 06 19 75 34 51<br>Mail : <a href=\"mailto:lea.campusaccess@gmail.com\" target=\"_blank\" rel=\"noopener\">lea.campusaccess(at)gmail.com<\/a><\/p>\n\n\n\n<p><strong>Titouan B.<\/strong><br>T\u00e9l\u00e9phone : 06 10 34 34 43<br>Mail : <a href=\"mailto:titouan.bernier@icloud.com\" target=\"_blank\" rel=\"noopener\">titouan.bernier(at)icloud.com<\/a><\/p>\n\n\n\n<p><strong>Amandine C.<\/strong> <br>Mail : <a rel=\"noopener\" href=\"mailto:amandine.carbonell@gmail.com\" target=\"_blank\">amandine.carbonell(at)gmail.com<\/a><\/p>\n\n\n\n<h4 class=\"wp-block-heading\"><strong>LE MANS, NANTES &amp; PAYS DE LOIRE<\/strong><\/h4>\n\n\n\n<p><strong>Margaux B.<\/strong> <br>T\u00e9l\u00e9phone : 06 80 64 23 49<br>Mail : <a href=\"mailto:margaux.berthoux@hotmail.fr\" target=\"_blank\" rel=\"noopener\">margaux.berthoux(at)hotmail.fr<\/a><\/p>\n\n\n\n<h4 class=\"wp-block-heading\"><strong>MONTPELLIER &amp; LANGUEDOC\/MIDI-PYR\u00c9N\u00c9ES<\/strong><\/h4>\n\n\n\n<p><strong>Tcha-Tcha&nbsp;D.<\/strong><br>T\u00e9l\u00e9phone : 06 33 57 98 53<br>Mail : <a href=\"mailto:tchatchadipiazza.calvin-thomas@hotmail.com\" target=\"_blank\" rel=\"noopener\">tchatchadipiazza.calvin-thomas(at)hotmail.com<\/a><\/p>\n<\/div>\n\n\n\n<div class=\"wp-block-column is-layout-flow wp-block-column-is-layout-flow\">\n<h4 class=\"wp-block-heading\"><strong>LYON &amp; R\u00c9GION RH\u00d4NE ALPES-AUVERGNE<\/strong>   <\/h4>\n\n\n\n<p><span><b>Alexandrine&nbsp;G.<\/b><\/span><br>T\u00e9l\u00e9phone : 06 36 81 06 47<br>Mail : <a href=\"mailto:alexcampusaccess@gmail.com\" target=\"_blank\" rel=\"noopener\">alexcampusaccess(at)gmail.com<\/a><\/p>\n\n\n\n<p><strong>Marie-Caroline S.<\/strong> <br>T\u00e9l\u00e9phone : 06 61 44 73 65 <br>Mail : <a href=\"mailto:mcaroline.campusaccess@gmail.com\">mcaroline.campusaccess(at)gmail.com<\/a><\/p>\n<\/div>\n<\/div>\n\n\n<p><\/section>\n\n\n<section class=\"section-beige\"><\/p>\n\n\n\n<div class=\"wp-block-columns has-2-columns column-centre is-layout-flex wp-container-core-columns-is-layout-5 wp-block-columns-is-layout-flex\">\n<div class=\"wp-block-column is-layout-flow wp-block-column-is-layout-flow\">\n<p class=\"sub-title\"><strong>\u00c9V\u00c9NEMENTS<\/strong><\/p>\n\n\n\n<h3 class=\"wp-block-heading\" id=\"section3\">Participer \u00e0 une r\u00e9union d&rsquo;information<br><\/h3>\n\n\n\n<p><strong> Les r\u00e9unions d&rsquo;information \u201cCampus Access\u201d nous donnent la possibilit\u00e9 de vous pr\u00e9senter le s\u00e9jour universitaire aux USA de mani\u00e8re plus d\u00e9taill\u00e9e et plus personnelle. <br>Ces r\u00e9unions permettent de compl\u00e9ter l&rsquo;information d\u00e9livr\u00e9e dans notre brochure et sur notre site internet. <\/strong><\/p>\n<\/div>\n\n\n\n<div class=\"wp-block-column is-layout-flow wp-block-column-is-layout-flow\"><div class=\"wp-block-image\">\n<figure class=\"aligncenter\"><img loading=\"lazy\" decoding=\"async\" width=\"900\" height=\"600\" src=\"https:\/\/www.calvin-thomas.com\/campus\/wp-content\/uploads\/\/sites\/5\/reunion-information-campus.jpg\" alt=\"r\u00e9union d'information sur le programme Campus - \u00c9tudes universitaires \u00e0 l'\u00e9tranger\" class=\"wp-image-142\" srcset=\"https:\/\/www.calvin-thomas.com\/campus\/wp-content\/uploads\/\/sites\/5\/reunion-information-campus.jpg 900w, https:\/\/www.calvin-thomas.com\/campus\/wp-content\/uploads\/\/sites\/5\/reunion-information-campus-300x200.jpg 300w, https:\/\/www.calvin-thomas.com\/campus\/wp-content\/uploads\/\/sites\/5\/reunion-information-campus-768x512.jpg 768w\" sizes=\"(max-width: 900px) 100vw, 900px\" \/><\/figure><\/div><\/div>\n<\/div>\n\n\n\n<div class=\"wp-block-columns has-2-columns column-centre is-layout-flex wp-container-core-columns-is-layout-6 wp-block-columns-is-layout-flex\">\n<div class=\"wp-block-column is-layout-flow wp-block-column-is-layout-flow\">\n<h4 class=\"wp-block-heading\" id=\"mce_125\">Les rendez-vous r\u00e9guliers \u00e0 Paris<\/h4>\n<\/div>\n\n\n\n<div class=\"wp-block-column is-layout-flow wp-block-column-is-layout-flow\">\n<h4 class=\"wp-block-heading\" id=\"mce_1\">Les rendez-vous r\u00e9guliers \u00e0 Lyon<\/h4>\n<\/div>\n<\/div>\n\n\n\n<div class=\"wp-block-columns has-2-columns column-centre is-layout-flex wp-container-core-columns-is-layout-7 wp-block-columns-is-layout-flex\">\n<div class=\"wp-block-column is-layout-flow wp-block-column-is-layout-flow\">\n<h5 class=\"wp-block-heading cadre-blanc\"><strong>Retrouvez-nous prochainement<br>Si\u00e8ge national Calvin-Thomas \u2013 Paris&nbsp;XIIe\ufeff<\/strong><\/h5>\n\n\n\n<p><\/p>\n<\/div>\n\n\n\n<div class=\"wp-block-column is-layout-flow wp-block-column-is-layout-flow\">\n<h5 class=\"wp-block-heading cadre-blanc\"><strong>Retrouvez-nous prochainement<br><\/strong><\/h5>\n\n\n\n<p><br><\/p>\n<\/div>\n<\/div>\n\n\n\n<div style=\"height:20px\" class=\"wp-block-spacer\"><\/div>\n\n\n\n<p class=\"has-text-align-center column-centre cadre-marron\"><strong>\u00c0 NOTER :<\/strong><br>Pour des questions d&rsquo;organisation, vous devez imp\u00e9rativement vous inscrire au pr\u00e9alable pour les r\u00e9unions de pr\u00e9sentation du programme et du syst\u00e8me universitaire am\u00e9ricain. Nous vous confirmerons alors l\u2019adresse du lieu de r\u00e9union.<\/p>\n\n\n\n<p class=\"has-text-align-center column-centre cadre-marron\"><strong>Contact : <\/strong><br>Claire HILL au 04 42 91 31 01 ou <a href=\"mailto:campus@calvin-thomas.com\">campus(at)calvin-thomas.com<\/a>.<\/p>\n\n\n\n<div style=\"height:100px\" class=\"wp-block-spacer\"><\/div>\n\n\n\n<div class=\"wp-block-columns has-2-columns column-centre is-layout-flex wp-container-core-columns-is-layout-8 wp-block-columns-is-layout-flex\">\n<div class=\"wp-block-column is-layout-flow wp-block-column-is-layout-flow\">\n<h3 class=\"wp-block-heading column-centre\" id=\"section3\">Participer \u00e0 un salon<br><\/h3>\n\n\n\n<h4 class=\"wp-block-heading\" id=\"mce_125\">Les salons nationaux et r\u00e9gionaux<\/h4>\n\n\n\n<p><strong>Calvin-Thomas est pr\u00e9sent \u00e9galement, de fa\u00e7on r\u00e9guli\u00e8re, sur des salons nationaux ou r\u00e9gionaux. <\/strong>\ufeff<\/p>\n<\/div>\n\n\n\n<div class=\"wp-block-column is-layout-flow wp-block-column-is-layout-flow\">\n<p><\/p>\n<\/div>\n<\/div>\n\n\n\n<div class=\"wp-block-columns has-2-columns column-centre is-layout-flex wp-container-core-columns-is-layout-9 wp-block-columns-is-layout-flex\">\n<div class=\"wp-block-column is-layout-flow wp-block-column-is-layout-flow\">\n<h5 class=\"wp-block-heading cadre-blanc\">Samedi 17 f\u00e9vrier 2024<br><\/h5>\n\n\n\n<p class=\"cadre-blanc\">Salon de Vannes (56)<br><\/p>\n<\/div>\n\n\n\n<div class=\"wp-block-column is-layout-flow wp-block-column-is-layout-flow\"><\/div>\n<\/div>\n\n\n\n<p class=\"has-text-align-center column-centre cadre-marron\"><strong>Contact : <\/strong><br>Claire HILL au 04 42 91 31 01 ou <a href=\"mailto:campus@calvin-thomas.com\">campus(at)calvin-thomas.com<\/a>.<\/p>\n\n\n<p><\/section>\n\n\n\n<div style=\"height:50px\" class=\"wp-block-spacer\"><\/div>\n","protected":false},"excerpt":{"rendered":"<p>Des questions ?<\/p>\n<p>Vous trouverez, ci-dessous, la liste des conseillers Campus Access. N&rsquo;h\u00e9sitez pas \u00e0 les contacter si vous n&rsquo;avez pas trouv\u00e9 les r\u00e9ponses \u00e0 vos questions dans notre FAQ et si vous souhaitez des informations compl\u00e9mentaires. Nos conseillers sont tous d&rsquo;anciens participants du programme et pourront vous raconter leurs exp\u00e9riences personnelles. Pour toutes questions d&rsquo;aspects techniques, notre bureau national reste joignable au 04 42 91 31 01 ou \u00e0 <a href=\"mailto:campus@calvin-thomas.com\">campus(at)calvin-thomas.com<\/a>.<\/p>\n<ul class=\"liste-menu\">\n<li><a href=\"#section1\">Contacter le bureau national \u201cCampus Access\u201d Calvin-Thomas<\/a><\/li>\n<li><a href=\"#section2\">Contacter un conseiller pr\u00e8s de chez vous,<\/a><\/li>\n<\/ul>\n<p> <a class=\"btn couleur large\" href=\"https:\/\/www.calvin-thomas.com\/campus\/informations-pratiques\/contacts-reunions-conseillers-campus-access\/\">EN SAVOIR PLUS <\/a><\/p>\n","protected":false},"author":1,"featured_media":135,"parent":11,"menu_order":0,"comment_status":"closed","ping_status":"closed","template":"","meta":{"_uag_custom_page_level_css":""},"uagb_featured_image_src":{"full":["https:\/\/www.calvin-thomas.com\/campus\/wp-content\/uploads\/\/sites\/5\/entete-contact.jpg",1200,1200,false],"thumbnail":["https:\/\/www.calvin-thomas.com\/campus\/wp-content\/uploads\/\/sites\/5\/entete-contact-150x150.jpg",150,150,true],"medium":["https:\/\/www.calvin-thomas.com\/campus\/wp-content\/uploads\/\/sites\/5\/entete-contact-300x300.jpg",300,300,true],"medium_large":["https:\/\/www.calvin-thomas.com\/campus\/wp-content\/uploads\/\/sites\/5\/entete-contact-768x768.jpg",640,640,true],"large":["https:\/\/www.calvin-thomas.com\/campus\/wp-content\/uploads\/\/sites\/5\/entete-contact-1024x1024.jpg",640,640,true],"1536x1536":["https:\/\/www.calvin-thomas.com\/campus\/wp-content\/uploads\/\/sites\/5\/entete-contact.jpg",1200,1200,false],"2048x2048":["https:\/\/www.calvin-thomas.com\/campus\/wp-content\/uploads\/\/sites\/5\/entete-contact.jpg",1200,1200,false]},"uagb_author_info":{"display_name":"redac-calvinthomas","author_link":"https:\/\/www.calvin-thomas.com\/campus\/author\/redac-calvinthomas\/"},"uagb_comment_info":0,"uagb_excerpt":"Des questions ? Vous trouverez, ci-dessous, la liste des conseillers Campus Access. N&rsquo;h\u00e9sitez pas \u00e0 les contacter si vous n&rsquo;avez pas trouv\u00e9 les r\u00e9ponses \u00e0 vos questions dans notre FAQ et si vous souhaitez des informations compl\u00e9mentaires. Nos conseillers sont tous d&rsquo;anciens participants du programme et pourront vous raconter leurs exp\u00e9riences personnelles. Pour toutes questions\u2026","_links":{"self":[{"href":"https:\/\/www.calvin-thomas.com\/campus\/wp-json\/wp\/v2\/pages\/75"}],"collection":[{"href":"https:\/\/www.calvin-thomas.com\/campus\/wp-json\/wp\/v2\/pages"}],"about":[{"href":"https:\/\/www.calvin-thomas.com\/campus\/wp-json\/wp\/v2\/types\/page"}],"author":[{"embeddable":true,"href":"https:\/\/www.calvin-thomas.com\/campus\/wp-json\/wp\/v2\/users\/1"}],"replies":[{"embeddable":true,"href":"https:\/\/www.calvin-thomas.com\/campus\/wp-json\/wp\/v2\/comments?post=75"}],"version-history":[{"count":0,"href":"https:\/\/www.calvin-thomas.com\/campus\/wp-json\/wp\/v2\/pages\/75\/revisions"}],"up":[{"embeddable":true,"href":"https:\/\/www.calvin-thomas.com\/campus\/wp-json\/wp\/v2\/pages\/11"}],"wp:featuredmedia":[{"embeddable":true,"href":"https:\/\/www.calvin-thomas.com\/campus\/wp-json\/wp\/v2\/media\/135"}],"wp:attachment":[{"href":"https:\/\/www.calvin-thomas.com\/campus\/wp-json\/wp\/v2\/media?parent=75"}],"curies":[{"name":"wp","href":"https:\/\/api.w.org\/{rel}","templated":true}]}}