{"id":754,"date":"2019-02-25T20:01:20","date_gmt":"2019-02-25T19:01:20","guid":{"rendered":"https:\/\/www.calvin-thomas.com\/campus\/?page_id=754"},"modified":"2020-03-23T15:23:35","modified_gmt":"2020-03-23T14:23:35","slug":"plan-site","status":"publish","type":"page","link":"https:\/\/www.calvin-thomas.com\/campus\/plan-site\/","title":{"rendered":"Plan de site"},"content":{"rendered":"\n<div style=\"height:50px\" aria-hidden=\"true\" class=\"wp-block-spacer\"><\/div>\n\n\n\n<div class=\"wp-block-columns has-2-columns column-centre centrer-hauteur is-layout-flex wp-container-core-columns-is-layout-1 wp-block-columns-is-layout-flex\">\n<div class=\"wp-block-column is-layout-flow wp-block-column-is-layout-flow\">\n<ul><li><a href=\"https:\/\/www.calvin-thomas.com\/campus\/\">HOME<\/a><\/li><\/ul>\n\n\n\n<div style=\"height:1px\" aria-hidden=\"true\" class=\"wp-block-spacer\"><\/div>\n\n\n\n<ul><li><a href=\"#\">PR\u00c9SENTATION DU PROGRAMME<\/a> <ul><li><a href=\"https:\/\/www.calvin-thomas.com\/campus\/programme-campus-access\/10-bonnes-raisons-pour-etudier-usa\/\">Pourquoi partir \u00e9tudier \u00e0 l\u2019\u00e9tranger en 10 points ?<\/a><\/li><li><a href=\"https:\/\/www.calvin-thomas.com\/campus\/programme-campus-access\/quand-partir-etudier-campus-universitaire-etranger\/\">Quand partir \u00e9tudier \u00e0 l\u2019\u00e9tranger ?<\/a><\/li><li><a href=\"https:\/\/www.calvin-thomas.com\/campus\/programme-campus-access\/quel-diplome-etranger-quelles-equivalences\/\">Quel dipl\u00f4me pr\u00e9parer ? Quelles \u00e9quivalences ?<\/a><\/li><li><a href=\"https:\/\/www.calvin-thomas.com\/campus\/programme-campus-access\/choisir-etudes-universitaires-etranger\/\">3 formules, laquelle choisir\u00a0?<\/a><\/li><li><a href=\"https:\/\/www.calvin-thomas.com\/campus\/programme-campus-access\/university-colleges-community-colleges\/\">University &amp; Colleges : quelles diff\u00e9rences ?<\/a> <\/li><\/ul><\/li><\/ul>\n\n\n\n<ul><li><a href=\"https:\/\/www.calvin-thomas.com\/campus\/etude-universitaire\/\">FORMULES<\/a> <ul><li><a href=\"https:\/\/www.calvin-thomas.com\/campus\/etude-universitaire\/etats-unis-academic\/\">\u00c9tats-Unis &#8211;  Formule Academic<\/a><ul><li><a href=\"https:\/\/www.calvin-thomas.com\/campus\/universites-americaines-partenaires\/\">Nos universit\u00e9s am\u00e9ricaines partenaires<\/a><\/li><\/ul><\/li><li><a href=\"https:\/\/www.calvin-thomas.com\/campus\/etude-universitaire\/etats-unis-intensive-english\/\">\u00c9tats-Unis &#8211; Formule Intensive English <\/a><\/li><li><a href=\"https:\/\/www.calvin-thomas.com\/campus\/etude-universitaire\/etats-unis-master-mba\/\">\u00c9tats-Unis &#8211; Formule Master<\/a><\/li><li><a href=\"https:\/\/www.calvin-thomas.com\/campus\/etude-universitaire\/nouvelle-zelande-academic\/\">Nouvelle-Z\u00e9lande &#8211; Formule Academic <\/a> <ul><li><a href=\"https:\/\/www.calvin-thomas.com\/campus\/universites-nouvelle-zelande-partenaires\/\">Nos universit\u00e9s de Nouvelle-Z\u00e9lande partenaires<\/a><\/li><\/ul><\/li><li><a href=\"https:\/\/www.calvin-thomas.com\/campus\/etude-universitaire\/nouvelle-zelande-master\/\">Nouvelle-Z\u00e9lande &#8211; Formule Master <\/a> <\/li><li><a href=\"https:\/\/www.calvin-thomas.com\/campus\/etude-universitaire\/royaume-uni-academic\/\">Royaume-Uni &#8211; Formule Academic <\/a> <ul><li><a href=\"https:\/\/www.calvin-thomas.com\/campus\/universites-britanniques-partenaires\/\">Nos universit\u00e9s britanniques partenaires<\/a><\/li><\/ul><\/li><li><a href=\"https:\/\/www.calvin-thomas.com\/campus\/etude-universitaire\/royaume-uni-master\/\">Royaume-Uni &#8211; Formule Master<\/a> <\/li><\/ul><\/li><\/ul>\n\n\n\n<ul><li><a href=\"#\">BOURSES D\u2019\u00c9TUDES USA<\/a> <ul><li><a href=\"https:\/\/www.calvin-thomas.com\/campus\/bourses-etudes-usa\/bourses-etudes-usa\/\">Obtenir une bourse d\u2019\u00e9tudes aux USA<\/a><\/li><li><a href=\"https:\/\/www.calvin-thomas.com\/campus\/bourses-etudes-usa\/bourse-universitaire-academic\/\">La bourse universitaire \u201cAcademic\u201d<\/a><\/li><li><a href=\"https:\/\/www.calvin-thomas.com\/campus\/bourses-etudes-usa\/bourse-usa-master-mba\/\">La bourse d\u2019\u00e9tude \u201cMaster\u201d<\/a><\/li><li><a href=\"https:\/\/www.calvin-thomas.com\/campus\/bourses-etudes-usa\/bourse-etudes-intensive-english\/\">La bourse d\u2019\u00e9tude \u201cIntensive English\u201d<\/a> <\/li><\/ul><\/li><\/ul>\n\n\n\n<ul><li><a href=\"#\">INFORMATIONS PRATIQUES<\/a> <ul><li><a href=\"https:\/\/www.calvin-thomas.com\/campus\/informations-pratiques\/conditions-admission\/\">Les conditions d\u2019admission<\/a><\/li><li><a href=\"https:\/\/www.calvin-thomas.com\/campus\/informations-pratiques\/cout-budget-etudes-superieures-etranger\/\">Les co\u00fbt et budget d\u2019une ann\u00e9e universitaire<\/a><\/li><li><a href=\"https:\/\/www.calvin-thomas.com\/campus\/informations-pratiques\/demarches-formalites\/\">Les d\u00e9marches et formalit\u00e9s<\/a><\/li><li><a href=\"https:\/\/www.calvin-thomas.com\/campus\/informations-pratiques\/contacts-reunions-conseillers-campus-access\/\">Contactez-nous et rencontrons-nous<\/a><\/li><li><a href=\"https:\/\/www.calvin-thomas.com\/campus\/informations-pratiques\/foire-aux-questions\/\">Foire aux questions<\/a><\/li><li><a href=\"https:\/\/www.calvin-thomas.com\/services\/paiement-en-ligne-2\/\">Paiement en ligne<\/a> <\/li><\/ul><\/li><\/ul>\n\n\n\n<ul><li><a href=\"https:\/\/www.calvin-thomas.com\/campus\/telecharger-brochure-campus-access\/\">T\u00c9L\u00c9CHARGER NOTRE BROCHURE GRATUITE<\/a><\/li><\/ul>\n\n\n\n<ul><li><a href=\"https:\/\/www.calvin-thomas.com\/campus\/conditions-generales-vente\/\">Conditions g\u00e9n\u00e9rales de vente<\/a><\/li><li><a href=\"https:\/\/www.calvin-thomas.com\/campus\/plan-site\/\">Plan de site<\/a><\/li><li><a href=\"https:\/\/www.calvin-thomas.com\/campus\/mentions-legales-confidentialite\/\">Mention l\u00e9gales &amp; confidentialit\u00e9<\/a><\/li><\/ul>\n<\/div>\n\n\n\n<div class=\"wp-block-column is-layout-flow wp-block-column-is-layout-flow\"><\/div>\n<\/div>\n\n\n\n<div style=\"height:50px\" aria-hidden=\"true\" class=\"wp-block-spacer\"><\/div>\n","protected":false},"excerpt":{"rendered":"<ul>\n<li><a href=\"https:\/\/www.calvin-thomas.com\/campus\/\">HOME<\/a><\/li>\n<\/ul>\n<ul>\n<li><a href=\"#\">PR\u00c9SENTATION DU PROGRAMME<\/a>\n<ul>\n<li><a href=\"https:\/\/www.calvin-thomas.com\/campus\/programme-campus-access\/10-bonnes-raisons-pour-etudier-usa\/\">Pourquoi partir \u00e9tudier \u00e0 l\u2019\u00e9tranger en 10 points ?<\/a><\/li>\n<li><a href=\"https:\/\/www.calvin-thomas.com\/campus\/programme-campus-access\/quand-partir-etudier-campus-universitaire-etranger\/\">Quand partir \u00e9tudier \u00e0 l\u2019\u00e9tranger ?<\/a><\/li>\n<li><a href=\"https:\/\/www.calvin-thomas.com\/campus\/programme-campus-access\/quel-diplome-etranger-quelles-equivalences\/\">Quel dipl\u00f4me pr\u00e9parer ? Quelles \u00e9quivalences ?<\/a><\/li>\n<li><a href=\"https:\/\/www.calvin-thomas.com\/campus\/programme-campus-access\/choisir-etudes-universitaires-etranger\/\">3 formules, laquelle choisir\u00a0?<\/a><\/li>\n<li><a href=\"https:\/\/www.calvin-thomas.com\/campus\/programme-campus-access\/university-colleges-community-colleges\/\">University &amp; Colleges : quelles diff\u00e9rences ?<\/a> <\/li>\n<\/ul>\n<\/li>\n<\/ul>\n<ul>\n<li><a href=\"https:\/\/www.calvin-thomas.com\/campus\/etude-universitaire\/\">FORMULES<\/a>\n<ul>\n<li><a href=\"https:\/\/www.calvin-thomas.com\/campus\/etude-universitaire\/etats-unis-academic\/\">\u00c9tats-Unis &#8211;<\/a><\/li>\n<\/ul>\n<\/li>\n<\/ul>\n<p> <a class=\"btn couleur large\" href=\"https:\/\/www.calvin-thomas.com\/campus\/plan-site\/\">EN SAVOIR PLUS <\/a><\/p>\n","protected":false},"author":1,"featured_media":0,"parent":0,"menu_order":0,"comment_status":"closed","ping_status":"closed","template":"page-simple.php","meta":{"_uag_custom_page_level_css":""},"uagb_featured_image_src":{"full":false,"thumbnail":false,"medium":false,"medium_large":false,"large":false,"1536x1536":false,"2048x2048":false},"uagb_author_info":{"display_name":"redac-calvinthomas","author_link":"https:\/\/www.calvin-thomas.com\/campus\/author\/redac-calvinthomas\/"},"uagb_comment_info":0,"uagb_excerpt":"HOME PR\u00c9SENTATION DU PROGRAMME Pourquoi partir \u00e9tudier \u00e0 l\u2019\u00e9tranger en 10 points ?Quand partir \u00e9tudier \u00e0 l\u2019\u00e9tranger ?Quel dipl\u00f4me pr\u00e9parer ? Quelles \u00e9quivalences ?3 formules, laquelle choisir\u00a0?University &amp; Colleges : quelles diff\u00e9rences ? FORMULES \u00c9tats-Unis &#8211; EN SAVOIR PLUS","_links":{"self":[{"href":"https:\/\/www.calvin-thomas.com\/campus\/wp-json\/wp\/v2\/pages\/754"}],"collection":[{"href":"https:\/\/www.calvin-thomas.com\/campus\/wp-json\/wp\/v2\/pages"}],"about":[{"href":"https:\/\/www.calvin-thomas.com\/campus\/wp-json\/wp\/v2\/types\/page"}],"author":[{"embeddable":true,"href":"https:\/\/www.calvin-thomas.com\/campus\/wp-json\/wp\/v2\/users\/1"}],"replies":[{"embeddable":true,"href":"https:\/\/www.calvin-thomas.com\/campus\/wp-json\/wp\/v2\/comments?post=754"}],"version-history":[{"count":0,"href":"https:\/\/www.calvin-thomas.com\/campus\/wp-json\/wp\/v2\/pages\/754\/revisions"}],"wp:attachment":[{"href":"https:\/\/www.calvin-thomas.com\/campus\/wp-json\/wp\/v2\/media?parent=754"}],"curies":[{"name":"wp","href":"https:\/\/api.w.org\/{rel}","templated":true}]}}