{"id":875,"date":"2019-03-05T19:28:21","date_gmt":"2019-03-05T18:28:21","guid":{"rendered":"https:\/\/www.calvin-thomas.com\/campus\/?page_id=875"},"modified":"2019-04-26T15:34:31","modified_gmt":"2019-04-26T13:34:31","slug":"universites-britanniques-partenaires","status":"publish","type":"page","link":"https:\/\/www.calvin-thomas.com\/campus\/universites-britanniques-partenaires\/","title":{"rendered":"Nos universit\u00e9s britanniques partenaires"},"content":{"rendered":"\n<p style=\"text-align:center\" class=\"intro content-centrer\">Campus Access travaille avec un large r\u00e9seau d\u2019universit\u00e9s britanniques : plus de 40 \u00e9tablissements r\u00e9partis sur tout le territoire de Grande-Bretagne.<\/p>\n\n\n\n<p style=\"text-align:center\" class=\"intro content-centrer\">Toutes ces universit\u00e9s sont accr\u00e9dit\u00e9es et toutes sont reconnues. Ces universit\u00e9s ont \u00e9t\u00e9 s\u00e9lectionn\u00e9es avec attention par Calvin-Thomas sur la base de crit\u00e8res tr\u00e8s s\u00e9lectifs qui portent principalement sur la qualit\u00e9 de l\u2019enseignement, sur le niveau des \u00e9quipements et sur la s\u00e9curit\u00e9 sur le campus.<\/p>\n\n\n\n<p style=\"text-align:center\" class=\"intro content-centrer\">Nota : ces universit\u00e9s britanniques font parties des \u00e9tablissements disponibles pour la <a href=\"https:\/\/www.calvin-thomas.com\/campus\/etude-universitaire\/royaume-uni-academic\/\">formule \u201cRoyaume-Uni &#8211; Academic\u201d<\/a>.<br><\/p>\n\n\n\n<div style=\"height:50px\" aria-hidden=\"true\" class=\"wp-block-spacer\"><\/div>\n\n\n\n<p style=\"text-align:center\" class=\"content-centrer\">Voici notre s\u00e9lection des universit\u00e9s du Royaume-Uni partenaires parmi les 40 universit\u00e9s avec lesquelles nous avons \u00e9tabli des partenariats.<\/p>\n\n\n\n<div style=\"height:50px\" aria-hidden=\"true\" class=\"wp-block-spacer\"><\/div>\n\n\n<div class=\"bloc-cadre\"><\/p>\n\n\n\n<h4 class=\"wp-block-heading\">Newcastle University Coventry University<br><em>Royaume-Uni<\/em><br><\/h4>\n\n\n\n<ul><li><strong>Description :<\/strong> <em>Newcastle University est un \u00e9tablissement du Top 20 britannique et membre du Russell group.<br>\nElle se situe dans l\u2019une des villes \u00e9tudiantes les plus dynamiques\ndu Royaume-Uni. Newcastle poss\u00e8de une offre tr\u00e8s large de  programmes, dont plus de 2 000 au niveau Bachelor et 300 au niveau Master. Son campus gigantesque est un savant m\u00e9lange de b\u00e2timents anciens et modernes, ce qui rend l\u2019\u00e9tablissement ind\u00e9modable.<\/em><\/li><li><strong>Site internet :<\/strong> <em><a rel=\"noreferrer noopener\" href=\"https:\/\/www.ncl.ac.uk\/\" target=\"_blank\">www.ncl.ac.uk<\/a><\/em><\/li><\/ul>\n\n\n<p><\/div>\n\n\n<div class=\"bloc-cadre\"><\/p>\n\n\n\n<h4 class=\"wp-block-heading\" id=\"mce_37\">Coventry University<br><em>Royaume-Uni<\/em><br><\/h4>\n\n\n\n<ul><li><strong>Description :<\/strong> <em>Coventry University est l\u2019une des \u00e9toiles montantes de l\u2019\u00e9ducation britannique.<br>\nSon ascension fulgurante dans les classements est le fruit d\u2019un investissement colossal au niveau de ses installations et de son corps enseignant. En plus de proposer des cursus type Bachelor et Master, vous avez aussi la possibilit\u00e9 d\u2019int\u00e9grer une troisi\u00e8me ann\u00e9e de Bachelor \u00e0 la suite d\u2019un DUT ou d\u2019un BTS, dans ce qu\u2019on appelle un \u201cTop-Up Degree\u201d.<\/em><\/li><li><strong>Site internet :<\/strong> <em><a rel=\"noreferrer noopener\" href=\"https:\/\/www.coventry.ac.uk\/\" target=\"_blank\">www.coventry.ac.uk<\/a><\/em><\/li><\/ul>\n\n\n<p><\/div>\n\n\n<div class=\"bloc-cadre\"><\/p>\n\n\n\n<h4 class=\"wp-block-heading\" id=\"mce_37\">Queen Mary University <br><em>Royaume-Uni<\/em><br><\/h4>\n\n\n\n<ul><li><strong>Description :<\/strong> <em>Fond\u00e9e il y a plus de 130 ans, l\u2019universit\u00e9 queen Mary de Londres (qMUL) est l\u2019une des meilleures universit\u00e9s du Royaume-Uni.<br>\nElle accueille plus de 20 000 \u00e9tudiants provenant de 162 pays dans ces cinq campus en plein c\u0153ur de l\u2019East End londonien. Son campus principal, situ\u00e9 \u00e0 Mile End, est le plus grand campus universitaire autonome de la capitale anglaise.<\/em><\/li><li><strong>Site internet :<\/strong> <em><a rel=\"noreferrer noopener\" href=\"https:\/\/www.qmul.ac.uk\/\" target=\"_blank\">www.qmul.ac.uk<\/a><\/em><\/li><\/ul>\n\n\n<p><\/div>\n\n\n\n<div style=\"height:50px\" aria-hidden=\"true\" class=\"wp-block-spacer\"><\/div>\n\n\n\n<h2 class=\"wp-block-heading\" style=\"text-align:center\">D\u00c9COUVREZ AUSSI&#8230;<\/h2>\n\n\n<div class=\"bloc-cadre-small\"><\/p>\n\n\n\n<h4 class=\"wp-block-heading\" style=\"text-align:center\">Aberystwyth University <br><em>Aberystwyth<\/em><\/h4>\n\n\n\n<p style=\"text-align:center\" class=\"sans-margin-top\"><strong>Site internet :<\/strong> <em><a rel=\"noreferrer noopener\" href=\"https:\/\/www.aber.ac.uk\/\" target=\"_blank\">www.aber.ac.uk<\/a><\/em><\/p>\n\n\n<p><\/div>\n\n\n<div class=\"bloc-cadre-small\"><\/p>\n\n\n\n<h4 class=\"wp-block-heading\" style=\"text-align:center\">Anglia Ruskin University <br><em>Cambridge<\/em><\/h4>\n\n\n\n<p style=\"text-align:center\" class=\"sans-margin-top\"><strong>Site internet :<\/strong> <em><a rel=\"noreferrer noopener\" href=\"http:\/\/www.anglia.ac.uk\/\" target=\"_blank\">www.anglia.ac.uk<\/a><\/em><\/p>\n\n\n<p><\/div>\n\n\n<div class=\"bloc-cadre-small\"><\/p>\n\n\n\n<h4 class=\"wp-block-heading\" style=\"text-align:center\">BIMM (Music Institute) <br><em>London<\/em><\/h4>\n\n\n\n<p style=\"text-align:center\" class=\"sans-margin-top\"><strong>Site internet :<\/strong> <em><a rel=\"noreferrer noopener\" href=\"http:\/\/www.bimm.co.uk\/\" target=\"_blank\">www.bimm.co.uk<\/a><\/em><\/p>\n\n\n<p><\/div>\n\n\n<div class=\"bloc-cadre-small\"><\/p>\n\n\n\n<h4 class=\"wp-block-heading\" style=\"text-align:center\">Birkbeck University of London <br><em>London<\/em><\/h4>\n\n\n\n<p style=\"text-align:center\" class=\"sans-margin-top\"><strong>Site internet :<\/strong> <em><a rel=\"noreferrer noopener\" href=\"http:\/\/www.bbk.ac.uk\/\" target=\"_blank\">www.bbk.ac.uk<\/a><\/em><\/p>\n\n\n<p><\/div>\n\n\n<div class=\"bloc-cadre-small\"><\/p>\n\n\n\n<h4 class=\"wp-block-heading\" style=\"text-align:center\">Birmingham City University<br><em>Birmingham<\/em><\/h4>\n\n\n\n<p style=\"text-align:center\" class=\"sans-margin-top\"><strong>Site internet :<\/strong> <em><a rel=\"noreferrer noopener\" href=\"http:\/\/www.bcu.ac.uk\/\" target=\"_blank\">www.bcu.ac.uk<\/a><\/em><\/p>\n\n\n<p><\/div>\n\n\n<div class=\"bloc-cadre-small\"><\/p>\n\n\n\n<h4 class=\"wp-block-heading\" style=\"text-align:center\">Brunel University <br><em>Uxbridge<\/em><\/h4>\n\n\n\n<p style=\"text-align:center\" class=\"sans-margin-top\"><strong>Site internet :<\/strong> <em><a rel=\"noreferrer noopener\" href=\"http:\/\/www.brunel.ac.uk\/\" target=\"_blank\">www.brunel.ac.uk<\/a><\/em><\/p>\n\n\n<p><\/div>\n\n\n<div class=\"bloc-cadre-small\"><\/p>\n\n\n\n<h4 class=\"wp-block-heading\" style=\"text-align:center\">Cambridge Regional College <br><em>Cambridge<\/em><\/h4>\n\n\n\n<p style=\"text-align:center\" class=\"sans-margin-top\"><strong>Site internet :<\/strong> <em><a rel=\"noreferrer noopener\" href=\"http:\/\/www.camre.ac.uk\/\" target=\"_blank\">www.camre.ac.uk<\/a><\/em><\/p>\n\n\n<p><\/div>\n\n\n<div class=\"bloc-cadre-small\"><\/p>\n\n\n\n<h4 class=\"wp-block-heading\" style=\"text-align:center\">Canterbury Christ Church University <br><em>Canterbury<\/em><\/h4>\n\n\n\n<p style=\"text-align:center\" class=\"sans-margin-top\"><strong>Site internet :<\/strong> <em><a rel=\"noreferrer noopener\" href=\"https:\/\/www.canterbury.ac.uk\/\" target=\"_blank\">www.canterbury.ac.uk<\/a><\/em><\/p>\n\n\n<p><\/div>\n\n\n<div class=\"bloc-cadre-small\"><\/p>\n\n\n\n<h4 class=\"wp-block-heading\" style=\"text-align:center\">Chichester College <br><em>Chichester<\/em><\/h4>\n\n\n\n<p style=\"text-align:center\" class=\"sans-margin-top\"><strong>Site internet :<\/strong> <em><a rel=\"noreferrer noopener\" href=\"https:\/\/chichester.ac.uk\/\" target=\"_blank\">https:\/\/chichester.ac.uk<\/a><\/em><\/p>\n\n\n<p><\/div>\n\n\n<div class=\"bloc-cadre-small\"><\/p>\n\n\n\n<h4 class=\"wp-block-heading\" style=\"text-align:center\">City, University of London <br><em>London<\/em><\/h4>\n\n\n\n<p style=\"text-align:center\" class=\"sans-margin-top\"><strong>Site internet :<\/strong> <em><a rel=\"noreferrer noopener\" href=\"https:\/\/www.city.ac.uk\/\" target=\"_blank\">www.city.ac.uk\ufeff<\/a><\/em><\/p>\n\n\n<p><\/div>\n\n\n<div class=\"bloc-cadre-small\"><\/p>\n\n\n\n<h4 class=\"wp-block-heading\" style=\"text-align:center\">Coventry University<br><em>Coventry<\/em><\/h4>\n\n\n\n<p style=\"text-align:center\" class=\"sans-margin-top\"><strong>Site internet :<\/strong> <em><a rel=\"noreferrer noopener\" href=\"http:\/\/www.coventry.ac.uk\/\" target=\"_blank\">www.coventry.ac.uk<\/a><\/em><\/p>\n\n\n<p><\/div>\n\n\n<div class=\"bloc-cadre-small\"><\/p>\n\n\n\n<h4 class=\"wp-block-heading\" style=\"text-align:center\">Cranfield University <br><em>Bedford<\/em><\/h4>\n\n\n\n<p style=\"text-align:center\" class=\"sans-margin-top\"><strong>Site internet :<\/strong> <em><a rel=\"noreferrer noopener\" href=\"https:\/\/www.cranfield.ac.uk\/\" target=\"_blank\">www.cranfield.ac.uk<\/a><\/em><\/p>\n\n\n<p><\/div>\n\n\n<div class=\"bloc-cadre-small\"><\/p>\n\n\n\n<h4 class=\"wp-block-heading\" style=\"text-align:center\">De Montfort University <br><em>Leicester<\/em><\/h4>\n\n\n\n<p style=\"text-align:center\" class=\"sans-margin-top\"><strong>Site internet :<\/strong> <em><a rel=\"noreferrer noopener\" href=\"http:\/\/www.dmu.ac.uk\/\" target=\"_blank\">\/www.dmu.ac.uk<\/a><\/em><\/p>\n\n\n<p><\/div>\n\n\n<div class=\"bloc-cadre-small\"><\/p>\n\n\n\n<h4 class=\"wp-block-heading\" style=\"text-align:center\">Falmouth University <br><em>Penrynn<\/em><\/h4>\n\n\n\n<p style=\"text-align:center\" class=\"sans-margin-top\"><strong>Site internet :<\/strong> <em><a rel=\"noreferrer noopener\" href=\"https:\/\/www.falmouth.ac.uk\/\" target=\"_blank\">www.falmouth.ac.uk<\/a><\/em><\/p>\n\n\n<p><\/div>\n\n\n<div class=\"bloc-cadre-small\"><\/p>\n\n\n\n<h4 class=\"wp-block-heading\" style=\"text-align:center\">Keele University <br><em>Keele<\/em><\/h4>\n\n\n\n<p style=\"text-align:center\" class=\"sans-margin-top\"><strong>Site internet :<\/strong> <em><a rel=\"noreferrer noopener\" href=\"https:\/\/www.keele.ac.uk\/\" target=\"_blank\">www.keele.ac.uk<\/a><\/em><\/p>\n\n\n<p><\/div>\n\n\n<div class=\"bloc-cadre-small\"><\/p>\n\n\n\n<h4 class=\"wp-block-heading\" style=\"text-align:center\">London South Bank University <br><em>London<\/em><\/h4>\n\n\n\n<p style=\"text-align:center\" class=\"sans-margin-top\"><strong>Site internet :<\/strong> <em><a rel=\"noreferrer noopener\" href=\"http:\/\/www.lsbu.ac.uk\/\" target=\"_blank\">www.lsbu.ac.uk\ufeff<\/a><\/em><\/p>\n\n\n<p><\/div>\n\n\n<div class=\"bloc-cadre-small\"><\/p>\n\n\n\n<h4 class=\"wp-block-heading\" style=\"text-align:center\">Middlesex University<br><em>London<\/em><\/h4>\n\n\n\n<p style=\"text-align:center\" class=\"sans-margin-top\"><strong>Site internet :<\/strong> <em><a rel=\"noreferrer noopener\" href=\"http:\/\/www.mdx.ac.uk\/\" target=\"_blank\">www.mdx.ac.uk<\/a><\/em><\/p>\n\n\n<p><\/div>\n\n\n<div class=\"bloc-cadre-small\"><\/p>\n\n\n\n<h4 class=\"wp-block-heading\" style=\"text-align:center\">Newcastle University <br><em>Newcastle-upon-Tyne<\/em><\/h4>\n\n\n\n<p style=\"text-align:center\" class=\"sans-margin-top\"><strong>Site internet :<\/strong> <em><a rel=\"noreferrer noopener\" href=\"http:\/\/www.ncl.ac.uk\/\" target=\"_blank\">www.ncl.ac.uk<\/a><\/em><\/p>\n\n\n<p><\/div>\n\n\n<div class=\"bloc-cadre-small\"><\/p>\n\n\n\n<h4 class=\"wp-block-heading\" style=\"text-align:center\">Northumbria University <br><em>Newcastle-upon-Tyne<\/em><\/h4>\n\n\n\n<p style=\"text-align:center\" class=\"sans-margin-top\"><strong>Site internet :<\/strong> <em><a rel=\"noreferrer noopener\" href=\"https:\/\/www.northumbria.ac.uk\/\" target=\"_blank\">\/www.northumbria.ac.uk<\/a><\/em><\/p>\n\n\n<p><\/div>\n\n\n<div class=\"bloc-cadre-small\"><\/p>\n\n\n\n<h4 class=\"wp-block-heading\" style=\"text-align:center\">Nottingham Trent University <br><em>Nottingham<\/em><\/h4>\n\n\n\n<p style=\"text-align:center\" class=\"sans-margin-top\"><strong>Site internet :<\/strong> <em><a rel=\"noreferrer noopener\" href=\"https:\/\/www.ntu.ac.uk\/\" target=\"_blank\">www.ntu.ac.uk<\/a><\/em><\/p>\n\n\n<p><\/div>\n\n\n<div class=\"bloc-cadre-small\"><\/p>\n\n\n\n<h4 class=\"wp-block-heading\" style=\"text-align:center\">Oxford Brookes University <br><em>Oxford<\/em><\/h4>\n\n\n\n<p style=\"text-align:center\" class=\"sans-margin-top\"><strong>Site internet :<\/strong> <em><a rel=\"noreferrer noopener\" href=\"http:\/\/www.brookes.ac.uk\" target=\"_blank\">www.brookes.ac.uk<\/a><\/em><\/p>\n\n\n<p><\/div>\n\n\n<div class=\"bloc-cadre-small\"><\/p>\n\n\n\n<h4 class=\"wp-block-heading\" style=\"text-align:center\">Queen Mary University of London <br><em>London<\/em><\/h4>\n\n\n\n<p style=\"text-align:center\" class=\"sans-margin-top\"><strong>Site internet :<\/strong> <em><a rel=\"noreferrer noopener\" href=\"http:\/\/www.qmul.ac.uk\/\" target=\"_blank\">www.qmul.ac.uk\ufeff<\/a><\/em><\/p>\n\n\n<p><\/div>\n\n\n<div class=\"bloc-cadre-small\"><\/p>\n\n\n\n<h4 class=\"wp-block-heading\" style=\"text-align:center\">Richmond University<br><em>Richmond<\/em><\/h4>\n\n\n\n<p style=\"text-align:center\" class=\"sans-margin-top\"><strong>Site internet :<\/strong> <em><a rel=\"noreferrer noopener\" href=\"http:\/\/www.richmond.ac.uk\/\" target=\"_blank\">www.richmond.ac.uk<\/a><\/em><\/p>\n\n\n<p><\/div>\n\n\n<div class=\"bloc-cadre-small\"><\/p>\n\n\n\n<h4 class=\"wp-block-heading\" style=\"text-align:center\">Royal Holloway University of London <br><em>Egham<\/em><\/h4>\n\n\n\n<p style=\"text-align:center\" class=\"sans-margin-top\"><strong>Site internet :<\/strong> <em><a rel=\"noreferrer noopener\" href=\"https:\/\/www.royalholloway.ac.uk\/\" target=\"_blank\">www.royalholloway.ac.uk<\/a><\/em><\/p>\n\n\n<p><\/div>\n\n\n<div class=\"bloc-cadre-small\"><\/p>\n\n\n\n<h4 class=\"wp-block-heading\" style=\"text-align:center\">Sheffield Hallam University <br><em>Sheffield<\/em><\/h4>\n\n\n\n<p style=\"text-align:center\" class=\"sans-margin-top\"><strong>Site internet :<\/strong> <em><a rel=\"noreferrer noopener\" href=\"http:\/\/www.shu.ac.uk\/\" target=\"_blank\">www.shu.ac.uk<\/a><\/em><\/p>\n\n\n<p><\/div>\n\n\n<div class=\"bloc-cadre-small\"><\/p>\n\n\n\n<h4 class=\"wp-block-heading\" style=\"text-align:center\">Solent University <br><em>Southampton<\/em><\/h4>\n\n\n\n<p style=\"text-align:center\" class=\"sans-margin-top\"><strong>Site internet :<\/strong> <em><a rel=\"noreferrer noopener\" href=\"https:\/\/www.solent.ac.uk\/\" target=\"_blank\">www.solent.ac.uk<\/a><\/em><\/p>\n\n\n<p><\/div>\n\n\n<div class=\"bloc-cadre-small\"><\/p>\n\n\n\n<h4 class=\"wp-block-heading\" style=\"text-align:center\">St Mary\u2019s University <br><em>Twickenham<\/em><\/h4>\n\n\n\n<p style=\"text-align:center\" class=\"sans-margin-top\"><strong>Site internet :<\/strong> <em><a rel=\"noreferrer noopener\" href=\"https:\/\/www.stmarys.ac.uk\/\" target=\"_blank\">www.stmarys.ac.uk<\/a><\/em><\/p>\n\n\n<p><\/div>\n\n\n<div class=\"bloc-cadre-small\"><\/p>\n\n\n\n<h4 class=\"wp-block-heading\" style=\"text-align:center\">Swansea University <br><em>Swansea<\/em><\/h4>\n\n\n\n<p style=\"text-align:center\" class=\"sans-margin-top\"><strong>Site internet :<\/strong> <em><a rel=\"noreferrer noopener\" href=\"https:\/\/www.swansea.ac.uk\/\" target=\"_blank\">www.swansea.ac.uk\ufeff<\/a><\/em><\/p>\n\n\n<p><\/div>\n\n\n<div class=\"bloc-cadre-small\"><\/p>\n\n\n\n<h4 class=\"wp-block-heading\" style=\"text-align:center\">University of Bedfordshire<br><em>Luton<\/em><\/h4>\n\n\n\n<p style=\"text-align:center\" class=\"sans-margin-top\"><strong>Site internet :<\/strong> <em><a rel=\"noreferrer noopener\" href=\"http:\/\/www.beds.ac.uk\/\" target=\"_blank\">www.beds.ac.uk<\/a><\/em><\/p>\n\n\n<p><\/div>\n\n\n<div class=\"bloc-cadre-small\"><\/p>\n\n\n\n<h4 class=\"wp-block-heading\" style=\"text-align:center\">University of Bradford <br><em>Bradford<\/em><\/h4>\n\n\n\n<p style=\"text-align:center\" class=\"sans-margin-top\"><strong>Site internet :<\/strong> <em><a rel=\"noreferrer noopener\" href=\"http:\/\/www.bradford.ac.uk\/\/\" target=\"_blank\">www.bradford.ac.uk<\/a><\/em><\/p>\n\n\n<p><\/div>\n\n\n<div class=\"bloc-cadre-small\"><\/p>\n\n\n\n<h4 class=\"wp-block-heading\" style=\"text-align:center\">University of East Anglia <br><em>Norwich<\/em><\/h4>\n\n\n\n<p style=\"text-align:center\" class=\"sans-margin-top\"><strong>Site internet :<\/strong> <em><a rel=\"noreferrer noopener\" href=\"http:\/\/uea.ac.uk\/\" target=\"_blank\">http:\/\/uea.ac.uk<\/a><\/em><\/p>\n\n\n<p><\/div>\n\n\n<div class=\"bloc-cadre-small\"><\/p>\n\n\n\n<h4 class=\"wp-block-heading\" style=\"text-align:center\">University of Essex <br><em>Colchester<\/em><\/h4>\n\n\n\n<p style=\"text-align:center\" class=\"sans-margin-top\"><strong>Site internet :<\/strong> <em><a rel=\"noreferrer noopener\" href=\"http:\/\/www.essex.ac.uk\/\" target=\"_blank\">www.essex.ac.uk<\/a><\/em><\/p>\n\n\n<p><\/div>\n\n\n<div class=\"bloc-cadre-small\"><\/p>\n\n\n\n<h4 class=\"wp-block-heading\" style=\"text-align:center\">University of Gloucestershire <br><em>Cheltenham<\/em><\/h4>\n\n\n\n<p style=\"text-align:center\" class=\"sans-margin-top\"><strong>Site internet :<\/strong> <em><a rel=\"noreferrer noopener\" href=\"http:\/\/www.glos.ac.uk\/\" target=\"_blank\">www.glos.ac.uk<\/a><\/em><\/p>\n\n\n<p><\/div>\n\n\n<div class=\"bloc-cadre-small\"><\/p>\n\n\n\n<h4 class=\"wp-block-heading\" style=\"text-align:center\">University of Law <br><em>London<\/em><\/h4>\n\n\n\n<p style=\"text-align:center\" class=\"sans-margin-top\"><strong>Site internet :<\/strong> <em><a rel=\"noreferrer noopener\" href=\"http:\/\/www.law.ac.uk\/\" target=\"_blank\">www.law.ac.uk<\/a><\/em><\/p>\n\n\n<p><\/div>\n\n\n<div class=\"bloc-cadre-small\"><\/p>\n\n\n\n<h4 class=\"wp-block-heading\" style=\"text-align:center\">University of Lincoln<br><em>Lincoln<\/em><\/h4>\n\n\n\n<p style=\"text-align:center\" class=\"sans-margin-top\"><strong>Site internet :<\/strong> <em><a rel=\"noreferrer noopener\" href=\"https:\/\/www.lincoln.ac.uk\/\" target=\"_blank\">www.lincoln.ac.uk<\/a><\/em><\/p>\n\n\n<p><\/div>\n\n\n<div class=\"bloc-cadre-small\"><\/p>\n\n\n\n<h4 class=\"wp-block-heading\" style=\"text-align:center\">University of Liverpool <br><em>Liverpool<\/em><\/h4>\n\n\n\n<p style=\"text-align:center\" class=\"sans-margin-top\"><strong>Site internet :<\/strong> <em><a rel=\"noreferrer noopener\" href=\"https:\/\/www.liverpool.ac.uk\/\" target=\"_blank\">www.liverpool.ac.uk<\/a><\/em><\/p>\n\n\n<p><\/div>\n\n\n<div class=\"bloc-cadre-small\"><\/p>\n\n\n\n<h4 class=\"wp-block-heading\" style=\"text-align:center\">University of Reading <br><em>Reading<\/em><\/h4>\n\n\n\n<p style=\"text-align:center\" class=\"sans-margin-top\"><strong>Site internet :<\/strong> <em><a rel=\"noreferrer noopener\" href=\"https:\/\/www.reading.ac.uk\/\" target=\"_blank\">www.reading.ac.uk<\/a><\/em><\/p>\n\n\n<p><\/div>\n\n\n<div class=\"bloc-cadre-small\"><\/p>\n\n\n\n<h4 class=\"wp-block-heading\" style=\"text-align:center\">University of Sheffield <br><em>Sheffield<\/em><\/h4>\n\n\n\n<p style=\"text-align:center\" class=\"sans-margin-top\"><strong>Site internet :<\/strong> <em><a rel=\"noreferrer noopener\" href=\"http:\/\/www.sheffield.ac.uk\/\" target=\"_blank\">www.sheffield.ac.uk<\/a><\/em><\/p>\n\n\n<p><\/div>\n\n\n<div class=\"bloc-cadre-small\"><\/p>\n\n\n\n<h4 class=\"wp-block-heading\" style=\"text-align:center\">University of South Wales <br><em>Pontypridd<\/em><\/h4>\n\n\n\n<p style=\"text-align:center\" class=\"sans-margin-top\"><strong>Site internet :<\/strong> <em><a rel=\"noreferrer noopener\" href=\"http:\/\/www.southwales.ac.uk\/\" target=\"_blank\">www.southwales.ac.uk<\/a><\/em><\/p>\n\n\n<p><\/div>\n\n\n<div class=\"bloc-cadre-small\"><\/p>\n\n\n\n<h4 class=\"wp-block-heading\" style=\"text-align:center\">University of Surrey <br><em>Guildford<\/em><\/h4>\n\n\n\n<p style=\"text-align:center\" class=\"sans-margin-top\"><strong>Site internet :<\/strong> <em><a rel=\"noreferrer noopener\" href=\"https:\/\/www.surrey.ac.uk\/\" target=\"_blank\">www.surrey.ac.uk\ufeff<\/a><\/em><\/p>\n\n\n<p><\/div>\n\n\n<div class=\"bloc-cadre-small\"><\/p>\n\n\n\n<h4 class=\"wp-block-heading\" style=\"text-align:center\">University of West London<br><em>London<\/em><\/h4>\n\n\n\n<p style=\"text-align:center\" class=\"sans-margin-top\"><strong>Site internet :<\/strong> <em><a rel=\"noreferrer noopener\" href=\"http:\/\/www.uwl.ac.uk\/\" target=\"_blank\">www.uwl.ac.uk<\/a><\/em><\/p>\n\n\n<p><\/div>\n\n\n\n<div style=\"height:50px\" aria-hidden=\"true\" class=\"wp-block-spacer\"><\/div>\n\n\n\n<figure class=\"wp-block-image alignfull citation-image-fullwidth\"><img loading=\"lazy\" decoding=\"async\" width=\"1024\" height=\"480\" src=\"https:\/\/www.calvin-thomas.com\/campus\/wp-content\/uploads\/\/sites\/5\/universite-anglaise-1024x480.jpg\" alt=\"Notre r\u00e9seau d'universit\u00e9s britanniques \/universit\u00e9s anglaises partenaires\" class=\"wp-image-879\" srcset=\"https:\/\/www.calvin-thomas.com\/campus\/wp-content\/uploads\/\/sites\/5\/universite-anglaise-1024x480.jpg 1024w, https:\/\/www.calvin-thomas.com\/campus\/wp-content\/uploads\/\/sites\/5\/universite-anglaise-300x141.jpg 300w, https:\/\/www.calvin-thomas.com\/campus\/wp-content\/uploads\/\/sites\/5\/universite-anglaise-768x360.jpg 768w, https:\/\/www.calvin-thomas.com\/campus\/wp-content\/uploads\/\/sites\/5\/universite-anglaise.jpg 1280w\" sizes=\"(max-width: 1024px) 100vw, 1024px\" \/><\/figure>\n\n\n\n<div style=\"height:50px\" aria-hidden=\"true\" class=\"wp-block-spacer\"><\/div>\n","protected":false},"excerpt":{"rendered":"<p style=\"text-align:center\" class=\"intro content-centrer\">Campus Access travaille avec un large r\u00e9seau d\u2019universit\u00e9s britanniques : plus de 40 \u00e9tablissements r\u00e9partis sur tout le territoire de Grande-Bretagne.<\/p>\n<p style=\"text-align:center\" class=\"intro content-centrer\">Toutes ces universit\u00e9s sont accr\u00e9dit\u00e9es et toutes sont reconnues. Ces universit\u00e9s ont \u00e9t\u00e9 s\u00e9lectionn\u00e9es avec attention par Calvin-Thomas sur la base de crit\u00e8res tr\u00e8s s\u00e9lectifs qui portent principalement sur la qualit\u00e9 de l\u2019enseignement, sur le niveau des \u00e9quipements et sur la s\u00e9curit\u00e9 sur le campus.<\/p>\n<p style=\"text-align:center\" class=\"intro content-centrer\">Nota : ces universit\u00e9s britanniques font parties des \u00e9tablissements disponibles pour la <a href=\"https:\/\/www.calvin-thomas.com\/campus\/etude-universitaire\/royaume-uni-academic\/\">formule \u201cRoyaume-Uni &#8211;<\/a><\/p>\n<p> <a class=\"btn couleur large\" href=\"https:\/\/www.calvin-thomas.com\/campus\/universites-britanniques-partenaires\/\">EN SAVOIR PLUS <\/a><\/p>\n","protected":false},"author":1,"featured_media":860,"parent":0,"menu_order":0,"comment_status":"closed","ping_status":"closed","template":"page-simple.php","meta":{"_uag_custom_page_level_css":""},"uagb_featured_image_src":{"full":["https:\/\/www.calvin-thomas.com\/campus\/wp-content\/uploads\/\/sites\/5\/universite-uk.jpg",250,250,false],"thumbnail":["https:\/\/www.calvin-thomas.com\/campus\/wp-content\/uploads\/\/sites\/5\/universite-uk-150x150.jpg",150,150,true],"medium":["https:\/\/www.calvin-thomas.com\/campus\/wp-content\/uploads\/\/sites\/5\/universite-uk.jpg",250,250,false],"medium_large":["https:\/\/www.calvin-thomas.com\/campus\/wp-content\/uploads\/\/sites\/5\/universite-uk.jpg",250,250,false],"large":["https:\/\/www.calvin-thomas.com\/campus\/wp-content\/uploads\/\/sites\/5\/universite-uk.jpg",250,250,false],"1536x1536":["https:\/\/www.calvin-thomas.com\/campus\/wp-content\/uploads\/\/sites\/5\/universite-uk.jpg",250,250,false],"2048x2048":["https:\/\/www.calvin-thomas.com\/campus\/wp-content\/uploads\/\/sites\/5\/universite-uk.jpg",250,250,false]},"uagb_author_info":{"display_name":"redac-calvinthomas","author_link":"https:\/\/www.calvin-thomas.com\/campus\/author\/redac-calvinthomas\/"},"uagb_comment_info":0,"uagb_excerpt":"Campus Access travaille avec un large r\u00e9seau d\u2019universit\u00e9s britanniques : plus de 40 \u00e9tablissements r\u00e9partis sur tout le territoire de Grande-Bretagne. Toutes ces universit\u00e9s sont accr\u00e9dit\u00e9es et toutes sont reconnues. Ces universit\u00e9s ont \u00e9t\u00e9 s\u00e9lectionn\u00e9es avec attention par Calvin-Thomas sur la base de crit\u00e8res tr\u00e8s s\u00e9lectifs qui portent principalement sur la qualit\u00e9 de l\u2019enseignement, sur\u2026","_links":{"self":[{"href":"https:\/\/www.calvin-thomas.com\/campus\/wp-json\/wp\/v2\/pages\/875"}],"collection":[{"href":"https:\/\/www.calvin-thomas.com\/campus\/wp-json\/wp\/v2\/pages"}],"about":[{"href":"https:\/\/www.calvin-thomas.com\/campus\/wp-json\/wp\/v2\/types\/page"}],"author":[{"embeddable":true,"href":"https:\/\/www.calvin-thomas.com\/campus\/wp-json\/wp\/v2\/users\/1"}],"replies":[{"embeddable":true,"href":"https:\/\/www.calvin-thomas.com\/campus\/wp-json\/wp\/v2\/comments?post=875"}],"version-history":[{"count":0,"href":"https:\/\/www.calvin-thomas.com\/campus\/wp-json\/wp\/v2\/pages\/875\/revisions"}],"wp:featuredmedia":[{"embeddable":true,"href":"https:\/\/www.calvin-thomas.com\/campus\/wp-json\/wp\/v2\/media\/860"}],"wp:attachment":[{"href":"https:\/\/www.calvin-thomas.com\/campus\/wp-json\/wp\/v2\/media?parent=875"}],"curies":[{"name":"wp","href":"https:\/\/api.w.org\/{rel}","templated":true}]}}