{"id":154,"date":"2024-05-30T16:34:49","date_gmt":"2024-05-30T14:34:49","guid":{"rendered":"https:\/\/www.calvin-thomas.com\/experiment\/?page_id=154"},"modified":"2024-06-03T15:33:13","modified_gmt":"2024-06-03T13:33:13","slug":"contacts-reunions-conseillers-experiment","status":"publish","type":"page","link":"https:\/\/www.calvin-thomas.com\/experiment\/informations-pratiques\/contacts-reunions-conseillers-experiment\/","title":{"rendered":"Contactez-nous et rencontrons-nous"},"content":{"rendered":"\n<div style=\"height:50px\" aria-hidden=\"true\" class=\"wp-block-spacer\"><\/div>\n\n\n\n<div class=\"wp-block-columns has-2-columns column-centre is-layout-flex wp-container-core-columns-is-layout-1 wp-block-columns-is-layout-flex\">\n<div class=\"wp-block-column is-layout-flow wp-block-column-is-layout-flow\">\n<h2 class=\"wp-block-heading\">Des questions ?<\/h2>\n\n\n\n<p>Nos \u00e9quipes se tiennent \u00e0 votre disposition et sont \u00e0 votre \u00e9coute pour vous accompagner au mieux dans votre projet, aussi bien par t\u00e9l\u00e9phone, email qu&rsquo;e &lsquo;\u00e0 l\u2019occasion d\u2019une r\u00e9union d&rsquo;information. N\u2019h\u00e9sitez pas \u00e0 nous solliciter !<br><\/p>\n<\/div>\n\n\n\n<div class=\"wp-block-column is-layout-flow wp-block-column-is-layout-flow\">\n<ul class=\"liste-menu\">\n<li><a href=\"#section1\">Contacter le bureau national Experiment Calvin-Thomas<\/a><\/li>\n\n\n\n<li><a href=\"#section3\">Participer \u00e0 une r\u00e9union d&rsquo;information<\/a><\/li>\n<\/ul>\n<\/div>\n<\/div>\n\n\n\n<div style=\"height:50px\" aria-hidden=\"true\" class=\"wp-block-spacer\"><\/div>\n\n\n<section class=\"section-bleuclair\"><\/p>\n\n\n\n<div class=\"wp-block-columns has-2-columns column-centre is-layout-flex wp-container-core-columns-is-layout-2 wp-block-columns-is-layout-flex\">\n<div class=\"wp-block-column is-layout-flow wp-block-column-is-layout-flow\">\n<p class=\"sub-title\"><strong>Calvin-Thomas<\/strong><\/p>\n\n\n\n<h3 class=\"wp-block-heading\" id=\"section1\">Contacter le bureau national Experiment Calvin-Thomas<br><\/h3>\n\n\n\n<p><strong>Claire, responsable du programme Experiment, est \u00e0 votre disposition au :<\/strong><\/p>\n\n\n\n<p>T\u00e9l\u00e9phone : 04 42 91 31 01<br>Mail : claire(at)calvin-thomas.com<br><\/p>\n<\/div>\n\n\n\n<div class=\"wp-block-column is-layout-flow wp-block-column-is-layout-flow\">\n<p><\/p>\n<\/div>\n<\/div>\n\n\n\n<div style=\"height:50px\" aria-hidden=\"true\" class=\"wp-block-spacer\"><\/div>\n\n\n<p><\/section>\n\n\n<section class=\"section-beige\"><\/p>\n\n\n\n<div class=\"wp-block-columns has-2-columns column-centre is-layout-flex wp-container-core-columns-is-layout-3 wp-block-columns-is-layout-flex\">\n<div class=\"wp-block-column is-layout-flow wp-block-column-is-layout-flow\">\n<p class=\"sub-title\"><strong>\u00c9V\u00c9NEMENTS<\/strong><\/p>\n\n\n\n<h3 class=\"wp-block-heading\" id=\"section3\">Participer \u00e0 une r\u00e9union d&rsquo;information<\/h3>\n\n\n\n<p><strong>Les r\u00e9unions d&rsquo;information du programme Experiment donnent la possibilit\u00e9 de vous pr\u00e9senter les s\u00e9jours de mani\u00e8re plus d\u00e9taill\u00e9e et plus personnelle. <\/strong><br><strong>Ces r\u00e9unions permettent de compl\u00e9ter l&rsquo;information d\u00e9livr\u00e9e sur notre site internet. Calvin-Thomas est pr\u00e9sent \u00e9galement, de fa\u00e7on r\u00e9guli\u00e8re, sur des&nbsp;salons nationaux ou r\u00e9gionaux.<\/strong><\/p>\n<\/div>\n\n\n\n<div class=\"wp-block-column is-layout-flow wp-block-column-is-layout-flow\"><div class=\"wp-block-image\">\n<figure class=\"aligncenter size-full\"><img loading=\"lazy\" decoding=\"async\" width=\"900\" height=\"600\" src=\"https:\/\/www.calvin-thomas.com\/experiment\/wp-content\/uploads\/\/sites\/7\/reunion-information-experiment.jpg\" alt=\"renseignements et information sur le programme Experiment\" class=\"wp-image-162\" srcset=\"https:\/\/www.calvin-thomas.com\/experiment\/wp-content\/uploads\/\/sites\/7\/reunion-information-experiment.jpg 900w, https:\/\/www.calvin-thomas.com\/experiment\/wp-content\/uploads\/\/sites\/7\/reunion-information-experiment-300x200.jpg 300w, https:\/\/www.calvin-thomas.com\/experiment\/wp-content\/uploads\/\/sites\/7\/reunion-information-experiment-768x512.jpg 768w\" sizes=\"(max-width: 900px) 100vw, 900px\" \/><\/figure><\/div><\/div>\n<\/div>\n\n\n\n<div class=\"wp-block-columns has-2-columns column-centre is-layout-flex wp-container-core-columns-is-layout-4 wp-block-columns-is-layout-flex\">\n<div class=\"wp-block-column is-layout-flow wp-block-column-is-layout-flow\">\n<h4 class=\"wp-block-heading\" id=\"mce_125\">Les r\u00e9unions d&rsquo;information en visioconf\u00e9rence (sur Zoom)<\/h4>\n<\/div>\n\n\n\n<div class=\"wp-block-column is-layout-flow wp-block-column-is-layout-flow\">\n<p><\/p>\n<\/div>\n<\/div>\n\n\n\n<div class=\"wp-block-columns has-2-columns column-centre is-layout-flex wp-container-core-columns-is-layout-5 wp-block-columns-is-layout-flex\">\n<div class=\"wp-block-column is-layout-flow wp-block-column-is-layout-flow\">\n<h5 class=\"wp-block-heading cadre-blanc\">N.C<\/h5>\n\n\n\n<div style=\"height:20px\" aria-hidden=\"true\" class=\"wp-block-spacer\"><\/div>\n<\/div>\n\n\n\n<div class=\"wp-block-column is-layout-flow wp-block-column-is-layout-flow\"><\/div>\n<\/div>\n\n\n\n<div style=\"height:20px\" aria-hidden=\"true\" class=\"wp-block-spacer\"><\/div>\n\n\n\n<p class=\"has-text-align-center column-centre cadre-marron\"><strong>\u00c0 NOTER :<\/strong><br>Pour des questions d&rsquo;organisation, vous devez imp\u00e9rativement annoncer votre pr\u00e9sence aux r\u00e9unions Calvin-Thomas. Nous vous confirmerons alors l\u2019adresse du lieu de r\u00e9union.<\/p>\n\n\n\n<p class=\"has-text-align-center column-centre cadre-marron\"><strong>Contact &amp; inscriptions : <\/strong><br><strong>R\u00e9unions \u00e0 Paris &amp; Aix-en-Provence :<\/strong> Claire au 04 42 91 31 01<br><\/p>\n\n\n\n<div style=\"height:100px\" aria-hidden=\"true\" class=\"wp-block-spacer\"><\/div>\n\n\n\n<div class=\"wp-block-columns has-2-columns column-centre is-layout-flex wp-container-core-columns-is-layout-6 wp-block-columns-is-layout-flex\">\n<div class=\"wp-block-column is-layout-flow wp-block-column-is-layout-flow\">\n<h4 class=\"wp-block-heading\" id=\"mce_125\">Les salons nationaux et r\u00e9gionaux<br><\/h4>\n\n\n\n<p class=\"cadre-blanc\">NC<br><\/p>\n<\/div>\n\n\n\n<div class=\"wp-block-column is-layout-flow wp-block-column-is-layout-flow\">\n<div style=\"height:50px\" aria-hidden=\"true\" class=\"wp-block-spacer\"><\/div>\n<\/div>\n<\/div>\n\n\n<p><\/section>\n\n\n\n<div style=\"height:50px\" aria-hidden=\"true\" class=\"wp-block-spacer\"><\/div>\n","protected":false},"excerpt":{"rendered":"<p>Des questions ?<\/p>\n<p>Nos \u00e9quipes se tiennent \u00e0 votre disposition et sont \u00e0 votre \u00e9coute pour vous accompagner au mieux dans votre projet, aussi bien par t\u00e9l\u00e9phone, email qu&rsquo;e &lsquo;\u00e0 l\u2019occasion d\u2019une r\u00e9union d&rsquo;information. N\u2019h\u00e9sitez pas \u00e0 nous solliciter !<\/p>\n<ul class=\"liste-menu\">\n<li><a href=\"#section1\">Contacter le bureau national Experiment Calvin-Thomas<\/a><\/li>\n<li><a href=\"#section3\">Participer \u00e0 une r\u00e9union d&rsquo;information<\/a><\/li>\n<\/ul>\n<p> <a class=\"btn couleur large\" href=\"https:\/\/www.calvin-thomas.com\/experiment\/informations-pratiques\/contacts-reunions-conseillers-experiment\/\">EN SAVOIR PLUS <\/a><\/p>\n","protected":false},"author":1,"featured_media":161,"parent":18,"menu_order":0,"comment_status":"closed","ping_status":"closed","template":"","meta":{"_uag_custom_page_level_css":""},"yoast_head":"<!-- This site is optimized with the Yoast SEO plugin v22.4 - https:\/\/yoast.com\/wordpress\/plugins\/seo\/ -->\n<title>Contactez et rencontrez l&#039;\u00e9quipe Experiment de Calvin-Thomas<\/title>\n<meta name=\"description\" content=\"L&#039;\u00e9quipe Experiment vous accompagne dans votre projet de stage ou b\u00e9n\u00e9volat international. Contacts, dates de r\u00e9unions d&#039;info, salons\" \/>\n<meta name=\"robots\" content=\"index, follow, max-snippet:-1, max-image-preview:large, max-video-preview:-1\" \/>\n<link rel=\"canonical\" href=\"https:\/\/www.calvin-thomas.com\/experiment\/informations-pratiques\/contacts-reunions-conseillers-experiment\/\" \/>\n<meta property=\"og:locale\" content=\"fr_FR\" \/>\n<meta property=\"og:type\" content=\"article\" \/>\n<meta property=\"og:title\" content=\"Contactez et rencontrez l&#039;\u00e9quipe Experiment de Calvin-Thomas\" \/>\n<meta property=\"og:description\" content=\"L&#039;\u00e9quipe Experiment vous accompagne dans votre projet de stage ou b\u00e9n\u00e9volat international. Contacts, dates de r\u00e9unions d&#039;info, salons\" \/>\n<meta property=\"og:url\" content=\"https:\/\/www.calvin-thomas.com\/experiment\/informations-pratiques\/contacts-reunions-conseillers-experiment\/\" \/>\n<meta property=\"og:site_name\" content=\"Experiment\" \/>\n<meta property=\"article:modified_time\" content=\"2024-06-03T13:33:13+00:00\" \/>\n<meta property=\"og:image\" content=\"https:\/\/www.calvin-thomas.com\/experiment\/wp-content\/uploads\/\/sites\/7\/entete-contactok.jpg\" \/>\n\t<meta property=\"og:image:width\" content=\"1200\" \/>\n\t<meta property=\"og:image:height\" content=\"793\" \/>\n\t<meta property=\"og:image:type\" content=\"image\/jpeg\" \/>\n<meta name=\"twitter:card\" content=\"summary_large_image\" \/>\n<meta name=\"twitter:label1\" content=\"Dur\u00e9e de lecture estim\u00e9e\" \/>\n\t<meta name=\"twitter:data1\" content=\"2 minutes\" \/>\n<script type=\"application\/ld+json\" class=\"yoast-schema-graph\">{\"@context\":\"https:\/\/schema.org\",\"@graph\":[{\"@type\":\"WebPage\",\"@id\":\"https:\/\/www.calvin-thomas.com\/experiment\/informations-pratiques\/contacts-reunions-conseillers-experiment\/\",\"url\":\"https:\/\/www.calvin-thomas.com\/experiment\/informations-pratiques\/contacts-reunions-conseillers-experiment\/\",\"name\":\"Contactez et rencontrez l'\u00e9quipe Experiment de Calvin-Thomas\",\"isPartOf\":{\"@id\":\"https:\/\/www.calvin-thomas.com\/experiment\/#website\"},\"primaryImageOfPage\":{\"@id\":\"https:\/\/www.calvin-thomas.com\/experiment\/informations-pratiques\/contacts-reunions-conseillers-experiment\/#primaryimage\"},\"image\":{\"@id\":\"https:\/\/www.calvin-thomas.com\/experiment\/informations-pratiques\/contacts-reunions-conseillers-experiment\/#primaryimage\"},\"thumbnailUrl\":\"https:\/\/www.calvin-thomas.com\/experiment\/wp-content\/uploads\/\/sites\/7\/entete-contactok.jpg\",\"datePublished\":\"2024-05-30T14:34:49+00:00\",\"dateModified\":\"2024-06-03T13:33:13+00:00\",\"description\":\"L'\u00e9quipe Experiment vous accompagne dans votre projet de stage ou b\u00e9n\u00e9volat international. Contacts, dates de r\u00e9unions d'info, salons\",\"breadcrumb\":{\"@id\":\"https:\/\/www.calvin-thomas.com\/experiment\/informations-pratiques\/contacts-reunions-conseillers-experiment\/#breadcrumb\"},\"inLanguage\":\"fr-FR\",\"potentialAction\":[{\"@type\":\"ReadAction\",\"target\":[\"https:\/\/www.calvin-thomas.com\/experiment\/informations-pratiques\/contacts-reunions-conseillers-experiment\/\"]}]},{\"@type\":\"ImageObject\",\"inLanguage\":\"fr-FR\",\"@id\":\"https:\/\/www.calvin-thomas.com\/experiment\/informations-pratiques\/contacts-reunions-conseillers-experiment\/#primaryimage\",\"url\":\"https:\/\/www.calvin-thomas.com\/experiment\/wp-content\/uploads\/\/sites\/7\/entete-contactok.jpg\",\"contentUrl\":\"https:\/\/www.calvin-thomas.com\/experiment\/wp-content\/uploads\/\/sites\/7\/entete-contactok.jpg\",\"width\":1200,\"height\":793},{\"@type\":\"BreadcrumbList\",\"@id\":\"https:\/\/www.calvin-thomas.com\/experiment\/informations-pratiques\/contacts-reunions-conseillers-experiment\/#breadcrumb\",\"itemListElement\":[{\"@type\":\"ListItem\",\"position\":1,\"name\":\"Accueil\",\"item\":\"https:\/\/www.calvin-thomas.com\/experiment\/\"},{\"@type\":\"ListItem\",\"position\":2,\"name\":\"Informations pratiques\",\"item\":\"https:\/\/www.calvin-thomas.com\/experiment\/informations-pratiques\/\"},{\"@type\":\"ListItem\",\"position\":3,\"name\":\"Contactez-nous et rencontrons-nous\"}]},{\"@type\":\"WebSite\",\"@id\":\"https:\/\/www.calvin-thomas.com\/experiment\/#website\",\"url\":\"https:\/\/www.calvin-thomas.com\/experiment\/\",\"name\":\"Experiment\",\"description\":\"Un site utilisant Les sites de Calvin-Thomas\",\"potentialAction\":[{\"@type\":\"SearchAction\",\"target\":{\"@type\":\"EntryPoint\",\"urlTemplate\":\"https:\/\/www.calvin-thomas.com\/experiment\/?s={search_term_string}\"},\"query-input\":\"required name=search_term_string\"}],\"inLanguage\":\"fr-FR\"}]}<\/script>\n<!-- \/ Yoast SEO plugin. -->","yoast_head_json":{"title":"Contactez et rencontrez l'\u00e9quipe Experiment de Calvin-Thomas","description":"L'\u00e9quipe Experiment vous accompagne dans votre projet de stage ou b\u00e9n\u00e9volat international. Contacts, dates de r\u00e9unions d'info, salons","robots":{"index":"index","follow":"follow","max-snippet":"max-snippet:-1","max-image-preview":"max-image-preview:large","max-video-preview":"max-video-preview:-1"},"canonical":"https:\/\/www.calvin-thomas.com\/experiment\/informations-pratiques\/contacts-reunions-conseillers-experiment\/","og_locale":"fr_FR","og_type":"article","og_title":"Contactez et rencontrez l'\u00e9quipe Experiment de Calvin-Thomas","og_description":"L'\u00e9quipe Experiment vous accompagne dans votre projet de stage ou b\u00e9n\u00e9volat international. Contacts, dates de r\u00e9unions d'info, salons","og_url":"https:\/\/www.calvin-thomas.com\/experiment\/informations-pratiques\/contacts-reunions-conseillers-experiment\/","og_site_name":"Experiment","article_modified_time":"2024-06-03T13:33:13+00:00","og_image":[{"width":1200,"height":793,"url":"https:\/\/www.calvin-thomas.com\/experiment\/wp-content\/uploads\/\/sites\/7\/entete-contactok.jpg","type":"image\/jpeg"}],"twitter_card":"summary_large_image","twitter_misc":{"Dur\u00e9e de lecture estim\u00e9e":"2 minutes"},"schema":{"@context":"https:\/\/schema.org","@graph":[{"@type":"WebPage","@id":"https:\/\/www.calvin-thomas.com\/experiment\/informations-pratiques\/contacts-reunions-conseillers-experiment\/","url":"https:\/\/www.calvin-thomas.com\/experiment\/informations-pratiques\/contacts-reunions-conseillers-experiment\/","name":"Contactez et rencontrez l'\u00e9quipe Experiment de Calvin-Thomas","isPartOf":{"@id":"https:\/\/www.calvin-thomas.com\/experiment\/#website"},"primaryImageOfPage":{"@id":"https:\/\/www.calvin-thomas.com\/experiment\/informations-pratiques\/contacts-reunions-conseillers-experiment\/#primaryimage"},"image":{"@id":"https:\/\/www.calvin-thomas.com\/experiment\/informations-pratiques\/contacts-reunions-conseillers-experiment\/#primaryimage"},"thumbnailUrl":"https:\/\/www.calvin-thomas.com\/experiment\/wp-content\/uploads\/\/sites\/7\/entete-contactok.jpg","datePublished":"2024-05-30T14:34:49+00:00","dateModified":"2024-06-03T13:33:13+00:00","description":"L'\u00e9quipe Experiment vous accompagne dans votre projet de stage ou b\u00e9n\u00e9volat international. Contacts, dates de r\u00e9unions d'info, salons","breadcrumb":{"@id":"https:\/\/www.calvin-thomas.com\/experiment\/informations-pratiques\/contacts-reunions-conseillers-experiment\/#breadcrumb"},"inLanguage":"fr-FR","potentialAction":[{"@type":"ReadAction","target":["https:\/\/www.calvin-thomas.com\/experiment\/informations-pratiques\/contacts-reunions-conseillers-experiment\/"]}]},{"@type":"ImageObject","inLanguage":"fr-FR","@id":"https:\/\/www.calvin-thomas.com\/experiment\/informations-pratiques\/contacts-reunions-conseillers-experiment\/#primaryimage","url":"https:\/\/www.calvin-thomas.com\/experiment\/wp-content\/uploads\/\/sites\/7\/entete-contactok.jpg","contentUrl":"https:\/\/www.calvin-thomas.com\/experiment\/wp-content\/uploads\/\/sites\/7\/entete-contactok.jpg","width":1200,"height":793},{"@type":"BreadcrumbList","@id":"https:\/\/www.calvin-thomas.com\/experiment\/informations-pratiques\/contacts-reunions-conseillers-experiment\/#breadcrumb","itemListElement":[{"@type":"ListItem","position":1,"name":"Accueil","item":"https:\/\/www.calvin-thomas.com\/experiment\/"},{"@type":"ListItem","position":2,"name":"Informations pratiques","item":"https:\/\/www.calvin-thomas.com\/experiment\/informations-pratiques\/"},{"@type":"ListItem","position":3,"name":"Contactez-nous et rencontrons-nous"}]},{"@type":"WebSite","@id":"https:\/\/www.calvin-thomas.com\/experiment\/#website","url":"https:\/\/www.calvin-thomas.com\/experiment\/","name":"Experiment","description":"Un site utilisant Les sites de Calvin-Thomas","potentialAction":[{"@type":"SearchAction","target":{"@type":"EntryPoint","urlTemplate":"https:\/\/www.calvin-thomas.com\/experiment\/?s={search_term_string}"},"query-input":"required name=search_term_string"}],"inLanguage":"fr-FR"}]}},"uagb_featured_image_src":{"full":["https:\/\/www.calvin-thomas.com\/experiment\/wp-content\/uploads\/\/sites\/7\/entete-contactok.jpg",1200,793,false],"thumbnail":["https:\/\/www.calvin-thomas.com\/experiment\/wp-content\/uploads\/\/sites\/7\/entete-contactok-150x150.jpg",150,150,true],"medium":["https:\/\/www.calvin-thomas.com\/experiment\/wp-content\/uploads\/\/sites\/7\/entete-contactok-300x198.jpg",300,198,true],"medium_large":["https:\/\/www.calvin-thomas.com\/experiment\/wp-content\/uploads\/\/sites\/7\/entete-contactok-768x508.jpg",640,423,true],"large":["https:\/\/www.calvin-thomas.com\/experiment\/wp-content\/uploads\/\/sites\/7\/entete-contactok-1024x677.jpg",640,423,true],"1536x1536":["https:\/\/www.calvin-thomas.com\/experiment\/wp-content\/uploads\/\/sites\/7\/entete-contactok.jpg",1200,793,false],"2048x2048":["https:\/\/www.calvin-thomas.com\/experiment\/wp-content\/uploads\/\/sites\/7\/entete-contactok.jpg",1200,793,false]},"uagb_author_info":{"display_name":"redac-calvinthomas","author_link":"https:\/\/www.calvin-thomas.com\/experiment\/author\/redac-calvinthomas\/"},"uagb_comment_info":0,"uagb_excerpt":"Des questions ? Nos \u00e9quipes se tiennent \u00e0 votre disposition et sont \u00e0 votre \u00e9coute pour vous accompagner au mieux dans votre projet, aussi bien par t\u00e9l\u00e9phone, email qu&rsquo;e &lsquo;\u00e0 l\u2019occasion d\u2019une r\u00e9union d&rsquo;information. N\u2019h\u00e9sitez pas \u00e0 nous solliciter ! Contacter le bureau national Experiment Calvin-Thomas Participer \u00e0 une r\u00e9union d&rsquo;information EN SAVOIR PLUS","_links":{"self":[{"href":"https:\/\/www.calvin-thomas.com\/experiment\/wp-json\/wp\/v2\/pages\/154"}],"collection":[{"href":"https:\/\/www.calvin-thomas.com\/experiment\/wp-json\/wp\/v2\/pages"}],"about":[{"href":"https:\/\/www.calvin-thomas.com\/experiment\/wp-json\/wp\/v2\/types\/page"}],"author":[{"embeddable":true,"href":"https:\/\/www.calvin-thomas.com\/experiment\/wp-json\/wp\/v2\/users\/1"}],"replies":[{"embeddable":true,"href":"https:\/\/www.calvin-thomas.com\/experiment\/wp-json\/wp\/v2\/comments?post=154"}],"version-history":[{"count":0,"href":"https:\/\/www.calvin-thomas.com\/experiment\/wp-json\/wp\/v2\/pages\/154\/revisions"}],"up":[{"embeddable":true,"href":"https:\/\/www.calvin-thomas.com\/experiment\/wp-json\/wp\/v2\/pages\/18"}],"wp:featuredmedia":[{"embeddable":true,"href":"https:\/\/www.calvin-thomas.com\/experiment\/wp-json\/wp\/v2\/media\/161"}],"wp:attachment":[{"href":"https:\/\/www.calvin-thomas.com\/experiment\/wp-json\/wp\/v2\/media?parent=154"}],"curies":[{"name":"wp","href":"https:\/\/api.w.org\/{rel}","templated":true}]}}