{"id":164,"date":"2024-05-31T15:11:32","date_gmt":"2024-05-31T13:11:32","guid":{"rendered":"https:\/\/www.calvin-thomas.com\/experiment\/?page_id=164"},"modified":"2024-06-21T15:12:25","modified_gmt":"2024-06-21T13:12:25","slug":"5-etapes-pour-partir","status":"publish","type":"page","link":"https:\/\/www.calvin-thomas.com\/experiment\/informations-pratiques\/5-etapes-pour-partir\/","title":{"rendered":"5 \u00e9tapes pour partir"},"content":{"rendered":"\n<div style=\"height:80px\" aria-hidden=\"true\" class=\"wp-block-spacer\"><\/div>\n\n\n\n<div class=\"wp-block-columns has-2-columns column-centre centre-hauteur is-layout-flex wp-container-core-columns-is-layout-1 wp-block-columns-is-layout-flex\">\n<div class=\"wp-block-column is-layout-flow wp-block-column-is-layout-flow\">\n<h2 class=\"wp-block-heading\">\u00c0 partir de maintenant&#8230;<\/h2>\n\n\n\n<p>Vous \u00eates d\u00e9cid\u00e9 \u00e0 vous lancer ? <br>Vous avez choisi votre destination ?<\/p>\n\n\n\n<p>Calvin-Thomas vous accompagne dans votre projet et vous d\u00e9taille les \u00e9tapes avant de r\u00e9aliser votre mission \u00e0 l&rsquo;\u00e9tranger.<\/p>\n<\/div>\n\n\n\n<div class=\"wp-block-column is-layout-flow wp-block-column-is-layout-flow\">\n<figure class=\"wp-block-image size-full\"><img loading=\"lazy\" decoding=\"async\" width=\"900\" height=\"400\" src=\"https:\/\/www.calvin-thomas.com\/experiment\/wp-content\/uploads\/\/sites\/7\/5-etapes-partir.jpg\" alt=\"\u00e9tapes et formalit\u00e9 pour partir en mission \u00e0 l'\u00e9tranger\" class=\"wp-image-179\" srcset=\"https:\/\/www.calvin-thomas.com\/experiment\/wp-content\/uploads\/\/sites\/7\/5-etapes-partir.jpg 900w, https:\/\/www.calvin-thomas.com\/experiment\/wp-content\/uploads\/\/sites\/7\/5-etapes-partir-300x133.jpg 300w, https:\/\/www.calvin-thomas.com\/experiment\/wp-content\/uploads\/\/sites\/7\/5-etapes-partir-768x341.jpg 768w\" sizes=\"(max-width: 900px) 100vw, 900px\" \/><\/figure>\n<\/div>\n<\/div>\n\n\n\n<div style=\"height:50px\" aria-hidden=\"true\" class=\"wp-block-spacer\"><\/div>\n\n\n<section class=\"section-beige\"><\/p>\n\n\n\n<h3 class=\"wp-block-heading has-text-align-center\">La mise en place <br>de votre mission \u00e0 l&rsquo;\u00e9tranger pas \u00e0 pas&#8230;<\/h3>\n\n\n\n<ul class=\"timeline\">\n<li><h4>Constituez votre dossier d&rsquo;inscription<\/h4><br>Vous <strong>recevez votre dossier gratuitement<\/strong> sur simple demande (email, t\u00e9l\u00e9phone ou <a href=\"https:\/\/www.calvin-thomas.com\/experiment\/inscription-programme-experiment\/\">directement sur cette page<\/a>). Compl\u00e9tez et retournez ce dossier accompagn\u00e9 des frais d&rsquo;inscription (74 \u20ac).<br>Vous pouvez contacter notre \u00e9quipe \u00e0 tout moment (questions, informations, explications,&#8230;).<br><br>Le dossier complet doit \u00eatre envoy\u00e9 \u00e0 Calvin-Thomas <strong>au minimum 2 mois avant la date de d\u00e9part souhait\u00e9e pour les \u00c9tats-Unis et l&rsquo;Afrique du Sud <\/strong>et<strong> au minimum 3 mois avant le d\u00e9part pour la Tha\u00eflande.<\/strong> Il convient donc d&rsquo;entamer les d\u00e9marches d&rsquo;inscription en tenant compte de ce d\u00e9lai.<br><br>\u00c0 savoir : les frais d&rsquo;inscription vous sont enti\u00e8rement rembours\u00e9s en cas de non-s\u00e9lection.<\/li>\n\n\n\n<li><h4>Effectuez l&rsquo;entretien de s\u00e9lection<br><\/h4><br>Apr\u00e8s \u00e9tude du dossier, vous <strong>rencontrez un conseiller Calvin-Thomas<\/strong> \u00e0 l\u2019occasion d\u2019un <strong>entretien de s\u00e9lection<\/strong>.  Il s&rsquo;effectue par t\u00e9l\u00e9phone et en anglais. <br><br>Suite \u00e0 cette diff\u00e9rente \u00e9tape, Calvin-Thomas retient ou non votre candidature.<\/li>\n\n\n\n<li><h4>Place \u00e0 la recherche de votre mission et de votre famille d\u2019accueil<\/h4><br>Votre candidature retenue, l<strong>a recherche du poste et de l&rsquo;h\u00e9bergement<\/strong> est engag\u00e9e. Vous versez alors un acompte (800 \u20ac). En cas de non-placement, cette somme vous sera int\u00e9gralement rembours\u00e9e.<\/li>\n\n\n\n<li><h4>Pr\u00e9parez votre d\u00e9part<\/h4><br>D\u00e8s votre placement finalis\u00e9, vous recevez<strong> toutes les informations pratiques<\/strong> concernant votre s\u00e9jour. Vous versez le solde du s\u00e9jour 45 jours avant le d\u00e9part.<br>Le correspondant de Calvin-Thomas supervise la mise en place de votre s\u00e9jour.<br><br>Nous vous proposons <strong>un accompagnement complet,<\/strong> incluant l&rsquo;assistance dans les d\u00e9marches administratives, telles que l&rsquo;obtention d&rsquo;un visa si n\u00e9cessaire.<\/li>\n\n\n\n<li><h4>Le jour J, partez&#8230;<\/h4><br>D\u00e8s votre descente d&rsquo;avion, vous serez <strong>accueilli par votre famille d&rsquo;accueil ou par notre partenaire local.<\/strong> Profitez ensuite pleinement de votre exp\u00e9rience \u00e0 l&rsquo;\u00e9tranger, sachant que <strong>l&rsquo;\u00e9quipe Calvin-Thomas reste \u00e0 votre \u00e9coute<\/strong> pour r\u00e9pondre \u00e0 vos questions et vous apporter toute l&rsquo;assistance n\u00e9cessaire. <br><strong>Un correspondant local vous accompagnera tout au long de votre s\u00e9jour<\/strong>, servant de lien privil\u00e9gi\u00e9 entre la famille d&rsquo;accueil et notre partenaire, garantissant ainsi une prise en charge optimale et une intervention rapide en cas de besoin.<\/li>\n<\/ul>\n\n\n\n<figure class=\"wp-block-image content-centrer\"><img decoding=\"async\" src=\"https:\/\/www.calvin-thomas.com\/highschool\/wp-content\/uploads\/sites\/4\/enjoy-your-stay.png\" alt=\"Enjoy your stay\" class=\"wp-image-658\"\/><\/figure>\n\n\n<p><\/section>\n\n\n\n<div style=\"height:50px\" aria-hidden=\"true\" class=\"wp-block-spacer\"><\/div>\n","protected":false},"excerpt":{"rendered":"<p>\u00c0 partir de maintenant&#8230;<\/p>\n<p>Vous \u00eates d\u00e9cid\u00e9 \u00e0 vous lancer ? <br \/>Vous avez choisi votre destination ?<\/p>\n<p>Calvin-Thomas vous accompagne dans votre projet et vous d\u00e9taille les \u00e9tapes avant de r\u00e9aliser votre mission \u00e0 l&rsquo;\u00e9tranger.<\/p>\n<p> <a class=\"btn couleur large\" href=\"https:\/\/www.calvin-thomas.com\/experiment\/informations-pratiques\/5-etapes-pour-partir\/\">EN SAVOIR PLUS <\/a><\/p>\n","protected":false},"author":1,"featured_media":178,"parent":18,"menu_order":0,"comment_status":"closed","ping_status":"closed","template":"","meta":{"_uag_custom_page_level_css":""},"yoast_head":"<!-- This site is optimized with the Yoast SEO plugin v22.4 - https:\/\/yoast.com\/wordpress\/plugins\/seo\/ -->\n<title>\u00c9tapes et formalit\u00e9s pour partir en stage ou b\u00e9n\u00e9volat \u00e0 l&#039;\u00e9tranger<\/title>\n<meta name=\"description\" content=\"Retrouvez les 5 \u00e9tapes pour partir en stage ou b\u00e9n\u00e9volat international. Inscription, recherche de la mission, pr\u00e9paratifs... jusqu&#039;au jour J.\" \/>\n<meta name=\"robots\" content=\"index, follow, max-snippet:-1, max-image-preview:large, max-video-preview:-1\" \/>\n<link rel=\"canonical\" href=\"https:\/\/www.calvin-thomas.com\/experiment\/informations-pratiques\/5-etapes-pour-partir\/\" \/>\n<meta property=\"og:locale\" content=\"fr_FR\" \/>\n<meta property=\"og:type\" content=\"article\" \/>\n<meta property=\"og:title\" content=\"\u00c9tapes et formalit\u00e9s pour partir en stage ou b\u00e9n\u00e9volat \u00e0 l&#039;\u00e9tranger\" \/>\n<meta property=\"og:description\" content=\"Retrouvez les 5 \u00e9tapes pour partir en stage ou b\u00e9n\u00e9volat international. Inscription, recherche de la mission, pr\u00e9paratifs... jusqu&#039;au jour J.\" \/>\n<meta property=\"og:url\" content=\"https:\/\/www.calvin-thomas.com\/experiment\/informations-pratiques\/5-etapes-pour-partir\/\" \/>\n<meta property=\"og:site_name\" content=\"Experiment\" \/>\n<meta property=\"article:modified_time\" content=\"2024-06-21T13:12:25+00:00\" \/>\n<meta property=\"og:image\" content=\"https:\/\/www.calvin-thomas.com\/experiment\/wp-content\/uploads\/\/sites\/7\/entete-etape-partir.jpg\" \/>\n\t<meta property=\"og:image:width\" content=\"1200\" \/>\n\t<meta property=\"og:image:height\" content=\"793\" \/>\n\t<meta property=\"og:image:type\" content=\"image\/jpeg\" \/>\n<meta name=\"twitter:card\" content=\"summary_large_image\" \/>\n<meta name=\"twitter:label1\" content=\"Dur\u00e9e de lecture estim\u00e9e\" \/>\n\t<meta name=\"twitter:data1\" content=\"3 minutes\" \/>\n<script type=\"application\/ld+json\" class=\"yoast-schema-graph\">{\"@context\":\"https:\/\/schema.org\",\"@graph\":[{\"@type\":\"WebPage\",\"@id\":\"https:\/\/www.calvin-thomas.com\/experiment\/informations-pratiques\/5-etapes-pour-partir\/\",\"url\":\"https:\/\/www.calvin-thomas.com\/experiment\/informations-pratiques\/5-etapes-pour-partir\/\",\"name\":\"\u00c9tapes et formalit\u00e9s pour partir en stage ou b\u00e9n\u00e9volat \u00e0 l'\u00e9tranger\",\"isPartOf\":{\"@id\":\"https:\/\/www.calvin-thomas.com\/experiment\/#website\"},\"primaryImageOfPage\":{\"@id\":\"https:\/\/www.calvin-thomas.com\/experiment\/informations-pratiques\/5-etapes-pour-partir\/#primaryimage\"},\"image\":{\"@id\":\"https:\/\/www.calvin-thomas.com\/experiment\/informations-pratiques\/5-etapes-pour-partir\/#primaryimage\"},\"thumbnailUrl\":\"https:\/\/www.calvin-thomas.com\/experiment\/wp-content\/uploads\/\/sites\/7\/entete-etape-partir.jpg\",\"datePublished\":\"2024-05-31T13:11:32+00:00\",\"dateModified\":\"2024-06-21T13:12:25+00:00\",\"description\":\"Retrouvez les 5 \u00e9tapes pour partir en stage ou b\u00e9n\u00e9volat international. Inscription, recherche de la mission, pr\u00e9paratifs... jusqu'au jour J.\",\"breadcrumb\":{\"@id\":\"https:\/\/www.calvin-thomas.com\/experiment\/informations-pratiques\/5-etapes-pour-partir\/#breadcrumb\"},\"inLanguage\":\"fr-FR\",\"potentialAction\":[{\"@type\":\"ReadAction\",\"target\":[\"https:\/\/www.calvin-thomas.com\/experiment\/informations-pratiques\/5-etapes-pour-partir\/\"]}]},{\"@type\":\"ImageObject\",\"inLanguage\":\"fr-FR\",\"@id\":\"https:\/\/www.calvin-thomas.com\/experiment\/informations-pratiques\/5-etapes-pour-partir\/#primaryimage\",\"url\":\"https:\/\/www.calvin-thomas.com\/experiment\/wp-content\/uploads\/\/sites\/7\/entete-etape-partir.jpg\",\"contentUrl\":\"https:\/\/www.calvin-thomas.com\/experiment\/wp-content\/uploads\/\/sites\/7\/entete-etape-partir.jpg\",\"width\":1200,\"height\":793,\"caption\":\"\u00e9tpae pour partir en mission\"},{\"@type\":\"BreadcrumbList\",\"@id\":\"https:\/\/www.calvin-thomas.com\/experiment\/informations-pratiques\/5-etapes-pour-partir\/#breadcrumb\",\"itemListElement\":[{\"@type\":\"ListItem\",\"position\":1,\"name\":\"Accueil\",\"item\":\"https:\/\/www.calvin-thomas.com\/experiment\/\"},{\"@type\":\"ListItem\",\"position\":2,\"name\":\"Informations pratiques\",\"item\":\"https:\/\/www.calvin-thomas.com\/experiment\/informations-pratiques\/\"},{\"@type\":\"ListItem\",\"position\":3,\"name\":\"5 \u00e9tapes pour partir\"}]},{\"@type\":\"WebSite\",\"@id\":\"https:\/\/www.calvin-thomas.com\/experiment\/#website\",\"url\":\"https:\/\/www.calvin-thomas.com\/experiment\/\",\"name\":\"Experiment\",\"description\":\"Un site utilisant Les sites de Calvin-Thomas\",\"potentialAction\":[{\"@type\":\"SearchAction\",\"target\":{\"@type\":\"EntryPoint\",\"urlTemplate\":\"https:\/\/www.calvin-thomas.com\/experiment\/?s={search_term_string}\"},\"query-input\":\"required name=search_term_string\"}],\"inLanguage\":\"fr-FR\"}]}<\/script>\n<!-- \/ Yoast SEO plugin. -->","yoast_head_json":{"title":"\u00c9tapes et formalit\u00e9s pour partir en stage ou b\u00e9n\u00e9volat \u00e0 l'\u00e9tranger","description":"Retrouvez les 5 \u00e9tapes pour partir en stage ou b\u00e9n\u00e9volat international. Inscription, recherche de la mission, pr\u00e9paratifs... jusqu'au jour J.","robots":{"index":"index","follow":"follow","max-snippet":"max-snippet:-1","max-image-preview":"max-image-preview:large","max-video-preview":"max-video-preview:-1"},"canonical":"https:\/\/www.calvin-thomas.com\/experiment\/informations-pratiques\/5-etapes-pour-partir\/","og_locale":"fr_FR","og_type":"article","og_title":"\u00c9tapes et formalit\u00e9s pour partir en stage ou b\u00e9n\u00e9volat \u00e0 l'\u00e9tranger","og_description":"Retrouvez les 5 \u00e9tapes pour partir en stage ou b\u00e9n\u00e9volat international. Inscription, recherche de la mission, pr\u00e9paratifs... jusqu'au jour J.","og_url":"https:\/\/www.calvin-thomas.com\/experiment\/informations-pratiques\/5-etapes-pour-partir\/","og_site_name":"Experiment","article_modified_time":"2024-06-21T13:12:25+00:00","og_image":[{"width":1200,"height":793,"url":"https:\/\/www.calvin-thomas.com\/experiment\/wp-content\/uploads\/\/sites\/7\/entete-etape-partir.jpg","type":"image\/jpeg"}],"twitter_card":"summary_large_image","twitter_misc":{"Dur\u00e9e de lecture estim\u00e9e":"3 minutes"},"schema":{"@context":"https:\/\/schema.org","@graph":[{"@type":"WebPage","@id":"https:\/\/www.calvin-thomas.com\/experiment\/informations-pratiques\/5-etapes-pour-partir\/","url":"https:\/\/www.calvin-thomas.com\/experiment\/informations-pratiques\/5-etapes-pour-partir\/","name":"\u00c9tapes et formalit\u00e9s pour partir en stage ou b\u00e9n\u00e9volat \u00e0 l'\u00e9tranger","isPartOf":{"@id":"https:\/\/www.calvin-thomas.com\/experiment\/#website"},"primaryImageOfPage":{"@id":"https:\/\/www.calvin-thomas.com\/experiment\/informations-pratiques\/5-etapes-pour-partir\/#primaryimage"},"image":{"@id":"https:\/\/www.calvin-thomas.com\/experiment\/informations-pratiques\/5-etapes-pour-partir\/#primaryimage"},"thumbnailUrl":"https:\/\/www.calvin-thomas.com\/experiment\/wp-content\/uploads\/\/sites\/7\/entete-etape-partir.jpg","datePublished":"2024-05-31T13:11:32+00:00","dateModified":"2024-06-21T13:12:25+00:00","description":"Retrouvez les 5 \u00e9tapes pour partir en stage ou b\u00e9n\u00e9volat international. Inscription, recherche de la mission, pr\u00e9paratifs... jusqu'au jour J.","breadcrumb":{"@id":"https:\/\/www.calvin-thomas.com\/experiment\/informations-pratiques\/5-etapes-pour-partir\/#breadcrumb"},"inLanguage":"fr-FR","potentialAction":[{"@type":"ReadAction","target":["https:\/\/www.calvin-thomas.com\/experiment\/informations-pratiques\/5-etapes-pour-partir\/"]}]},{"@type":"ImageObject","inLanguage":"fr-FR","@id":"https:\/\/www.calvin-thomas.com\/experiment\/informations-pratiques\/5-etapes-pour-partir\/#primaryimage","url":"https:\/\/www.calvin-thomas.com\/experiment\/wp-content\/uploads\/\/sites\/7\/entete-etape-partir.jpg","contentUrl":"https:\/\/www.calvin-thomas.com\/experiment\/wp-content\/uploads\/\/sites\/7\/entete-etape-partir.jpg","width":1200,"height":793,"caption":"\u00e9tpae pour partir en mission"},{"@type":"BreadcrumbList","@id":"https:\/\/www.calvin-thomas.com\/experiment\/informations-pratiques\/5-etapes-pour-partir\/#breadcrumb","itemListElement":[{"@type":"ListItem","position":1,"name":"Accueil","item":"https:\/\/www.calvin-thomas.com\/experiment\/"},{"@type":"ListItem","position":2,"name":"Informations pratiques","item":"https:\/\/www.calvin-thomas.com\/experiment\/informations-pratiques\/"},{"@type":"ListItem","position":3,"name":"5 \u00e9tapes pour partir"}]},{"@type":"WebSite","@id":"https:\/\/www.calvin-thomas.com\/experiment\/#website","url":"https:\/\/www.calvin-thomas.com\/experiment\/","name":"Experiment","description":"Un site utilisant Les sites de Calvin-Thomas","potentialAction":[{"@type":"SearchAction","target":{"@type":"EntryPoint","urlTemplate":"https:\/\/www.calvin-thomas.com\/experiment\/?s={search_term_string}"},"query-input":"required name=search_term_string"}],"inLanguage":"fr-FR"}]}},"uagb_featured_image_src":{"full":["https:\/\/www.calvin-thomas.com\/experiment\/wp-content\/uploads\/\/sites\/7\/entete-etape-partir.jpg",1200,793,false],"thumbnail":["https:\/\/www.calvin-thomas.com\/experiment\/wp-content\/uploads\/\/sites\/7\/entete-etape-partir-150x150.jpg",150,150,true],"medium":["https:\/\/www.calvin-thomas.com\/experiment\/wp-content\/uploads\/\/sites\/7\/entete-etape-partir-300x198.jpg",300,198,true],"medium_large":["https:\/\/www.calvin-thomas.com\/experiment\/wp-content\/uploads\/\/sites\/7\/entete-etape-partir-768x508.jpg",640,423,true],"large":["https:\/\/www.calvin-thomas.com\/experiment\/wp-content\/uploads\/\/sites\/7\/entete-etape-partir-1024x677.jpg",640,423,true],"1536x1536":["https:\/\/www.calvin-thomas.com\/experiment\/wp-content\/uploads\/\/sites\/7\/entete-etape-partir.jpg",1200,793,false],"2048x2048":["https:\/\/www.calvin-thomas.com\/experiment\/wp-content\/uploads\/\/sites\/7\/entete-etape-partir.jpg",1200,793,false]},"uagb_author_info":{"display_name":"redac-calvinthomas","author_link":"https:\/\/www.calvin-thomas.com\/experiment\/author\/redac-calvinthomas\/"},"uagb_comment_info":0,"uagb_excerpt":"\u00c0 partir de maintenant&#8230; Vous \u00eates d\u00e9cid\u00e9 \u00e0 vous lancer ? Vous avez choisi votre destination ? Calvin-Thomas vous accompagne dans votre projet et vous d\u00e9taille les \u00e9tapes avant de r\u00e9aliser votre mission \u00e0 l&rsquo;\u00e9tranger. EN SAVOIR PLUS","_links":{"self":[{"href":"https:\/\/www.calvin-thomas.com\/experiment\/wp-json\/wp\/v2\/pages\/164"}],"collection":[{"href":"https:\/\/www.calvin-thomas.com\/experiment\/wp-json\/wp\/v2\/pages"}],"about":[{"href":"https:\/\/www.calvin-thomas.com\/experiment\/wp-json\/wp\/v2\/types\/page"}],"author":[{"embeddable":true,"href":"https:\/\/www.calvin-thomas.com\/experiment\/wp-json\/wp\/v2\/users\/1"}],"replies":[{"embeddable":true,"href":"https:\/\/www.calvin-thomas.com\/experiment\/wp-json\/wp\/v2\/comments?post=164"}],"version-history":[{"count":0,"href":"https:\/\/www.calvin-thomas.com\/experiment\/wp-json\/wp\/v2\/pages\/164\/revisions"}],"up":[{"embeddable":true,"href":"https:\/\/www.calvin-thomas.com\/experiment\/wp-json\/wp\/v2\/pages\/18"}],"wp:featuredmedia":[{"embeddable":true,"href":"https:\/\/www.calvin-thomas.com\/experiment\/wp-json\/wp\/v2\/media\/178"}],"wp:attachment":[{"href":"https:\/\/www.calvin-thomas.com\/experiment\/wp-json\/wp\/v2\/media?parent=164"}],"curies":[{"name":"wp","href":"https:\/\/api.w.org\/{rel}","templated":true}]}}