{"id":182,"date":"2024-05-31T16:12:20","date_gmt":"2024-05-31T14:12:20","guid":{"rendered":"https:\/\/www.calvin-thomas.com\/experiment\/?page_id=182"},"modified":"2024-06-14T15:27:46","modified_gmt":"2024-06-14T13:27:46","slug":"mission-hebergement-duo-gagnant","status":"publish","type":"page","link":"https:\/\/www.calvin-thomas.com\/experiment\/informations-pratiques\/mission-hebergement-duo-gagnant\/","title":{"rendered":"Mission et h\u00e9bergement : le duo gagnant"},"content":{"rendered":"\n<div style=\"height:50px\" aria-hidden=\"true\" class=\"wp-block-spacer\"><\/div>\n\n\n\n<div class=\"wp-block-columns has-2-columns column-centre is-layout-flex wp-container-core-columns-is-layout-1 wp-block-columns-is-layout-flex\">\n<div class=\"wp-block-column is-layout-flow wp-block-column-is-layout-flow\">\n<h2 class=\"wp-block-heading\">Un s\u00e9jour cl\u00e9-en-main<br><\/h2>\n\n\n\n<p>En optant pour un s\u00e9jour Experiment, vous profitez d&rsquo;un programme complet et sur-mesure, \u00e9labor\u00e9 en collaboration avec nos partenaires locaux. Mission de stage ou de b\u00e9n\u00e9volat et h\u00e9bergement. Tout est organis\u00e9 pour vous offrir une exp\u00e9rience \u00e0 l&rsquo;\u00e9tranger sans stress et cl\u00e9-en-main.<\/p>\n<\/div>\n\n\n\n<div class=\"wp-block-column is-layout-flow wp-block-column-is-layout-flow\">\n<ul class=\"liste-menu\">\n<li><a href=\"#section1\">Quel sera votre futur poste ou mission&nbsp;?<\/a><\/li>\n\n\n\n<li><a href=\"#section2\">O\u00f9 serez-vous log\u00e9&nbsp;?<\/a><\/li>\n<\/ul>\n<\/div>\n<\/div>\n\n\n\n<div style=\"height:50px\" aria-hidden=\"true\" class=\"wp-block-spacer\"><\/div>\n\n\n<section class=\"section-bleuclair\"><\/p>\n\n\n\n<div class=\"wp-block-columns has-2-columns column-centre is-layout-flex wp-container-core-columns-is-layout-2 wp-block-columns-is-layout-flex\">\n<div class=\"wp-block-column is-layout-flow wp-block-column-is-layout-flow\">\n<p class=\"sub-title\"><strong>STAGE OU B\u00c9N\u00c9VOLAT<\/strong><\/p>\n\n\n\n<h3 class=\"wp-block-heading\" id=\"section1\">Quel sera votre futur poste ou mission&nbsp;? <br><\/h3>\n<\/div>\n\n\n\n<div class=\"wp-block-column is-layout-flow wp-block-column-is-layout-flow\">\n<p><\/p>\n<\/div>\n<\/div>\n\n\n\n<div class=\"wp-block-columns has-2-columns column-centre centrer-hauteur is-layout-flex wp-container-core-columns-is-layout-3 wp-block-columns-is-layout-flex\">\n<div class=\"wp-block-column is-layout-flow wp-block-column-is-layout-flow\">\n<h4 class=\"wp-block-heading\">Le d\u00e9roul\u00e9 de la recherche d&rsquo;un stage ou d&rsquo;une mission b\u00e9n\u00e9vole aux \u00c9tats-Unis ou en Afrique du Sud<\/h4>\n\n\n\n<p>La recherche du poste de stagiaire ou de la mission b\u00e9n\u00e9vole se fait en fonction du profil du candidat, c&rsquo;est-\u00e0-dire de son \u00e2ge, de sa formation, de ses exp\u00e9riences pass\u00e9es et de son niveau d&rsquo;anglais.<\/p>\n\n\n\n<p>Dans son dossier d&rsquo;inscription, le participant annonce ses pr\u00e9f\u00e9rences (secteur d&rsquo;activit\u00e9 \u2014 voire type de travail : travail de bureau, en ext\u00e9rieur,&#8230;). En fonction de l&rsquo;ensemble de ces informations, le partenaire local de Calvin-Thomas commence une recherche de poste pour le participant en contactant des organismes ou des entreprises bas\u00e9s sur le territoire concern\u00e9.<\/p>\n\n\n\n<p>Certaines entreprises sont en permanence \u00e0 la recherche de b\u00e9n\u00e9voles et peuvent proposer des stages pr\u00e9cis. \u00c0 l&rsquo;inverse, d&rsquo;autres organismes offrent un poste personnalis\u00e9, adapt\u00e9 au profil de l&rsquo;\u00e9tudiant et de ses besoins du moment.<\/p>\n\n\n\n<p>Une fois le dossier de l&rsquo;\u00e9tudiant pr\u00e9sent\u00e9 \u00e0 un organisme, celui-ci peut demander, avant de prendre sa d\u00e9cision et avant d&rsquo;accepter un dossier, \u00e0 s&rsquo;entretenir au t\u00e9l\u00e9phone avec le participant.<\/p>\n\n\n\n<div style=\"height:40px\" aria-hidden=\"true\" class=\"wp-block-spacer\"><\/div>\n<\/div>\n\n\n\n<div class=\"wp-block-column is-layout-flow wp-block-column-is-layout-flow\">\n<figure class=\"wp-block-image size-full\"><img loading=\"lazy\" decoding=\"async\" width=\"530\" height=\"600\" src=\"https:\/\/www.calvin-thomas.com\/experiment\/wp-content\/uploads\/\/sites\/7\/stage-benevolat.jpg\" alt=\"recherche d'un stage ou d'un b\u00e9n\u00e9volat \u00e0 l'\u00e9tranger\" class=\"wp-image-207\" srcset=\"https:\/\/www.calvin-thomas.com\/experiment\/wp-content\/uploads\/\/sites\/7\/stage-benevolat.jpg 530w, https:\/\/www.calvin-thomas.com\/experiment\/wp-content\/uploads\/\/sites\/7\/stage-benevolat-265x300.jpg 265w\" sizes=\"(max-width: 530px) 100vw, 530px\" \/><\/figure>\n<\/div>\n<\/div>\n\n\n\n<div class=\"wp-block-columns has-2-columns column-centre centrer-hauteur is-layout-flex wp-container-core-columns-is-layout-4 wp-block-columns-is-layout-flex\">\n<div class=\"wp-block-column is-layout-flow wp-block-column-is-layout-flow\">\n<h4 class=\"wp-block-heading\">La mission b\u00e9n\u00e9vole en Tha\u00eflande<\/h4>\n\n\n\n<p>Pour les missions b\u00e9n\u00e9voles en Tha\u00eflande, les participants choisissent, au moment de leur inscription, leur mission. <\/p>\n\n\n\n<p>Ils ont le choix entre 2 possibilit\u00e9s : <\/p>\n\n\n\n<ul>\n<li>le programme \u201cHua Hin Teaching\u201c qui, \u00e0 travers les cours que vous dispenserez, aide les enfants tha\u00eflandais \u00e0 progresser en anglais.<\/li>\n\n\n\n<li>le programme \u201cElephant Experience\u201d pour s&rsquo;occuper des \u00e9l\u00e9phants sauv\u00e9s et bless\u00e9s dans un sanctuaire.<\/li>\n<\/ul>\n\n\n\n<div style=\"height:40px\" aria-hidden=\"true\" class=\"wp-block-spacer\"><\/div>\n<\/div>\n\n\n\n<div class=\"wp-block-column is-layout-flow wp-block-column-is-layout-flow\">\n<figure class=\"wp-block-image size-full\"><img loading=\"lazy\" decoding=\"async\" width=\"530\" height=\"330\" src=\"https:\/\/www.calvin-thomas.com\/experiment\/wp-content\/uploads\/\/sites\/7\/mission-thailande.jpg\" alt=\"mission b\u00e9n\u00e9vole en Tha\u00eflande\" class=\"wp-image-286\" srcset=\"https:\/\/www.calvin-thomas.com\/experiment\/wp-content\/uploads\/\/sites\/7\/mission-thailande.jpg 530w, https:\/\/www.calvin-thomas.com\/experiment\/wp-content\/uploads\/\/sites\/7\/mission-thailande-300x187.jpg 300w\" sizes=\"(max-width: 530px) 100vw, 530px\" \/><\/figure>\n<\/div>\n<\/div>\n\n\n\n<div style=\"height:80px\" aria-hidden=\"true\" class=\"wp-block-spacer\"><\/div>\n\n\n\n<div class=\"wp-block-columns has-2-columns column-centre centrer-hauteur is-layout-flex wp-container-core-columns-is-layout-5 wp-block-columns-is-layout-flex\">\n<div class=\"wp-block-column is-layout-flow wp-block-column-is-layout-flow\">\n<figure class=\"wp-block-image size-full\"><img loading=\"lazy\" decoding=\"async\" width=\"530\" height=\"400\" src=\"https:\/\/www.calvin-thomas.com\/experiment\/wp-content\/uploads\/\/sites\/7\/volontaire.jpg\" alt=\"conditions de volontariat \u00e0 l'\u00e9tranger\" class=\"wp-image-205\" srcset=\"https:\/\/www.calvin-thomas.com\/experiment\/wp-content\/uploads\/\/sites\/7\/volontaire.jpg 530w, https:\/\/www.calvin-thomas.com\/experiment\/wp-content\/uploads\/\/sites\/7\/volontaire-300x226.jpg 300w\" sizes=\"(max-width: 530px) 100vw, 530px\" \/><\/figure>\n<\/div>\n\n\n\n<div class=\"wp-block-column is-layout-flow wp-block-column-is-layout-flow\">\n<h4 class=\"wp-block-heading\">Et apr\u00e8s ?<\/h4>\n\n\n\n<p>Chaque organisme d\u00e9termine les horaires de travail de l&rsquo;\u00e9tudiant, ses t\u00e2ches, son dress-code, et lui apporte les informations quant aux habitudes de vie sur le lieu de travail.<\/p>\n\n\n\n<p>\u00c0 l&rsquo;arriv\u00e9e, l&rsquo;\u00e9tudiant suit une <em>Student orientation<\/em>. Cette pr\u00e9paration lui permet de mieux s&rsquo;int\u00e9grer \u00e0 sa famille d&rsquo;accueil et \u00e0 son entreprise, et de r\u00e9pondre \u00e0 ses \u00e9ventuelles questions.<\/p>\n\n\n\n<p>Le partenaire sur place assure un suivi du participant pendant le s\u00e9jour. Il se tient \u00e0 la disposition de ce dernier en cas de probl\u00e8me et peut \u00eatre amen\u00e9 \u00e0 v\u00e9rifier la conformit\u00e9 des conditions de s\u00e9jour et \u00e0 prendre les d\u00e9cisions qu&rsquo;il juge utiles et n\u00e9cessaires.<\/p>\n<\/div>\n<\/div>\n\n\n\n<div style=\"height:80px\" aria-hidden=\"true\" class=\"wp-block-spacer\"><\/div>\n\n\n\n<p class=\"has-text-align-center cadre-vert column-centre\">Les participants Experiment doivent faire preuve de flexibilit\u00e9 et doivent pouvoir s&rsquo;adapter \u00e0 tout type d&rsquo;environnement de travail, tout type de t\u00e2ches ou de missions.<\/p>\n\n\n\n<div style=\"height:50px\" aria-hidden=\"true\" class=\"wp-block-spacer\"><\/div>\n\n\n<p><\/section>\n\n\n<section class=\"section-gris\"><\/p>\n\n\n\n<div class=\"wp-block-columns has-2-columns column-centre is-layout-flex wp-container-core-columns-is-layout-6 wp-block-columns-is-layout-flex\">\n<div class=\"wp-block-column is-layout-flow wp-block-column-is-layout-flow\">\n<p><\/p>\n<\/div>\n\n\n\n<div class=\"wp-block-column is-layout-flow wp-block-column-is-layout-flow\">\n<p class=\"sub-title\"><strong>H\u00c9BERGEMENT<\/strong><\/p>\n\n\n\n<h3 class=\"wp-block-heading\" id=\"section2\">O\u00f9 serez-vous log\u00e9&nbsp;?<\/h3>\n<\/div>\n<\/div>\n\n\n\n<div class=\"wp-block-columns are-vertically-aligned-bottom has-2-columns column-centre centrer-hauteur is-layout-flex wp-container-core-columns-is-layout-7 wp-block-columns-is-layout-flex\">\n<div class=\"wp-block-column is-vertically-aligned-bottom is-layout-flow wp-block-column-is-layout-flow\">\n<figure class=\"wp-block-image size-full\"><img loading=\"lazy\" decoding=\"async\" width=\"530\" height=\"650\" src=\"https:\/\/www.calvin-thomas.com\/experiment\/wp-content\/uploads\/\/sites\/7\/famille-accueil.jpg\" alt=\"h\u00e9bergement en immersion en famille d'accueil\" class=\"wp-image-199\" srcset=\"https:\/\/www.calvin-thomas.com\/experiment\/wp-content\/uploads\/\/sites\/7\/famille-accueil.jpg 530w, https:\/\/www.calvin-thomas.com\/experiment\/wp-content\/uploads\/\/sites\/7\/famille-accueil-245x300.jpg 245w\" sizes=\"(max-width: 530px) 100vw, 530px\" \/><\/figure>\n<\/div>\n\n\n\n<div class=\"wp-block-column is-vertically-aligned-bottom is-layout-flow wp-block-column-is-layout-flow\">\n<p><strong>Tous les participants Experiment aux \u00c9tats-Unis et en Afrique du Sud sont accueillis et log\u00e9s dans une famille d&rsquo;accueil. <\/strong><br><strong>En revanche, l&rsquo;h\u00e9bergement en Tha\u00eflande s&rsquo;effectue au sein d&rsquo;une r\u00e9sidence.<\/strong><br><\/p>\n\n\n\n<div style=\"height:30px\" aria-hidden=\"true\" class=\"wp-block-spacer\"><\/div>\n\n\n\n<h4 class=\"wp-block-heading\"><strong>DES FAMILLES D&rsquo;ACCUEIL s\u00e9lectionn\u00e9es avec soin<\/strong><\/h4>\n\n\n\n<p><strong>Partager la vie d&rsquo;une famille, c&rsquo;est int\u00e9grer la cellule de base de la soci\u00e9t\u00e9, c&rsquo;est comprendre et apprendre un peuple et une langue<\/strong>.<br><strong>Par le biais de ce type d&rsquo;accueil, les participants peuvent profiter d&rsquo;une immersion culturelle et linguistique compl\u00e8te, tout en ayant la possibilit\u00e9 de sortir et de voir des amis.<\/strong><\/p>\n\n\n\n<p>Dans le cadre de l&rsquo;h\u00e9bergement en famille, la famille offre le g\u00eete et le couvert. Mais pas que.<br>Les familles retenues par notre organisme souhaitent faire conna\u00eetre leur pays et leur mode de vie. Elles sont pr\u00eates \u00e0 partager leur quotidien.&nbsp;Ces familles font g\u00e9n\u00e9ralement preuve d&rsquo;une r\u00e9elle ouverture d&rsquo;esprit et font preuve de bienveillance envers leurs h\u00f4tes.<\/p>\n\n\n\n<p>Les familles sont s\u00e9lectionn\u00e9es par notre correspondant sur la base de crit\u00e8res simples et fondamentaux : la chaleur, la gentillesse, la volont\u00e9 de communiquer.<\/p>\n\n\n\n<p>Les familles d&rsquo;accueil ne re\u00e7oivent pas d\u2019autres Fran\u00e7ais, mais peuvent accueillir un autre jeune \u00e9tranger d\u2019une autre nationalit\u00e9 (voire, mais plus rarement, plusieurs autres jeunes \u00e9trangers, tous de nationalit\u00e9s diff\u00e9rentes).<\/p>\n\n\n\n<div style=\"height:30px\" aria-hidden=\"true\" class=\"wp-block-spacer\"><\/div>\n<\/div>\n<\/div>\n\n\n\n<div style=\"height:50px\" aria-hidden=\"true\" class=\"wp-block-spacer\"><\/div>\n\n\n\n<div class=\"wp-block-columns are-vertically-aligned-bottom has-2-columns column-centre centrer-hauteur is-layout-flex wp-container-core-columns-is-layout-8 wp-block-columns-is-layout-flex\">\n<div class=\"wp-block-column is-vertically-aligned-bottom is-layout-flow wp-block-column-is-layout-flow\">\n<h4 class=\"wp-block-heading\"><strong>UNE R\u00c9SIDENCE pour vivre un v\u00e9ritable partage international des cultures <\/strong><\/h4>\n\n\n\n<p><strong>Cadre id\u00e9al pour passer du temps avec des jeunes venus des quatre coins du monde, l&rsquo;h\u00e9bergement en r\u00e9sidence est id\u00e9al pour vivre pleinement cette aventure de b\u00e9n\u00e9volat international.<\/strong><\/p>\n\n\n\n<p>Vous serez h\u00e9berg\u00e9 dans la r\u00e9sidence de b\u00e9n\u00e9voles. Sont inclus les repas qui sont pris sur place. Ce sont des repas typiquement tha\u00eflandais, tr\u00e8s gustatifs, avec beaucoup de riz, de nouilles, de l\u00e9gumes, et occasionnellement de la viande et du poisson.<\/p>\n\n\n\n<p>Vous partagerez une chambre avec 4 \u00e0 8 autres b\u00e9n\u00e9voles du m\u00eame sexe. Les salles de bain sont communes et bien \u00e9quip\u00e9es (toilettes et douches \u00e0 l&rsquo;occidentale). Le linge de lit est fourni, tout comme les protections moustiques. Vous aurez la possibilit\u00e9 de laver votre linge au lavomatic (en suppl\u00e9ment).<\/p>\n\n\n\n<p>Le wifi et la climatisation sont install\u00e9s dans la r\u00e9sidence.<\/p>\n\n\n\n<div style=\"height:30px\" aria-hidden=\"true\" class=\"wp-block-spacer\"><\/div>\n<\/div>\n\n\n\n<div class=\"wp-block-column is-vertically-aligned-bottom is-layout-flow wp-block-column-is-layout-flow\">\n<figure class=\"wp-block-image size-full\"><img loading=\"lazy\" decoding=\"async\" width=\"530\" height=\"530\" src=\"https:\/\/www.calvin-thomas.com\/experiment\/wp-content\/uploads\/\/sites\/7\/residence.jpg\" alt=\"r\u00e9sidence de b\u00e9n\u00e9voles\" class=\"wp-image-283\" srcset=\"https:\/\/www.calvin-thomas.com\/experiment\/wp-content\/uploads\/\/sites\/7\/residence.jpg 530w, https:\/\/www.calvin-thomas.com\/experiment\/wp-content\/uploads\/\/sites\/7\/residence-300x300.jpg 300w, https:\/\/www.calvin-thomas.com\/experiment\/wp-content\/uploads\/\/sites\/7\/residence-150x150.jpg 150w\" sizes=\"(max-width: 530px) 100vw, 530px\" \/><\/figure>\n<\/div>\n<\/div>\n\n\n<p><\/section>\n\n\n\n<div style=\"height:30px\" aria-hidden=\"true\" class=\"wp-block-spacer\"><\/div>\n","protected":false},"excerpt":{"rendered":"<p>Un s\u00e9jour cl\u00e9-en-main<\/p>\n<p>En optant pour un s\u00e9jour Experiment, vous profitez d&rsquo;un programme complet et sur-mesure, \u00e9labor\u00e9 en collaboration avec nos partenaires locaux. Mission de stage ou de b\u00e9n\u00e9volat et h\u00e9bergement. Tout est organis\u00e9 pour vous offrir une exp\u00e9rience \u00e0 l&rsquo;\u00e9tranger sans stress et cl\u00e9-en-main.<\/p>\n<ul class=\"liste-menu\">\n<li><a href=\"#section1\">Quel sera votre futur poste ou mission&nbsp;?<\/a><\/li>\n<li><a href=\"#section2\">O\u00f9 serez-vous log\u00e9&nbsp;?<\/a><\/li>\n<\/ul>\n<p> <a class=\"btn couleur large\" href=\"https:\/\/www.calvin-thomas.com\/experiment\/informations-pratiques\/mission-hebergement-duo-gagnant\/\">EN SAVOIR PLUS <\/a><\/p>\n","protected":false},"author":1,"featured_media":209,"parent":18,"menu_order":0,"comment_status":"closed","ping_status":"closed","template":"","meta":{"_uag_custom_page_level_css":""},"yoast_head":"<!-- This site is optimized with the Yoast SEO plugin v22.4 - https:\/\/yoast.com\/wordpress\/plugins\/seo\/ -->\n<title>Poste &amp; famille d&#039;accueil, le duo gagnant d&#039;un s\u00e9jour Experiment<\/title>\n<meta name=\"description\" content=\"Avec le programme Experiment, vous b\u00e9n\u00e9ficiez d&#039;une formule cl\u00e9-en-main : recherche d&#039;un stage (ou mission b\u00e9n\u00e9vole) + h\u00e9bergement\" \/>\n<meta name=\"robots\" content=\"index, follow, max-snippet:-1, max-image-preview:large, max-video-preview:-1\" \/>\n<link rel=\"canonical\" href=\"https:\/\/www.calvin-thomas.com\/experiment\/informations-pratiques\/mission-hebergement-duo-gagnant\/\" \/>\n<meta property=\"og:locale\" content=\"fr_FR\" \/>\n<meta property=\"og:type\" content=\"article\" \/>\n<meta property=\"og:title\" content=\"Poste &amp; famille d&#039;accueil, le duo gagnant d&#039;un s\u00e9jour Experiment\" \/>\n<meta property=\"og:description\" content=\"Avec le programme Experiment, vous b\u00e9n\u00e9ficiez d&#039;une formule cl\u00e9-en-main : recherche d&#039;un stage (ou mission b\u00e9n\u00e9vole) + h\u00e9bergement\" \/>\n<meta property=\"og:url\" content=\"https:\/\/www.calvin-thomas.com\/experiment\/informations-pratiques\/mission-hebergement-duo-gagnant\/\" \/>\n<meta property=\"og:site_name\" content=\"Experiment\" \/>\n<meta property=\"article:modified_time\" content=\"2024-06-14T13:27:46+00:00\" \/>\n<meta property=\"og:image\" content=\"https:\/\/www.calvin-thomas.com\/experiment\/wp-content\/uploads\/\/sites\/7\/entete-famille-mission.jpg\" \/>\n\t<meta property=\"og:image:width\" content=\"1200\" \/>\n\t<meta property=\"og:image:height\" content=\"793\" \/>\n\t<meta property=\"og:image:type\" content=\"image\/jpeg\" \/>\n<meta name=\"twitter:card\" content=\"summary_large_image\" \/>\n<meta name=\"twitter:label1\" content=\"Dur\u00e9e de lecture estim\u00e9e\" \/>\n\t<meta name=\"twitter:data1\" content=\"6 minutes\" \/>\n<script type=\"application\/ld+json\" class=\"yoast-schema-graph\">{\"@context\":\"https:\/\/schema.org\",\"@graph\":[{\"@type\":\"WebPage\",\"@id\":\"https:\/\/www.calvin-thomas.com\/experiment\/informations-pratiques\/mission-hebergement-duo-gagnant\/\",\"url\":\"https:\/\/www.calvin-thomas.com\/experiment\/informations-pratiques\/mission-hebergement-duo-gagnant\/\",\"name\":\"Poste & famille d'accueil, le duo gagnant d'un s\u00e9jour Experiment\",\"isPartOf\":{\"@id\":\"https:\/\/www.calvin-thomas.com\/experiment\/#website\"},\"primaryImageOfPage\":{\"@id\":\"https:\/\/www.calvin-thomas.com\/experiment\/informations-pratiques\/mission-hebergement-duo-gagnant\/#primaryimage\"},\"image\":{\"@id\":\"https:\/\/www.calvin-thomas.com\/experiment\/informations-pratiques\/mission-hebergement-duo-gagnant\/#primaryimage\"},\"thumbnailUrl\":\"https:\/\/www.calvin-thomas.com\/experiment\/wp-content\/uploads\/\/sites\/7\/entete-famille-mission.jpg\",\"datePublished\":\"2024-05-31T14:12:20+00:00\",\"dateModified\":\"2024-06-14T13:27:46+00:00\",\"description\":\"Avec le programme Experiment, vous b\u00e9n\u00e9ficiez d'une formule cl\u00e9-en-main : recherche d'un stage (ou mission b\u00e9n\u00e9vole) + h\u00e9bergement\",\"breadcrumb\":{\"@id\":\"https:\/\/www.calvin-thomas.com\/experiment\/informations-pratiques\/mission-hebergement-duo-gagnant\/#breadcrumb\"},\"inLanguage\":\"fr-FR\",\"potentialAction\":[{\"@type\":\"ReadAction\",\"target\":[\"https:\/\/www.calvin-thomas.com\/experiment\/informations-pratiques\/mission-hebergement-duo-gagnant\/\"]}]},{\"@type\":\"ImageObject\",\"inLanguage\":\"fr-FR\",\"@id\":\"https:\/\/www.calvin-thomas.com\/experiment\/informations-pratiques\/mission-hebergement-duo-gagnant\/#primaryimage\",\"url\":\"https:\/\/www.calvin-thomas.com\/experiment\/wp-content\/uploads\/\/sites\/7\/entete-famille-mission.jpg\",\"contentUrl\":\"https:\/\/www.calvin-thomas.com\/experiment\/wp-content\/uploads\/\/sites\/7\/entete-famille-mission.jpg\",\"width\":1200,\"height\":793},{\"@type\":\"BreadcrumbList\",\"@id\":\"https:\/\/www.calvin-thomas.com\/experiment\/informations-pratiques\/mission-hebergement-duo-gagnant\/#breadcrumb\",\"itemListElement\":[{\"@type\":\"ListItem\",\"position\":1,\"name\":\"Accueil\",\"item\":\"https:\/\/www.calvin-thomas.com\/experiment\/\"},{\"@type\":\"ListItem\",\"position\":2,\"name\":\"Informations pratiques\",\"item\":\"https:\/\/www.calvin-thomas.com\/experiment\/informations-pratiques\/\"},{\"@type\":\"ListItem\",\"position\":3,\"name\":\"Mission et h\u00e9bergement : le duo gagnant\"}]},{\"@type\":\"WebSite\",\"@id\":\"https:\/\/www.calvin-thomas.com\/experiment\/#website\",\"url\":\"https:\/\/www.calvin-thomas.com\/experiment\/\",\"name\":\"Experiment\",\"description\":\"Un site utilisant Les sites de Calvin-Thomas\",\"potentialAction\":[{\"@type\":\"SearchAction\",\"target\":{\"@type\":\"EntryPoint\",\"urlTemplate\":\"https:\/\/www.calvin-thomas.com\/experiment\/?s={search_term_string}\"},\"query-input\":\"required name=search_term_string\"}],\"inLanguage\":\"fr-FR\"}]}<\/script>\n<!-- \/ Yoast SEO plugin. -->","yoast_head_json":{"title":"Poste & famille d'accueil, le duo gagnant d'un s\u00e9jour Experiment","description":"Avec le programme Experiment, vous b\u00e9n\u00e9ficiez d'une formule cl\u00e9-en-main : recherche d'un stage (ou mission b\u00e9n\u00e9vole) + h\u00e9bergement","robots":{"index":"index","follow":"follow","max-snippet":"max-snippet:-1","max-image-preview":"max-image-preview:large","max-video-preview":"max-video-preview:-1"},"canonical":"https:\/\/www.calvin-thomas.com\/experiment\/informations-pratiques\/mission-hebergement-duo-gagnant\/","og_locale":"fr_FR","og_type":"article","og_title":"Poste & famille d'accueil, le duo gagnant d'un s\u00e9jour Experiment","og_description":"Avec le programme Experiment, vous b\u00e9n\u00e9ficiez d'une formule cl\u00e9-en-main : recherche d'un stage (ou mission b\u00e9n\u00e9vole) + h\u00e9bergement","og_url":"https:\/\/www.calvin-thomas.com\/experiment\/informations-pratiques\/mission-hebergement-duo-gagnant\/","og_site_name":"Experiment","article_modified_time":"2024-06-14T13:27:46+00:00","og_image":[{"width":1200,"height":793,"url":"https:\/\/www.calvin-thomas.com\/experiment\/wp-content\/uploads\/\/sites\/7\/entete-famille-mission.jpg","type":"image\/jpeg"}],"twitter_card":"summary_large_image","twitter_misc":{"Dur\u00e9e de lecture estim\u00e9e":"6 minutes"},"schema":{"@context":"https:\/\/schema.org","@graph":[{"@type":"WebPage","@id":"https:\/\/www.calvin-thomas.com\/experiment\/informations-pratiques\/mission-hebergement-duo-gagnant\/","url":"https:\/\/www.calvin-thomas.com\/experiment\/informations-pratiques\/mission-hebergement-duo-gagnant\/","name":"Poste & famille d'accueil, le duo gagnant d'un s\u00e9jour Experiment","isPartOf":{"@id":"https:\/\/www.calvin-thomas.com\/experiment\/#website"},"primaryImageOfPage":{"@id":"https:\/\/www.calvin-thomas.com\/experiment\/informations-pratiques\/mission-hebergement-duo-gagnant\/#primaryimage"},"image":{"@id":"https:\/\/www.calvin-thomas.com\/experiment\/informations-pratiques\/mission-hebergement-duo-gagnant\/#primaryimage"},"thumbnailUrl":"https:\/\/www.calvin-thomas.com\/experiment\/wp-content\/uploads\/\/sites\/7\/entete-famille-mission.jpg","datePublished":"2024-05-31T14:12:20+00:00","dateModified":"2024-06-14T13:27:46+00:00","description":"Avec le programme Experiment, vous b\u00e9n\u00e9ficiez d'une formule cl\u00e9-en-main : recherche d'un stage (ou mission b\u00e9n\u00e9vole) + h\u00e9bergement","breadcrumb":{"@id":"https:\/\/www.calvin-thomas.com\/experiment\/informations-pratiques\/mission-hebergement-duo-gagnant\/#breadcrumb"},"inLanguage":"fr-FR","potentialAction":[{"@type":"ReadAction","target":["https:\/\/www.calvin-thomas.com\/experiment\/informations-pratiques\/mission-hebergement-duo-gagnant\/"]}]},{"@type":"ImageObject","inLanguage":"fr-FR","@id":"https:\/\/www.calvin-thomas.com\/experiment\/informations-pratiques\/mission-hebergement-duo-gagnant\/#primaryimage","url":"https:\/\/www.calvin-thomas.com\/experiment\/wp-content\/uploads\/\/sites\/7\/entete-famille-mission.jpg","contentUrl":"https:\/\/www.calvin-thomas.com\/experiment\/wp-content\/uploads\/\/sites\/7\/entete-famille-mission.jpg","width":1200,"height":793},{"@type":"BreadcrumbList","@id":"https:\/\/www.calvin-thomas.com\/experiment\/informations-pratiques\/mission-hebergement-duo-gagnant\/#breadcrumb","itemListElement":[{"@type":"ListItem","position":1,"name":"Accueil","item":"https:\/\/www.calvin-thomas.com\/experiment\/"},{"@type":"ListItem","position":2,"name":"Informations pratiques","item":"https:\/\/www.calvin-thomas.com\/experiment\/informations-pratiques\/"},{"@type":"ListItem","position":3,"name":"Mission et h\u00e9bergement : le duo gagnant"}]},{"@type":"WebSite","@id":"https:\/\/www.calvin-thomas.com\/experiment\/#website","url":"https:\/\/www.calvin-thomas.com\/experiment\/","name":"Experiment","description":"Un site utilisant Les sites de Calvin-Thomas","potentialAction":[{"@type":"SearchAction","target":{"@type":"EntryPoint","urlTemplate":"https:\/\/www.calvin-thomas.com\/experiment\/?s={search_term_string}"},"query-input":"required name=search_term_string"}],"inLanguage":"fr-FR"}]}},"uagb_featured_image_src":{"full":["https:\/\/www.calvin-thomas.com\/experiment\/wp-content\/uploads\/\/sites\/7\/entete-famille-mission.jpg",1200,793,false],"thumbnail":["https:\/\/www.calvin-thomas.com\/experiment\/wp-content\/uploads\/\/sites\/7\/entete-famille-mission-150x150.jpg",150,150,true],"medium":["https:\/\/www.calvin-thomas.com\/experiment\/wp-content\/uploads\/\/sites\/7\/entete-famille-mission-300x198.jpg",300,198,true],"medium_large":["https:\/\/www.calvin-thomas.com\/experiment\/wp-content\/uploads\/\/sites\/7\/entete-famille-mission-768x508.jpg",640,423,true],"large":["https:\/\/www.calvin-thomas.com\/experiment\/wp-content\/uploads\/\/sites\/7\/entete-famille-mission-1024x677.jpg",640,423,true],"1536x1536":["https:\/\/www.calvin-thomas.com\/experiment\/wp-content\/uploads\/\/sites\/7\/entete-famille-mission.jpg",1200,793,false],"2048x2048":["https:\/\/www.calvin-thomas.com\/experiment\/wp-content\/uploads\/\/sites\/7\/entete-famille-mission.jpg",1200,793,false]},"uagb_author_info":{"display_name":"redac-calvinthomas","author_link":"https:\/\/www.calvin-thomas.com\/experiment\/author\/redac-calvinthomas\/"},"uagb_comment_info":0,"uagb_excerpt":"Un s\u00e9jour cl\u00e9-en-main En optant pour un s\u00e9jour Experiment, vous profitez d&rsquo;un programme complet et sur-mesure, \u00e9labor\u00e9 en collaboration avec nos partenaires locaux. Mission de stage ou de b\u00e9n\u00e9volat et h\u00e9bergement. Tout est organis\u00e9 pour vous offrir une exp\u00e9rience \u00e0 l&rsquo;\u00e9tranger sans stress et cl\u00e9-en-main. Quel sera votre futur poste ou mission&nbsp;? O\u00f9 serez-vous log\u00e9&nbsp;?\u2026","_links":{"self":[{"href":"https:\/\/www.calvin-thomas.com\/experiment\/wp-json\/wp\/v2\/pages\/182"}],"collection":[{"href":"https:\/\/www.calvin-thomas.com\/experiment\/wp-json\/wp\/v2\/pages"}],"about":[{"href":"https:\/\/www.calvin-thomas.com\/experiment\/wp-json\/wp\/v2\/types\/page"}],"author":[{"embeddable":true,"href":"https:\/\/www.calvin-thomas.com\/experiment\/wp-json\/wp\/v2\/users\/1"}],"replies":[{"embeddable":true,"href":"https:\/\/www.calvin-thomas.com\/experiment\/wp-json\/wp\/v2\/comments?post=182"}],"version-history":[{"count":0,"href":"https:\/\/www.calvin-thomas.com\/experiment\/wp-json\/wp\/v2\/pages\/182\/revisions"}],"up":[{"embeddable":true,"href":"https:\/\/www.calvin-thomas.com\/experiment\/wp-json\/wp\/v2\/pages\/18"}],"wp:featuredmedia":[{"embeddable":true,"href":"https:\/\/www.calvin-thomas.com\/experiment\/wp-json\/wp\/v2\/media\/209"}],"wp:attachment":[{"href":"https:\/\/www.calvin-thomas.com\/experiment\/wp-json\/wp\/v2\/media?parent=182"}],"curies":[{"name":"wp","href":"https:\/\/api.w.org\/{rel}","templated":true}]}}