{"id":163,"date":"2018-12-04T17:16:55","date_gmt":"2018-12-04T16:16:55","guid":{"rendered":"https:\/\/www.calvin-thomas.com\/highschool\/?page_id=163"},"modified":"2022-12-20T15:53:07","modified_gmt":"2022-12-20T14:53:07","slug":"6-etapes-pour-partir","status":"publish","type":"page","link":"https:\/\/www.calvin-thomas.com\/highschool\/informations-pratiques\/6-etapes-pour-partir\/","title":{"rendered":"6 \u00e9tapes pour partir"},"content":{"rendered":"\n<div style=\"height:80px\" aria-hidden=\"true\" class=\"wp-block-spacer\"><\/div>\n\n\n\n<div class=\"wp-block-columns has-2-columns column-centre centre-hauteur is-layout-flex wp-container-core-columns-is-layout-1 wp-block-columns-is-layout-flex\">\n<div class=\"wp-block-column is-layout-flow wp-block-column-is-layout-flow\">\n<h2 class=\"wp-block-heading\">\u00c0 partir de maintenant&#8230;<\/h2>\n\n\n\n<p>Vous \u00eates d\u00e9cid\u00e9 \u00e0 vous lancer ? <\/p>\n\n\n\n<p>Vous avez choisi votre programme et votre destination ? <\/p>\n\n\n\n<p>Calvin-Thomas vous accompagne dans votre projet et vous d\u00e9taille les \u00e9tapes avant de partir \u00e9tudier \u00e0 l&#8217;\u00e9tranger.<\/p>\n<\/div>\n\n\n\n<div class=\"wp-block-column is-layout-flow wp-block-column-is-layout-flow\">\n<figure class=\"wp-block-image\"><img decoding=\"async\" src=\"https:\/\/www.calvin-thomas.com\/highschool\/wp-content\/uploads\/sites\/4\/6-etapes-partir.jpg\" alt=\"6 \u00e9tapes pour partir \u00e9tudier \u00e0 l'\u00e9tranger\" class=\"wp-image-665\"\/><\/figure>\n<\/div>\n<\/div>\n\n\n\n<div style=\"height:50px\" aria-hidden=\"true\" class=\"wp-block-spacer\"><\/div>\n\n\n<section class=\"section-beige\"><\/p>\n\n\n\n<h3 class=\"wp-block-heading\" style=\"text-align:center\">La mise en place <br>de votre s\u00e9jour \u00e0 l&#8217;\u00e9tranger pas \u00e0 pas&#8230;<\/h3>\n\n\n\n<ul class=\"timeline\"><li><h4>Rencontrons-nous<\/h4><br>Contactez l\u2019un de nos conseillers en r\u00e9gion ou le bureau d\u2019Aix-en-Provence, il vous donnera <strong>plus d\u2019informations sur le s\u00e9jour<\/strong> que vous envisagez et <strong>v\u00e9rifiera votre \u00e9ligibilit\u00e9<\/strong>. L&#8217;\u00e9quipe de Calvin-Thomas peut vous recevoir dans ses locaux ou vous rencontrer en visio.<\/li><li><h4>Constituez votre dossier d&#8217;inscription<\/h4><br>Vous <strong>recevez votre dossier gratuitement<\/strong> sur simple demande (email, t\u00e9l\u00e9phone ou <a href=\"https:\/\/www.calvin-thomas.com\/highschool\/inscription-sejours-scolaires\/\">directement sur cette page<\/a>). Le dossier \u00e0 fournir comprend g\u00e9n\u00e9ralement un formulaire d\u2019inscription, un collage photo, une\/des lettres de pr\u00e9sentation, un certificat m\u00e9dical, les bulletins scolaires voire des recommandations de professeurs et une vid\u00e9o.<\/li><li><h4>Effectuez l&#8217;entretien de s\u00e9lection<br><\/h4><br>Dans le cadre de la constitution de votre dossier, vous <strong>rencontrez un conseiller Calvin-Thomas<\/strong> \u00e0 l\u2019occasion d\u2019un <strong>entretien de s\u00e9lection<\/strong>. Cet entretien inclut un test d\u2019anglais et est mis en place \u00e0 r\u00e9ception des frais d\u2019inscription. En fonction du programme souhait\u00e9, cet entretien peut se faire en personne ou en visio. Pour certains programmes, un second entretien peut \u00eatre requis avec le partenaire \u00e9tranger (en visio).<br><br>\u00c0 noter pour les s\u00e9jours am\u00e9ricains : vous pouvez d\u00e9cider de commencer par l\u2019entretien et le test d\u2019anglais pour vous assurer de votre \u00e9ligibilit\u00e9 avant de constituer votre dossier. Sachez \u00e9galement qu\u2019une pi\u00e8ce d\u2019identit\u00e9 (CNI ou passeport) ainsi que les bulletins scolaires sont n\u00e9cessaires \u00e0 la mis en place de l\u2019entretien.<\/li><li><h4>Pr\u00e9parez votre d\u00e9part<\/h4><br>D\u00e8s l\u2019acceptation de votre candidature (en g\u00e9n\u00e9ral sous 2 semaines maximum apr\u00e8s le d\u00e9p\u00f4t de votre dossier), les <strong>recherches de famille et de lyc\u00e9e s\u2019enclenchent<\/strong> \u00e0 l\u2019\u00e9tranger. Cette recherche peut parfois \u00eatre longue. Il faudra peut-\u00eatre vous montrer patient. <br>De notre c\u00f4t\u00e9, nous vous faisons parvenir notamment notre \u201cpetit manuel pour r\u00e9ussir son s\u00e9jour\u201d. Vous \u00eates \u00e9galement convi\u00e9 \u00e0 <strong>assister \u00e0 une de nos r\u00e9unions de pr\u00e9paration<\/strong>. <br>Parall\u00e8lement, nous vous <strong>accompagnons dans les \u00e9ventuelles d\u00e9marches administratives<\/strong> et notamment dans les d\u00e9marches d\u2019<strong>obtention de visa<\/strong> si n\u00e9cessaire.<\/li><li><h4>Derni\u00e8res \u00e9tapes avant de partir : peaufinez les derniers pr\u00e9paratifs<\/h4><br>D\u00e8s la r\u00e9ception de vos informations de placement (famille d&#8217;accueil et lyc\u00e9e), nous vous transmettons leurs coordonn\u00e9es afin que vous puissiez <strong>entrer en contact avec votre famille avant votre d\u00e9part<\/strong>. <br>Calvin-Thomas se chargera de la <strong>r\u00e9servation de vos billets d\u2019avion<\/strong> de Paris jusqu\u2019\u00e0 votre destination finale. En fonction du programme, de votre destination, il est parfois possible de mettre en place des d\u00e9parts de province sur demande (co\u00fbt suppl\u00e9mentaire \u00e0 pr\u00e9voir). <br>Vous <strong>recevez un \u201ccourrier de d\u00e9part\u201d<\/strong> qui contient entre autres, votre carte d\u2019assurance, un sac Calvin-Thomas, des \u00e9tiquettes bagages, etc.<\/li><li><h4>Le jour J, partez&#8230;<\/h4><br>Vous \u00eates <strong>accueilli \u00e0 votre arriv\u00e9e \u00e0 destination<\/strong> (soit par votre famille, soit par notre partenaire local). Vous <strong>profitez de votre exp\u00e9rience \u00e0 l\u2019\u00e9tranger<\/strong> mais l&#8217;\u00e9quipe Calvin-Thomas reste toujours disponible. <br>Pendant tout votre s\u00e9jour, vous \u00eates <strong>suivi sur place par un correspondant local<\/strong> qui fait le lien entre la famille d\u2019accueil et notre partenaire en cas de difficult\u00e9.<\/li><\/ul>\n\n\n\n<figure class=\"wp-block-image content-centrer\"><img decoding=\"async\" src=\"https:\/\/www.calvin-thomas.com\/highschool\/wp-content\/uploads\/sites\/4\/enjoy-your-stay.png\" alt=\"Enjoy your stay\" class=\"wp-image-658\"\/><\/figure>\n\n\n<p><\/section>\n\n\n\n<div style=\"height:50px\" aria-hidden=\"true\" class=\"wp-block-spacer\"><\/div>\n","protected":false},"excerpt":{"rendered":"<p>\u00c0 partir de maintenant&#8230;<\/p>\n<p>Vous \u00eates d\u00e9cid\u00e9 \u00e0 vous lancer ? <\/p>\n<p>Vous avez choisi votre programme et votre destination ? <\/p>\n<p>Calvin-Thomas vous accompagne dans votre projet et vous d\u00e9taille les \u00e9tapes avant de partir \u00e9tudier \u00e0 l&#8217;\u00e9tranger.<\/p>\n<p> <a class=\"btn couleur large\" href=\"https:\/\/www.calvin-thomas.com\/highschool\/informations-pratiques\/6-etapes-pour-partir\/\">EN SAVOIR PLUS <\/a><\/p>\n","protected":false},"author":1,"featured_media":75,"parent":149,"menu_order":0,"comment_status":"closed","ping_status":"closed","template":"","meta":{"_uag_custom_page_level_css":"","wp_popup_display_lightbox":0,"wp_popup_suppress":"","wp_popup_trigger":"","wp_popup_trigger_amount":0,"wp_popup_disable_on_mobile":false,"footnotes":""},"uagb_featured_image_src":{"full":["https:\/\/www.calvin-thomas.com\/highschool\/wp-content\/uploads\/\/sites\/4\/entete-etapes-partir.jpg",1200,1200,false],"thumbnail":["https:\/\/www.calvin-thomas.com\/highschool\/wp-content\/uploads\/\/sites\/4\/entete-etapes-partir-150x150.jpg",150,150,true],"medium":["https:\/\/www.calvin-thomas.com\/highschool\/wp-content\/uploads\/\/sites\/4\/entete-etapes-partir-300x300.jpg",300,300,true],"medium_large":["https:\/\/www.calvin-thomas.com\/highschool\/wp-content\/uploads\/\/sites\/4\/entete-etapes-partir-768x768.jpg",640,640,true],"large":["https:\/\/www.calvin-thomas.com\/highschool\/wp-content\/uploads\/\/sites\/4\/entete-etapes-partir-1024x1024.jpg",640,640,true],"1536x1536":["https:\/\/www.calvin-thomas.com\/highschool\/wp-content\/uploads\/\/sites\/4\/entete-etapes-partir.jpg",1200,1200,false],"2048x2048":["https:\/\/www.calvin-thomas.com\/highschool\/wp-content\/uploads\/\/sites\/4\/entete-etapes-partir.jpg",1200,1200,false],"gform-image-choice-sm":["https:\/\/www.calvin-thomas.com\/highschool\/wp-content\/uploads\/\/sites\/4\/entete-etapes-partir.jpg",300,300,false],"gform-image-choice-md":["https:\/\/www.calvin-thomas.com\/highschool\/wp-content\/uploads\/\/sites\/4\/entete-etapes-partir.jpg",400,400,false],"gform-image-choice-lg":["https:\/\/www.calvin-thomas.com\/highschool\/wp-content\/uploads\/\/sites\/4\/entete-etapes-partir.jpg",600,600,false]},"uagb_author_info":{"display_name":"redac-calvinthomas","author_link":"https:\/\/www.calvin-thomas.com\/highschool\/author\/redac-calvinthomas\/"},"uagb_comment_info":0,"uagb_excerpt":"\u00c0 partir de maintenant&#8230; Vous \u00eates d\u00e9cid\u00e9 \u00e0 vous lancer ? Vous avez choisi votre programme et votre destination ? Calvin-Thomas vous accompagne dans votre projet et vous d\u00e9taille les \u00e9tapes avant de partir \u00e9tudier \u00e0 l&#8217;\u00e9tranger. EN SAVOIR PLUS","_links":{"self":[{"href":"https:\/\/www.calvin-thomas.com\/highschool\/wp-json\/wp\/v2\/pages\/163"}],"collection":[{"href":"https:\/\/www.calvin-thomas.com\/highschool\/wp-json\/wp\/v2\/pages"}],"about":[{"href":"https:\/\/www.calvin-thomas.com\/highschool\/wp-json\/wp\/v2\/types\/page"}],"author":[{"embeddable":true,"href":"https:\/\/www.calvin-thomas.com\/highschool\/wp-json\/wp\/v2\/users\/1"}],"replies":[{"embeddable":true,"href":"https:\/\/www.calvin-thomas.com\/highschool\/wp-json\/wp\/v2\/comments?post=163"}],"version-history":[{"count":0,"href":"https:\/\/www.calvin-thomas.com\/highschool\/wp-json\/wp\/v2\/pages\/163\/revisions"}],"up":[{"embeddable":true,"href":"https:\/\/www.calvin-thomas.com\/highschool\/wp-json\/wp\/v2\/pages\/149"}],"wp:featuredmedia":[{"embeddable":true,"href":"https:\/\/www.calvin-thomas.com\/highschool\/wp-json\/wp\/v2\/media\/75"}],"wp:attachment":[{"href":"https:\/\/www.calvin-thomas.com\/highschool\/wp-json\/wp\/v2\/media?parent=163"}],"curies":[{"name":"wp","href":"https:\/\/api.w.org\/{rel}","templated":true}]}}