{"id":169,"date":"2018-12-04T17:23:55","date_gmt":"2018-12-04T16:23:55","guid":{"rendered":"https:\/\/www.calvin-thomas.com\/highschool\/?page_id=169"},"modified":"2026-01-16T10:51:08","modified_gmt":"2026-01-16T09:51:08","slug":"contacts-reunions-conseillers-calvin-thomas","status":"publish","type":"page","link":"https:\/\/www.calvin-thomas.com\/highschool\/informations-pratiques\/contacts-reunions-conseillers-calvin-thomas\/","title":{"rendered":"Contactez-nous et rencontrons-nous"},"content":{"rendered":"\n<div style=\"height:50px\" class=\"wp-block-spacer\"><\/div>\n\n\n\n<div class=\"wp-block-columns has-2-columns column-centre is-layout-flex wp-container-core-columns-is-layout-1 wp-block-columns-is-layout-flex\">\n<div class=\"wp-block-column is-layout-flow wp-block-column-is-layout-flow\">\n<h2 class=\"wp-block-heading\">Des questions ?<\/h2>\n\n\n\n<p>Nos \u00e9quipes se tiennent \u00e0 votre disposition et sont \u00e0 votre \u00e9coute pour vous accompagner au mieux dans votre projet, aussi bien par t\u00e9l\u00e9phone, email que \u00e0 l\u2019occasion d\u2019une rencontre en r\u00e9gion. N\u2019h\u00e9sitez pas \u00e0 nous solliciter !<\/p>\n<\/div>\n\n\n\n<div class=\"wp-block-column is-layout-flow wp-block-column-is-layout-flow\">\n<ul class=\"liste-menu\">\n<li><a href=\"#section1\">Contacter le bureau national \u201cHigh School\u201d Calvin-Thomas<\/a><\/li>\n\n\n\n<li><a href=\"#section2\">Contacter un conseiller pr\u00e8s de chez vous, en France<\/a><\/li>\n\n\n\n<li><a href=\"#section3\">Participer \u00e0 une r\u00e9union d&#8217;information<\/a><\/li>\n\n\n\n<li><a href=\"#section4\">Calvin-Thomas en Belgique<\/a><\/li>\n<\/ul>\n<\/div>\n<\/div>\n\n\n\n<div style=\"height:50px\" class=\"wp-block-spacer\"><\/div>\n\n\n<section class=\"section-bleuclair\"><\/p>\n\n\n\n<div class=\"wp-block-columns has-2-columns column-centre is-layout-flex wp-container-core-columns-is-layout-2 wp-block-columns-is-layout-flex\">\n<div class=\"wp-block-column is-layout-flow wp-block-column-is-layout-flow\">\n<p class=\"sub-title\"><strong>Calvin-Thomas<\/strong><\/p>\n\n\n\n<h3 class=\"wp-block-heading\" id=\"section1\">Contacter le bureau national \u201cHigh School\u201d Calvin-Thomas<br><\/h3>\n\n\n\n<p><strong>Sibel, responsable du programme High School, est \u00e0 votre disposition au :<\/strong><\/p>\n\n\n\n<p>Mail : <a rel=\"noreferrer noopener\" href=\"mailto:highschool@calvin-thomas.com\" target=\"_blank\">highschool(at)calvin-thomas.com<\/a><br><\/p>\n\n\n\n<p>T\u00e9l\u00e9phone : 04 42 91 31 01 <br><\/p>\n<\/div>\n\n\n\n<div class=\"wp-block-column is-layout-flow wp-block-column-is-layout-flow\">\n<p><\/p>\n<\/div>\n<\/div>\n\n\n\n<div style=\"height:50px\" class=\"wp-block-spacer\"><\/div>\n\n\n<p><\/section>\n\n\n<section class=\"section-gris\"><\/p>\n\n\n\n<div class=\"wp-block-columns has-2-columns column-centre is-layout-flex wp-container-core-columns-is-layout-3 wp-block-columns-is-layout-flex\">\n<div class=\"wp-block-column is-layout-flow wp-block-column-is-layout-flow\"><div class=\"wp-block-image\">\n<figure class=\"aligncenter\"><img loading=\"lazy\" decoding=\"async\" width=\"719\" height=\"500\" src=\"https:\/\/www.calvin-thomas.com\/highschool\/wp-content\/uploads\/\/sites\/4\/calvin-thomas-france.jpg\" alt=\"contact des conseillers Calvin-Thomas en France\" class=\"wp-image-1943\" srcset=\"https:\/\/www.calvin-thomas.com\/highschool\/wp-content\/uploads\/\/sites\/4\/calvin-thomas-france.jpg 719w, https:\/\/www.calvin-thomas.com\/highschool\/wp-content\/uploads\/\/sites\/4\/calvin-thomas-france-300x209.jpg 300w\" sizes=\"(max-width: 719px) 100vw, 719px\" \/><\/figure><\/div><\/div>\n\n\n\n<div class=\"wp-block-column is-layout-flow wp-block-column-is-layout-flow\">\n<p class=\"sub-title\"><strong>R\u00e9seau Calvin-Thomas France<\/strong><\/p>\n\n\n\n<h3 class=\"wp-block-heading\" id=\"section2\">Contacter un conseiller pr\u00e8s de chez vous<br><\/h3>\n\n\n\n<p><strong>Vous trouverez, ci-dessous, les conseillers et correspondants des programmes High School en r\u00e9gion. N&#8217;h\u00e9sitez pas \u00e0 les contacter notamment si vous souhaitez des informations compl\u00e9mentaires sur nos s\u00e9jours.<\/strong><\/p>\n<\/div>\n<\/div>\n\n\n\n<div class=\"wp-block-columns has-2-columns column-centre is-layout-flex wp-container-core-columns-is-layout-4 wp-block-columns-is-layout-flex\">\n<div class=\"wp-block-column is-layout-flow wp-block-column-is-layout-flow\">\n<h4 class=\"wp-block-heading\"><strong>PARIS &amp; \u00ceLE-DE-FRANCE <\/strong><\/h4>\n\n\n\n<p><strong>Lucas M.<\/strong><br>T\u00e9l\u00e9phone : 07 83 83 68 01\n <br>Mail : <a href=\"mailto:lucas.montaillie@icloud.com\">lucas.montaillie(at)icloud.com<\/a><\/p>\n\n\n\n<p><strong>\u00c9milie<\/strong><br>T\u00e9l\u00e9phone : 06 02 50 75 28<br>Mail : <a href=\"mailto:emilievandaele77@gmail.com\">emilievandaele77(at)gmail.com<\/a><\/p>\n\n\n\n<h4 class=\"wp-block-heading\"><strong>LA ROCHELLE &amp; R\u00c9GION OUEST<\/strong><\/h4>\n\n\n\n<p><strong>Romane I.<\/strong> <br>T\u00e9l\u00e9phone : 06 52 46 43 99 <br>Mail : <a href=\"mailto:romane.illartin@gmail.com\">romane.illartin<\/a><a aria-label=\"alice.groheux(at)live.fr (ouverture dans un nouvel onglet)\" href=\"mailto:romane.illartin@gmail.com\" target=\"_blank\" rel=\"noreferrer noopener\">(at)<\/a><a href=\"mailto:romane.illartin@gmail.com\">gmail.com<\/a><\/p>\n\n\n\n<p><strong>Lisa K.<\/strong><br>T\u00e9l\u00e9phone : 06 17 50 77 49<br>Mail : <a href=\"mailto:lisa.calvin.thomas@gmail.com\">lisa.calvin.thomas(at)gmail.com<\/a><\/p>\n\n\n\n<p><strong>Youenn F.<\/strong><br>T\u00e9l\u00e9phone : 07 82 35 55 52<br>Mail : <a href=\"mailto:youenn.calvin.thomas@gmail.com\">youenn.calvin.thomas(at)gmail.com<\/a><\/p>\n\n\n\n<h4 class=\"wp-block-heading\"><strong>BORDEAUX, BIARRITZ &amp; R\u00c9GION SUD-OUEST<\/strong><\/h4>\n\n\n\n<p><strong>Anne-Sophie M.<\/strong><br>T\u00e9l\u00e9phone : 07 82 51 17 67 <br>Mail : <a href=\"mailto:annesophie.calvinthomas@gmail.com\" target=\"_blank\" rel=\"noopener\">annesophie.calvinthomas(at)gmail.com<\/a><\/p>\n\n\n\n<p><strong>Manon L.<\/strong><br>T\u00e9l\u00e9phone : 07 85 54 43 21<br>Mail : <a href=\"mailto:manonlesauce85220@gmail.com\">manonlesauce85220(at)gmail.com<\/a><\/p>\n\n\n\n<h4 class=\"wp-block-heading\">TOULOUSE &amp; <strong>LANGUEDOC\/MIDI-PYR\u00c9N\u00c9ES<\/strong><\/h4>\n\n\n\n<p><strong>Milane P.<\/strong><br>T\u00e9l\u00e9phone : 06 80 17 33 55<br>Mail : <a href=\"mailto:milane-philbert@hotmail.fr\" target=\"_blank\" rel=\"noreferrer noopener\">milane-philbert(at)hotmail.fr<\/a><\/p>\n\n\n\n<p><strong>Manon R.<\/strong><br>Mail : <a href=\"mailto:manonravet30230@gmail.com\">manonravet30230(at)gmail.com<\/a><\/p>\n<\/div>\n\n\n\n<div class=\"wp-block-column is-layout-flow wp-block-column-is-layout-flow\">\n<h4 class=\"wp-block-heading\"><strong>STRASBOURG &amp; R\u00c9GION EST<\/strong><\/h4>\n\n\n\n<p><strong>Fanny M.<\/strong> <br>T\u00e9l\u00e9phone : 07 68 40 89 44<br>Mail : <a href=\"mailto:fanny.michaud@calvin-thomas.com\" target=\"_blank\" rel=\"noopener\">fanny.michaud(at)calvin-thomas.com<\/a><\/p>\n\n\n\n<h4 class=\"wp-block-heading\"><strong>BESAN\u00c7ON &amp; R\u00c9GION BOURGOGNE FRANCHE-COMT\u00c9<\/strong><\/h4>\n\n\n\n<p><strong>Laure F.<\/strong> <br>T\u00e9l\u00e9phone : 06 80 27 98 83\n<br>Mail : <a rel=\"noopener\" href=\"mailto:laure.fontaine556@orange.fr\" target=\"_blank\">laure.fontaine556(at)orange.fr<\/a><\/p>\n\n\n\n<h4 class=\"wp-block-heading\"><strong>LYON, VALENCE &amp; AUVERGNE-RH\u00d4NE-ALPES<\/strong><\/h4>\n\n\n\n<p><strong>Marie-Caroline S.<\/strong> <br>T\u00e9l\u00e9phone : 06 61 44 73 65 <br>Mail : <a rel=\"noopener\" href=\"mailto:mc.suplisson@orange.fr\" target=\"_blank\">mc.suplisson(at)orange.fr <\/a><\/p>\n\n\n\n<p><strong>Julie T.<\/strong><br>T\u00e9l\u00e9phone : 06 26 97 73 83 <br>Mail : <a rel=\"noopener\" href=\"mailto:julietillard.calvinthomas@gmail.com\" target=\"_blank\">julietillard.calvinthomas(at)gmail.com<\/a><\/p>\n\n\n\n<h4 class=\"wp-block-heading\">AVIGNON, MONTPELLIER &amp; R\u00c9GION PACA<\/h4>\n\n\n\n<p><strong>Ana\u00efs B.<\/strong> <br>T\u00e9l\u00e9phone : 06 85 05 18 86 <br>Mail : <a href=\"mailto:anaisbascoul@hotmail.com\" target=\"_blank\" rel=\"noopener\">anaisbascoul(at)hotmail.com<\/a><\/p>\n<\/div>\n<\/div>\n\n\n<p><\/section>\n\n\n<section class=\"section-beige\"><\/p>\n\n\n\n<div class=\"wp-block-columns has-2-columns column-centre is-layout-flex wp-container-core-columns-is-layout-5 wp-block-columns-is-layout-flex\">\n<div class=\"wp-block-column is-layout-flow wp-block-column-is-layout-flow\">\n<p class=\"sub-title\"><strong>\u00c9V\u00c9NEMENTS<\/strong><\/p>\n\n\n\n<h3 class=\"wp-block-heading\" id=\"section3\">Participer \u00e0 une r\u00e9union d&#8217;information<br><\/h3>\n\n\n\n<p><strong>Les rendez-vous \u201cHigh School\u201d vous permettent d&#8217;avoir des renseignements sur notre programme de mani\u00e8re plus d\u00e9taill\u00e9e et plus personnelle. Vous pouvez \u00e9galement retrouver <strong>de fa\u00e7on ponctuelle<\/strong>, l&#8217;\u00e9quipe Calvin-Thomas sur des salons nationaux ou r\u00e9gionaux.<\/strong><\/p>\n<\/div>\n\n\n\n<div class=\"wp-block-column is-layout-flow wp-block-column-is-layout-flow\"><div class=\"wp-block-image\">\n<figure class=\"aligncenter\"><img decoding=\"async\" src=\"https:\/\/www.calvin-thomas.com\/highschool\/wp-content\/uploads\/sites\/4\/reunion-information-highschool.jpg\" alt=\"R\u00e9union d'information High School Calvin-Thomas\" class=\"wp-image-570\"\/><\/figure><\/div><\/div>\n<\/div>\n\n\n\n<div class=\"wp-block-columns has-2-columns column-centre is-layout-flex wp-container-core-columns-is-layout-6 wp-block-columns-is-layout-flex\">\n<div class=\"wp-block-column is-layout-flow wp-block-column-is-layout-flow\">\n<h4 class=\"wp-block-heading\" id=\"mce_125\">Les r\u00e9unions d&#8217;information en visioconf\u00e9rence (sur Zoom)<\/h4>\n\n\n\n<div style=\"height:20px\" aria-hidden=\"true\" class=\"wp-block-spacer\"><\/div>\n\n\n\n<h5 class=\"wp-block-heading cadre-blanc\">Webinaire de pr\u00e9sentation tous les mercredis<\/h5>\n\n\n\n<p class=\"cadre-blanc\">\u2022 \u00a0<a href=\"https:\/\/us06web.zoom.us\/j\/84444059106?pwd=JzKmBXH30WwtDQtTtqDnXgGerAgxJ5.1\" target=\"_blank\" rel=\"noreferrer noopener\">connectez-vous ici !<\/a><\/p>\n\n\n\n<div style=\"height:10px\" aria-hidden=\"true\" class=\"wp-block-spacer\"><\/div>\n<\/div>\n\n\n\n<div class=\"wp-block-column is-layout-flow wp-block-column-is-layout-flow\">\n<div style=\"height:87px\" aria-hidden=\"true\" class=\"wp-block-spacer\"><\/div>\n\n\n\n<div style=\"height:100px\" aria-hidden=\"true\" class=\"wp-block-spacer\"><\/div>\n<\/div>\n<\/div>\n\n\n\n<div style=\"height:100px\" aria-hidden=\"true\" class=\"wp-block-spacer\"><\/div>\n\n\n\n<div class=\"wp-block-columns has-2-columns column-centre is-layout-flex wp-container-core-columns-is-layout-7 wp-block-columns-is-layout-flex\">\n<div class=\"wp-block-column is-layout-flow wp-block-column-is-layout-flow\">\n<h4 class=\"wp-block-heading\" id=\"mce_125\">Les salons nationaux et r\u00e9gionaux<\/h4>\n\n\n\n<h5 class=\"wp-block-heading cadre-blanc\">NC<br><\/h5>\n<\/div>\n\n\n\n<div class=\"wp-block-column is-layout-flow wp-block-column-is-layout-flow\">\n<div style=\"height:50px\" aria-hidden=\"true\" class=\"wp-block-spacer\"><\/div>\n<\/div>\n<\/div>\n\n\n<p><\/section>\n\n\n<section class=\"section-gris\"><\/p>\n\n\n\n<div class=\"wp-block-columns has-2-columns column-centre is-layout-flex wp-container-core-columns-is-layout-8 wp-block-columns-is-layout-flex\">\n<div class=\"wp-block-column is-layout-flow wp-block-column-is-layout-flow\"><div class=\"wp-block-image\">\n<figure class=\"aligncenter\"><img decoding=\"async\" src=\"https:\/\/www.calvin-thomas.com\/highschool\/wp-content\/uploads\/sites\/4\/calvin-thomas-belgique.jpg\" alt=\"organisme affili\u00e9 au programme Expedis en Belgique\" class=\"wp-image-583\"\/><\/figure><\/div>\n\n\n<div style=\"height:100px\" class=\"wp-block-spacer\"><\/div>\n<\/div>\n\n\n\n<div class=\"wp-block-column is-layout-flow wp-block-column-is-layout-flow\">\n<p class=\"sub-title\"><strong>R\u00e9seau en Belgique<\/strong><\/p>\n\n\n\n<h3 class=\"wp-block-heading\" id=\"section4\">Calvin-Thomas en Belgique<br><\/h3>\n\n\n\n<p><strong>Le programme \u201cHigh School\u201d de Calvin-Thomas est \u00e9galement ouvert aux ressortissants belges, notamment \u00e0 travers le programme EXPEDIS. Ce programme destin\u00e9 aux \u00e9l\u00e8ves de l\u2019enseignement secondaire francophone de Belgique, offrir la possibilit\u00e9 de suivre des cours suivis \u00e0 l\u2019\u00e9tranger et de faire valider, au retour, l&#8217;ann\u00e9e scolaire \u00e0 l\u2019\u00e9tranger comme faisant partie du cursus belge.<\/strong><\/p>\n\n\n\n<figure class=\"wp-block-image\"><img loading=\"lazy\" decoding=\"async\" width=\"500\" height=\"57\" src=\"https:\/\/www.calvin-thomas.com\/highschool\/wp-content\/uploads\/\/sites\/4\/logos-belgique.jpg\" alt=\"Un programme soutenu par la F\u00e9d\u00e9ration de Wallonie-Bruxelles et Enseignement.be\" class=\"wp-image-422\" srcset=\"https:\/\/www.calvin-thomas.com\/highschool\/wp-content\/uploads\/\/sites\/4\/logos-belgique.jpg 500w, https:\/\/www.calvin-thomas.com\/highschool\/wp-content\/uploads\/\/sites\/4\/logos-belgique-300x34.jpg 300w\" sizes=\"(max-width: 500px) 100vw, 500px\" \/><\/figure>\n\n\n\n<p class=\"has-text-align-left\"><a class=\"btn couleur large\" href=\"http:\/\/www.enseignement.be\/index.php?page=26399\" target=\"_blank\" rel=\"noopener\">Plus d&#8217;informations sur le programme Expedis<\/a><br><\/p>\n\n\n\n<div style=\"height:50px\" class=\"wp-block-spacer\"><\/div>\n<\/div>\n<\/div>\n\n\n\n<div class=\"wp-block-columns has-2-columns column-centre is-layout-flex wp-container-core-columns-is-layout-9 wp-block-columns-is-layout-flex\">\n<div class=\"wp-block-column is-layout-flow wp-block-column-is-layout-flow\">\n<p class=\"has-text-align-right\"><strong>Pascal CARR\u00c9<\/strong> <br>T\u00e9l\u00e9phone : +32 (0)2 899 75 15 <br>Mail : <a href=\"mailto:pascal@langtra.be\" target=\"_blank\" rel=\"noopener\">pascal(at)langtra.be<\/a><\/p>\n<\/div>\n\n\n\n<div class=\"wp-block-column is-layout-flow wp-block-column-is-layout-flow\">\n<h4 class=\"wp-block-heading\"><strong>R\u00c9SEAU &amp; CORRESPONDANT EN BELGIQUE<\/strong><\/h4>\n\n\n\n<p>Pour \u00eatre au plus proche de vous et de votre projet, Calvin-Thomas vous invite \u00e0 <strong>prendre contact avec Languages &amp; Travel<\/strong>, notre organisme partenaire exclusif sur ce programme (licence A1602). Languages &amp; Travel vous \u00e9paulera pour <strong>la mise en place et le suivi de votre s\u00e9jour dans le cadre du programme EXPEDIS<\/strong>. Languages &amp; Travel est en attente de l\u2019agr\u00e9ment de nos programmes par la f\u00e9d\u00e9ration Wallonie-Bruxelles.<\/p>\n\n\n\n<p><a href=\"https:\/\/www.langtra.be\/\" target=\"_blank\" class=\"btn couleur large\" rel=\"noreferrer noopener\">Plus d&#8217;informations sur Language &amp; Travel<\/a><br><\/p>\n<\/div>\n<\/div>\n\n\n<p><\/section>\n\n\n\n<div style=\"height:50px\" aria-hidden=\"true\" class=\"wp-block-spacer\"><\/div>\n","protected":false},"excerpt":{"rendered":"<p>Des questions ?<\/p>\n<p>Nos \u00e9quipes se tiennent \u00e0 votre disposition et sont \u00e0 votre \u00e9coute pour vous accompagner au mieux dans votre projet, aussi bien par t\u00e9l\u00e9phone, email que \u00e0 l\u2019occasion d\u2019une rencontre en r\u00e9gion. N\u2019h\u00e9sitez pas \u00e0 nous solliciter !<\/p>\n<ul class=\"liste-menu\">\n<li><a href=\"#section1\">Contacter le bureau national \u201cHigh School\u201d Calvin-Thomas<\/a><\/li>\n<li><a href=\"#section2\">Contacter un conseiller pr\u00e8s de chez vous, en France<\/a><\/li>\n<li><a href=\"#section3\">Participer \u00e0 une r\u00e9union d&#8217;information<\/a><\/li>\n<li><a href=\"#section4\">Calvin-Thomas en Belgique<\/a><\/li>\n<\/ul>\n<p> <a class=\"btn couleur large\" href=\"https:\/\/www.calvin-thomas.com\/highschool\/informations-pratiques\/contacts-reunions-conseillers-calvin-thomas\/\">EN SAVOIR PLUS <\/a><\/p>\n","protected":false},"author":1,"featured_media":73,"parent":149,"menu_order":0,"comment_status":"closed","ping_status":"closed","template":"","meta":{"_uag_custom_page_level_css":"","wp_popup_display_lightbox":0,"wp_popup_suppress":"","wp_popup_trigger":"","wp_popup_trigger_amount":0,"wp_popup_disable_on_mobile":false,"footnotes":""},"uagb_featured_image_src":{"full":["https:\/\/www.calvin-thomas.com\/highschool\/wp-content\/uploads\/\/sites\/4\/entete-contact.jpg",1200,1200,false],"thumbnail":["https:\/\/www.calvin-thomas.com\/highschool\/wp-content\/uploads\/\/sites\/4\/entete-contact-150x150.jpg",150,150,true],"medium":["https:\/\/www.calvin-thomas.com\/highschool\/wp-content\/uploads\/\/sites\/4\/entete-contact-300x300.jpg",300,300,true],"medium_large":["https:\/\/www.calvin-thomas.com\/highschool\/wp-content\/uploads\/\/sites\/4\/entete-contact-768x768.jpg",640,640,true],"large":["https:\/\/www.calvin-thomas.com\/highschool\/wp-content\/uploads\/\/sites\/4\/entete-contact-1024x1024.jpg",640,640,true],"1536x1536":["https:\/\/www.calvin-thomas.com\/highschool\/wp-content\/uploads\/\/sites\/4\/entete-contact.jpg",1200,1200,false],"2048x2048":["https:\/\/www.calvin-thomas.com\/highschool\/wp-content\/uploads\/\/sites\/4\/entete-contact.jpg",1200,1200,false],"gform-image-choice-sm":["https:\/\/www.calvin-thomas.com\/highschool\/wp-content\/uploads\/\/sites\/4\/entete-contact.jpg",300,300,false],"gform-image-choice-md":["https:\/\/www.calvin-thomas.com\/highschool\/wp-content\/uploads\/\/sites\/4\/entete-contact.jpg",400,400,false],"gform-image-choice-lg":["https:\/\/www.calvin-thomas.com\/highschool\/wp-content\/uploads\/\/sites\/4\/entete-contact.jpg",600,600,false]},"uagb_author_info":{"display_name":"redac-calvinthomas","author_link":"https:\/\/www.calvin-thomas.com\/highschool\/author\/redac-calvinthomas\/"},"uagb_comment_info":0,"uagb_excerpt":"Des questions ? Nos \u00e9quipes se tiennent \u00e0 votre disposition et sont \u00e0 votre \u00e9coute pour vous accompagner au mieux dans votre projet, aussi bien par t\u00e9l\u00e9phone, email que \u00e0 l\u2019occasion d\u2019une rencontre en r\u00e9gion. N\u2019h\u00e9sitez pas \u00e0 nous solliciter ! Contacter le bureau national \u201cHigh School\u201d Calvin-Thomas Contacter un conseiller pr\u00e8s de chez vous,\u2026","_links":{"self":[{"href":"https:\/\/www.calvin-thomas.com\/highschool\/wp-json\/wp\/v2\/pages\/169"}],"collection":[{"href":"https:\/\/www.calvin-thomas.com\/highschool\/wp-json\/wp\/v2\/pages"}],"about":[{"href":"https:\/\/www.calvin-thomas.com\/highschool\/wp-json\/wp\/v2\/types\/page"}],"author":[{"embeddable":true,"href":"https:\/\/www.calvin-thomas.com\/highschool\/wp-json\/wp\/v2\/users\/1"}],"replies":[{"embeddable":true,"href":"https:\/\/www.calvin-thomas.com\/highschool\/wp-json\/wp\/v2\/comments?post=169"}],"version-history":[{"count":4,"href":"https:\/\/www.calvin-thomas.com\/highschool\/wp-json\/wp\/v2\/pages\/169\/revisions"}],"predecessor-version":[{"id":3469,"href":"https:\/\/www.calvin-thomas.com\/highschool\/wp-json\/wp\/v2\/pages\/169\/revisions\/3469"}],"up":[{"embeddable":true,"href":"https:\/\/www.calvin-thomas.com\/highschool\/wp-json\/wp\/v2\/pages\/149"}],"wp:featuredmedia":[{"embeddable":true,"href":"https:\/\/www.calvin-thomas.com\/highschool\/wp-json\/wp\/v2\/media\/73"}],"wp:attachment":[{"href":"https:\/\/www.calvin-thomas.com\/highschool\/wp-json\/wp\/v2\/media?parent=169"}],"curies":[{"name":"wp","href":"https:\/\/api.w.org\/{rel}","templated":true}]}}