{"id":171,"date":"2018-12-04T17:30:23","date_gmt":"2018-12-04T16:30:23","guid":{"rendered":"https:\/\/www.calvin-thomas.com\/highschool\/?page_id=171"},"modified":"2024-01-05T14:56:49","modified_gmt":"2024-01-05T13:56:49","slug":"conditions-generales-vente","status":"publish","type":"page","link":"https:\/\/www.calvin-thomas.com\/highschool\/conditions-generales-vente\/","title":{"rendered":"Conditions g\u00e9n\u00e9rales de vente (extrait)"},"content":{"rendered":"\n<p style=\"text-align:center\" class=\"content-centrer\">L\u2019ensemble des \u201cConditions g\u00e9n\u00e9rales de vente\u201d fait l\u2019objet d\u2019un contrat sign\u00e9 par Calvin-Thomas, le participant et ses parents.<br>Ce contrat \u201cCharte du participant HIGH SCHOOL \/ Contrat de vente \/ Bulletin d\u2019inscription\u201c est fourni avec le dossier d\u2019inscription ou sur demande (aupr\u00e8s de Calvin-Thomas Organisation).<\/p>\n\n\n\n<p style=\"text-align:center\" class=\"content-centrer\"> <strong>IMPORTANT :<\/strong> les conditions particuli\u00e8res \u00e0 chaque formule (notamment \u201cClauses de d\u00e9sistement\u201d) sont d\u00e9taill\u00e9es sur la \u201cCharte du participant HIGH SCHOOL\u201d (communiqu\u00e9e sur demande aupr\u00e8s de Calvin-Thomas). Les informations relatives \u00e0 \u201cce que le co\u00fbt comprend et ne comprend pas\u201d propres \u00e0 chaque formule, sont quant \u00e0 elles consultables sur le site internet de Calvin-Thomas.<\/p>\n\n\n\n<div class=\"wp-block-columns alignwide has-2-columns column-centre is-layout-flex wp-container-core-columns-is-layout-1 wp-block-columns-is-layout-flex\">\n<div class=\"wp-block-column is-layout-flow wp-block-column-is-layout-flow\">\n<h3 class=\"wp-block-heading\"><strong>ORGANISATION<\/strong><\/h3>\n\n\n\n<p>Calvin-Thomas Organisation (CTO) prend en charge la s\u00e9lection des candidats au programme HIGH SCHOOL. L\u2019organisme ou l\u2019\u00e9cole du pays d\u2019accueil recrute les familles d\u2019accueil des participants. Cet organisme est charg\u00e9 \u2014 en liaison avec CTO \u2014 de superviser le s\u00e9jour. Il est habilit\u00e9 \u00e0 prendre les d\u00e9cisions que, sur place, la situation impose. CTO assure la liaison entre la famille fran\u00e7aise et l\u2019organisme du pays d\u2019accueil. CTO s\u2019efforce de rechercher et de proposer les solutions propres \u00e0 surmonter les difficult\u00e9s rencontr\u00e9es. CTO ne peut \u00eatre tenu pour responsable des cas fortuits, de force majeure, ou de faits de tiers.<\/p>\n\n\n\n<h3 class=\"wp-block-heading\"><strong>CONDITIONS DE PARTICIPATION<\/strong><\/h3>\n\n\n\n<ul class=\"puce-couleur\"><li>Avoir entre 12 ans et 19 ans,<\/li><li>avoir \u00e9tudi\u00e9 l\u2019anglais,<\/li><li>faire preuve d\u2019une certaine ouverture d\u2019esprit,<\/li><li>\u00eatre en bonne sant\u00e9,<\/li><li>\u00eatre non-fumeur.<\/li><\/ul>\n\n\n\n<p><strong>IMPORTANT :<\/strong> du fait de la scolarisation, le contrat entre le participant et ses parents d\u2019un c\u00f4t\u00e9 et CTO de l\u2019autre ne prendra effet qu\u2019\u00e0 l\u2019annonce du placement (familial et scolaire) par les organismes. C\u2019est alors et alors seulement que la candidature accept\u00e9e se muera en participation.<\/p>\n\n\n\n<h3 class=\"wp-block-heading\"><strong>INSCRIPTION<\/strong><\/h3>\n\n\n\n<p>Suite \u00e0 une demande, CTO communique un dossier d\u2019inscription ou de pr\u00e9-inscription au participant.<\/p>\n\n\n\n<p>Ce dossier doit \u00eatre retourn\u00e9 par le candidat accompagn\u00e9 d\u2019un ch\u00e8que de 75 \u20ac, libell\u00e9 \u00e0 l\u2019ordre de CTO.<\/p>\n\n\n\n<p>Les informations communiqu\u00e9es doivent \u00eatre compl\u00e8tes et sinc\u00e8res.<\/p>\n\n\n\n<p>Le document intitul\u00e9 \u201cCharte du participant HIGH SCHOOL \/ Contrat de vente \/ Bulletin d\u2019inscription\u201d doit \u00eatre imp\u00e9rativement dat\u00e9 et sign\u00e9 par le candidat et par ses parents (ou par les personnes exer\u00e7ant l\u2019autorit\u00e9 parentale).<\/p>\n\n\n\n<p>Cette charte est l\u2019\u00e9l\u00e9ment fondateur des relations participant-parents \/ organismes.<\/p>\n\n\n\n<p><strong>\u00c0 SAVOIR : <\/strong>une acceptation de candidature suite \u00e0 une demande tardive et qui se ferait en cons\u00e9quence moins de 2 mois avant le d\u00e9part, entra\u00eenerait un surco\u00fbt de s\u00e9jours de 250 \u20ac\u00a8 \u00e0 450 \u20ac suivants les programmes.<\/p>\n\n\n\n<h3 class=\"wp-block-heading\">APTITUDE ET ACCEPTATION<\/h3>\n\n\n\n<p>La s\u00e9lection se fait sur dossier et entretien, en fonction des places disponibles, du profil du candidat, de sa capacit\u00e9 \u00e0 s\u2019adapter aux exigences du  programme. \u00c0 l\u2019issue du traitement de son dossier, le candidat re\u00e7oit, de la part de CTO, une lettre d\u2019acceptation de candidature (ou d\u2019acceptation conditionnelle), ou de refus, et ce dans les plus brefs d\u00e9lais. La participation n\u2019est effective qu\u2019\u00e0 l\u2019annonce du placement par les organismes.<br><\/p>\n\n\n\n<h3 class=\"wp-block-heading\"><strong>R\u00c9VISION DES PRIX<\/strong><\/h3>\n\n\n\n<p>Les prix indiqu\u00e9s dans la pr\u00e9sente brochure de pr\u00e9sentation du programme ont \u00e9t\u00e9 \u00e9tablis en fonction des donn\u00e9es \u00e9conomiques suivantes :<\/p>\n\n\n\n<ul class=\"puce-couleur\"><li>le co\u00fbt du transport li\u00e9 au co\u00fbt du carburant,<\/li><li>les redevances et taxes aff\u00e9rentes aux prestations offertes telles que taxes d\u2019atterrissage, de carburant, de s\u00e9curit\u00e9, dans les ports et les a\u00e9roports,<br><\/li><li>les taux de change appliqu\u00e9 aux s\u00e9jours \u2014\u00e0 savoir : 1 \u20ac = 1,08 dollar US (USD) = 1,56 dollar australien (AUD) = 1,39 dollar canadien (CAD) = 1,73 dollar n\u00e9o-z\u00e9landais (NZD) = 0,89 Livres sterling (GBP).<\/li><\/ul>\n\n\n\n<p>En cas de modification significative de l\u2019une et\/ou de l\u2019autre de ces donn\u00e9es, CTO se r\u00e9serve le droit de modifier ses prix de vente.<\/p>\n\n\n\n<p>Si ces augmentations d\u00e9passent 10 % du prix du s\u00e9jour, le participant est en droit d\u2019annuler son inscription.<\/p>\n\n\n\n<p>Les versements d\u00e9j\u00e0 effectu\u00e9s sont alors rembours\u00e9s, \u00e0 l\u2019exception des 75 \u20ac correspondant aux frais d\u2019inscription.<br><\/p>\n\n\n\n<h3 class=\"wp-block-heading\">CONDITIONS DE PAIEMENT<\/h3>\n\n\n\n<p>Le paiement s\u2019effectue dans sa totalit\u00e9, et en plusieurs versements, avant le d\u00e9part du participant :<\/p>\n\n\n\n<ul class=\"puce-couleur\"><li>les frais d\u2019inscription (75 \u20ac) sont \u00e0 r\u00e9gler lors de l\u2019envoi du dossier, <br><\/li><li>le 1er versement de 1 500 \u20ac apr\u00e8s l\u2019acceptation, le solde 45 jours avant le d\u00e9part.<br><\/li><\/ul>\n\n\n\n<p>Si l\u2019int\u00e9gralit\u00e9 des sommes dues n\u2019est pas pay\u00e9e avant le d\u00e9part, la candidature est annul\u00e9.<\/p>\n\n\n\n<p>Tout s\u00e9jour entam\u00e9 est d\u00fb dans son int\u00e9gralit\u00e9.<\/p>\n\n\n\n<p>En fonction des formules et des \u00e9coles choisies, un r\u00e8glement interm\u00e9diaire peut \u00eatre envisag\u00e9 (voir \u201cContrat de vente\u201d).<br><\/p>\n\n\n\n<h3 class=\"wp-block-heading\">REFUS \/ D\u00c9SISTEMENT<\/h3>\n\n\n\n<p>En cas de refus d\u2019une candidature par Calvin-Thomas (apr\u00e8s r\u00e9ception du dossier ou suite \u00e0 la s\u00e9lection), Calvin-Thomas rembourse les 75 \u20ac de frais d\u2019inscription.<\/p>\n\n\n\n<p>En cas d\u2019annulation apr\u00e8s que la candidature a \u00e9t\u00e9 accept\u00e9e (y compris \u00e0 titre provisoire), des retenues financi\u00e8res (correspondant aux frais de d\u00e9sistement) seront appliqu\u00e9s par Calvin-Thomas (voir ci-dessous) ; il se peut \u00e9galement que des retenues compl\u00e9mentaires \u201cScolarit\u00e9\u201d soient appliqu\u00e9es en fonction de la formule et de l\u2019\u00e9cole choisies.<\/p>\n\n\n\n<p><strong>Montant des retenues financi\u00e8res pr\u00e9lev\u00e9es par Calvin-Thomas :<\/strong><\/p>\n\n\n\n<ul class=\"puce-couleur\"><li>dans le cadre des s\u00e9jours 4 SEMAINES, TRIMESTRE SCOLAIRE et HOMESCHOOL  : 1 500 \u20ac ;<br><\/li><li>dans le cadre des s\u00e9jours SEMESTRE SCOLAIRE : la somme de 2 000 \u20ac ;<br><\/li><li>dans le cadre des s\u00e9jours ANN\u00c9E SCOLAIRE : la somme de 2 500 \u20ac.<br><\/li><\/ul>\n\n\n\n<p><strong>Montant des retenues compl\u00e9mentaires \u201dScolarit\u00e9\u201d susceptibles d\u2019\u00eatre appliqu\u00e9es en fonction de la formule et de l\u2019\u00e9cole choisies<\/strong> <strong>:<br><\/strong> se reporter au chapitre 23.6 des \u201cConditions particuli\u00e8res \u00e0 la formule et au(x) s\u00e9jour(s)\u201d.<\/p>\n\n\n\n<p>En cas d\u2019annulation \u00e0 moins de 16 jours de la date de d\u00e9part du s\u00e9jour (date notifi\u00e9e dans les courriers d\u00e9parts), une retenue forfaitaire de 35% sera effectu\u00e9e sur le prix du programme.<\/p>\n\n\n\n<p>En cas de non pr\u00e9sentation \u00e0 l\u2019a\u00e9roport le jour du d\u00e9part sans accord pr\u00e9alable avec Calvin-Thomas et si le d\u00e9part ne peut pas \u00eatre r\u00e9organis\u00e9 dans les jours qui suivent (aux frais du participant), ce dernier ne pourra pr\u00e9tendre qu&#8217;au remboursement des sommes que Calvin-Thomas sera en mesure de r\u00e9cup\u00e9rer de ses prestataires ou correspondants (assurances, billets d&#8217;avion, redevances, etc.)<\/p>\n\n\n\n<p>Le non respect des dates de paiement par le candidat sera assimil\u00e9 \u00e0 une annulation de sa part (d\u00e9sistement).<br><\/p>\n\n\n\n<h3 class=\"wp-block-heading\">FORMALIT\u00c9S &#8211; VISA<\/h3>\n\n\n\n<p>Les ressortissants fran\u00e7ais doivent se munir d\u2019un passeport valide (date d\u2019expiration minimum : six mois apr\u00e8s la date de retour) et se conformer aux exigences des autorit\u00e9s comp\u00e9tentes (notamment quant \u00e0 la n\u00e9cessit\u00e9 ou non d\u2019un visa ).<\/p>\n\n\n\n<p>Les ressortissants \u00e9trangers doivent se renseigner aupr\u00e8s des consulats respectifs quant aux formalit\u00e9s \u00e0 accomplir.<\/p>\n\n\n\n<p>Les frais de visa sont \u00e0 la charge du participant et ne sont pas inclus dans le montant du s\u00e9jour.<br><\/p>\n\n\n\n<h3 class=\"wp-block-heading\">ARGENT DE POCHE<\/h3>\n\n\n\n<p>CTO conseille aux participants de pr\u00e9voir, \u00e0 titre d\u2019argent de poche, une somme d\u2019environ 250\/400 \u20ac par mois.<br><\/p>\n<\/div>\n\n\n\n<div class=\"wp-block-column is-layout-flow wp-block-column-is-layout-flow\">\n<h3 class=\"wp-block-heading\">DATES DE D\u00c9PART \/ DUR\u00c9E<\/h3>\n\n\n\n<p>Parce que la date de d\u00e9part est li\u00e9e au placement dans une famille et dans une \u00e9cole du pays d\u2019accueil, il peut arriver, exceptionnellement, que cette date ne puisse \u00eatre d\u00e9termin\u00e9e avant concr\u00e9tisation desdits placements. L\u2019organisme du pays d\u2019accueil met tout en \u0153uvre pour r\u00e9aliser les placements, et pour que le d\u00e9part du candidat se fasse \u00e0 la p\u00e9riode pr\u00e9vue.<\/p>\n\n\n\n<p>La dur\u00e9e d\u2019un s\u00e9jour ne peut, en raison des obligations administratives et des conditions d\u2019inscription, \u00eatre d\u00e9termin\u00e9e avec pr\u00e9cision \u00e0 la signature du contrat.<\/p>\n\n\n\n<p>La dur\u00e9e moyenne d\u2019un s\u00e9jour TRIMESTRE est de 10 \u00e0 12 semaines (il ne peut en aucun cas d\u00e9passer 90 jours (3 mois).<\/p>\n\n\n\n<p>La dur\u00e9e moyenne d\u2019un s\u00e9jour SEMESTRE est d\u2019un semestre scolaire (4 \u00e0 5 mois).<\/p>\n\n\n\n<p>La dur\u00e9e moyenne d\u2019un s\u00e9jour ANN\u00c9E SCOLAIRE est d\u2019une ann\u00e9e scolaire (9 \u00e0 10 mois).<\/p>\n\n\n\n<h3 class=\"wp-block-heading\">ANNULATION DU S\u00c9JOUR PAR CTO<\/h3>\n\n\n\n<p>Si, pour une raison exceptionnelle, CTO \u00e9tait dans l\u2019obligation d\u2019annuler un s\u00e9jour, les sommes vers\u00e9es seraient int\u00e9gralement rembours\u00e9es. Le participant serait pr\u00e9venu d\u2019une telle annulation au plus tard 6 jours avant la date de d\u00e9part programm\u00e9e. En cas d\u2019annulation, les participants concern\u00e9s seraient prioritaires pour s\u2019inscrire \u00e0 un autre s\u00e9jour CTO.<\/p>\n\n\n\n<h3 class=\"wp-block-heading\">ASSURANCE (OFFERTE) : m\u00e9dicale, chirurgicale, dentaire, assistance, responsabilit\u00e9 civile, protection juridique, perte et d\u00e9t\u00e9rioration des bagages<\/h3>\n\n\n\n<p>Une assurance m\u00e9dicale est offerte au participant. Le r\u00e9sum\u00e9 des couvertures est annex\u00e9 aux pi\u00e8ces du dossier d\u2019inscription. Les clauses d\u00e9taill\u00e9es sont communiqu\u00e9es sur simple demande.<\/p>\n\n\n\n<h3 class=\"wp-block-heading\">RETENUES FINANCI\u00c8RES R\u00c9DUITES (FACULTATIVE)<\/h3>\n\n\n\n<p>Le candidat a la possibilit\u00e9 de r\u00e9duire le montant des p\u00e9nalit\u00e9s financi\u00e8res en cas de d\u00e9sistement de sa part. Cette option propos\u00e9e par Calvin-Thomas permet de ramener les p\u00e9nalit\u00e9s de d\u00e9sistement pr\u00e9vu \u00e0 l\u2019article 16.7 \u00e0 un montant forfaitaire et unique de 300 \u20ac, et ce quelque soit la dur\u00e9e du s\u00e9jour. Il ne s\u2019agit pas d\u2019une assurance mais d\u2019une option sur le niveau des p\u00e9nalit\u00e9s applicables. <\/p>\n\n\n\n<p>Les modalit\u00e9s et conditions d\u2019\u00e9ligibilit\u00e9s sont les suivantes :<\/p>\n\n\n\n<ul><li>le co\u00fbt de cette option doit \u00eatre vers\u00e9e au moment de l\u2019acceptation au programme. Le montant de cette garantie s\u2019\u00e9l\u00e8ve \u00e0 195 \u20ac ;<\/li><li>si le participant est hospitalis\u00e9 le jour du d\u00e9part, Calvin-Thomas remboursera sur pr\u00e9sentation du bulletin d\u2019hospitalisation du participant, l\u2019int\u00e9gralit\u00e9 des sommes vers\u00e9es sur le prix du programme choisi (voir article 23.7) moins la retenue forfaitaire de 300 \u20ac ;<\/li><li>si le participant \u00e9choue aux \u00e9preuves du Baccalaur\u00e9at l\u2019ann\u00e9e de son d\u00e9part, Calvin-Thomas remboursera sur pr\u00e9sentation de l\u2019avis d\u2019\u00e9chec au Bac, l\u2019int\u00e9gralit\u00e9 des sommes vers\u00e9es sur le prix du programme choisi (voir article 23.7) moins la retenue forfaitaire de 300 \u20ac ;<br><\/li><li>cette option ne peut en aucun cas \u00eatre scind\u00e9e en deux parties distinctes.<br><\/li><\/ul>\n\n\n\n<p>Le participant dispose de 14 jours apr\u00e8s la signature du bulletin de souscription pour se r\u00e9tracter.<br><\/p>\n\n\n\n<h3 class=\"wp-block-heading\">ASSURANCE ANNULATION (FACULTATIVE)<\/h3>\n\n\n\n<p>Calvin-Thomas vous offre la possibilit\u00e9 de souscrire une assurance annulation compl\u00e8te. Cette assurance vous est propos\u00e9e par nos partenaires. Elle peut \u00eatre souscrite directement sur notre site. Pour en conna\u00eetre les modalit\u00e9s, le tableau des garanties et le montant des primes, nous vous invitons \u00e0 vous rendre sur notre page service de notre site : <a href=\"https:\/\/www.calvin-thomas.com\/services\/\">https:\/\/www.calvin-thomas.com\/services\/<\/a><\/p>\n\n\n\n<p>Vous aurez la possibilit\u00e9 de consulter les Conditions G\u00e9n\u00e9rales de l\u2019assurance et de souscrire \u00e0 l\u2019assurance annulation en ligne pour le s\u00e9jour de votre enfant.<\/p>\n\n\n\n<h3 class=\"wp-block-heading\">GARANT \/ ASSURANCE RESPONSABILIT\u00c9 CIVILE<\/h3>\n\n\n\n<p>GARANT : ATRADIUS CREDIT INSURANCE &#8211; NV 44 avenue Georges Pompidou &#8211; 92596 LEVALLOIS PERRET CEDEX.<\/p>\n\n\n\n<p>En tant qu\u2019organisateur de s\u00e9jours linguistiques, CTO a souscrit une assurance \u201cResponsabilit\u00e9 Civile Professionnelle\u201d aupr\u00e8s de : GENERALI &#8211; 7 boulevard Haussmann &#8211; 75009 PARIS, enregistr\u00e9e sous le num\u00e9ro AN 301931.<\/p>\n\n\n\n<h3 class=\"wp-block-heading\">CHARTE DU PARTICIPANT<\/h3>\n\n\n\n<p>Lors de l\u2019inscription, il sera demand\u00e9 au candidat, \u00e0 ses parents ou aux personnes exer\u00e7ant l\u2019autorit\u00e9 parentale de prendre connaissance, de signer et d\u2019adh\u00e9rer au \u201cContrat de vente \/ Bulletin d\u2019inscription\u201d). Ce document \u00e9tablit notamment, dans le d\u00e9tail, les obligations de chacun. En cas de probl\u00e8me, CTO s\u2019efforcera, par l\u2019interm\u00e9diaire de son partenaire, de rechercher et de proposer des solutions appropri\u00e9es pour surmonter les difficult\u00e9s rencontr\u00e9es. En cas de manquement grave de la part du participant \u00e0 l\u2019une des clauses de la charte, CTO et son partenaire \u00e0 l\u2019\u00e9tranger se r\u00e9serveront le droit de proc\u00e9der au renvoi imm\u00e9diat dudit participant, aux frais de ce dernier ou de sa famille. Dans tous les cas d\u2019interruption de s\u00e9jour et de retour anticip\u00e9, du fait de CTO, du participant ou de sa famille, la participation financi\u00e8re restera due dans son int\u00e9gralit\u00e9. Le participant ne pourra pr\u00e9tendre \u00e0 aucun remboursement.<br><\/p>\n\n\n\n<h3 class=\"wp-block-heading\">R\u00c9SERVE<br><\/h3>\n\n\n\n<p>La brochure et le site internet de CTO constituent l\u2019information pr\u00e9alable. En cas de n\u00e9cessit\u00e9 imp\u00e9rieuse et totalement ind\u00e9pendante de sa volont\u00e9, CTO se r\u00e9serve le droit de modifier certaines clauses, en accord avec les participants.<br><\/p>\n\n\n\n<p><strong><\/strong>Certains \u00e9l\u00e9ments de la brochure, du fait de leur nature ne peuvent \u00eatre consid\u00e9r\u00e9s comme contractuels.<br><\/p>\n\n\n\n<h3 class=\"wp-block-heading\">R\u00c9CLAMATION (voir dossier d&#8217;inscription &#8211; contrat de vente)<br><\/h3>\n\n\n\n<p>Apr\u00e8s avoir saisi le service \u201cQualit\u00e9\u201d de CTO et \u00e0 d\u00e9faut de r\u00e9ponse satisfaisante dans un d\u00e9lai de trois mois, les contractants peuvent, en application de l\u2019ordonnance n\u00b02015-1033 du 20 ao\u00fbt 2015, s\u2019adresser, s\u2019ils le souhaitent, \u00e0 la commission paritaire de conciliation de \u201cL\u2019Office national de garantie des s\u00e9jours linguistiques et \u00e9ducatifs\u201d (dont les modalit\u00e9s de saisine sont disponibles sur son site : www.loffice.org), ou, s\u2019ils le pr\u00e9f\u00e8rent, saisir le \u201cM\u00e9diateur du tourisme et du voyage\u201d, dont les modalit\u00e9s de saisine sont disponibles sur son site : www.mtv.travel.<\/p>\n\n\n\n<h3 class=\"wp-block-heading\">INFORMATION DES DONN\u00c9ES NOMINATIVES ET PERSONNELLES<\/h3>\n\n\n\n<p>Les informations nominatives d&#8217;ordre non m\u00e9dical enregistr\u00e9es dans le cadre de votre inscription \u00e0 l&#8217;un de nos s\u00e9jours feront l&#8217;objet de traitements informatis\u00e9s exploit\u00e9s par Calvin-Thomas. Sauf opposition expresse de votre part, les informations telles que courriel et\/ou adresse postale pourront \u00eatre mises \u00e9ventuellement \u00e0 la disposition de certains de nos partenaires.<\/p>\n\n\n\n<p>Vous disposez dans les conditions pr\u00e9vues par la loi \u201cInformatique, fichiers et libert\u00e9s\u201d du 6 janvier 1978 et d&#8217;un droit d&#8217;acc\u00e8s, de communication et de rectification des donn\u00e9es vous concernant en vous adressant par courrier \u00e0 : CALVIN-THOMAS &#8211; 36, rue des Cordeliers &#8211; 13100 Aix-en-Provence &#8211; T\u00e9l : 04 42 91 31 01 ou par email \u00e0 l\u2019adresse suivante : gestiondesdonnees(at)calvin-thomas.com<\/p>\n\n\n\n<p>Conform\u00e9ment \u00e0 la loi du 6 janvier 1978, notre site a \u00e9t\u00e9 d\u00e9clar\u00e9 \u00e0 la CNIL sous le num\u00e9ro de d\u00e9claration 21231277.<\/p>\n<\/div>\n<\/div>\n","protected":false},"excerpt":{"rendered":"<p style=\"text-align:center\" class=\"content-centrer\">L\u2019ensemble des \u201cConditions g\u00e9n\u00e9rales de vente\u201d fait l\u2019objet d\u2019un contrat sign\u00e9 par Calvin-Thomas, le participant et ses parents.<br \/>Ce contrat \u201cCharte du participant HIGH SCHOOL \/ Contrat de vente \/ Bulletin d\u2019inscription\u201c est fourni avec le dossier d\u2019inscription ou sur demande (aupr\u00e8s de Calvin-Thomas Organisation).<\/p>\n<p style=\"text-align:center\" class=\"content-centrer\"> <strong>IMPORTANT :<\/strong> les conditions particuli\u00e8res \u00e0 chaque formule (notamment \u201cClauses de d\u00e9sistement\u201d) sont d\u00e9taill\u00e9es sur la \u201cCharte du participant HIGH SCHOOL\u201d (communiqu\u00e9e sur demande aupr\u00e8s de Calvin-Thomas).<\/p>\n<p> <a class=\"btn couleur large\" href=\"https:\/\/www.calvin-thomas.com\/highschool\/conditions-generales-vente\/\">EN SAVOIR PLUS <\/a><\/p>\n","protected":false},"author":1,"featured_media":0,"parent":0,"menu_order":0,"comment_status":"closed","ping_status":"closed","template":"page-simple.php","meta":{"_uag_custom_page_level_css":"","wp_popup_display_lightbox":0,"wp_popup_suppress":"","wp_popup_trigger":"","wp_popup_trigger_amount":0,"wp_popup_disable_on_mobile":false,"footnotes":""},"uagb_featured_image_src":{"full":false,"thumbnail":false,"medium":false,"medium_large":false,"large":false,"1536x1536":false,"2048x2048":false,"gform-image-choice-sm":false,"gform-image-choice-md":false,"gform-image-choice-lg":false},"uagb_author_info":{"display_name":"redac-calvinthomas","author_link":"https:\/\/www.calvin-thomas.com\/highschool\/author\/redac-calvinthomas\/"},"uagb_comment_info":0,"uagb_excerpt":"L\u2019ensemble des \u201cConditions g\u00e9n\u00e9rales de vente\u201d fait l\u2019objet d\u2019un contrat sign\u00e9 par Calvin-Thomas, le participant et ses parents.Ce contrat \u201cCharte du participant HIGH SCHOOL \/ Contrat de vente \/ Bulletin d\u2019inscription\u201c est fourni avec le dossier d\u2019inscription ou sur demande (aupr\u00e8s de Calvin-Thomas Organisation). IMPORTANT : les conditions particuli\u00e8res \u00e0 chaque formule (notamment \u201cClauses de\u2026","_links":{"self":[{"href":"https:\/\/www.calvin-thomas.com\/highschool\/wp-json\/wp\/v2\/pages\/171"}],"collection":[{"href":"https:\/\/www.calvin-thomas.com\/highschool\/wp-json\/wp\/v2\/pages"}],"about":[{"href":"https:\/\/www.calvin-thomas.com\/highschool\/wp-json\/wp\/v2\/types\/page"}],"author":[{"embeddable":true,"href":"https:\/\/www.calvin-thomas.com\/highschool\/wp-json\/wp\/v2\/users\/1"}],"replies":[{"embeddable":true,"href":"https:\/\/www.calvin-thomas.com\/highschool\/wp-json\/wp\/v2\/comments?post=171"}],"version-history":[{"count":0,"href":"https:\/\/www.calvin-thomas.com\/highschool\/wp-json\/wp\/v2\/pages\/171\/revisions"}],"wp:attachment":[{"href":"https:\/\/www.calvin-thomas.com\/highschool\/wp-json\/wp\/v2\/media?parent=171"}],"curies":[{"name":"wp","href":"https:\/\/api.w.org\/{rel}","templated":true}]}}