{"id":175,"date":"2018-12-04T17:34:22","date_gmt":"2018-12-04T16:34:22","guid":{"rendered":"https:\/\/www.calvin-thomas.com\/highschool\/?page_id=175"},"modified":"2024-03-12T13:57:43","modified_gmt":"2024-03-12T12:57:43","slug":"le-budget-dun-sejour-highschool","status":"publish","type":"page","link":"https:\/\/www.calvin-thomas.com\/highschool\/informations-pratiques\/le-budget-dun-sejour-highschool\/","title":{"rendered":"Le budget d&#8217;un s\u00e9jour Highschool"},"content":{"rendered":"\n<div style=\"height:50px\" aria-hidden=\"true\" class=\"wp-block-spacer\"><\/div>\n\n\n\n<div class=\"wp-block-columns has-2-columns column-centre is-layout-flex wp-container-core-columns-is-layout-1 wp-block-columns-is-layout-flex\">\n<div class=\"wp-block-column is-layout-flow wp-block-column-is-layout-flow\">\n<h2 class=\"wp-block-heading\">Quel budget pr\u00e9voir pour partir \u00e9tudier en lyc\u00e9e \u00e0 l&#8217;\u00e9tranger ?<br><\/h2>\n\n\n\n<p>Co\u00fbt du s\u00e9jour Calvin-Thomas, frais annexes (visa, cantine, sorties, uniforme, etc.), : voici quelques indications sur le budget \u00e0 pr\u00e9voir en globalit\u00e9 pour un s\u00e9jour Highschool.<br><\/p>\n<\/div>\n\n\n\n<div class=\"wp-block-column is-layout-flow wp-block-column-is-layout-flow\">\n<ul class=\"liste-menu\"><li><a href=\"#section1\">Un s\u00e9jour High School, combien \u00e7a co\u00fbte&nbsp;?<\/a><\/li><li><a href=\"#section2\">Quelles d\u00e9penses pr\u00e9voir sur place&nbsp;?<\/a><\/li><li><a href=\"#section3\">Comment financer son s\u00e9jour High School&nbsp;?<\/a><\/li><\/ul>\n<\/div>\n<\/div>\n\n\n\n<div style=\"height:50px\" aria-hidden=\"true\" class=\"wp-block-spacer\"><\/div>\n\n\n<section class=\"section-beige\"><\/p>\n\n\n\n<div class=\"wp-block-columns has-2-columns column-centre centrer-hauteur is-layout-flex wp-container-core-columns-is-layout-2 wp-block-columns-is-layout-flex\">\n<div class=\"wp-block-column is-layout-flow wp-block-column-is-layout-flow\">\n<p class=\"sub-title\"><strong>CO\u00dbT DU VOYAGE<\/strong><\/p>\n\n\n\n<h3 class=\"wp-block-heading\" id=\"section1\">Un s\u00e9jour High School, combien \u00e7a co\u00fbte ?<br><\/h3>\n\n\n\n<p><strong>Comment expliquer le co\u00fbt du s\u00e9jour ? La mise en place de tels programmes \u00e0 l\u2019\u00e9tranger requiert des moyens structurels et humains importants qui expliquent en partie les sommes engag\u00e9es. Une partie des frais est \u00e9galement consacr\u00e9e \u00e0 des frais fixes tels que les transports a\u00e9riens, les assurances, etc.<\/strong><\/p>\n<\/div>\n\n\n\n<div class=\"wp-block-column is-layout-flow wp-block-column-is-layout-flow\">\n<p><\/p>\n<\/div>\n<\/div>\n\n\n\n<div class=\"wp-block-columns has-2-columns column-centre is-layout-flex wp-container-core-columns-is-layout-3 wp-block-columns-is-layout-flex\">\n<div class=\"wp-block-column is-layout-flow wp-block-column-is-layout-flow\">\n<h4 class=\"wp-block-heading\" id=\"mce_125\">La r\u00e9partition des co\u00fbts des s\u00e9jours<\/h4>\n\n\n\n<p>Le <strong>co\u00fbt moyen<\/strong> d\u2019un s\u00e9jour en \u00e9cole publique est de <strong>6&nbsp;200&nbsp;\u20ac pour un trimestre<\/strong>. Il s&#8217;\u00e9l\u00e8ve \u00e0 <strong>9&nbsp;300&nbsp;\u20ac pour une dur\u00e9e d&#8217;un semestre<\/strong>, et \u00e0 <strong>11&nbsp;550&nbsp;\u20ac pour une ann\u00e9e scolaire<\/strong>.<\/p>\n\n\n\n<p>Les frais se r\u00e9partissent comme suit :<\/p>\n\n\n\n<figure class=\"wp-block-image\"><img decoding=\"async\" src=\"https:\/\/www.calvin-thomas.com\/highschool\/wp-content\/uploads\/sites\/4\/graph-cout-sejour.png\" alt=\"r\u00e9partition des co\u00fbts des s\u00e9jours scolaires \u00e0 l'\u00e9tranger\" class=\"wp-image-626\"\/><\/figure>\n\n\n\n<p>Pour les formules \u201cChoice +\u201d les \u00e9coles sont payantes. Le co\u00fbt de la scolarit\u00e9 vient donc s\u2019ajouter au co\u00fbt et \u00e0 la r\u00e9partition telle que repr\u00e9sent\u00e9e dans le graphique.<\/p>\n\n\n\n<div style=\"height:50px\" aria-hidden=\"true\" class=\"wp-block-spacer\"><\/div>\n<\/div>\n\n\n\n<div class=\"wp-block-column is-layout-flow wp-block-column-is-layout-flow\">\n<h4 class=\"wp-block-heading\" id=\"mce_101\">La question des transports<\/h4>\n\n\n\n<p>Le <strong>co\u00fbt du transport<\/strong> (aller\/retour entre Paris et le lieu de r\u00e9sidence de la famille d&#8217;accueil \u00e0 l&#8217;\u00e9tranger ou du lyc\u00e9e d&#8217;accueil) est <strong>inclus dans le tarif du s\u00e9jour&nbsp;<\/strong>(except\u00e9&nbsp;les&nbsp;s\u00e9jours&nbsp;Choice +).<\/p>\n\n\n\n<p>Tous les participants se rendent dans leurs pays de destination <strong>par avion<\/strong>. Pour les liaisons internationales, Calvin-Thomas opte pour des <strong>vols r\u00e9guliers des compagnies a\u00e9riennes<\/strong> telles que Air France, American Airlines, Air Canada, Emirates, Delta Airlines, United Airlines, etc.<br><\/p>\n\n\n\n<p>Il est \u00e0 noter que les <strong>s\u00e9jours ne sont pas accompagn\u00e9s.<\/strong><br><\/p>\n\n\n\n<div style=\"height:50px\" aria-hidden=\"true\" class=\"wp-block-spacer\"><\/div>\n\n\n\n<figure class=\"wp-block-image\"><img decoding=\"async\" src=\"https:\/\/www.calvin-thomas.com\/highschool\/wp-content\/uploads\/sites\/4\/voyage.jpg\" alt=\"frais de voyage &amp;budget pour son s\u00e9jour d'\u00e9tude \u00e0 l'\u00e9tranger\" class=\"wp-image-690\"\/><\/figure>\n<\/div>\n<\/div>\n\n\n<p><\/section>\n\n\n<section class=\"section-bleuclair\"><\/p>\n\n\n\n<div class=\"wp-block-columns has-2-columns column-centre is-layout-flex wp-container-core-columns-is-layout-4 wp-block-columns-is-layout-flex\">\n<div class=\"wp-block-column is-layout-flow wp-block-column-is-layout-flow\">\n<p class=\"sub-title\"><strong>D\u00c9PENSES ANNEXES<\/strong><\/p>\n\n\n\n<h3 class=\"wp-block-heading\" id=\"section2\">Quelles d\u00e9penses pr\u00e9voir sur place&nbsp;?<br><\/h3>\n\n\n\n<p><strong>Uniforme, cantine, transports scolaires, sorties, etc. Quel budget faut-il pr\u00e9voir pour les extras ?<\/strong><\/p>\n\n\n\n<div style=\"height:20px\" aria-hidden=\"true\" class=\"wp-block-spacer\"><\/div>\n\n\n\n<p><strong><\/strong><\/p>\n<\/div>\n\n\n\n<div class=\"wp-block-column is-layout-flow wp-block-column-is-layout-flow\"><\/div>\n<\/div>\n\n\n\n<div class=\"wp-block-columns has-2-columns column-centre is-layout-flex wp-container-core-columns-is-layout-5 wp-block-columns-is-layout-flex\">\n<div class=\"wp-block-column is-layout-flow wp-block-column-is-layout-flow\">\n<h4 class=\"content-centrer wp-block-heading\">L&#8217;UNIFORME<\/h4>\n\n\n\n<p class=\"content-centrer\">La plupart des pays anglophones requi\u00e8rent <strong>le port de l\u2019uniforme \u00e0 l\u2019\u00e9cole<\/strong>. Si ce dernier est quasiment automatique <strong>en Australie<\/strong>, <strong>en Afrique du Sud<\/strong>, <strong>au Royaume-Uni<\/strong> et <strong>en Nouvelle-Z\u00e9lande<\/strong>, il est en revanche plus rare (mais possible) au Canada et aux USA.<\/p>\n\n\n\n<p class=\"content-centrer\">Chaque \u00e9tudiant est <strong>responsable de son uniforme<\/strong>.<\/p>\n\n\n\n<p class=\"content-centrer\"><strong>L\u2019achat<\/strong> se fait id\u00e9alement de <strong>seconde main<\/strong>. Certains \u00e9tudiants se voient aussi <strong>pr\u00eater leur uniforme<\/strong> lorsque cela est possible. Le co\u00fbt varie d\u2019un \u00e9tudiant \u00e0 l\u2019autre. Le <strong>budget moyen<\/strong> \u00e0 pr\u00e9voir est de <strong>300 \u20ac<\/strong>. Il est souvent possible de <strong>revendre votre uniforme<\/strong>, et ainsi r\u00e9cup\u00e9rer une partie de son co\u00fbt \u00e0 la fin de votre s\u00e9jour.<\/p>\n\n\n\n<div style=\"height:50px\" aria-hidden=\"true\" class=\"wp-block-spacer\"><\/div>\n\n\n\n<h4 class=\"content-centrer wp-block-heading\">LUNCH BOX OU CANTINE<\/h4>\n\n\n\n<p class=\"content-centrer\">La plupart des \u00e9tudiants anglo-saxons emm\u00e8nent <strong>une \u201clunch box\u201d \u00e0 l\u2019\u00e9cole<\/strong>. Cette derni\u00e8re se pr\u00e9pare \u00e0 la maison. Il est aussi possible de se restaurer au lyc\u00e9e. Le repas est, dans ce cas, \u00e0 la charge de l\u2019\u00e9tudiant (soit un co\u00fbt moyen d\u2019un repas \u00e0 l\u2019\u00e9cole de 5\u20ac).<\/p>\n\n\n\n<div style=\"height:50px\" aria-hidden=\"true\" class=\"wp-block-spacer\"><\/div>\n<\/div>\n\n\n\n<div class=\"wp-block-column is-layout-flow wp-block-column-is-layout-flow\">\n<figure class=\"wp-block-image\"><img decoding=\"async\" src=\"https:\/\/www.calvin-thomas.com\/highschool\/wp-content\/uploads\/sites\/4\/uniforme-lunchbox.jpg\" alt=\"frais de scolarit\u00e9, budget pour l'uniforme ou la lunchbox\" class=\"wp-image-863\"\/><\/figure>\n<\/div>\n<\/div>\n\n\n\n<div class=\"wp-block-columns has-2-columns column-centre centrer-hauteur is-layout-flex wp-container-core-columns-is-layout-6 wp-block-columns-is-layout-flex\">\n<div class=\"wp-block-column is-layout-flow wp-block-column-is-layout-flow\">\n<figure class=\"wp-block-image\"><img decoding=\"async\" src=\"https:\/\/www.calvin-thomas.com\/highschool\/wp-content\/uploads\/sites\/4\/transports-scolaires.jpg\" alt=\"les transports scolaires anglo-saxons et leur co\u00fbt\" class=\"wp-image-866\"\/><\/figure>\n<\/div>\n\n\n\n<div class=\"wp-block-column is-layout-flow wp-block-column-is-layout-flow\">\n<h4 class=\"wp-block-heading\">LES TRANSPORTS SCOLAIRES<br><\/h4>\n\n\n\n<p>De nombreux d\u2019\u00e9tablissements scolaires anglo-saxons mettent en place <strong>leur propre syst\u00e8me de ramassage scolaire<\/strong> (fameux bus jaunes aux USA par exemple). Dans ce cas, les<strong> frais de transport<\/strong> sont <strong>g\u00e9n\u00e9ralement inclus<\/strong> dans les frais de scolarit\u00e9.<br> Il arrive parfois que les familles d\u2019accueil aident les enfants \u00e0 se rendre au lyc\u00e9e alors que d\u2019autres ont la chance de pouvoir s\u2019y rendre \u00e0 pied ou \u00e0 v\u00e9lo.<\/p>\n\n\n\n<p>Certains participants sont parfois d\u00e9pendant du <strong>r\u00e9seau de transports urbains local<\/strong> et doivent alors <strong>financer un abonnement.<\/strong><\/p>\n\n\n\n<div style=\"height:50px\" aria-hidden=\"true\" class=\"wp-block-spacer\"><\/div>\n<\/div>\n<\/div>\n\n\n\n<div class=\"wp-block-columns has-2-columns column-centre is-layout-flex wp-container-core-columns-is-layout-7 wp-block-columns-is-layout-flex\">\n<div class=\"wp-block-column is-layout-flow wp-block-column-is-layout-flow\">\n<h4 class=\"content-centrer wp-block-heading\">L&#8217;ARGENT DE POCHE<\/h4>\n\n\n\n<p class=\"content-centrer\">Dans le cadre de nos formules, votre enfant est accueilli (nourri, blanchi et log\u00e9) par une famille d\u2019accueil. Cependant, nous conseillons de pr\u00e9voir un <strong>petit budget pour les \u00e9ventuelles sorties et achats sur place.<\/strong><\/p>\n\n\n\n<p class=\"content-centrer\">Ce budget varie d\u2019un enfant \u00e0 l\u2019autre (en fonction de ses besoins et de ses habitudes) mais aussi de la destination voire du programme souhait\u00e9.<\/p>\n\n\n\n<div style=\"height:50px\" aria-hidden=\"true\" class=\"wp-block-spacer\"><\/div>\n<\/div>\n\n\n\n<div class=\"wp-block-column is-layout-flow wp-block-column-is-layout-flow\">\n<p><\/p>\n<\/div>\n<\/div>\n\n\n\n<div style=\"height:50px\" aria-hidden=\"true\" class=\"wp-block-spacer\"><\/div>\n\n\n<p><\/section>\n\n\n<section class=\"section-gris\"><\/p>\n\n\n\n<div class=\"wp-block-columns has-2-columns column-centre centrer-hauteur is-layout-flex wp-container-core-columns-is-layout-8 wp-block-columns-is-layout-flex\">\n<div class=\"wp-block-column is-layout-flow wp-block-column-is-layout-flow\"><\/div>\n\n\n\n<div class=\"wp-block-column is-layout-flow wp-block-column-is-layout-flow\">\n<p class=\"sub-title\"><strong>AIDES FINANCI\u00c8RES<\/strong><\/p>\n\n\n\n<h3 class=\"wp-block-heading\" id=\"section3\">Comment financer son s\u00e9jour High School ?<br><\/h3>\n\n\n\n<p><strong>Calvin-Thomas vous propose ici quelques pistes d&#8217;aide au financement de votre s\u00e9jour, elles viendront s&#8217;ajouter \u00e0 votre effort personnel et aux aides de votre famille (grands parents, parrain, etc.). Votre projet est un investissement pour l&#8217;avenir : votre avenir. <\/strong> <br><\/p>\n\n\n\n<p><strong><\/strong><\/p>\n<\/div>\n<\/div>\n\n\n\n<div style=\"height:20px\" aria-hidden=\"true\" class=\"wp-block-spacer\"><\/div>\n\n\n\n<div class=\"wp-block-columns has-2-columns content-centrer is-layout-flex wp-container-core-columns-is-layout-9 wp-block-columns-is-layout-flex\">\n<div class=\"wp-block-column is-layout-flow wp-block-column-is-layout-flow\">\n<figure class=\"wp-block-image\"><img decoding=\"async\" src=\"https:\/\/www.calvin-thomas.com\/highschool\/wp-content\/uploads\/sites\/4\/aides-financieres.jpg\" alt=\"aides financi\u00e8res pour \u00e9tudier \u00e0 l'\u00e9tranger\" class=\"wp-image-680\"\/><\/figure>\n\n\n\n<figure class=\"wp-block-image\"><img decoding=\"async\" src=\"https:\/\/www.calvin-thomas.com\/highschool\/wp-content\/uploads\/sites\/4\/financer-sejour-etude.jpg\" alt=\"financer son s\u00e9jour d'\u00e9tude\" class=\"wp-image-707\"\/><\/figure>\n\n\n\n<figure class=\"wp-block-image\"><img loading=\"lazy\" decoding=\"async\" width=\"900\" height=\"500\" src=\"https:\/\/www.calvin-thomas.com\/highschool\/wp-content\/uploads\/\/sites\/4\/aides-financieres-voyage.jpg\" alt=\"Aides financi\u00e8res au voyage d'\u00e9tude \u00e0 l'\u00e9tranger\" class=\"wp-image-414\" srcset=\"https:\/\/www.calvin-thomas.com\/highschool\/wp-content\/uploads\/\/sites\/4\/aides-financieres-voyage.jpg 900w, https:\/\/www.calvin-thomas.com\/highschool\/wp-content\/uploads\/\/sites\/4\/aides-financieres-voyage-300x167.jpg 300w, https:\/\/www.calvin-thomas.com\/highschool\/wp-content\/uploads\/\/sites\/4\/aides-financieres-voyage-768x427.jpg 768w\" sizes=\"(max-width: 900px) 100vw, 900px\" \/><\/figure>\n<\/div>\n\n\n\n<div class=\"wp-block-column is-layout-flow wp-block-column-is-layout-flow\">\n<h4 class=\"wp-block-heading\" style=\"text-align:left\">Les allocations familiales<\/h4>\n\n\n\n<p style=\"text-align:left\">Les familles <strong>continuent \u00e0 toucher les prestations familiales<\/strong> pendant le s\u00e9jour de l&#8217;enfant \u00e0 l&#8217;\u00e9tranger.<\/p>\n\n\n\n<h4 class=\"wp-block-heading\" style=\"text-align:left\">Les r\u00e9ductions d&#8217;imp\u00f4ts<\/h4>\n\n\n\n<p style=\"text-align:left\">Pendant son s\u00e9jour \u00e0 l\u2019\u00e9tranger, le jeune reste scolaris\u00e9 et <strong>reste \u00e0 la charge de ses parents ou tuteurs l\u00e9gaux.<\/strong> Ces derniers b\u00e9n\u00e9ficient de la <strong>r\u00e9duction d&#8217;imp\u00f4ts<\/strong> au titre de la \u201cscolarisation d&#8217;un enfant\u201d.<\/p>\n\n\n\n<h4 class=\"wp-block-heading\" style=\"text-align:left\">Les pr\u00eats bancaires<\/h4>\n\n\n\n<p style=\"text-align:left\">Certaines banques proposent <strong>des pr\u00eats pour ce type de s\u00e9jour<\/strong>. Les participants peuvent se renseigner aupr\u00e8s d\u2019elles.<\/p>\n\n\n\n<h4 class=\"wp-block-heading\" style=\"text-align:left\">Les aides<\/h4>\n\n\n\n<ul class=\"puce-couleur\"><li><strong>Les collectivit\u00e9s et sponsors<br><\/strong>Des collectivit\u00e9s locales (mairie, conseil g\u00e9n\u00e9ral, conseil r\u00e9gional, etc.) ou des sponsors, encouragent la mobilit\u00e9 internationale des jeunes en octroyant des <strong>aides<\/strong>, des <strong>soutiens<\/strong> ou m\u00eame des <strong>bourses individuelles<\/strong>. Les participants engagent eux-m\u00eames ces d\u00e9marches.<\/li><li><strong>L&#8217;association Les Fauvettes<br><\/strong>Les s\u00e9jours High School de Calvin-Thomas sont subventionn\u00e9s sans condition de ressources par l&#8217;<strong>association \u201cLes Fauvettes\u201d<\/strong>. Cette offre est r\u00e9serv\u00e9e \u00e0 <strong>tous les personnels du minist\u00e8re de l&#8217;\u00c9ducation nationale<\/strong>, qu&#8217;ils soient enseignants ou non. <a href=\"https:\/\/www.calvin-thomas.com\/highschool\/informations-pratiques\/point-pratique-et-administratif\/\">Voir les conditions de cette aide<\/a><br>&#8230; et consulter le site : <a rel=\"noopener\" href=\"http:\/\/www.les-fauvettes.fr\" target=\"_blank\">www.les-fauvettes.fr<\/a><\/li><li><strong>Les entreprises<br><\/strong>Calvin-Thomas <strong>accepte les \u201cch\u00e8ques vacances\u201d.<\/strong> Vous pouvez les retirer aupr\u00e8s de votre entreprise ou de votre C.E. Vous pouvez \u00e9galement obtenir une aide sp\u00e9cifique en fonction des CE.<\/li><\/ul>\n<\/div>\n<\/div>\n\n\n<p><\/section>\n\n\n\n<div style=\"height:50px\" aria-hidden=\"true\" class=\"wp-block-spacer\"><\/div>\n","protected":false},"excerpt":{"rendered":"<p>Quel budget pr\u00e9voir pour partir \u00e9tudier en lyc\u00e9e \u00e0 l&#8217;\u00e9tranger ?<\/p>\n<p>Co\u00fbt du s\u00e9jour Calvin-Thomas, frais annexes (visa, cantine, sorties, uniforme, etc.), : voici quelques indications sur le budget \u00e0 pr\u00e9voir en globalit\u00e9 pour un s\u00e9jour Highschool.<\/p>\n<ul class=\"liste-menu\">\n<li><a href=\"#section1\">Un s\u00e9jour High School, combien \u00e7a co\u00fbte&nbsp;?<\/a><\/li>\n<li><a href=\"#section2\">Quelles d\u00e9penses pr\u00e9voir sur place&nbsp;?<\/a><\/li>\n<li><a href=\"#section3\">Comment financer son s\u00e9jour High School&nbsp;?<\/a><\/li>\n<\/ul>\n<p> <a class=\"btn couleur large\" href=\"https:\/\/www.calvin-thomas.com\/highschool\/informations-pratiques\/le-budget-dun-sejour-highschool\/\">EN SAVOIR PLUS <\/a><\/p>\n","protected":false},"author":1,"featured_media":74,"parent":149,"menu_order":0,"comment_status":"closed","ping_status":"closed","template":"","meta":{"_uag_custom_page_level_css":"","wp_popup_display_lightbox":0,"wp_popup_suppress":"","wp_popup_trigger":"","wp_popup_trigger_amount":0,"wp_popup_disable_on_mobile":false,"footnotes":""},"uagb_featured_image_src":{"full":["https:\/\/www.calvin-thomas.com\/highschool\/wp-content\/uploads\/\/sites\/4\/entete-cout.jpg",1200,1200,false],"thumbnail":["https:\/\/www.calvin-thomas.com\/highschool\/wp-content\/uploads\/\/sites\/4\/entete-cout-150x150.jpg",150,150,true],"medium":["https:\/\/www.calvin-thomas.com\/highschool\/wp-content\/uploads\/\/sites\/4\/entete-cout-300x300.jpg",300,300,true],"medium_large":["https:\/\/www.calvin-thomas.com\/highschool\/wp-content\/uploads\/\/sites\/4\/entete-cout-768x768.jpg",640,640,true],"large":["https:\/\/www.calvin-thomas.com\/highschool\/wp-content\/uploads\/\/sites\/4\/entete-cout-1024x1024.jpg",640,640,true],"1536x1536":["https:\/\/www.calvin-thomas.com\/highschool\/wp-content\/uploads\/\/sites\/4\/entete-cout.jpg",1200,1200,false],"2048x2048":["https:\/\/www.calvin-thomas.com\/highschool\/wp-content\/uploads\/\/sites\/4\/entete-cout.jpg",1200,1200,false],"gform-image-choice-sm":["https:\/\/www.calvin-thomas.com\/highschool\/wp-content\/uploads\/\/sites\/4\/entete-cout.jpg",300,300,false],"gform-image-choice-md":["https:\/\/www.calvin-thomas.com\/highschool\/wp-content\/uploads\/\/sites\/4\/entete-cout.jpg",400,400,false],"gform-image-choice-lg":["https:\/\/www.calvin-thomas.com\/highschool\/wp-content\/uploads\/\/sites\/4\/entete-cout.jpg",600,600,false]},"uagb_author_info":{"display_name":"redac-calvinthomas","author_link":"https:\/\/www.calvin-thomas.com\/highschool\/author\/redac-calvinthomas\/"},"uagb_comment_info":0,"uagb_excerpt":"Quel budget pr\u00e9voir pour partir \u00e9tudier en lyc\u00e9e \u00e0 l&#8217;\u00e9tranger ? Co\u00fbt du s\u00e9jour Calvin-Thomas, frais annexes (visa, cantine, sorties, uniforme, etc.), : voici quelques indications sur le budget \u00e0 pr\u00e9voir en globalit\u00e9 pour un s\u00e9jour Highschool. Un s\u00e9jour High School, combien \u00e7a co\u00fbte&nbsp;?Quelles d\u00e9penses pr\u00e9voir sur place&nbsp;?Comment financer son s\u00e9jour High School&nbsp;? EN SAVOIR\u2026","_links":{"self":[{"href":"https:\/\/www.calvin-thomas.com\/highschool\/wp-json\/wp\/v2\/pages\/175"}],"collection":[{"href":"https:\/\/www.calvin-thomas.com\/highschool\/wp-json\/wp\/v2\/pages"}],"about":[{"href":"https:\/\/www.calvin-thomas.com\/highschool\/wp-json\/wp\/v2\/types\/page"}],"author":[{"embeddable":true,"href":"https:\/\/www.calvin-thomas.com\/highschool\/wp-json\/wp\/v2\/users\/1"}],"replies":[{"embeddable":true,"href":"https:\/\/www.calvin-thomas.com\/highschool\/wp-json\/wp\/v2\/comments?post=175"}],"version-history":[{"count":0,"href":"https:\/\/www.calvin-thomas.com\/highschool\/wp-json\/wp\/v2\/pages\/175\/revisions"}],"up":[{"embeddable":true,"href":"https:\/\/www.calvin-thomas.com\/highschool\/wp-json\/wp\/v2\/pages\/149"}],"wp:featuredmedia":[{"embeddable":true,"href":"https:\/\/www.calvin-thomas.com\/highschool\/wp-json\/wp\/v2\/media\/74"}],"wp:attachment":[{"href":"https:\/\/www.calvin-thomas.com\/highschool\/wp-json\/wp\/v2\/media?parent=175"}],"curies":[{"name":"wp","href":"https:\/\/api.w.org\/{rel}","templated":true}]}}