{"id":181,"date":"2018-12-04T18:07:33","date_gmt":"2018-12-04T17:07:33","guid":{"rendered":"https:\/\/www.calvin-thomas.com\/highschool\/?page_id=181"},"modified":"2025-12-11T10:44:08","modified_gmt":"2025-12-11T09:44:08","slug":"choisir-ses-etudes-a-letranger","status":"publish","type":"page","link":"https:\/\/www.calvin-thomas.com\/highschool\/choisir-son-sejour\/choisir-ses-etudes-a-letranger\/","title":{"rendered":"4 formules, laquelle choisir ?"},"content":{"rendered":"\n<div style=\"height:50px\" aria-hidden=\"true\" class=\"wp-block-spacer\"><\/div>\n\n\n\n<div class=\"wp-block-columns has-2-columns column-centre is-layout-flex wp-container-core-columns-is-layout-1 wp-block-columns-is-layout-flex\">\n<div class=\"wp-block-column is-layout-flow wp-block-column-is-layout-flow\">\n<h2 class=\"wp-block-heading\">4 formules d&#8217;\u00e9tudes \u00e0 l&#8217;\u00e9tranger possibles.<br><\/h2>\n\n\n\n<p>Dans le cadre de nos s\u00e9jours scolaires en pays anglophones, votre enfant peut choisir ses \u00e9tudes \u00e0 l&#8217;\u00e9tranger parmi la formule qui correspond le plus \u00e0 ses attentes et \u00e0 son profil.<\/p>\n<\/div>\n\n\n\n<div class=\"wp-block-column is-layout-flow wp-block-column-is-layout-flow\">\n<ul class=\"liste-menu\">\n<li><a href=\"#formule1\">Formule \u201cClassique\u201d<\/a><\/li>\n\n\n\n<li><a href=\"#formule2\">Formule \u201cChoice +\u201d<\/a><\/li>\n\n\n\n<li><a href=\"#formule3\">Formule \u201c\u00c9cole \u00e0 la maison\u201d<\/a><\/li>\n\n\n\n<li><a href=\"#formule4\">Formule \u201cChoix de la R\u00e9gion ou. de l&#8217;\u00c9tat\u201d<\/a><\/li>\n<\/ul>\n\n\n\n<p><\/p>\n<\/div>\n<\/div>\n\n\n\n<div style=\"height:50px\" aria-hidden=\"true\" class=\"wp-block-spacer\"><\/div>\n\n\n<section class=\"section-bleuclair\"><\/p>\n\n\n\n<div class=\"wp-block-columns has-2-columns column-centre is-layout-flex wp-container-core-columns-is-layout-2 wp-block-columns-is-layout-flex\">\n<div class=\"wp-block-column is-layout-flow wp-block-column-is-layout-flow\">\n<p class=\"sub-title\"><strong>Formule \u201cClassique\u201d<\/strong><\/p>\n\n\n\n<h3 class=\"wp-block-heading\" id=\"formule1\">Partez en immersion totale&#8230;<\/h3>\n\n\n\n<p><strong>Cette formule d&#8217;\u00e9tude \u00e0 l&#8217;\u00e9tranger combine l\u2019accueil en famille et le placement en \u00e9cole publique non payant, ce qui explique le co\u00fbt moindre de cette formule.<\/strong><\/p>\n\n\n\n<p><strong>Ces s\u00e9jours scolaires conviendront aux enfants flexibles en <\/strong><strong>termes d\u2019environnement. Ils privil\u00e9gient \u00e9galement l\u2019aspect linguistique et <\/strong><strong>l\u2019\u00e9change culturel.<\/strong><\/p>\n\n\n\n<h4 class=\"wp-block-heading\">Votre famille d&#8217;accueil&#8230;<br><\/h4>\n\n\n\n<p><strong>Une famille d\u2019accueil re\u00e7oit le jeune sur toute la dur\u00e9e de son exp\u00e9rience.<\/strong> Ce type d\u2019accueil se fait g\u00e9n\u00e9ralement de fa\u00e7on <strong>volontaire<\/strong>, mais dans la plupart des pays, la famille re\u00e7oit une indemnisation pour couvrir une partie des frais engag\u00e9s par l\u2019accueil de longue dur\u00e9e.<\/p>\n\n\n\n<p>L\u2019accueil en famille <strong>favorise en effet le bain culturel et linguistique<\/strong> et permet d\u2019engager une <strong>relation durable<\/strong> avec une famille \u00e0 l\u2019\u00e9tranger et de vivre jour apr\u00e8s jour comme un membre \u00e0 part enti\u00e8re du pays et de la communaut\u00e9. Ce type d\u2019accueil en famille offre de r\u00e9elles garanties en termes de sinc\u00e9rit\u00e9 et de disponibilit\u00e9. Il donne un charme ind\u00e9niable et incomparable au programme \u201cHigh School\u201d en g\u00e9n\u00e9ral.<br><\/p>\n<\/div>\n\n\n\n<div class=\"wp-block-column is-layout-flow wp-block-column-is-layout-flow\">\n<figure class=\"wp-block-image\"><img decoding=\"async\" src=\"https:\/\/www.calvin-thomas.com\/highschool\/wp-content\/uploads\/sites\/4\/sejour-scolaire-etranger.jpg\" alt=\"choisir ses \u00e9tudes \u00e0 l'\u00e9tranger\" class=\"wp-image-480\"\/><\/figure>\n<\/div>\n<\/div>\n\n\n\n<div class=\"wp-block-columns has-2-columns column-centre is-layout-flex wp-container-core-columns-is-layout-3 wp-block-columns-is-layout-flex\">\n<div class=\"wp-block-column is-layout-flow wp-block-column-is-layout-flow\">\n<figure class=\"wp-block-image\"><img decoding=\"async\" src=\"https:\/\/www.calvin-thomas.com\/highschool\/wp-content\/uploads\/sites\/4\/highschool.jpg\" alt=\"Lyc\u00e9e - High-School pour \u00e9tudier \u00e0 l'\u00e9tranger\" class=\"wp-image-476\"\/><\/figure>\n<\/div>\n\n\n\n<div class=\"wp-block-column is-layout-flow wp-block-column-is-layout-flow\">\n<h4 class=\"wp-block-heading\">La formule \u201cClassique\u201d en d\u00e9tails&#8230;<\/h4>\n\n\n\n<p>Dans le cadre de la formule \u201cClassique\u201d, l&#8217;\u00e9tudiant au programme est inscrit dans une <strong>\u201cHigh School\u201d publique non payante<\/strong>. Quelle que soit sa destination, il suit donc une <strong>scolarit\u00e9 classique \u00e0 l\u2019anglo-saxonne.<\/strong><\/p>\n\n\n\n<p>Les variantes nationales sont importantes (p\u00e9dagogie \u00e0 l\u2019am\u00e9ricaine ou p\u00e9dagogie britannique) tout comme les variantes locales (en raison notamment de la grande autonomie des \u00e9tablissements).<\/p>\n\n\n\n<p>Le participant en \u201c\u00c9cole classique\u201d <strong>ne choisit pas sa \u201cHigh School\u201d<\/strong>. Il est inscrit dans un \u00e9tablissement s\u00e9lectionn\u00e9 par le partenaire de Calvin-Thomas dans le pays d\u2019accueil, en fonction de la localisation de la famille d\u2019accueil et de l\u2019accord des \u00e9coles. Il b\u00e9n\u00e9ficie de tous les avantages du r\u00e9seau public et notamment d\u2019un <strong>co\u00fbt de la scolarit\u00e9 totalement pris en charge<\/strong> par la communaut\u00e9 dans le cadre des \u00e9changes avec la France mis en place par Calvin-Thomas.<br><\/p>\n<\/div>\n<\/div>\n\n\n\n<div style=\"height:50px\" aria-hidden=\"true\" class=\"wp-block-spacer\"><\/div>\n\n\n\n<p class=\"has-text-align-center content-centrer\"><strong>\u2022 \u00c9TATS-UNIS \u2022 CANADA \u2022 ROYAUME-UNI \u2022 AUSTRALIE \u2022 AFRIQUE DU SUD \u2022&nbsp;DANEMARK&nbsp;\u2022&nbsp;ITALIE&nbsp;\u2022&nbsp;NORV\u00c8GE<\/strong><\/p>\n\n\n\n<p class=\"has-text-align-center\"><a href=\"https:\/\/www.calvin-thomas.com\/highschool\/formules\/classique\/\" target=\"_parent\" class=\"btn couleur large\" rel=\"noopener\">Voir tous nos s\u00e9jours en formule \u201cClassique\u201d<\/a><\/p>\n\n\n<p><\/section>\n\n\n<section class=\"section-gris\"><\/p>\n\n\n\n<div class=\"wp-block-columns has-2-columns column-centre is-layout-flex wp-container-core-columns-is-layout-4 wp-block-columns-is-layout-flex\">\n<div class=\"wp-block-column is-layout-flow wp-block-column-is-layout-flow\">\n<figure class=\"wp-block-image\"><img decoding=\"async\" src=\"https:\/\/www.calvin-thomas.com\/highschool\/wp-content\/uploads\/sites\/4\/sejours-choix-ecole.jpg\" alt=\"Choisir don \u00e9cole \u00e0 l'\u00e9tranger\" class=\"wp-image-467\"\/><\/figure>\n<\/div>\n\n\n\n<div class=\"wp-block-column is-layout-flow wp-block-column-is-layout-flow\">\n<p class=\"sub-title\"><strong>Formule \u201cChoice +\u201d<\/strong><\/p>\n\n\n\n<h3 class=\"wp-block-heading\" id=\"formule2\">Ma\u00eetriser le choix de votre High School<\/h3>\n\n\n\n<p><strong>Cette formule diff\u00e8re de la formule \u201cClassique\u201d en ce sens qu\u2019elle permet au participant de choisir directement la \u201cHigh School\u201d dans laquelle il souhaite \u00eatre scolaris\u00e9.<\/strong><\/p>\n\n\n\n<p><strong>Ces formules d&#8217;\u00e9tudes \u00e0 l&#8217;\u00e9tranger sont conseill\u00e9es aux \u00e9tudiants souhaitant conna\u00eetre imp\u00e9rativement leur r\u00e9gion d\u2019accueil, mais aussi aux enfants souhaitant pratiquer une activit\u00e9 sportive ou artistique en particulier pendant leur s\u00e9jour.<\/strong><\/p>\n<\/div>\n<\/div>\n\n\n\n<div class=\"wp-block-columns has-2-columns column-centre is-layout-flex wp-container-core-columns-is-layout-5 wp-block-columns-is-layout-flex\">\n<div class=\"wp-block-column is-layout-flow wp-block-column-is-layout-flow\">\n<figure class=\"wp-block-image\"><img decoding=\"async\" src=\"https:\/\/www.calvin-thomas.com\/highschool\/wp-content\/uploads\/sites\/4\/scolarite-a-etranger.jpg\" alt=\"scolarit\u00e9 \u00e0 l'\u00e9tranger avec cours, activit\u00e9s et sports au choix\" class=\"wp-image-473\"\/><\/figure>\n<\/div>\n\n\n\n<div class=\"wp-block-column is-layout-flow wp-block-column-is-layout-flow\">\n<h4 class=\"wp-block-heading\">Choisissez votre lyc\u00e9e&#8230;<\/h4>\n\n\n\n<p><strong>En choisissant son lyc\u00e9e<\/strong> parmi les \u00e9tablissements partenaires de Calvin-Thomas, le lyc\u00e9en opte pour <strong>une r\u00e9gion, une culture locale, un climat, une ambiance&#8230;<\/strong><\/p>\n\n\n\n<p>Il <strong>affine \u00e9galement ses priorit\u00e9s<\/strong> en optant pour une taille d\u2019\u00e9tablissement, des types de cours, de sports ou d\u2019activit\u00e9s, ainsi que pour une ligne p\u00e9dagogique.<\/p>\n\n\n\n<p>Ces \u00e9coles s\u00e9lectionn\u00e9es par Calvin-Thomas disposent de <strong>moyens assez cons\u00e9quents.<\/strong> Elles permettent de mieux adapter l\u2019offre \u00e9ducative \u00e0 chaque \u00e9l\u00e8ve. Les \u00e9coles propos\u00e9es dans cette option sont <strong>toutes payantes<\/strong>. Elles peuvent \u00eatre <strong>publiques ou priv\u00e9es<\/strong> et parfois partiellement financ\u00e9es par l\u2019\u00c9tat. Dans la mesure o\u00f9 <strong>une partie du co\u00fbt de la scolarit\u00e9 reste \u00e0 la charge du participant<\/strong>, le montant des s\u00e9jours en formule \u201cChoice +\u201d est plus \u00e9lev\u00e9 que ceux des s\u00e9jours en formule \u201cClassique\u201d.<\/p>\n<\/div>\n<\/div>\n\n\n\n<div style=\"height:50px\" aria-hidden=\"true\" class=\"wp-block-spacer\"><\/div>\n\n\n\n<p class=\"has-text-align-center content-centrer\"><strong>\u2022 \u00c9TATS-UNIS \u2022 CANADA <strong>\u2022 IRLANDE<\/strong><\/strong> <strong>\u2022 ROYAUME-UNI \u2022 AUSTRALIE \u2022 NOUVELLE-Z\u00c9LANDE \u2022 AFRIQUE DU SUD \u2022<\/strong><\/p>\n\n\n\n<p class=\"has-text-align-center\"><a class=\"btn couleur large\" href=\"https:\/\/www.calvin-thomas.com\/highschool\/formules\/choix-ecole\/\" target=\"_blank\" rel=\"noopener\">Voir tous nos s\u00e9jours en formule \u201cChoice +\u201d<\/a><\/p>\n\n\n<p><\/section>\n\n\n<section class=\"section-beige\"><\/p>\n\n\n\n<div class=\"wp-block-columns has-2-columns column-centre is-layout-flex wp-container-core-columns-is-layout-6 wp-block-columns-is-layout-flex\">\n<div class=\"wp-block-column is-layout-flow wp-block-column-is-layout-flow\">\n<p class=\"sub-title\"><strong>Formule \u201c\u00c9cole \u00e0 la maison\u201d<\/strong><\/p>\n\n\n\n<h3 class=\"wp-block-heading\" id=\"formule3\">D\u00e9couvrez le concept de l\u2019\u00e9cole \u00e0 la maison aux USA<\/h3>\n\n\n\n<p><strong>La formule \u201cHomeschool\u201d ou \u201c\u00c9cole \u00e0 la maison\u201d est un programme atypique particuli\u00e8rement adapt\u00e9 aux enfants qui souhaitent un rythme diff\u00e9rent au quotidien. L\u2019apprentissage de la langue se fait uniquement dans un cadre familial, ce qui permet une tr\u00e8s grande souplesse et un accompagnement tr\u00e8s personnalis\u00e9.<\/strong><\/p>\n<\/div>\n\n\n\n<div class=\"wp-block-column is-layout-flow wp-block-column-is-layout-flow\">\n<figure class=\"wp-block-image\"><img decoding=\"async\" src=\"https:\/\/www.calvin-thomas.com\/highschool\/wp-content\/uploads\/sites\/4\/homeschool.jpg\" alt=\"d\u00e9couvrir les USA pour un trimestre en \u00e9cole \u00e0 la maison\" class=\"wp-image-452\"\/><\/figure>\n<\/div>\n<\/div>\n\n\n\n<div class=\"wp-block-columns has-2-columns column-centre is-layout-flex wp-container-core-columns-is-layout-7 wp-block-columns-is-layout-flex\">\n<div class=\"wp-block-column is-layout-flow wp-block-column-is-layout-flow\">\n<h4 class=\"wp-block-heading\">Le concept novateur de l\u2019\u00e9cole \u00e0 la maison&#8230;<\/h4>\n\n\n\n<p><strong>La famille d&#8217;accueil se charge de l&#8217;\u00e9ducation des jeunes<\/strong> qu&#8217;elle accueille au m\u00eame titre que celle de leurs propres enfants. Elle assure <strong>environ 10 \u00e0 12 heures de cours \u00e0 la maison.<\/strong><\/p>\n\n\n\n<p>Il s&#8217;agit d&#8217;une <strong>mani\u00e8re totalement diff\u00e9rente de concevoir l&#8217;\u00e9ducation.<\/strong> On a affaire ici \u00e0 une <strong>\u00e9cole parall\u00e8le<\/strong>, quasi exp\u00e9rimentale, qui permet aux adolescents d&#8217;aborder autrement la scolarit\u00e9. La prise en compte de l&#8217;adolescent est plus individualis\u00e9e, les cours souvent moins th\u00e9oriques, la p\u00e9dagogie forc\u00e9ment moins institutionnelle (pas de cours magistraux, emploi du temps tr\u00e8s diff\u00e9rents&#8230;).<\/p>\n\n\n\n<p>Les familles qui pratiquent l&#8217;\u00e9ducation en Homeschool sont souvent <strong>f\u00e9d\u00e9r\u00e9es en association.<\/strong> Par le biais de ces regroupements, les enfants (et donc les participants High School) <strong>se retrouvent entre 3 et 5 heures par semaine,<\/strong> pour certaines activit\u00e9s \u00e9ducatives : cours, visites, pratiques sportives ou culturelles, sorties&#8230;<\/p>\n\n\n\n<p>Dans la mesure o\u00f9 le participant \u00e9volue dans le milieu rassurant de sa famille d&#8217;accueil, <strong>l&#8217;int\u00e9gration est souvent plus rapide.<\/strong> Cette formule permet d&#8217;\u00e9tablir une <strong>complicit\u00e9 plus forte<\/strong> avec ses h\u00f4tes.<\/p>\n<\/div>\n\n\n\n<div class=\"wp-block-column is-layout-flow wp-block-column-is-layout-flow\">\n<figure class=\"wp-block-image\"><img decoding=\"async\" src=\"https:\/\/www.calvin-thomas.com\/highschool\/wp-content\/uploads\/sites\/4\/ecole-a-la-maison.jpg\" alt=\"programme \u00e9cole \u00e0 la maison USA\" class=\"wp-image-454\"\/><\/figure>\n<\/div>\n<\/div>\n\n\n\n<div style=\"height:50px\" aria-hidden=\"true\" class=\"wp-block-spacer\"><\/div>\n\n\n\n<p class=\"has-text-align-center content-centrer\"><strong>\u2022 \u00c9TATS-UNIS \u2022<\/strong><\/p>\n\n\n\n<p class=\"has-text-align-center\"><a href=\"https:\/\/www.calvin-thomas.com\/highschool\/formules\/ecole-a-la-maison\/\" target=\"_blank\" class=\"btn couleur large\" rel=\"noopener\">Voir le s\u00e9jour en formule \u201c\u00c9cole \u00e0 la maison\u201d<\/a><\/p>\n\n\n<p><\/section>\n\n\n<section class=\"section-bleuclair\"><\/p>\n\n\n\n<div class=\"wp-block-columns has-2-columns column-centre is-layout-flex wp-container-core-columns-is-layout-8 wp-block-columns-is-layout-flex\">\n<div class=\"wp-block-column is-layout-flow wp-block-column-is-layout-flow\">\n<p class=\"sub-title\"><strong>Formule \u201cChoix de la R\u00e9gion ou de l&#8217;\u00c9tat\u201d<\/strong><\/p>\n\n\n\n<h3 class=\"wp-block-heading\" id=\"formule4\">Mettre le cap vers de tr\u00e8s belles destinations&#8230;<\/h3>\n\n\n\n<p><strong>Cette formule diff\u00e8re de la formule \u201cClassique\u201d en ce sens qu\u2019elle permet au participant d\u2019\u00e9mettre un souhait quant \u00e0 sa \u201cgrande r\u00e9gion\u201d de placement ou bien d&#8217;indiquer 3 \u00c9tats am\u00e9ricains. <br><\/strong><\/p>\n\n\n\n<h4 class=\"wp-block-heading\">Choisir sa r\u00e9gion de placement&#8230;<\/h4>\n\n\n\n<p> Cette formule permet d&#8217;<strong>\u00e9mettre un souhait&nbsp;de&nbsp;placement<\/strong> (attention, il ne s&#8217;agit en aucun cas d&#8217;une garantie).&nbsp;<\/p>\n\n\n\n<p>Notre partenaire fera ensuite son maximum pour&nbsp;<strong>finaliser un placement en famille et une inscription scolaire<\/strong>&nbsp;dans la r\u00e9gion ou dans l\u2019un des \u00c9tats souhait\u00e9s. <strong>Environ 80% des choix de r\u00e9gion ou d&#8217;\u00c9tat sont respect\u00e9s.<\/strong><\/p>\n\n\n\n<p>\u00c0 noter : si notre partenaire finalise un placement en famille et en lyc\u00e9e ailleurs que dans l&#8217;une des r\u00e9gions ou l&#8217;un des \u00c9tats pour lesquelles vous avez \u00e9mis une pr\u00e9f\u00e9rence, votre candidature se muera alors automatiquement en une formule \u201cClassique\u201d (le co\u00fbt de l&#8217;option \u201cChoix de la r\u00e9gion ou de l&#8217;\u00c9tat\u201d est alors  rembours\u00e9 au participant).<\/p>\n<\/div>\n\n\n\n<div class=\"wp-block-column is-layout-flow wp-block-column-is-layout-flow\">\n<figure class=\"wp-block-image\"><img loading=\"lazy\" decoding=\"async\" width=\"834\" height=\"1024\" src=\"https:\/\/www.calvin-thomas.com\/highschool\/wp-content\/uploads\/\/sites\/4\/sejour-ville-usa-834x1024.jpg\" alt=\"s\u00e9jour linguistique dans une des plus belles villes am\u00e9ricaines\" class=\"wp-image-761\" srcset=\"https:\/\/www.calvin-thomas.com\/highschool\/wp-content\/uploads\/\/sites\/4\/sejour-ville-usa-834x1024.jpg 834w, https:\/\/www.calvin-thomas.com\/highschool\/wp-content\/uploads\/\/sites\/4\/sejour-ville-usa-244x300.jpg 244w, https:\/\/www.calvin-thomas.com\/highschool\/wp-content\/uploads\/\/sites\/4\/sejour-ville-usa-768x943.jpg 768w, https:\/\/www.calvin-thomas.com\/highschool\/wp-content\/uploads\/\/sites\/4\/sejour-ville-usa.jpg 860w\" sizes=\"(max-width: 834px) 100vw, 834px\" \/><\/figure>\n<\/div>\n<\/div>\n\n\n\n<div class=\"wp-block-columns has-2-columns column-centre is-layout-flex wp-container-core-columns-is-layout-9 wp-block-columns-is-layout-flex\">\n<div class=\"wp-block-column is-layout-flow wp-block-column-is-layout-flow\">\n<figure class=\"wp-block-image\"><img loading=\"lazy\" decoding=\"async\" width=\"860\" height=\"476\" src=\"https:\/\/www.calvin-thomas.com\/highschool\/wp-content\/uploads\/\/sites\/4\/sejour-langue-usa.jpg\" alt=\"s\u00e9jour de langue aux \u00c9tats-Unis\" class=\"wp-image-763\" srcset=\"https:\/\/www.calvin-thomas.com\/highschool\/wp-content\/uploads\/\/sites\/4\/sejour-langue-usa.jpg 860w, https:\/\/www.calvin-thomas.com\/highschool\/wp-content\/uploads\/\/sites\/4\/sejour-langue-usa-300x166.jpg 300w, https:\/\/www.calvin-thomas.com\/highschool\/wp-content\/uploads\/\/sites\/4\/sejour-langue-usa-768x425.jpg 768w\" sizes=\"(max-width: 860px) 100vw, 860px\" \/><\/figure>\n<\/div>\n\n\n\n<div class=\"wp-block-column is-layout-flow wp-block-column-is-layout-flow\">\n<h4 class=\"wp-block-heading\">Les conditions d\u2019admission \u00e0 la formule \u201cChoix de la r\u00e9gion ou de l&#8217;\u00c9tat\u201d<\/h4>\n\n\n\n<p>Les conditions d&#8217;admission sont <strong>les m\u00eames que pour notre formule \u201cClassique\u201d.&nbsp;<\/strong><\/p>\n\n\n\n<p>Les&nbsp;<strong>places \u00e9tant limit\u00e9es chaque ann\u00e9e,<\/strong>&nbsp;nous conseillons<strong>&nbsp;de candidater tr\u00e8s t\u00f4t.<\/strong><\/p>\n<\/div>\n<\/div>\n\n\n\n<div style=\"height:50px\" aria-hidden=\"true\" class=\"wp-block-spacer\"><\/div>\n\n\n\n<p class=\"has-text-align-center content-centrer\"><strong>\u2022 \u00c9TATS-UNIS \u2022 <\/strong><\/p>\n\n\n\n<p class=\"has-text-align-center\"><a href=\"https:\/\/www.calvin-thomas.com\/highschool\/formules\/choix-region-etat\/\">Voir tous nos s\u00e9jours en formule \u201cChoix de la r\u00e9gion ou de l&#8217;\u00c9tat\u201d<\/a><\/p>\n\n\n<p><\/section>\n\n\n\n<div style=\"height:50px\" aria-hidden=\"true\" class=\"wp-block-spacer\"><\/div>\n","protected":false},"excerpt":{"rendered":"<p>4 formules d&#8217;\u00e9tudes \u00e0 l&#8217;\u00e9tranger possibles.<\/p>\n<p>Dans le cadre de nos s\u00e9jours scolaires en pays anglophones, votre enfant peut choisir ses \u00e9tudes \u00e0 l&#8217;\u00e9tranger parmi la formule qui correspond le plus \u00e0 ses attentes et \u00e0 son profil.<\/p>\n<ul class=\"liste-menu\">\n<li><a href=\"#formule1\">Formule \u201cClassique\u201d<\/a><\/li>\n<li><a href=\"#formule2\">Formule \u201cChoice +\u201d<\/a><\/li>\n<li><a href=\"#formule3\">Formule \u201c\u00c9cole \u00e0 la maison\u201d<\/a><\/li>\n<li><a href=\"#formule4\">Formule \u201cChoix de la R\u00e9gion ou. de l&#8217;\u00c9tat\u201d<\/a><\/li>\n<\/ul>\n<p> <a class=\"btn couleur large\" href=\"https:\/\/www.calvin-thomas.com\/highschool\/choisir-son-sejour\/choisir-ses-etudes-a-letranger\/\">EN SAVOIR PLUS <\/a><\/p>\n","protected":false},"author":1,"featured_media":88,"parent":146,"menu_order":0,"comment_status":"closed","ping_status":"closed","template":"","meta":{"_uag_custom_page_level_css":"","wp_popup_display_lightbox":0,"wp_popup_suppress":"","wp_popup_trigger":"","wp_popup_trigger_amount":0,"wp_popup_disable_on_mobile":false,"footnotes":""},"uagb_featured_image_src":{"full":["https:\/\/www.calvin-thomas.com\/highschool\/wp-content\/uploads\/\/sites\/4\/entete-quelle-formule.jpg",1200,1200,false],"thumbnail":["https:\/\/www.calvin-thomas.com\/highschool\/wp-content\/uploads\/\/sites\/4\/entete-quelle-formule-150x150.jpg",150,150,true],"medium":["https:\/\/www.calvin-thomas.com\/highschool\/wp-content\/uploads\/\/sites\/4\/entete-quelle-formule-300x300.jpg",300,300,true],"medium_large":["https:\/\/www.calvin-thomas.com\/highschool\/wp-content\/uploads\/\/sites\/4\/entete-quelle-formule-768x768.jpg",640,640,true],"large":["https:\/\/www.calvin-thomas.com\/highschool\/wp-content\/uploads\/\/sites\/4\/entete-quelle-formule-1024x1024.jpg",640,640,true],"1536x1536":["https:\/\/www.calvin-thomas.com\/highschool\/wp-content\/uploads\/\/sites\/4\/entete-quelle-formule.jpg",1200,1200,false],"2048x2048":["https:\/\/www.calvin-thomas.com\/highschool\/wp-content\/uploads\/\/sites\/4\/entete-quelle-formule.jpg",1200,1200,false],"gform-image-choice-sm":["https:\/\/www.calvin-thomas.com\/highschool\/wp-content\/uploads\/\/sites\/4\/entete-quelle-formule.jpg",300,300,false],"gform-image-choice-md":["https:\/\/www.calvin-thomas.com\/highschool\/wp-content\/uploads\/\/sites\/4\/entete-quelle-formule.jpg",400,400,false],"gform-image-choice-lg":["https:\/\/www.calvin-thomas.com\/highschool\/wp-content\/uploads\/\/sites\/4\/entete-quelle-formule.jpg",600,600,false]},"uagb_author_info":{"display_name":"redac-calvinthomas","author_link":"https:\/\/www.calvin-thomas.com\/highschool\/author\/redac-calvinthomas\/"},"uagb_comment_info":0,"uagb_excerpt":"4 formules d&#8217;\u00e9tudes \u00e0 l&#8217;\u00e9tranger possibles. Dans le cadre de nos s\u00e9jours scolaires en pays anglophones, votre enfant peut choisir ses \u00e9tudes \u00e0 l&#8217;\u00e9tranger parmi la formule qui correspond le plus \u00e0 ses attentes et \u00e0 son profil. Formule \u201cClassique\u201d Formule \u201cChoice +\u201d Formule \u201c\u00c9cole \u00e0 la maison\u201d Formule \u201cChoix de la R\u00e9gion ou. de\u2026","_links":{"self":[{"href":"https:\/\/www.calvin-thomas.com\/highschool\/wp-json\/wp\/v2\/pages\/181"}],"collection":[{"href":"https:\/\/www.calvin-thomas.com\/highschool\/wp-json\/wp\/v2\/pages"}],"about":[{"href":"https:\/\/www.calvin-thomas.com\/highschool\/wp-json\/wp\/v2\/types\/page"}],"author":[{"embeddable":true,"href":"https:\/\/www.calvin-thomas.com\/highschool\/wp-json\/wp\/v2\/users\/1"}],"replies":[{"embeddable":true,"href":"https:\/\/www.calvin-thomas.com\/highschool\/wp-json\/wp\/v2\/comments?post=181"}],"version-history":[{"count":1,"href":"https:\/\/www.calvin-thomas.com\/highschool\/wp-json\/wp\/v2\/pages\/181\/revisions"}],"predecessor-version":[{"id":3456,"href":"https:\/\/www.calvin-thomas.com\/highschool\/wp-json\/wp\/v2\/pages\/181\/revisions\/3456"}],"up":[{"embeddable":true,"href":"https:\/\/www.calvin-thomas.com\/highschool\/wp-json\/wp\/v2\/pages\/146"}],"wp:featuredmedia":[{"embeddable":true,"href":"https:\/\/www.calvin-thomas.com\/highschool\/wp-json\/wp\/v2\/media\/88"}],"wp:attachment":[{"href":"https:\/\/www.calvin-thomas.com\/highschool\/wp-json\/wp\/v2\/media?parent=181"}],"curies":[{"name":"wp","href":"https:\/\/api.w.org\/{rel}","templated":true}]}}