{"id":248,"date":"2018-12-05T17:16:32","date_gmt":"2018-12-05T16:16:32","guid":{"rendered":"https:\/\/www.calvin-thomas.com\/highschool\/?page_id=248"},"modified":"2022-12-20T15:12:54","modified_gmt":"2022-12-20T14:12:54","slug":"famille-daccueil-et-ecole","status":"publish","type":"page","link":"https:\/\/www.calvin-thomas.com\/highschool\/choisir-son-sejour\/famille-daccueil-et-ecole\/","title":{"rendered":"Quelle famille d&#8217;accueil ? Quelle \u00e9cole ?"},"content":{"rendered":"\n<div style=\"height:50px\" aria-hidden=\"true\" class=\"wp-block-spacer\"><\/div>\n\n\n\n<div class=\"wp-block-columns has-2-columns column-centre is-layout-flex wp-container-core-columns-is-layout-1 wp-block-columns-is-layout-flex\">\n<div class=\"wp-block-column is-layout-flow wp-block-column-is-layout-flow\">\n<h2 class=\"wp-block-heading\">Les deux piliers fondateurs de votre s\u00e9jour.<br><\/h2>\n\n\n\n<p>La famille et l&#8217;\u00e9cole d\u00e9terminent en grande partie \u00e0 eux deux l\u2019environnement quotidien dans lequel votre enfant \u00e9voluera pendant son s\u00e9jour. Entre adaptation et int\u00e9gration scolaire et exp\u00e9rience humaine, c&#8217;est bien plus qu\u2019un simple voyage. Votre enfant va vivre une exp\u00e9rience de vie hors du commun.<\/p>\n<\/div>\n\n\n\n<div class=\"wp-block-column is-layout-flow wp-block-column-is-layout-flow\">\n<ul class=\"liste-menu\"><li><a href=\"#section1\">La famille d&#8217;accueil<\/a><\/li><li><a href=\"#section2\">L&#8217;\u00e9tablissement scolaire<\/a><\/li><\/ul>\n<\/div>\n<\/div>\n\n\n\n<div style=\"height:50px\" aria-hidden=\"true\" class=\"wp-block-spacer\"><\/div>\n\n\n\n<div style=\"height:50px\" aria-hidden=\"true\" class=\"wp-block-spacer\"><\/div>\n\n\n<section class=\"section-beige\"><\/p>\n\n\n\n<div class=\"wp-block-columns has-2-columns column-centre align-bas-hauteur is-layout-flex wp-container-core-columns-is-layout-2 wp-block-columns-is-layout-flex\">\n<div class=\"wp-block-column is-layout-flow wp-block-column-is-layout-flow\">\n<p class=\"sub-title\"><strong>La famille d&#8217;accueil<\/strong><\/p>\n\n\n\n<h3 class=\"wp-block-heading\" id=\"section1\">Une aventure humaine en famille<br><\/h3>\n\n\n\n<p><strong>De par sa dur\u00e9e, de 2 \u00e0 10 mois, le programme High School est un \u00e9change en profondeur entre une famille et un jeune. Ce n&#8217;est en aucun cas une rencontre superficielle.<\/strong><\/p>\n<\/div>\n\n\n\n<div class=\"wp-block-column is-layout-flow wp-block-column-is-layout-flow\">\n<p><\/p>\n<\/div>\n<\/div>\n\n\n\n<div class=\"wp-block-columns has-2-columns column-centre is-layout-flex wp-container-core-columns-is-layout-3 wp-block-columns-is-layout-flex\">\n<div class=\"wp-block-column is-layout-flow wp-block-column-is-layout-flow\">\n<h4 class=\"wp-block-heading\">Nos familles d&#8217;accueil<\/h4>\n\n\n\n<p>Les familles d&#8217;accueil d\u00e9sirent recevoir et ont les moyens de <strong>partager avec un jeune leurs activit\u00e9s, leurs loisirs et leur vie de tous les jours<\/strong>. Cet \u00e9change est marqu\u00e9 par l&#8217;identit\u00e9 du foyer qui accueille, par l&#8217;identit\u00e9 de l&#8217;h\u00f4te, par la fa\u00e7on de vivre ensemble. Les relations qui s&#8217;\u00e9tablissent dessinent <strong>une aventure humaine unique.<\/strong> Rythme de vie et activit\u00e9s sont model\u00e9s tout au long du s\u00e9jour par de nouveaux \u201cparents\u201d, de nouveaux proches, un nouvel environnement, de nouveaux amis.<\/p>\n\n\n\n<p>Ce type de s\u00e9jour, construit autour du quotidien, <strong>transforme des journ\u00e9es ordinaires en une exp\u00e9rience \u201cextra-ordinaire\u201d.<\/strong> Ce s\u00e9jour ne peut qu&#8217;enrichir le participant, lui apporter un bagage suppl\u00e9mentaire dont il saura faire usage dans sa vie future, tant personnelle que professionnelle.<\/p>\n\n\n\n<h4 class=\"wp-block-heading\">La s\u00e9lection des familles en d\u00e9tail<\/h4>\n\n\n\n<p>Chaque famille d&#8217;accueil re\u00e7oit <strong>au pr\u00e9alable la visite d\u2019un coordinateur local<\/strong> afin que notre organisme partenaire puisse <strong>s\u2019assurer que les conditions d\u2019accueil<\/strong> seront satisfaisantes. La famille doit \u00e9galement <strong>fournir divers documents<\/strong> en fonction du pays\/de l\u2019\u00e9tat o\u00f9 elle r\u00e9side (r\u00e9f\u00e9rence, casier judiciaire, etc.).<\/p>\n\n\n\n<p><strong>Chaque ann\u00e9e,<\/strong> nos partenaires estiment le nombre de familles d\u2019accueil et donc le nombre de participants qu\u2019ils pensent \u00eatre en mesure d\u2019accueillir en fonction de leur exp\u00e9rience et de leurs moyens possibles : le <strong>nombre de places est donc g\u00e9n\u00e9ralement limit\u00e9<\/strong> pour chaque programme.<\/p>\n<\/div>\n\n\n\n<div class=\"wp-block-column is-layout-flow wp-block-column-is-layout-flow\">\n<figure class=\"wp-block-image\"><img decoding=\"async\" src=\"https:\/\/www.calvin-thomas.com\/highschool\/wp-content\/uploads\/sites\/4\/famille-accueil.jpg\" alt=\"une famille d'accueil anglophone s\u00e9lectionn\u00e9e avec soin\" class=\"wp-image-777\"\/><\/figure>\n\n\n\n<figure class=\"wp-block-image\"><img decoding=\"async\" src=\"https:\/\/www.calvin-thomas.com\/highschool\/wp-content\/uploads\/sites\/4\/activites-en-famille.jpg\" alt=\"Une immersion en famille anglophone\" class=\"wp-image-776\"\/><\/figure>\n<\/div>\n<\/div>\n\n\n<p><\/section>\n\n\n<section class=\"section-gris\"><\/p>\n\n\n\n<div class=\"wp-block-columns has-2-columns column-centre align-bas-hauteur column-un-align-right is-layout-flex wp-container-core-columns-is-layout-4 wp-block-columns-is-layout-flex\">\n<div class=\"wp-block-column is-layout-flow wp-block-column-is-layout-flow\">\n<div class=\"wp-block-image\"><figure class=\"aligncenter\"><img decoding=\"async\" src=\"https:\/\/www.calvin-thomas.com\/highschool\/wp-content\/uploads\/sites\/4\/etablissement-scolaire-anglophone.jpg\" alt=\"int\u00e9grer un \u00e9tablissement scolaire anglophone\" class=\"wp-image-783\"\/><\/figure><\/div>\n<\/div>\n\n\n\n<div class=\"wp-block-column is-layout-flow wp-block-column-is-layout-flow\">\n<p class=\"sub-title\"><strong>L&#8217;\u00e9tablissement scolaire<\/strong><\/p>\n\n\n\n<h3 class=\"wp-block-heading\" id=\"section2\">Une aventure p\u00e9dagogique : l&#8217;anglais sur la longue dur\u00e9e<br><\/h3>\n\n\n\n<p><strong>L&#8217;\u00e9cole est le vrai lieu de l&#8217;int\u00e9gration sociale du jeune, la garantie de la r\u00e9ussite de son s\u00e9jour, sa raison d&#8217;\u00eatre aussi. L&#8217;enseignement dispens\u00e9 dans le pays d&#8217;accueil, forc\u00e9ment compl\u00e9mentaire de l&#8217;enseignement fran\u00e7ais, est source d&#8217;enrichissement pour l&#8217;\u00e9tudiant : nouvelle approche, nouvelles mati\u00e8res, nouvel emploi du temps, nouvelles relations professeurs\/\u00e9l\u00e8ves, etc. <\/strong><\/p>\n<\/div>\n<\/div>\n\n\n\n<div style=\"height:50px\" aria-hidden=\"true\" class=\"wp-block-spacer\"><\/div>\n\n\n\n<div class=\"wp-block-columns has-2-columns column-centre is-layout-flex wp-container-core-columns-is-layout-5 wp-block-columns-is-layout-flex\">\n<div class=\"wp-block-column is-layout-flow wp-block-column-is-layout-flow\">\n<h4 class=\"wp-block-heading\">Les syst\u00e8mes scolaires anglo-saxons<\/h4>\n\n\n\n<p><strong>L&#8217;\u00e9ventail de mati\u00e8res<\/strong> propos\u00e9es dans les \u00e9coles \u00e9trang\u00e8res est <strong>vaste<\/strong> : il varie selon les pays et les \u00e9coles. Aux <strong>mati\u00e8res classiques<\/strong> (anglais, histoire, maths, physique, etc.) peuvent s&#8217;ajouter des <strong>mati\u00e8res plus originales<\/strong> (speech, typing, computer, travail du bois, photographie, th\u00e9\u00e2tre, journalisme, psychologie, etc.). Pour un \u00e9tudiant fran\u00e7ais, les acquis s&#8217;en trouvent valoris\u00e9s.<\/p>\n\n\n\n<p>L&#8217;\u00e9cole est \u00e9galement un <strong>v\u00e9ritable lieu d&#8217;\u00e9change et de rencontres<\/strong> (cours, activit\u00e9s culturelles et sportives, clubs, etc.).<\/p>\n\n\n\n<h4 class=\"wp-block-heading\">Le plus court chemin pour apprendre l&#8217;anglais<\/h4>\n\n\n\n<p><strong>L\u2019obstacle de la langue<\/strong> est g\u00e9n\u00e9ralement rapidement franchi. \u00c0 la fatigue des premiers jours (concentration, difficult\u00e9s de compr\u00e9hension, etc.) succ\u00e8dera bient\u00f4t <strong>une certaine aisance dans la langue de Sheakspeare<\/strong>. Les r\u00eaves en anglais et les longues discussions au t\u00e9l\u00e9phone (ainsi que les fautes de fran\u00e7ais !), ne devraient pas tarder !<\/p>\n<\/div>\n\n\n\n<div class=\"wp-block-column is-layout-flow wp-block-column-is-layout-flow\">\n<figure class=\"wp-block-image\"><img decoding=\"async\" src=\"https:\/\/www.calvin-thomas.com\/highschool\/wp-content\/uploads\/sites\/4\/immersion-ecole-anglophone.jpg\" alt=\"Apprendre l'anglais en immersion dans une \u00e9cole anglophone\" class=\"wp-image-794\"\/><\/figure>\n<\/div>\n<\/div>\n\n\n<p><\/section>\n\n\n\n<div style=\"height:50px\" aria-hidden=\"true\" class=\"wp-block-spacer\"><\/div>\n","protected":false},"excerpt":{"rendered":"<p>Les deux piliers fondateurs de votre s\u00e9jour.<\/p>\n<p>La famille et l&#8217;\u00e9cole d\u00e9terminent en grande partie \u00e0 eux deux l\u2019environnement quotidien dans lequel votre enfant \u00e9voluera pendant son s\u00e9jour. Entre adaptation et int\u00e9gration scolaire et exp\u00e9rience humaine, c&#8217;est bien plus qu\u2019un simple voyage. Votre enfant va vivre une exp\u00e9rience de vie hors du commun.<\/p>\n<ul class=\"liste-menu\">\n<li><a href=\"#section1\">La famille d&#8217;accueil<\/a><\/li>\n<li><a href=\"#section2\">L&#8217;\u00e9tablissement scolaire<\/a><\/li>\n<\/ul>\n<p> <a class=\"btn couleur large\" href=\"https:\/\/www.calvin-thomas.com\/highschool\/choisir-son-sejour\/famille-daccueil-et-ecole\/\">EN SAVOIR PLUS <\/a><\/p>\n","protected":false},"author":1,"featured_media":76,"parent":146,"menu_order":0,"comment_status":"closed","ping_status":"closed","template":"","meta":{"_uag_custom_page_level_css":"","wp_popup_display_lightbox":0,"wp_popup_suppress":"","wp_popup_trigger":"","wp_popup_trigger_amount":0,"wp_popup_disable_on_mobile":false,"footnotes":""},"uagb_featured_image_src":{"full":["https:\/\/www.calvin-thomas.com\/highschool\/wp-content\/uploads\/\/sites\/4\/entete-famille-ecole.jpg",1200,1200,false],"thumbnail":["https:\/\/www.calvin-thomas.com\/highschool\/wp-content\/uploads\/\/sites\/4\/entete-famille-ecole-150x150.jpg",150,150,true],"medium":["https:\/\/www.calvin-thomas.com\/highschool\/wp-content\/uploads\/\/sites\/4\/entete-famille-ecole-300x300.jpg",300,300,true],"medium_large":["https:\/\/www.calvin-thomas.com\/highschool\/wp-content\/uploads\/\/sites\/4\/entete-famille-ecole-768x768.jpg",640,640,true],"large":["https:\/\/www.calvin-thomas.com\/highschool\/wp-content\/uploads\/\/sites\/4\/entete-famille-ecole-1024x1024.jpg",640,640,true],"1536x1536":["https:\/\/www.calvin-thomas.com\/highschool\/wp-content\/uploads\/\/sites\/4\/entete-famille-ecole.jpg",1200,1200,false],"2048x2048":["https:\/\/www.calvin-thomas.com\/highschool\/wp-content\/uploads\/\/sites\/4\/entete-famille-ecole.jpg",1200,1200,false],"gform-image-choice-sm":["https:\/\/www.calvin-thomas.com\/highschool\/wp-content\/uploads\/\/sites\/4\/entete-famille-ecole.jpg",300,300,false],"gform-image-choice-md":["https:\/\/www.calvin-thomas.com\/highschool\/wp-content\/uploads\/\/sites\/4\/entete-famille-ecole.jpg",400,400,false],"gform-image-choice-lg":["https:\/\/www.calvin-thomas.com\/highschool\/wp-content\/uploads\/\/sites\/4\/entete-famille-ecole.jpg",600,600,false]},"uagb_author_info":{"display_name":"redac-calvinthomas","author_link":"https:\/\/www.calvin-thomas.com\/highschool\/author\/redac-calvinthomas\/"},"uagb_comment_info":0,"uagb_excerpt":"Les deux piliers fondateurs de votre s\u00e9jour. La famille et l&#8217;\u00e9cole d\u00e9terminent en grande partie \u00e0 eux deux l\u2019environnement quotidien dans lequel votre enfant \u00e9voluera pendant son s\u00e9jour. Entre adaptation et int\u00e9gration scolaire et exp\u00e9rience humaine, c&#8217;est bien plus qu\u2019un simple voyage. Votre enfant va vivre une exp\u00e9rience de vie hors du commun. La famille\u2026","_links":{"self":[{"href":"https:\/\/www.calvin-thomas.com\/highschool\/wp-json\/wp\/v2\/pages\/248"}],"collection":[{"href":"https:\/\/www.calvin-thomas.com\/highschool\/wp-json\/wp\/v2\/pages"}],"about":[{"href":"https:\/\/www.calvin-thomas.com\/highschool\/wp-json\/wp\/v2\/types\/page"}],"author":[{"embeddable":true,"href":"https:\/\/www.calvin-thomas.com\/highschool\/wp-json\/wp\/v2\/users\/1"}],"replies":[{"embeddable":true,"href":"https:\/\/www.calvin-thomas.com\/highschool\/wp-json\/wp\/v2\/comments?post=248"}],"version-history":[{"count":0,"href":"https:\/\/www.calvin-thomas.com\/highschool\/wp-json\/wp\/v2\/pages\/248\/revisions"}],"up":[{"embeddable":true,"href":"https:\/\/www.calvin-thomas.com\/highschool\/wp-json\/wp\/v2\/pages\/146"}],"wp:featuredmedia":[{"embeddable":true,"href":"https:\/\/www.calvin-thomas.com\/highschool\/wp-json\/wp\/v2\/media\/76"}],"wp:attachment":[{"href":"https:\/\/www.calvin-thomas.com\/highschool\/wp-json\/wp\/v2\/media?parent=248"}],"curies":[{"name":"wp","href":"https:\/\/api.w.org\/{rel}","templated":true}]}}