{"id":251,"date":"2018-12-05T17:20:55","date_gmt":"2018-12-05T16:20:55","guid":{"rendered":"https:\/\/www.calvin-thomas.com\/highschool\/?page_id=251"},"modified":"2019-09-16T16:42:02","modified_gmt":"2019-09-16T14:42:02","slug":"pourquoi-partir-etudier-a-letranger","status":"publish","type":"page","link":"https:\/\/www.calvin-thomas.com\/highschool\/choisir-son-sejour\/pourquoi-partir-etudier-a-letranger\/","title":{"rendered":"Pourquoi partir \u00e9tudier \u00e0 l&#8217;\u00e9tranger ?"},"content":{"rendered":"\n<div style=\"height:50px\" aria-hidden=\"true\" class=\"wp-block-spacer\"><\/div>\n\n\n\n<div class=\"wp-block-columns has-2-columns column-centre is-layout-flex wp-container-core-columns-is-layout-1 wp-block-columns-is-layout-flex\">\n<div class=\"wp-block-column is-layout-flow wp-block-column-is-layout-flow\">\n<h2 class=\"wp-block-heading\">Vous h\u00e9sitez ?<br><\/h2>\n\n\n\n<p>Il est normal de se poser beaucoup de questions avant le d\u00e9part ! bien plus qu\u2019un simple voyage, participer \u00e0 un s\u00e9jour scolaire s\u2019apparente \u00e0 une v\u00e9ritable exp\u00e9rience de vie\u2026 <\/p>\n\n\n\n<p>La d\u00e9cision de partir, le choix de la formule, de la destination ou encore le choix de l\u2019organisme ne doivent pas \u00eatre prise \u00e0 la l\u00e9g\u00e8res. Voici quelques bonnes raison de sauter le pas !<\/p>\n<\/div>\n\n\n\n<div class=\"wp-block-column is-layout-flow wp-block-column-is-layout-flow\">\n<ul class=\"liste-menu\"><li><a href=\"#section1\">Pourquoi l&#8217;immersion scolaire ?<\/a><\/li><li><a href=\"#section2\">Pourquoi choisir Calvin-Thomas ?<\/a><\/li><\/ul>\n\n\n\n<p><\/p>\n<\/div>\n<\/div>\n\n\n\n<div style=\"height:50px\" aria-hidden=\"true\" class=\"wp-block-spacer\"><\/div>\n\n\n\n<div style=\"height:50px\" aria-hidden=\"true\" class=\"wp-block-spacer\"><\/div>\n\n\n<section class=\"section-beige\"><\/p>\n\n\n\n<div class=\"wp-block-columns has-2-columns column-centre align-bas-hauteur is-layout-flex wp-container-core-columns-is-layout-2 wp-block-columns-is-layout-flex\">\n<div class=\"wp-block-column is-layout-flow wp-block-column-is-layout-flow\">\n<p class=\"sub-title\"><strong>Pourquoi l&#8217;immersion scolaire ?<\/strong><\/p>\n\n\n\n<h3 class=\"wp-block-heading\" id=\"section1\">Le programme High School : un s\u00e9jour hors normes<\/h3>\n\n\n\n<p><strong>Du Cap \u00e0 la Tasmanie, en passant par Wellington, Londres ou Los Angeles&#8230; De la \u201cHigh School\u201d classique, en passant par le \u201cHomeschool\u201d&#8230; Du trimestre \u00e0 l\u2019ann\u00e9e scolaire&#8230; <\/strong><\/p>\n\n\n\n<p><strong>Le programme High School Calvin-Thomas permet \u00e0 votre enfant de se glisser dans la peau d\u2019un jeune anglais, am\u00e9ricain, etc. Pendant quelques mois, le temps pour lui de ma\u00eetriser une nouvelle langue, de nouveau uses et coutumes, une nouvelle approche scolaire mais surtout de se faire de nouveau amis et d\u2019adopter une nouvelle famille.<\/strong><\/p>\n<\/div>\n\n\n\n<div class=\"wp-block-column is-layout-flow wp-block-column-is-layout-flow\">\n<figure class=\"wp-block-image\"><img decoding=\"async\" src=\"https:\/\/www.calvin-thomas.com\/highschool\/wp-content\/uploads\/sites\/4\/immersion-scolaire-etranger.jpg\" alt=\"pourquoi partir \u00e9tudier \u00e0 l'\u00e9tranger en immersion scolaire ?\" class=\"wp-image-529\"\/><\/figure>\n<\/div>\n<\/div>\n\n\n\n<div style=\"height:50px\" aria-hidden=\"true\" class=\"wp-block-spacer\"><\/div>\n\n\n\n<div class=\"wp-block-columns has-2-columns column-centre argumentaire-ligne is-layout-flex wp-container-core-columns-is-layout-3 wp-block-columns-is-layout-flex\">\n<div class=\"wp-block-column is-layout-flow wp-block-column-is-layout-flow\">\n<div class=\"wp-block-image\"><figure class=\"aligncenter is-resized\"><img loading=\"lazy\" decoding=\"async\" src=\"https:\/\/www.calvin-thomas.com\/highschool\/wp-content\/uploads\/sites\/4\/monde.png\" alt=\"le monde \u00e0 port\u00e9e de main\" class=\"wp-image-515\" width=\"100\" height=\"100\"\/><\/figure><\/div>\n<\/div>\n\n\n\n<div class=\"wp-block-column is-layout-flow wp-block-column-is-layout-flow\">\n<h4 class=\"wp-block-heading\">Le monde \u00e0 port\u00e9e de main<\/h4>\n\n\n\n<p>Partir un trimestre, un semestre ou m\u00eame une ann\u00e9e scolaire poursuivre sa scolarit\u00e9 \u00e0 l&#8217;\u00e9tranger, c&#8217;est profiter, au quotidien, de la richesse des \u00e9coles et de la culture anglo-saxonne.<\/p>\n<\/div>\n<\/div>\n\n\n\n<div class=\"wp-block-columns has-2-columns column-centre argumentaire-ligne is-layout-flex wp-container-core-columns-is-layout-4 wp-block-columns-is-layout-flex\">\n<div class=\"wp-block-column is-layout-flow wp-block-column-is-layout-flow\">\n<div class=\"wp-block-image\"><figure class=\"aligncenter is-resized\"><img loading=\"lazy\" decoding=\"async\" src=\"https:\/\/www.calvin-thomas.com\/highschool\/wp-content\/uploads\/sites\/4\/sejour-benefique.png\" alt=\"b\u00e9n\u00e9fice d'un s\u00e9jour highschool\" class=\"wp-image-514\" width=\"100\" height=\"100\"\/><\/figure><\/div>\n<\/div>\n\n\n\n<div class=\"wp-block-column is-layout-flow wp-block-column-is-layout-flow\">\n<h4 class=\"wp-block-heading\">Un s\u00e9jours b\u00e9n\u00e9fique <br><\/h4>\n\n\n\n<p>Les s\u00e9jours en \u201cHigh School\u201d \u2014 \u00e0 haut potentiel p\u00e9dagogique et culturel \u2014 sont particuli\u00e8rement formateurs pour les jeunes. Ils permettent au participant d&#8217;acqu\u00e9rir une certaine autonomie, une certaine ind\u00e9pendance, et un sens certain des responsabilit\u00e9s.<\/p>\n<\/div>\n<\/div>\n\n\n\n<div class=\"wp-block-columns has-2-columns column-centre argumentaire-ligne is-layout-flex wp-container-core-columns-is-layout-5 wp-block-columns-is-layout-flex\">\n<div class=\"wp-block-column is-layout-flow wp-block-column-is-layout-flow\">\n<div class=\"wp-block-image\"><figure class=\"aligncenter is-resized\"><img loading=\"lazy\" decoding=\"async\" src=\"https:\/\/www.calvin-thomas.com\/highschool\/wp-content\/uploads\/sites\/4\/bilingue.png\" alt=\"le bilinguisme pour un \u00e9tudiant ou un lyc\u00e9en\" class=\"wp-image-517\" width=\"100\" height=\"100\"\/><\/figure><\/div>\n<\/div>\n\n\n\n<div class=\"wp-block-column is-layout-flow wp-block-column-is-layout-flow\">\n<h4 class=\"wp-block-heading\">Une ouverture sur le monde et le bilinguisme<\/h4>\n\n\n\n<p>L&#8217;immersion compl\u00e8te permet au coll\u00e9gien ou au lyc\u00e9en de lever l\u2019obstacle de la communication en anglais et de franchir les portes du bilinguisme. Au terme du s\u00e9jour, l&#8217;anglais devient un langage familier.<br><\/p>\n<\/div>\n<\/div>\n\n\n\n<div class=\"wp-block-columns has-2-columns column-centre argumentaire-ligne last is-layout-flex wp-container-core-columns-is-layout-6 wp-block-columns-is-layout-flex\">\n<div class=\"wp-block-column is-layout-flow wp-block-column-is-layout-flow\">\n<div class=\"wp-block-image\"><figure class=\"aligncenter is-resized\"><img loading=\"lazy\" decoding=\"async\" src=\"https:\/\/www.calvin-thomas.com\/highschool\/wp-content\/uploads\/sites\/4\/cv.png\" alt=\"un atout pour un CV\" class=\"wp-image-516\" width=\"100\" height=\"100\"\/><\/figure><\/div>\n<\/div>\n\n\n\n<div class=\"wp-block-column is-layout-flow wp-block-column-is-layout-flow\">\n<h4 class=\"wp-block-heading\">Un atout puissant dans un CV<\/h4>\n\n\n\n<p>Un trimestre, un semestre ou une ann\u00e9e d&#8217;\u00e9tude \u00e0 l&#8217;\u00e9tranger peut s&#8217;av\u00e9rer d\u00e9terminant tant au niveau des \u00e9tudes que du parcours professionnel (examens, embauche, exp\u00e9rience, etc.).<\/p>\n<\/div>\n<\/div>\n\n\n<p><\/section>\n\n\n<section class=\"section-gris\"><\/p>\n\n\n\n<div class=\"wp-block-columns has-2-columns column-centre align-bas-hauteur is-layout-flex wp-container-core-columns-is-layout-7 wp-block-columns-is-layout-flex\">\n<div class=\"wp-block-column is-layout-flow wp-block-column-is-layout-flow\">\n<figure class=\"wp-block-image\"><img decoding=\"async\" src=\"https:\/\/www.calvin-thomas.com\/highschool\/wp-content\/uploads\/sites\/4\/equipe-accompagnement.jpg\" alt=\"\u00e9quipe d'accompagnement pour partir \u00e9tudier \u00e0 l'\u00e9tranger\" class=\"wp-image-532\"\/><\/figure>\n<\/div>\n\n\n\n<div class=\"wp-block-column is-layout-flow wp-block-column-is-layout-flow\">\n<p class=\"sub-title\"><strong>Pourquoi choisir Calvin-Thomas ?<\/strong><\/p>\n\n\n\n<h3 class=\"wp-block-heading\" id=\"section2\">Partir \u00e9tudier \u00e0 l&#8217;\u00e9tranger avec un partenaire de confiance<br><\/h3>\n\n\n\n<p><strong>Fort de 30 ans d\u2019exp\u00e9rience, Calvin-Thomas s\u2019appuie sur un r\u00e9seau de partenaires \u00e0 l\u2019\u00e9tranger de confiance et bien souvent de longue date. <\/strong><\/p>\n\n\n\n<p><strong>Structure de taille familiale, l\u2019\u00e9quipe de Calvin-Thomas se compose en majeure partie d\u2019anciens participants ou bien de parents d\u2019anciens participants : nous sommes donc tout \u00e0 fait en mesure de comprendre les \u00e9ventuelles inqui\u00e9tudes qui peuvent se poser avant et pendant la mise en place d\u2019un tel projet de vie. <\/strong><\/p>\n\n\n\n<p><strong>Partir avec Calvin-Thomas c\u2019est donc la garantie de trouver une oreille attentive en cas de difficult\u00e9s et de se voir b\u00e9n\u00e9ficier d\u2019un suivi personnalis\u00e9. Le suivi est assur\u00e9 aussi bien avant que pendant le s\u00e9jour \u2013 une fois de retour en France, l\u2019aventure se poursuit au travers de notre r\u00e9seau d\u2019ancien participant \u201cReAct\u201d.<\/strong><\/p>\n<\/div>\n<\/div>\n\n\n\n<div style=\"height:50px\" aria-hidden=\"true\" class=\"wp-block-spacer\"><\/div>\n\n\n\n<div class=\"wp-block-columns has-2-columns column-centre argumentaire-ligne is-layout-flex wp-container-core-columns-is-layout-8 wp-block-columns-is-layout-flex\">\n<div class=\"wp-block-column is-layout-flow wp-block-column-is-layout-flow\">\n<div class=\"wp-block-image\"><figure class=\"aligncenter is-resized\"><img loading=\"lazy\" decoding=\"async\" src=\"https:\/\/www.calvin-thomas.com\/highschool\/wp-content\/uploads\/sites\/4\/30-ans.png\" alt=\"partenaire depuis 30 ans\" class=\"wp-image-521\" width=\"100\" height=\"100\"\/><\/figure><\/div>\n<\/div>\n\n\n\n<div class=\"wp-block-column is-layout-flow wp-block-column-is-layout-flow\">\n<h4 class=\"wp-block-heading\">Une exp\u00e9rience de 30 ans dans les voyages linguistiques<br><\/h4>\n\n\n\n<p>Depuis 1989, Calvin-thomas accompagne vos enfants dans leur projets de voyages linguistiques en pays anglophones. Notre savoir-faire et notre r\u00e9seau de partenaires et de conseillers solides, sont gages de s\u00e9curit\u00e9 et de garantie pour vous et votre enfant.<\/p>\n<\/div>\n<\/div>\n\n\n\n<div class=\"wp-block-columns has-2-columns column-centre argumentaire-ligne is-layout-flex wp-container-core-columns-is-layout-9 wp-block-columns-is-layout-flex\">\n<div class=\"wp-block-column is-layout-flow wp-block-column-is-layout-flow\">\n<div class=\"wp-block-image\"><figure class=\"aligncenter is-resized\"><img loading=\"lazy\" decoding=\"async\" src=\"https:\/\/www.calvin-thomas.com\/highschool\/wp-content\/uploads\/sites\/4\/famille-accueil.png\" alt=\"Des familles d'accueil s\u00e9lectionn\u00e9es\" class=\"wp-image-523\" width=\"100\" height=\"100\"\/><\/figure><\/div>\n<\/div>\n\n\n\n<div class=\"wp-block-column is-layout-flow wp-block-column-is-layout-flow\">\n<h4 class=\"wp-block-heading\">Des familles d\u2019accueil s\u00e9lectionn\u00e9es avec soin<\/h4>\n\n\n\n<p>Les familles du programme \u201cHigh School\u201d sont choisies par les correspondants de Calvin-Thomas sur des crit\u00e8res simples mais fondamentaux : motivation, chaleur, gentillesse, dynamisme, etc. Ces familles d\u2019accueil sont inform\u00e9es, visit\u00e9es et pr\u00e9par\u00e9es \u00e0 recevoir des \u00e9tudiants sur la longue dur\u00e9e.<\/p>\n<\/div>\n<\/div>\n\n\n\n<div class=\"wp-block-columns has-2-columns column-centre argumentaire-ligne is-layout-flex wp-container-core-columns-is-layout-10 wp-block-columns-is-layout-flex\">\n<div class=\"wp-block-column is-layout-flow wp-block-column-is-layout-flow\">\n<div class=\"wp-block-image\"><figure class=\"aligncenter is-resized\"><img loading=\"lazy\" decoding=\"async\" src=\"https:\/\/www.calvin-thomas.com\/highschool\/wp-content\/uploads\/sites\/4\/contrat-confiance.png\" alt=\"Une charte et engagement\" class=\"wp-image-524\" width=\"100\" height=\"100\"\/><\/figure><\/div>\n<\/div>\n\n\n\n<div class=\"wp-block-column is-layout-flow wp-block-column-is-layout-flow\">\n<h4 class=\"wp-block-heading\">Un engagement pour un respect mutuel<\/h4>\n\n\n\n<p>Au moment de l\u2019inscription, Calvin-Thomas, le participant et ses parents, signent une \u201cCharte\u201d (contrat de vente) qui d\u00e9finit les devoirs et les obligations de chacun et la relation entre tous les acteurs du programme.<\/p>\n<\/div>\n<\/div>\n\n\n\n<div class=\"wp-block-columns has-2-columns column-centre argumentaire-ligne last is-layout-flex wp-container-core-columns-is-layout-11 wp-block-columns-is-layout-flex\">\n<div class=\"wp-block-column is-layout-flow wp-block-column-is-layout-flow\">\n<div class=\"wp-block-image\"><figure class=\"aligncenter is-resized\"><img loading=\"lazy\" decoding=\"async\" src=\"https:\/\/www.calvin-thomas.com\/highschool\/wp-content\/uploads\/sites\/4\/assurance-education.png\" alt=\"assurance et s\u00e9curit\u00e9 \u00e0 l'\u00e9tranger\" class=\"wp-image-522\" width=\"100\" height=\"100\"\/><\/figure><\/div>\n<\/div>\n\n\n\n<div class=\"wp-block-column is-layout-flow wp-block-column-is-layout-flow\">\n<h4 class=\"wp-block-heading\">Une garantie d&#8217;assurance et de s\u00e9curit\u00e9 optimale<br><\/h4>\n\n\n\n<p>Les participants sont couverts sur toute la dur\u00e9e de leur s\u00e9jour. L\u2019assurance est compl\u00e8te et sp\u00e9cialis\u00e9e. Son co\u00fbt est inclus dans le montant du s\u00e9jour. Durant le s\u00e9jour, Calvin-Thomas est joignable 24h\/24, gr\u00e2ce \u00e0 un num\u00e9ro d\u2019urgence (communiqu\u00e9 au participant et \u00e0 ses parents avant le d\u00e9part).<\/p>\n<\/div>\n<\/div>\n\n\n<p><\/section>\n\n\n\n<div style=\"height:50px\" aria-hidden=\"true\" class=\"wp-block-spacer\"><\/div>\n","protected":false},"excerpt":{"rendered":"<p>Vous h\u00e9sitez ?<\/p>\n<p>Il est normal de se poser beaucoup de questions avant le d\u00e9part ! bien plus qu\u2019un simple voyage, participer \u00e0 un s\u00e9jour scolaire s\u2019apparente \u00e0 une v\u00e9ritable exp\u00e9rience de vie\u2026 <\/p>\n<p>La d\u00e9cision de partir, le choix de la formule, de la destination ou encore le choix de l\u2019organisme ne doivent pas \u00eatre prise \u00e0 la l\u00e9g\u00e8res. Voici quelques bonnes raison de sauter le pas !<\/p>\n<ul class=\"liste-menu\">\n<li><a href=\"#section1\">Pourquoi l&#8217;immersion scolaire ?<\/a><\/li>\n<\/ul>\n<p> <a class=\"btn couleur large\" href=\"https:\/\/www.calvin-thomas.com\/highschool\/choisir-son-sejour\/pourquoi-partir-etudier-a-letranger\/\">EN SAVOIR PLUS <\/a><\/p>\n","protected":false},"author":1,"featured_media":78,"parent":146,"menu_order":0,"comment_status":"closed","ping_status":"closed","template":"","meta":{"_uag_custom_page_level_css":"","wp_popup_display_lightbox":0,"wp_popup_suppress":"","wp_popup_trigger":"","wp_popup_trigger_amount":0,"wp_popup_disable_on_mobile":false,"footnotes":""},"uagb_featured_image_src":{"full":["https:\/\/www.calvin-thomas.com\/highschool\/wp-content\/uploads\/\/sites\/4\/entete-pourquoi-partir.jpg",1200,1200,false],"thumbnail":["https:\/\/www.calvin-thomas.com\/highschool\/wp-content\/uploads\/\/sites\/4\/entete-pourquoi-partir-150x150.jpg",150,150,true],"medium":["https:\/\/www.calvin-thomas.com\/highschool\/wp-content\/uploads\/\/sites\/4\/entete-pourquoi-partir-300x300.jpg",300,300,true],"medium_large":["https:\/\/www.calvin-thomas.com\/highschool\/wp-content\/uploads\/\/sites\/4\/entete-pourquoi-partir-768x768.jpg",640,640,true],"large":["https:\/\/www.calvin-thomas.com\/highschool\/wp-content\/uploads\/\/sites\/4\/entete-pourquoi-partir-1024x1024.jpg",640,640,true],"1536x1536":["https:\/\/www.calvin-thomas.com\/highschool\/wp-content\/uploads\/\/sites\/4\/entete-pourquoi-partir.jpg",1200,1200,false],"2048x2048":["https:\/\/www.calvin-thomas.com\/highschool\/wp-content\/uploads\/\/sites\/4\/entete-pourquoi-partir.jpg",1200,1200,false],"gform-image-choice-sm":["https:\/\/www.calvin-thomas.com\/highschool\/wp-content\/uploads\/\/sites\/4\/entete-pourquoi-partir.jpg",300,300,false],"gform-image-choice-md":["https:\/\/www.calvin-thomas.com\/highschool\/wp-content\/uploads\/\/sites\/4\/entete-pourquoi-partir.jpg",400,400,false],"gform-image-choice-lg":["https:\/\/www.calvin-thomas.com\/highschool\/wp-content\/uploads\/\/sites\/4\/entete-pourquoi-partir.jpg",600,600,false]},"uagb_author_info":{"display_name":"redac-calvinthomas","author_link":"https:\/\/www.calvin-thomas.com\/highschool\/author\/redac-calvinthomas\/"},"uagb_comment_info":0,"uagb_excerpt":"Vous h\u00e9sitez ? Il est normal de se poser beaucoup de questions avant le d\u00e9part ! bien plus qu\u2019un simple voyage, participer \u00e0 un s\u00e9jour scolaire s\u2019apparente \u00e0 une v\u00e9ritable exp\u00e9rience de vie\u2026 La d\u00e9cision de partir, le choix de la formule, de la destination ou encore le choix de l\u2019organisme ne doivent pas \u00eatre\u2026","_links":{"self":[{"href":"https:\/\/www.calvin-thomas.com\/highschool\/wp-json\/wp\/v2\/pages\/251"}],"collection":[{"href":"https:\/\/www.calvin-thomas.com\/highschool\/wp-json\/wp\/v2\/pages"}],"about":[{"href":"https:\/\/www.calvin-thomas.com\/highschool\/wp-json\/wp\/v2\/types\/page"}],"author":[{"embeddable":true,"href":"https:\/\/www.calvin-thomas.com\/highschool\/wp-json\/wp\/v2\/users\/1"}],"replies":[{"embeddable":true,"href":"https:\/\/www.calvin-thomas.com\/highschool\/wp-json\/wp\/v2\/comments?post=251"}],"version-history":[{"count":0,"href":"https:\/\/www.calvin-thomas.com\/highschool\/wp-json\/wp\/v2\/pages\/251\/revisions"}],"up":[{"embeddable":true,"href":"https:\/\/www.calvin-thomas.com\/highschool\/wp-json\/wp\/v2\/pages\/146"}],"wp:featuredmedia":[{"embeddable":true,"href":"https:\/\/www.calvin-thomas.com\/highschool\/wp-json\/wp\/v2\/media\/78"}],"wp:attachment":[{"href":"https:\/\/www.calvin-thomas.com\/highschool\/wp-json\/wp\/v2\/media?parent=251"}],"curies":[{"name":"wp","href":"https:\/\/api.w.org\/{rel}","templated":true}]}}