{"id":253,"date":"2018-12-05T17:27:30","date_gmt":"2018-12-05T16:27:30","guid":{"rendered":"https:\/\/www.calvin-thomas.com\/highschool\/?page_id=253"},"modified":"2025-09-02T09:04:19","modified_gmt":"2025-09-02T07:04:19","slug":"point-pratique-et-administratif","status":"publish","type":"page","link":"https:\/\/www.calvin-thomas.com\/highschool\/informations-pratiques\/point-pratique-et-administratif\/","title":{"rendered":"Les points pratiques"},"content":{"rendered":"\n<div style=\"height:50px\" aria-hidden=\"true\" class=\"wp-block-spacer\"><\/div>\n\n\n\n<div class=\"wp-block-columns has-2-columns column-centre is-layout-flex wp-container-core-columns-is-layout-1 wp-block-columns-is-layout-flex\">\n<div class=\"wp-block-column is-layout-flow wp-block-column-is-layout-flow\">\n<h2 class=\"wp-block-heading\">Et c\u00f4t\u00e9 administratif ?<br><\/h2>\n\n\n\n<p>La mise en place de tels s\u00e9jours entra\u00eenent souvent quelques d\u00e9marches administratives. Pas de panique, Calvin-Thomas vous accompagne dans ces formalit\u00e9s pas \u00e0 pas&#8230;<\/p>\n<\/div>\n\n\n\n<div class=\"wp-block-column is-layout-flow wp-block-column-is-layout-flow\">\n<ul class=\"liste-menu\">\n<li><a href=\"#section1\">Passeport &amp; Visa<\/a><\/li>\n\n\n\n<li><a href=\"#section2\">Assurances<\/a><\/li>\n\n\n\n<li><a href=\"#section4\">Aide de l&#8217;association Les Fauvettes<\/a><\/li>\n<\/ul>\n<\/div>\n<\/div>\n\n\n\n<div style=\"height:50px\" aria-hidden=\"true\" class=\"wp-block-spacer\"><\/div>\n\n\n<section class=\"section-bleuclair\"><\/p>\n\n\n\n<div class=\"wp-block-columns has-2-columns column-centre is-layout-flex wp-container-core-columns-is-layout-2 wp-block-columns-is-layout-flex\">\n<div class=\"wp-block-column is-layout-flow wp-block-column-is-layout-flow\">\n<p class=\"sub-title\"><strong>FORMALIT\u00c9S<\/strong><\/p>\n\n\n\n<h3 class=\"wp-block-heading\" id=\"section1\">Passeport &amp; Visa<br><\/h3>\n\n\n\n<p><strong><\/strong><\/p>\n\n\n\n<p><strong>A l\u2019exception du Royaume-Uni, tous les <\/strong><strong>programmes \u201cHigh School\u201d, quelle que soit leur dur\u00e9e<\/strong> <strong>requi\u00e8rent la possession d\u2019un passeport. Il<strong> doit \u00eatre valable au moins 6 mois <\/strong><strong>apr\u00e8s la date de retour pr\u00e9vue<\/strong>.<\/strong><\/p>\n\n\n\n<p><strong>\u00c0 l\u2019exception du Royaume-Uni, un visa<\/strong> <strong>d&#8217;\u00e9tude ou un visa touriste sera \u00e9galement n\u00e9cessaire. <\/strong><strong><\/strong><\/p>\n<\/div>\n\n\n\n<div class=\"wp-block-column is-layout-flow wp-block-column-is-layout-flow\">\n<p><\/p>\n<\/div>\n<\/div>\n\n\n\n<div class=\"wp-block-columns has-2-columns column-centre centrer-hauteur is-layout-flex wp-container-core-columns-is-layout-3 wp-block-columns-is-layout-flex\">\n<div class=\"wp-block-column is-layout-flow wp-block-column-is-layout-flow\">\n<h4 class=\"wp-block-heading\">PASSEPORT<\/h4>\n\n\n\n<p><strong>Si le passeport n&#8217;est pas valable 6 mois apr\u00e8s la date de retour<\/strong> pr\u00e9vue, nous vous invitons \u00e0 <strong>entamer les d\u00e9marches d\u2019obtention ou de renouvellement<\/strong> d\u00e8s l\u2019acceptation de votre candidature.<\/p>\n\n\n\n<p><strong>Pensez \u00e0 v\u00e9rifier la validit\u00e9 de votre passeport !<\/strong><\/p>\n<\/div>\n\n\n\n<div class=\"wp-block-column is-layout-flow wp-block-column-is-layout-flow\">\n<figure class=\"wp-block-image\"><img decoding=\"async\" src=\"https:\/\/www.calvin-thomas.com\/highschool\/wp-content\/uploads\/sites\/4\/passeport.jpg\" alt=\"point administratif : passeport &amp; visa pour son s\u00e9jour d'\u00e9tude \u00e0 l'\u00e9tranger\" class=\"wp-image-718\"\/><\/figure>\n<\/div>\n<\/div>\n\n\n\n<h4 class=\"wp-block-heading content-centrer\">VISA<\/h4>\n\n\n\n<p class=\"content-centrer\">La plupart des <strong>visas touristes<\/strong> (suffisant pour les s\u00e9jours d\u2019un trimestre) s\u2019obtiennent <strong>en ligne<\/strong> ou <strong>\u00e0 l\u2019entr\u00e9e du territoire<\/strong>. Pour la plupart des s\u00e9jours longs, <strong>un visa d\u2019\u00e9tude est requis.<\/strong> En fonction de la destination, ce visa s\u2019obtient <strong>sur internet<\/strong> ou <strong>par courrier<\/strong>. Cependant, dans certains cas, la demande de visa devra \u00eatre <strong>d\u00e9pos\u00e9e en personne \u00e0 l\u2019ambassade<\/strong> (c\u2019est le cas de l\u2019ambassade des USA notamment).<\/p>\n\n\n\n<div style=\"height:20px\" aria-hidden=\"true\" class=\"wp-block-spacer\"><\/div>\n\n\n\n<p class=\"content-centrer\"><strong>Visas n\u00e9cessaires en fonction du pays et de la dur\u00e9e du s\u00e9jour (co\u00fbts indicatifs au 1er d\u00e9cembre 2018)<\/strong><br><\/p>\n\n\n\n<table class=\"wp-block-table content-centrer\" cellspacing=\"0\"><tbody><tr><th rowspan=\"4\">\u00c9TATS-UNIS<\/th><td class=\"col-blanc\">trimestre<br><\/td><td>ESTA &#8211; visa \u00e9lectronique<br><\/td><td>Formalit\u00e9s en ligne<br><\/td><td class=\"col-prix\">21\u20ac<\/td><\/tr><tr><td class=\"col-blanc\">trimestre scolaire<br><\/td><td>Visa F-1<br><\/td><td>RDV en personne \u00e0 l&#8217;ambassade des USA \u00e0 Paris<\/td><td class=\"col-prix\">environ 140\u20ac<\/td><\/tr><tr><td class=\"col-blanc\">semestre scolaire<br><\/td><td>Visa J-1 et Visa F-1<br><\/td><td>RDV en personne \u00e0 l&#8217;ambassade des USA \u00e0 Paris<\/td><td class=\"col-prix\">environ 140\u20ac<\/td><\/tr><tr><td class=\"col-blanc\">ann\u00e9e scolaire<br><\/td><td>Visa J-1 et Visa F-1<br><\/td><td>RDV en personne \u00e0 l&#8217;ambassade des USA \u00e0 Paris<\/td><td class=\"col-prix\">environ 140\u20ac<\/td><\/tr><tr><th rowspan=\"3\">CANADA<\/th><td class=\"col-blanc\">trimestre<\/td><td>\u201cAVE\u201d visa<\/td><td>&#8211;<\/td><td class=\"col-prix\">environ 7\u20ac<\/td><\/tr><tr><td class=\"col-blanc\">semestre<\/td><td>\u201cAVE\u201d visa<\/td><td>&#8211;<\/td><td class=\"col-prix\">environ 7\u20ac<\/td><\/tr><tr><td class=\"col-blanc\">ann\u00e9e scolaire<\/td><td>Study Permit<\/td><td>RDV en personne \u00e0 Paris ou Lyon (prise d\u2019empreintes)<\/td><td class=\"col-prix\">environ 100\u20ac<\/td><\/tr><tr><th rowspan=\"3\">ROYAUME-UNI<\/th><td class=\"col-blanc\">trimestre<\/td><td>Passeport valide<\/td><td>&#8211;<\/td><td class=\"col-prix\">&#8211;<\/td><\/tr><tr><td class=\"col-blanc\">semestre<\/td><td>Passeport valide<\/td><td>&#8211;<\/td><td class=\"col-prix\">&#8211;<\/td><\/tr><tr><td class=\"col-blanc\">ann\u00e9e scolaire<\/td><td>Student Route Visa<\/td><td>&#8211;<\/td><td class=\"col-prix\">350\u00a3<\/td><\/tr><tr><th rowspan=\"3\">AUSTRALIE<\/th><td class=\"col-blanc\">trimestre<\/td><td>ETA &#8211; visa \u00e9lectronique<\/td><td>Calvin-Thomas effectue la demande pour le participant.<\/td><td class=\"col-prix\">Nous consulter<\/td><\/tr><tr><td class=\"col-blanc\">semestre<\/td><td rowspan=\"2\">Subclass 500 &#8211; visa \u00e9lectronique<\/td><td rowspan=\"2\">RDV en personne \u00e0 l\u2019ambassade d&#8217;Australie \u00e0 Paris (prise d\u2019empreintes)<\/td><td rowspan=\"2\" class=\"col-prix\">environ 50\u20ac<\/td><\/tr><tr><td class=\"col-blanc\">ann\u00e9e scolaire<\/td><\/tr><tr><th rowspan=\"3\">NOUVELLE-Z\u00c9LANDE<\/th><td class=\"col-blanc\">trimestre<\/td><td>ETA &#8211; Visa \u00e9lectronique<\/td><td>Formalit\u00e9s en ligne<\/td><td class=\"col-prix\">environ 7\u20ac<\/td><\/tr><tr><td class=\"col-blanc\">semestre<\/td><td rowspan=\"2\">Study Permit<\/td><td rowspan=\"2\">Formalit\u00e9s en ligne<\/td><td rowspan=\"2\" class=\"col-prix\">environ 160\u20ac<\/td><\/tr><tr><td class=\"col-blanc\">ann\u00e9e scolaire<\/td><\/tr><tr><th rowspan=\"3\">AFRIQUE DU SUD<\/th><td class=\"col-blanc\">trimestre<\/td><td>Visa tourisme<\/td><td>\u00c0 prendre \u00e0 l&#8217;arriv\u00e9e sur le territoire.<\/td><td class=\"col-prix\">0\u20ac<\/td><\/tr><tr><td class=\"col-blanc\">semestre<\/td><td rowspan=\"2\">Visa d&#8217;\u00e9tude<\/td><td rowspan=\"2\">D\u00e9marches \u00e0 effectuer par courrier \u00e0 l&#8217;ambassade de Paris.<\/td><td rowspan=\"2\" class=\"col-prix\">environ 52\u20ac<\/td><\/tr><tr><td class=\"col-blanc\">ann\u00e9e scolaire<\/td><\/tr><\/tbody><\/table>\n\n\n\n<div style=\"height:50px\" aria-hidden=\"true\" class=\"wp-block-spacer\"><\/div>\n\n\n<p><\/section>\n\n\n<section class=\"section-gris\"><\/p>\n\n\n\n<div class=\"wp-block-columns has-2-columns column-centre is-layout-flex wp-container-core-columns-is-layout-4 wp-block-columns-is-layout-flex\">\n<div class=\"wp-block-column is-layout-flow wp-block-column-is-layout-flow\">\n<p><\/p>\n<\/div>\n\n\n\n<div class=\"wp-block-column is-layout-flow wp-block-column-is-layout-flow\">\n<p class=\"sub-title\"><strong>COUVERTURE<\/strong><\/p>\n\n\n\n<h3 class=\"wp-block-heading\" id=\"section2\">Les assurances<br><\/h3>\n\n\n\n<p><strong><\/strong><\/p>\n\n\n\n<p><strong>Quelle que soit la dur\u00e9e du s\u00e9jour ou la destination choisie, une assurance m\u00e9dicale, responsabilit\u00e9 civile, hospitalisation et rapatriement est offerte soit par <\/strong><strong>Calvin-Thomas, soit par ses partenaires \u00e9trangers. <\/strong><strong><\/strong><\/p>\n\n\n\n<p><strong><\/strong><\/p>\n<\/div>\n<\/div>\n\n\n\n<div class=\"wp-block-columns has-2-columns column-centre is-layout-flex wp-container-core-columns-is-layout-5 wp-block-columns-is-layout-flex\">\n<div class=\"wp-block-column is-layout-flow wp-block-column-is-layout-flow\">\n<h4 class=\"wp-block-heading\"><strong>LES GARANTIES DES CONTRATS D&#8217;ASSURANCE PENDANT LE S\u00c9JOUR<\/strong><\/h4>\n\n\n\n<p>Le <strong>contrat d&#8217;assurance<\/strong> propos\u00e9 est <strong>adapt\u00e9 aux s\u00e9jours culturels et scolaires \u00e0 l&#8217;\u00e9tranger.<\/strong> Il comporte une garantie m\u00e9dicale, chirurgicale, assistance, responsabilit\u00e9 civile, bagage et protection juridique (du participant). <strong>Cette assurance vous est offerte.<\/strong><br><\/p>\n\n\n\n<p>Nous travaillons notamment avec <strong>AVI<\/strong> <strong>International.<\/strong><\/p>\n\n\n\n<p>Les clauses d&#8217;assurance et les particularit\u00e9s li\u00e9es \u00e0 chaque pays sont d\u00e9taill\u00e9es dans le dossier d&#8217;inscription.<\/p>\n\n\n\n<p><a class=\"btn large couleur\" href=\"https:\/\/www.calvin-thomas.com\/doc\/CG_AVI.pdf\" target=\"_blank\" rel=\"noopener\">Consultez les  conditions g\u00e9n\u00e9rales 2021 \u201cAssurance Voyage SP\u201d AVI<\/a><\/p>\n\n\n\n<p><a class=\"btn large couleur\" rel=\"noreferrer noopener\" aria-label=\" (ouverture dans un nouvel onglet)\" href=\"https:\/\/www.calvin-thomas.com\/pdf\/ISE-EXCLUSIVE_Br&amp;CF_GLM N18156970-EXCLV_2020[1].pdf\" target=\"_blank\">Consultez le contrat d&#8217;assurance Elite 2021<br>(pour le programme Classique High School Ann\u00e9e USA)<\/a><\/p>\n\n\n\n<p><a class=\"btn large couleur\" rel=\"noreferrer noopener\" aria-label=\" (ouverture dans un nouvel onglet)\" href=\"https:\/\/www.calvin-thomas.com\/pdf\/Assurance-Programme-Choix-ville.pdf\" target=\"_blank\">Consultez le contrat d&#8217;assurance 2021<br>(pour le programme \u201cchoix de la ville\u201d)<\/a><\/p>\n<\/div>\n\n\n\n<div class=\"wp-block-column is-layout-flow wp-block-column-is-layout-flow\">\n<h4 class=\"wp-block-heading\"><strong>UNE GARANTIE ANNULATION\/INTERRUPTION DU S\u00c9JOUR (facultative)<\/strong><\/h4>\n\n\n\n<p>Calvin-Thomas vous offre la possibilit\u00e9 de <strong>souscrire une assurance annulation et interruption du s\u00e9jour compl\u00e8te.<\/strong> <\/p>\n\n\n\n<p>Propos\u00e9e par nos partenaires AVI et Travel Zen, cette assurance facultative <strong>vous couvre en cas d&#8217;impossibilit\u00e9 de partir<\/strong> (remboursement des acomptes vers\u00e9es) <strong>et en cas de rapatriement en ce qui concerne l&#8217;interruption du s\u00e9jour<\/strong> (remboursement de la partie du s\u00e9jour non effectu\u00e9e). Consulter les conditions pour chacun des prestataires ci-dessous.<\/p>\n\n\n\n<p>Cette assurance est facultative et peut venir en compl\u00e9ment de l&#8217;option &#8220;Retenues financi\u00e8res r\u00e9duites&#8221; propos\u00e9e par Calvin-Thomas.<\/p>\n\n\n\n<p><a class=\"btn large couleur\" rel=\"noreferrer noopener\" href=\"https:\/\/www.calvin-thomas.com\/pdf\/CG-annulation-AVI.pdf\" target=\"_blank\">T\u00e9l\u00e9chargez les conditions g\u00e9n\u00e9rales 2021 \u201cAssurance annulation\u201d AVI<\/a><\/p>\n\n\n\n<p><a href=\"https:\/\/www.avi-international.biz\/Modules\/AVIModule.aspx?clientid=854&amp;modid=2f334016-3b53-44b5-beb8-6bb2faa5e600\">Souscrivez \u00e0 l&#8217;assurance \u201cannulation\u201d AVI <\/a><\/p>\n<\/div>\n<\/div>\n\n\n<p><\/section>\n\n\n<section class=\"section-bleuclair\"><\/p>\n\n\n\n<div class=\"wp-block-columns has-2-columns column-centre is-layout-flex wp-container-core-columns-is-layout-6 wp-block-columns-is-layout-flex\">\n<div class=\"wp-block-column is-layout-flow wp-block-column-is-layout-flow\">\n<div style=\"height:100px\" aria-hidden=\"true\" class=\"wp-block-spacer\"><\/div>\n\n\n<div class=\"wp-block-image\">\n<figure class=\"aligncenter is-resized\"><img loading=\"lazy\" decoding=\"async\" width=\"520\" height=\"166\" src=\"https:\/\/www.calvin-thomas.com\/highschool\/wp-content\/uploads\/\/sites\/4\/logo-fauvettes.png\" alt=\"aides de l'association Les Fauvettes\" class=\"wp-image-2185\" style=\"width:400px\" srcset=\"https:\/\/www.calvin-thomas.com\/highschool\/wp-content\/uploads\/\/sites\/4\/logo-fauvettes.png 520w, https:\/\/www.calvin-thomas.com\/highschool\/wp-content\/uploads\/\/sites\/4\/logo-fauvettes-300x96.png 300w\" sizes=\"(max-width: 520px) 100vw, 520px\" \/><\/figure><\/div>\n\n\n<div style=\"height:20px\" aria-hidden=\"true\" class=\"wp-block-spacer\"><\/div>\n<\/div>\n\n\n\n<div class=\"wp-block-column is-layout-flow wp-block-column-is-layout-flow\">\n<p class=\"sub-title\">AIDES<\/p>\n\n\n\n<h3 class=\"wp-block-heading\" id=\"section4\">Les Fauvettes<\/h3>\n\n\n\n<p><strong>Pour tous les personnels du minist\u00e8re de l\u2019\u00c9ducation nationale, qu\u2019ils soient enseignants ou non, une aide sans condition de ressources peut \u00eatre accord\u00e9e par l\u2019association \u201cLes Fauvettes\u201d pour un s\u00e9jour HighSchool Calvin-Thomas.<\/strong><\/p>\n\n\n\n<p>Consulter le site : <a rel=\"noreferrer noopener\" href=\"http:\/\/www.les-fauvettes.fr\" target=\"_blank\">www.les-fauvettes.fr<\/a><\/p>\n\n\n\n<div style=\"height:30px\" aria-hidden=\"true\" class=\"wp-block-spacer\"><\/div>\n\n\n\n<p>\u00c0 NOTER :<\/p>\n\n\n\n<ul>\n<li>Le nombre de bourses est limit\u00e9 chaque ann\u00e9e.<\/li>\n\n\n\n<li>Pour les s\u00e9jours Highschool, le montant de la bourse par s\u00e9jour et par enfant est de 500\u20ac.<\/li>\n\n\n\n<li>Vous devez constituer votre demande de bourse d\u00e8s votre inscription, en envoyant une demande par email \u00e0  <a href=\"mailto:sibel@calvin-thomas.com\" target=\"_blank\" rel=\"noreferrer noopener\">sibel@calvin-thomas.com.<\/a><\/li>\n\n\n\n<li>La bourse \u2014 si vous y \u00eates \u00e9ligible \u2014 sera ensuite d\u00e9duite du solde \u00e0 payer.<\/li>\n<\/ul>\n<\/div>\n<\/div>\n\n\n<p><\/section>\n\n\n\n<div style=\"height:50px\" aria-hidden=\"true\" class=\"wp-block-spacer\"><\/div>\n","protected":false},"excerpt":{"rendered":"<p>Et c\u00f4t\u00e9 administratif ?<\/p>\n<p>La mise en place de tels s\u00e9jours entra\u00eenent souvent quelques d\u00e9marches administratives. Pas de panique, Calvin-Thomas vous accompagne dans ces formalit\u00e9s pas \u00e0 pas&#8230;<\/p>\n<ul class=\"liste-menu\">\n<li><a href=\"#section1\">Passeport &amp; Visa<\/a><\/li>\n<li><a href=\"#section2\">Assurances<\/a><\/li>\n<li><a href=\"#section4\">Aide de l&#8217;association Les Fauvettes<\/a><\/li>\n<\/ul>\n<p> <a class=\"btn couleur large\" href=\"https:\/\/www.calvin-thomas.com\/highschool\/informations-pratiques\/point-pratique-et-administratif\/\">EN SAVOIR PLUS <\/a><\/p>\n","protected":false},"author":1,"featured_media":89,"parent":149,"menu_order":0,"comment_status":"closed","ping_status":"closed","template":"","meta":{"_uag_custom_page_level_css":"","wp_popup_display_lightbox":0,"wp_popup_suppress":"","wp_popup_trigger":"","wp_popup_trigger_amount":0,"wp_popup_disable_on_mobile":false,"footnotes":""},"uagb_featured_image_src":{"full":["https:\/\/www.calvin-thomas.com\/highschool\/wp-content\/uploads\/\/sites\/4\/entete-visa-passeport.jpg",1200,1200,false],"thumbnail":["https:\/\/www.calvin-thomas.com\/highschool\/wp-content\/uploads\/\/sites\/4\/entete-visa-passeport-150x150.jpg",150,150,true],"medium":["https:\/\/www.calvin-thomas.com\/highschool\/wp-content\/uploads\/\/sites\/4\/entete-visa-passeport-300x300.jpg",300,300,true],"medium_large":["https:\/\/www.calvin-thomas.com\/highschool\/wp-content\/uploads\/\/sites\/4\/entete-visa-passeport-768x768.jpg",640,640,true],"large":["https:\/\/www.calvin-thomas.com\/highschool\/wp-content\/uploads\/\/sites\/4\/entete-visa-passeport-1024x1024.jpg",640,640,true],"1536x1536":["https:\/\/www.calvin-thomas.com\/highschool\/wp-content\/uploads\/\/sites\/4\/entete-visa-passeport.jpg",1200,1200,false],"2048x2048":["https:\/\/www.calvin-thomas.com\/highschool\/wp-content\/uploads\/\/sites\/4\/entete-visa-passeport.jpg",1200,1200,false],"gform-image-choice-sm":["https:\/\/www.calvin-thomas.com\/highschool\/wp-content\/uploads\/\/sites\/4\/entete-visa-passeport.jpg",300,300,false],"gform-image-choice-md":["https:\/\/www.calvin-thomas.com\/highschool\/wp-content\/uploads\/\/sites\/4\/entete-visa-passeport.jpg",400,400,false],"gform-image-choice-lg":["https:\/\/www.calvin-thomas.com\/highschool\/wp-content\/uploads\/\/sites\/4\/entete-visa-passeport.jpg",600,600,false]},"uagb_author_info":{"display_name":"redac-calvinthomas","author_link":"https:\/\/www.calvin-thomas.com\/highschool\/author\/redac-calvinthomas\/"},"uagb_comment_info":0,"uagb_excerpt":"Et c\u00f4t\u00e9 administratif ? La mise en place de tels s\u00e9jours entra\u00eenent souvent quelques d\u00e9marches administratives. Pas de panique, Calvin-Thomas vous accompagne dans ces formalit\u00e9s pas \u00e0 pas&#8230; Passeport &amp; Visa Assurances Aide de l&#8217;association Les Fauvettes EN SAVOIR PLUS","_links":{"self":[{"href":"https:\/\/www.calvin-thomas.com\/highschool\/wp-json\/wp\/v2\/pages\/253"}],"collection":[{"href":"https:\/\/www.calvin-thomas.com\/highschool\/wp-json\/wp\/v2\/pages"}],"about":[{"href":"https:\/\/www.calvin-thomas.com\/highschool\/wp-json\/wp\/v2\/types\/page"}],"author":[{"embeddable":true,"href":"https:\/\/www.calvin-thomas.com\/highschool\/wp-json\/wp\/v2\/users\/1"}],"replies":[{"embeddable":true,"href":"https:\/\/www.calvin-thomas.com\/highschool\/wp-json\/wp\/v2\/comments?post=253"}],"version-history":[{"count":1,"href":"https:\/\/www.calvin-thomas.com\/highschool\/wp-json\/wp\/v2\/pages\/253\/revisions"}],"predecessor-version":[{"id":3403,"href":"https:\/\/www.calvin-thomas.com\/highschool\/wp-json\/wp\/v2\/pages\/253\/revisions\/3403"}],"up":[{"embeddable":true,"href":"https:\/\/www.calvin-thomas.com\/highschool\/wp-json\/wp\/v2\/pages\/149"}],"wp:featuredmedia":[{"embeddable":true,"href":"https:\/\/www.calvin-thomas.com\/highschool\/wp-json\/wp\/v2\/media\/89"}],"wp:attachment":[{"href":"https:\/\/www.calvin-thomas.com\/highschool\/wp-json\/wp\/v2\/media?parent=253"}],"curies":[{"name":"wp","href":"https:\/\/api.w.org\/{rel}","templated":true}]}}