{"id":259,"date":"2018-12-05T17:37:05","date_gmt":"2018-12-05T16:37:05","guid":{"rendered":"https:\/\/www.calvin-thomas.com\/highschool\/?page_id=259"},"modified":"2024-07-24T11:12:27","modified_gmt":"2024-07-24T09:12:27","slug":"lycees-afrique-sud","status":"publish","type":"page","link":"https:\/\/www.calvin-thomas.com\/highschool\/lycees-afrique-sud\/","title":{"rendered":"Nos lyc\u00e9es d&#8217;Afrique du Sud partenaires"},"content":{"rendered":"\n<div style=\"height:30px\" aria-hidden=\"true\" class=\"wp-block-spacer\"><\/div>\n\n\n\n<div class=\"wp-block-columns has-2-columns column-centre is-layout-flex wp-container-core-columns-is-layout-1 wp-block-columns-is-layout-flex\">\n<div class=\"wp-block-column is-layout-flow wp-block-column-is-layout-flow\">\n<p>Les lyc\u00e9es d\u2019Afrique du Sud partenaires du r\u00e9seau Calvin-Thomas sont tous localis\u00e9s sur la r\u00e9gion du Cap. <br>Ces lyc\u00e9es d\u2019Afrique du Sud sont tous payants. Ils peuvent \u00eatre aussi bien priv\u00e9s que publics.<\/p>\n\n\n\n<p>Ces \u00e9coles, qui ont des moyens plus importants que les \u00e9coles publiques non  payantes, permettent de garantir certaines activit\u00e9s et d\u2019offrir au  participant un encadrement de proximit\u00e9.<\/p>\n\n\n\n<p class=\"has-text-align-left intro\">Nota : ces lyc\u00e9es d\u2019Afrique du Sud font partie des \u00e9tablissements disponibles pour un <a href=\"https:\/\/www.calvin-thomas.com\/highschool\/sejour-scolaire\/afrique-du-sud-select\/\">s\u00e9jour \u201cAfrique du Sud \u2013 Choice +\u201d<\/a>.<\/p>\n<\/div>\n\n\n\n<div class=\"wp-block-column is-layout-flow wp-block-column-is-layout-flow\"><\/div>\n<\/div>\n\n\n\n<div style=\"height:100px\" aria-hidden=\"true\" class=\"wp-block-spacer\"><\/div>\n\n\n\n<div class=\"wp-block-columns has-2-columns column-centre is-layout-flex wp-container-core-columns-is-layout-2 wp-block-columns-is-layout-flex\">\n<div class=\"wp-block-column cadre-lycee is-layout-flow wp-block-column-is-layout-flow\">\n<figure class=\"wp-block-image\"><img loading=\"lazy\" decoding=\"async\" width=\"860\" height=\"500\" src=\"https:\/\/www.calvin-thomas.com\/highschool\/wp-content\/uploads\/\/sites\/4\/Worthin.jpg\" alt=\"Worthin\" class=\"wp-image-2606\" srcset=\"https:\/\/www.calvin-thomas.com\/highschool\/wp-content\/uploads\/\/sites\/4\/Worthin.jpg 860w, https:\/\/www.calvin-thomas.com\/highschool\/wp-content\/uploads\/\/sites\/4\/Worthin-300x174.jpg 300w, https:\/\/www.calvin-thomas.com\/highschool\/wp-content\/uploads\/\/sites\/4\/Worthin-768x447.jpg 768w\" sizes=\"(max-width: 860px) 100vw, 860px\" \/><\/figure>\n\n\n\n<h4 class=\"wp-block-heading column-centre\"><strong>Abbotts College<\/strong><br><em>Capetown<\/em><\/h4>\n\n\n\n<details class=\"wp-block-details is-layout-flow wp-block-details-is-layout-flow\"><summary>Pr\u00e9sentation<\/summary>\n<p>Premier \u00e9tablissement d\u2019Afrique du Sud pour les classes de 10\u00e8, 11\u00e8 et 12\u00e8 ann\u00e9es, ce lyc\u00e9e est situ\u00e9 au Cap dans le quartier de Rondebosh.<br>L\u2019Abbotts College permet aux \u00e9tudiants d\u2019exprimer leur individualit\u00e9 dans un environnement o\u00f9 les enseignants et les \u00e9tudiants s\u2019efforcent d\u2019obtenir les meilleurs r\u00e9sultats. Les petites classes assurent une attention individuelle. Les cours de devoirs surveill\u00e9s au Coll\u00e8ge font partie de la routine quotidienne. Les cours suppl\u00e9mentaires font partie int\u00e9grante de l\u2019emploi du temps. Un choix extr\u00eamement large de mati\u00e8res est propos\u00e9 (\u00e9conomie, tourisme, allemand, design, visual arts, arts dramatiques, commerce, comptabilit\u00e9, science, etc.).<br>Chaque \u00e9tudiant a un mentor personnel. Les enseignants y sont de haut niveau et exp\u00e9riment\u00e9s. L\u2019\u00e9cole encourage la participation et favorise l\u2019apprentissage collectif et individuel. Le code de conduite permet aux \u00e9tudiants de s\u2019\u00e9panouir dans un environnement s\u00e9curis\u00e9.<\/p>\n<\/details>\n<\/div>\n\n\n\n<div class=\"wp-block-column cadre-lycee is-layout-flow wp-block-column-is-layout-flow\">\n<figure class=\"wp-block-image\"><img loading=\"lazy\" decoding=\"async\" width=\"860\" height=\"500\" src=\"https:\/\/www.calvin-thomas.com\/highschool\/wp-content\/uploads\/\/sites\/4\/East-Sussex-College.jpg\" alt=\"East Sussex College\" class=\"wp-image-2607\" srcset=\"https:\/\/www.calvin-thomas.com\/highschool\/wp-content\/uploads\/\/sites\/4\/East-Sussex-College.jpg 860w, https:\/\/www.calvin-thomas.com\/highschool\/wp-content\/uploads\/\/sites\/4\/East-Sussex-College-300x174.jpg 300w, https:\/\/www.calvin-thomas.com\/highschool\/wp-content\/uploads\/\/sites\/4\/East-Sussex-College-768x447.jpg 768w\" sizes=\"(max-width: 860px) 100vw, 860px\" \/><\/figure>\n\n\n\n<h4 class=\"wp-block-heading column-centre\"><strong>Cannon\u2019s Creek<\/strong><br><em>Captown<\/em><\/h4>\n\n\n\n<details class=\"wp-block-details is-layout-flow wp-block-details-is-layout-flow\"><summary>Pr\u00e9sentation<\/summary>\n<p>L\u2019\u00e9cole ind\u00e9pendante de Cannon\u2019s Creek est une \u00e9cole communautaire s\u00fbre, \u00e0 l\u2019\u00e9thique chr\u00e9tienne, avec des professionnels passionn\u00e9s qui s\u2019efforcent de former des jeunes gens confiants et dignes de confiance, situ\u00e9e \u00e0 Pinelands (Cape town). <br>Gr\u00e2ce \u00e0 la d\u00e9termination et au travail acharn\u00e9 du personnel, soutenu par les parents et les administrateurs de l\u2019\u00e9cole, l\u2019\u00e9cole a fourni une plateforme permettant aux \u00e9l\u00e8ves d\u2019\u00eatre pr\u00e9par\u00e9s \u00e0 une combinaison d\u2019une excellente \u00e9ducation polyvalente et de comp\u00e9tences de vie. L\u2019objectif d\u2019aider les enfants \u00e0 devenir des membres responsables, bien adapt\u00e9s et positifs de notre soci\u00e9t\u00e9 gr\u00e2ce \u00e0 une excellente \u00e9ducation. L\u2019\u00e9cole s\u2019engage \u00e0 fournir un environnement d\u2019apprentissage heureux et sans stress, dans une atmosph\u00e8re chaleureuse et stimulante. <br>Le choix des mati\u00e8res y est vari\u00e9 (comptabilit\u00e9, sciences, g\u00e9ographie, voyages et tourisme, informatique, arts et culture, arts visuels, design,\u2026), tout comme les sports (cricket, hockey, tennis, \u00e9quitation, voile,\u2026) ou les activit\u00e9s culturelles (musique, chorale, cin\u00e9ma,\u2026).<\/p>\n<\/details>\n<\/div>\n<\/div>\n\n\n\n<div class=\"wp-block-columns has-2-columns column-centre is-layout-flex wp-container-core-columns-is-layout-3 wp-block-columns-is-layout-flex\">\n<div class=\"wp-block-column cadre-lycee is-layout-flow wp-block-column-is-layout-flow\">\n<figure class=\"wp-block-image\"><img loading=\"lazy\" decoding=\"async\" width=\"860\" height=\"500\" src=\"https:\/\/www.calvin-thomas.com\/highschool\/wp-content\/uploads\/\/sites\/4\/bexhill.jpg\" alt=\"Bexhill College\" class=\"wp-image-2608\" srcset=\"https:\/\/www.calvin-thomas.com\/highschool\/wp-content\/uploads\/\/sites\/4\/bexhill.jpg 860w, https:\/\/www.calvin-thomas.com\/highschool\/wp-content\/uploads\/\/sites\/4\/bexhill-300x174.jpg 300w, https:\/\/www.calvin-thomas.com\/highschool\/wp-content\/uploads\/\/sites\/4\/bexhill-768x447.jpg 768w\" sizes=\"(max-width: 860px) 100vw, 860px\" \/><\/figure>\n\n\n\n<h4 class=\"wp-block-heading column-centre\"><strong>Curro private School<\/strong> <br><em>Capetown<\/em><\/h4>\n\n\n\n<details class=\"wp-block-details is-layout-flow wp-block-details-is-layout-flow\"><summary>Pr\u00e9sentation<\/summary>\n<p>Curro Provate School se donne pour mission d\u2019\u00e9duquer les enfants afin d\u2019en faire des individus heureux, \u00e9quilibr\u00e9s et curieux qui apporteront une contribution significative \u00e0 la soci\u00e9t\u00e9 en tant que citoyens polyvalents et responsables. <br>Les points forts de ce lyc\u00e9e sont : un ratio de 20 \u00e9l\u00e8ves par classe, des \u00e9ducateurs bien form\u00e9s qui ont \u00e0 c\u0153ur les besoins de chacun, un programme scolaire dynamique qui peut rivaliser avec les normes internationales en mati\u00e8re d\u2019\u00e9ducation et qui est \u00e9galement align\u00e9 sur le programme national r\u00e9vis\u00e9 et un programme de d\u00e9veloppement personnel pour chaque apprenant, g\u00e9r\u00e9 par notre responsable du programme scolaire. <br>De nombreuses mati\u00e8res acad\u00e9miques sont propos\u00e9es (langues, alphab\u00e9tisation et communication, sciences naturelles, sciences humaines et sociales, art et culture, musique, etc.) tout comme un large panel de sports (tennis, netball, cricket, rugby, hockey, athl\u00e9tisme) ou d\u2019activit\u00e9s extra-muros (art, th\u00e9\u00e2tre, musique, photographie, d\u00e9bats, ballet, etc.)<\/p>\n<\/details>\n<\/div>\n\n\n\n<div class=\"wp-block-column cadre-lycee is-layout-flow wp-block-column-is-layout-flow\">\n<figure class=\"wp-block-image\"><img loading=\"lazy\" decoding=\"async\" width=\"860\" height=\"500\" src=\"https:\/\/www.calvin-thomas.com\/highschool\/wp-content\/uploads\/\/sites\/4\/Wynberg-School.jpg\" alt=\"Wynberg School\" class=\"wp-image-2835\" srcset=\"https:\/\/www.calvin-thomas.com\/highschool\/wp-content\/uploads\/\/sites\/4\/Wynberg-School.jpg 860w, https:\/\/www.calvin-thomas.com\/highschool\/wp-content\/uploads\/\/sites\/4\/Wynberg-School-300x174.jpg 300w, https:\/\/www.calvin-thomas.com\/highschool\/wp-content\/uploads\/\/sites\/4\/Wynberg-School-768x447.jpg 768w\" sizes=\"(max-width: 860px) 100vw, 860px\" \/><\/figure>\n\n\n\n<h4 class=\"wp-block-heading column-centre\"><strong>Wynberg School<\/strong> <br><em>Capetown<\/em><\/h4>\n\n\n\n<details class=\"wp-block-details is-layout-flow wp-block-details-is-layout-flow\"><summary>Pr\u00e9sentation<\/summary>\n<p>Fond\u00e9e en 1841, Wynberg High School est une \u00e9cole priv\u00e9e pour gar\u00e7ons. Elle propose aux \u00e9tudiants de choisir 3 mati\u00e8res \u201c\u00e0 la carte\u201d parmi un grand choix : Physical sciences, Life sciences, Information technology, Engineering Graphics and Design, Visual Arts, Music, Geography, History, Economics et Accounting. Ces 3 mati\u00e8res sont \u00e0 associer avec 4 mati\u00e8res \u201ctronc commun\u201d : Anglais, Afrikaans ou Xhosa, Maths et \u201cLife Orientation\u201d. L\u2019\u00e9cole s\u2019assume en tant qu\u2019\u00e9tablissement pour gar\u00e7ons, croyant en ses \u00e9l\u00e8ves \u00e0 100% : les \u00e9l\u00e8ves sont encourag\u00e9s \u00e0 pratiquer du sport avec passion, en portant les couleurs de Wynberg, dont le slogan est \u201cNever Give Up\u201d.<\/p>\n<\/details>\n<\/div>\n<\/div>\n\n\n\n<div class=\"wp-block-columns has-2-columns column-centre is-layout-flex wp-container-core-columns-is-layout-4 wp-block-columns-is-layout-flex\">\n<div class=\"wp-block-column cadre-lycee is-layout-flow wp-block-column-is-layout-flow\">\n<figure class=\"wp-block-image size-full\"><img loading=\"lazy\" decoding=\"async\" width=\"860\" height=\"500\" src=\"https:\/\/www.calvin-thomas.com\/highschool\/wp-content\/uploads\/\/sites\/4\/Reddam-House-Durbanville.jpg\" alt=\"Reddam House Durbanville\" class=\"wp-image-3156\" srcset=\"https:\/\/www.calvin-thomas.com\/highschool\/wp-content\/uploads\/\/sites\/4\/Reddam-House-Durbanville.jpg 860w, https:\/\/www.calvin-thomas.com\/highschool\/wp-content\/uploads\/\/sites\/4\/Reddam-House-Durbanville-300x174.jpg 300w, https:\/\/www.calvin-thomas.com\/highschool\/wp-content\/uploads\/\/sites\/4\/Reddam-House-Durbanville-768x447.jpg 768w\" sizes=\"(max-width: 860px) 100vw, 860px\" \/><\/figure>\n\n\n\n<h4 class=\"wp-block-heading column-centre\"><strong>Reddam House Durbanville<\/strong><br><em>Capetown<\/em><\/h4>\n\n\n\n<details class=\"wp-block-details is-layout-flow wp-block-details-is-layout-flow\"><summary>Pr\u00e9sentation<\/summary>\n<p>Reddam House Durbanville est un lyc\u00e9e priv\u00e9 dont la vision est de d\u00e9velopper au maximum le potentiel de chacun de ses \u00e9tudiants\u00a0! Leur approche p\u00e9dagogique est d\u2019apport \u00e0 leurs \u00e9l\u00e8ves les outils n\u00e9cessaires et la confiance pour r\u00e9ussir leur scolarit\u00e9 et leur futur. <br>Cet \u00e9tablissement poss\u00e8de les \u00e9quipements les plus modernes, notamment en termes de robotique ou d\u2019impression 3D. Parmi ses infrastructures, on y trouve un laboratoire de science et biologie, un auditorium impressionnant, studios de danse et de musique, et un grand stade.<br>Pour Reddam House Durbanville, le sport et l\u2019art sont des piliers fondamentaux\u00a0: des cours de danse, d\u2019art fantastique, th\u00e9\u00e2tre, design et de musique sont propos\u00e9es en option.<\/p>\n<\/details>\n<\/div>\n\n\n\n<div class=\"wp-block-column is-layout-flow wp-block-column-is-layout-flow\"><\/div>\n<\/div>\n\n\n\n<div style=\"height:50px\" aria-hidden=\"true\" class=\"wp-block-spacer\"><\/div>\n\n\n\n<figure class=\"wp-block-image alignfull citation-image-fullwidth\"><img decoding=\"async\" src=\"https:\/\/www.calvin-thomas.com\/highschool\/wp-content\/uploads\/sites\/4\/entete-programme-afrique-sud-2.jpg\" alt=\"\" class=\"wp-image-106\"\/><figcaption class=\"wp-element-caption\">Les \u00e9coles d&#8217;Afrique du Sud offrent des garanties de nouveaut\u00e9 et de chaleur humaine, l\u2019exotisme et l\u2019enrichissement personnel sont \u00e0 coup s\u00fbr au rendez-vous.<\/figcaption><\/figure>\n\n\n\n<div style=\"height:50px\" aria-hidden=\"true\" class=\"wp-block-spacer\"><\/div>\n","protected":false},"excerpt":{"rendered":"<p>Les lyc\u00e9es d\u2019Afrique du Sud partenaires du r\u00e9seau Calvin-Thomas sont tous localis\u00e9s sur la r\u00e9gion du Cap. <br \/>Ces lyc\u00e9es d\u2019Afrique du Sud sont tous payants. Ils peuvent \u00eatre aussi bien priv\u00e9s que publics.<\/p>\n<p>Ces \u00e9coles, qui ont des moyens plus importants que les \u00e9coles publiques non  payantes, permettent de garantir certaines activit\u00e9s et d\u2019offrir au  participant un encadrement de proximit\u00e9.<\/p>\n<p class=\"has-text-align-left intro\">Nota : ces lyc\u00e9es d\u2019Afrique du Sud font partie des \u00e9tablissements disponibles pour un <a href=\"https:\/\/www.calvin-thomas.com\/highschool\/sejour-scolaire\/afrique-du-sud-select\/\">s\u00e9jour \u201cAfrique du Sud \u2013 Choice +\u201d<\/a>.<\/p>\n<p> <a class=\"btn couleur large\" href=\"https:\/\/www.calvin-thomas.com\/highschool\/lycees-afrique-sud\/\">EN SAVOIR PLUS <\/a><\/p>\n","protected":false},"author":1,"featured_media":2618,"parent":0,"menu_order":2,"comment_status":"closed","ping_status":"closed","template":"","meta":{"_uag_custom_page_level_css":"","wp_popup_display_lightbox":0,"wp_popup_suppress":"","wp_popup_trigger":"","wp_popup_trigger_amount":0,"wp_popup_disable_on_mobile":false,"footnotes":""},"uagb_featured_image_src":{"full":["https:\/\/www.calvin-thomas.com\/highschool\/wp-content\/uploads\/\/sites\/4\/entete-ecoles-afrique-sud.jpg",1024,480,false],"thumbnail":["https:\/\/www.calvin-thomas.com\/highschool\/wp-content\/uploads\/\/sites\/4\/entete-ecoles-afrique-sud-150x150.jpg",150,150,true],"medium":["https:\/\/www.calvin-thomas.com\/highschool\/wp-content\/uploads\/\/sites\/4\/entete-ecoles-afrique-sud-300x141.jpg",300,141,true],"medium_large":["https:\/\/www.calvin-thomas.com\/highschool\/wp-content\/uploads\/\/sites\/4\/entete-ecoles-afrique-sud-768x360.jpg",640,300,true],"large":["https:\/\/www.calvin-thomas.com\/highschool\/wp-content\/uploads\/\/sites\/4\/entete-ecoles-afrique-sud-1024x480.jpg",640,300,true],"1536x1536":["https:\/\/www.calvin-thomas.com\/highschool\/wp-content\/uploads\/\/sites\/4\/entete-ecoles-afrique-sud.jpg",1024,480,false],"2048x2048":["https:\/\/www.calvin-thomas.com\/highschool\/wp-content\/uploads\/\/sites\/4\/entete-ecoles-afrique-sud.jpg",1024,480,false],"gform-image-choice-sm":["https:\/\/www.calvin-thomas.com\/highschool\/wp-content\/uploads\/\/sites\/4\/entete-ecoles-afrique-sud.jpg",300,141,false],"gform-image-choice-md":["https:\/\/www.calvin-thomas.com\/highschool\/wp-content\/uploads\/\/sites\/4\/entete-ecoles-afrique-sud.jpg",400,188,false],"gform-image-choice-lg":["https:\/\/www.calvin-thomas.com\/highschool\/wp-content\/uploads\/\/sites\/4\/entete-ecoles-afrique-sud.jpg",600,281,false]},"uagb_author_info":{"display_name":"redac-calvinthomas","author_link":"https:\/\/www.calvin-thomas.com\/highschool\/author\/redac-calvinthomas\/"},"uagb_comment_info":0,"uagb_excerpt":"Les lyc\u00e9es d\u2019Afrique du Sud partenaires du r\u00e9seau Calvin-Thomas sont tous localis\u00e9s sur la r\u00e9gion du Cap. Ces lyc\u00e9es d\u2019Afrique du Sud sont tous payants. Ils peuvent \u00eatre aussi bien priv\u00e9s que publics. Ces \u00e9coles, qui ont des moyens plus importants que les \u00e9coles publiques non payantes, permettent de garantir certaines activit\u00e9s et d\u2019offrir au\u2026","_links":{"self":[{"href":"https:\/\/www.calvin-thomas.com\/highschool\/wp-json\/wp\/v2\/pages\/259"}],"collection":[{"href":"https:\/\/www.calvin-thomas.com\/highschool\/wp-json\/wp\/v2\/pages"}],"about":[{"href":"https:\/\/www.calvin-thomas.com\/highschool\/wp-json\/wp\/v2\/types\/page"}],"author":[{"embeddable":true,"href":"https:\/\/www.calvin-thomas.com\/highschool\/wp-json\/wp\/v2\/users\/1"}],"replies":[{"embeddable":true,"href":"https:\/\/www.calvin-thomas.com\/highschool\/wp-json\/wp\/v2\/comments?post=259"}],"version-history":[{"count":0,"href":"https:\/\/www.calvin-thomas.com\/highschool\/wp-json\/wp\/v2\/pages\/259\/revisions"}],"wp:featuredmedia":[{"embeddable":true,"href":"https:\/\/www.calvin-thomas.com\/highschool\/wp-json\/wp\/v2\/media\/2618"}],"wp:attachment":[{"href":"https:\/\/www.calvin-thomas.com\/highschool\/wp-json\/wp\/v2\/media?parent=259"}],"curies":[{"name":"wp","href":"https:\/\/api.w.org\/{rel}","templated":true}]}}