{"id":3127,"date":"2024-07-16T16:26:17","date_gmt":"2024-07-16T14:26:17","guid":{"rendered":"https:\/\/www.calvin-thomas.com\/highschool\/?page_id=3127"},"modified":"2025-08-01T09:19:21","modified_gmt":"2025-08-01T07:19:21","slug":"etats-unis-boarding-school-bachelier","status":"publish","type":"page","link":"https:\/\/www.calvin-thomas.com\/highschool\/etats-unis-boarding-school-bachelier\/","title":{"rendered":"\u00c9tats-Unis"},"content":{"rendered":"\n<div class=\"wp-block-columns has-7-columns column_container barre-icones is-layout-flex wp-container-core-columns-is-layout-1 wp-block-columns-is-layout-flex\">\n<div class=\"wp-block-column is-layout-flow wp-block-column-is-layout-flow\">\n<p class=\"has-text-align-center age\">17-19 ANS<\/p>\n<\/div>\n\n\n\n<div class=\"wp-block-column is-layout-flow wp-block-column-is-layout-flow\">\n<p class=\"has-text-align-center duree\">SEMESTRE \/ ANN\u00c9E SCOLAIRE<\/p>\n<\/div>\n\n\n\n<div class=\"wp-block-column is-layout-flow wp-block-column-is-layout-flow\">\n<p class=\"has-text-align-center hebergement\">SUR CAMPUS<\/p>\n<\/div>\n\n\n\n<div class=\"wp-block-column is-layout-flow wp-block-column-is-layout-flow\">\n<p class=\"has-text-align-center ecole\">\u00c9COLE PRIV\u00c9E<br><\/p>\n<\/div>\n\n\n\n<div class=\"wp-block-column is-layout-flow wp-block-column-is-layout-flow\">\n<p class=\"has-text-align-center depart\">JANVIER, AO\u00dbT<\/p>\n<\/div>\n\n\n\n<div class=\"wp-block-column is-layout-flow wp-block-column-is-layout-flow\">\n<p class=\"has-text-align-center vol\">VOL NON INCLUS<br><\/p>\n<\/div>\n\n\n\n<div class=\"wp-block-column prix is-layout-flow wp-block-column-is-layout-flow\">\n<p class=\"tarifs\">\u00c0 PARTIR DE <br><strong>30 600 \u20ac<\/strong><\/p>\n\n\n\n<!--more-->\n<\/div>\n<\/div>\n\n\n\n<div class=\"wp-block-columns has-2-columns column_container column-centre is-layout-flex wp-container-core-columns-is-layout-2 wp-block-columns-is-layout-flex\">\n<div class=\"wp-block-column is-layout-flow wp-block-column-is-layout-flow\">\n<figure class=\"wp-block-image is-resized img-direction\"><img decoding=\"async\" src=\"https:\/\/www.calvin-thomas.com\/highschool\/wp-content\/uploads\/sites\/4\/carte-highschool-usa_01.png\" alt=\"Direction Les \u00c9tats-Unis\" class=\"wp-image-110\"\/><\/figure>\n\n\n\n<figure class=\"wp-block-image is-resized img-direction\"><img decoding=\"async\" src=\"https:\/\/www.calvin-thomas.com\/highschool\/wp-content\/uploads\/\/sites\/4\/carte-highschool-usa-choix-ecole_02.png\" alt=\"S\u00e9jour Scolaire aux USA\" class=\"wp-image-111\"\/><\/figure>\n\n\n\n<p class=\"intro\"><strong>Ce programme de s\u00e9jour scolaire est une formule premium et in\u00e9dite&nbsp;!<\/strong><br><strong>Il est conseill\u00e9 aux \u00e9tudiants qui souhaitent fr\u00e9quenter une \u00e9cole de qualit\u00e9, apprendre la culture am\u00e9ricaine, recevoir une excellente \u00e9ducation, tout en vivant une exp\u00e9rience scolaire riche d\u2019opportunit\u00e9s sportives et artistiques.<\/strong><\/p>\n\n\n\n<h2 class=\"wp-block-heading\">Le concept<br><\/h2>\n\n\n\n<p>Le campus de St. Thomas More est situ\u00e9 dans l\u2019\u00c9tat tr\u00e8s privil\u00e9gi\u00e9 du Connecticut, sur la C\u00f4te Est des \u00c9tats-Unis, et \u00e0 moins de 2h30 de New-York. Il a \u00e9t\u00e9 cr\u00e9\u00e9 en 1962.<\/p>\n\n\n\n<p>Cette \u00e9cole de renom vise \u00e0 tirer les \u00e9l\u00e8ves vers le haut, leur faire atteindre le maximum de leur potentiel, et de les amener \u00e0 prendre confiance en eux, \u00e0 l\u2019aide d\u2019une prise en charge 100% individualis\u00e9e (10 \u00e9l\u00e8ves pour 1 professeur environ).<\/p>\n\n\n\n<p>En s\u00e9journant directement sur le campus, vous vivrez votre scolarit\u00e9 v\u00e9ritablement comme un Am\u00e9ricain. Vous aurez acc\u00e8s \u00e0 plus de 40 mati\u00e8res diff\u00e9rentes, sports et activit\u00e9s (int\u00e9rieures et ext\u00e9rieures) vari\u00e9s offerts sur place, dans une atmosph\u00e8re chaleureuse, bienveillante et familiale. De plus, St. Thomas More poss\u00e8de une forte empreinte internationale, puisqu\u2019elle accueille, chaque ann\u00e9e, environ 26 nationalit\u00e9s diff\u00e9rentes.<\/p>\n\n\n\n<div style=\"height:50px\" aria-hidden=\"true\" class=\"wp-block-spacer\"><\/div>\n<\/div>\n\n\n\n<div class=\"wp-block-column is-layout-flow wp-block-column-is-layout-flow\"><section class=\"bloc-atouts\"><\/p>\n\n\n\n<h3 class=\"wp-block-heading\"><strong>Les points forts<\/strong> de ce s\u00e9jour scolaire dans un lyc\u00e9e am\u00e9ricain<br><\/h3>\n\n\n\n<ol>\n<li><strong>Une formule id\u00e9ale pour ceux qui ont peur de s\u2019ennuyer en famille d\u2019accueil<\/strong><\/li>\n\n\n\n<li><strong>Une flexibilit\u00e9 sur les crit\u00e8res d\u2019acceptation au programme<\/strong>&nbsp;(\u00e2ge, dossier scolaire, niveau d\u2019anglais, etc.)<\/li>\n\n\n\n<li><strong>Un \u00e9tablissement prestigieux dans un cadre idyllique, <\/strong>avec l\u2019opportunit\u00e9 de pratiquer un large panel de sports et activit\u00e9s&nbsp;!<\/li>\n<\/ol>\n\n\n<p><\/section>\n\n\n<section class=\"bloc-atouts\"><\/p>\n\n\n\n<h3 class=\"wp-block-heading\"><strong>Financez votre s\u00e9jour<\/strong> gr\u00e2ce au partenariat avec l\u2019association Les Fauvettes<\/h3>\n\n\n\n<p>Tous les s\u00e9jours High School de Calvin-Thomas sont subventionn\u00e9s sans condition de ressources. <br><strong>Offre r\u00e9serv\u00e9e \u00e0 tout le personnel du minist\u00e8re de l\u2019\u00c9ducation Nationale, qu\u2019il soit enseignant ou non. <\/strong><br>Votre dossier de demande de subvention est trait\u00e9 directement par Calvin-Thomas. Pour plus de renseignements, consulter le site <a href=\"https:\/\/www.les-fauvettes.fr \">les-fauvettes.fr&nbsp;<\/a><\/p>\n\n\n\n<p>\u2014 Bourse de 500 \u20ac*<br>*moins adh\u00e9sion 24 euros pour les non-membres des Fauvettes.<br><\/p>\n\n\n<p><\/section>\n\n\n<section class=\"bloc-contact\"><\/p>\n\n\n\n<h3 class=\"wp-block-heading has-text-align-center\">Besoin d&#8217;information ?<\/h3>\n\n\n\n<p>Notre \u00e9quipe et nos conseillers locaux sont \u00e0 votre disposition.<\/p>\n\n\n\n<p class=\"has-text-align-center\"><a class=\"btn middle grey\" href=\"https:\/\/www.calvin-thomas.com\/highschool\/informations-pratiques\/contacts-reunions-conseillers-calvin-thomas\/\">Contactez-nous !<\/a><\/p>\n\n\n<p><\/section>\n<\/div>\n<\/div>\n\n\n\n<figure class=\"wp-block-gallery has-nested-images columns-default is-cropped wp-block-gallery-1 is-layout-flex wp-block-gallery-is-layout-flex\">\n<figure class=\"wp-block-image size-large\"><img loading=\"lazy\" decoding=\"async\" width=\"330\" height=\"230\" data-id=\"3238\" src=\"https:\/\/www.calvin-thomas.com\/highschool\/wp-content\/uploads\/\/sites\/4\/photo-boarding-school_06.jpg\" alt=\"\" class=\"wp-image-3238\" srcset=\"https:\/\/www.calvin-thomas.com\/highschool\/wp-content\/uploads\/\/sites\/4\/photo-boarding-school_06.jpg 330w, https:\/\/www.calvin-thomas.com\/highschool\/wp-content\/uploads\/\/sites\/4\/photo-boarding-school_06-300x209.jpg 300w\" sizes=\"(max-width: 330px) 100vw, 330px\" \/><\/figure>\n\n\n\n<figure class=\"wp-block-image size-large\"><img loading=\"lazy\" decoding=\"async\" width=\"330\" height=\"230\" data-id=\"3237\" src=\"https:\/\/www.calvin-thomas.com\/highschool\/wp-content\/uploads\/\/sites\/4\/photo-boarding-school_05.jpg\" alt=\"\" class=\"wp-image-3237\" srcset=\"https:\/\/www.calvin-thomas.com\/highschool\/wp-content\/uploads\/\/sites\/4\/photo-boarding-school_05.jpg 330w, https:\/\/www.calvin-thomas.com\/highschool\/wp-content\/uploads\/\/sites\/4\/photo-boarding-school_05-300x209.jpg 300w\" sizes=\"(max-width: 330px) 100vw, 330px\" \/><\/figure>\n\n\n\n<figure class=\"wp-block-image size-large\"><img loading=\"lazy\" decoding=\"async\" width=\"330\" height=\"230\" data-id=\"3239\" src=\"https:\/\/www.calvin-thomas.com\/highschool\/wp-content\/uploads\/\/sites\/4\/photo-boarding-school_04.jpg\" alt=\"\" class=\"wp-image-3239\" srcset=\"https:\/\/www.calvin-thomas.com\/highschool\/wp-content\/uploads\/\/sites\/4\/photo-boarding-school_04.jpg 330w, https:\/\/www.calvin-thomas.com\/highschool\/wp-content\/uploads\/\/sites\/4\/photo-boarding-school_04-300x209.jpg 300w\" sizes=\"(max-width: 330px) 100vw, 330px\" \/><\/figure>\n\n\n\n<figure class=\"wp-block-image size-large\"><img loading=\"lazy\" decoding=\"async\" width=\"330\" height=\"230\" data-id=\"3235\" src=\"https:\/\/www.calvin-thomas.com\/highschool\/wp-content\/uploads\/\/sites\/4\/photo-boarding-school_03.jpg\" alt=\"\" class=\"wp-image-3235\" srcset=\"https:\/\/www.calvin-thomas.com\/highschool\/wp-content\/uploads\/\/sites\/4\/photo-boarding-school_03.jpg 330w, https:\/\/www.calvin-thomas.com\/highschool\/wp-content\/uploads\/\/sites\/4\/photo-boarding-school_03-300x209.jpg 300w\" sizes=\"(max-width: 330px) 100vw, 330px\" \/><\/figure>\n\n\n\n<figure class=\"wp-block-image size-large\"><img loading=\"lazy\" decoding=\"async\" width=\"330\" height=\"230\" data-id=\"3236\" src=\"https:\/\/www.calvin-thomas.com\/highschool\/wp-content\/uploads\/\/sites\/4\/photo-boarding-school_02.jpg\" alt=\"\" class=\"wp-image-3236\" srcset=\"https:\/\/www.calvin-thomas.com\/highschool\/wp-content\/uploads\/\/sites\/4\/photo-boarding-school_02.jpg 330w, https:\/\/www.calvin-thomas.com\/highschool\/wp-content\/uploads\/\/sites\/4\/photo-boarding-school_02-300x209.jpg 300w\" sizes=\"(max-width: 330px) 100vw, 330px\" \/><\/figure>\n\n\n\n<figure class=\"wp-block-image size-large\"><img loading=\"lazy\" decoding=\"async\" width=\"330\" height=\"230\" data-id=\"3240\" src=\"https:\/\/www.calvin-thomas.com\/highschool\/wp-content\/uploads\/\/sites\/4\/photo-boarding-school_01.jpg\" alt=\"\" class=\"wp-image-3240\" srcset=\"https:\/\/www.calvin-thomas.com\/highschool\/wp-content\/uploads\/\/sites\/4\/photo-boarding-school_01.jpg 330w, https:\/\/www.calvin-thomas.com\/highschool\/wp-content\/uploads\/\/sites\/4\/photo-boarding-school_01-300x209.jpg 300w\" sizes=\"(max-width: 330px) 100vw, 330px\" \/><\/figure>\n<\/figure>\n\n\n<section class=\"section-bleu\"><\/p>\n\n\n\n<h2 class=\"wp-block-heading has-text-align-center bloc-sejours content-centrer\">Nos s\u00e9jours 2026<\/h2>\n\n\n\n<p class=\"has-text-align-center content-centrer\">Tarifs, disponibilit\u00e9s et renseignements pour ce s\u00e9jour aux USA<\/p>\n\n\n\n<div style=\"height:30px\" aria-hidden=\"true\" class=\"wp-block-spacer\"><\/div>\n\n\n\n<table class=\"wp-block-table tableau-tarifs\"><tbody><tr><td class=\"col-titre\"><strong>1 semestre<\/strong><\/td><td class=\"col-departs\">D\u00e9parts&nbsp;: <br>janvier, ao\u00fbt<\/td><td class=\"col-prix\">FILLES <strong class=\"prix-tableau\">30 600\u20ac*<\/strong><\/td><td class=\"col-prix\">GAR\u00c7ONS <strong class=\"prix-tableau\">33 500\u20ac*<\/strong><\/td><td class=\"col-btn\"><a href=\"https:\/\/www.calvin-thomas.com\/highschool\/contact\" target=\"_parent\" class=\"btn blanc middle\" rel=\"noopener\">demande d&#8217;info<\/a> <br\/><a href=\"https:\/\/www.calvin-thomas.com\/highschool\/inscription-sejours-scolaires\" target=\"_parent\" class=\"btn blanc middle\" rel=\"noopener\">s&#8217;inscrire<\/a><\/td><\/tr><tr><td class=\"col-titre\"><strong>1 ann\u00e9e scolaire<\/strong><\/td><td class=\"col-departs\">D\u00e9parts&nbsp;: <br>janvier, ao\u00fbt<\/td><td class=\"col-prix\">FILLES <strong class=\"prix-tableau\">42 300\u20ac*<\/strong><\/td><td class=\"col-prix\">GAR\u00c7ONS <strong class=\"prix-tableau\">46 200\u20ac*<\/td><td class=\"col-btn\"><a href=\"https:\/\/www.calvin-thomas.com\/highschool\/contact\" target=\"_parent\" class=\"btn blanc middle\" rel=\"noopener\">demande d&#8217;info<\/a> <br\/><a href=\"https:\/\/www.calvin-thomas.com\/highschool\/inscription-sejours-scolaires\" target=\"_parent\" class=\"btn blanc middle\" rel=\"noopener\">s&#8217;inscrire<\/a><\/td><\/tr><\/tbody><\/table>\n\n\n\n<div class=\"wp-block-columns has-3-columns column_container-backgd bloc-sejours legende is-layout-flex wp-container-core-columns-is-layout-3 wp-block-columns-is-layout-flex\">\n<div class=\"wp-block-column is-layout-flow wp-block-column-is-layout-flow\">\n<p><strong>*Le co\u00fbt du s\u00e9jour scolaire comprend : <\/strong><br><\/p>\n\n\n\n<ul>\n<li>la s\u00e9lection et l\u2019information du candidat (entretien, dossier&#8230;),<br><\/li>\n\n\n\n<li>l\u2019accueil en famille,<br><\/li>\n\n\n\n<li>l\u2019encadrement pendant toute la dur\u00e9e du s\u00e9jour, <br><\/li>\n\n\n\n<li>l&#8217;enseignement scolaire et la pension compl\u00e8te (offerte par la famille d\u2019accueil), <br><\/li>\n\n\n\n<li>le suivi,<\/li>\n<\/ul>\n<\/div>\n\n\n\n<div class=\"wp-block-column is-layout-flow wp-block-column-is-layout-flow\">\n<div style=\"height:15px\" aria-hidden=\"true\" class=\"wp-block-spacer cache-mobile\"><\/div>\n\n\n\n<ul>\n<li>la mise \u00e0 disposition d\u2019un num\u00e9ro d\u2019urgence,<\/li>\n\n\n\n<li>les frais de transfert d\u2019a\u00e9roport dans le pays d\u2019accueil et les frais d\u2019accueil \u00e0 l\u2019arriv\u00e9e,<\/li>\n\n\n\n<li>l\u2019assurance, <\/li>\n\n\n\n<li>l\u2019assistance,<br><\/li>\n\n\n\n<li>les activit\u00e9s propos\u00e9es dans le cadre du programme,<br><\/li>\n\n\n\n<li>les frais administratifs,<br><\/li>\n\n\n\n<li>une r\u00e9union de pr\u00e9paration, si elle est programm\u00e9e par Calvin-Thomas.<\/li>\n<\/ul>\n<\/div>\n\n\n\n<div class=\"wp-block-column is-layout-flow wp-block-column-is-layout-flow\">\n<p><strong>*Le co\u00fbt du s\u00e9jour ne comprend pas :<\/strong><br><\/p>\n\n\n\n<ul>\n<li>les frais d\u2019inscription (75\u20ac),<\/li>\n\n\n\n<li>le voyage en avion (aller\/retour) de l\u2019a\u00e9roport de Roissy \u00e0 la r\u00e9sidence de la famille d\u2019accueil,<\/li>\n\n\n\n<li>les taxes d\u2019a\u00e9roport,<\/li>\n\n\n\n<li>les frais \u00e9ventuels pour un d\u00e9part de province (qui serait mis en place par Calvin-Thomas sur demande), <br><\/li>\n\n\n\n<li>les frais \u00e9ventuels d&#8217;accompagnement UM (suite \u00e0 une demande des parents du participant, ou si cet accompagnement est impos\u00e9 par la compagnie a\u00e9rienne), <br><\/li>\n\n\n\n<li>les d\u00e9penses personnelles (argent de poche, loisirs, sorties non pr\u00e9vues dans le cadre du programme), <br><\/li>\n\n\n\n<li>l&#8217;option \u201cRetenues financi\u00e8res r\u00e9duites\u201d facultative (voir <a href=\"https:\/\/www.calvin-thomas.com\/highschool\/conditions-generales-vente\/\">nos conditions g\u00e9n\u00e9rales de vente<\/a>), <\/li>\n\n\n\n<li>les frais \u00e9ventuels de chancellerie et de visa,<br><\/li>\n\n\n\n<li>les excursions en option.<\/li>\n<\/ul>\n<\/div>\n<\/div>\n\n\n<p><\/section>\n","protected":false},"excerpt":{"rendered":"<p class=\"tarifs\">\u00c0 PARTIR DE <br \/><strong>30 600 \u20ac<\/strong><\/p>\n<p class=\"has-text-align-center age\">17-19 ANS<\/p>\n<p class=\"has-text-align-center duree\">SEMESTRE \/ ANN\u00c9E SCOLAIRE<\/p>\n<p class=\"has-text-align-center hebergement\">SUR CAMPUS<\/p>\n<p class=\"has-text-align-center ecole\">\u00c9COLE PRIV\u00c9E<\/p>\n<p class=\"has-text-align-center depart\">JANVIER, AO\u00dbT<\/p>\n<p class=\"has-text-align-center vol\">VOL NON INCLUS<\/p>\n<p class=\"tarifs\">\u00c0 PARTIR DE <br \/><strong>30 600 \u20ac<\/strong><\/p>\n<p> <a class=\"btn couleur large\" href=\"https:\/\/www.calvin-thomas.com\/highschool\/etats-unis-boarding-school-bachelier\/\">EN SAVOIR PLUS <\/a><\/p>\n","protected":false},"author":1,"featured_media":3100,"parent":0,"menu_order":0,"comment_status":"closed","ping_status":"closed","template":"page-programmesup.php","meta":{"_uag_custom_page_level_css":"","wp_popup_display_lightbox":0,"wp_popup_suppress":"","wp_popup_trigger":"","wp_popup_trigger_amount":0,"wp_popup_disable_on_mobile":false,"footnotes":""},"uagb_featured_image_src":{"full":["https:\/\/www.calvin-thomas.com\/highschool\/wp-content\/uploads\/\/sites\/4\/entete-bachelier-5.jpg",1200,793,false],"thumbnail":["https:\/\/www.calvin-thomas.com\/highschool\/wp-content\/uploads\/\/sites\/4\/entete-bachelier-5-150x150.jpg",150,150,true],"medium":["https:\/\/www.calvin-thomas.com\/highschool\/wp-content\/uploads\/\/sites\/4\/entete-bachelier-5-300x198.jpg",300,198,true],"medium_large":["https:\/\/www.calvin-thomas.com\/highschool\/wp-content\/uploads\/\/sites\/4\/entete-bachelier-5-768x508.jpg",640,423,true],"large":["https:\/\/www.calvin-thomas.com\/highschool\/wp-content\/uploads\/\/sites\/4\/entete-bachelier-5-1024x677.jpg",640,423,true],"1536x1536":["https:\/\/www.calvin-thomas.com\/highschool\/wp-content\/uploads\/\/sites\/4\/entete-bachelier-5.jpg",1200,793,false],"2048x2048":["https:\/\/www.calvin-thomas.com\/highschool\/wp-content\/uploads\/\/sites\/4\/entete-bachelier-5.jpg",1200,793,false],"gform-image-choice-sm":["https:\/\/www.calvin-thomas.com\/highschool\/wp-content\/uploads\/\/sites\/4\/entete-bachelier-5.jpg",300,198,false],"gform-image-choice-md":["https:\/\/www.calvin-thomas.com\/highschool\/wp-content\/uploads\/\/sites\/4\/entete-bachelier-5.jpg",400,264,false],"gform-image-choice-lg":["https:\/\/www.calvin-thomas.com\/highschool\/wp-content\/uploads\/\/sites\/4\/entete-bachelier-5.jpg",600,397,false]},"uagb_author_info":{"display_name":"redac-calvinthomas","author_link":"https:\/\/www.calvin-thomas.com\/highschool\/author\/redac-calvinthomas\/"},"uagb_comment_info":0,"uagb_excerpt":"\u00c0 PARTIR DE 30 600 \u20ac 17-19 ANS SEMESTRE \/ ANN\u00c9E SCOLAIRE SUR CAMPUS \u00c9COLE PRIV\u00c9E JANVIER, AO\u00dbT VOL NON INCLUS \u00c0 PARTIR DE 30 600 \u20ac EN SAVOIR PLUS","_links":{"self":[{"href":"https:\/\/www.calvin-thomas.com\/highschool\/wp-json\/wp\/v2\/pages\/3127"}],"collection":[{"href":"https:\/\/www.calvin-thomas.com\/highschool\/wp-json\/wp\/v2\/pages"}],"about":[{"href":"https:\/\/www.calvin-thomas.com\/highschool\/wp-json\/wp\/v2\/types\/page"}],"author":[{"embeddable":true,"href":"https:\/\/www.calvin-thomas.com\/highschool\/wp-json\/wp\/v2\/users\/1"}],"replies":[{"embeddable":true,"href":"https:\/\/www.calvin-thomas.com\/highschool\/wp-json\/wp\/v2\/comments?post=3127"}],"version-history":[{"count":1,"href":"https:\/\/www.calvin-thomas.com\/highschool\/wp-json\/wp\/v2\/pages\/3127\/revisions"}],"predecessor-version":[{"id":3397,"href":"https:\/\/www.calvin-thomas.com\/highschool\/wp-json\/wp\/v2\/pages\/3127\/revisions\/3397"}],"wp:featuredmedia":[{"embeddable":true,"href":"https:\/\/www.calvin-thomas.com\/highschool\/wp-json\/wp\/v2\/media\/3100"}],"wp:attachment":[{"href":"https:\/\/www.calvin-thomas.com\/highschool\/wp-json\/wp\/v2\/media?parent=3127"}],"curies":[{"name":"wp","href":"https:\/\/api.w.org\/{rel}","templated":true}]}}