{"id":357,"date":"2018-12-07T16:19:37","date_gmt":"2018-12-07T15:19:37","guid":{"rendered":"https:\/\/www.calvin-thomas.com\/highschool\/?page_id=357"},"modified":"2022-12-20T16:13:14","modified_gmt":"2022-12-20T15:13:14","slug":"plan-site","status":"publish","type":"page","link":"https:\/\/www.calvin-thomas.com\/highschool\/plan-site\/","title":{"rendered":"Plan de site"},"content":{"rendered":"\n<ul class=\"content-centrer\"><li><a href=\"https:\/\/www.calvin-thomas.com\/highschool\/\">PR\u00c9SENTATION<\/a><\/li><\/ul>\n\n\n\n<p><\/p>\n\n\n\n<ul class=\"content-centrer\"><li><a href=\"https:\/\/www.calvin-thomas.com\/highschool\/plan-site\/#\">CHOISIR SON S\u00c9JOUR<\/a> <ul><li><a href=\"https:\/\/www.calvin-thomas.com\/highschool\/choisir-son-sejour\/pourquoi-partir-etudier-a-letranger\/\">Pourquoi partir \u00e9tudier \u00e0 l\u2019\u00e9tranger ?<\/a><\/li><li><a href=\"https:\/\/www.calvin-thomas.com\/highschool\/choisir-son-sejour\/choisir-ses-etudes-a-letranger\/\">4 formules, laquelle choisir ?<\/a><\/li><li><a href=\"https:\/\/www.calvin-thomas.com\/highschool\/choisir-son-sejour\/famille-daccueil-et-ecole\/\">Quelle famille d\u2019accueil ? Quelle \u00e9cole ?<\/a> <\/li><\/ul><\/li><\/ul>\n\n\n\n<p><\/p>\n\n\n\n<ul class=\"content-centrer\"><li><a href=\"https:\/\/www.calvin-thomas.com\/highschool\/sejour-scolaire\/\">NOS S\u00c9JOURS SCOLAIRES<\/a><ul><li><a href=\"https:\/\/www.calvin-thomas.com\/highschool\/sejour-scolaire\/afrique-du-sud-classique\/\">Afrique du Sud &#8211; Formule \u201cClassique\u201d<\/a><\/li><li><a href=\"https:\/\/www.calvin-thomas.com\/highschool\/sejour-scolaire\/afrique-du-sud-select\/\">Afrique du Sud &#8211; Formule \u201cChoice +\u201d<\/a><ul><li><a href=\"https:\/\/www.calvin-thomas.com\/highschool\/lycees-afrique-sud\/\">Nos lyc\u00e9es d\u2019Afrique du Sud partenaires<\/a><\/li><\/ul><\/li><li><a href=\"https:\/\/www.calvin-thomas.com\/highschool\/sejour-scolaire\/australie-classique\/\">Australie &#8211; Formule \u201cClassique\u201d<\/a><\/li><li><a href=\"https:\/\/www.calvin-thomas.com\/highschool\/sejour-scolaire\/canada-choix-district\/\">Canada &#8211; Formule \u201cChoice +\u201d<\/a><ul><li><a href=\"https:\/\/www.calvin-thomas.com\/highschool\/lycees-districts-canada-partenaires\/\">Nos lyc\u00e9es du Canada partenaires<\/a><\/li><\/ul><\/li><li><a href=\"https:\/\/www.calvin-thomas.com\/highschool\/sejour-scolaire\/etats-unis-classique\/\">\u00c9tats-Unis &#8211; Formule \u201cClassique\u201d<\/a><\/li><li><a href=\"https:\/\/www.calvin-thomas.com\/highschool\/sejour-scolaire\/etats-unis-choix-ecole\/\">\u00c9tats-Unis &#8211; Formule \u201cChoice +\u201d<\/a><ul><li><a href=\"https:\/\/www.calvin-thomas.com\/highschool\/lycees-etats-unis-partenaires\/\">Nos lyc\u00e9es des \u00c9tats-Unis partenaires<\/a><\/li><\/ul><\/li><li><a href=\"https:\/\/www.calvin-thomas.com\/highschool\/sejour-scolaire\/etats-unis-choix-region-etat\/\">\u00c9tats-Unis &#8211; Formule \u201cChoix de la R\u00e9gion ou de l&#8217;\u00c9tat\u201d<\/a><\/li><li><a href=\"https:\/\/www.calvin-thomas.com\/highschool\/sejour-scolaire\/etats-unis-homeschool\/\">\u00c9tats-Unis &#8211; Formule \u201cHomeschool\u201d<\/a><\/li><li><a href=\"https:\/\/www.calvin-thomas.com\/highschool\/sejour-scolaire\/nouvelle-zelande-select\/\">Nouvelle-Z\u00e9lande &#8211; Formule \u201cChoice +\u201d<\/a><ul><li><a href=\"https:\/\/www.calvin-thomas.com\/highschool\/lycees-nouvelle-zelande\/\">Nos lyc\u00e9es de Nouvelle-Z\u00e9lande partenaires<\/a><\/li><\/ul><\/li><li><a href=\"https:\/\/www.calvin-thomas.com\/highschool\/sejour-scolaire\/royaume-uni-classique\/\">Royaume-Uni &#8211; Formule \u201cClassique\u201d<\/a><\/li><li><a href=\"https:\/\/www.calvin-thomas.com\/highschool\/sejour-scolaire\/royaume-uni-choix-lycee\/\">Royaume-Uni &#8211; Formule \u201cChoice +\u201d<\/a><ul><li><a href=\"https:\/\/www.calvin-thomas.com\/highschool\/lycees-angleterre-partenaires\/\">Nos lyc\u00e9es au Royaume-Uni partenaires<\/a><\/li><\/ul><\/li><li><a href=\"https:\/\/www.calvin-thomas.com\/highschool\/sejour-scolaire\/sejour-scolaire-danemark\/\">Danemark &#8211; Formule \u201cClassique\u201d<\/a><\/li><li><a href=\"https:\/\/www.calvin-thomas.com\/highschool\/sejour-scolaire\/sejour-scolaire-norvege\/\">Norv\u00e8ge &#8211; Formule \u201cClassique\u201d<\/a><\/li><li><a href=\"https:\/\/www.calvin-thomas.com\/highschool\/sejour-scolaire\/sejour-scolaire-italie-apprendre-italien\/\">Italie &#8211; Formule \u201cClassique\u201d<\/a><\/li><\/ul><\/li><\/ul>\n\n\n\n<p><\/p>\n\n\n\n<p><\/p>\n\n\n\n<ul class=\"content-centrer\"><li><a href=\"https:\/\/www.calvin-thomas.com\/highschool\/plan-site\/#\">INFORMATIONS PRATIQUES<\/a> <ul><li><a href=\"https:\/\/www.calvin-thomas.com\/highschool\/informations-pratiques\/6-etapes-pour-partir\/\">6 \u00e9tapes pour partir<\/a><\/li><li><a href=\"https:\/\/www.calvin-thomas.com\/highschool\/informations-pratiques\/le-budget-dun-sejour-highschool\/\">Le budget d\u2019un s\u00e9jour Highschool<\/a><\/li><li><a href=\"https:\/\/www.calvin-thomas.com\/highschool\/informations-pratiques\/point-pratique-et-administratif\/\">Les points pratiques<\/a><\/li><li><a href=\"https:\/\/www.calvin-thomas.com\/highschool\/informations-pratiques\/contacts-reunions-conseillers-calvin-thomas\/\">Contactez-nous et rencontrons-nous<\/a><\/li><li><a href=\"https:\/\/www.calvin-thomas.com\/highschool\/informations-pratiques\/foire-aux-questions\/\">Foire aux questions<\/a><\/li><li><a href=\"https:\/\/www.calvin-thomas.com\/services\/paiement-en-ligne-2\/\">Paiement en ligne<\/a> <\/li><\/ul><\/li><\/ul>\n\n\n\n<p><\/p>\n\n\n\n<ul class=\"content-centrer\"><li><a href=\"https:\/\/www.calvin-thomas.com\/highschool\/inscription-sejours-scolaires\/\">INSCRIPTION<\/a><\/li><li><a href=\"https:\/\/www.calvin-thomas.com\/highschool\/telecharger-brochure-highschool\/\">T\u00c9L\u00c9CHARGER NOTRE BROCHURE GRATUITE<\/a><\/li><\/ul>\n\n\n\n<p><\/p>\n\n\n\n<ul class=\"content-centrer\"><li><a href=\"https:\/\/www.calvin-thomas.com\/highschool\/conditions-generales-vente\/\">Conditions g\u00e9n\u00e9rales de vente<\/a><\/li><li><a href=\"https:\/\/www.calvin-thomas.com\/highschool\/plan-site\/\">Plan de site<\/a><\/li><li><a href=\"https:\/\/www.calvin-thomas.com\/highschool\/mentions-legales-confidentilite\/\">Mention l\u00e9gales &amp; confidentialit\u00e9<\/a><\/li><\/ul>\n\n\n\n<div style=\"height:100px\" aria-hidden=\"true\" class=\"wp-block-spacer\"><\/div>\n","protected":false},"excerpt":{"rendered":"<ul class=\"content-centrer\">\n<li><a href=\"https:\/\/www.calvin-thomas.com\/highschool\/\">PR\u00c9SENTATION<\/a><\/li>\n<\/ul>\n<ul class=\"content-centrer\">\n<li><a href=\"https:\/\/www.calvin-thomas.com\/highschool\/plan-site\/#\">CHOISIR SON S\u00c9JOUR<\/a>\n<ul>\n<li><a href=\"https:\/\/www.calvin-thomas.com\/highschool\/choisir-son-sejour\/pourquoi-partir-etudier-a-letranger\/\">Pourquoi partir \u00e9tudier \u00e0 l\u2019\u00e9tranger ?<\/a><\/li>\n<li><a href=\"https:\/\/www.calvin-thomas.com\/highschool\/choisir-son-sejour\/choisir-ses-etudes-a-letranger\/\">4 formules, laquelle choisir ?<\/a><\/li>\n<li><a href=\"https:\/\/www.calvin-thomas.com\/highschool\/choisir-son-sejour\/famille-daccueil-et-ecole\/\">Quelle famille d\u2019accueil ? Quelle \u00e9cole ?<\/a> <\/li>\n<\/ul>\n<\/li>\n<\/ul>\n<ul class=\"content-centrer\">\n<li><a href=\"https:\/\/www.calvin-thomas.com\/highschool\/sejour-scolaire\/\">NOS S\u00c9JOURS SCOLAIRES<\/a>\n<ul>\n<li><a href=\"https:\/\/www.calvin-thomas.com\/highschool\/sejour-scolaire\/afrique-du-sud-classique\/\">Afrique du Sud &#8211; Formule \u201cClassique\u201d<\/a><\/li>\n<li><a href=\"https:\/\/www.calvin-thomas.com\/highschool\/sejour-scolaire\/afrique-du-sud-select\/\">Afrique du Sud &#8211;<\/a><\/li>\n<\/ul>\n<\/li>\n<\/ul>\n<p> <a class=\"btn couleur large\" href=\"https:\/\/www.calvin-thomas.com\/highschool\/plan-site\/\">EN SAVOIR PLUS <\/a><\/p>\n","protected":false},"author":1,"featured_media":0,"parent":0,"menu_order":0,"comment_status":"closed","ping_status":"closed","template":"page-simple.php","meta":{"_uag_custom_page_level_css":"","wp_popup_display_lightbox":0,"wp_popup_suppress":"","wp_popup_trigger":"","wp_popup_trigger_amount":0,"wp_popup_disable_on_mobile":false,"footnotes":""},"uagb_featured_image_src":{"full":false,"thumbnail":false,"medium":false,"medium_large":false,"large":false,"1536x1536":false,"2048x2048":false,"gform-image-choice-sm":false,"gform-image-choice-md":false,"gform-image-choice-lg":false},"uagb_author_info":{"display_name":"redac-calvinthomas","author_link":"https:\/\/www.calvin-thomas.com\/highschool\/author\/redac-calvinthomas\/"},"uagb_comment_info":0,"uagb_excerpt":"PR\u00c9SENTATION CHOISIR SON S\u00c9JOUR Pourquoi partir \u00e9tudier \u00e0 l\u2019\u00e9tranger ?4 formules, laquelle choisir ?Quelle famille d\u2019accueil ? Quelle \u00e9cole ? NOS S\u00c9JOURS SCOLAIRESAfrique du Sud &#8211; Formule \u201cClassique\u201dAfrique du Sud &#8211; EN SAVOIR PLUS","_links":{"self":[{"href":"https:\/\/www.calvin-thomas.com\/highschool\/wp-json\/wp\/v2\/pages\/357"}],"collection":[{"href":"https:\/\/www.calvin-thomas.com\/highschool\/wp-json\/wp\/v2\/pages"}],"about":[{"href":"https:\/\/www.calvin-thomas.com\/highschool\/wp-json\/wp\/v2\/types\/page"}],"author":[{"embeddable":true,"href":"https:\/\/www.calvin-thomas.com\/highschool\/wp-json\/wp\/v2\/users\/1"}],"replies":[{"embeddable":true,"href":"https:\/\/www.calvin-thomas.com\/highschool\/wp-json\/wp\/v2\/comments?post=357"}],"version-history":[{"count":0,"href":"https:\/\/www.calvin-thomas.com\/highschool\/wp-json\/wp\/v2\/pages\/357\/revisions"}],"wp:attachment":[{"href":"https:\/\/www.calvin-thomas.com\/highschool\/wp-json\/wp\/v2\/media?parent=357"}],"curies":[{"name":"wp","href":"https:\/\/api.w.org\/{rel}","templated":true}]}}