{"id":27,"date":"2019-05-21T17:01:29","date_gmt":"2019-05-21T15:01:29","guid":{"rendered":"https:\/\/www.calvin-thomas.com\/isilangue\/?page_id=27"},"modified":"2020-03-04T11:38:54","modified_gmt":"2020-03-04T10:38:54","slug":"foire-aux-questions","status":"publish","type":"page","link":"https:\/\/www.calvin-thomas.com\/isilangue\/informations-pratiques\/foire-aux-questions\/","title":{"rendered":"Foire aux questions"},"content":{"rendered":"\n<div style=\"height:50px\" class=\"wp-block-spacer\"><\/div>\n\n\n\n<div class=\"wp-block-columns has-2-columns column-centre is-layout-flex wp-container-core-columns-is-layout-1 wp-block-columns-is-layout-flex\">\n<div class=\"wp-block-column is-layout-flow wp-block-column-is-layout-flow\">\n<h2 class=\"wp-block-heading\">Les r\u00e9ponses aux questions que vous vous posez.<br><\/h2>\n\n\n\n<p>Avant de se lancer dans l&rsquo;exp\u00e9rience \u201cIsilangue\u201d, il convient de s&rsquo;informer le mieux possible sur les d\u00e9tails de ce programme. Cette FAQ a \u00e9t\u00e9 con\u00e7ue par l&rsquo;\u00e9quipe de Calvin-Thomas de mani\u00e8re \u00e0 r\u00e9pondre \u00e0 la plupart vos questions. Si l&rsquo;une d&rsquo;elles reste sans r\u00e9ponse, n&rsquo;h\u00e9sitez \u00e0  <a href=\"https:\/\/www.calvin-thomas.com\/isilangue\/informations-pratiques\/contacts-reunions-conseillers-isilangue\/\">nous contacter<\/a>, notre \u00e9quipe sera heureuse de vous r\u00e9pondre. <\/p>\n<\/div>\n\n\n\n<div class=\"wp-block-column is-layout-flow wp-block-column-is-layout-flow\">\n<ul class=\"liste-menu\"><li><a href=\"#section1\">Cours et h\u00e9bergement<\/a><\/li><li><a href=\"#section2\">Inscription<\/a><\/li><li><a href=\"#section3\">Visa<\/a><\/li><li><a href=\"#section4\">Financement, encadrement et notre organisme<\/a><\/li><\/ul>\n<\/div>\n<\/div>\n\n\n\n<div style=\"height:50px\" class=\"wp-block-spacer\"><\/div>\n\n\n<section class=\"section-beige\"><\/p>\n\n\n\n<h3 class=\"wp-block-heading\" style=\"text-align:center\" id=\"section1\">Questions relatives aux cours et h\u00e9bergement<\/h3>\n\n\n\n<div style=\"height:20px\" class=\"wp-block-spacer\"><\/div>\n\n\n<p><details><\/p>\n\n\n<p><summary><\/p>\n\n\n\n<h2 class=\"wp-block-heading\">Quel niveau d\u2019anglais faut-il pour pouvoir participer \u00e0 un s\u00e9jour Isilangue ?<\/h2>\n\n\n<p><\/summary><\/p>\n\n\n<p><div class=\"reponse-courte\"><\/p>\n\n\n\n<p><em><strong>Les s\u00e9jours Isilangue sont ouverts \u00e0 tous les niveaux, de d\u00e9butant \u00e0 avanc\u00e9.<\/strong><\/em><\/p>\n\n\n\n<p>Votre niveau est \u00e9valu\u00e9 le premier jour au sein de l\u2019\u00e9cole de fa\u00e7on \u00e0 vous placer dans la classe correspondant au mieux \u00e0 votre niveau. Pour certaines formules (TOEFL, Anglais des Affaires, etc.), vous devrez passer un test apr\u00e8s votre inscription afin d&rsquo;\u00e9valuer votre niveau d&rsquo;anglais et confirmer votre participation au programme. <\/p>\n\n\n<p><\/div><\/p>\n\n\n<p><\/details><\/p>\n\n\n<p><details><\/p>\n\n\n<p><summary><\/p>\n\n\n\n<h2 class=\"wp-block-heading\">Le s\u00e9jour Isilangue est-il un bon moyen d\u2019am\u00e9liorer le niveau d\u2019anglais ?<\/h2>\n\n\n<p><\/summary><\/p>\n\n\n<p><div class=\"reponse-courte\"><\/p>\n\n\n\n<p><em><strong>Les s\u00e9jours Isilangue sont con\u00e7us pour permettre un apprentissage et progression constante gr\u00e2ce \u00e0 l\u2019\u00e9tude de la langue de mani\u00e8re compl\u00e8te : compr\u00e9hension \u00e9crite, orale, lecture, grammaire, conversation, etc., <\/strong><\/em><\/p>\n\n\n\n<p>L\u2019immersion dans le pays d\u2019accueil permet de mettre en pratique les acquis des cours dans la vie courante en dehors des heures de classe.<\/p>\n\n\n<p><\/div><\/p>\n\n\n<p><\/details><\/p>\n\n\n<p><details><\/p>\n\n\n<p><summary><\/p>\n\n\n\n<h2 class=\"wp-block-heading\">Est-ce-que vos \u00e9coles partenaires sont accr\u00e9dit\u00e9es ?<\/h2>\n\n\n<p><\/summary><\/p>\n\n\n<p><div class=\"reponse-courte\"><\/p>\n\n\n\n<p><em><strong> Oui. Toutes nos \u00e9coles partenaires sont agr\u00e9\u00e9es par diff\u00e9rents organismes d&rsquo;\u00e9tat dans les pays que nous proposons.<\/strong><\/em> <\/p>\n\n\n\n<ul><li><em><strong>Pour l&rsquo;Angleterre :<\/strong><\/em> <a rel=\"noreferrer noopener\" href=\"https:\/\/www.britishcouncil.org\/\" target=\"_blank\">The British Council<\/a> et <a rel=\"noreferrer noopener\" href=\"https:\/\/www.englishuk.com\/en\/about-us\" target=\"_blank\">EnglishUK<\/a>,<\/li><li><em><strong>Pour l&rsquo;Irlande :<\/strong><\/em> <a rel=\"noreferrer noopener\" href=\"https:\/\/www.acels.ie\/\" target=\"_blank\">ACELS<\/a> et <a rel=\"noreferrer noopener\" href=\"http:\/\/www.mei.ie\" target=\"_blank\">MEI<\/a>,<\/li><li><em><strong>Pour les \u00c9tats-Unis :<\/strong><\/em> <a rel=\"noreferrer noopener\" href=\"https:\/\/accet.org\/\" target=\"_blank\">ACCET<\/a>, <a rel=\"noreferrer noopener\" href=\"https:\/\/www.ialc.org\/\" target=\"_blank\">IALC<\/a> et <a rel=\"noreferrer noopener\" href=\"https:\/\/altonet.org\/\" target=\"_blank\">ALTO<\/a>,<\/li><li><em><strong>Pour l&rsquo;Australie : <\/strong><\/em><a rel=\"noreferrer noopener\" href=\"https:\/\/neas.org.au\/\" target=\"_blank\">NEAS.<\/a><\/li><\/ul>\n\n\n<p><\/div><\/p>\n\n\n<p><\/details><\/p>\n\n\n<p><details><\/p>\n\n\n<p><summary><\/p>\n\n\n\n<h2 class=\"wp-block-heading\">Puis-je partir avec mon ami(e) et partager un m\u00eame h\u00e9bergement ?<\/h2>\n\n\n<p><\/summary><\/p>\n\n\n<p><div class=\"reponse-courte\"><\/p>\n\n\n\n<p><em><strong> Oui. Il suffit de vous inscrire en m\u00eame temps et de pr\u00e9ciser l&rsquo;option chambre double.<\/strong><\/em> <\/p>\n\n\n\n<p>\u00c0 savoir : l&rsquo;h\u00e9bergement en r\u00e9sidence est ouvert aux plus de 18 ans uniquement.<\/p>\n\n\n<p><\/div><\/p>\n\n\n<p><\/details><\/p>\n\n\n<p><\/section>\n\n\n<section class=\"section-gris\"><\/p>\n\n\n\n<h3 class=\"wp-block-heading\" style=\"text-align:center\" id=\"section2\">Questions relatives \u00e0 l&rsquo;inscription<\/h3>\n\n\n\n<div style=\"height:20px\" class=\"wp-block-spacer\"><\/div>\n\n\n<p><details><\/p>\n\n\n<p><summary><\/p>\n\n\n\n<h2 class=\"wp-block-heading\">Est-ce-que je peux m&rsquo;inscrire uniquement pour les cours ?<\/h2>\n\n\n<p><\/summary><\/p>\n\n\n<p><div class=\"reponse-courte\"><\/p>\n\n\n\n<p><em><strong>Oui. L&rsquo;h\u00e9bergement est optionnel.<\/strong><\/em><\/p>\n\n\n<p><\/div><\/p>\n\n\n<p><\/details><\/p>\n\n\n<p><details><\/p>\n\n\n<p><summary><\/p>\n\n\n\n<h2 class=\"wp-block-heading\">Est-ce que votre organisme propose l&rsquo;h\u00e9bergement sans les cours ?<\/h2>\n\n\n<p><\/summary><\/p>\n\n\n<p><div class=\"reponse-courte\"><\/p>\n\n\n\n<p><em><strong>Non. L&rsquo;inscription aux cours est obligatoire pour tout engagement \u00e0 notre programme Isilangue. <\/strong><\/em><\/p>\n\n\n<p><\/div><\/p>\n\n\n<p><\/details><\/p>\n\n\n<p><details><\/p>\n\n\n<p><summary><\/p>\n\n\n\n<h2 class=\"wp-block-heading\">Combien de temps avant le d\u00e9part faut-il s&rsquo;inscrire ?<\/h2>\n\n\n<p><\/summary><\/p>\n\n\n<p><div class=\"reponse-courte\"><\/p>\n\n\n\n<p><em><strong>Il est conseill\u00e9 de soumettre votre inscription au minimum 2 semaines avant la date de d\u00e9part souhait\u00e9e pour toutes les destinations ne n\u00e9cessitant pas de visa. Pour les formules de cours qui requi\u00e8rent un visa (par exemple la formule \u00ab\u00a0intensif\u00a0\u00bb aux USA ou certains s\u00e9jours de plus de 3 mois), nous vous recommandons de faire votre inscription au plus tard 6 semaines avant la date de d\u00e9part souhait\u00e9e.<\/strong><\/em><\/p>\n\n\n\n<p>La d\u00e9marche de demande de visa aupr\u00e8s de l\u2019ambassade des \u00c9tats-Unis peut prendre du temps. \nSi vous souhaitez un h\u00e9bergement en r\u00e9sidence, le nombre de place \u00e9tant limit\u00e9, nous vous conseiller de vous inscrire \u00e0 l\u2019avance. <\/p>\n\n\n<p><\/div><\/p>\n\n\n<p><\/details><\/p>\n\n\n<p><details><\/p>\n\n\n<p><summary><\/p>\n\n\n\n<h2 class=\"wp-block-heading\">Je suis ressortissant \u00e9tranger, puis-je participer au programme Isilangue ?<\/h2>\n\n\n<p><\/summary><\/p>\n\n\n<p><div class=\"reponse-courte\"><\/p>\n\n\n\n<p><em><strong>Si vous vivez en France et que vous ne poss\u00e9dez pas une carte de s\u00e9jour valable 10 ans, vous pourriez rencontrer des difficult\u00e9s aupr\u00e8s du consulat pour obtenir votre visa. <\/strong><\/em><\/p>\n\n\n\n<p>\u2028Vous devrez prouver que vous avez des attaches en France motivant votre retour \u00e0 la fin du programme. \u2028Si vous n\u2019\u00eates pas ressortissant fran\u00e7ais, merci de vous renseigner aupr\u00e8s de l\u2019Ambassade de votre pays d\u2019origine pour conna\u00eetre les modalit\u00e9s d\u2019entr\u00e9e selon votre nationalit\u00e9. <\/p>\n\n\n<p><\/div><\/p>\n\n\n<p><\/details><\/p>\n\n\n<p><details><\/p>\n\n\n<p><summary><\/p>\n\n\n\n<h2 class=\"wp-block-heading\">Je me suis inscrit pour 3 semaines mais je veux prolonger, est-ce possible ?<\/h2>\n\n\n<p><\/summary><\/p>\n\n\n<p><div class=\"reponse-courte\"><\/p>\n\n\n\n<p><em><strong>Oui.<\/strong><\/em><br><span>Si c\u2019est avant le d\u00e9part, vous pouvez simplement adresser une demande par e-mail \u00e0 Calvin-Thomas.<br>Si c\u2019est apr\u00e8s le d\u00e9part, vous pouvez \u00e9galement vous adresser \u00e0 votre responsable p\u00e9dagogique au sein de votre \u00e9cole.<\/span><\/p>\n\n\n<p><\/div><\/p>\n\n\n<p><\/details><\/p>\n\n\n<p><\/section>\n\n\n<section class=\"section-beige\"><\/p>\n\n\n\n<h3 class=\"wp-block-heading\" style=\"text-align:center\" id=\"section3\">Questions relatives au visa<\/h3>\n\n\n\n<div style=\"height:20px\" class=\"wp-block-spacer\"><\/div>\n\n\n<p><details><\/p>\n\n\n<p><summary><\/p>\n\n\n\n<h2 class=\"wp-block-heading\">Ai-je besoin d\u2019un visa pour partir apprendre l\u2019anglais aux USA ?<\/h2>\n\n\n<p><\/summary><\/p>\n\n\n<p><div class=\"reponse-courte\"><\/p>\n\n\n\n<p><em><strong>Non, si vous r\u00e9servez un programme de cours \u201cStandard\u201d. <\/strong><\/em> Dans ce cas, vous rentrerez sur le territoire am\u00e9ricain avec un statut \u201ctouriste\u201d. Vous devrez cependant vous assurer d\u2019\u00eatre en possession d\u2019un passeport \u00e9lectronique en cours de validit\u00e9 (valable 6 mois apr\u00e8s la date de retour en France), et d&rsquo;avoir effectu\u00e9 les formalit\u00e9s pour obtenir votre ESTA en ligne. <\/p>\n\n\n\n<p><em><strong>Oui, si vous r\u00e9servez un programme de cours \u201cIntensif\u201d, \u201cSemi-intensif\u201d, \u201cPr\u00e9paration au TOEFL\u201d, \u201cPr\u00e9paration \u00e0 l&rsquo;IELTS\u201d, et ce quelle que soit la dur\u00e9e. <\/strong><\/em>\nDans ce cas, un visa \u00e9tudiant F-1 est obligatoire. Pr\u00e9voir une inscription au moins 6 semaines avant la date de d\u00e9but des cours pour faire les d\u00e9marches d&rsquo;obtention de visa. Ces derni\u00e8res doivent \u00eatre effectu\u00e9es depuis la France (\u00e0 l&rsquo;ambassade \u00e0 Paris) et sont \u00e0 votre charge. <\/p>\n\n\n<p><\/div><\/p>\n\n\n<p><\/details><\/p>\n\n\n<p><details><\/p>\n\n\n<p><summary><\/p>\n\n\n\n<h2 class=\"wp-block-heading\">Comment obtenir un visa \u00e9tudiant F-1 pour les \u00c9tats-Unis ?<\/h2>\n\n\n<p><\/summary><\/p>\n\n\n<p><div class=\"reponse-courte\"><\/p>\n\n\n\n<p><em><strong>\u00c0 r\u00e9ception de votre inscription \u00e0 un programme de cours n\u00e9cessitant un visa, l\u2019\u00e9cole choisie confirmera votre inscription en \u00e9ditant un I-20.<\/strong> <\/em><\/p>\n\n\n\n<p>C\u2019est ce document officiel qui vous permettra de faire votre demande de visa F-1 aupr\u00e8s de l\u2019ambassade. Nous effectuons la demande de votre \u201cI-20\u201d aupr\u00e8s de notre partenaire am\u00e9ricain. Vous recevez alors un courrier explicatif pour vous aider \u00e0 pr\u00e9parer votre demande de visa. Lors de votre entretien \u00e0 l\u2019Ambassade des USA, il est imp\u00e9ratif que vous ayez l\u2019original du document I-20 en votre possession ainsi que toutes les pi\u00e8ces constituant votre dossier de demande de visa.<\/p>\n\n\n<p><\/div><\/p>\n\n\n<p><\/details><\/p>\n\n\n<p><details><\/p>\n\n\n<p><summary><\/p>\n\n\n\n<h2 class=\"wp-block-heading\">Ai-je besoin d\u2019un visa pour partir apprendre l\u2019anglais au Royaume-Uni ?<\/h2>\n\n\n<p><\/summary><\/p>\n\n\n<p><div class=\"reponse-courte\"><\/p>\n\n\n\n<p><em><strong> Non, si vous \u00eates ressortissant europ\u00e9en, et ce, quelle que soit la dur\u00e9e du s\u00e9jour.<\/strong> <\/em><\/p>\n\n\n\n<p><em><strong> Oui, si vous n&rsquo;\u00eates pas ressortissant europ\u00e9en.<\/strong> <\/em> Pour plus d&rsquo;informations, merci de visiter le site d\u00e9di\u00e9 aux questions de visas pour le Royaume-Uni (<a href=\"https:\/\/www.gov.uk\/apply-to-come-to-the-uk\" target=\"_blank\" rel=\"noreferrer noopener\">www.gov.uk\/apply-to-come-to-the-uk<\/a>). Vous devrez faire votre demande de visa \u00e9tudiant dans le pays o\u00f9 vous r\u00e9sidez.<\/p>\n\n\n<p><\/div><\/p>\n\n\n<p><\/details><\/p>\n\n\n<p><details><\/p>\n\n\n<p><summary><\/p>\n\n\n\n<h2 class=\"wp-block-heading\">Quel est le co\u00fbt d&rsquo;un visa \u00e9tudiant pour les \u00c9tats-Unis ?<\/h2>\n\n\n<p><\/summary><\/p>\n\n\n<p><div class=\"reponse-courte\"><\/p>\n\n\n\n<p><em><strong>Les frais de d&rsquo;obtention du visa pour les \u00c9tats-Unis pour l&rsquo;obtention du visa s&rsquo;\u00e9l\u00e8vent \u00e0 $160US. Les frais de Sevis sont eux de 350$US et sont en sus.<\/strong><\/em><\/p>\n\n\n\n<p>Les frais de d&rsquo;obtention du visa pour les \u00c9tats-Unis  sont \u00e0 r\u00e9gler aupr\u00e8s de l&rsquo;ambassade am\u00e9ricaine. <br> \u00c0 noter : le visa est obligatoire uniquement pour les cours de type intensif ou semi-intensif aux \u00c9tats-Unis ou pour tout s\u00e9jour sup\u00e9rieur \u00e0 3 mois. <\/p>\n\n\n<p><\/div><\/p>\n\n\n<p><\/details><\/p>\n\n\n<p><details><\/p>\n\n\n<p><summary><\/p>\n\n\n\n<h2 class=\"wp-block-heading\">Ai-je besoin d\u2019un visa pour partir apprendre l\u2019anglais en Australie ?<\/h2>\n\n\n<p><\/summary><\/p>\n\n\n<p><div class=\"reponse-courte\"><\/p>\n\n\n\n<p><em><strong>Non, si vous r\u00e9servez un programme de cours d\u2019une dur\u00e9e inf\u00e9rieure \u00e0 3 mois. <\/strong><\/em> Dans ce cas, vous rentrerez sur le territoire australien avec un statut \u201ctouriste\u201d.<br> Vous devrez cependant vous assurer d\u2019\u00eatre en possession d\u2019un passeport \u00e9lectronique valable encore six mois apr\u00e8s votre date de retour en France.<br> Vous devrez \u00e9galement obtenir une Autorisation Electronique de Voyage (ETA &#8211; Electronic Travel Authority). Votre agence de voyage peut vous la d\u00e9livrer gr\u00e2ce \u00e0 son syst\u00e8me de r\u00e9servation. Vous pouvez aussi obtenir un ETA sur internet en acc\u00e9dant au <a href=\"\/\/www.eta.homeaffairs.gov.au\/ETAS3\/etas\" target=\"_blank\" rel=\"noreferrer noopener\">site internet du Minist\u00e8re de l&rsquo;Immigration<\/a>.<\/p>\n\n\n\n<p><em><strong>Oui, si vous r\u00e9servez un programme de plus de 3 mois (12 semaines). <\/strong><\/em> Dans ce cas, un visa est obligatoire. Pr\u00e9voir une inscription au moins 2 mois avant le d\u00e9but de cours pour faire les d\u00e9marches d&rsquo;obtention de visa. <br> Les d\u00e9marches d&rsquo;obtention de visa pour l&rsquo;Australie s\u2019effectuent uniquement en ligne, sur le site de l\u2019<a rel=\"noreferrer noopener\" href=\"https:\/\/immi.homeaffairs.gov.au\/visas\/getting-a-visa\/visa-finder\/study\" target=\"_blank\">Ambassade d\u2019Australie<\/a>. <br> Les frais d&rsquo;obtention du visa (ressortissant fran\u00e7ais) pour l&rsquo;Australie sont de $620AU (tarifs au 01 mars 2020 &#8211; Frais susceptibles de changer \u2014 voir sur le site de l&rsquo;<a rel=\"noreferrer noopener\" href=\"https:\/\/immi.homeaffairs.gov.au\/visas\/getting-a-visa\/visa-finder\/study\" target=\"_blank\">ambassade australienne<\/a> au moment de votre inscription). <\/p>\n\n\n<p><\/div><\/p>\n\n\n<p><\/details><\/p>\n\n\n<p><\/section>\n\n\n<section class=\"section-gris\"><\/p>\n\n\n\n<h3 class=\"wp-block-heading\" style=\"text-align:center\" id=\"section4\">Questions relatives au financement, <br>\u00e0 l&rsquo;encadrement et \u00e0 notre organisme<\/h3>\n\n\n\n<div style=\"height:20px\" class=\"wp-block-spacer\"><\/div>\n\n\n<p><details><\/p>\n\n\n<p><summary><\/p>\n\n\n\n<h2 class=\"wp-block-heading\">Puis-je faire financer mon s\u00e9jour en \u00e9cole de langue par un fonds de formation ?<\/h2>\n\n\n<p><\/summary><\/p>\n\n\n<p><div class=\"reponse-courte\"><\/p>\n\n\n\n<p><em><strong>Oui, Calvin-Thomas est agr\u00e9\u00e9 organisme de formation professionnelle continue \u2014 n\u00b0 11 75 26 07 875.<\/strong><\/em> \nSi votre entreprise vous le permet, nous pourrons leur remettre les documents n\u00e9cessaires \u00e0 la mise en place du financement de la formation. <\/p>\n\n\n<p><\/div><\/p>\n\n\n<p><\/details><\/p>\n\n\n<p><details><\/p>\n\n\n<p><summary><\/p>\n\n\n\n<h2 class=\"wp-block-heading\">\u00c0 qui s&rsquo;adresser en cas de probl\u00e8me sur place ?<\/h2>\n\n\n<p><\/summary><\/p>\n\n\n<p><div class=\"reponse-courte\"><\/p>\n\n\n\n<p><em><strong>L&rsquo;administration de chaque \u00e9cole est disponible et comp\u00e9tente en cas de probl\u00e8mes pratiques ou administratifs relatifs \u00e0 votre installation ou \u00e0 votre placement. \u2028<\/strong><\/em>  \nLa famille du participant peut \u00e9galement, \u00e0 tout moment, contacter Calvin-Thomas gr\u00e2ce \u00e0 un num\u00e9ro d\u2019urgence. <\/p>\n\n\n<p><\/div><\/p>\n\n\n<p><\/details><\/p>\n\n\n<p><details><\/p>\n\n\n<p><summary><\/p>\n\n\n\n<h2 class=\"wp-block-heading\">Est-ce que Calvin-Thomas est un organisme fiable ?<\/h2>\n\n\n<p><\/summary><\/p>\n\n\n<p><div class=\"reponse-courte\"><\/p>\n\n\n\n<p><em><strong>Calvin-Thomas est membre de l&rsquo;Office (Office national de garantie des s\u00e9jours et stages linguistiques) et s&rsquo;engage de fait \u00e0 respecter son \u201cContrat Qualit\u00e9\u201d. <\/strong><\/em>  <br> Calvin-Thomas est \u00e9galement membre de l&rsquo;UNSE (Union Nationale des organisations de S\u00e9jours longue dur\u00e9e \u00e0 l&rsquo;\u00c9tranger). <\/p>\n\n\n<p><\/div><\/p>\n\n\n<p><\/details><\/p>\n\n\n<p><\/section>\n\n\n\n<div style=\"height:50px\" class=\"wp-block-spacer\"><\/div>\n","protected":false},"excerpt":{"rendered":"<p>Les r\u00e9ponses aux questions que vous vous posez.<\/p>\n<p>Avant de se lancer dans l&rsquo;exp\u00e9rience \u201cIsilangue\u201d, il convient de s&rsquo;informer le mieux possible sur les d\u00e9tails de ce programme. Cette FAQ a \u00e9t\u00e9 con\u00e7ue par l&rsquo;\u00e9quipe de Calvin-Thomas de mani\u00e8re \u00e0 r\u00e9pondre \u00e0 la plupart vos questions. Si l&rsquo;une d&rsquo;elles reste sans r\u00e9ponse, n&rsquo;h\u00e9sitez \u00e0  <a href=\"https:\/\/www.calvin-thomas.com\/isilangue\/informations-pratiques\/contacts-reunions-conseillers-isilangue\/\">nous contacter<\/a>, notre \u00e9quipe sera heureuse de vous r\u00e9pondre. <\/p>\n<ul class=\"liste-menu\">\n<li><a href=\"#section1\">Cours et h\u00e9bergement<\/a><\/li>\n<li><a href=\"#section2\">Inscription<\/a><\/li>\n<li><a href=\"#section3\">Visa<\/a><\/li>\n<li><a href=\"#section4\">Financement,<\/a><\/li>\n<\/ul>\n<p> <a class=\"btn couleur large\" href=\"https:\/\/www.calvin-thomas.com\/isilangue\/informations-pratiques\/foire-aux-questions\/\">EN SAVOIR PLUS <\/a><\/p>\n","protected":false},"author":1,"featured_media":52,"parent":9,"menu_order":0,"comment_status":"closed","ping_status":"closed","template":"","meta":{"_uag_custom_page_level_css":""},"uagb_featured_image_src":{"full":["https:\/\/www.calvin-thomas.com\/isilangue\/wp-content\/uploads\/\/sites\/8\/entete-faq.jpg",1200,1200,false],"thumbnail":["https:\/\/www.calvin-thomas.com\/isilangue\/wp-content\/uploads\/\/sites\/8\/entete-faq-150x150.jpg",150,150,true],"medium":["https:\/\/www.calvin-thomas.com\/isilangue\/wp-content\/uploads\/\/sites\/8\/entete-faq-300x300.jpg",300,300,true],"medium_large":["https:\/\/www.calvin-thomas.com\/isilangue\/wp-content\/uploads\/\/sites\/8\/entete-faq-768x768.jpg",640,640,true],"large":["https:\/\/www.calvin-thomas.com\/isilangue\/wp-content\/uploads\/\/sites\/8\/entete-faq-1024x1024.jpg",640,640,true],"1536x1536":["https:\/\/www.calvin-thomas.com\/isilangue\/wp-content\/uploads\/\/sites\/8\/entete-faq.jpg",1200,1200,false],"2048x2048":["https:\/\/www.calvin-thomas.com\/isilangue\/wp-content\/uploads\/\/sites\/8\/entete-faq.jpg",1200,1200,false]},"uagb_author_info":{"display_name":"redac-calvinthomas","author_link":"https:\/\/www.calvin-thomas.com\/isilangue\/author\/redac-calvinthomas\/"},"uagb_comment_info":0,"uagb_excerpt":"Les r\u00e9ponses aux questions que vous vous posez. Avant de se lancer dans l&rsquo;exp\u00e9rience \u201cIsilangue\u201d, il convient de s&rsquo;informer le mieux possible sur les d\u00e9tails de ce programme. Cette FAQ a \u00e9t\u00e9 con\u00e7ue par l&rsquo;\u00e9quipe de Calvin-Thomas de mani\u00e8re \u00e0 r\u00e9pondre \u00e0 la plupart vos questions. Si l&rsquo;une d&rsquo;elles reste sans r\u00e9ponse, n&rsquo;h\u00e9sitez \u00e0 nous\u2026","_links":{"self":[{"href":"https:\/\/www.calvin-thomas.com\/isilangue\/wp-json\/wp\/v2\/pages\/27"}],"collection":[{"href":"https:\/\/www.calvin-thomas.com\/isilangue\/wp-json\/wp\/v2\/pages"}],"about":[{"href":"https:\/\/www.calvin-thomas.com\/isilangue\/wp-json\/wp\/v2\/types\/page"}],"author":[{"embeddable":true,"href":"https:\/\/www.calvin-thomas.com\/isilangue\/wp-json\/wp\/v2\/users\/1"}],"replies":[{"embeddable":true,"href":"https:\/\/www.calvin-thomas.com\/isilangue\/wp-json\/wp\/v2\/comments?post=27"}],"version-history":[{"count":0,"href":"https:\/\/www.calvin-thomas.com\/isilangue\/wp-json\/wp\/v2\/pages\/27\/revisions"}],"up":[{"embeddable":true,"href":"https:\/\/www.calvin-thomas.com\/isilangue\/wp-json\/wp\/v2\/pages\/9"}],"wp:featuredmedia":[{"embeddable":true,"href":"https:\/\/www.calvin-thomas.com\/isilangue\/wp-json\/wp\/v2\/media\/52"}],"wp:attachment":[{"href":"https:\/\/www.calvin-thomas.com\/isilangue\/wp-json\/wp\/v2\/media?parent=27"}],"curies":[{"name":"wp","href":"https:\/\/api.w.org\/{rel}","templated":true}]}}