{"id":405,"date":"2019-06-20T17:19:00","date_gmt":"2019-06-20T15:19:00","guid":{"rendered":"https:\/\/www.calvin-thomas.com\/isilangue\/?page_id=405"},"modified":"2025-07-09T21:55:56","modified_gmt":"2025-07-09T19:55:56","slug":"page-daccueil","status":"publish","type":"page","link":"https:\/\/www.calvin-thomas.com\/isilangue\/","title":{"rendered":"Page d&rsquo;accueil"},"content":{"rendered":"<form data-sf-form-id='153' data-is-rtl='0' data-maintain-state='' data-results-url='https:\/\/www.calvin-thomas.com\/isilangue\/?sfid=153' data-ajax-url='https:\/\/www.calvin-thomas.com\/isilangue\/?sfid=153&amp;sf_data=results' data-ajax-form-url='https:\/\/www.calvin-thomas.com\/isilangue\/?sfid=153&amp;sf_action=get_data&amp;sf_data=form' data-display-result-method='archive' data-use-history-api='1' data-template-loaded='0' data-lang-code='fr' data-ajax='1' data-ajax-data-type='html' data-ajax-links-selector='.pagination a' data-ajax-target='#main' data-ajax-pagination-type='normal' data-update-ajax-url='1' data-only-results-ajax='1' data-scroll-to-pos='0' data-init-paged='1' data-auto-update='1' action='https:\/\/www.calvin-thomas.com\/isilangue\/?sfid=153' method='post' class='searchandfilter' id='search-filter-form-153' autocomplete='off' data-instance-count='1'><ul><li class=\"sf-field-taxonomy-pays\" data-sf-field-name=\"_sft_pays\" data-sf-field-type=\"taxonomy\" data-sf-field-input-type=\"select\">\t\t<label>\n\t\t\t\t   \t\t<select name=\"_sft_pays[]\" class=\"sf-input-select\" title=\"\">\n\t\t\t\t\t\t  \t\t\t<option class=\"sf-level-0 sf-item-0 sf-option-active\" selected=\"selected\" data-sf-count=\"0\" data-sf-depth=\"0\" value=\"\">Tous les pays<\/option>\n\t\t\t\t\t\t\t\t\t\t\t<option class=\"sf-level-0 sf-item-10\" data-sf-count=\"16\" data-sf-depth=\"0\" value=\"angleterre\">Angleterre&nbsp;&nbsp;(16)<\/option>\n\t\t\t\t\t\t\t\t\t\t\t<option class=\"sf-level-0 sf-item-3\" data-sf-count=\"5\" data-sf-depth=\"0\" value=\"canada\">Canada&nbsp;&nbsp;(5)<\/option>\n\t\t\t\t\t\t\t\t\t\t\t<option class=\"sf-level-0 sf-item-11\" data-sf-count=\"24\" data-sf-depth=\"0\" value=\"etats-unis\">\u00c9tats-Unis&nbsp;&nbsp;(24)<\/option>\n\t\t\t\t\t\t\t\t\t\t\t<option class=\"sf-level-0 sf-item-9\" data-sf-count=\"5\" data-sf-depth=\"0\" value=\"irlande\">Irlande&nbsp;&nbsp;(5)<\/option>\n\t\t\t\t\t\t\t\t\t\t\t<\/select><\/label>\t\t\t\t\t\t\t\t\t\t<\/li><li class=\"sf-field-taxonomy-formules\" data-sf-field-name=\"_sft_formules\" data-sf-field-type=\"taxonomy\" data-sf-field-input-type=\"select\">\t\t<label>\n\t\t\t\t   \t\t<select name=\"_sft_formules[]\" class=\"sf-input-select\" title=\"\">\n\t\t\t\t\t\t  \t\t\t<option class=\"sf-level-0 sf-item-0 sf-option-active\" selected=\"selected\" data-sf-count=\"0\" data-sf-depth=\"0\" value=\"\">Tous les cursus<\/option>\n\t\t\t\t\t\t\t\t\t\t\t<option class=\"sf-level-0 sf-item-6\" data-sf-count=\"10\" data-sf-depth=\"0\" value=\"1-standard\">Standard&nbsp;&nbsp;(10)<\/option>\n\t\t\t\t\t\t\t\t\t\t\t<option class=\"sf-level-0 sf-item-4\" data-sf-count=\"10\" data-sf-depth=\"0\" value=\"2-semi-intensif\">Semi intensif&nbsp;&nbsp;(10)<\/option>\n\t\t\t\t\t\t\t\t\t\t\t<option class=\"sf-level-0 sf-item-5\" data-sf-count=\"10\" data-sf-depth=\"0\" value=\"3-intensif\">Intensif&nbsp;&nbsp;(10)<\/option>\n\t\t\t\t\t\t\t\t\t\t\t<option class=\"sf-level-0 sf-item-13\" data-sf-count=\"9\" data-sf-depth=\"0\" value=\"4-business\">Business&nbsp;&nbsp;(9)<\/option>\n\t\t\t\t\t\t\t\t\t\t\t<option class=\"sf-level-0 sf-item-7\" data-sf-count=\"6\" data-sf-depth=\"0\" value=\"5-preparation-toefl-ibt\">Pr\u00e9paration au TOEFL iBT&nbsp;&nbsp;(6)<\/option>\n\t\t\t\t\t\t\t\t\t\t\t<option class=\"sf-level-0 sf-item-15\" data-sf-count=\"4\" data-sf-depth=\"0\" value=\"6-preparation-ielts\">Pr\u00e9paration \u00e0 l&#039;IELTS&nbsp;&nbsp;(4)<\/option>\n\t\t\t\t\t\t\t\t\t\t\t<option class=\"sf-level-0 sf-item-14\" data-sf-count=\"1\" data-sf-depth=\"0\" value=\"7-preparation-examen-cambridge\">Pr\u00e9paration aux examens de Cambridge&nbsp;&nbsp;(1)<\/option>\n\t\t\t\t\t\t\t\t\t\t\t<\/select><\/label>\t\t\t\t\t\t\t\t\t\t<\/li><\/ul><\/form>\n\n\n\n<div class=\"wp-block-column is-layout-flow wp-block-column-is-layout-flow\">\n<div style=\"height:80px\" aria-hidden=\"true\" class=\"wp-block-spacer\"><\/div>\n<\/div>\n\n\n\n<p style=\"text-align:center;margin:0!important\">RETROUVEZ-NOUS SUR<\/p>\n\n\n\n<div style=\"display: flex; justify-content: center; margin-boyyom:15px\">\n<p style=\"text-align: center;\"><a href=\"https:\/\/www.facebook.com\/CalvinThomasOrg\" target=\"_blank\" rel=\"noopener\"><img loading=\"lazy\" decoding=\"async\" class=\"size-full wp-image-544 alignleft\" src=\"https:\/\/www.calvin-thomas.com\/highschool\/wp-content\/uploads\/\/sites\/4\/logo-facebook.png\" alt=\"Facebook Calvin-Thomas\" width=\"50\" height=\"50\"><\/a> <a href=\"https:\/\/twitter.com\/CalvinThomasOrg\" target=\"_blank\" rel=\"noopener\"><img loading=\"lazy\" decoding=\"async\" class=\"size-full wp-image-545 alignleft\" src=\"https:\/\/www.calvin-thomas.com\/highschool\/wp-content\/uploads\/\/sites\/4\/logo-twitter.png\" alt=\"Twitter Calvin-Thomas\" width=\"50\" height=\"50\"><\/a> <a href=\"https:\/\/www.youtube.com\/user\/CalvinThomasOrg\" target=\"_blank\" rel=\"noopener\"><img loading=\"lazy\" decoding=\"async\" class=\"alignleft size-full wp-image-546\" src=\"https:\/\/www.calvin-thomas.com\/highschool\/wp-content\/uploads\/\/sites\/4\/logo-youtube.png\" alt=\"Youtube Calvin-Thomas\" width=\"50\" height=\"50\"><\/a> <a href=\"https:\/\/www.instagram.com\/calvinthomasfrance\/?hl=fr\" target=\"_blank\" rel=\"noopener\"><img loading=\"lazy\" decoding=\"async\" class=\"alignleft size-full wp-image-547\" src=\"https:\/\/www.calvin-thomas.com\/highschool\/wp-content\/uploads\/\/sites\/4\/logo-instagram.png\" alt=\"Instagram Calvin-Thomas\" width=\"50\" height=\"50\"><\/a><\/p>\n<\/div>\n\n\n\n<div class=\"wp-block-column is-layout-flow wp-block-column-is-layout-flow\">\n<div style=\"height:30px\" aria-hidden=\"true\" class=\"wp-block-spacer\"><\/div>\n\n\n\n\n<div class=\"wp-block-column is-layout-flow wp-block-column-is-layout-flow\">\n<div style=\"height:30px\" aria-hidden=\"true\" class=\"wp-block-spacer\"><\/div>\n\n\n\n<div class=\"wp-block-uagb-container uagb-block-471dda39 default uagb-is-root-container\">\n<div class=\"cadrenoedumaine\">\n\n\n\n<div class=\"wp-block-uagb-container uagb-block-68d94e65\">\n<div style=\"height:10px\" aria-hidden=\"true\" class=\"wp-block-spacer\"><\/div>\n\n\n\n<figure class=\"wp-block-image size-full is-resized\"><img decoding=\"async\" src=\"https:\/\/www.calvin-thomas.com\/wp-content\/uploads\/\/graphisme-noe.webp\" alt=\"\" class=\"wp-image-1024\" style=\"width:100px\"\/><\/figure>\n\n\n<div class=\"wp-block-image is-style-default noedumaine\">\n<figure class=\"aligncenter size-full\"><img decoding=\"async\" src=\"https:\/\/www.calvin-thomas.com\/wp-content\/uploads\/\/noe-dumaine.webp\" alt=\"No\u00e9 Dumaine\" class=\"wp-image-1023\"\/><\/figure><\/div>\n\n\n<p class=\"has-text-align-center margin0 has-white-color has-text-color has-link-color wp-elements-d551997f57fd89a8df2e4191419de909\" style=\"font-size:18px\">CHAMPION FRAN\u00c7AIS DE WASZP<br>PORTE HAUT NOS COULEURS<\/p>\n\n\n\n<p class=\"has-text-align-center has-white-color has-text-color has-link-color wp-elements-73cf583f6463762049be9f2d90cb89e3\" style=\"font-size:13px\">Il a particip\u00e9 aux Championnats de France du 3 au 9 juillet \u00e0 Carnac et participera aux championnats du monde du 18 au 27 juillet \u00e0 Weymouth (UK).<\/p>\n\n\n\n<div class=\"wp-block-buttons is-content-justification-center is-layout-flex wp-container-core-buttons-is-layout-1 wp-block-buttons-is-layout-flex\">\n<div class=\"wp-block-button has-custom-font-size\" style=\"font-size:14px\"><a class=\"wp-block-button__link has-background has-text-align-center wp-element-button\" href=\"https:\/\/www.calvin-thomas.com\/le-blog\/championnat-de-france-waszp-2025-avec-noe-dumaine-cap-sur-les-sommets-%e2%9b%b5%ef%b8%8f%f0%9f%94%a5\/\" style=\"background-color:#e22524\">Retrouvez les r\u00e9actions de No\u00e9<\/a><\/div>\n<\/div>\n\n\n\n<div style=\"height:20px\" aria-hidden=\"true\" class=\"wp-block-spacer\"><\/div>\n<\/div>\n\n\n\n<div class=\"wp-block-uagb-container uagb-block-8aef3c5d\">\n<div class=\"wp-block-uagb-slider uagb-block-3c6c51fd uagb-slider-container\"><div class=\"uagb-slides uagb-swiper\"><div class=\"swiper-wrapper\">\n<div class=\"wp-block-uagb-slider-child uagb-slider-child-wrap swiper-slide uagb-block-d609f1c7\"><div class=\"swiper-content\">\n<div class=\"wp-block-uagb-container uagb-block-fcc49f62\">\n<figure class=\"wp-block-image size-full\"><img decoding=\"async\" src=\"https:\/\/www.calvin-thomas.com\/wp-content\/uploads\/\/photo-noe1ok.webp\" alt=\"sponsor de No\u00e9 Dumaine\" class=\"wp-image-1059\"\/><\/figure>\n<\/div>\n<\/div><\/div>\n\n\n\n<div class=\"wp-block-uagb-slider-child uagb-slider-child-wrap swiper-slide uagb-block-8984bc37\"><div class=\"swiper-content\">\n<div class=\"wp-block-uagb-container uagb-block-9a5108d8\">\n<figure class=\"wp-block-image size-full\"><img decoding=\"async\" src=\"https:\/\/www.calvin-thomas.com\/wp-content\/uploads\/\/photo-noe2ok.webp\" alt=\"No\u00e9 Dumaine et Calvin-Thomas\" class=\"wp-image-1079\"\/><\/figure>\n<\/div>\n<\/div><\/div>\n<\/div><\/div><div class=\"swiper-pagination\"><\/div><\/div>\n<\/div>\n\n\n\n<\/div><style>.noedumaine{margin:0 0 -30px!important;}.cadrenoedumaine{max-width:1100px; border-radius:20px; background: linear-gradient(0deg,rgb(44,55,107) 0%,rgb(115,197,232) 100%)}@media screen and (min-width: 767px) {.cadrenoedumaine{display:flex}}.uagb-block-8aef3c5d, .uagb-block-68d94e65, uagb-block-fcc49f62, .uagb-block-9a5108d8{padding-top:0 !important;padding-bottom:0 !important}<\/style>\n<\/div>\n<\/div>\n\n\n\n<div style=\"height:90px\" aria-hidden=\"true\" class=\"wp-block-spacer\"><\/div>\n\n\n\n\n<div class=\"wp-block-columns has-2-columns column-centre centrer-hauteur is-layout-flex wp-container-core-columns-is-layout-1 wp-block-columns-is-layout-flex\">\n<div class=\"wp-block-column is-layout-flow wp-block-column-is-layout-flow\"><div class=\"wp-block-image\">\n<figure class=\"aligncenter\"><img loading=\"lazy\" decoding=\"async\" width=\"818\" height=\"1024\" src=\"https:\/\/www.calvin-thomas.com\/isilangue\/wp-content\/uploads\/\/sites\/8\/apprendre-anglais-etranger-818x1024.jpg\" alt=\"apprendre l'anglais \u00e0 l'\u00e9tranger dans une \u00e9cole de langue agr\u00e9\u00e9e\" class=\"wp-image-423\" srcset=\"https:\/\/www.calvin-thomas.com\/isilangue\/wp-content\/uploads\/\/sites\/8\/apprendre-anglais-etranger-818x1024.jpg 818w, https:\/\/www.calvin-thomas.com\/isilangue\/wp-content\/uploads\/\/sites\/8\/apprendre-anglais-etranger-240x300.jpg 240w, https:\/\/www.calvin-thomas.com\/isilangue\/wp-content\/uploads\/\/sites\/8\/apprendre-anglais-etranger-768x961.jpg 768w, https:\/\/www.calvin-thomas.com\/isilangue\/wp-content\/uploads\/\/sites\/8\/apprendre-anglais-etranger.jpg 855w\" sizes=\"(max-width: 818px) 100vw, 818px\" \/><\/figure><\/div><\/div>\n\n\n\n<div class=\"wp-block-column is-layout-flow wp-block-column-is-layout-flow\">\n<div style=\"height:30px\" aria-hidden=\"true\" class=\"wp-block-spacer\"><\/div>\n\n\n\n<h2 class=\"wp-block-heading\"><strong>Les cours d&rsquo;anglais \u00e0 l&rsquo;\u00e9tranger<\/strong> dans un pays anglophone<\/h2>\n\n\n\n<div style=\"height:20px\" aria-hidden=\"true\" class=\"wp-block-spacer\"><\/div>\n\n\n\n<p>Fort de nos <strong>30 ans d&rsquo;exp\u00e9rience<\/strong>, nos \u00e9coles de langue Isilangue s&rsquo;adressent aux <strong>adultes et \u00e9tudiants de plus de 16 ans<\/strong> qui souhaitent apprendre l&rsquo;anglais \u00e0 l&rsquo;\u00e9tranger <strong>(initiation <\/strong>ou <strong>perfectionnement)<\/strong>, <strong>quel que soit leur niveau<\/strong> et <strong>quel que soit le temps dont ils disposent<\/strong>.<\/p>\n\n\n\n<p>Toutes nos <strong>\u00e9coles de langue, agr\u00e9\u00e9es par diff\u00e9rents organismes d&rsquo;\u00c9tat,<\/strong>sont <strong>reconnues internationalement<\/strong>. Elles dispensent des cours d&rsquo;anglais selon une <strong>m\u00e9thode p\u00e9dagogique d&rsquo;apprentissage de l&rsquo;anglais con\u00e7ue par des experts<\/strong>. Des <strong>outils technologiques<\/strong> sont \u00e9galement propos\u00e9s aux \u00e9tudiants pour <strong>compl\u00e9ter l&rsquo;apprentissage en classe.<\/strong><\/p>\n\n\n\n<p><strong>Un large choix d&rsquo;\u00e9coles de langues<\/strong> (13 \u00e9coles implant\u00e9es aux \u00c9tats-Unis, au Canada, au Royaume-Uni, en Irlande et en Australie), de <strong>cursus de cours d&rsquo;anglais<\/strong> (6 programmes dont \u201canglais intensif\u201d, \u201canglais semi-intensif\u201d, \u201canglais standard\u201d, \u201canglais Business\u201d, \u201cpr\u00e9paration au TOEFL\u201d et \u201cpr\u00e9paration aux examens de Cambridge\u201d) et de <strong>formules d&rsquo;h\u00e9bergement <\/strong>(en famille d&rsquo;accueil ou en r\u00e9sidence\/appartement) permet de cr\u00e9er un <strong>s\u00e9jour linguistique \u00e0 la carte<\/strong>, qui r\u00e9pond au mieux \u00e0 vos objectifs personnels et professionnels. <\/p>\n\n\n\n<div style=\"height:50px\" aria-hidden=\"true\" class=\"wp-block-spacer\"><\/div>\n<\/div>\n<\/div>\n\n\n\n<div style=\"height:50px\" aria-hidden=\"true\" class=\"wp-block-spacer\"><\/div>\n\n\n\n<h2 class=\"wp-block-heading has-text-align-center centrer\">Commencer des cours d&rsquo;anglais \u00e0 l&rsquo;\u00e9tranger<br><strong>dans une de nos 5 destinations&#8230;<\/strong><\/h2>\n\n\n\n<div style=\"height:50px\" aria-hidden=\"true\" class=\"wp-block-spacer\"><\/div>\n\n\n\n<div class=\"wp-block-columns has-5-columns is-layout-flex wp-container-core-columns-is-layout-2 wp-block-columns-is-layout-flex\">\n<div class=\"wp-block-column is-layout-flow wp-block-column-is-layout-flow\">\n<figure class=\"wp-block-image destinations\"><a href=\"https:\/\/www.calvin-thomas.com\/isilangue\/pays\/etats-unis\/\"><img loading=\"lazy\" decoding=\"async\" width=\"248\" height=\"375\" src=\"https:\/\/www.calvin-thomas.com\/isilangue\/wp-content\/uploads\/\/sites\/8\/etats-unis.jpg\" alt=\"\u00e9cole de langue aux \u00c9tats-Unis\" class=\"wp-image-430\" srcset=\"https:\/\/www.calvin-thomas.com\/isilangue\/wp-content\/uploads\/\/sites\/8\/etats-unis.jpg 248w, https:\/\/www.calvin-thomas.com\/isilangue\/wp-content\/uploads\/\/sites\/8\/etats-unis-198x300.jpg 198w\" sizes=\"(max-width: 248px) 100vw, 248px\" \/><\/a><figcaption class=\"wp-element-caption\">\u00c9tats-Unis<\/figcaption><\/figure>\n<\/div>\n\n\n\n<div class=\"wp-block-column is-layout-flow wp-block-column-is-layout-flow\">\n<figure class=\"wp-block-image destinations\"><a href=\"https:\/\/www.calvin-thomas.com\/isilangue\/pays\/canada\/\"><img loading=\"lazy\" decoding=\"async\" width=\"248\" height=\"375\" src=\"https:\/\/www.calvin-thomas.com\/isilangue\/wp-content\/uploads\/\/sites\/8\/canada.jpg\" alt=\"suivre des cours d'anglais au Canada\" class=\"wp-image-429\" srcset=\"https:\/\/www.calvin-thomas.com\/isilangue\/wp-content\/uploads\/\/sites\/8\/canada.jpg 248w, https:\/\/www.calvin-thomas.com\/isilangue\/wp-content\/uploads\/\/sites\/8\/canada-198x300.jpg 198w\" sizes=\"(max-width: 248px) 100vw, 248px\" \/><\/a><figcaption class=\"wp-element-caption\">Canada<\/figcaption><\/figure>\n<\/div>\n\n\n\n<div class=\"wp-block-column is-layout-flow wp-block-column-is-layout-flow\">\n<figure class=\"wp-block-image destinations\"><a href=\"https:\/\/www.calvin-thomas.com\/isilangue\/pays\/angleterre\/\"><img loading=\"lazy\" decoding=\"async\" width=\"248\" height=\"375\" src=\"https:\/\/www.calvin-thomas.com\/isilangue\/wp-content\/uploads\/\/sites\/8\/angleterre.jpg\" alt=\"Apprendre l'anglais en Angleterre\" class=\"wp-image-428\" srcset=\"https:\/\/www.calvin-thomas.com\/isilangue\/wp-content\/uploads\/\/sites\/8\/angleterre.jpg 248w, https:\/\/www.calvin-thomas.com\/isilangue\/wp-content\/uploads\/\/sites\/8\/angleterre-198x300.jpg 198w\" sizes=\"(max-width: 248px) 100vw, 248px\" \/><\/a><figcaption class=\"wp-element-caption\">Royaume-Uni<\/figcaption><\/figure>\n<\/div>\n\n\n\n<div class=\"wp-block-column is-layout-flow wp-block-column-is-layout-flow\">\n<figure class=\"wp-block-image destinations\"><a href=\"https:\/\/www.calvin-thomas.com\/isilangue\/pays\/irlande\/\"><img loading=\"lazy\" decoding=\"async\" width=\"248\" height=\"375\" src=\"https:\/\/www.calvin-thomas.com\/isilangue\/wp-content\/uploads\/\/sites\/8\/irlande.jpg\" alt=\"formation d'anglais en Irlande\" class=\"wp-image-427\" srcset=\"https:\/\/www.calvin-thomas.com\/isilangue\/wp-content\/uploads\/\/sites\/8\/irlande.jpg 248w, https:\/\/www.calvin-thomas.com\/isilangue\/wp-content\/uploads\/\/sites\/8\/irlande-198x300.jpg 198w\" sizes=\"(max-width: 248px) 100vw, 248px\" \/><\/a><figcaption class=\"wp-element-caption\">Irlande<\/figcaption><\/figure>\n<\/div>\n\n\n\n<div class=\"wp-block-column is-layout-flow wp-block-column-is-layout-flow\">\n<figure class=\"wp-block-image destinations\"><a href=\"https:\/\/www.calvin-thomas.com\/isilangue\/pays\/australie\/\"><img loading=\"lazy\" decoding=\"async\" width=\"248\" height=\"375\" src=\"https:\/\/www.calvin-thomas.com\/isilangue\/wp-content\/uploads\/\/sites\/8\/australie.jpg\" alt=\"partir en Australie pour \u00e9tudier l'anglais\" class=\"wp-image-426\" srcset=\"https:\/\/www.calvin-thomas.com\/isilangue\/wp-content\/uploads\/\/sites\/8\/australie.jpg 248w, https:\/\/www.calvin-thomas.com\/isilangue\/wp-content\/uploads\/\/sites\/8\/australie-198x300.jpg 198w\" sizes=\"(max-width: 248px) 100vw, 248px\" \/><\/a><figcaption class=\"wp-element-caption\">Australie<\/figcaption><\/figure>\n<\/div>\n<\/div>\n\n\n\n<div style=\"height:100px\" aria-hidden=\"true\" class=\"wp-block-spacer\"><\/div>\n\n\n\n<h2 class=\"wp-block-heading has-text-align-center content-centrer centrer\"><strong>Une exp\u00e9rience unique <\/strong><br>pour apprendre l&rsquo;anglais \u00e0 l&rsquo;\u00e9tranger<\/h2>\n\n\n\n<div style=\"height:50px\" aria-hidden=\"true\" class=\"wp-block-spacer\"><\/div>\n\n\n\n<p class=\"has-text-align-center content-centrer\"><strong>Notre organisme, Calvin-Thomas, pr\u00e9pare chaque participant de l\u2019inscription jusqu&rsquo;au jour du d\u00e9part, et reste toujours disponible pour vous informer sur les d\u00e9marches de visa, les transports, les assurances, etc.<\/strong><\/p>\n\n\n\n<div style=\"height:30px\" aria-hidden=\"true\" class=\"wp-block-spacer\"><\/div>\n\n\n\n<div class=\"wp-block-columns has-2-columns column-centre is-layout-flex wp-container-core-columns-is-layout-3 wp-block-columns-is-layout-flex\">\n<div class=\"wp-block-column is-layout-flow wp-block-column-is-layout-flow\">\n<h3 class=\"wp-block-heading\">Une vari\u00e9t\u00e9 de cours d\u2019anglais\u2026<\/h3>\n\n\n\n<p><strong>De 15 \u00e0 25 heures de cours par semaine, <\/strong>le s\u00e9jour Isilangue est une exp\u00e9rience fa\u00e7onn\u00e9e selon vos besoins. <strong>Compl\u00e8tement adaptable \u00e0 vos envies<\/strong>, ce s\u00e9jour est un <strong>moyen rapide et efficace de progresser en anglais<\/strong>, de <strong>d\u00e9couvrir <\/strong>un nouveau lieu et d\u2019<strong>\u00e9voluer dans la langue anglaise<\/strong>.<\/p>\n\n\n\n<p>Dans chaque cursus, le <strong>niveau du participant est \u00e9valu\u00e9<\/strong> \u00e0 l&rsquo;arriv\u00e9e dans le centre d&rsquo;\u00e9tudes. L&rsquo;\u00e9tudiant sera alors plac\u00e9 dans une <strong>classe de son niveau<\/strong>, sachant que ce groupe d&rsquo;\u00e9tude peut \u00e9voluer en cours de formation. <\/p>\n<\/div>\n\n\n\n<div class=\"wp-block-column is-layout-flow wp-block-column-is-layout-flow\">\n<h3 class=\"wp-block-heading\">&#8230; adapt\u00e9 \u00e9galement aux adultes<\/h3>\n\n\n\n<p>Calvin-Thomas est <strong>agr\u00e9\u00e9 \u201corganisme de formation  professionnelle\u201d<\/strong> sous le num\u00e9ro 11 75 26 07 875. \u00c0 ce titre, votre <strong>s\u00e9jour linguistique peut donc \u00eatre  partiellement ou totalement financ\u00e9 par votre entreprise<\/strong> dans le cadre du <strong>Compte Personnel de Formation ou CPF<\/strong> (anciennement DIF).<\/p>\n\n\n\n<p>Rappelons que le CPF permet aux salari\u00e9s de <strong>se former gr\u00e2ce \u00e0 un financement de leur entreprise<\/strong>. Il est aliment\u00e9 automatiquement \u00e0 la fin de chaque ann\u00e9e proportionnellement au temps de travail r\u00e9alis\u00e9 pendant l&rsquo;ann\u00e9e. <\/p>\n<\/div>\n<\/div>\n<\/div>\n\n\n\n<div class=\"wp-block-column is-layout-flow wp-block-column-is-layout-flow\">\n<figure class=\"wp-block-image alignfull\"><img loading=\"lazy\" decoding=\"async\" width=\"1024\" height=\"506\" src=\"https:\/\/www.calvin-thomas.com\/isilangue\/wp-content\/uploads\/\/sites\/8\/cours-anglais-etranger-1024x506.jpg\" alt=\"cours d'anglais \u00e0 l'\u00e9tranger\" class=\"wp-image-421\" srcset=\"https:\/\/www.calvin-thomas.com\/isilangue\/wp-content\/uploads\/\/sites\/8\/cours-anglais-etranger-1024x506.jpg 1024w, https:\/\/www.calvin-thomas.com\/isilangue\/wp-content\/uploads\/\/sites\/8\/cours-anglais-etranger-300x148.jpg 300w, https:\/\/www.calvin-thomas.com\/isilangue\/wp-content\/uploads\/\/sites\/8\/cours-anglais-etranger-768x380.jpg 768w, https:\/\/www.calvin-thomas.com\/isilangue\/wp-content\/uploads\/\/sites\/8\/cours-anglais-etranger.jpg 1200w\" sizes=\"(max-width: 1024px) 100vw, 1024px\" \/><\/figure>\n\n\n\n<p><\/p>\n<\/div>\n","protected":false},"excerpt":{"rendered":"<p style=\"text-align:center;margin:0!important\">RETROUVEZ-NOUS SUR<\/p>\n<p style=\"text-align: center;\"><a href=\"https:\/\/www.facebook.com\/CalvinThomasOrg\" target=\"_blank\" rel=\"noopener\"><\/a> <a href=\"https:\/\/twitter.com\/CalvinThomasOrg\" target=\"_blank\" rel=\"noopener\"><\/a> <a href=\"https:\/\/www.youtube.com\/user\/CalvinThomasOrg\" target=\"_blank\" rel=\"noopener\"><\/a> <a href=\"https:\/\/www.instagram.com\/calvinthomasfrance\/?hl=fr\" target=\"_blank\" rel=\"noopener\"><\/a><\/p>\n<p class=\"has-text-align-center margin0 has-white-color has-text-color has-link-color wp-elements-d551997f57fd89a8df2e4191419de909\" style=\"font-size:18px\">CHAMPION FRAN\u00c7AIS DE WASZP<br \/>PORTE HAUT NOS COULEURS<\/p>\n<p class=\"has-text-align-center has-white-color has-text-color has-link-color wp-elements-73cf583f6463762049be9f2d90cb89e3\" style=\"font-size:13px\">Il a particip\u00e9 aux Championnats de France du 3 au 9 juillet \u00e0 Carnac et participera aux championnats du monde du 18 au 27 juillet \u00e0 Weymouth (UK).<\/p>\n<p><a class=\"wp-block-button__link has-background has-text-align-center wp-element-button\" href=\"https:\/\/www.calvin-thomas.com\/le-blog\/championnat-de-france-waszp-2025-avec-noe-dumaine-cap-sur-les-sommets-%e2%9b%b5%ef%b8%8f%f0%9f%94%a5\/\" style=\"background-color:#e22524\">Retrouvez les r\u00e9actions de No\u00e9<\/a><\/p>\n<style>.noedumaine{margin:0 0 -30px!important;}.cadrenoedumaine{max-width:1100px; border-radius:20px; background: linear-gradient(0deg,rgb(44,55,107) 0%,rgb(115,197,232) 100%)}@media screen and (min-width: 767px) {.cadrenoedumaine{display:flex}}.uagb-block-8aef3c5d,<\/style>\n<p> <a class=\"btn couleur large\" href=\"https:\/\/www.calvin-thomas.com\/isilangue\/\">EN SAVOIR PLUS <\/a><\/p>\n","protected":false},"author":1,"featured_media":624,"parent":0,"menu_order":0,"comment_status":"closed","ping_status":"closed","template":"page-homepage.php","meta":{"_uag_custom_page_level_css":""},"uagb_featured_image_src":{"full":["https:\/\/www.calvin-thomas.com\/isilangue\/wp-content\/uploads\/\/sites\/8\/entete-isilangue.jpg",1280,856,false],"thumbnail":["https:\/\/www.calvin-thomas.com\/isilangue\/wp-content\/uploads\/\/sites\/8\/entete-isilangue-150x150.jpg",150,150,true],"medium":["https:\/\/www.calvin-thomas.com\/isilangue\/wp-content\/uploads\/\/sites\/8\/entete-isilangue-300x201.jpg",300,201,true],"medium_large":["https:\/\/www.calvin-thomas.com\/isilangue\/wp-content\/uploads\/\/sites\/8\/entete-isilangue-768x514.jpg",640,428,true],"large":["https:\/\/www.calvin-thomas.com\/isilangue\/wp-content\/uploads\/\/sites\/8\/entete-isilangue-1024x685.jpg",640,428,true],"1536x1536":["https:\/\/www.calvin-thomas.com\/isilangue\/wp-content\/uploads\/\/sites\/8\/entete-isilangue.jpg",1280,856,false],"2048x2048":["https:\/\/www.calvin-thomas.com\/isilangue\/wp-content\/uploads\/\/sites\/8\/entete-isilangue.jpg",1280,856,false]},"uagb_author_info":{"display_name":"redac-calvinthomas","author_link":"https:\/\/www.calvin-thomas.com\/isilangue\/author\/redac-calvinthomas\/"},"uagb_comment_info":0,"uagb_excerpt":"RETROUVEZ-NOUS SUR CHAMPION FRAN\u00c7AIS DE WASZPPORTE HAUT NOS COULEURS Il a particip\u00e9 aux Championnats de France du 3 au 9 juillet \u00e0 Carnac et participera aux championnats du monde du 18 au 27 juillet \u00e0 Weymouth (UK). Retrouvez les r\u00e9actions de No\u00e9 EN SAVOIR PLUS","_links":{"self":[{"href":"https:\/\/www.calvin-thomas.com\/isilangue\/wp-json\/wp\/v2\/pages\/405"}],"collection":[{"href":"https:\/\/www.calvin-thomas.com\/isilangue\/wp-json\/wp\/v2\/pages"}],"about":[{"href":"https:\/\/www.calvin-thomas.com\/isilangue\/wp-json\/wp\/v2\/types\/page"}],"author":[{"embeddable":true,"href":"https:\/\/www.calvin-thomas.com\/isilangue\/wp-json\/wp\/v2\/users\/1"}],"replies":[{"embeddable":true,"href":"https:\/\/www.calvin-thomas.com\/isilangue\/wp-json\/wp\/v2\/comments?post=405"}],"version-history":[{"count":2,"href":"https:\/\/www.calvin-thomas.com\/isilangue\/wp-json\/wp\/v2\/pages\/405\/revisions"}],"predecessor-version":[{"id":874,"href":"https:\/\/www.calvin-thomas.com\/isilangue\/wp-json\/wp\/v2\/pages\/405\/revisions\/874"}],"wp:featuredmedia":[{"embeddable":true,"href":"https:\/\/www.calvin-thomas.com\/isilangue\/wp-json\/wp\/v2\/media\/624"}],"wp:attachment":[{"href":"https:\/\/www.calvin-thomas.com\/isilangue\/wp-json\/wp\/v2\/media?parent=405"}],"curies":[{"name":"wp","href":"https:\/\/api.w.org\/{rel}","templated":true}]}}