{"id":435,"date":"2019-06-24T13:49:04","date_gmt":"2019-06-24T11:49:04","guid":{"rendered":"https:\/\/www.calvin-thomas.com\/isilangue\/?page_id=435"},"modified":"2020-02-14T14:56:25","modified_gmt":"2020-02-14T13:56:25","slug":"pourquoi-prendre-cours-anglais-etranger","status":"publish","type":"page","link":"https:\/\/www.calvin-thomas.com\/isilangue\/choisir-son-cours-de-langue\/pourquoi-prendre-cours-anglais-etranger\/","title":{"rendered":"Pourquoi prendre des cours d&rsquo;anglais \u00e0 l&rsquo;\u00e9tranger ?"},"content":{"rendered":"\n<div style=\"height:50px\" aria-hidden=\"true\" class=\"wp-block-spacer\"><\/div>\n\n\n\n<div class=\"wp-block-columns has-2-columns column-centre is-layout-flex wp-container-core-columns-is-layout-1 wp-block-columns-is-layout-flex\">\n<div class=\"wp-block-column is-layout-flow wp-block-column-is-layout-flow\">\n<h2 class=\"wp-block-heading\">Un s\u00e9jour qui s\u2019adapte \u00e0 vos besoins<\/h2>\n\n\n\n<p>Modulable selon les priorit\u00e9s de chacun, Isilangue propose des dizaines d\u2019options permettant \u00e0 tout un chacun de prendre des cours d&rsquo;anglais et d&rsquo;y trouver son compte. Dur\u00e9e, destination, famille d\u2019accueil ou r\u00e9sidence, chambre simple ou double, salle de bain priv\u00e9e ou partag\u00e9e, etc. Le s\u00e9jour est personnalisable \u00e0 l\u2019infini. <\/p>\n\n\n\n<p>Le r\u00e9sultat ? Des progr\u00e8s importants en anglais et l\u2019opportunit\u00e9 d\u2019impressionner ses proches, ses coll\u00e8gues de travail, etc. Prendre des cours d&rsquo;anglais \u00e0 l&rsquo;\u00e9tranger, c\u2019est une nouvelle corde \u00e0 son arc, un avantage de plus en plus essentiel dans le monde d\u2019aujourd\u2019hui.<\/p>\n<\/div>\n\n\n\n<div class=\"wp-block-column is-layout-flow wp-block-column-is-layout-flow\">\n<ul class=\"liste-menu\"><li><a href=\"#section1\">4 bonnes raisons de franchir le pas<\/a><\/li><li><a href=\"#section2\">Pourquoi choisir Calvin-Thomas ?<\/a><\/li><\/ul>\n\n\n\n<p><\/p>\n<\/div>\n<\/div>\n\n\n\n<div style=\"height:50px\" aria-hidden=\"true\" class=\"wp-block-spacer\"><\/div>\n\n\n\n<div style=\"height:50px\" aria-hidden=\"true\" class=\"wp-block-spacer\"><\/div>\n\n\n<section class=\"section-beige\"><\/p>\n\n\n\n<div class=\"wp-block-columns has-2-columns column-centre align-bas-hauteur is-layout-flex wp-container-core-columns-is-layout-2 wp-block-columns-is-layout-flex\">\n<div class=\"wp-block-column is-layout-flow wp-block-column-is-layout-flow\">\n<p class=\"sub-title\"><strong>POURQUOI \u00c9TUDIER EN \u00c9COLE DE LANGUE ?<\/strong><\/p>\n\n\n\n<h3 class=\"wp-block-heading\" id=\"section1\">4 bonnes raisons de franchir le pas<\/h3>\n\n\n\n<p><strong>Une \u00e9cole de langue permet un apprentissage en profondeur et consolide vos bases scolaires. <\/strong><\/p>\n\n\n\n<p><strong>Plus qu\u2019un s\u00e9jour, ce sont de v\u00e9ritables cours, enseign\u00e9s par des professionnels, dont le but premier est de vous donner les cl\u00e9s pour comprendre et d\u00e9velopper vos capacit\u00e9s linguistiques rapidement.<\/strong><\/p>\n<\/div>\n\n\n\n<div class=\"wp-block-column is-layout-flow wp-block-column-is-layout-flow\">\n<figure class=\"wp-block-image\"><img loading=\"lazy\" decoding=\"async\" width=\"900\" height=\"594\" src=\"https:\/\/www.calvin-thomas.com\/isilangue\/wp-content\/uploads\/\/sites\/8\/bonnes-raisons.jpg\" alt=\"prendre des cours d'anglais \u00e0 l'\u00e9tranger\" class=\"wp-image-450\" srcset=\"https:\/\/www.calvin-thomas.com\/isilangue\/wp-content\/uploads\/\/sites\/8\/bonnes-raisons.jpg 900w, https:\/\/www.calvin-thomas.com\/isilangue\/wp-content\/uploads\/\/sites\/8\/bonnes-raisons-300x198.jpg 300w, https:\/\/www.calvin-thomas.com\/isilangue\/wp-content\/uploads\/\/sites\/8\/bonnes-raisons-768x507.jpg 768w\" sizes=\"(max-width: 900px) 100vw, 900px\" \/><\/figure>\n<\/div>\n<\/div>\n\n\n\n<div style=\"height:50px\" aria-hidden=\"true\" class=\"wp-block-spacer\"><\/div>\n\n\n\n<ul class=\"timeline\"><li><h4>Des cours enseign\u00e9s par des&nbsp;professionnels&nbsp;de l\u2019enseignement<\/h4><br>Tous les professeurs sont dipl\u00f4m\u00e9s pour enseigner l\u2019anglais langue \u00e9trang\u00e8re.<\/li><li><h4>Une offre d\u2019h\u00e9bergements adaptables \u00e0 vos envies<\/h4><br>Choisissez parmi les r\u00e9sidences ou familles d\u2019accueil, en chambre simple ou double, salle de bain privative ou partag\u00e9e.<\/li><li><h4>La possibilit\u00e9 de visiter votre destination apr\u00e8s les heures de cours et pendant vos week-ends<\/h4><br>Profitez des activit\u00e9s propos\u00e9es quotidiennement par votre \u00e9cole.<\/li><li><h4>Une exp\u00e9rience \u00e0 faire valoir sur votre CV\n<\/h4><br>Passez les examens d\u2019\u00e9valuation propos\u00e9s par ETS Global (TOEFL, TOEIC, etc.) avec qui nous sommes partenaire pour \u00e9valuer votre anglais.<\/li><\/ul>\n\n\n<p><\/section>\n\n\n<section class=\"section-gris\"><\/p>\n\n\n\n<div class=\"wp-block-columns has-2-columns column-centre align-bas-hauteur is-layout-flex wp-container-core-columns-is-layout-3 wp-block-columns-is-layout-flex\">\n<div class=\"wp-block-column is-layout-flow wp-block-column-is-layout-flow\">\n<figure class=\"wp-block-image\"><img loading=\"lazy\" decoding=\"async\" width=\"900\" height=\"594\" src=\"https:\/\/www.calvin-thomas.com\/isilangue\/wp-content\/uploads\/\/sites\/8\/organisme-formation-anglais.jpg\" alt=\"organisme de formation en anglais\" class=\"wp-image-453\" srcset=\"https:\/\/www.calvin-thomas.com\/isilangue\/wp-content\/uploads\/\/sites\/8\/organisme-formation-anglais.jpg 900w, https:\/\/www.calvin-thomas.com\/isilangue\/wp-content\/uploads\/\/sites\/8\/organisme-formation-anglais-300x198.jpg 300w, https:\/\/www.calvin-thomas.com\/isilangue\/wp-content\/uploads\/\/sites\/8\/organisme-formation-anglais-768x507.jpg 768w\" sizes=\"(max-width: 900px) 100vw, 900px\" \/><\/figure>\n<\/div>\n\n\n\n<div class=\"wp-block-column is-layout-flow wp-block-column-is-layout-flow\">\n<p class=\"sub-title\"><strong>POURQUOI CHOISIR CALVIN-THOMAS ?<\/strong><\/p>\n\n\n\n<h3 class=\"wp-block-heading\" id=\"section2\">Un organisme r\u00e9put\u00e9<\/h3>\n\n\n\n<p><strong>Fort de 30 ans d\u2019exp\u00e9rience, Calvin-Thomas s\u2019appuie sur un r\u00e9seau de partenaires \u00e0 l\u2019\u00e9tranger de confiance et bien souvent de longue date. <\/strong><\/p>\n\n\n\n<p><strong>Structure de taille familiale, l\u2019\u00e9quipe de Calvin-Thomas se compose en majeure partie d\u2019anciens participants ou bien de parents d\u2019anciens participants. Nous sommes donc en mesure de comprendre les questionnements qui peuvent se poser avant et pendant la mise en place d\u2019un tel projet de prendre des cours d&rsquo;anglais \u00e0 l&rsquo;\u00e9tranger. <\/strong><\/p>\n\n\n\n<p><strong>Partir avec Calvin-Thomas c\u2019est donc la garantie de trouver une oreille attentive et de b\u00e9n\u00e9ficier d\u2019un suivi personnalis\u00e9. <\/strong><\/p>\n<\/div>\n<\/div>\n\n\n\n<div style=\"height:50px\" aria-hidden=\"true\" class=\"wp-block-spacer\"><\/div>\n\n\n\n<div class=\"wp-block-columns has-2-columns column-centre argumentaire-ligne is-layout-flex wp-container-core-columns-is-layout-4 wp-block-columns-is-layout-flex\">\n<div class=\"wp-block-column is-layout-flow wp-block-column-is-layout-flow\">\n<div class=\"wp-block-image\"><figure class=\"aligncenter is-resized\"><img loading=\"lazy\" decoding=\"async\" src=\"https:\/\/www.calvin-thomas.com\/highschool\/wp-content\/uploads\/sites\/4\/30-ans.png\" alt=\"partenaire depuis 30 ans\" class=\"wp-image-521\" width=\"100\" height=\"100\"\/><\/figure><\/div>\n<\/div>\n\n\n\n<div class=\"wp-block-column is-layout-flow wp-block-column-is-layout-flow\">\n<h4 class=\"wp-block-heading\">Une exp\u00e9rience de 30 dans les voyages linguistiques<\/h4>\n\n\n\n<p>Depuis 1989, Calvin-Thomas accompagne adultes et adolescents dans leurs projets de voyages linguistiques en pays anglophones. Notre savoir-faire et notre r\u00e9seau de partenaires et de conseillers solides, sont gages de s\u00e9curit\u00e9 et de garantie pour vous.<\/p>\n<\/div>\n<\/div>\n\n\n\n<div class=\"wp-block-columns has-2-columns column-centre argumentaire-ligne is-layout-flex wp-container-core-columns-is-layout-5 wp-block-columns-is-layout-flex\">\n<div class=\"wp-block-column is-layout-flow wp-block-column-is-layout-flow\">\n<div class=\"wp-block-image\"><figure class=\"aligncenter is-resized\"><img loading=\"lazy\" decoding=\"async\" src=\"https:\/\/www.calvin-thomas.com\/highschool\/wp-content\/uploads\/sites\/4\/famille-accueil.png\" alt=\"Des familles d'accueil s\u00e9lectionn\u00e9es\" class=\"wp-image-523\" width=\"100\" height=\"100\"\/><\/figure><\/div>\n<\/div>\n\n\n\n<div class=\"wp-block-column is-layout-flow wp-block-column-is-layout-flow\">\n<h4 class=\"wp-block-heading\">Des familles d\u2019accueil s\u00e9lectionn\u00e9es avec soin<\/h4>\n\n\n\n<p>Les familles du programme \u201cIsilangue\u201d sont choisies par les correspondants de Calvin-Thomas sur des crit\u00e8res simples mais fondamentaux : motivation, chaleur, gentillesse, dynamisme, etc. Ces familles d\u2019accueil sont inform\u00e9es, visit\u00e9es et pr\u00e9par\u00e9es \u00e0 recevoir des \u00e9tudiants.<\/p>\n<\/div>\n<\/div>\n\n\n\n<div class=\"wp-block-columns has-2-columns column-centre argumentaire-ligne is-layout-flex wp-container-core-columns-is-layout-6 wp-block-columns-is-layout-flex\">\n<div class=\"wp-block-column is-layout-flow wp-block-column-is-layout-flow\">\n<div class=\"wp-block-image\"><figure class=\"aligncenter is-resized\"><img loading=\"lazy\" decoding=\"async\" src=\"https:\/\/www.calvin-thomas.com\/highschool\/wp-content\/uploads\/sites\/4\/contrat-confiance.png\" alt=\"Une charte et engagement\" class=\"wp-image-524\" width=\"100\" height=\"100\"\/><\/figure><\/div>\n<\/div>\n\n\n\n<div class=\"wp-block-column is-layout-flow wp-block-column-is-layout-flow\">\n<h4 class=\"wp-block-heading\">Un engagement de respect mutuel<\/h4>\n\n\n\n<p>Au moment de l\u2019inscription, Calvin-Thomas et le participant, signent une \u201ccharte\u201d (contrat de vente) qui d\u00e9finit les droits et les devoirs de chacun et qui r\u00e9git la relation entre tous les acteurs du programme.<\/p>\n<\/div>\n<\/div>\n\n\n\n<div class=\"wp-block-columns has-2-columns column-centre argumentaire-ligne last is-layout-flex wp-container-core-columns-is-layout-7 wp-block-columns-is-layout-flex\">\n<div class=\"wp-block-column is-layout-flow wp-block-column-is-layout-flow\">\n<div class=\"wp-block-image\"><figure class=\"aligncenter is-resized\"><img loading=\"lazy\" decoding=\"async\" src=\"https:\/\/www.calvin-thomas.com\/highschool\/wp-content\/uploads\/sites\/4\/assurance-education.png\" alt=\"assurance et s\u00e9curit\u00e9 \u00e0 l'\u00e9tranger\" class=\"wp-image-522\" width=\"100\" height=\"100\"\/><\/figure><\/div>\n<\/div>\n\n\n\n<div class=\"wp-block-column is-layout-flow wp-block-column-is-layout-flow\">\n<h4 class=\"wp-block-heading\">Une garantie d\u2019assurance et de s\u00e9curit\u00e9 optimale<\/h4>\n\n\n\n<p>Les participants qui le souhaitent peuvent \u00eatre couverts sur toute la dur\u00e9e du s\u00e9jour. L\u2019assurance est compl\u00e8te et sp\u00e9cialis\u00e9e. Durant le s\u00e9jour, Calvin-Thomas est joignable 24h\/24, gr\u00e2ce \u00e0 un num\u00e9ro d\u2019urgence (communiqu\u00e9 au participant avant le d\u00e9part).<\/p>\n<\/div>\n<\/div>\n\n\n<p><\/section>\n\n\n\n<div style=\"height:30px\" aria-hidden=\"true\" class=\"wp-block-spacer\"><\/div>\n","protected":false},"excerpt":{"rendered":"<p>Un s\u00e9jour qui s\u2019adapte \u00e0 vos besoins<\/p>\n<p>Modulable selon les priorit\u00e9s de chacun, Isilangue propose des dizaines d\u2019options permettant \u00e0 tout un chacun de prendre des cours d&rsquo;anglais et d&rsquo;y trouver son compte. Dur\u00e9e, destination, famille d\u2019accueil ou r\u00e9sidence, chambre simple ou double, salle de bain priv\u00e9e ou partag\u00e9e, etc. Le s\u00e9jour est personnalisable \u00e0 l\u2019infini. <\/p>\n<p>Le r\u00e9sultat ? Des progr\u00e8s importants en anglais et l\u2019opportunit\u00e9 d\u2019impressionner ses proches, ses coll\u00e8gues de travail,<\/p>\n<p> <a class=\"btn couleur large\" href=\"https:\/\/www.calvin-thomas.com\/isilangue\/choisir-son-cours-de-langue\/pourquoi-prendre-cours-anglais-etranger\/\">EN SAVOIR PLUS <\/a><\/p>\n","protected":false},"author":1,"featured_media":447,"parent":132,"menu_order":0,"comment_status":"closed","ping_status":"closed","template":"","meta":{"_uag_custom_page_level_css":""},"uagb_featured_image_src":{"full":["https:\/\/www.calvin-thomas.com\/isilangue\/wp-content\/uploads\/\/sites\/8\/entete-raison-cours-anglais.jpg",1200,1200,false],"thumbnail":["https:\/\/www.calvin-thomas.com\/isilangue\/wp-content\/uploads\/\/sites\/8\/entete-raison-cours-anglais-150x150.jpg",150,150,true],"medium":["https:\/\/www.calvin-thomas.com\/isilangue\/wp-content\/uploads\/\/sites\/8\/entete-raison-cours-anglais-300x300.jpg",300,300,true],"medium_large":["https:\/\/www.calvin-thomas.com\/isilangue\/wp-content\/uploads\/\/sites\/8\/entete-raison-cours-anglais-768x768.jpg",640,640,true],"large":["https:\/\/www.calvin-thomas.com\/isilangue\/wp-content\/uploads\/\/sites\/8\/entete-raison-cours-anglais-1024x1024.jpg",640,640,true],"1536x1536":["https:\/\/www.calvin-thomas.com\/isilangue\/wp-content\/uploads\/\/sites\/8\/entete-raison-cours-anglais.jpg",1200,1200,false],"2048x2048":["https:\/\/www.calvin-thomas.com\/isilangue\/wp-content\/uploads\/\/sites\/8\/entete-raison-cours-anglais.jpg",1200,1200,false]},"uagb_author_info":{"display_name":"redac-calvinthomas","author_link":"https:\/\/www.calvin-thomas.com\/isilangue\/author\/redac-calvinthomas\/"},"uagb_comment_info":0,"uagb_excerpt":"Un s\u00e9jour qui s\u2019adapte \u00e0 vos besoins Modulable selon les priorit\u00e9s de chacun, Isilangue propose des dizaines d\u2019options permettant \u00e0 tout un chacun de prendre des cours d&rsquo;anglais et d&rsquo;y trouver son compte. Dur\u00e9e, destination, famille d\u2019accueil ou r\u00e9sidence, chambre simple ou double, salle de bain priv\u00e9e ou partag\u00e9e, etc. Le s\u00e9jour est personnalisable \u00e0\u2026","_links":{"self":[{"href":"https:\/\/www.calvin-thomas.com\/isilangue\/wp-json\/wp\/v2\/pages\/435"}],"collection":[{"href":"https:\/\/www.calvin-thomas.com\/isilangue\/wp-json\/wp\/v2\/pages"}],"about":[{"href":"https:\/\/www.calvin-thomas.com\/isilangue\/wp-json\/wp\/v2\/types\/page"}],"author":[{"embeddable":true,"href":"https:\/\/www.calvin-thomas.com\/isilangue\/wp-json\/wp\/v2\/users\/1"}],"replies":[{"embeddable":true,"href":"https:\/\/www.calvin-thomas.com\/isilangue\/wp-json\/wp\/v2\/comments?post=435"}],"version-history":[{"count":0,"href":"https:\/\/www.calvin-thomas.com\/isilangue\/wp-json\/wp\/v2\/pages\/435\/revisions"}],"up":[{"embeddable":true,"href":"https:\/\/www.calvin-thomas.com\/isilangue\/wp-json\/wp\/v2\/pages\/132"}],"wp:featuredmedia":[{"embeddable":true,"href":"https:\/\/www.calvin-thomas.com\/isilangue\/wp-json\/wp\/v2\/media\/447"}],"wp:attachment":[{"href":"https:\/\/www.calvin-thomas.com\/isilangue\/wp-json\/wp\/v2\/media?parent=435"}],"curies":[{"name":"wp","href":"https:\/\/api.w.org\/{rel}","templated":true}]}}