{"id":440,"date":"2019-06-24T13:52:47","date_gmt":"2019-06-24T11:52:47","guid":{"rendered":"https:\/\/www.calvin-thomas.com\/isilangue\/?page_id=440"},"modified":"2020-01-10T18:53:46","modified_gmt":"2020-01-10T17:53:46","slug":"ecoles-de-langues-et-hebergements","status":"publish","type":"page","link":"https:\/\/www.calvin-thomas.com\/isilangue\/choisir-son-cours-de-langue\/ecoles-de-langues-et-hebergements\/","title":{"rendered":"\u00c9coles de langues et h\u00e9bergements"},"content":{"rendered":"\n<div style=\"height:50px\" aria-hidden=\"true\" class=\"wp-block-spacer\"><\/div>\n\n\n\n<div class=\"wp-block-columns has-2-columns column-centre is-layout-flex wp-container-core-columns-is-layout-1 wp-block-columns-is-layout-flex\">\n<div class=\"wp-block-column is-layout-flow wp-block-column-is-layout-flow\">\n<h2 class=\"wp-block-heading\">Un pilier essentiel de votre s\u00e9jour : la qualit\u00e9<\/h2>\n\n\n\n<p>Maintenant que vous avez d\u00e9cid\u00e9 de partir, laissez-nous vous guider. Nous avons s\u00e9lectionn\u00e9 pour vous les meilleures \u00e9coles de langues pour chaque destination. Toujours au c\u0153ur des villes, proche de toutes commodit\u00e9s, vous trouverez un environnement propice pour \u00e9tudier et d\u00e9couvrir votre pays d\u2019accueil. Pour parfaire votre exp\u00e9rience immersive, nous vous proposons l\u2019h\u00e9bergement en r\u00e9sidence \u00e9tudiante ou en famille d\u2019accueil. Vous partirez ainsi l\u2019esprit serein !<\/p>\n<\/div>\n\n\n\n<div class=\"wp-block-column is-layout-flow wp-block-column-is-layout-flow\">\n<ul class=\"liste-menu\"><li><a href=\"#section1\">Nos \u00e9coles de langues<\/a><\/li><li><a href=\"#section2\">Les formules d&rsquo;h\u00e9bergement<\/a><\/li><\/ul>\n<\/div>\n<\/div>\n\n\n\n<div style=\"height:50px\" aria-hidden=\"true\" class=\"wp-block-spacer\"><\/div>\n\n\n\n<div style=\"height:50px\" aria-hidden=\"true\" class=\"wp-block-spacer\"><\/div>\n\n\n<section class=\"section-beige\"><\/p>\n\n\n\n<div class=\"wp-block-columns has-2-columns column-centre align-bas-hauteur is-layout-flex wp-container-core-columns-is-layout-2 wp-block-columns-is-layout-flex\">\n<div class=\"wp-block-column is-layout-flow wp-block-column-is-layout-flow\">\n<p class=\"sub-title\"><strong>NOS \u00c9COLES DE LANGUES<\/strong><\/p>\n\n\n\n<h3 class=\"wp-block-heading\" id=\"section1\">Des \u00e9coles d\u2019anglais r\u00e9put\u00e9es<\/h3>\n\n\n\n<p><strong>Calvin-Thomas vous propose 13 destinations pour am\u00e9liorer votre anglais. Nous avons s\u00e9lectionn\u00e9 pour vous les \u00e9coles les plus accueillantes et novatrices. Dans un environnement calme, chaleureux et dot\u00e9 d\u2019outils informatiques performants, vous apprendrez \u00e0 votre rythme et parmi des \u00e9tudiants du m\u00eame niveau que le v\u00f4tre. Ces atouts font de nos \u00e9coles de langues partenaires un lieu id\u00e9al pour progresser en anglais !<\/strong><\/p>\n<\/div>\n\n\n\n<div class=\"wp-block-column is-layout-flow wp-block-column-is-layout-flow\">\n<figure class=\"wp-block-image\"><img loading=\"lazy\" decoding=\"async\" width=\"900\" height=\"509\" src=\"https:\/\/www.calvin-thomas.com\/isilangue\/wp-content\/uploads\/\/sites\/8\/ecoles-langues.jpg\" alt=\"\u00e9coles de langues pour apprendre l'anglais\" class=\"wp-image-475\" srcset=\"https:\/\/www.calvin-thomas.com\/isilangue\/wp-content\/uploads\/\/sites\/8\/ecoles-langues.jpg 900w, https:\/\/www.calvin-thomas.com\/isilangue\/wp-content\/uploads\/\/sites\/8\/ecoles-langues-300x170.jpg 300w, https:\/\/www.calvin-thomas.com\/isilangue\/wp-content\/uploads\/\/sites\/8\/ecoles-langues-768x434.jpg 768w\" sizes=\"(max-width: 900px) 100vw, 900px\" \/><\/figure>\n<\/div>\n<\/div>\n\n\n\n<div class=\"wp-block-columns has-2-columns column-centre centrer-hauteur is-layout-flex wp-container-core-columns-is-layout-3 wp-block-columns-is-layout-flex\">\n<div class=\"wp-block-column is-layout-flow wp-block-column-is-layout-flow\">\n<div style=\"height:40px\" aria-hidden=\"true\" class=\"wp-block-spacer\"><\/div>\n\n\n\n<h4 class=\"wp-block-heading\">Des \u00e9coles modernes<\/h4>\n\n\n\n<p>Les cours se d\u00e9roulent dans des <strong>infrastructures modernes<\/strong>, pour certaines r\u00e9cemment r\u00e9nov\u00e9es, proposant ainsi un <strong>lieu de qualit\u00e9<\/strong> pour un <strong>apprentissage dans les meilleures conditions. <\/strong><\/p>\n\n\n\n<p>Ayant un <strong>nombre d&rsquo;\u00e9tudiants par classe limit\u00e9<\/strong> pour laisser \u00e0 chacun l&rsquo;occasion de participer en cours et pour permettre aux professeurs un <strong>suivi personnalis\u00e9<\/strong>, les \u00e9coles se mobilisent pour encourager des le\u00e7ons productives pour tous.<\/p>\n\n\n\n<div style=\"height:40px\" aria-hidden=\"true\" class=\"wp-block-spacer\"><\/div>\n<\/div>\n\n\n\n<div class=\"wp-block-column is-layout-flow wp-block-column-is-layout-flow\">\n<figure class=\"wp-block-image\"><img loading=\"lazy\" decoding=\"async\" width=\"900\" height=\"730\" src=\"https:\/\/www.calvin-thomas.com\/isilangue\/wp-content\/uploads\/\/sites\/8\/cours-anglais.jpg\" alt=\"Cours d'anglais \u00e0 l'\u00e9tranger\" class=\"wp-image-480\" srcset=\"https:\/\/www.calvin-thomas.com\/isilangue\/wp-content\/uploads\/\/sites\/8\/cours-anglais.jpg 900w, https:\/\/www.calvin-thomas.com\/isilangue\/wp-content\/uploads\/\/sites\/8\/cours-anglais-300x243.jpg 300w, https:\/\/www.calvin-thomas.com\/isilangue\/wp-content\/uploads\/\/sites\/8\/cours-anglais-768x623.jpg 768w\" sizes=\"(max-width: 900px) 100vw, 900px\" \/><\/figure>\n<\/div>\n<\/div>\n\n\n\n<div class=\"wp-block-columns has-2-columns column-centre centrer-hauteur is-layout-flex wp-container-core-columns-is-layout-4 wp-block-columns-is-layout-flex\">\n<div class=\"wp-block-column is-layout-flow wp-block-column-is-layout-flow\">\n<figure class=\"wp-block-image\"><img loading=\"lazy\" decoding=\"async\" width=\"900\" height=\"577\" src=\"https:\/\/www.calvin-thomas.com\/isilangue\/wp-content\/uploads\/\/sites\/8\/cours-anglais-interactif.jpg\" alt=\"Une p\u00e9dagogie bas\u00e9e sur des cours d'anglais interactifs\" class=\"wp-image-482\" srcset=\"https:\/\/www.calvin-thomas.com\/isilangue\/wp-content\/uploads\/\/sites\/8\/cours-anglais-interactif.jpg 900w, https:\/\/www.calvin-thomas.com\/isilangue\/wp-content\/uploads\/\/sites\/8\/cours-anglais-interactif-300x192.jpg 300w, https:\/\/www.calvin-thomas.com\/isilangue\/wp-content\/uploads\/\/sites\/8\/cours-anglais-interactif-768x492.jpg 768w\" sizes=\"(max-width: 900px) 100vw, 900px\" \/><\/figure>\n<\/div>\n\n\n\n<div class=\"wp-block-column is-layout-flow wp-block-column-is-layout-flow\">\n<h4 class=\"wp-block-heading\">Des classes dot\u00e9es des meilleures technologies<\/h4>\n\n\n\n<p>Les \u00e9coles de langues Isilangue sont toutes dot\u00e9es des<strong> meilleurs outils technologiques<\/strong> pour permettre un <strong>apprentissage des langues optimal<\/strong>. <\/p>\n\n\n\n<p>Quelle que soit votre destination, vous aurez <strong>acc\u00e8s \u00e0 des ordinateurs<\/strong> pour continuer \u00e0 pratiquer l\u2019anglais en dehors des heures de cours. Vous pourrez alors <strong>approfondir vos cours<\/strong> et <strong>travailler sur des exercices pratiques en toute autonomie<\/strong>. <\/p>\n\n\n\n<p>De plus, les classes sont toutes dot\u00e9es d\u2019un <strong>tableau num\u00e9rique<\/strong> pour davantage d\u2019i<strong>nteractivit\u00e9 entre les professeurs et les \u00e9tudiants<\/strong>. Ainsi, les exercices et les corrections s\u2019affichent en direct sur le tableau au gr\u00e9 des d\u00e9placements du stylet tactile.<\/p>\n\n\n\n<div style=\"height:40px\" aria-hidden=\"true\" class=\"wp-block-spacer\"><\/div>\n<\/div>\n<\/div>\n\n\n<p><\/section>\n\n\n<section class=\"section-gris\"><\/p>\n\n\n\n<div class=\"wp-block-columns has-2-columns column-centre align-bas-hauteur column-un-align-right is-layout-flex wp-container-core-columns-is-layout-5 wp-block-columns-is-layout-flex\">\n<div class=\"wp-block-column is-layout-flow wp-block-column-is-layout-flow\">\n<figure class=\"wp-block-image\"><img loading=\"lazy\" decoding=\"async\" width=\"899\" height=\"475\" src=\"https:\/\/www.calvin-thomas.com\/isilangue\/wp-content\/uploads\/\/sites\/8\/formules-hebergement.jpg\" alt=\"formules d'h\u00e9bergements pour s\u00e9jours linguistiques\" class=\"wp-image-460\" srcset=\"https:\/\/www.calvin-thomas.com\/isilangue\/wp-content\/uploads\/\/sites\/8\/formules-hebergement.jpg 899w, https:\/\/www.calvin-thomas.com\/isilangue\/wp-content\/uploads\/\/sites\/8\/formules-hebergement-300x159.jpg 300w, https:\/\/www.calvin-thomas.com\/isilangue\/wp-content\/uploads\/\/sites\/8\/formules-hebergement-768x406.jpg 768w\" sizes=\"(max-width: 899px) 100vw, 899px\" \/><\/figure>\n<\/div>\n\n\n\n<div class=\"wp-block-column is-layout-flow wp-block-column-is-layout-flow\">\n<p class=\"sub-title\"><strong>LES FORMULES D&rsquo;H\u00c9BERGEMENT<\/strong><\/p>\n\n\n\n<h3 class=\"wp-block-heading\" id=\"section2\">Proximit\u00e9, confort et accueil<\/h3>\n\n\n\n<p><strong>Quelle que soit la dur\u00e9e de votre s\u00e9jour ou la destination, Calvin-Thomas vous propose l\u2019h\u00e9bergement en famille d\u2019accueil ou en r\u00e9sidence. Vous pourrez ainsi partager des instants chaleureux parmi les locaux ou d\u2019autres \u00e9tudiants internationaux. Votre exp\u00e9rience n\u2019en sera que plus immersive !<\/strong><\/p>\n\n\n\n<div style=\"height:15px\" aria-hidden=\"true\" class=\"wp-block-spacer\"><\/div>\n<\/div>\n<\/div>\n\n\n\n<div style=\"height:10px\" aria-hidden=\"true\" class=\"wp-block-spacer\"><\/div>\n\n\n\n<div class=\"wp-block-columns has-2-columns column-centre is-layout-flex wp-container-core-columns-is-layout-6 wp-block-columns-is-layout-flex\">\n<div class=\"wp-block-column is-layout-flow wp-block-column-is-layout-flow\">\n<h4 class=\"wp-block-heading\">L&rsquo;h\u00e9bergement en famille d&rsquo;accueil<\/h4>\n\n\n\n<p>L&rsquo;accueil en famille offre de <strong>multiples avantages<\/strong> : <strong>immersion r\u00e9elle<\/strong>, <strong>confort domestique<\/strong> ou possibilit\u00e9 de <strong>pratiquer l&rsquo;anglais du matin jusqu&rsquo;au soir<\/strong>. Et vous serez surpris de voir \u00e0 quelle vitesse vous  progresserez en partageant la vie d&rsquo;une famille anglophone.<\/p>\n\n\n\n<p>La <strong>s\u00e9lection des familles d&rsquo;accueil<\/strong> se base sur deux \u00e9l\u00e9ments essentiels : l&rsquo;<strong>ouverture vers les \u00e9changes internationaux<\/strong> et le <strong>confort du logement propos\u00e9<\/strong>. Ces familles d&rsquo;accueil sont <strong>situ\u00e9es en moyenne entre 15 et 50 minutes du centre de cours<\/strong>.<\/p>\n\n\n\n<p>Vous \u00eates accueilli <strong>en Bed &amp; Breakfast<\/strong> ou <strong>en demi-pension<\/strong> dans <strong>une chambre individuelle<\/strong>. Pour certaines destinations, un accueil en chambre double est possible.<\/p>\n\n\n\n<p>Vous pouvez rejoindre votre famille d&rsquo;accueil le samedi ou le dimanche pr\u00e9c\u00e9dant les cours, selon les destinations.<\/p>\n\n\n\n<p>En cas d&rsquo;incompatibilit\u00e9, un changement de famille est envisageable.<\/p>\n\n\n\n<div style=\"height:20px\" aria-hidden=\"true\" class=\"wp-block-spacer\"><\/div>\n\n\n\n<p class=\"cadre-vert\"><strong>POURQUOI CHOISIR L&rsquo;H\u00c9BERGEMENT EN FAMILLE D&rsquo;ACCUEIL ? <\/strong><\/p>\n\n\n\n<ul class=\"cadre-vert\"><li>L&rsquo;immersion linguistique et culturelle est totale.<\/li><li>Le co\u00fbt est g\u00e9n\u00e9ralement moins \u00e9lev\u00e9 qu&rsquo;un h\u00e9bergement en r\u00e9sidence.<\/li><\/ul>\n\n\n\n<div style=\"height:30px\" aria-hidden=\"true\" class=\"wp-block-spacer\"><\/div>\n<\/div>\n\n\n\n<div class=\"wp-block-column is-layout-flow wp-block-column-is-layout-flow\">\n<figure class=\"wp-block-image\"><img loading=\"lazy\" decoding=\"async\" width=\"754\" height=\"1024\" src=\"https:\/\/www.calvin-thomas.com\/isilangue\/wp-content\/uploads\/\/sites\/8\/famille-accueil-754x1024.jpg\" alt=\"\" class=\"wp-image-467\" srcset=\"https:\/\/www.calvin-thomas.com\/isilangue\/wp-content\/uploads\/\/sites\/8\/famille-accueil-754x1024.jpg 754w, https:\/\/www.calvin-thomas.com\/isilangue\/wp-content\/uploads\/\/sites\/8\/famille-accueil-221x300.jpg 221w, https:\/\/www.calvin-thomas.com\/isilangue\/wp-content\/uploads\/\/sites\/8\/famille-accueil-768x1044.jpg 768w, https:\/\/www.calvin-thomas.com\/isilangue\/wp-content\/uploads\/\/sites\/8\/famille-accueil.jpg 900w\" sizes=\"(max-width: 754px) 100vw, 754px\" \/><\/figure>\n<\/div>\n<\/div>\n\n\n\n<div class=\"wp-block-columns has-2-columns column-centre is-layout-flex wp-container-core-columns-is-layout-7 wp-block-columns-is-layout-flex\">\n<div class=\"wp-block-column is-layout-flow wp-block-column-is-layout-flow\">\n<figure class=\"wp-block-image\"><img loading=\"lazy\" decoding=\"async\" width=\"584\" height=\"1024\" src=\"https:\/\/www.calvin-thomas.com\/isilangue\/wp-content\/uploads\/\/sites\/8\/residence-etudiante-584x1024.jpg\" alt=\"r\u00e9sidences \u00e9tudiantes ou appartement\" class=\"wp-image-473\" srcset=\"https:\/\/www.calvin-thomas.com\/isilangue\/wp-content\/uploads\/\/sites\/8\/residence-etudiante-584x1024.jpg 584w, https:\/\/www.calvin-thomas.com\/isilangue\/wp-content\/uploads\/\/sites\/8\/residence-etudiante-171x300.jpg 171w, https:\/\/www.calvin-thomas.com\/isilangue\/wp-content\/uploads\/\/sites\/8\/residence-etudiante-768x1347.jpg 768w, https:\/\/www.calvin-thomas.com\/isilangue\/wp-content\/uploads\/\/sites\/8\/residence-etudiante.jpg 900w\" sizes=\"(max-width: 584px) 100vw, 584px\" \/><\/figure>\n<\/div>\n\n\n\n<div class=\"wp-block-column is-layout-flow wp-block-column-is-layout-flow\">\n<h4 class=\"wp-block-heading\">Les r\u00e9sidences \u00e9tudiantes et appartements<\/h4>\n\n\n\n<p>Isilangue s\u00e9lectionne pour chaque \u00e9cole des <strong>r\u00e9sidences agr\u00e9ables et \u00e9conomiques<\/strong>. L&rsquo;h\u00e9bergement en chambre et appartement offre une <strong>grande ind\u00e9pendance<\/strong>, une <strong>r\u00e9elle proximit\u00e9<\/strong> entre le lieu de cours et d&rsquo;h\u00e9bergement, des <strong>possibilit\u00e9s de dialogues et d&rsquo;\u00e9changes entre \u00e9tudiants du monde entier<\/strong>.  <\/p>\n\n\n\n<p>En effet, ce mode d&rsquo;h\u00e9bergement offre un niveau appr\u00e9ciable d&rsquo;ind\u00e9pendance tout en  permettant de <strong>rencontrer quotidiennement d&rsquo;autres nationalit\u00e9s<\/strong>.<\/p>\n\n\n\n<p>Dans la plupart de nos \u00e9coles, Isilangue propose un h\u00e9bergement dans une r\u00e9sidence proche du centre de cours. Il s&rsquo;agit de<strong> chambres individuelles<\/strong> dans la majorit\u00e9 des cas. <br>Certaines de nos \u00e9coles offrent des <strong>h\u00e9bergements en appartements \u00e0  partager.<\/strong> Les \u00e9tudiants peuvent ainsi profiter du confort d&rsquo;une  maison\/appartement.<\/p>\n\n\n\n<p>Certaines r\u00e9sidences sont propos\u00e9es <strong>en demi-pension<\/strong> (ou Bed &amp; Breakfast) et <strong>d&rsquo;autres sans repas<\/strong>. Cela dit, toutes <strong>disposent d&rsquo;une cuisine \u00e9quip\u00e9e \u00e0 partager<\/strong> qui permet aux \u00e9tudiants de pr\u00e9parer eux-m\u00eames leurs  repas.<\/p>\n\n\n\n<p>Vous pouvez rejoindre votre r\u00e9sidence le samedi ou le dimanche pr\u00e9c\u00e9dant les cours, selon les destinations.<\/p>\n\n\n\n<div style=\"height:20px\" aria-hidden=\"true\" class=\"wp-block-spacer\"><\/div>\n\n\n\n<p class=\"cadre-vert\"><strong>POURQUOI CHOISIR L&rsquo;H\u00c9BERGEMENT EN R\u00c9SIDENCE ? <\/strong><\/p>\n\n\n\n<ul class=\"cadre-vert\"><li>Les r\u00e9sidences sont situ\u00e9es en moyenne \u00e0 15 minutes du centre de cours.<\/li><li>Les rencontres et \u00e9changes avec des \u00e9tudiants du monde entier apportent une autre dimension au s\u00e9jour.<\/li><li>L&rsquo;accueil en r\u00e9sidence offre une plus grande ind\u00e9pendance qu&rsquo;en famille d&rsquo;accueil.<\/li><\/ul>\n\n\n\n<div style=\"height:30px\" aria-hidden=\"true\" class=\"wp-block-spacer\"><\/div>\n<\/div>\n<\/div>\n\n\n<p><\/section>\n\n\n\n<div style=\"height:50px\" aria-hidden=\"true\" class=\"wp-block-spacer\"><\/div>\n","protected":false},"excerpt":{"rendered":"<p>Un pilier essentiel de votre s\u00e9jour : la qualit\u00e9<\/p>\n<p>Maintenant que vous avez d\u00e9cid\u00e9 de partir, laissez-nous vous guider. Nous avons s\u00e9lectionn\u00e9 pour vous les meilleures \u00e9coles de langues pour chaque destination. Toujours au c\u0153ur des villes, proche de toutes commodit\u00e9s, vous trouverez un environnement propice pour \u00e9tudier et d\u00e9couvrir votre pays d\u2019accueil. Pour parfaire votre exp\u00e9rience immersive, nous vous proposons l\u2019h\u00e9bergement en r\u00e9sidence \u00e9tudiante ou en famille d\u2019accueil. Vous partirez ainsi l\u2019esprit serein !<\/p>\n<p> <a class=\"btn couleur large\" href=\"https:\/\/www.calvin-thomas.com\/isilangue\/choisir-son-cours-de-langue\/ecoles-de-langues-et-hebergements\/\">EN SAVOIR PLUS <\/a><\/p>\n","protected":false},"author":1,"featured_media":446,"parent":132,"menu_order":0,"comment_status":"closed","ping_status":"closed","template":"","meta":{"_uag_custom_page_level_css":""},"uagb_featured_image_src":{"full":["https:\/\/www.calvin-thomas.com\/isilangue\/wp-content\/uploads\/\/sites\/8\/entete-ecole-hebergement.jpg",1200,1200,false],"thumbnail":["https:\/\/www.calvin-thomas.com\/isilangue\/wp-content\/uploads\/\/sites\/8\/entete-ecole-hebergement-150x150.jpg",150,150,true],"medium":["https:\/\/www.calvin-thomas.com\/isilangue\/wp-content\/uploads\/\/sites\/8\/entete-ecole-hebergement-300x300.jpg",300,300,true],"medium_large":["https:\/\/www.calvin-thomas.com\/isilangue\/wp-content\/uploads\/\/sites\/8\/entete-ecole-hebergement-768x768.jpg",640,640,true],"large":["https:\/\/www.calvin-thomas.com\/isilangue\/wp-content\/uploads\/\/sites\/8\/entete-ecole-hebergement-1024x1024.jpg",640,640,true],"1536x1536":["https:\/\/www.calvin-thomas.com\/isilangue\/wp-content\/uploads\/\/sites\/8\/entete-ecole-hebergement.jpg",1200,1200,false],"2048x2048":["https:\/\/www.calvin-thomas.com\/isilangue\/wp-content\/uploads\/\/sites\/8\/entete-ecole-hebergement.jpg",1200,1200,false]},"uagb_author_info":{"display_name":"redac-calvinthomas","author_link":"https:\/\/www.calvin-thomas.com\/isilangue\/author\/redac-calvinthomas\/"},"uagb_comment_info":0,"uagb_excerpt":"Un pilier essentiel de votre s\u00e9jour : la qualit\u00e9 Maintenant que vous avez d\u00e9cid\u00e9 de partir, laissez-nous vous guider. Nous avons s\u00e9lectionn\u00e9 pour vous les meilleures \u00e9coles de langues pour chaque destination. Toujours au c\u0153ur des villes, proche de toutes commodit\u00e9s, vous trouverez un environnement propice pour \u00e9tudier et d\u00e9couvrir votre pays d\u2019accueil. Pour parfaire\u2026","_links":{"self":[{"href":"https:\/\/www.calvin-thomas.com\/isilangue\/wp-json\/wp\/v2\/pages\/440"}],"collection":[{"href":"https:\/\/www.calvin-thomas.com\/isilangue\/wp-json\/wp\/v2\/pages"}],"about":[{"href":"https:\/\/www.calvin-thomas.com\/isilangue\/wp-json\/wp\/v2\/types\/page"}],"author":[{"embeddable":true,"href":"https:\/\/www.calvin-thomas.com\/isilangue\/wp-json\/wp\/v2\/users\/1"}],"replies":[{"embeddable":true,"href":"https:\/\/www.calvin-thomas.com\/isilangue\/wp-json\/wp\/v2\/comments?post=440"}],"version-history":[{"count":0,"href":"https:\/\/www.calvin-thomas.com\/isilangue\/wp-json\/wp\/v2\/pages\/440\/revisions"}],"up":[{"embeddable":true,"href":"https:\/\/www.calvin-thomas.com\/isilangue\/wp-json\/wp\/v2\/pages\/132"}],"wp:featuredmedia":[{"embeddable":true,"href":"https:\/\/www.calvin-thomas.com\/isilangue\/wp-json\/wp\/v2\/media\/446"}],"wp:attachment":[{"href":"https:\/\/www.calvin-thomas.com\/isilangue\/wp-json\/wp\/v2\/media?parent=440"}],"curies":[{"name":"wp","href":"https:\/\/api.w.org\/{rel}","templated":true}]}}