{"id":7,"date":"2019-05-20T18:41:07","date_gmt":"2019-05-20T16:41:07","guid":{"rendered":"https:\/\/www.calvin-thomas.com\/isilangue\/?page_id=7"},"modified":"2021-09-21T14:32:04","modified_gmt":"2021-09-21T12:32:04","slug":"plan-site","status":"publish","type":"page","link":"https:\/\/www.calvin-thomas.com\/isilangue\/plan-site\/","title":{"rendered":"Plan de site"},"content":{"rendered":"\n<div style=\"height:50px\" aria-hidden=\"true\" class=\"wp-block-spacer\"><\/div>\n\n\n\n<div class=\"wp-block-columns has-2-columns column-centre centrer-hauteur is-layout-flex wp-container-core-columns-is-layout-1 wp-block-columns-is-layout-flex\">\n<div class=\"wp-block-column is-layout-flow wp-block-column-is-layout-flow\">\n<ul><li><a href=\"https:\/\/www.calvin-thomas.com\/isilangue\/\">HOME<\/a><\/li><\/ul>\n\n\n\n<div style=\"height:1px\" aria-hidden=\"true\" class=\"wp-block-spacer\"><\/div>\n\n\n\n<ul><li><a href=\"#\">CHOISIR SES COURS D&rsquo;ANGLAIS<\/a> <ul><li><a href=\"https:\/\/www.calvin-thomas.com\/isilangue\/choisir-son-cours-de-langue\/pourquoi-prendre-cours-anglais-etranger\/\">Pourquoi prendre des cours d\u2019anglais \u00e0 l\u2019\u00e9tranger ?<\/a><\/li><li><a href=\"https:\/\/www.calvin-thomas.com\/isilangue\/choisir-son-cours-de-langue\/quel-cursus-cours-anglais-choisir\/\">Quel cursus de cours d\u2019anglais choisir ?<\/a><\/li><li><a href=\"https:\/\/www.calvin-thomas.com\/isilangue\/choisir-son-cours-de-langue\/ecoles-de-langues-et-hebergements\/\">\u00c9coles de langues et h\u00e9bergements<\/a> <\/li><\/ul><\/li><\/ul>\n\n\n\n<ul><li><a href=\"https:\/\/www.calvin-thomas.com\/isilangue\/cours-anglais-etranger\/\">NOS COURS DE LANGUE<\/a> <ul><li><a href=\"https:\/\/www.calvin-thomas.com\/isilangue\/pays\/angleterre\/\">Angleterre<\/a><\/li><li><a href=\"https:\/\/www.calvin-thomas.com\/isilangue\/pays\/australie\/\">Australie<\/a><\/li><li><a href=\"https:\/\/www.calvin-thomas.com\/isilangue\/pays\/canada\/\">Canada<\/a><\/li><li><a href=\"https:\/\/www.calvin-thomas.com\/isilangue\/pays\/etats-unis\/\">\u00c9tats-Unis<\/a><\/li><li><a href=\"https:\/\/www.calvin-thomas.com\/isilangue\/pays\/irlande\/\">Irlande<\/a> <\/li><\/ul><\/li><\/ul>\n\n\n\n<ul><li><a href=\"#\">INFORMATIONS PRATIQUES<\/a> <ul><li><a href=\"https:\/\/www.calvin-thomas.com\/isilangue\/informations-pratiques\/4-etapes-partir-en-ecole-de-langue-etranger\/\">4 \u00e9tapes pour partir en \u00e9cole de langue<\/a><\/li><li><a href=\"https:\/\/www.calvin-thomas.com\/isilangue\/informations-pratiques\/points-pratiques\/\">Les points pratiques<\/a><\/li><li><a href=\"https:\/\/www.calvin-thomas.com\/isilangue\/informations-pratiques\/contacts-reunions-conseillers-isilangue\/\">Contactez-nous et rencontrons-nous<\/a><\/li><li><a href=\"https:\/\/www.calvin-thomas.com\/isilangue\/informations-pratiques\/foire-aux-questions\/\">Foire aux questions<\/a><\/li><li><a href=\"https:\/\/www.calvin-thomas.com\/services\/paiement-en-ligne-2\/\">Paiement en ligne<\/a> <\/li><\/ul><\/li><\/ul>\n\n\n\n<ul style=\"width:100%\"><li><a href=\"https:\/\/www.calvin-thomas.com\/isilangue\/inscription-cours-anglais-etranger\/\"  target=\"_parent\">INSCRIPTION<\/a><\/li><\/ul>\n\n\n\n<ul><li><a href=\"https:\/\/www.calvin-thomas.com\/isilangue\/conditions-generales-vente\/\">Conditions g\u00e9n\u00e9rales de vente<\/a><\/li><li><a href=\"https:\/\/www.calvin-thomas.com\/isilangue\/plan-site\/\">Plan de site<\/a><\/li><li><a href=\"https:\/\/www.calvin-thomas.com\/isilangue\/mentions-legales-confidentialite\/\">Mention l\u00e9gales &amp; confidentialit\u00e9<\/a><\/li><\/ul>\n<\/div>\n\n\n\n<div class=\"wp-block-column is-layout-flow wp-block-column-is-layout-flow\"><\/div>\n<\/div>\n\n\n\n<div style=\"height:50px\" aria-hidden=\"true\" class=\"wp-block-spacer\"><\/div>\n","protected":false},"excerpt":{"rendered":"<ul>\n<li><a href=\"https:\/\/www.calvin-thomas.com\/isilangue\/\">HOME<\/a><\/li>\n<\/ul>\n<ul>\n<li><a href=\"#\">CHOISIR SES COURS D&rsquo;ANGLAIS<\/a>\n<ul>\n<li><a href=\"https:\/\/www.calvin-thomas.com\/isilangue\/choisir-son-cours-de-langue\/pourquoi-prendre-cours-anglais-etranger\/\">Pourquoi prendre des cours d\u2019anglais \u00e0 l\u2019\u00e9tranger ?<\/a><\/li>\n<li><a href=\"https:\/\/www.calvin-thomas.com\/isilangue\/choisir-son-cours-de-langue\/quel-cursus-cours-anglais-choisir\/\">Quel cursus de cours d\u2019anglais choisir ?<\/a><\/li>\n<li><a href=\"https:\/\/www.calvin-thomas.com\/isilangue\/choisir-son-cours-de-langue\/ecoles-de-langues-et-hebergements\/\">\u00c9coles de langues et h\u00e9bergements<\/a> <\/li>\n<\/ul>\n<\/li>\n<\/ul>\n<ul>\n<li><a href=\"https:\/\/www.calvin-thomas.com\/isilangue\/cours-anglais-etranger\/\">NOS COURS DE LANGUE<\/a>\n<ul>\n<li><a href=\"https:\/\/www.calvin-thomas.com\/isilangue\/pays\/angleterre\/\">Angleterre<\/a><\/li>\n<li><a href=\"https:\/\/www.calvin-thomas.com\/isilangue\/pays\/australie\/\">Australie<\/a><\/li>\n<li><a href=\"https:\/\/www.calvin-thomas.com\/isilangue\/pays\/canada\/\">Canada<\/a><\/li>\n<li><a href=\"https:\/\/www.calvin-thomas.com\/isilangue\/pays\/etats-unis\/\">\u00c9tats-Unis<\/a><\/li>\n<li><a href=\"https:\/\/www.calvin-thomas.com\/isilangue\/pays\/irlande\/\">Irlande<\/a> <\/li>\n<\/ul>\n<\/li>\n<\/ul>\n<ul>\n<li><a href=\"#\">INFORMATIONS PRATIQUES<\/a>\n<ul>\n<li><a href=\"https:\/\/www.calvin-thomas.com\/isilangue\/informations-pratiques\/4-etapes-partir-en-ecole-de-langue-etranger\/\">4 \u00e9tapes pour partir en \u00e9cole de langue<\/a><\/li>\n<li><a href=\"https:\/\/www.calvin-thomas.com\/isilangue\/informations-pratiques\/points-pratiques\/\">Les points pratiques<\/a><\/li>\n<li><a href=\"https:\/\/www.calvin-thomas.com\/isilangue\/informations-pratiques\/contacts-reunions-conseillers-isilangue\/\">Contactez-nous et rencontrons-nous<\/a><\/li>\n<li><a href=\"https:\/\/www.calvin-thomas.com\/isilangue\/informations-pratiques\/foire-aux-questions\/\">Foire aux questions<\/a><\/li>\n<li><a href=\"https:\/\/www.calvin-thomas.com\/services\/paiement-en-ligne-2\/\">Paiement en ligne<\/a> <\/li>\n<\/ul>\n<\/li>\n<\/ul>\n<ul style=\"width:100%\">\n<li><a href=\"https:\/\/www.calvin-thomas.com\/isilangue\/inscription-cours-anglais-etranger\/\"  target=\"_parent\">INSCRIPTION<\/a><\/li>\n<\/ul>\n<ul>\n<li><a href=\"https:\/\/www.calvin-thomas.com\/isilangue\/conditions-generales-vente\/\">Conditions g\u00e9n\u00e9rales de vente<\/a><\/li>\n<li><a href=\"https:\/\/www.calvin-thomas.com\/isilangue\/plan-site\/\">Plan de site<\/a><\/li>\n<li><a href=\"https:\/\/www.calvin-thomas.com\/isilangue\/mentions-legales-confidentialite\/\">Mention l\u00e9gales &amp;<\/a><\/li>\n<\/ul>\n<p> <a class=\"btn couleur large\" href=\"https:\/\/www.calvin-thomas.com\/isilangue\/plan-site\/\">EN SAVOIR PLUS <\/a><\/p>\n","protected":false},"author":1,"featured_media":0,"parent":0,"menu_order":0,"comment_status":"closed","ping_status":"closed","template":"page-simple.php","meta":{"_uag_custom_page_level_css":""},"uagb_featured_image_src":{"full":false,"thumbnail":false,"medium":false,"medium_large":false,"large":false,"1536x1536":false,"2048x2048":false},"uagb_author_info":{"display_name":"redac-calvinthomas","author_link":"https:\/\/www.calvin-thomas.com\/isilangue\/author\/redac-calvinthomas\/"},"uagb_comment_info":0,"uagb_excerpt":"HOME CHOISIR SES COURS D&rsquo;ANGLAIS Pourquoi prendre des cours d\u2019anglais \u00e0 l\u2019\u00e9tranger ?Quel cursus de cours d\u2019anglais choisir ?\u00c9coles de langues et h\u00e9bergements NOS COURS DE LANGUE AngleterreAustralieCanada\u00c9tats-UnisIrlande INFORMATIONS PRATIQUES 4 \u00e9tapes pour partir en \u00e9cole de langueLes points pratiquesContactez-nous et rencontrons-nousFoire aux questionsPaiement en ligne INSCRIPTION Conditions g\u00e9n\u00e9rales de ventePlan de siteMention l\u00e9gales &amp;\u2026","_links":{"self":[{"href":"https:\/\/www.calvin-thomas.com\/isilangue\/wp-json\/wp\/v2\/pages\/7"}],"collection":[{"href":"https:\/\/www.calvin-thomas.com\/isilangue\/wp-json\/wp\/v2\/pages"}],"about":[{"href":"https:\/\/www.calvin-thomas.com\/isilangue\/wp-json\/wp\/v2\/types\/page"}],"author":[{"embeddable":true,"href":"https:\/\/www.calvin-thomas.com\/isilangue\/wp-json\/wp\/v2\/users\/1"}],"replies":[{"embeddable":true,"href":"https:\/\/www.calvin-thomas.com\/isilangue\/wp-json\/wp\/v2\/comments?post=7"}],"version-history":[{"count":0,"href":"https:\/\/www.calvin-thomas.com\/isilangue\/wp-json\/wp\/v2\/pages\/7\/revisions"}],"wp:attachment":[{"href":"https:\/\/www.calvin-thomas.com\/isilangue\/wp-json\/wp\/v2\/media?parent=7"}],"curies":[{"name":"wp","href":"https:\/\/api.w.org\/{rel}","templated":true}]}}