{"id":79,"date":"2019-05-24T17:43:35","date_gmt":"2019-05-24T15:43:35","guid":{"rendered":"https:\/\/www.calvin-thomas.com\/isilangue\/?page_id=79"},"modified":"2021-09-21T14:31:21","modified_gmt":"2021-09-21T12:31:21","slug":"4-etapes-partir-en-ecole-de-langue-etranger","status":"publish","type":"page","link":"https:\/\/www.calvin-thomas.com\/isilangue\/informations-pratiques\/4-etapes-partir-en-ecole-de-langue-etranger\/","title":{"rendered":"4 \u00e9tapes pour partir en \u00e9cole de langue"},"content":{"rendered":"\n<div style=\"height:80px\" aria-hidden=\"true\" class=\"wp-block-spacer\"><\/div>\n\n\n\n<div class=\"wp-block-columns has-2-columns column-centre centre-hauteur is-layout-flex wp-container-core-columns-is-layout-1 wp-block-columns-is-layout-flex\">\n<div class=\"wp-block-column is-layout-flow wp-block-column-is-layout-flow\">\n<h2 class=\"wp-block-heading\">Pr\u00e9parer son s\u00e9jour en \u00e9cole de langues<\/h2>\n\n\n\n<p>Un s\u00e9jour linguistique, pour \u00eatre efficace, doit \u00eatre bien pr\u00e9par\u00e9. C&rsquo;est un investissement concret pour progresser en anglais qui demande cependant une certaine pr\u00e9paration en amont. Le but est de parvenir, sous quelques semaines, \u00e0 am\u00e9liorer ses capacit\u00e9s anglophones \u00e0 l&rsquo;\u00e9crit et \u00e0 l&rsquo;oral. <\/p>\n\n\n\n<p>Il faut pour cela consid\u00e9rer en amont la formule la plus adapt\u00e9e \u00e0 votre profil : nombre d&rsquo;heures de cours, dur\u00e9e du s\u00e9jour, type d\u2019h\u00e9bergement, etc.<\/p>\n<\/div>\n\n\n\n<div class=\"wp-block-column is-layout-flow wp-block-column-is-layout-flow\">\n<figure class=\"wp-block-image\"><img loading=\"lazy\" decoding=\"async\" width=\"900\" height=\"400\" src=\"https:\/\/www.calvin-thomas.com\/isilangue\/wp-content\/uploads\/\/sites\/8\/etapes-partir.jpg\" alt=\"Les \u00e9tapes avant de partir en \u00e9cole de langue \u00e0 l'\u00e9tranger\" class=\"wp-image-123\" srcset=\"https:\/\/www.calvin-thomas.com\/isilangue\/wp-content\/uploads\/\/sites\/8\/etapes-partir.jpg 900w, https:\/\/www.calvin-thomas.com\/isilangue\/wp-content\/uploads\/\/sites\/8\/etapes-partir-300x133.jpg 300w, https:\/\/www.calvin-thomas.com\/isilangue\/wp-content\/uploads\/\/sites\/8\/etapes-partir-768x341.jpg 768w\" sizes=\"(max-width: 900px) 100vw, 900px\" \/><\/figure>\n<\/div>\n<\/div>\n\n\n\n<div style=\"height:50px\" aria-hidden=\"true\" class=\"wp-block-spacer\"><\/div>\n\n\n<section class=\"section-beige\"><\/p>\n\n\n\n<h3 class=\"wp-block-heading\" style=\"text-align:center\">La mise en place de votre s\u00e9jour <br>de cours d&rsquo;anglais en \u00e9cole de langue \u00e9tapes par \u00e9tapes&#8230;<\/h3>\n\n\n\n<ul class=\"timeline\"><li><h4>Effectuez votre demande de devis en ligne<\/h4><br>Compl\u00e9tez le formulaire sur notre site internet, s\u00e9lectionnez les prestations souhait\u00e9es et recevez le devis d\u00e9taill\u00e9 par e-mail sous 48 heures.<br> <a class=\"btn couleur large\" href=\"https:\/\/www.calvin-thomas.com\/isilangue\/inscription-cours-anglais-etranger\/\" target=\"_parent\">Inscription en ligne<\/a><\/li><li><h4>Compl\u00e9tez votre formulaire d\u2019inscription<\/h4><br>Apr\u00e8s acceptation du devis, nous vous donnerons acc\u00e8s \u00e0 votre espace client pour compl\u00e9ter votre profil.<\/li><li><h4>L&rsquo;acceptation de la candidature<br><\/h4><br>Votre \u00e9cole nous transmet sous 48 heures la confirmation de votre r\u00e9servation.<\/li><li><h4>Pr\u00e9parez votre d\u00e9part<\/h4><br>Vous pourrez d\u00e8s lors commencer les d\u00e9marches d\u2019obtention du visa (si applicable) et acheter vos billets de transport. Si vous \u00eates log\u00e9s en famille, l\u2019\u00e9cole se mettra \u00e0 la recherche de votre futur lieu d\u2019accueil. Vous recevrez \u00e9galement un \u201ccourrier d\u00e9part\u201d qui contient entre autres, un guide de voyage, des \u00e9tiquettes \u00e0 bagages, un sac Calvin-Thomas, etc.<\/li><\/ul>\n\n\n\n<figure class=\"wp-block-image content-centrer\"><img decoding=\"async\" src=\"https:\/\/www.calvin-thomas.com\/highschool\/wp-content\/uploads\/sites\/4\/enjoy-your-stay.png\" alt=\"Enjoy your stay\" class=\"wp-image-658\"\/><\/figure>\n\n\n<p><\/section>\n\n\n\n<div style=\"height:30px\" aria-hidden=\"true\" class=\"wp-block-spacer\"><\/div>\n","protected":false},"excerpt":{"rendered":"<p>Pr\u00e9parer son s\u00e9jour en \u00e9cole de langues<\/p>\n<p>Un s\u00e9jour linguistique, pour \u00eatre efficace, doit \u00eatre bien pr\u00e9par\u00e9. C&rsquo;est un investissement concret pour progresser en anglais qui demande cependant une certaine pr\u00e9paration en amont. Le but est de parvenir, sous quelques semaines, \u00e0 am\u00e9liorer ses capacit\u00e9s anglophones \u00e0 l&rsquo;\u00e9crit et \u00e0 l&rsquo;oral. <\/p>\n<p>Il faut pour cela consid\u00e9rer en amont la formule la plus adapt\u00e9e \u00e0 votre profil : nombre d&rsquo;heures de cours, dur\u00e9e du s\u00e9jour,<\/p>\n<p> <a class=\"btn couleur large\" href=\"https:\/\/www.calvin-thomas.com\/isilangue\/informations-pratiques\/4-etapes-partir-en-ecole-de-langue-etranger\/\">EN SAVOIR PLUS <\/a><\/p>\n","protected":false},"author":1,"featured_media":106,"parent":9,"menu_order":0,"comment_status":"closed","ping_status":"closed","template":"","meta":{"_uag_custom_page_level_css":""},"uagb_featured_image_src":{"full":["https:\/\/www.calvin-thomas.com\/isilangue\/wp-content\/uploads\/\/sites\/8\/entete-etapes-partir.jpg",1200,1200,false],"thumbnail":["https:\/\/www.calvin-thomas.com\/isilangue\/wp-content\/uploads\/\/sites\/8\/entete-etapes-partir-150x150.jpg",150,150,true],"medium":["https:\/\/www.calvin-thomas.com\/isilangue\/wp-content\/uploads\/\/sites\/8\/entete-etapes-partir-300x300.jpg",300,300,true],"medium_large":["https:\/\/www.calvin-thomas.com\/isilangue\/wp-content\/uploads\/\/sites\/8\/entete-etapes-partir-768x768.jpg",640,640,true],"large":["https:\/\/www.calvin-thomas.com\/isilangue\/wp-content\/uploads\/\/sites\/8\/entete-etapes-partir-1024x1024.jpg",640,640,true],"1536x1536":["https:\/\/www.calvin-thomas.com\/isilangue\/wp-content\/uploads\/\/sites\/8\/entete-etapes-partir.jpg",1200,1200,false],"2048x2048":["https:\/\/www.calvin-thomas.com\/isilangue\/wp-content\/uploads\/\/sites\/8\/entete-etapes-partir.jpg",1200,1200,false]},"uagb_author_info":{"display_name":"redac-calvinthomas","author_link":"https:\/\/www.calvin-thomas.com\/isilangue\/author\/redac-calvinthomas\/"},"uagb_comment_info":0,"uagb_excerpt":"Pr\u00e9parer son s\u00e9jour en \u00e9cole de langues Un s\u00e9jour linguistique, pour \u00eatre efficace, doit \u00eatre bien pr\u00e9par\u00e9. C&rsquo;est un investissement concret pour progresser en anglais qui demande cependant une certaine pr\u00e9paration en amont. Le but est de parvenir, sous quelques semaines, \u00e0 am\u00e9liorer ses capacit\u00e9s anglophones \u00e0 l&rsquo;\u00e9crit et \u00e0 l&rsquo;oral. Il faut pour cela\u2026","_links":{"self":[{"href":"https:\/\/www.calvin-thomas.com\/isilangue\/wp-json\/wp\/v2\/pages\/79"}],"collection":[{"href":"https:\/\/www.calvin-thomas.com\/isilangue\/wp-json\/wp\/v2\/pages"}],"about":[{"href":"https:\/\/www.calvin-thomas.com\/isilangue\/wp-json\/wp\/v2\/types\/page"}],"author":[{"embeddable":true,"href":"https:\/\/www.calvin-thomas.com\/isilangue\/wp-json\/wp\/v2\/users\/1"}],"replies":[{"embeddable":true,"href":"https:\/\/www.calvin-thomas.com\/isilangue\/wp-json\/wp\/v2\/comments?post=79"}],"version-history":[{"count":0,"href":"https:\/\/www.calvin-thomas.com\/isilangue\/wp-json\/wp\/v2\/pages\/79\/revisions"}],"up":[{"embeddable":true,"href":"https:\/\/www.calvin-thomas.com\/isilangue\/wp-json\/wp\/v2\/pages\/9"}],"wp:featuredmedia":[{"embeddable":true,"href":"https:\/\/www.calvin-thomas.com\/isilangue\/wp-json\/wp\/v2\/media\/106"}],"wp:attachment":[{"href":"https:\/\/www.calvin-thomas.com\/isilangue\/wp-json\/wp\/v2\/media?parent=79"}],"curies":[{"name":"wp","href":"https:\/\/api.w.org\/{rel}","templated":true}]}}