{"id":148,"date":"2019-10-22T19:08:03","date_gmt":"2019-10-22T17:08:03","guid":{"rendered":"https:\/\/www.calvin-thomas.com\/summer-family\/?page_id=148"},"modified":"2020-10-31T09:30:11","modified_gmt":"2020-10-31T08:30:11","slug":"plan-site","status":"publish","type":"page","link":"https:\/\/www.calvin-thomas.com\/summer-family\/plan-site\/","title":{"rendered":"Plan de site"},"content":{"rendered":"\n<div style=\"height:100px\" aria-hidden=\"true\" class=\"wp-block-spacer\"><\/div>\n\n\n\n<ul class=\"content-centrer\"><li><a href=\"https:\/\/www.calvin-thomas.com\/summer-family\/\">PR\u00c9SENTATION<\/a><\/li><\/ul>\n\n\n\n<ul class=\"content-centrer\"><li><a href=\"https:\/\/www.calvin-thomas.com\/summer-family\/plan-site\/#\">CHOISIR SON S\u00c9JOUR<\/a> <ul><li><a href=\"https:\/\/www.calvin-thomas.com\/summer-family\/choisir-son-sejour\/quel-sejour-linguistique-choisir\/\">Quel s\u00e9jour choisir ?<\/a><\/li><li><a href=\"https:\/\/www.calvin-thomas.com\/summer-family\/choisir-son-sejour\/immersion-en-famille-accueil\/\">L&#8217;immersion en famille d&#8217;accueil<\/a><\/li><li><a href=\"https:\/\/www.calvin-thomas.com\/summer-family\/choisir-son-sejour\/pourquoi-choisir-calvin-thomas\/\">Pourquoi choisir Calvin-Thomas ?<\/a> <\/li><\/ul><\/li><\/ul>\n\n\n\n<ul class=\"content-centrer\"><li><a href=\"https:\/\/www.calvin-thomas.com\/summer-family\/sejour-scolaire\/\">NOS S\u00c9JOURS D&#8217;\u00c9T\u00c9<\/a><ul><li><a href=\"https:\/\/www.calvin-thomas.com\/summer-family\/sejours-ete\/100-immersion\/\">100% Immersion &#8211; \u00c9tats-Unis<\/a><\/li><li><a href=\"https:\/\/www.calvin-thomas.com\/summer-family\/sejours-ete\/immersion-a-la-carte-flex\/\">Immersion \u00e0 la carte Flex &#8211; \u00c9tats-Unis<\/a><\/li><li><a href=\"https:\/\/www.calvin-thomas.com\/summer-family\/sejours-ete\/immersion-canada-a-la-carte\/\">Immersion \u00e0 la carte &#8211; Canada<\/a><\/li><li><a href=\"https:\/\/www.calvin-thomas.com\/summer-family\/sejours-ete\/immersion-decouverte-cours-uk\/\">Immersion, D\u00e9couverte &amp; Cours &#8211; Angleterre<\/a><\/li><li><a href=\"https:\/\/www.calvin-thomas.com\/summer-family\/sejours-ete\/immersion-decouverte-cours-usa\/\">Immersion, D\u00e9couverte &amp; Cours &#8211; \u00c9tats-Unis <\/a><\/li><li><a href=\"https:\/\/www.calvin-thomas.com\/summer-family\/sejours-ete\/immersion-sejour-a-la-carte\/\">Immersion \u00e0 la carte &#8211; \u00c9tats-Unis<\/a><\/li><li><a href=\"https:\/\/www.calvin-thomas.com\/summer-family\/sejours-ete\/immersion-tutorat\/\">Immersion &amp; Tutorat &#8211; \u00c9tats-Unis <\/a><\/li><li><a href=\"https:\/\/www.calvin-thomas.com\/summer-family\/sejours-ete\/immersion-volontariat-usa\/\">Immersion &amp; Volontariat &#8211;\u00a0\u00c9tats-Unis<\/a><\/li><li><a href=\"https:\/\/www.calvin-thomas.com\/summer-family\/sejours-ete\/sejour-ete-californie-california-dream\/\">California Dream &#8211; \u00c9tats-Unis <\/a><\/li><\/ul><\/li><\/ul>\n\n\n\n<ul class=\"content-centrer\"><li><a href=\"https:\/\/www.calvin-thomas.com\/summer-family\/plan-site\/#\">INFORMATIONS PRATIQUES<\/a> <ul><li><a href=\"https:\/\/www.calvin-thomas.com\/summer-family\/informations-pratiques\/7-etapes-pour-partir-en-sejour-dete\/\/\">7 \u00e9tapes pour partir<\/a><\/li><li><a href=\"https:\/\/www.calvin-thomas.com\/summer-family\/informations-pratiques\/points-pratiques\/\">Les points pratiques<\/a><\/li><li><a href=\"https:\/\/www.calvin-thomas.com\/summer-family\/informations-pratiques\/contacts-reunions-conseillers-summer-family\/\">Contactez-nous et rencontrons-nous<\/a><\/li><li><a href=\"https:\/\/www.calvin-thomas.com\/summer-family\/informations-pratiques\/foire-aux-questions\/\">Foire aux questions<\/a><\/li><li><a href=\"https:\/\/www.calvin-thomas.com\/services\/paiement-en-ligne-2\/\">Paiement en ligne<\/a> <\/li><\/ul><\/li><\/ul>\n\n\n\n<ul class=\"content-centrer\"><li><a href=\"https:\/\/www.calvin-thomas.com\/summer-family\/inscription-camp-ete\/\">INSCRIPTION<\/a><\/li><li><a href=\"https:\/\/www.calvin-thomas.com\/summer-family\/telecharger-brochure-summer\/\">T\u00c9L\u00c9CHARGER NOTRE BROCHURE GRATUITE<\/a><\/li><\/ul>\n\n\n\n<ul class=\"content-centrer\"><li><a href=\"https:\/\/www.calvin-thomas.com\/summer-family\/conditions-generales-vente\/\">Conditions g\u00e9n\u00e9rales de vente<\/a><\/li><li><a href=\"https:\/\/www.calvin-thomas.com\/summer-family\/plan-site\/\">Plan de site<\/a><\/li><li><a href=\"https:\/\/www.calvin-thomas.com\/summer-family\/mentions-legales-confidentialite\/\">Mention l\u00e9gales &amp; confidentialit\u00e9<\/a><\/li><\/ul>\n\n\n\n<div style=\"height:100px\" aria-hidden=\"true\" class=\"wp-block-spacer\"><\/div>\n","protected":false},"excerpt":{"rendered":"<ul class=\"content-centrer\">\n<li><a href=\"https:\/\/www.calvin-thomas.com\/summer-family\/\">PR\u00c9SENTATION<\/a><\/li>\n<\/ul>\n<ul class=\"content-centrer\">\n<li><a href=\"https:\/\/www.calvin-thomas.com\/summer-family\/plan-site\/#\">CHOISIR SON S\u00c9JOUR<\/a>\n<ul>\n<li><a href=\"https:\/\/www.calvin-thomas.com\/summer-family\/choisir-son-sejour\/quel-sejour-linguistique-choisir\/\">Quel s\u00e9jour choisir ?<\/a><\/li>\n<li><a href=\"https:\/\/www.calvin-thomas.com\/summer-family\/choisir-son-sejour\/immersion-en-famille-accueil\/\">L&#8217;immersion en famille d&#8217;accueil<\/a><\/li>\n<li><a href=\"https:\/\/www.calvin-thomas.com\/summer-family\/choisir-son-sejour\/pourquoi-choisir-calvin-thomas\/\">Pourquoi choisir Calvin-Thomas ?<\/a> <\/li>\n<\/ul>\n<\/li>\n<\/ul>\n<ul class=\"content-centrer\">\n<li><a href=\"https:\/\/www.calvin-thomas.com\/summer-family\/sejour-scolaire\/\">NOS S\u00c9JOURS D&#8217;\u00c9T\u00c9<\/a>\n<ul>\n<li><a href=\"https:\/\/www.calvin-thomas.com\/summer-family\/sejours-ete\/100-immersion\/\">100% Immersion &#8211; \u00c9tats-Unis<\/a><\/li>\n<li><a href=\"https:\/\/www.calvin-thomas.com\/summer-family\/sejours-ete\/immersion-a-la-carte-flex\/\">Immersion \u00e0 la carte Flex &#8211; \u00c9tats-Unis<\/a><\/li>\n<li><a href=\"https:\/\/www.calvin-thomas.com\/summer-family\/sejours-ete\/immersion-canada-a-la-carte\/\">Immersion \u00e0 la carte &#8211;<\/a><\/li>\n<\/ul>\n<\/li>\n<\/ul>\n<p> <a class=\"btn couleur large\" href=\"https:\/\/www.calvin-thomas.com\/summer-family\/plan-site\/\">EN SAVOIR PLUS <\/a><\/p>\n","protected":false},"author":1,"featured_media":0,"parent":0,"menu_order":0,"comment_status":"closed","ping_status":"closed","template":"page-simple.php","meta":{"_uag_custom_page_level_css":"","wp_popup_display_lightbox":0,"wp_popup_suppress":"","wp_popup_trigger":"","wp_popup_trigger_amount":0,"wp_popup_disable_on_mobile":false},"uagb_featured_image_src":{"full":false,"thumbnail":false,"medium":false,"medium_large":false,"large":false,"1536x1536":false,"2048x2048":false},"uagb_author_info":{"display_name":"redac-calvinthomas","author_link":"https:\/\/www.calvin-thomas.com\/summer-family\/author\/redac-calvinthomas\/"},"uagb_comment_info":0,"uagb_excerpt":"PR\u00c9SENTATION CHOISIR SON S\u00c9JOUR Quel s\u00e9jour choisir ?L&#8217;immersion en famille d&#8217;accueilPourquoi choisir Calvin-Thomas ? NOS S\u00c9JOURS D&#8217;\u00c9T\u00c9100% Immersion &#8211; \u00c9tats-UnisImmersion \u00e0 la carte Flex &#8211; \u00c9tats-UnisImmersion \u00e0 la carte &#8211; EN SAVOIR PLUS","_links":{"self":[{"href":"https:\/\/www.calvin-thomas.com\/summer-family\/wp-json\/wp\/v2\/pages\/148"}],"collection":[{"href":"https:\/\/www.calvin-thomas.com\/summer-family\/wp-json\/wp\/v2\/pages"}],"about":[{"href":"https:\/\/www.calvin-thomas.com\/summer-family\/wp-json\/wp\/v2\/types\/page"}],"author":[{"embeddable":true,"href":"https:\/\/www.calvin-thomas.com\/summer-family\/wp-json\/wp\/v2\/users\/1"}],"replies":[{"embeddable":true,"href":"https:\/\/www.calvin-thomas.com\/summer-family\/wp-json\/wp\/v2\/comments?post=148"}],"version-history":[{"count":0,"href":"https:\/\/www.calvin-thomas.com\/summer-family\/wp-json\/wp\/v2\/pages\/148\/revisions"}],"wp:attachment":[{"href":"https:\/\/www.calvin-thomas.com\/summer-family\/wp-json\/wp\/v2\/media?parent=148"}],"curies":[{"name":"wp","href":"https:\/\/api.w.org\/{rel}","templated":true}]}}