{"id":15,"date":"2019-10-01T11:16:22","date_gmt":"2019-10-01T09:16:22","guid":{"rendered":"https:\/\/www.calvin-thomas.com\/summer-family\/?page_id=15"},"modified":"2020-10-30T23:15:05","modified_gmt":"2020-10-30T22:15:05","slug":"immersion-en-famille-accueil","status":"publish","type":"page","link":"https:\/\/www.calvin-thomas.com\/summer-family\/choisir-son-sejour\/immersion-en-famille-accueil\/","title":{"rendered":"L&#8217;immersion en famille d&#8217;accueil"},"content":{"rendered":"\n<div style=\"height:50px\" aria-hidden=\"true\" class=\"wp-block-spacer\"><\/div>\n\n\n\n<div class=\"wp-block-columns has-2-columns column-centre is-layout-flex wp-container-core-columns-is-layout-1 wp-block-columns-is-layout-flex\">\n<div class=\"wp-block-column is-layout-flow wp-block-column-is-layout-flow\">\n<h2 class=\"wp-block-heading\">Int\u00e9grer un noyau familial <\/h2>\n\n\n\n<p>Passer ses vacances en famille d&#8217;accueil, c&#8217;est la chance d&#8217;\u00e9tablir une relation privil\u00e9gi\u00e9e avec les membres d&#8217;une famille avec qui l&#8217;on ne partage comme lien que celui de la curiosit\u00e9, de l&#8217;envie de prendre part \u00e0 une aventure unique. C&#8217;est \u00eatre accueilli par les autres et partager leur culture, leur mode de vie, leur maison&#8230; c&#8217;est se d\u00e9couvrir une nouvelle famille hors de son pays naturel. <\/p>\n<\/div>\n\n\n\n<div class=\"wp-block-column is-layout-flow wp-block-column-is-layout-flow\">\n<ul class=\"liste-menu\"><li><a href=\"#section1\">Les familles d&#8217;accueil<\/a><\/li><li><a href=\"#section2\">Le b\u00e9n\u00e9volat des familles<\/a><\/li><\/ul>\n<\/div>\n<\/div>\n\n\n\n<div style=\"height:50px\" aria-hidden=\"true\" class=\"wp-block-spacer\"><\/div>\n\n\n\n<div style=\"height:50px\" aria-hidden=\"true\" class=\"wp-block-spacer\"><\/div>\n\n\n<section class=\"section-beige\"><\/p>\n\n\n\n<div class=\"wp-block-columns has-2-columns column-centre align-bas-hauteur is-layout-flex wp-container-core-columns-is-layout-2 wp-block-columns-is-layout-flex\">\n<div class=\"wp-block-column is-layout-flow wp-block-column-is-layout-flow\">\n<p class=\"sub-title\"><strong>LES FAMILLES D&#8217;ACCUEIL<\/strong><\/p>\n\n\n\n<h3 class=\"wp-block-heading\" id=\"section1\">Une rencontre humaine<\/h3>\n\n\n\n<p><strong>Partager la vie d&#8217;une famille, c&#8217;est int\u00e9grer la cellule de base de la soci\u00e9t\u00e9. C&#8217;est mieux comprendre un pays, un peuple et appr\u00e9hender une culture. C&#8217;est aussi s&#8217;offrir la possibilit\u00e9 de progresser en anglais. Tous les s\u00e9jours Summer Family sont con\u00e7us et orient\u00e9s autour d&#8217;un accueil en famille.<\/strong><\/p>\n<\/div>\n\n\n\n<div class=\"wp-block-column is-layout-flow wp-block-column-is-layout-flow\">\n<figure class=\"wp-block-image\"><img loading=\"lazy\" decoding=\"async\" width=\"530\" height=\"300\" src=\"https:\/\/www.calvin-thomas.com\/summer-family\/wp-content\/uploads\/\/sites\/11\/2019\/11\/famille-accueil.jpg\" alt=\"s\u00e9jour avec un accueil en famille\" class=\"wp-image-349\" srcset=\"https:\/\/www.calvin-thomas.com\/summer-family\/wp-content\/uploads\/\/sites\/11\/2019\/11\/famille-accueil.jpg 530w, https:\/\/www.calvin-thomas.com\/summer-family\/wp-content\/uploads\/\/sites\/11\/2019\/11\/famille-accueil-300x170.jpg 300w\" sizes=\"(max-width: 530px) 100vw, 530px\" \/><\/figure>\n<\/div>\n<\/div>\n\n\n\n<div class=\"wp-block-columns has-2-columns column-centre centrer-hauteur is-layout-flex wp-container-core-columns-is-layout-3 wp-block-columns-is-layout-flex\">\n<div class=\"wp-block-column is-layout-flow wp-block-column-is-layout-flow\">\n<div style=\"height:40px\" aria-hidden=\"true\" class=\"wp-block-spacer\"><\/div>\n\n\n\n<h4 class=\"wp-block-heading\">L&#8217;int\u00e9r\u00eat de l&#8217;accueil<\/h4>\n\n\n\n<p><strong>Les familles d&#8217;accueil retenues<\/strong> par Calvin-Thomas et ses correspondants \u00e0 l&#8217;\u00e9tranger souhaitent faire conna\u00eetre leur pays et leur mode de vie. Elles sont<strong> pr\u00eates \u00e0 partager leurs activit\u00e9s et leur quotidien <\/strong>(du repas \u00e0 la balade, du cin\u00e9ma \u00e0 la visite) et font <strong>d\u00e9couvrir leur langue : l\u2019anglais. <\/strong><\/p>\n\n\n\n<p>En accueillant, elles font <strong>preuve d&#8217;une r\u00e9elle ouverture d&#8217;esprit et d&#8217;une disponibilit\u00e9 sinc\u00e8re<\/strong> envers leurs h\u00f4tes. Elles acceptent de recevoir car elles sont curieuses de \u201cl&#8217;\u00e9tranger\u201d et parce qu&#8217;ainsi \u2014 et \u00e0 leur mani\u00e8re \u2014 elles \u201cvisitent\u201d le monde. Ces familles d&#8217;accueil sont fi\u00e8res de <strong>partager leur culture<\/strong>, de <strong>faire conna\u00eetre leur pays, leur environnement et leur vie de tous les jours<\/strong>. Accueillir est pour ces familles l&#8217;occasion de vivre ensemble diff\u00e9remment, de changer la dynamique de vie commune.<\/p>\n\n\n\n<p>Ces familles ont, en leur sein ou dans leur entourage, des <strong>jeunes de l\u2019\u00e2ge des participants.<\/strong> Ces familles ne re\u00e7oivent pas d\u2019autres Fran\u00e7ais, mais elles peuvent accueillir un autre jeune \u00e9tranger, d\u2019une autre nationalit\u00e9. Dans certains cas, le participant partage son temps entre plusieurs familles. <\/p>\n\n\n\n<div style=\"height:40px\" aria-hidden=\"true\" class=\"wp-block-spacer\"><\/div>\n<\/div>\n\n\n\n<div class=\"wp-block-column is-layout-flow wp-block-column-is-layout-flow\">\n<figure class=\"wp-block-image\"><img loading=\"lazy\" decoding=\"async\" width=\"900\" height=\"1019\" src=\"https:\/\/www.calvin-thomas.com\/summer-family\/wp-content\/uploads\/\/sites\/11\/2019\/11\/activites-en-famille-accueil.jpg\" alt=\"des activit\u00e9s avec des familles d'accueil\" class=\"wp-image-351\" srcset=\"https:\/\/www.calvin-thomas.com\/summer-family\/wp-content\/uploads\/\/sites\/11\/2019\/11\/activites-en-famille-accueil.jpg 900w, https:\/\/www.calvin-thomas.com\/summer-family\/wp-content\/uploads\/\/sites\/11\/2019\/11\/activites-en-famille-accueil-265x300.jpg 265w, https:\/\/www.calvin-thomas.com\/summer-family\/wp-content\/uploads\/\/sites\/11\/2019\/11\/activites-en-famille-accueil-768x870.jpg 768w\" sizes=\"(max-width: 900px) 100vw, 900px\" \/><\/figure>\n<\/div>\n<\/div>\n\n\n\n<div class=\"wp-block-columns has-2-columns column-centre centrer-hauteur is-layout-flex wp-container-core-columns-is-layout-4 wp-block-columns-is-layout-flex\">\n<div class=\"wp-block-column is-layout-flow wp-block-column-is-layout-flow\">\n<figure class=\"wp-block-image\"><img loading=\"lazy\" decoding=\"async\" width=\"900\" height=\"671\" src=\"https:\/\/www.calvin-thomas.com\/summer-family\/wp-content\/uploads\/\/sites\/11\/2019\/11\/familles-selectionnees.jpg\" alt=\"des familles s\u00e9lectionn\u00e9es\" class=\"wp-image-354\" srcset=\"https:\/\/www.calvin-thomas.com\/summer-family\/wp-content\/uploads\/\/sites\/11\/2019\/11\/familles-selectionnees.jpg 900w, https:\/\/www.calvin-thomas.com\/summer-family\/wp-content\/uploads\/\/sites\/11\/2019\/11\/familles-selectionnees-300x224.jpg 300w, https:\/\/www.calvin-thomas.com\/summer-family\/wp-content\/uploads\/\/sites\/11\/2019\/11\/familles-selectionnees-768x573.jpg 768w\" sizes=\"(max-width: 900px) 100vw, 900px\" \/><\/figure>\n<\/div>\n\n\n\n<div class=\"wp-block-column is-layout-flow wp-block-column-is-layout-flow\">\n<h4 class=\"wp-block-heading\">La s\u00e9lection des familles<\/h4>\n\n\n\n<p>Les familles d&#8217;accueil sont <strong>s\u00e9lectionn\u00e9es avec soin<\/strong> par nos correspondants sur des <strong>crit\u00e8res simples et fondamentaux<\/strong> : la chaleur, la gentillesse, la motivation, l&#8217;ouverture d&#8217;esprit, le sens des responsabilit\u00e9s.<\/p>\n\n\n\n<p><strong>Ces familles ont \u00e9t\u00e9 visit\u00e9es<\/strong> (maison, pi\u00e8ces de vie). Elles passent \u00e9galement un <strong>entretien<\/strong>. <\/p>\n\n\n\n<p>C&#8217;est la famille, aid\u00e9e par l&#8217;organisme, qui choisit le jeune qu&#8217;elle accueille (et non l&#8217;inverse). Les participants doivent avoir conscience que <strong>les familles d&#8217;accueil sont tr\u00e8s diff\u00e9rentes les unes des autres<\/strong> et qu&#8217;il n&#8217;existe pas de structure familiale type.<\/p>\n\n\n\n<div style=\"height:40px\" aria-hidden=\"true\" class=\"wp-block-spacer\"><\/div>\n<\/div>\n<\/div>\n\n\n<p><\/section>\n\n\n<section class=\"section-gris\"><\/p>\n\n\n\n<div class=\"wp-block-columns has-2-columns column-centre align-bas-hauteur column-un-align-right is-layout-flex wp-container-core-columns-is-layout-5 wp-block-columns-is-layout-flex\">\n<div class=\"wp-block-column is-layout-flow wp-block-column-is-layout-flow\">\n<figure class=\"wp-block-image\"><img loading=\"lazy\" decoding=\"async\" width=\"900\" height=\"450\" src=\"https:\/\/www.calvin-thomas.com\/summer-family\/wp-content\/uploads\/\/sites\/11\/2019\/11\/benevolat-familles.jpg\" alt=\"des familles d'accueil b\u00e9n\u00e9voles\" class=\"wp-image-381\" srcset=\"https:\/\/www.calvin-thomas.com\/summer-family\/wp-content\/uploads\/\/sites\/11\/2019\/11\/benevolat-familles.jpg 900w, https:\/\/www.calvin-thomas.com\/summer-family\/wp-content\/uploads\/\/sites\/11\/2019\/11\/benevolat-familles-300x150.jpg 300w, https:\/\/www.calvin-thomas.com\/summer-family\/wp-content\/uploads\/\/sites\/11\/2019\/11\/benevolat-familles-768x384.jpg 768w\" sizes=\"(max-width: 900px) 100vw, 900px\" \/><\/figure>\n<\/div>\n\n\n\n<div class=\"wp-block-column is-layout-flow wp-block-column-is-layout-flow\">\n<p class=\"sub-title\"><strong>CO\u00dbT DU S\u00c9JOUR<\/strong><\/p>\n\n\n\n<h3 class=\"wp-block-heading\" id=\"section2\">Le b\u00e9n\u00e9volat des familles d&#8217;accueil<\/h3>\n\n\n\n<p><strong>Calvin-Thomas est tr\u00e8s attach\u00e9 au principe du d\u00e9sint\u00e9ressement financier des familles. Il est la garantie premi\u00e8re d\u2019un accueil chaleureux et sinc\u00e8re. <\/strong><\/p>\n\n\n\n<div style=\"height:15px\" aria-hidden=\"true\" class=\"wp-block-spacer\"><\/div>\n<\/div>\n<\/div>\n\n\n\n<div class=\"wp-block-columns has-2-columns column-centre align-bas-hauteur column-un-align-right is-layout-flex wp-container-core-columns-is-layout-6 wp-block-columns-is-layout-flex\">\n<div class=\"wp-block-column is-layout-flow wp-block-column-is-layout-flow\">\n<figure class=\"wp-block-image\"><img loading=\"lazy\" decoding=\"async\" width=\"900\" height=\"662\" src=\"https:\/\/www.calvin-thomas.com\/summer-family\/wp-content\/uploads\/\/sites\/11\/2019\/11\/familles-benevoles.jpg\" alt=\"un s\u00e9jour linguistique en famille d'accueil\" class=\"wp-image-383\" srcset=\"https:\/\/www.calvin-thomas.com\/summer-family\/wp-content\/uploads\/\/sites\/11\/2019\/11\/familles-benevoles.jpg 900w, https:\/\/www.calvin-thomas.com\/summer-family\/wp-content\/uploads\/\/sites\/11\/2019\/11\/familles-benevoles-300x221.jpg 300w, https:\/\/www.calvin-thomas.com\/summer-family\/wp-content\/uploads\/\/sites\/11\/2019\/11\/familles-benevoles-768x565.jpg 768w\" sizes=\"(max-width: 900px) 100vw, 900px\" \/><\/figure>\n<\/div>\n\n\n\n<div class=\"wp-block-column is-layout-flow wp-block-column-is-layout-flow\">\n<p><strong>Nos s\u00e9jours ne sont pas forc\u00e9ment moins chers que les programmes en famille r\u00e9mun\u00e9r\u00e9e.<\/strong> Cet apparent paradoxe s\u2019explique par le fait que la <strong>recherche de familles non r\u00e9mun\u00e9r\u00e9es n\u00e9cessite des r\u00e9seaux importants et un travail de fond sur le terrain<\/strong>.<\/p>\n\n\n\n<p><strong>Faire conna\u00eetre et vanter l\u2019accueil non r\u00e9mun\u00e9r\u00e9<\/strong> n\u00e9cessite de <strong>gros moyens<\/strong>, <strong>beaucoup de temps<\/strong> et un <strong>v\u00e9ritable effort sur le long terme<\/strong>. Nos correspondants sur place multiplient les interventions dans les \u00e9coles, les lyc\u00e9es, les salons et tous les r\u00e9seaux \u2014 qu&#8217;ils soient r\u00e9els ou virtuels\u2014 \u00e0 travers des pr\u00e9sentations,  des rencontres, etc. pour recruter des familles acceptant d&#8217;accueillir.<\/p>\n\n\n\n<p><strong>Tout ce travail a un co\u00fbt\u2026 <\/strong>qui se r\u00e9percute forc\u00e9ment sur celui des s\u00e9jours.<\/p>\n\n\n\n<div style=\"height:15px\" aria-hidden=\"true\" class=\"wp-block-spacer\"><\/div>\n<\/div>\n<\/div>\n\n\n\n<div style=\"height:50px\" aria-hidden=\"true\" class=\"wp-block-spacer\"><\/div>\n\n\n\n<p style=\"text-align:center\" class=\"cadre-jaune column-centre\"><strong>\u00c0 NOTER :<\/strong><br>Certaines familles peuvent, sans \u00eatre r\u00e9mun\u00e9r\u00e9es,  recevoir un d\u00e9dommagement (notamment pour les transports). En aucun cas elles ne tirent un profit financier de l\u2019accueil.<br><br>Dans le cadre d&#8217;un s\u00e9jour 100% Canada, les participants sont plac\u00e9s dans des familles qui sont presque toujours d\u00e9dommag\u00e9es pour des frais annexes li\u00e9es au g\u00eete et au couvert, ou aux d\u00e9placements.<\/p>\n\n\n\n<div style=\"height:50px\" aria-hidden=\"true\" class=\"wp-block-spacer\"><\/div>\n\n\n<p><\/section>\n\n\n\n<div style=\"height:50px\" aria-hidden=\"true\" class=\"wp-block-spacer\"><\/div>\n","protected":false},"excerpt":{"rendered":"<p>Int\u00e9grer un noyau familial <\/p>\n<p>Passer ses vacances en famille d&#8217;accueil, c&#8217;est la chance d&#8217;\u00e9tablir une relation privil\u00e9gi\u00e9e avec les membres d&#8217;une famille avec qui l&#8217;on ne partage comme lien que celui de la curiosit\u00e9, de l&#8217;envie de prendre part \u00e0 une aventure unique. C&#8217;est \u00eatre accueilli par les autres et partager leur culture, leur mode de vie, leur maison&#8230; c&#8217;est se d\u00e9couvrir une nouvelle famille hors de son pays naturel. <\/p>\n<ul class=\"liste-menu\">\n<li><a href=\"#section1\">Les familles d&#8217;accueil<\/a><\/li>\n<li><a href=\"#section2\">Le b\u00e9n\u00e9volat des familles<\/a><\/li>\n<\/ul>\n<p> <a class=\"btn couleur large\" href=\"https:\/\/www.calvin-thomas.com\/summer-family\/choisir-son-sejour\/immersion-en-famille-accueil\/\">EN SAVOIR PLUS <\/a><\/p>\n","protected":false},"author":1,"featured_media":348,"parent":13,"menu_order":0,"comment_status":"closed","ping_status":"closed","template":"","meta":{"_uag_custom_page_level_css":"","wp_popup_display_lightbox":0,"wp_popup_suppress":"","wp_popup_trigger":"","wp_popup_trigger_amount":0,"wp_popup_disable_on_mobile":false},"uagb_featured_image_src":{"full":["https:\/\/www.calvin-thomas.com\/summer-family\/wp-content\/uploads\/\/sites\/11\/2019\/11\/entete-famille-accueil.jpg",1200,1200,false],"thumbnail":["https:\/\/www.calvin-thomas.com\/summer-family\/wp-content\/uploads\/\/sites\/11\/2019\/11\/entete-famille-accueil-150x150.jpg",150,150,true],"medium":["https:\/\/www.calvin-thomas.com\/summer-family\/wp-content\/uploads\/\/sites\/11\/2019\/11\/entete-famille-accueil-300x300.jpg",300,300,true],"medium_large":["https:\/\/www.calvin-thomas.com\/summer-family\/wp-content\/uploads\/\/sites\/11\/2019\/11\/entete-famille-accueil-768x768.jpg",640,640,true],"large":["https:\/\/www.calvin-thomas.com\/summer-family\/wp-content\/uploads\/\/sites\/11\/2019\/11\/entete-famille-accueil-1024x1024.jpg",640,640,true],"1536x1536":["https:\/\/www.calvin-thomas.com\/summer-family\/wp-content\/uploads\/\/sites\/11\/2019\/11\/entete-famille-accueil.jpg",1200,1200,false],"2048x2048":["https:\/\/www.calvin-thomas.com\/summer-family\/wp-content\/uploads\/\/sites\/11\/2019\/11\/entete-famille-accueil.jpg",1200,1200,false]},"uagb_author_info":{"display_name":"redac-calvinthomas","author_link":"https:\/\/www.calvin-thomas.com\/summer-family\/author\/redac-calvinthomas\/"},"uagb_comment_info":0,"uagb_excerpt":"Int\u00e9grer un noyau familial Passer ses vacances en famille d&#8217;accueil, c&#8217;est la chance d&#8217;\u00e9tablir une relation privil\u00e9gi\u00e9e avec les membres d&#8217;une famille avec qui l&#8217;on ne partage comme lien que celui de la curiosit\u00e9, de l&#8217;envie de prendre part \u00e0 une aventure unique. C&#8217;est \u00eatre accueilli par les autres et partager leur culture, leur mode\u2026","_links":{"self":[{"href":"https:\/\/www.calvin-thomas.com\/summer-family\/wp-json\/wp\/v2\/pages\/15"}],"collection":[{"href":"https:\/\/www.calvin-thomas.com\/summer-family\/wp-json\/wp\/v2\/pages"}],"about":[{"href":"https:\/\/www.calvin-thomas.com\/summer-family\/wp-json\/wp\/v2\/types\/page"}],"author":[{"embeddable":true,"href":"https:\/\/www.calvin-thomas.com\/summer-family\/wp-json\/wp\/v2\/users\/1"}],"replies":[{"embeddable":true,"href":"https:\/\/www.calvin-thomas.com\/summer-family\/wp-json\/wp\/v2\/comments?post=15"}],"version-history":[{"count":0,"href":"https:\/\/www.calvin-thomas.com\/summer-family\/wp-json\/wp\/v2\/pages\/15\/revisions"}],"up":[{"embeddable":true,"href":"https:\/\/www.calvin-thomas.com\/summer-family\/wp-json\/wp\/v2\/pages\/13"}],"wp:featuredmedia":[{"embeddable":true,"href":"https:\/\/www.calvin-thomas.com\/summer-family\/wp-json\/wp\/v2\/media\/348"}],"wp:attachment":[{"href":"https:\/\/www.calvin-thomas.com\/summer-family\/wp-json\/wp\/v2\/media?parent=15"}],"curies":[{"name":"wp","href":"https:\/\/api.w.org\/{rel}","templated":true}]}}