{"id":171,"date":"2019-10-23T11:27:33","date_gmt":"2019-10-23T09:27:33","guid":{"rendered":"https:\/\/www.calvin-thomas.com\/summer-family\/?page_id=171"},"modified":"2023-11-10T14:48:06","modified_gmt":"2023-11-10T13:48:06","slug":"7-etapes-pour-partir-en-sejour-dete","status":"publish","type":"page","link":"https:\/\/www.calvin-thomas.com\/summer-family\/informations-pratiques\/7-etapes-pour-partir-en-sejour-dete\/","title":{"rendered":"7 \u00e9tapes pour partir en s\u00e9jour d&#8217;\u00e9t\u00e9"},"content":{"rendered":"\n<div style=\"height:80px\" aria-hidden=\"true\" class=\"wp-block-spacer\"><\/div>\n\n\n\n<div class=\"wp-block-columns has-2-columns column-centre centre-hauteur is-layout-flex wp-container-core-columns-is-layout-1 wp-block-columns-is-layout-flex\">\n<div class=\"wp-block-column is-layout-flow wp-block-column-is-layout-flow\">\n<h2 class=\"wp-block-heading\">Les grandes \u00e9tapes pr\u00e9-d\u00e9part<\/h2>\n\n\n\n<p>\u00c7a y est, vous vous \u00eates d\u00e9cid\u00e9. Cette ann\u00e9e sera celle de votre nouvelle aventure ! Maintenant, quoi ?<\/p>\n\n\n\n<p>Vous avez d&#8217;importants choix \u00e0 faire. O\u00f9 allez-vous aller ? Pour combien de temps ? Seul ou accompagn\u00e9 ? Tous ces choix \u00e0 faire vous permettront de vous cr\u00e9er un s\u00e9jour \u00e0 votre image. Une fois le s\u00e9jour choisi, les \u00e9tapes se succ\u00e8dent avec facilit\u00e9. <\/p>\n<\/div>\n\n\n\n<div class=\"wp-block-column is-layout-flow wp-block-column-is-layout-flow\">\n<figure class=\"wp-block-image\"><img decoding=\"async\" src=\"https:\/\/www.calvin-thomas.com\/summer-family\/wp-content\/uploads\/\/sites\/11\/2019\/10\/etapes-partir.jpg\" alt=\"Les \u00e9tapes avant de partir en s\u00e9jour d'\u00e9t\u00e9 \u00e0 l'\u00e9tranger\" class=\"wp-image-123\"\/><\/figure>\n<\/div>\n<\/div>\n\n\n\n<div style=\"height:50px\" aria-hidden=\"true\" class=\"wp-block-spacer\"><\/div>\n\n\n<section class=\"section-beige\"><\/p>\n\n\n\n<h3 class=\"wp-block-heading\" style=\"text-align:center\">La mise en place de votre s\u00e9jour <br>d&#8217;\u00e9t\u00e9 \u00e0 l&#8217;\u00e9tranger&#8230;<\/h3>\n\n\n\n<ul class=\"timeline\"><li><h4>Choisissez votre s\u00e9jour d&#8217;\u00e9t\u00e9 et \u00e9ventuellement vos options (date de d\u00e9part, dur\u00e9e du s\u00e9jour, etc.) !<\/h4><br>Choisir parmi les s\u00e9jours Flex, volontariat, simple, peut \u00eatre compliqu\u00e9. Les choix et les options peuvent correspondre \u00e0 une envie ou un besoin particulier. N&#8217;h\u00e9sitez pas \u00e0 nous contacter afin de conna\u00eetre notre avis et nos recommandations.<\/li><li><h4>R\u00e9servez au plus t\u00f4t votre place sur un de nos s\u00e9jours<\/h4><br>en contactant votre conseiller ou le bureau national de Calvin-Thomas (par t\u00e9l\u00e9phone ou par e-mail) ou en remplissant le formulaire d&#8217;inscription ci-dessous.<br><a class=\"btn couleur large\" href=\"https:\/\/www.calvin-thomas.com\/summer-family\/inscription-camp-ete\/\" target=\"_parent\">Inscription en ligne<\/a><br><br><strong>\u00c0 savoir :<\/strong> la r\u00e9servation d\u2019une place ne vous engage \u00e0 rien mais elle est indispensable.<\/li><li><h4>Compl\u00e9tez et retournez-nous sous deux semaines le dossier d&#8217;inscription<br><\/h4><br>que vous avez re\u00e7u par courrier ou par e-mail. Retournez ce dossier accompagn\u00e9 d&#8217;un ch\u00e8que de 68\u20ac, correspondant aux frais d&#8217;inscription. <br><br> Pour les s\u00e9jours \u00e0 la carte, le participant \u00e9crit ses dates de s\u00e9jour id\u00e9ales, ainsi que l\u2019\u00c9tat de destination souhait\u00e9 et \u00e9ventuellement les options (nombre d\u2019heures de cours souhait\u00e9es, grande r\u00e9gion pr\u00e9f\u00e9r\u00e9e, etc.).<\/li><li><h4>Apr\u00e8s \u00e9tude de votre dossier et sous deux semaines, vous recevrez un e-mail d\u2019acceptation<\/h4><br>Il sera accompagn\u00e9 d\u2019informations importantes li\u00e9es \u00e0 la pr\u00e9paration de votre s\u00e9jour. <br>Vous r\u00e9glez \u00e0 ce moment un acompte de 990\u20ac (ou 1000 \u20ac avec l&#8217;adh\u00e9sion \u00e0 Calvin Thomas l&#8217;association). Vous pouvez effectuer votre versement par carte bancaire (rendez-vous sur la <a href=\"https:\/\/www.calvin-thomas.com\/services\/paiement-en-ligne-2\/\">page \u201cPaiement en ligne\u201d<\/a> puis suivez les instructions), par virement bancaire (RIB sur simple demande), ou par ch\u00e8que bancaire (\u00e0 l&#8217;ordre de Calvin-Thomas).<br><br> Dans la cas des s\u00e9jours \u00e0 la carte, Calvin-Thomas confirme au participant l\u2019a\u00e9roport d\u2019arriv\u00e9e et les dates de s\u00e9jour. Le participant peut donc \u00e0 ce moment r\u00e9server d\u00e9finitivement son billet d\u2019avion. <\/li><li><h4>Pr\u00e9parons votre d\u00e9part<\/h4><br> D\u00e8s l\u2019acceptation de votre candidature (en g\u00e9n\u00e9ral sous 2 semaines maximum apr\u00e8s le d\u00e9p\u00f4t de votre dossier), les recherches de famille d\u00e9marrent. Cette recherche peut parfois \u00eatre longue. Il faudra vous montrer patient.<br>De notre c\u00f4t\u00e9, nous vous faisons parvenir notamment notre \u201cpetit manuel pour r\u00e9ussir son s\u00e9jour\u201d. <br>Parall\u00e8lement, nous vous accompagnons dans les \u00e9ventuelles d\u00e9marches administratives et notamment dans les d\u00e9marches d\u2019obtention de documents officiels permettant de rentrer dans le pays d&#8217;accueil \u00e9tranger. <\/li><li><h4>Place aux derniers pr\u00e9paratifs<\/h4><br>D\u00e8s la r\u00e9ception de vos informations de placement en famille d\u2019accueil, nous vous transmettons leurs coordonn\u00e9es afin que vous puissiez entrer en contact avec votre famille avant votre d\u00e9part. <br>Pour les d\u00e9parts de groupes, il est possible de mettre en place, sur demande et en fonction des disponibilit\u00e9s, des Pick up Jour J (prise en charge du participant \u00e0 son arriv\u00e9e \u00e0 l&#8217;a\u00e9roport de Roissy Charles De Gaulle le jour du d\u00e9part) ou J-1 (prise en charge du participant \u00e0 son arriv\u00e9e \u00e0 l&#8217;a\u00e9roport de Roissy Charles de Gaulle le jour pr\u00e9c\u00e9dant le d\u00e9part). <br>Vous recevez, environ deux semaines avant votre d\u00e9part, un \u201ccourrier de d\u00e9part\u201d qui contient entre autre, votre carte d\u2019assurance, un sac Calvin-Thomas, des \u00e9tiquettes bagages, et, pour les voyages de groupes, le point de rendez-vous.<\/li><li><h4>En route pour votre s\u00e9jour d&#8217;\u00e9t\u00e9 \u00e0 l&#8217;\u00e9tranger !<\/h4><br>Vous \u00eates accueilli \u00e0 votre arriv\u00e9e \u00e0 destination (soit par votre famille, soit par notre partenaire local). Vous profitez de votre exp\u00e9rience \u00e0 l\u2019\u00e9tranger mais l\u2019\u00e9quipe Calvin-Thomas reste toujours disponible.<br>Pendant tout votre s\u00e9jour, vous \u00eates suivi sur place par un correspondant local qui fait le lien entre la famille d\u2019accueil et notre partenaire en cas de difficult\u00e9.<\/li><\/ul>\n\n\n\n<figure class=\"wp-block-image content-centrer\"><img decoding=\"async\" src=\"https:\/\/www.calvin-thomas.com\/summer-family\/wp-content\/uploads\/\/sites\/11\/2019\/12\/enjoy-your-stay.png\" alt=\"Enjoy your stay\" class=\"wp-image-658\"\/><\/figure>\n\n\n<p><\/section>\n\n\n\n<div style=\"height:30px\" aria-hidden=\"true\" class=\"wp-block-spacer\"><\/div>\n","protected":false},"excerpt":{"rendered":"<p>Les grandes \u00e9tapes pr\u00e9-d\u00e9part<\/p>\n<p>\u00c7a y est, vous vous \u00eates d\u00e9cid\u00e9. Cette ann\u00e9e sera celle de votre nouvelle aventure ! Maintenant, quoi ?<\/p>\n<p>Vous avez d&#8217;importants choix \u00e0 faire. O\u00f9 allez-vous aller ? Pour combien de temps ? Seul ou accompagn\u00e9 ? Tous ces choix \u00e0 faire vous permettront de vous cr\u00e9er un s\u00e9jour \u00e0 votre image. Une fois le s\u00e9jour choisi, les \u00e9tapes se succ\u00e8dent avec facilit\u00e9. <\/p>\n<p> <a class=\"btn couleur large\" href=\"https:\/\/www.calvin-thomas.com\/summer-family\/informations-pratiques\/7-etapes-pour-partir-en-sejour-dete\/\">EN SAVOIR PLUS <\/a><\/p>\n","protected":false},"author":1,"featured_media":220,"parent":7,"menu_order":0,"comment_status":"closed","ping_status":"closed","template":"","meta":{"_uag_custom_page_level_css":"","wp_popup_display_lightbox":0,"wp_popup_suppress":"","wp_popup_trigger":"","wp_popup_trigger_amount":0,"wp_popup_disable_on_mobile":false},"uagb_featured_image_src":{"full":["https:\/\/www.calvin-thomas.com\/summer-family\/wp-content\/uploads\/\/sites\/11\/2019\/10\/entete-etapes-sejour-summer.jpg",1200,1200,false],"thumbnail":["https:\/\/www.calvin-thomas.com\/summer-family\/wp-content\/uploads\/\/sites\/11\/2019\/10\/entete-etapes-sejour-summer-150x150.jpg",150,150,true],"medium":["https:\/\/www.calvin-thomas.com\/summer-family\/wp-content\/uploads\/\/sites\/11\/2019\/10\/entete-etapes-sejour-summer-300x300.jpg",300,300,true],"medium_large":["https:\/\/www.calvin-thomas.com\/summer-family\/wp-content\/uploads\/\/sites\/11\/2019\/10\/entete-etapes-sejour-summer-768x768.jpg",640,640,true],"large":["https:\/\/www.calvin-thomas.com\/summer-family\/wp-content\/uploads\/\/sites\/11\/2019\/10\/entete-etapes-sejour-summer-1024x1024.jpg",640,640,true],"1536x1536":["https:\/\/www.calvin-thomas.com\/summer-family\/wp-content\/uploads\/\/sites\/11\/2019\/10\/entete-etapes-sejour-summer.jpg",1200,1200,false],"2048x2048":["https:\/\/www.calvin-thomas.com\/summer-family\/wp-content\/uploads\/\/sites\/11\/2019\/10\/entete-etapes-sejour-summer.jpg",1200,1200,false]},"uagb_author_info":{"display_name":"redac-calvinthomas","author_link":"https:\/\/www.calvin-thomas.com\/summer-family\/author\/redac-calvinthomas\/"},"uagb_comment_info":0,"uagb_excerpt":"Les grandes \u00e9tapes pr\u00e9-d\u00e9part \u00c7a y est, vous vous \u00eates d\u00e9cid\u00e9. Cette ann\u00e9e sera celle de votre nouvelle aventure ! Maintenant, quoi ? Vous avez d&#8217;importants choix \u00e0 faire. O\u00f9 allez-vous aller ? Pour combien de temps ? Seul ou accompagn\u00e9 ? Tous ces choix \u00e0 faire vous permettront de vous cr\u00e9er un s\u00e9jour \u00e0\u2026","_links":{"self":[{"href":"https:\/\/www.calvin-thomas.com\/summer-family\/wp-json\/wp\/v2\/pages\/171"}],"collection":[{"href":"https:\/\/www.calvin-thomas.com\/summer-family\/wp-json\/wp\/v2\/pages"}],"about":[{"href":"https:\/\/www.calvin-thomas.com\/summer-family\/wp-json\/wp\/v2\/types\/page"}],"author":[{"embeddable":true,"href":"https:\/\/www.calvin-thomas.com\/summer-family\/wp-json\/wp\/v2\/users\/1"}],"replies":[{"embeddable":true,"href":"https:\/\/www.calvin-thomas.com\/summer-family\/wp-json\/wp\/v2\/comments?post=171"}],"version-history":[{"count":0,"href":"https:\/\/www.calvin-thomas.com\/summer-family\/wp-json\/wp\/v2\/pages\/171\/revisions"}],"up":[{"embeddable":true,"href":"https:\/\/www.calvin-thomas.com\/summer-family\/wp-json\/wp\/v2\/pages\/7"}],"wp:featuredmedia":[{"embeddable":true,"href":"https:\/\/www.calvin-thomas.com\/summer-family\/wp-json\/wp\/v2\/media\/220"}],"wp:attachment":[{"href":"https:\/\/www.calvin-thomas.com\/summer-family\/wp-json\/wp\/v2\/media?parent=171"}],"curies":[{"name":"wp","href":"https:\/\/api.w.org\/{rel}","templated":true}]}}