{"id":357,"date":"2019-11-07T16:14:10","date_gmt":"2019-11-07T15:14:10","guid":{"rendered":"https:\/\/www.calvin-thomas.com\/summer-family\/?page_id=357"},"modified":"2025-12-11T11:35:06","modified_gmt":"2025-12-11T10:35:06","slug":"quel-sejour-linguistique-choisir","status":"publish","type":"page","link":"https:\/\/www.calvin-thomas.com\/summer-family\/choisir-son-sejour\/quel-sejour-linguistique-choisir\/","title":{"rendered":"Quel s\u00e9jour choisir ?"},"content":{"rendered":"\n<div style=\"height:50px\" aria-hidden=\"true\" class=\"wp-block-spacer\"><\/div>\n\n\n\n<div class=\"wp-block-columns has-2-columns column-centre is-layout-flex wp-container-core-columns-is-layout-1 wp-block-columns-is-layout-flex\">\n<div class=\"wp-block-column is-layout-flow wp-block-column-is-layout-flow\">\n<h2 class=\"wp-block-heading\">Choisir le s\u00e9jour qui me correspond<\/h2>\n\n\n\n<p>Voici quelques informations qui peuvent aider le participant et ses parents \u00e0 choisir le s\u00e9jour Summer Family qui leur convient le mieux.<\/p>\n\n\n\n<p>Parmi les trois destinations et les diff\u00e9rentes options en Summer Family, le participant est capable de choisir le s\u00e9jour le plus adapt\u00e9 \u00e0 ses besoins\u2026 et ses envies.<\/p>\n<\/div>\n\n\n\n<div class=\"wp-block-column is-layout-flow wp-block-column-is-layout-flow\">\n<ul class=\"liste-menu\">\n<li><a href=\"#formule1\">Voyages accompagn\u00e9s<\/a><\/li>\n\n\n\n<li><a href=\"#formule2\">S\u00e9jours \u00e0 la carte<\/a><\/li>\n\n\n\n<li><a href=\"#formule3\">Voyages avec activit\u00e9s<\/a><\/li>\n\n\n\n<li><a href=\"#formule4\">S\u00e9jours avec cours d&#8217;anglais<\/a><\/li>\n<\/ul>\n<\/div>\n<\/div>\n\n\n\n<div style=\"height:50px\" aria-hidden=\"true\" class=\"wp-block-spacer\"><\/div>\n\n\n<section class=\"section-jauneclair\"><\/p>\n\n\n\n<div class=\"wp-block-columns has-2-columns column-centre align-bas-hauteur is-layout-flex wp-container-core-columns-is-layout-2 wp-block-columns-is-layout-flex\">\n<div class=\"wp-block-column is-layout-flow wp-block-column-is-layout-flow\">\n<p class=\"sub-title\"><strong>VOYAGES ACCOMPAGN\u00c9S<\/strong><\/p>\n\n\n\n<h3 class=\"wp-block-heading\" id=\"formule1\">Une premi\u00e8re exp\u00e9rience de voyage s\u00fbre et rassurante<\/h3>\n\n\n\n<p><strong>Envoyer son enfant \u00e0 l&#8217;\u00e9tranger pour am\u00e9liorer l&#8217;apprentissage d&#8217;une langue est une exp\u00e9rience \u00e0 la fois exaltante et angoissante, surtout si c&#8217;est la premi\u00e8re fois que votre enfant voyage seul hors du nid familial. <\/strong><\/p>\n<\/div>\n\n\n\n<div class=\"wp-block-column is-layout-flow wp-block-column-is-layout-flow\">\n<figure class=\"wp-block-image\"><img loading=\"lazy\" decoding=\"async\" width=\"900\" height=\"526\" src=\"https:\/\/www.calvin-thomas.com\/summer-family\/wp-content\/uploads\/\/sites\/11\/2019\/11\/sejour-ete-accompagne.jpg\" alt=\"un s\u00e9jour d'\u00e9t\u00e9 accompagn\u00e9\" class=\"wp-image-506\" srcset=\"https:\/\/www.calvin-thomas.com\/summer-family\/wp-content\/uploads\/\/sites\/11\/2019\/11\/sejour-ete-accompagne.jpg 900w, https:\/\/www.calvin-thomas.com\/summer-family\/wp-content\/uploads\/\/sites\/11\/2019\/11\/sejour-ete-accompagne-300x175.jpg 300w, https:\/\/www.calvin-thomas.com\/summer-family\/wp-content\/uploads\/\/sites\/11\/2019\/11\/sejour-ete-accompagne-768x449.jpg 768w\" sizes=\"(max-width: 900px) 100vw, 900px\" \/><\/figure>\n<\/div>\n<\/div>\n\n\n\n<div class=\"wp-block-columns has-2-columns column-centre centrer-hauteur is-layout-flex wp-container-core-columns-is-layout-3 wp-block-columns-is-layout-flex\">\n<div class=\"wp-block-column is-layout-flow wp-block-column-is-layout-flow\">\n<h4 class=\"wp-block-heading\">Un s\u00e9jour accompagn\u00e9<\/h4>\n\n\n\n<p>Calvin-Thomas propose des <strong>s\u00e9jours accompagn\u00e9s : <\/strong>: les jeunes sont pris en chargent \u00e0 l\u2019a\u00e9roport de d\u00e9part (Roissy-Charles De Gaulle), sont accompagn\u00e9s pendant la dur\u00e9e du s\u00e9jour, jusqu\u2019au retour \u00e0 l&#8217;a\u00e9roport \u00e0 Paris. <strong> <\/strong><\/p>\n\n\n\n<p>Les accompagnateurs, bilingues et \u00e2g\u00e9s de plus de 23 ans, ont de l&#8217;<strong>exp\u00e9rience en accompagnement<\/strong> et sont <strong>form\u00e9s <\/strong>sp\u00e9cifiquement sur chaque s\u00e9jour. Cela nous permet de vous <strong>garantir la s\u00e9curit\u00e9 de votre enfant <\/strong>pour la dur\u00e9e totale de son s\u00e9jour. Ils sont, une fois sur place, le lien premier entre votre enfant et notre partenaire.<\/p>\n\n\n\n<p>La rencontre se fait \u00e0 l&#8217;a\u00e9roport, le jour du d\u00e9part. Les participants et les parents font la connaissance de l&#8217;accompagnateur, qui aura la garde du groupe jusqu&#8217;\u00e0 leur arriv\u00e9e \u00e0 bon port. Chaque participant aura avec lui le contact de son accompagnateur (t\u00e9l\u00e9phone, email, etc.), ce qui leur permettra de rester en contact lors du s\u00e9jour. <\/p>\n\n\n\n<p>Bien plus qu&#8217;un accompagnement de voyage, notre \u00e9quipe d&#8217;accompagnateurs <strong>guident et conseillent votre enfant <\/strong>pendant toute la dur\u00e9e du s\u00e9jour et restent \u00e0 disposition de celui-ci pour toute question. <\/p>\n\n\n\n<p>Log\u00e9s dans la m\u00eame r\u00e9gion que votre enfant, l&#8217;accompagnateur confit votre enfant \u00e0 sa famille d&#8217;accueil, mais <strong>n&#8217;est jamais loin\u2026<\/strong><\/p>\n<\/div>\n\n\n\n<div class=\"wp-block-column is-layout-flow wp-block-column-is-layout-flow\">\n<figure class=\"wp-block-image\"><img loading=\"lazy\" decoding=\"async\" width=\"900\" height=\"1019\" src=\"https:\/\/www.calvin-thomas.com\/summer-family\/wp-content\/uploads\/\/sites\/11\/2019\/11\/voyage-groupe.jpg\" alt=\"voyage linguistiques de groupe et accompagn\u00e9 \u00e0 l'\u00e9tranger\" class=\"wp-image-511\" srcset=\"https:\/\/www.calvin-thomas.com\/summer-family\/wp-content\/uploads\/\/sites\/11\/2019\/11\/voyage-groupe.jpg 900w, https:\/\/www.calvin-thomas.com\/summer-family\/wp-content\/uploads\/\/sites\/11\/2019\/11\/voyage-groupe-265x300.jpg 265w, https:\/\/www.calvin-thomas.com\/summer-family\/wp-content\/uploads\/\/sites\/11\/2019\/11\/voyage-groupe-768x870.jpg 768w\" sizes=\"(max-width: 900px) 100vw, 900px\" \/><\/figure>\n<\/div>\n<\/div>\n\n\n\n<div style=\"height:50px\" aria-hidden=\"true\" class=\"wp-block-spacer\"><\/div>\n\n\n\n<p class=\"has-text-align-center content-centrer\"><strong>\u2022 \u00c9TATS-UNIS \u2022 <\/strong><\/p>\n\n\n\n<p class=\"has-text-align-center\"><a class=\"btn couleur large\" href=\"https:\/\/www.calvin-thomas.com\/summer-family\/options\/voyage-accompagne\/\">Voir tous nos s\u00e9jours accompagn\u00e9s<\/a><\/p>\n\n\n<p><\/section>\n\n\n<section class=\"section-gris\"><\/p>\n\n\n\n<div class=\"wp-block-columns has-2-columns column-centre align-bas-hauteur is-layout-flex wp-container-core-columns-is-layout-4 wp-block-columns-is-layout-flex\">\n<div class=\"wp-block-column is-layout-flow wp-block-column-is-layout-flow\">\n<figure class=\"wp-block-image\"><img loading=\"lazy\" decoding=\"async\" width=\"900\" height=\"594\" src=\"https:\/\/www.calvin-thomas.com\/summer-family\/wp-content\/uploads\/\/sites\/11\/2019\/12\/sejours-flex.jpg\" alt=\"s\u00e9jours linguistiques flex \u00e0 la carte\" class=\"wp-image-600\" srcset=\"https:\/\/www.calvin-thomas.com\/summer-family\/wp-content\/uploads\/\/sites\/11\/2019\/12\/sejours-flex.jpg 900w, https:\/\/www.calvin-thomas.com\/summer-family\/wp-content\/uploads\/\/sites\/11\/2019\/12\/sejours-flex-300x198.jpg 300w, https:\/\/www.calvin-thomas.com\/summer-family\/wp-content\/uploads\/\/sites\/11\/2019\/12\/sejours-flex-768x507.jpg 768w\" sizes=\"(max-width: 900px) 100vw, 900px\" \/><\/figure>\n<\/div>\n\n\n\n<div class=\"wp-block-column is-layout-flow wp-block-column-is-layout-flow\">\n<p class=\"sub-title\"><strong>S\u00c9JOURS \u00c0 LA CARTE<\/strong><\/p>\n\n\n\n<h3 class=\"wp-block-heading\" id=\"formule2\">Une flexibilit\u00e9, tout l&#8217;\u00e9t\u00e9 durant<\/h3>\n\n\n\n<p><strong>Qui n&#8217;a jamais r\u00eav\u00e9 d&#8217;un d\u00e9part pour un s\u00e9jour immersif, \u00e0 la date de son choix, pour la dur\u00e9e de son choix, dans la r\u00e9gion de son choix ? C&#8217;est ce que Calvin-Thomas garantit avec ces s\u00e9jours \u00e0 la carte. <\/strong><\/p>\n\n\n\n<p><strong>Ces s\u00e9jours offrent une flexibilit\u00e9 sans pareille permettant \u00e0 toutes les familles, y compris celles ayant un agenda compliqu\u00e9, de trouver une solution pour envisager un d\u00e9part pour leurs enfants.<\/strong><\/p>\n<\/div>\n<\/div>\n\n\n\n<div class=\"wp-block-columns has-2-columns column-centre centrer-hauteur is-layout-flex wp-container-core-columns-is-layout-5 wp-block-columns-is-layout-flex\">\n<div class=\"wp-block-column is-layout-flow wp-block-column-is-layout-flow\">\n<figure class=\"wp-block-image\"><img loading=\"lazy\" decoding=\"async\" width=\"775\" height=\"1024\" src=\"https:\/\/www.calvin-thomas.com\/summer-family\/wp-content\/uploads\/\/sites\/11\/2019\/12\/sejours-carte-usa-canada-775x1024.jpg\" alt=\"s\u00e9jour d'\u00e9t\u00e9 flexible aux USA et au Canada\" class=\"wp-image-603\" srcset=\"https:\/\/www.calvin-thomas.com\/summer-family\/wp-content\/uploads\/\/sites\/11\/2019\/12\/sejours-carte-usa-canada-775x1024.jpg 775w, https:\/\/www.calvin-thomas.com\/summer-family\/wp-content\/uploads\/\/sites\/11\/2019\/12\/sejours-carte-usa-canada-227x300.jpg 227w, https:\/\/www.calvin-thomas.com\/summer-family\/wp-content\/uploads\/\/sites\/11\/2019\/12\/sejours-carte-usa-canada-768x1015.jpg 768w, https:\/\/www.calvin-thomas.com\/summer-family\/wp-content\/uploads\/\/sites\/11\/2019\/12\/sejours-carte-usa-canada.jpg 900w\" sizes=\"(max-width: 775px) 100vw, 775px\" \/><\/figure>\n<\/div>\n\n\n\n<div class=\"wp-block-column is-layout-flow wp-block-column-is-layout-flow\">\n<h4 class=\"wp-block-heading\">Une immersion \u00e0 son image<\/h4>\n\n\n\n<p>Chaque jeune peut <strong>choisir<\/strong> \u00e0 sa guise le <strong>nombre de semaines (de 2 \u00e0 10)<\/strong>, la<strong> date de son d\u00e9part<\/strong> entre d\u00e9but juin et fin ao\u00fbt*, et la <strong>destination<\/strong> qui lui pla\u00eet. <\/p>\n\n\n\n<p>Selon l&#8217;envie du participant et son d\u00e9sir de s&#8217;orienter vers un <strong>s\u00e9jour plut\u00f4t nature ou plut\u00f4t urbain<\/strong>, les r\u00e9gions disponibles en Am\u00e9rique du Nord ont chacune <strong>de belles aventures qui attendent les jeunes<\/strong>.<\/p>\n\n\n\n<p><strong>Chaque destination poss\u00e8de \u00e9videmment sa sp\u00e9cificit\u00e9. <\/strong><br>En Am\u00e9rique du Nord, les \u00e9t\u00e9s sont plus chauds sur la c\u00f4te Ouest et vers le Sud du continent. <br><strong>Le Canada est un pays accueillant,<\/strong> o\u00f9 le sirop d&#8217;\u00e9rable coule \u00e0 flots et o\u00f9 les habitants ouvrent les portes de leur maison aux participants sans jugement, avec le d\u00e9sir de partager leur culture, la nature si abondante, et leur constante bonne humeur ! <br><strong>En Am\u00e9rique, l&#8217;accueil se fait sans fanfare. <\/strong>Int\u00e9gr\u00e9 dans la culture depuis des ann\u00e9es, l&#8217;accueil d&#8217;\u00e9tudiants \u00e9trangers est une seconde nature pour les familles am\u00e9ricaines, qui ouvrent leur c\u0153ur, et font une place dans leur famille pour votre enfant. <\/p>\n\n\n\n<div style=\"height:20px\" aria-hidden=\"true\" class=\"wp-block-spacer\"><\/div>\n\n\n\n<p class=\"has-small-font-size\"><em>*Certaines destinations ne sont disponibles qu&#8217;\u00e0 partir de mi-juin, et certaines ferment leurs portes mi-ao\u00fbt. Voir le planning sur le site pour les disponibilit\u00e9s. Il faut savoir qu&#8217;en Am\u00e9rique du Nord notamment, les cours reprennent mi-ao\u00fbt pour la plupart, ce qui explique la fermeture de certaines destinations \u00e0 cette p\u00e9riode. Les familles reprennent leur rythme scolaire et ne sont parfois plus en mesure d&#8217;accueillir.<\/em><\/p>\n\n\n\n<div style=\"height:20px\" aria-hidden=\"true\" class=\"wp-block-spacer\"><\/div>\n<\/div>\n<\/div>\n\n\n\n<p class=\"has-text-align-center column-centre cadre-jaune\"><strong>L\u2019OPTION \u201cDOUBLE STAY\u201d<\/strong><br>Cette option ouvre la possibilit\u00e9 de cumuler deux s\u00e9jours en un. Par exemple, de passer \u201cX\u201d semaines dans une r\u00e9gion et \u201cX\u201d semaines dans une autre. Cette option est applicable \u00e0 tous les s\u00e9jours \u201c\u00e0 la carte\u201d, en fonction des dates et des disponibilit\u00e9s.<br>Toutes les combinaisons sont possibles. Le participant met en place l\u2019option \u201cDouble Stay\u201d en collaboration avec Calvin-Thomas, en fonction de ses souhaits, ses attentes et ses disponibilit\u00e9s. <br>Le co\u00fbt de cette option est \u00e9tabli en additionnant les deux s\u00e9jours choisis, et en soustrayant 300\u20ac (somme qui correspond \u00e0 l\u2019\u00e9conomie r\u00e9alis\u00e9e). Par exemple pour un s\u00e9jour de 4 semaines dans le Colorado, puis 3 semaines sur la C\u00f4te Est, le co\u00fbt du voyage complet est de 4220\u20ac.<\/p>\n\n\n\n<p><br><\/p>\n\n\n\n<div style=\"height:50px\" aria-hidden=\"true\" class=\"wp-block-spacer\"><\/div>\n\n\n\n<p class=\"has-text-align-center content-centrer\"><strong>\u2022 \u00c9TATS-UNIS \u2022 CANADA \u2022<\/strong><\/p>\n\n\n\n<p class=\"has-text-align-center\"><a href=\"https:\/\/www.calvin-thomas.com\/summer-family\/options\/sejour-a-la-carte\/\" class=\"btn couleur large\">Voir tous nos s\u00e9jours \u00e0 la carte<\/a><\/p>\n\n\n<p><\/section>\n\n\n<section class=\"section-beige\"><\/p>\n\n\n\n<div class=\"wp-block-columns has-2-columns column-centre is-layout-flex wp-container-core-columns-is-layout-6 wp-block-columns-is-layout-flex\">\n<div class=\"wp-block-column is-layout-flow wp-block-column-is-layout-flow\">\n<p class=\"sub-title\"><strong>VOYAGES AVEC ACTIVIT\u00c9S<\/strong><\/p>\n\n\n\n<h3 class=\"wp-block-heading\" id=\"formule3\">Un s\u00e9jour actif et informatif<\/h3>\n\n\n\n<p><strong>Un s\u00e9jour en immersion, oui, mais des activit\u00e9s touristiques en plus ! Les s\u00e9jours avec activit\u00e9s tel que le California Dream est un parfait exemple d&#8217;un voyage qui allie vacances, immersion linguistique et visites touristiques. <\/strong><\/p>\n\n\n\n<p><strong>Ces s\u00e9jours sont un package complet, permettant au jeune de ne rien rater de son exp\u00e9rience.<\/strong><\/p>\n<\/div>\n\n\n\n<div class=\"wp-block-column is-layout-flow wp-block-column-is-layout-flow\">\n<figure class=\"wp-block-image\"><img loading=\"lazy\" decoding=\"async\" width=\"900\" height=\"577\" src=\"https:\/\/www.calvin-thomas.com\/summer-family\/wp-content\/uploads\/\/sites\/11\/2019\/11\/sejour-activite.jpg\" alt=\"s\u00e9jour d'\u00e9t\u00e9 \u00e0 l'\u00e9tranger avec activit\u00e9s\" class=\"wp-image-517\" srcset=\"https:\/\/www.calvin-thomas.com\/summer-family\/wp-content\/uploads\/\/sites\/11\/2019\/11\/sejour-activite.jpg 900w, https:\/\/www.calvin-thomas.com\/summer-family\/wp-content\/uploads\/\/sites\/11\/2019\/11\/sejour-activite-300x192.jpg 300w, https:\/\/www.calvin-thomas.com\/summer-family\/wp-content\/uploads\/\/sites\/11\/2019\/11\/sejour-activite-768x492.jpg 768w\" sizes=\"(max-width: 900px) 100vw, 900px\" \/><\/figure>\n<\/div>\n<\/div>\n\n\n\n<div class=\"wp-block-columns has-2-columns column-centre is-layout-flex wp-container-core-columns-is-layout-7 wp-block-columns-is-layout-flex\">\n<div class=\"wp-block-column is-layout-flow wp-block-column-is-layout-flow\">\n<h4 class=\"wp-block-heading\" id=\"formule3\">Une d\u00e9couverte sur plusieurs niveaux<\/h4>\n\n\n\n<p>En tant que mineur, difficile de quitter sa famille d&#8217;accueil pour faire son touriste seul. Ces s\u00e9jours avec activit\u00e9s permettent aux jeunes de <strong>d\u00e9couvrir non seulement la culture, la nourriture et le langage local<\/strong> via sa famille d&#8217;accueil, mais \u00e9galement <strong>la d\u00e9couverte g\u00e9ographique de sa r\u00e9gion d&#8217;accueil<\/strong>. <\/p>\n\n\n\n<p><strong>Des sites touristiques ind\u00e9modables aux visites plus in\u00e9dites<\/strong>, ces activit\u00e9s sont un moyen d&#8217;aller \u00e0 la rencontre de son lieu de vie et d&#8217;en d\u00e9couvrir les secrets.<\/p>\n\n\n\n<p>Guid\u00e9s par les accompagnateurs et le partenaire lors des excursions, ces <strong>visites se font en groupe, sont enti\u00e8rement inclues dans le prix<\/strong> (sauf argent de poche, bien s\u00fbr), <strong>et sont bien encadr\u00e9es<\/strong>. Le jeune profite donc de l\u2019opportunit\u00e9 pour se faire des amis, s\u2019\u00e9duquer sur son pays d\u2019accueil tout en profitant de son s\u00e9jour au maximum.<\/p>\n<\/div>\n\n\n\n<div class=\"wp-block-column is-layout-flow wp-block-column-is-layout-flow\">\n<figure class=\"wp-block-image\"><img loading=\"lazy\" decoding=\"async\" width=\"900\" height=\"730\" src=\"https:\/\/www.calvin-thomas.com\/summer-family\/wp-content\/uploads\/\/sites\/11\/2019\/11\/excursions-activites.jpg\" alt=\"vacances \u00e0 l'\u00e9tranger avec un programme d'activit\u00e9s et d'excursions\" class=\"wp-image-519\" srcset=\"https:\/\/www.calvin-thomas.com\/summer-family\/wp-content\/uploads\/\/sites\/11\/2019\/11\/excursions-activites.jpg 900w, https:\/\/www.calvin-thomas.com\/summer-family\/wp-content\/uploads\/\/sites\/11\/2019\/11\/excursions-activites-300x243.jpg 300w, https:\/\/www.calvin-thomas.com\/summer-family\/wp-content\/uploads\/\/sites\/11\/2019\/11\/excursions-activites-768x623.jpg 768w\" sizes=\"(max-width: 900px) 100vw, 900px\" \/><\/figure>\n<\/div>\n<\/div>\n\n\n\n<div style=\"height:50px\" aria-hidden=\"true\" class=\"wp-block-spacer\"><\/div>\n\n\n\n<p class=\"has-text-align-center\"><strong>\u2022 \u00c9TATS-UNIS \u2022 ROYAUME-UNI \u2022<\/strong> <strong>CANADA \u2022<\/strong><\/p>\n\n\n\n<p class=\"has-text-align-center\"><a class=\"btn couleur large\" href=\"https:\/\/www.calvin-thomas.com\/summer-family\/options\/activites-visites\/\">Voir tous nos s\u00e9jours avec activit\u00e9s<\/a><\/p>\n\n\n<p><\/section>\n\n\n<section class=\"section-gris\"><\/p>\n\n\n\n<div class=\"wp-block-columns has-2-columns column-centre align-bas-hauteur is-layout-flex wp-container-core-columns-is-layout-8 wp-block-columns-is-layout-flex\">\n<div class=\"wp-block-column is-layout-flow wp-block-column-is-layout-flow\">\n<figure class=\"wp-block-image\"><img loading=\"lazy\" decoding=\"async\" width=\"894\" height=\"624\" src=\"https:\/\/www.calvin-thomas.com\/summer-family\/wp-content\/uploads\/\/sites\/11\/2019\/11\/cours-anglais-ete.jpg\" alt=\"cours d'anglais durant l'\u00e9t\u00e9\" class=\"wp-image-523\" srcset=\"https:\/\/www.calvin-thomas.com\/summer-family\/wp-content\/uploads\/\/sites\/11\/2019\/11\/cours-anglais-ete.jpg 894w, https:\/\/www.calvin-thomas.com\/summer-family\/wp-content\/uploads\/\/sites\/11\/2019\/11\/cours-anglais-ete-300x209.jpg 300w, https:\/\/www.calvin-thomas.com\/summer-family\/wp-content\/uploads\/\/sites\/11\/2019\/11\/cours-anglais-ete-768x536.jpg 768w\" sizes=\"(max-width: 894px) 100vw, 894px\" \/><\/figure>\n<\/div>\n\n\n\n<div class=\"wp-block-column is-layout-flow wp-block-column-is-layout-flow\">\n<p class=\"sub-title\"><strong>S\u00c9JOURS AVEC COURS D&#8217;ANGLAIS<\/strong><\/p>\n\n\n\n<h3 class=\"wp-block-heading\" id=\"formule4\">Une exp\u00e9rience linguistique avantageuse<\/h3>\n\n\n\n<p><strong>Des cours d&#8217;anglais en plus de l&#8217;immersion pour un s\u00e9jour linguistique fructueux, c&#8217;est que Calvin-Thomas propose. <\/strong><\/p>\n\n\n\n<p><strong>\u00c0 New York, Boston, Bath ou Exeter, donnez \u00e0 vos enfants l&#8217;opportunit\u00e9 de lier immersion linguistique, activit\u00e9s et cours. Ces s\u00e9jours sont sans doute les plus complets, et les plus intenses de notre programme. <\/strong><\/p>\n<\/div>\n<\/div>\n\n\n\n<div class=\"wp-block-columns has-2-columns column-centre centrer-hauteur is-layout-flex wp-container-core-columns-is-layout-9 wp-block-columns-is-layout-flex\">\n<div class=\"wp-block-column is-layout-flow wp-block-column-is-layout-flow\">\n<figure class=\"wp-block-image\"><img loading=\"lazy\" decoding=\"async\" width=\"900\" height=\"679\" src=\"https:\/\/www.calvin-thomas.com\/summer-family\/wp-content\/uploads\/\/sites\/11\/2019\/11\/apprendre-anglais.jpg\" alt=\"apprendre l'anglais en immersion\" class=\"wp-image-525\" srcset=\"https:\/\/www.calvin-thomas.com\/summer-family\/wp-content\/uploads\/\/sites\/11\/2019\/11\/apprendre-anglais.jpg 900w, https:\/\/www.calvin-thomas.com\/summer-family\/wp-content\/uploads\/\/sites\/11\/2019\/11\/apprendre-anglais-300x226.jpg 300w, https:\/\/www.calvin-thomas.com\/summer-family\/wp-content\/uploads\/\/sites\/11\/2019\/11\/apprendre-anglais-768x579.jpg 768w\" sizes=\"(max-width: 900px) 100vw, 900px\" \/><\/figure>\n<\/div>\n\n\n\n<div class=\"wp-block-column is-layout-flow wp-block-column-is-layout-flow\">\n<h4 class=\"wp-block-heading\">Un apprentissage original<\/h4>\n\n\n\n<p>Optez pour une <strong>exp\u00e9rience ludique<\/strong> mettant en exergue l&#8217;<strong>aspect \u00e9ducatif du s\u00e9jour<\/strong>. Des<strong> cours d&#8217;anglais<\/strong> sont men\u00e9s par des <strong>professeurs sp\u00e9cialis\u00e9s dans des \u00e9coles de langues<\/strong> le matin. Ces cours sont suivis de visites et d&#8217;activit\u00e9s plus ludiques en apr\u00e8s-midi au cours desquels les jeunes peuvent <strong>mettre en pratique leurs le\u00e7ons quotidiennes<\/strong>.<\/p>\n\n\n\n<p><strong>Avec cet agenda bien charg\u00e9<\/strong>, le jeune est occup\u00e9 du d\u00e9but \u00e0 la fin de sa semaine. Le week-end, et selon le s\u00e9jour choisi, le jeune profite d&#8217;une <strong>journ\u00e9e enti\u00e8re d&#8217;excursion touristique<\/strong> le samedi, et profite de son dimanche avec sa <strong>famille d&#8217;accueil<\/strong>. C&#8217;est un programme id\u00e9al pour un participant actif, int\u00e9ress\u00e9 par son pays d&#8217;accueil et ayant la volont\u00e9 d&#8217;<strong>approfondir son apprentissage<\/strong>, au-del\u00e0 de sa famille d&#8217;accueil, sa culture, et ses sites culturels, d&#8217;une langue riche et complexe.<\/p>\n<\/div>\n<\/div>\n\n\n\n<div style=\"height:50px\" aria-hidden=\"true\" class=\"wp-block-spacer\"><\/div>\n\n\n\n<p class=\"has-text-align-center content-centrer\"><strong>\u2022 \u00c9TATS-UNIS \u2022 ROYAUME-UNI \u2022 CANADA \u2022<\/strong><\/p>\n\n\n\n<p class=\"has-text-align-center\"><a href=\"https:\/\/www.calvin-thomas.com\/summer-family\/options\/cours-anglais\/\" class=\"btn couleur large\">Voir tous nos s\u00e9jours avec des cours d&#8217;anglais<\/a><\/p>\n\n\n<p><\/section>\n\n\n\n<div style=\"height:50px\" aria-hidden=\"true\" class=\"wp-block-spacer\"><\/div>\n","protected":false},"excerpt":{"rendered":"<p>Choisir le s\u00e9jour qui me correspond<\/p>\n<p>Voici quelques informations qui peuvent aider le participant et ses parents \u00e0 choisir le s\u00e9jour Summer Family qui leur convient le mieux.<\/p>\n<p>Parmi les trois destinations et les diff\u00e9rentes options en Summer Family, le participant est capable de choisir le s\u00e9jour le plus adapt\u00e9 \u00e0 ses besoins\u2026 et ses envies.<\/p>\n<ul class=\"liste-menu\">\n<li><a href=\"#formule1\">Voyages accompagn\u00e9s<\/a><\/li>\n<li><a href=\"#formule2\">S\u00e9jours \u00e0 la carte<\/a><\/li>\n<li><a href=\"#formule3\">Voyages avec activit\u00e9s<\/a><\/li>\n<li><a href=\"#formule4\">S\u00e9jours avec cours d&#8217;anglais<\/a><\/li>\n<\/ul>\n<p> <a class=\"btn couleur large\" href=\"https:\/\/www.calvin-thomas.com\/summer-family\/choisir-son-sejour\/quel-sejour-linguistique-choisir\/\">EN SAVOIR PLUS <\/a><\/p>\n","protected":false},"author":1,"featured_media":390,"parent":13,"menu_order":0,"comment_status":"closed","ping_status":"closed","template":"","meta":{"_uag_custom_page_level_css":"","wp_popup_display_lightbox":0,"wp_popup_suppress":"","wp_popup_trigger":"","wp_popup_trigger_amount":0,"wp_popup_disable_on_mobile":false},"uagb_featured_image_src":{"full":["https:\/\/www.calvin-thomas.com\/summer-family\/wp-content\/uploads\/\/sites\/11\/2019\/11\/entete-sejour.jpg",1200,1200,false],"thumbnail":["https:\/\/www.calvin-thomas.com\/summer-family\/wp-content\/uploads\/\/sites\/11\/2019\/11\/entete-sejour-150x150.jpg",150,150,true],"medium":["https:\/\/www.calvin-thomas.com\/summer-family\/wp-content\/uploads\/\/sites\/11\/2019\/11\/entete-sejour-300x300.jpg",300,300,true],"medium_large":["https:\/\/www.calvin-thomas.com\/summer-family\/wp-content\/uploads\/\/sites\/11\/2019\/11\/entete-sejour-768x768.jpg",640,640,true],"large":["https:\/\/www.calvin-thomas.com\/summer-family\/wp-content\/uploads\/\/sites\/11\/2019\/11\/entete-sejour-1024x1024.jpg",640,640,true],"1536x1536":["https:\/\/www.calvin-thomas.com\/summer-family\/wp-content\/uploads\/\/sites\/11\/2019\/11\/entete-sejour.jpg",1200,1200,false],"2048x2048":["https:\/\/www.calvin-thomas.com\/summer-family\/wp-content\/uploads\/\/sites\/11\/2019\/11\/entete-sejour.jpg",1200,1200,false]},"uagb_author_info":{"display_name":"redac-calvinthomas","author_link":"https:\/\/www.calvin-thomas.com\/summer-family\/author\/redac-calvinthomas\/"},"uagb_comment_info":0,"uagb_excerpt":"Choisir le s\u00e9jour qui me correspond Voici quelques informations qui peuvent aider le participant et ses parents \u00e0 choisir le s\u00e9jour Summer Family qui leur convient le mieux. Parmi les trois destinations et les diff\u00e9rentes options en Summer Family, le participant est capable de choisir le s\u00e9jour le plus adapt\u00e9 \u00e0 ses besoins\u2026 et ses\u2026","_links":{"self":[{"href":"https:\/\/www.calvin-thomas.com\/summer-family\/wp-json\/wp\/v2\/pages\/357"}],"collection":[{"href":"https:\/\/www.calvin-thomas.com\/summer-family\/wp-json\/wp\/v2\/pages"}],"about":[{"href":"https:\/\/www.calvin-thomas.com\/summer-family\/wp-json\/wp\/v2\/types\/page"}],"author":[{"embeddable":true,"href":"https:\/\/www.calvin-thomas.com\/summer-family\/wp-json\/wp\/v2\/users\/1"}],"replies":[{"embeddable":true,"href":"https:\/\/www.calvin-thomas.com\/summer-family\/wp-json\/wp\/v2\/comments?post=357"}],"version-history":[{"count":1,"href":"https:\/\/www.calvin-thomas.com\/summer-family\/wp-json\/wp\/v2\/pages\/357\/revisions"}],"predecessor-version":[{"id":967,"href":"https:\/\/www.calvin-thomas.com\/summer-family\/wp-json\/wp\/v2\/pages\/357\/revisions\/967"}],"up":[{"embeddable":true,"href":"https:\/\/www.calvin-thomas.com\/summer-family\/wp-json\/wp\/v2\/pages\/13"}],"wp:featuredmedia":[{"embeddable":true,"href":"https:\/\/www.calvin-thomas.com\/summer-family\/wp-json\/wp\/v2\/media\/390"}],"wp:attachment":[{"href":"https:\/\/www.calvin-thomas.com\/summer-family\/wp-json\/wp\/v2\/media?parent=357"}],"curies":[{"name":"wp","href":"https:\/\/api.w.org\/{rel}","templated":true}]}}