{"id":9,"date":"2019-10-01T09:57:35","date_gmt":"2019-10-01T07:57:35","guid":{"rendered":"https:\/\/www.calvin-thomas.com\/summer-family\/?page_id=9"},"modified":"2025-01-23T16:38:40","modified_gmt":"2025-01-23T15:38:40","slug":"contacts-reunions-conseillers-summer-family","status":"publish","type":"page","link":"https:\/\/www.calvin-thomas.com\/summer-family\/informations-pratiques\/contacts-reunions-conseillers-summer-family\/","title":{"rendered":"Contactez-nous et rencontrons-nous"},"content":{"rendered":"\n<div style=\"height:50px\" aria-hidden=\"true\" class=\"wp-block-spacer\"><\/div>\n\n\n\n<div class=\"wp-block-columns has-2-columns column-centre is-layout-flex wp-container-core-columns-is-layout-1 wp-block-columns-is-layout-flex\">\n<div class=\"wp-block-column is-layout-flow wp-block-column-is-layout-flow\">\n<h2 class=\"wp-block-heading\">Des questions ?<\/h2>\n\n\n\n<p>Vous trouverez, ci-dessous, la liste des  conseillers des programmes Summer Family. N&#8217;h\u00e9sitez pas \u00e0 les contacter si vous  n&#8217;avez pas trouv\u00e9 les r\u00e9ponses \u00e0 vos questions dans notre&nbsp;FAQ&nbsp;et si vous souhaitez des informations compl\u00e9mentaires sur les s\u00e9jours.<br><\/p>\n<\/div>\n\n\n\n<div class=\"wp-block-column is-layout-flow wp-block-column-is-layout-flow\">\n<ul class=\"liste-menu\">\n<li><a href=\"#section1\">Contacter le bureau national \u201cSummer Family\u201d Calvin-Thomas<\/a><\/li>\n\n\n\n<li><a href=\"#section2\">Contacter un conseiller pr\u00e8s de chez vous, en r\u00e9gion<\/a><\/li>\n\n\n\n<li><a href=\"#section3\">Participer \u00e0 une r\u00e9union d&#8217;information<\/a><\/li>\n<\/ul>\n<\/div>\n<\/div>\n\n\n\n<div style=\"height:50px\" aria-hidden=\"true\" class=\"wp-block-spacer\"><\/div>\n\n\n<section class=\"section-jauneclair\"><\/p>\n\n\n\n<div class=\"wp-block-columns has-2-columns column-centre is-layout-flex wp-container-core-columns-is-layout-2 wp-block-columns-is-layout-flex\">\n<div class=\"wp-block-column is-layout-flow wp-block-column-is-layout-flow\">\n<p class=\"sub-title\"><strong>Calvin-Thomas<\/strong><\/p>\n\n\n\n<h3 class=\"wp-block-heading\" id=\"section1\">Contacter le bureau national \u201cSummer Family\u201d Calvin-Thomas<br><\/h3>\n\n\n\n<p><strong>Claire, responsable du programme Summer Family, est \u00e0 votre disposition au :<\/strong><\/p>\n\n\n\n<div style=\"height:50px\" aria-hidden=\"true\" class=\"wp-block-spacer\"><\/div>\n\n\n\n<p>T\u00e9l\u00e9phone : 04 42 91 31 01<br>Mail : summer(at)calvin-thomas.com<br><\/p>\n<\/div>\n\n\n\n<div class=\"wp-block-column is-layout-flow wp-block-column-is-layout-flow\">\n<p><\/p>\n<\/div>\n<\/div>\n\n\n\n<div style=\"height:50px\" aria-hidden=\"true\" class=\"wp-block-spacer\"><\/div>\n\n\n<p><\/section>\n\n\n<section class=\"section-gris\"><\/p>\n\n\n\n<div class=\"wp-block-columns has-2-columns column-centre is-layout-flex wp-container-core-columns-is-layout-3 wp-block-columns-is-layout-flex\">\n<div class=\"wp-block-column is-layout-flow wp-block-column-is-layout-flow\"><div class=\"wp-block-image\">\n<figure class=\"aligncenter\"><img decoding=\"async\" src=\"https:\/\/www.calvin-thomas.com\/summer-family\/wp-content\/uploads\/\/sites\/11\/2020\/12\/reseau-summerfamily.jpg\" alt=\"contact des conseillers Summer Family en France\" class=\"wp-image-557\"\/><\/figure><\/div><\/div>\n\n\n\n<div class=\"wp-block-column is-layout-flow wp-block-column-is-layout-flow\">\n<p class=\"sub-title\"><strong>R\u00e9seau Calvin-Thomas France<\/strong><\/p>\n\n\n\n<h3 class=\"wp-block-heading\" id=\"section2\">Contacter un conseiller pr\u00e8s de chez vous<br><\/h3>\n\n\n\n<p><strong>Vous trouverez, ci-dessous, les conseillers et correspondants Summer Family en r\u00e9gion. N&#8217;h\u00e9sitez pas \u00e0 les contacter notamment si vous souhaitez des informations compl\u00e9mentaires sur nos s\u00e9jours. Ce sont tous d&#8217;anciens participants du programme et pourront vous raconter leurs exp\u00e9riences personnelles&#8230;<\/strong><\/p>\n<\/div>\n<\/div>\n\n\n\n<div class=\"wp-block-columns has-2-columns column-centre is-layout-flex wp-container-core-columns-is-layout-4 wp-block-columns-is-layout-flex\">\n<div class=\"wp-block-column is-layout-flow wp-block-column-is-layout-flow\">\n<h4 class=\"wp-block-heading\"><strong>BIARRITZ &amp; R\u00c9GION SUD-OUEST<\/strong><\/h4>\n\n\n\n<p><strong>Anne-Sophie M. <\/strong> <br>T\u00e9l\u00e9phone : 07 82 51 17 67  <br>Mail : <a href=\"mailto:annesophie.calvinthomas@gmail.com\" target=\"_blank\" rel=\"noopener\">annesophie.calvinthomas(at)gmail.com \n<\/a><\/p>\n<\/div>\n\n\n\n<div class=\"wp-block-column is-layout-flow wp-block-column-is-layout-flow\">\n<h4 class=\"wp-block-heading\"><strong>LYON &amp; R\u00c9GION RH\u00d4NE ALPES-AUVERGNE<\/strong><\/h4>\n\n\n\n<p><strong>Marie-Caroline S.<\/strong> <br>T\u00e9l\u00e9phone : 06 61 44 73 65<br>Mail : <a rel=\"noopener\" href=\"mailto:mc.suplisson@orange.fr\" target=\"_blank\">mc.suplisson(at)orange.fr <\/a><\/p>\n\n\n\n<h4 class=\"wp-block-heading\"><strong>SP\u00c9CIALISTE&nbsp;AUSTRALIE<\/strong>   <\/h4>\n\n\n\n<p><strong>Julie T.<\/strong> <br>T\u00e9l\u00e9phone : 06 26 97 73 83<br>Mail : <a rel=\"noopener\" href=\"mailto:julietillard.calvinthomas@gmail.com\" target=\"_blank\">julietillard.calvinthomas(at)gmail.com<\/a><\/p>\n<\/div>\n<\/div>\n\n\n<p><\/section>\n\n\n<section class=\"section-beige\"><\/p>\n\n\n\n<div class=\"wp-block-columns has-2-columns column-centre is-layout-flex wp-container-core-columns-is-layout-5 wp-block-columns-is-layout-flex\">\n<div class=\"wp-block-column is-layout-flow wp-block-column-is-layout-flow\">\n<p class=\"sub-title\"><strong>\u00c9V\u00c9NEMENTS<\/strong><\/p>\n\n\n\n<h3 class=\"wp-block-heading\" id=\"section3\">Participer \u00e0 une r\u00e9union d&#8217;information<br><\/h3>\n\n\n\n<p><strong>Les r\u00e9unions d&#8217;information \u201cSummer Family\u201d nous donnent la possibilit\u00e9 de vous pr\u00e9senter les s\u00e9jour d&#8217;\u00e9t\u00e9 de mani\u00e8re plus d\u00e9taill\u00e9e et plus personnelle. <br>Ces r\u00e9unions permettent de compl\u00e9ter l&#8217;information d\u00e9livr\u00e9e dans notre brochure et sur notre site internet. Calvin-Thomas est pr\u00e9sent \u00e9galement, de fa\u00e7on r\u00e9guli\u00e8re, sur des salons nationaux ou r\u00e9gionaux. <\/strong><\/p>\n<\/div>\n\n\n\n<div class=\"wp-block-column is-layout-flow wp-block-column-is-layout-flow\"><div class=\"wp-block-image\">\n<figure class=\"aligncenter\"><img decoding=\"async\" src=\"https:\/\/www.calvin-thomas.com\/summer-family\/wp-content\/uploads\/\/sites\/11\/2019\/10\/reunion-information-summerfamily.jpg\" alt=\"r\u00e9union d'information sur le programme Summer Family - S\u00e9jour d'\u00e9t\u00e9 \u00e0 l'\u00e9tranger\" class=\"wp-image-142\"\/><\/figure><\/div><\/div>\n<\/div>\n\n\n\n<div class=\"wp-block-columns has-2-columns column-centre is-layout-flex wp-container-core-columns-is-layout-6 wp-block-columns-is-layout-flex\">\n<div class=\"wp-block-column is-layout-flow wp-block-column-is-layout-flow\">\n<h4 class=\"wp-block-heading\" id=\"mce_125\">Les r\u00e9unions d&#8217;information en visioconf\u00e9rence (sur Zoom)<\/h4>\n\n\n\n<div style=\"height:20px\" aria-hidden=\"true\" class=\"wp-block-spacer\"><\/div>\n\n\n\n<h5 class=\"wp-block-heading cadre-blanc\">Webinaire de pr\u00e9sentation tous les mercredis, \u00e0 11h<\/h5>\n\n\n\n<p class=\"cadre-blanc\">\u2022 &nbsp;<a href=\"https:\/\/us06web.zoom.us\/meeting\/register\/tZAvdeiuqjotG9a_hHIPr3uNgN00cVVrll_-#\/registration\" target=\"_blank\" rel=\"noreferrer noopener\">inscrivez-vous ici !<\/a><\/p>\n\n\n\n<div style=\"height:10px\" aria-hidden=\"true\" class=\"wp-block-spacer\"><\/div>\n<\/div>\n\n\n\n<div class=\"wp-block-column is-layout-flow wp-block-column-is-layout-flow\">\n<p><\/p>\n<\/div>\n<\/div>\n\n\n\n<div style=\"height:100px\" aria-hidden=\"true\" class=\"wp-block-spacer\"><\/div>\n\n\n\n<div class=\"wp-block-columns has-2-columns column-centre is-layout-flex wp-container-core-columns-is-layout-7 wp-block-columns-is-layout-flex\">\n<div class=\"wp-block-column is-layout-flow wp-block-column-is-layout-flow\">\n<h4 class=\"wp-block-heading\" id=\"mce_125\">Les salons nationaux et r\u00e9gionaux<\/h4>\n\n\n\n<h5 class=\"wp-block-heading cadre-blanc\">NC<br><\/h5>\n<\/div>\n\n\n\n<div class=\"wp-block-column is-layout-flow wp-block-column-is-layout-flow\">\n<div style=\"height:50px\" aria-hidden=\"true\" class=\"wp-block-spacer\"><\/div>\n<\/div>\n<\/div>\n\n\n<p><\/section>\n\n\n\n<div style=\"height:50px\" aria-hidden=\"true\" class=\"wp-block-spacer\"><\/div>\n","protected":false},"excerpt":{"rendered":"<p>Des questions ?<\/p>\n<p>Vous trouverez, ci-dessous, la liste des  conseillers des programmes Summer Family. N&#8217;h\u00e9sitez pas \u00e0 les contacter si vous  n&#8217;avez pas trouv\u00e9 les r\u00e9ponses \u00e0 vos questions dans notre&nbsp;FAQ&nbsp;et si vous souhaitez des informations compl\u00e9mentaires sur les s\u00e9jours.<\/p>\n<ul class=\"liste-menu\">\n<li><a href=\"#section1\">Contacter le bureau national \u201cSummer Family\u201d Calvin-Thomas<\/a><\/li>\n<li><a href=\"#section2\">Contacter un conseiller pr\u00e8s de chez vous, en r\u00e9gion<\/a><\/li>\n<li><a href=\"#section3\">Participer \u00e0 une r\u00e9union d&#8217;information<\/a><\/li>\n<\/ul>\n<p> <a class=\"btn couleur large\" href=\"https:\/\/www.calvin-thomas.com\/summer-family\/informations-pratiques\/contacts-reunions-conseillers-summer-family\/\">EN SAVOIR PLUS <\/a><\/p>\n","protected":false},"author":1,"featured_media":221,"parent":7,"menu_order":0,"comment_status":"closed","ping_status":"closed","template":"","meta":{"_uag_custom_page_level_css":"","wp_popup_display_lightbox":0,"wp_popup_suppress":"","wp_popup_trigger":"","wp_popup_trigger_amount":0,"wp_popup_disable_on_mobile":false},"uagb_featured_image_src":{"full":["https:\/\/www.calvin-thomas.com\/summer-family\/wp-content\/uploads\/\/sites\/11\/2019\/10\/entete-contact.jpg",1200,1200,false],"thumbnail":["https:\/\/www.calvin-thomas.com\/summer-family\/wp-content\/uploads\/\/sites\/11\/2019\/10\/entete-contact-150x150.jpg",150,150,true],"medium":["https:\/\/www.calvin-thomas.com\/summer-family\/wp-content\/uploads\/\/sites\/11\/2019\/10\/entete-contact-300x300.jpg",300,300,true],"medium_large":["https:\/\/www.calvin-thomas.com\/summer-family\/wp-content\/uploads\/\/sites\/11\/2019\/10\/entete-contact-768x768.jpg",640,640,true],"large":["https:\/\/www.calvin-thomas.com\/summer-family\/wp-content\/uploads\/\/sites\/11\/2019\/10\/entete-contact-1024x1024.jpg",640,640,true],"1536x1536":["https:\/\/www.calvin-thomas.com\/summer-family\/wp-content\/uploads\/\/sites\/11\/2019\/10\/entete-contact.jpg",1200,1200,false],"2048x2048":["https:\/\/www.calvin-thomas.com\/summer-family\/wp-content\/uploads\/\/sites\/11\/2019\/10\/entete-contact.jpg",1200,1200,false]},"uagb_author_info":{"display_name":"redac-calvinthomas","author_link":"https:\/\/www.calvin-thomas.com\/summer-family\/author\/redac-calvinthomas\/"},"uagb_comment_info":0,"uagb_excerpt":"Des questions ? Vous trouverez, ci-dessous, la liste des conseillers des programmes Summer Family. N&#8217;h\u00e9sitez pas \u00e0 les contacter si vous n&#8217;avez pas trouv\u00e9 les r\u00e9ponses \u00e0 vos questions dans notre&nbsp;FAQ&nbsp;et si vous souhaitez des informations compl\u00e9mentaires sur les s\u00e9jours. Contacter le bureau national \u201cSummer Family\u201d Calvin-Thomas Contacter un conseiller pr\u00e8s de chez vous, en\u2026","_links":{"self":[{"href":"https:\/\/www.calvin-thomas.com\/summer-family\/wp-json\/wp\/v2\/pages\/9"}],"collection":[{"href":"https:\/\/www.calvin-thomas.com\/summer-family\/wp-json\/wp\/v2\/pages"}],"about":[{"href":"https:\/\/www.calvin-thomas.com\/summer-family\/wp-json\/wp\/v2\/types\/page"}],"author":[{"embeddable":true,"href":"https:\/\/www.calvin-thomas.com\/summer-family\/wp-json\/wp\/v2\/users\/1"}],"replies":[{"embeddable":true,"href":"https:\/\/www.calvin-thomas.com\/summer-family\/wp-json\/wp\/v2\/comments?post=9"}],"version-history":[{"count":0,"href":"https:\/\/www.calvin-thomas.com\/summer-family\/wp-json\/wp\/v2\/pages\/9\/revisions"}],"up":[{"embeddable":true,"href":"https:\/\/www.calvin-thomas.com\/summer-family\/wp-json\/wp\/v2\/pages\/7"}],"wp:featuredmedia":[{"embeddable":true,"href":"https:\/\/www.calvin-thomas.com\/summer-family\/wp-json\/wp\/v2\/media\/221"}],"wp:attachment":[{"href":"https:\/\/www.calvin-thomas.com\/summer-family\/wp-json\/wp\/v2\/media?parent=9"}],"curies":[{"name":"wp","href":"https:\/\/api.w.org\/{rel}","templated":true}]}}