{"id":162,"date":"2019-12-02T21:58:24","date_gmt":"2019-12-02T20:58:24","guid":{"rendered":"https:\/\/www.calvin-thomas.com\/summer-school\/?page_id=162"},"modified":"2025-01-23T16:26:58","modified_gmt":"2025-01-23T15:26:58","slug":"ecoles-langue-nouvelle-zelande-partenaires","status":"publish","type":"page","link":"https:\/\/www.calvin-thomas.com\/summer-school\/ecoles-langue-nouvelle-zelande-partenaires\/","title":{"rendered":"Les lyc\u00e9es de Nouvelle-Z\u00e9lande partenaires"},"content":{"rendered":"\n<p class=\"has-text-align-center intro content-centrer\">Summer School travaille avec un large r\u00e9seau de lyc\u00e9es de Nouvelle Z\u00e9lande.<\/p>\n\n\n\n<p class=\"has-text-align-center intro content-centrer\">Nota : ces lyc\u00e9es n\u00e9o-z\u00e9landais font parties des \u00e9tablissements disponibles pour le <a href=\"https:\/\/www.calvin-thomas.com\/summer-school\/sejours-ete\/new-zealand-summer-school\/\">s\u00e9jour \u201cNew Zealand Summer School\u201d<\/a>.<br><\/p>\n\n\n\n<div style=\"height:50px\" aria-hidden=\"true\" class=\"wp-block-spacer\"><\/div>\n\n\n<div class=\"bloc-cadre\"><\/p>\n\n\n\n<h4 class=\"wp-block-heading\">Hutt Valley <br><em>Wellington<\/em><br><\/h4>\n\n\n\n<ul>\n<li><strong>Description :<\/strong> <em>Sur l&#8217;\u00eele du Nord, \u00e0 15 minutes de Wellington et \u00e0 10 minutes des plages, le lyc\u00e9e de plus de 1 000 lyc\u00e9ens propose diff\u00e9rentes activit\u00e9s : la danse, l&#8217;\u00e9quitation, la navigation, le ski, la natation, l&#8217;athl\u00e9tisme, le hockey sous marin, le hockey, le \u201cnetball\u201d, le basketball, le football, le golf, le \u201ctouch rugby\u201d, le cross country, le waterpolo, le \u201chaka haka\u201d, le th\u00e9\u00e2tre, la musique, etc. <br> En fonction de l&#8217;\u00e2ge, il est possible d&#8217;assister \u00e0 certains cours de langues comme l&#8217;allemand, le japonais, le maori et l&#8217;espagnol.<br> En terme d&#8217;infrastructures, le lyc\u00e9e propose une unit\u00e9 d\u2019horticulture, un pavillon sportif, un studio d\u2019enregistrement, 3 gymnases, des terrains de sport, une salle de th\u00e9\u00e2tre et de danse.<\/em><\/li>\n\n\n\n<li><strong>Tarifs :<\/strong> <em>\u2022 6 semaines : 4 670\u20ac<\/em><\/li>\n\n\n\n<li><strong>Site internet :<\/strong> <em><a href=\"https:\/\/www.hvhs.school.nz\" target=\"_blank\" rel=\"noreferrer noopener\">www.hvhs.school.nz<\/a><\/em><\/li>\n<\/ul>\n\n\n<p><\/div>\n\n\n<div class=\"bloc-cadre\"><\/p>\n\n\n\n<h4 class=\"wp-block-heading\">Hillmorton <br><em>Wellington<\/em><br><\/h4>\n\n\n\n<ul>\n<li><strong>Description :<\/strong> <em>Situ\u00e9 au Sud-Est de Christchurch entre mer et montagnes, Hillmorton est un \u00e9tablissement \u00e0 taille humaine comptant environ 750 \u00e9l\u00e8ves (dont environ 20 internationaux max.). L\u2019\u00e9tablissement encourage les jeunes \u00e0 trouver leurs points forts et \u00e0 les d\u00e9velopper. L\u2019\u00e9quipe \u00e9ducative connait chaque \u00e9tudiant de mani\u00e8re individuelle. De nombreuses activit\u00e9s et sports sont propos\u00e9s : \u201cAdventure racing\u201d, danse, orchestra, \u201coutdoor education\u201d (mati\u00e8re), ski (en fonction de la saison), surf, natation. De nombreuses langues sont enseign\u00e9es : maori, espagnol et japonais, anglais pour les \u00e9trangers (ESOL). Et cette High School est dot\u00e9 d\u2019infrastructures de qualit\u00e9 : terrain de sports, gymnase, biblioth\u00e8que, etc.<\/em><\/li>\n\n\n\n<li><strong>Tarifs :<\/strong> <em>sur demande<\/em><\/li>\n\n\n\n<li><strong>Site internet :<\/strong> <em><a aria-label=\" (ouverture dans un nouvel onglet)\" href=\"https:\/\/www.hillmorton.school.nz\" target=\"_blank\" rel=\"noreferrer noopener\">www.hillmorton.school.nz<\/a><\/em><\/li>\n<\/ul>\n\n\n<p><\/div>\n\n\n<div class=\"bloc-cadre\"><\/p>\n\n\n\n<h4 class=\"wp-block-heading\">Onslow <br><em>Wellington<\/em><br><\/h4>\n\n\n\n<ul>\n<li><strong>Description :<\/strong><em> Situ\u00e9 \u00e0 moins de 15 minutes du centre de Wellington, Onslow combine l\u2019\u00e9nergie de la ville avec le calme d\u2019une petite ville \u201cAotearoa\u201d. Onslow College accorde beaucoup d\u2019importance \u00e0 la culture maori et au partage de ses valeurs avec les \u00e9tudiants internationaux. L\u2019\u00e9tablissement compte environ 1 300 \u00e9l\u00e8ves et encourage les jeunes \u00e0 d\u00e9velopper leurs comp\u00e9tences acad\u00e9miques, sportives, culturelles \u00e0 travers de nombreuses activit\u00e9s.<\/em><\/li>\n<\/ul>\n\n\n\n<ul>\n<li><strong>Tarifs :<\/strong> <em>sur demande<\/em><\/li>\n\n\n\n<li><strong>Site internet :<\/strong> <em><a aria-label=\" (ouverture dans un nouvel onglet)\" href=\"https:\/\/www.onslow.school.nz\" target=\"_blank\" rel=\"noreferrer noopener\">www.onslow.school.nz<\/a><\/em><\/li>\n<\/ul>\n\n\n<p><\/div>\n\n\n<div class=\"bloc-cadre\"><\/p>\n\n\n\n<h4 class=\"wp-block-heading\">Otumoetai <br><em>Tauranga<\/em><br><\/h4>\n\n\n\n<ul>\n<li><strong>Description :<\/strong> <em>Situ\u00e9 dans la ville de Tauranga, 5\u00e8 ville la plus peupl\u00e9e de Nouvelle-Z\u00e9lande, Otumoetai compte environ 1 900 lyc\u00e9ens.<br>L\u2019\u00e9cole comporte de nombreuses infrastructures (piscine, tennis, salles de musculation, centre d\u2019art, biblioth\u00e8que, etc.). L\u2019\u00e9cole propose plus de 40 sports et de nombreuses activit\u00e9s artistiques (chorale, orchestre, etc.).<\/em><\/li>\n\n\n\n<li><strong>Tarifs :<\/strong> <em>sur demande<\/em><\/li>\n\n\n\n<li><strong>Site internet :<\/strong> <em><a aria-label=\" (ouverture dans un nouvel onglet)\" href=\"https:\/\/otc.school.nz\/\" target=\"_blank\" rel=\"noreferrer noopener\">otc.school.nz<\/a><\/em><\/li>\n<\/ul>\n\n\n<p><\/div>\n\n\n<div class=\"bloc-cadre\"><\/p>\n\n\n\n<h4 class=\"wp-block-heading\" id=\"mce_37\">Kapiti <br><em>Wellington<\/em><br><\/h4>\n\n\n\n<ul>\n<li><strong>Description :<\/strong> <em>Situ\u00e9e \u00e0 Raumati Beach, dans les environs de Paraparaumu, \u00e0 40 min de Wellington, le lyc\u00e9e est l&#8217;un des meilleurs de Nouvelle-Z\u00e9lande. Il est notamment reconnu pour ses programmes artistiques. Compos\u00e9 d&#8217;un peu plus de 1 100 lyc\u00e9ens, l&#8217;\u00e9cole propose, selon la saison, de nombreux sports (rugby, athl\u00e9tisme, badminton, basket, golf, hockey, netball, volleyball, football, sports aquatiques) et activit\u00e9s artistiques (musique, chant, th\u00e9\u00e2tre, danse, etc.).<br> En fonction de l&#8217;\u00e2ge, le jeune peut apprendre le maori, le japonais. En termes d&#8217;infrastructure, l&#8217;\u00e9cole poss\u00e8de un grand complexe de sport, un espce cin\u00e9matographique et de danse, etc. <\/em><\/li>\n\n\n\n<li><strong>Tarifs :<\/strong> <em>Non\u00a0disponible\u00a0en\u00a02025<\/em><\/li>\n\n\n\n<li><strong>Site internet :<\/strong> <em><a href=\"https:\/\/www.kc.school.nz\" target=\"_blank\" rel=\"noreferrer noopener\">www.kc.school.nz<\/a><\/em><\/li>\n<\/ul>\n\n\n<p><\/div>\n\n\n<div class=\"bloc-cadre\"><\/p>\n\n\n\n<h4 class=\"wp-block-heading\" id=\"mce_37\">Nayland <br><em>Wellington<\/em><br><\/h4>\n\n\n\n<ul>\n<li><strong>Description :<\/strong> <em>Le Nayland College est au service de la communaut\u00e9 de Nelson depuis 50 ans. Au cours de cette p\u00e9riode, elle a \u00e9t\u00e9 un chef de file dans l&#8217;\u00e9laboration de programmes d&#8217;apprentissage inspirants qui encouragent les \u00e9l\u00e8ves \u00e0 r\u00e9aliser leur plein potentiel. Le Nayland College prend le meilleur du pass\u00e9 et le fusionne avec une nouvelle vision pour l&#8217;avenir.<br> Avec quatre salles d&#8217;art enti\u00e8rement \u00e9quip\u00e9es, une salle d&#8217;ordinateurs, une chambre noire, trois enseignants \u00e0 temps plein et deux enseignants \u00e0 temps partiel hautement qualifi\u00e9s, exp\u00e9riment\u00e9s et enthousiastes, le Nayland College est un endroit id\u00e9al si vous voulez une \u00e9ducation artistique de qualit\u00e9.<\/em><\/li>\n\n\n\n<li><strong>Tarifs :<\/strong> <em>Non\u00a0disponible\u00a0en\u00a02025<\/em><\/li>\n\n\n\n<li><strong>Site internet :<\/strong> <em><a href=\"https:\/\/nayland.school.nz\" target=\"_blank\" rel=\"noreferrer noopener\">https:\/\/nayland.school.nz<\/a><\/em><\/li>\n<\/ul>\n\n\n<p><\/div>\n\n\n<div class=\"bloc-cadre\"><\/p>\n\n\n\n<h4 class=\"wp-block-heading\" id=\"mce_37\">Otaki <br><em>Wellington<\/em><br><\/h4>\n\n\n\n<ul>\n<li><strong>Description :<\/strong> <em>\u014ctaki est une belle ville, \u00e0 seulement 1 heure de route de Wellington et Palmerston North Cities. \u014ctaki est une \u00e9cole qui s&#8217;engage \u00e0 r\u00e9pondre aux besoins de la communaut\u00e9. \u014ctaki est l&#8217;une des plus anciennes communaut\u00e9s n\u00e9o-z\u00e9landaises avec une riche histoire, et l&#8217;\u00e9cole a une fi\u00e8re tradition de service \u00e0 son \u00e9gard.<\/em><\/li>\n\n\n\n<li><strong>Tarifs :<\/strong> <em>Non\u00a0disponible\u00a0en\u00a02025<\/em><\/li>\n\n\n\n<li><strong>Site internet :<\/strong> <em><a href=\"https:\/\/www.otakicollege.school.nz\" target=\"_blank\" rel=\"noreferrer noopener\">www.otakicollege.school.nz<\/a><\/em><\/li>\n<\/ul>\n\n\n<p><\/div>\n\n\n<div class=\"bloc-cadre\"><\/p>\n\n\n\n<h4 class=\"wp-block-heading\" id=\"mce_37\">Northcote<br><em>Auckland<\/em><br><\/h4>\n\n\n\n<ul>\n<li><strong>Description :<\/strong> <em>Fond\u00e9 en 1877, le lyc\u00e9e Northcote est au service de la communaut\u00e9 locale depuis plus de 140 ans et est fier d&#8217;avoir des \u00e9tudiants de deuxi\u00e8me, troisi\u00e8me et quatri\u00e8me g\u00e9n\u00e9ration actuellement dans l&#8217;\u00e9cole. <br> Situ\u00e9 sur la rive Nord d&#8217;Auckland, le Coll\u00e8ge jouit d&#8217;excellentes installations pour l&#8217;apprentissage des \u00e9tudiants, de vastes terrains de sport, d&#8217;arbres et de jardins \u00e9tablis, le tout \u00e0 10 minutes d&#8217;Auckland et des plages de la rive Nord.<br> Le lyc\u00e9e dessert une communaut\u00e9 locale bien \u00e9tablie et attire \u00e9galement des \u00e9tudiants de la r\u00e9gion d&#8217;Auckland et du monde entier. <br> L&#8217;\u00e9cole reconna\u00eet que l&#8217;estime de soi, le caract\u00e8re, les aptitudes interpersonnelles et la capacit\u00e9 d&#8217;adaptation sont importants pour r\u00e9ussir dans la vie. La diversit\u00e9 des possibilit\u00e9s d&#8217;apprentissage contribue \u00e0 l&#8217;engagement, au plaisir, \u00e0 l&#8217;apprentissage et au rendement global des \u00e9l\u00e8ves.<\/em><\/li>\n\n\n\n<li><strong>Tarifs : <\/strong> <em>Non\u00a0disponible\u00a0en\u00a02025<\/em><\/li>\n\n\n\n<li><strong>Site internet :<\/strong> <em><a href=\"https:\/\/www.northcote.school.nz\" target=\"_blank\" rel=\"noreferrer noopener\">www.northcote.school.nz<\/a><\/em><\/li>\n<\/ul>\n\n\n<p><\/div>\n\n\n\n<div style=\"height:50px\" aria-hidden=\"true\" class=\"wp-block-spacer\"><\/div>\n\n\n\n<figure class=\"wp-block-image alignfull citation-image-fullwidth\"><img loading=\"lazy\" decoding=\"async\" width=\"1024\" height=\"480\" src=\"https:\/\/www.calvin-thomas.com\/summer-school\/wp-content\/uploads\/\/sites\/12\/2019\/12\/ecoles-langue-nouvelle-zelande-1024x480.jpg\" alt=\"\u00e9coles de langue de Nouvelle-Z\u00e9lande partenaires\" class=\"wp-image-185\" srcset=\"https:\/\/www.calvin-thomas.com\/summer-school\/wp-content\/uploads\/\/sites\/12\/2019\/12\/ecoles-langue-nouvelle-zelande.jpg 1024w, https:\/\/www.calvin-thomas.com\/summer-school\/wp-content\/uploads\/\/sites\/12\/2019\/12\/ecoles-langue-nouvelle-zelande-300x141.jpg 300w, https:\/\/www.calvin-thomas.com\/summer-school\/wp-content\/uploads\/\/sites\/12\/2019\/12\/ecoles-langue-nouvelle-zelande-768x360.jpg 768w\" sizes=\"(max-width: 1024px) 100vw, 1024px\" \/><\/figure>\n\n\n\n<div style=\"height:50px\" aria-hidden=\"true\" class=\"wp-block-spacer\"><\/div>\n\n\n\n<p><\/p>\n","protected":false},"excerpt":{"rendered":"<p class=\"has-text-align-center intro content-centrer\">Summer School travaille avec un large r\u00e9seau de lyc\u00e9es de Nouvelle Z\u00e9lande.<\/p>\n<p class=\"has-text-align-center intro content-centrer\">Nota : ces lyc\u00e9es n\u00e9o-z\u00e9landais font parties des \u00e9tablissements disponibles pour le <a href=\"https:\/\/www.calvin-thomas.com\/summer-school\/sejours-ete\/new-zealand-summer-school\/\">s\u00e9jour \u201cNew Zealand Summer School\u201d<\/a>.<\/p>\n<\/p>\n<p> <a class=\"btn couleur large\" href=\"https:\/\/www.calvin-thomas.com\/summer-school\/ecoles-langue-nouvelle-zelande-partenaires\/\">EN SAVOIR PLUS <\/a><\/p>\n","protected":false},"author":1,"featured_media":187,"parent":0,"menu_order":0,"comment_status":"closed","ping_status":"closed","template":"page-simple.php","meta":{"_uag_custom_page_level_css":"","wp_popup_display_lightbox":0,"wp_popup_suppress":"","wp_popup_trigger":"","wp_popup_trigger_amount":0,"wp_popup_disable_on_mobile":false},"uagb_featured_image_src":{"full":["https:\/\/www.calvin-thomas.com\/summer-school\/wp-content\/uploads\/\/sites\/12\/2019\/12\/ecoles-NZ.jpg",250,250,false],"thumbnail":["https:\/\/www.calvin-thomas.com\/summer-school\/wp-content\/uploads\/\/sites\/12\/2019\/12\/ecoles-NZ-150x150.jpg",150,150,true],"medium":["https:\/\/www.calvin-thomas.com\/summer-school\/wp-content\/uploads\/\/sites\/12\/2019\/12\/ecoles-NZ.jpg",250,250,false],"medium_large":["https:\/\/www.calvin-thomas.com\/summer-school\/wp-content\/uploads\/\/sites\/12\/2019\/12\/ecoles-NZ.jpg",250,250,false],"large":["https:\/\/www.calvin-thomas.com\/summer-school\/wp-content\/uploads\/\/sites\/12\/2019\/12\/ecoles-NZ.jpg",250,250,false],"1536x1536":["https:\/\/www.calvin-thomas.com\/summer-school\/wp-content\/uploads\/\/sites\/12\/2019\/12\/ecoles-NZ.jpg",250,250,false],"2048x2048":["https:\/\/www.calvin-thomas.com\/summer-school\/wp-content\/uploads\/\/sites\/12\/2019\/12\/ecoles-NZ.jpg",250,250,false]},"uagb_author_info":{"display_name":"redac-calvinthomas","author_link":"https:\/\/www.calvin-thomas.com\/summer-school\/author\/redac-calvinthomas\/"},"uagb_comment_info":0,"uagb_excerpt":"Summer School travaille avec un large r\u00e9seau de lyc\u00e9es de Nouvelle Z\u00e9lande. Nota : ces lyc\u00e9es n\u00e9o-z\u00e9landais font parties des \u00e9tablissements disponibles pour le s\u00e9jour \u201cNew Zealand Summer School\u201d. EN SAVOIR PLUS","_links":{"self":[{"href":"https:\/\/www.calvin-thomas.com\/summer-school\/wp-json\/wp\/v2\/pages\/162"}],"collection":[{"href":"https:\/\/www.calvin-thomas.com\/summer-school\/wp-json\/wp\/v2\/pages"}],"about":[{"href":"https:\/\/www.calvin-thomas.com\/summer-school\/wp-json\/wp\/v2\/types\/page"}],"author":[{"embeddable":true,"href":"https:\/\/www.calvin-thomas.com\/summer-school\/wp-json\/wp\/v2\/users\/1"}],"replies":[{"embeddable":true,"href":"https:\/\/www.calvin-thomas.com\/summer-school\/wp-json\/wp\/v2\/comments?post=162"}],"version-history":[{"count":0,"href":"https:\/\/www.calvin-thomas.com\/summer-school\/wp-json\/wp\/v2\/pages\/162\/revisions"}],"wp:featuredmedia":[{"embeddable":true,"href":"https:\/\/www.calvin-thomas.com\/summer-school\/wp-json\/wp\/v2\/media\/187"}],"wp:attachment":[{"href":"https:\/\/www.calvin-thomas.com\/summer-school\/wp-json\/wp\/v2\/media?parent=162"}],"curies":[{"name":"wp","href":"https:\/\/api.w.org\/{rel}","templated":true}]}}