{"id":191,"date":"2019-12-03T20:59:38","date_gmt":"2019-12-03T19:59:38","guid":{"rendered":"https:\/\/www.calvin-thomas.com\/summer-school\/?page_id=191"},"modified":"2020-10-30T23:36:57","modified_gmt":"2020-10-30T22:36:57","slug":"plan-site","status":"publish","type":"page","link":"https:\/\/www.calvin-thomas.com\/summer-school\/plan-site\/","title":{"rendered":"Plan de site"},"content":{"rendered":"\n<div style=\"height:100px\" aria-hidden=\"true\" class=\"wp-block-spacer\"><\/div>\n\n\n\n<ul class=\"content-centrer\"><li><a href=\"https:\/\/www.calvin-thomas.com\/summer-school\/\">PR\u00c9SENTATION<\/a><\/li><\/ul>\n\n\n\n<ul class=\"content-centrer\"><li><a href=\"https:\/\/www.calvin-thomas.com\/summer-school\/plan-site\/#\">CHOISIR SON S\u00c9JOUR<\/a> <ul><li><a href=\"https:\/\/www.calvin-thomas.com\/summer-school\/choisir-son-sejour\/les-cours-en-highschool\/\">Les cours en highschool<\/a><\/li><li><a href=\"https:\/\/www.calvin-thomas.com\/summer-school\/choisir-son-sejour\/immersion-en-famille-accueil\/\">L&#8217;immersion en famille d&#8217;accueil<\/a><\/li><li><a href=\"https:\/\/www.calvin-thomas.com\/summer-school\/choisir-son-sejour\/pourquoi-choisir-calvin-thomas\/\">Pourquoi choisir Calvin-Thomas ?<\/a> <\/li><\/ul><\/li><\/ul>\n\n\n\n<ul class=\"content-centrer\"><li><a href=\"https:\/\/www.calvin-thomas.com\/summer-school\/sejour-scolaire\/\">NOS S\u00c9JOURS D&#8217;\u00c9T\u00c9<\/a><ul><li><a href=\"https:\/\/www.calvin-thomas.com\/summer-school\/sejours-ete\/african-summer-school\/\">African Summer School<\/a><\/li><li><a href=\"https:\/\/www.calvin-thomas.com\/summer-school\/sejours-ete\/australian-summer-school\/\">Australian Summer School<\/a><\/li><li><a href=\"https:\/\/www.calvin-thomas.com\/summer-school\/sejours-ete\/new-zealand-summer-school\/\">New Zealand Summer School<\/a><ul><li><a href=\"https:\/\/www.calvin-thomas.com\/summer-school\/ecoles-langue-nouvelle-zelande-partenaires\/\">Les \u00e9coles de langues en Nouvelle-Z\u00e9lande partenaires<\/a><\/li><\/ul><\/li><\/ul><\/li><\/ul>\n\n\n\n<ul class=\"content-centrer\"><li><a href=\"https:\/\/www.calvin-thomas.com\/summer-school\/plan-site\/#\">INFORMATIONS PRATIQUES<\/a> <ul><li><a href=\"https:\/\/www.calvin-thomas.com\/summer-school\/informations-pratiques\/7-etapes-avant-de-partir-en-sejour-dete\/\">7 \u00e9tapes pour partir<\/a><\/li><li><a href=\"https:\/\/www.calvin-thomas.com\/summer-school\/informations-pratiques\/contacts-reunions-conseillers-summer-school\/\">Contactez-nous et rencontrons-nous<\/a><\/li><li><a href=\"https:\/\/www.calvin-thomas.com\/summer-school\/informations-pratiques\/points-pratiques\/\">Les points pratiques<\/a><\/li><li><a href=\"https:\/\/www.calvin-thomas.com\/summer-school\/informations-pratiques\/foire-aux-questions\/\">Foire aux questions<\/a><\/li><li><a href=\"https:\/\/www.calvin-thomas.com\/services\/paiement-en-ligne-2\/\">Paiement en ligne<\/a> <\/li><\/ul><\/li><\/ul>\n\n\n\n<ul class=\"content-centrer\"><li><a href=\"https:\/\/www.calvin-thomas.com\/summer-school\/inscription-sejour-summer-school\/\">INSCRIPTION<\/a><\/li><li><a href=\"https:\/\/www.calvin-thomas.com\/summer-school\/telecharger-brochure-summer\/\">T\u00c9L\u00c9CHARGER NOTRE BROCHURE GRATUITE<\/a><\/li><\/ul>\n\n\n\n<ul class=\"content-centrer\"><li><a href=\"https:\/\/www.calvin-thomas.com\/summer-school\/conditions-generales-vente\/\">Conditions g\u00e9n\u00e9rales de vente<\/a><\/li><li><a href=\"https:\/\/www.calvin-thomas.com\/summer-school\/plan-site\/\">Plan de site<\/a><\/li><li><a href=\"https:\/\/www.calvin-thomas.com\/summer-school\/mentions-legales-confidentialite\/\">Mention l\u00e9gales &amp; confidentialit\u00e9<\/a><\/li><\/ul>\n\n\n\n<div style=\"height:100px\" aria-hidden=\"true\" class=\"wp-block-spacer\"><\/div>\n","protected":false},"excerpt":{"rendered":"<ul class=\"content-centrer\">\n<li><a href=\"https:\/\/www.calvin-thomas.com\/summer-school\/\">PR\u00c9SENTATION<\/a><\/li>\n<\/ul>\n<ul class=\"content-centrer\">\n<li><a href=\"https:\/\/www.calvin-thomas.com\/summer-school\/plan-site\/#\">CHOISIR SON S\u00c9JOUR<\/a>\n<ul>\n<li><a href=\"https:\/\/www.calvin-thomas.com\/summer-school\/choisir-son-sejour\/les-cours-en-highschool\/\">Les cours en highschool<\/a><\/li>\n<li><a href=\"https:\/\/www.calvin-thomas.com\/summer-school\/choisir-son-sejour\/immersion-en-famille-accueil\/\">L&#8217;immersion en famille d&#8217;accueil<\/a><\/li>\n<li><a href=\"https:\/\/www.calvin-thomas.com\/summer-school\/choisir-son-sejour\/pourquoi-choisir-calvin-thomas\/\">Pourquoi choisir Calvin-Thomas ?<\/a> <\/li>\n<\/ul>\n<\/li>\n<\/ul>\n<ul class=\"content-centrer\">\n<li><a href=\"https:\/\/www.calvin-thomas.com\/summer-school\/sejour-scolaire\/\">NOS S\u00c9JOURS D&#8217;\u00c9T\u00c9<\/a>\n<ul>\n<li><a href=\"https:\/\/www.calvin-thomas.com\/summer-school\/sejours-ete\/african-summer-school\/\">African Summer School<\/a><\/li>\n<li><a href=\"https:\/\/www.calvin-thomas.com\/summer-school\/sejours-ete\/australian-summer-school\/\">Australian Summer School<\/a><\/li>\n<li><a href=\"https:\/\/www.calvin-thomas.com\/summer-school\/sejours-ete\/new-zealand-summer-school\/\">New Zealand Summer School<\/a>\n<ul>\n<li><a href=\"https:\/\/www.calvin-thomas.com\/summer-school\/ecoles-langue-nouvelle-zelande-partenaires\/\">Les \u00e9coles de langues en Nouvelle-Z\u00e9lande partenaires<\/a><\/li>\n<\/ul>\n<\/li>\n<\/ul>\n<\/li>\n<\/ul>\n<ul class=\"content-centrer\">\n<li><a href=\"https:\/\/www.calvin-thomas.com\/summer-school\/plan-site\/#\">INFORMATIONS PRATIQUES<\/a>\n<ul>\n<li><a href=\"https:\/\/www.calvin-thomas.com\/summer-school\/informations-pratiques\/7-etapes-avant-de-partir-en-sejour-dete\/\">7 \u00e9tapes pour partir<\/a><\/li>\n<li><a href=\"https:\/\/www.calvin-thomas.com\/summer-school\/informations-pratiques\/contacts-reunions-conseillers-summer-school\/\">Contactez-nous et rencontrons-nous<\/a><\/li>\n<li><a href=\"https:\/\/www.calvin-thomas.com\/summer-school\/informations-pratiques\/points-pratiques\/\">Les points pratiques<\/a><\/li>\n<li><a href=\"https:\/\/www.calvin-thomas.com\/summer-school\/informations-pratiques\/foire-aux-questions\/\">Foire aux questions<\/a><\/li>\n<li><a href=\"https:\/\/www.calvin-thomas.com\/services\/paiement-en-ligne-2\/\">Paiement en ligne<\/a> <\/li>\n<\/ul>\n<\/li>\n<\/ul>\n<ul class=\"content-centrer\">\n<li><a href=\"https:\/\/www.calvin-thomas.com\/summer-school\/inscription-sejour-summer-school\/\">INSCRIPTION<\/a><\/li>\n<li><a href=\"https:\/\/www.calvin-thomas.com\/summer-school\/telecharger-brochure-summer\/\">T\u00c9L\u00c9CHARGER NOTRE BROCHURE GRATUITE<\/a><\/li>\n<\/ul>\n<ul class=\"content-centrer\">\n<li><a href=\"https:\/\/www.calvin-thomas.com\/summer-school\/conditions-generales-vente\/\">Conditions g\u00e9n\u00e9rales de vente<\/a><\/li>\n<li><a href=\"https:\/\/www.calvin-thomas.com\/summer-school\/plan-site\/\">Plan de site<\/a><\/li>\n<li><a href=\"https:\/\/www.calvin-thomas.com\/summer-school\/mentions-legales-confidentialite\/\">Mention l\u00e9gales &amp;<\/a><\/li>\n<\/ul>\n<p> <a class=\"btn couleur large\" href=\"https:\/\/www.calvin-thomas.com\/summer-school\/plan-site\/\">EN SAVOIR PLUS <\/a><\/p>\n","protected":false},"author":1,"featured_media":0,"parent":0,"menu_order":0,"comment_status":"closed","ping_status":"closed","template":"page-simple.php","meta":{"_uag_custom_page_level_css":"","wp_popup_display_lightbox":0,"wp_popup_suppress":"","wp_popup_trigger":"","wp_popup_trigger_amount":0,"wp_popup_disable_on_mobile":false},"uagb_featured_image_src":{"full":false,"thumbnail":false,"medium":false,"medium_large":false,"large":false,"1536x1536":false,"2048x2048":false},"uagb_author_info":{"display_name":"redac-calvinthomas","author_link":"https:\/\/www.calvin-thomas.com\/summer-school\/author\/redac-calvinthomas\/"},"uagb_comment_info":0,"uagb_excerpt":"PR\u00c9SENTATION CHOISIR SON S\u00c9JOUR Les cours en highschoolL&#8217;immersion en famille d&#8217;accueilPourquoi choisir Calvin-Thomas ? NOS S\u00c9JOURS D&#8217;\u00c9T\u00c9African Summer SchoolAustralian Summer SchoolNew Zealand Summer SchoolLes \u00e9coles de langues en Nouvelle-Z\u00e9lande partenaires INFORMATIONS PRATIQUES 7 \u00e9tapes pour partirContactez-nous et rencontrons-nousLes points pratiquesFoire aux questionsPaiement en ligne INSCRIPTIONT\u00c9L\u00c9CHARGER NOTRE BROCHURE GRATUITE Conditions g\u00e9n\u00e9rales de ventePlan de siteMention l\u00e9gales\u2026","_links":{"self":[{"href":"https:\/\/www.calvin-thomas.com\/summer-school\/wp-json\/wp\/v2\/pages\/191"}],"collection":[{"href":"https:\/\/www.calvin-thomas.com\/summer-school\/wp-json\/wp\/v2\/pages"}],"about":[{"href":"https:\/\/www.calvin-thomas.com\/summer-school\/wp-json\/wp\/v2\/types\/page"}],"author":[{"embeddable":true,"href":"https:\/\/www.calvin-thomas.com\/summer-school\/wp-json\/wp\/v2\/users\/1"}],"replies":[{"embeddable":true,"href":"https:\/\/www.calvin-thomas.com\/summer-school\/wp-json\/wp\/v2\/comments?post=191"}],"version-history":[{"count":0,"href":"https:\/\/www.calvin-thomas.com\/summer-school\/wp-json\/wp\/v2\/pages\/191\/revisions"}],"wp:attachment":[{"href":"https:\/\/www.calvin-thomas.com\/summer-school\/wp-json\/wp\/v2\/media?parent=191"}],"curies":[{"name":"wp","href":"https:\/\/api.w.org\/{rel}","templated":true}]}}