{"id":77,"date":"2019-11-26T21:36:28","date_gmt":"2019-11-26T20:36:28","guid":{"rendered":"https:\/\/www.calvin-thomas.com\/summer-school\/?page_id=77"},"modified":"2020-10-30T22:51:47","modified_gmt":"2020-10-30T21:51:47","slug":"pourquoi-choisir-calvin-thomas","status":"publish","type":"page","link":"https:\/\/www.calvin-thomas.com\/summer-school\/choisir-son-sejour\/pourquoi-choisir-calvin-thomas\/","title":{"rendered":"Pourquoi choisir Calvin-Thomas ?"},"content":{"rendered":"\n<div style=\"height:50px\" aria-hidden=\"true\" class=\"wp-block-spacer\"><\/div>\n\n\n\n<div class=\"wp-block-columns has-2-columns column-centre is-layout-flex wp-container-core-columns-is-layout-1 wp-block-columns-is-layout-flex\">\n<div class=\"wp-block-column is-layout-flow wp-block-column-is-layout-flow\">\n<h2 class=\"wp-block-heading\">Les atouts des s\u00e9jours d&#8217;\u00e9t\u00e9 Calvin-Thomas<\/h2>\n\n\n\n<p>Calvin-Thomas assure avec engagement et rigueur un v\u00e9ritable travail de proximit\u00e9 aupr\u00e8s des participants et des familles. L&#8217;objectif est de faire en sorte que les s\u00e9jours Summer School se  d\u00e9roulent au mieux.<\/p>\n<\/div>\n\n\n\n<div class=\"wp-block-column is-layout-flow wp-block-column-is-layout-flow\">\n<ul class=\"liste-menu\"><li><a href=\"#formule1\">Notre organisme<\/a><\/li><li><a href=\"#formule2\">La pr\u00e9paration<\/a><\/li><li><a href=\"#formule3\">Le placement, l&#8217;encadrement et le suivi<\/a><\/li><\/ul>\n<\/div>\n<\/div>\n\n\n\n<div style=\"height:50px\" aria-hidden=\"true\" class=\"wp-block-spacer\"><\/div>\n\n\n<section class=\"section-jauneclair\"><\/p>\n\n\n\n<div class=\"wp-block-columns has-2-columns column-centre align-bas-hauteur is-layout-flex wp-container-core-columns-is-layout-2 wp-block-columns-is-layout-flex\">\n<div class=\"wp-block-column is-layout-flow wp-block-column-is-layout-flow\">\n<p class=\"sub-title\"><strong>NOTRE ORGANISME<\/strong><\/p>\n\n\n\n<h3 class=\"wp-block-heading\" id=\"formule1\">Notre mission : votre r\u00e9ussite<\/h3>\n\n\n\n<p><strong>Avec des milliers de jeunes partis par le biais de Calvin-Thomas, il est possible d&#8217;oublier que notre force r\u00e9side dans notre petite taille. Chaque programme poss\u00e8de son responsable, qui \nsupervise le s\u00e9jour de ses participants du d\u00e9but \u00e0 la fin. Cela garantie une continuit\u00e9 dans la constitution du dossier de chacun.<\/strong><\/p>\n<\/div>\n\n\n\n<div class=\"wp-block-column is-layout-flow wp-block-column-is-layout-flow\"><\/div>\n<\/div>\n\n\n\n<div class=\"wp-block-columns has-2-columns column-centre centrer-hauteur is-layout-flex wp-container-core-columns-is-layout-3 wp-block-columns-is-layout-flex\">\n<div class=\"wp-block-column is-layout-flow wp-block-column-is-layout-flow\">\n<h4 class=\"wp-block-heading\">L&#8217;exp\u00e9rience de Calvin-Thomas<\/h4>\n\n\n\n<p>Calvin-Thomas est <strong>sp\u00e9cialis\u00e9 depuis 30 ans dans les s\u00e9jours culturels et \u00e9ducatifs <\/strong>en Am\u00e9rique du Nord, en Afrique du Sud, au&nbsp;Royaume-Uni,&nbsp;en Australie et en Nouvelle-Z\u00e9lande. <\/p>\n\n\n\n<p>En tant que<strong> structure ind\u00e9pendante<\/strong>, nous travaillons <strong>en \u00e9troite collaboration avec les correspondants<\/strong> que nous avons choisis \u00e0 l&#8217;\u00e9tranger. La rigueur de gestion de Calvin-Thomas permet de <strong>pratiquer des prix comp\u00e9titifs<\/strong> tout en <strong>garantissant la qualit\u00e9 de pr\u00e9paration et d&#8217;organisation<\/strong>.<\/p>\n\n\n\n<p>Nous <strong>connaissons parfaitement les rouages techniques<\/strong> des s\u00e9jours aux USA, au Canada et en Angleterre (assurances, relations avec les ambassades, services consulaires, a\u00e9roports, etc.).<\/p>\n<\/div>\n\n\n\n<div class=\"wp-block-column is-layout-flow wp-block-column-is-layout-flow\">\n<figure class=\"wp-block-image\"><img decoding=\"async\" src=\"https:\/\/www.calvin-thomas.com\/summer-school\/wp-content\/uploads\/\/sites\/12\/equipe-aclvin-thomas.jpg\" alt=\"une \u00e9quipe sp\u00e9cialis\u00e9e dans les s\u00e9jours culturels et \u00e9ducatifs\" class=\"wp-image-404\"\/><\/figure>\n<\/div>\n<\/div>\n\n\n\n<div class=\"wp-block-columns has-2-columns column-centre centrer-hauteur is-layout-flex wp-container-core-columns-is-layout-4 wp-block-columns-is-layout-flex\">\n<div class=\"wp-block-column is-layout-flow wp-block-column-is-layout-flow\">\n<figure class=\"wp-block-image\"><img decoding=\"async\" src=\"https:\/\/www.calvin-thomas.com\/summer-school\/wp-content\/uploads\/\/sites\/12\/organisme-sejour-ete-anglais.jpg\" alt=\"organisme pour un s\u00e9jour linguistique d'\u00e9t\u00e9 en anglais\" class=\"wp-image-406\"\/><\/figure>\n<\/div>\n\n\n\n<div class=\"wp-block-column is-layout-flow wp-block-column-is-layout-flow\">\n<h4 class=\"wp-block-heading\">Le processus Calvin-Thomas<\/h4>\n\n\n\n<p>Calvin-Thomas est un <strong>organisme \u00e0 dimension humaine,<\/strong> qui privil\u00e9gie en permanence le <strong>contact direct avec les participants et avec leurs parents<\/strong>.<\/p>\n\n\n\n<p>Au moment de l&#8217;inscription, Calvin-Thomas signe, avec le participant et ses parents, une <strong>\u201cCharte\u201d<\/strong> (contrat de vente) qui <strong>d\u00e9finit pr\u00e9cis\u00e9ment les devoirs et les engagements de chacun.<\/strong><\/p>\n\n\n\n<p>Afin de garantir un <strong>s\u00e9jour linguistique de qualit\u00e9<\/strong>, tous nos s\u00e9jours Summer School comprennent :<\/p>\n\n\n\n<ul><li><strong>Un num\u00e9ro d&#8217;urgence<\/strong> qui est communiqu\u00e9 \u00e0 chaque participant. Le contact avec un responsable est donc possible 24h\/24h.<\/li><li><strong>Une assurance offerte<\/strong> par Calvin-Thomas. Les participants sont ainsi assur\u00e9s&nbsp;et couverts pendant toute la dur\u00e9e de leur s\u00e9jour. <\/li><\/ul>\n<\/div>\n<\/div>\n\n\n<p><\/section>\n\n\n<section class=\"section-gris\"><\/p>\n\n\n\n<div class=\"wp-block-columns has-2-columns column-centre align-bas-hauteur is-layout-flex wp-container-core-columns-is-layout-5 wp-block-columns-is-layout-flex\">\n<div class=\"wp-block-column is-layout-flow wp-block-column-is-layout-flow\">\n<figure class=\"wp-block-image\"><img decoding=\"async\" src=\"https:\/\/www.calvin-thomas.com\/summer-school\/wp-content\/uploads\/\/sites\/12\/preparation-sejour-ete.jpg\" alt=\"la pr\u00e9paration aux s\u00e9jours d'\u00e9t\u00e9\" class=\"wp-image-408\"\/><\/figure>\n<\/div>\n\n\n\n<div class=\"wp-block-column is-layout-flow wp-block-column-is-layout-flow\">\n<p class=\"sub-title\"><strong>LA PR\u00c9PARATION<\/strong><\/p>\n\n\n\n<h3 class=\"wp-block-heading\" id=\"formule2\">Avant le d\u00e9part<\/h3>\n\n\n\n<p><strong>Les participants aux s\u00e9jours sont form\u00e9s pour leur s\u00e9jour, petit \u00e0 petit. D\u00e8s leur s\u00e9lection du s\u00e9jour, le responsable du programme constitue un dossier qu&#8217;il transmettra aux parents et au participant au fur et \u00e0 mesure. De l&#8217;aide \u00e0 la mise en place de leur autorisation de voyage dans un pays anglophone, au point de rendez-vous a\u00e9roport, en passant par l&#8217;envoi d&#8217;un courrier d\u00e9part contenant les derniers \u00e9l\u00e9ments pr\u00e9paratifs, Calvin-Thomas met en place un processus permettant \u00e0 tous les participants de partir pour leur s\u00e9jour l&#8217;esprit libre.<\/strong><\/p>\n<\/div>\n<\/div>\n\n\n\n<div class=\"wp-block-columns has-2-columns column-centre centrer-hauteur is-layout-flex wp-container-core-columns-is-layout-6 wp-block-columns-is-layout-flex\">\n<div class=\"wp-block-column is-layout-flow wp-block-column-is-layout-flow\">\n<figure class=\"wp-block-image\"><img decoding=\"async\" src=\"https:\/\/www.calvin-thomas.com\/summer-school\/wp-content\/uploads\/\/sites\/12\/preparation-sejour-linguistique.jpg\" alt=\"pr\u00e9paration \u00e0 un s\u00e9jour linguistique anglophone\" class=\"wp-image-411\"\/><\/figure>\n<\/div>\n\n\n\n<div class=\"wp-block-column is-layout-flow wp-block-column-is-layout-flow\">\n<h4 class=\"wp-block-heading\">La proc\u00e9dure, de l&#8217;inscription au d\u00e9part<\/h4>\n\n\n\n<p>Dans le cadre des s\u00e9jours linguistiques anglophones, Calvin-Thomas <strong>pr\u00e9pare chaque participant depuis l&#8217;inscription jusqu&#8217;au d\u00e9part. <\/strong>Notre \u00e9quipe reste toujours disponible pour <strong>informer adolescents et parents<\/strong> (renseignements pratiques, entretien, r\u00e9union, dossier, etc.).<\/p>\n\n\n\n<p>La marche \u00e0 suivre \u2014 de l&#8217;inscription au s\u00e9jour \u2014 est <strong>particuli\u00e8rement simple.<\/strong>&nbsp;<\/p>\n\n\n\n<p>Le voyage est <strong>organis\u00e9 dans les meilleures conditions<\/strong>. Pour les s\u00e9jours incluant le vol, le voyage se fait sur des <strong>lignes r\u00e9guli\u00e8res<\/strong> et est <strong>accompagn\u00e9 jusqu&#8217;\u00e0 leur a\u00e9roport final<\/strong>.<\/p>\n<\/div>\n<\/div>\n\n\n<p><\/section>\n\n\n<section class=\"section-beige\"><\/p>\n\n\n\n<div class=\"wp-block-columns has-2-columns column-centre is-layout-flex wp-container-core-columns-is-layout-7 wp-block-columns-is-layout-flex\">\n<div class=\"wp-block-column is-layout-flow wp-block-column-is-layout-flow\">\n<p class=\"sub-title\"><strong>LE PLACEMENT, L&#8217;ENCADREMENT &amp; LE SUIVI<\/strong><\/p>\n\n\n\n<h3 class=\"wp-block-heading\" id=\"formule3\">Un partenariat essentiel<\/h3>\n\n\n\n<p><strong>Calvin-Thomas poss\u00e8de de nombreux partenariats avec des organismes homologues dans les quatre coins du monde. Ces partenaires sont essentiels, car ce sont eux qui recrutent les familles d&#8217;accueil. Avec des dizaines d&#8217;ann\u00e9es d&#8217;exp\u00e9rience, les partenaires cherchent et valident les familles qui vont, par la suite, accueillir votre enfant.<\/strong><\/p>\n<\/div>\n\n\n\n<div class=\"wp-block-column is-layout-flow wp-block-column-is-layout-flow\">\n<figure class=\"wp-block-image\"><img decoding=\"async\" src=\"https:\/\/www.calvin-thomas.com\/summer-school\/wp-content\/uploads\/\/sites\/12\/encadrement-sejours.jpg\" alt=\"encadrement des s\u00e9jours Summer School\" class=\"wp-image-414\"\/><\/figure>\n<\/div>\n<\/div>\n\n\n\n<div class=\"wp-block-columns has-2-columns column-centre is-layout-flex wp-container-core-columns-is-layout-8 wp-block-columns-is-layout-flex\">\n<div class=\"wp-block-column is-layout-flow wp-block-column-is-layout-flow\">\n<h4 class=\"wp-block-heading\" id=\"formule3\">Le partenaire anglophone<\/h4>\n\n\n\n<p>Notre partenaire du pays d&#8217;accueil est <strong>en charge du recrutement des familles d&#8217;accueil&nbsp;anglophones<\/strong>. Sur place, cet organisme <strong>coordonne \u00e9galement les activit\u00e9s<\/strong> et <strong>supervise le d\u00e9roulement du s\u00e9jour.<\/strong> Quand les participants (jeunes, familles d&#8217;accueil et familles naturelles) signalent des difficult\u00e9s, l&#8217;organisme  intervient. Il <strong>aide chacun \u00e0 profiter au mieux de l&#8217;\u00e9change culturel<\/strong> et prend les d\u00e9cisions qui s&#8217;imposent.<\/p>\n\n\n\n<p>Calvin-Thomas assure la <strong>liaison entre la famille d&#8217;accueil et l&#8217;organisme du pays d&#8217;accueil<\/strong> et intervient aupr\u00e8s de ce dernier en cas de difficult\u00e9s.<\/p>\n\n\n\n<p>Dans le cadre des s\u00e9jours en groupe, un <strong>repr\u00e9sentant Calvin-Thomas est disponible sur place<\/strong> pendant la dur\u00e9e du s\u00e9jour linguistique. Il prend r\u00e9guli\u00e8rement des nouvelles des participants.<\/p>\n\n\n\n<div style=\"height:20px\" aria-hidden=\"true\" class=\"wp-block-spacer\"><\/div>\n\n\n\n<p><strong>\u00c0 NOTER :<\/strong><br>Une fois sur place, en cas d&#8217;incompatibilit\u00e9 flagrante avec la famille d&#8217;accueil, un changement de famille peut \u00eatre envisag\u00e9 par l&#8217;organisme du pays d&#8217;accueil.<\/p>\n<\/div>\n\n\n\n<div class=\"wp-block-column is-layout-flow wp-block-column-is-layout-flow\">\n<figure class=\"wp-block-image\"><img decoding=\"async\" src=\"https:\/\/www.calvin-thomas.com\/summer-school\/wp-content\/uploads\/\/sites\/12\/suivi-sejour-famille.jpg\" alt=\"suivi sur place lors d'un voyage d'\u00e9t\u00e9 en anglais\" class=\"wp-image-416\"\/><\/figure>\n<\/div>\n<\/div>\n\n\n\n<div style=\"height:50px\" aria-hidden=\"true\" class=\"wp-block-spacer\"><\/div>\n\n\n<p><\/section>\n\n\n\n<div style=\"height:50px\" aria-hidden=\"true\" class=\"wp-block-spacer\"><\/div>\n","protected":false},"excerpt":{"rendered":"<p>Les atouts des s\u00e9jours d&#8217;\u00e9t\u00e9 Calvin-Thomas<\/p>\n<p>Calvin-Thomas assure avec engagement et rigueur un v\u00e9ritable travail de proximit\u00e9 aupr\u00e8s des participants et des familles. L&#8217;objectif est de faire en sorte que les s\u00e9jours Summer School se  d\u00e9roulent au mieux.<\/p>\n<ul class=\"liste-menu\">\n<li><a href=\"#formule1\">Notre organisme<\/a><\/li>\n<li><a href=\"#formule2\">La pr\u00e9paration<\/a><\/li>\n<li><a href=\"#formule3\">Le placement, l&#8217;encadrement et le suivi<\/a><\/li>\n<\/ul>\n<p> <a class=\"btn couleur large\" href=\"https:\/\/www.calvin-thomas.com\/summer-school\/choisir-son-sejour\/pourquoi-choisir-calvin-thomas\/\">EN SAVOIR PLUS <\/a><\/p>\n","protected":false},"author":1,"featured_media":123,"parent":73,"menu_order":0,"comment_status":"closed","ping_status":"closed","template":"","meta":{"_uag_custom_page_level_css":"","wp_popup_display_lightbox":0,"wp_popup_suppress":"","wp_popup_trigger":"","wp_popup_trigger_amount":0,"wp_popup_disable_on_mobile":false},"uagb_featured_image_src":{"full":["https:\/\/www.calvin-thomas.com\/summer-school\/wp-content\/uploads\/\/sites\/12\/2019\/11\/entete-choisir-CT.jpg",1200,1200,false],"thumbnail":["https:\/\/www.calvin-thomas.com\/summer-school\/wp-content\/uploads\/\/sites\/12\/2019\/11\/entete-choisir-CT-150x150.jpg",150,150,true],"medium":["https:\/\/www.calvin-thomas.com\/summer-school\/wp-content\/uploads\/\/sites\/12\/2019\/11\/entete-choisir-CT-300x300.jpg",300,300,true],"medium_large":["https:\/\/www.calvin-thomas.com\/summer-school\/wp-content\/uploads\/\/sites\/12\/2019\/11\/entete-choisir-CT-768x768.jpg",640,640,true],"large":["https:\/\/www.calvin-thomas.com\/summer-school\/wp-content\/uploads\/\/sites\/12\/2019\/11\/entete-choisir-CT-1024x1024.jpg",640,640,true],"1536x1536":["https:\/\/www.calvin-thomas.com\/summer-school\/wp-content\/uploads\/\/sites\/12\/2019\/11\/entete-choisir-CT.jpg",1200,1200,false],"2048x2048":["https:\/\/www.calvin-thomas.com\/summer-school\/wp-content\/uploads\/\/sites\/12\/2019\/11\/entete-choisir-CT.jpg",1200,1200,false]},"uagb_author_info":{"display_name":"redac-calvinthomas","author_link":"https:\/\/www.calvin-thomas.com\/summer-school\/author\/redac-calvinthomas\/"},"uagb_comment_info":0,"uagb_excerpt":"Les atouts des s\u00e9jours d&#8217;\u00e9t\u00e9 Calvin-Thomas Calvin-Thomas assure avec engagement et rigueur un v\u00e9ritable travail de proximit\u00e9 aupr\u00e8s des participants et des familles. L&#8217;objectif est de faire en sorte que les s\u00e9jours Summer School se d\u00e9roulent au mieux. Notre organismeLa pr\u00e9parationLe placement, l&#8217;encadrement et le suivi EN SAVOIR PLUS","_links":{"self":[{"href":"https:\/\/www.calvin-thomas.com\/summer-school\/wp-json\/wp\/v2\/pages\/77"}],"collection":[{"href":"https:\/\/www.calvin-thomas.com\/summer-school\/wp-json\/wp\/v2\/pages"}],"about":[{"href":"https:\/\/www.calvin-thomas.com\/summer-school\/wp-json\/wp\/v2\/types\/page"}],"author":[{"embeddable":true,"href":"https:\/\/www.calvin-thomas.com\/summer-school\/wp-json\/wp\/v2\/users\/1"}],"replies":[{"embeddable":true,"href":"https:\/\/www.calvin-thomas.com\/summer-school\/wp-json\/wp\/v2\/comments?post=77"}],"version-history":[{"count":0,"href":"https:\/\/www.calvin-thomas.com\/summer-school\/wp-json\/wp\/v2\/pages\/77\/revisions"}],"up":[{"embeddable":true,"href":"https:\/\/www.calvin-thomas.com\/summer-school\/wp-json\/wp\/v2\/pages\/73"}],"wp:featuredmedia":[{"embeddable":true,"href":"https:\/\/www.calvin-thomas.com\/summer-school\/wp-json\/wp\/v2\/media\/123"}],"wp:attachment":[{"href":"https:\/\/www.calvin-thomas.com\/summer-school\/wp-json\/wp\/v2\/media?parent=77"}],"curies":[{"name":"wp","href":"https:\/\/api.w.org\/{rel}","templated":true}]}}