{"id":88,"date":"2019-11-26T21:43:04","date_gmt":"2019-11-26T20:43:04","guid":{"rendered":"https:\/\/www.calvin-thomas.com\/summer-school\/?page_id=88"},"modified":"2020-10-30T22:52:57","modified_gmt":"2020-10-30T21:52:57","slug":"inscription-sejour-summer-school","status":"publish","type":"page","link":"https:\/\/www.calvin-thomas.com\/summer-school\/inscription-sejour-summer-school\/","title":{"rendered":"Inscription \u00e0 un s\u00e9jour Summer School"},"content":{"rendered":"\n<div style=\"height:80px\" aria-hidden=\"true\" class=\"wp-block-spacer\"><\/div>\n\n\n\n<p style=\"font-size:18px;text-align:center\" class=\"content-centrer max-500\">Apr\u00e8s avoir v\u00e9rifi\u00e9 les conditions d&#8217;inscription, compl\u00e9tez en quelques clics notre formulaire d&#8217;inscription \u00e0 un de nos s\u00e9jours Summer School !<\/p>\n\n\n\n<div style=\"height:80px\" aria-hidden=\"true\" class=\"wp-block-spacer\"><\/div>\n\n\n\n<div class=\"wpcf7 no-js\" id=\"wpcf7-f90-o1\" lang=\"fr-FR\" dir=\"ltr\">\n<div class=\"screen-reader-response\"><p role=\"status\" aria-live=\"polite\" aria-atomic=\"true\"><\/p> <ul><\/ul><\/div>\n<form action=\"\/summer-school\/wp-json\/wp\/v2\/pages\/88#wpcf7-f90-o1\" method=\"post\" class=\"wpcf7-form init\" aria-label=\"Formulaire de contact\" novalidate=\"novalidate\" data-status=\"init\">\n<div style=\"display: none;\">\n<input type=\"hidden\" name=\"_wpcf7\" value=\"90\" \/>\n<input type=\"hidden\" name=\"_wpcf7_version\" value=\"5.9.3\" \/>\n<input type=\"hidden\" name=\"_wpcf7_locale\" value=\"fr_FR\" \/>\n<input type=\"hidden\" name=\"_wpcf7_unit_tag\" value=\"wpcf7-f90-o1\" \/>\n<input type=\"hidden\" name=\"_wpcf7_container_post\" value=\"0\" \/>\n<input type=\"hidden\" name=\"_wpcf7_posted_data_hash\" value=\"\" \/>\n<input type=\"hidden\" name=\"_wpcf7cf_hidden_group_fields\" value=\"[]\" \/>\n<input type=\"hidden\" name=\"_wpcf7cf_hidden_groups\" value=\"[]\" \/>\n<input type=\"hidden\" name=\"_wpcf7cf_visible_groups\" value=\"[]\" \/>\n<input type=\"hidden\" name=\"_wpcf7cf_repeaters\" value=\"[]\" \/>\n<input type=\"hidden\" name=\"_wpcf7cf_steps\" value=\"{}\" \/>\n<input type=\"hidden\" name=\"_wpcf7cf_options\" value=\"{&quot;form_id&quot;:90,&quot;conditions&quot;:[{&quot;then_field&quot;:&quot;group-australie&quot;,&quot;and_rules&quot;:[{&quot;if_field&quot;:&quot;radio-1&quot;,&quot;operator&quot;:&quot;equals&quot;,&quot;if_value&quot;:&quot;Australian Summer School&quot;}]},{&quot;then_field&quot;:&quot;group-afrique-sud&quot;,&quot;and_rules&quot;:[{&quot;if_field&quot;:&quot;radio-1&quot;,&quot;operator&quot;:&quot;equals&quot;,&quot;if_value&quot;:&quot;African Summer School&quot;}]},{&quot;then_field&quot;:&quot;group-nouvelle-zelande&quot;,&quot;and_rules&quot;:[{&quot;if_field&quot;:&quot;radio-1&quot;,&quot;operator&quot;:&quot;equals&quot;,&quot;if_value&quot;:&quot;New Zealand Summer School&quot;}]}],&quot;settings&quot;:{&quot;animation&quot;:&quot;yes&quot;,&quot;animation_intime&quot;:200,&quot;animation_outtime&quot;:200,&quot;conditions_ui&quot;:&quot;normal&quot;,&quot;notice_dismissed&quot;:false}}\" \/>\n<\/div>\n<p><span class=\"wpcf7-form-control-wrap\" data-name=\"prenom\"><input size=\"40\" class=\"wpcf7-form-control wpcf7-text wpcf7-validates-as-required\" aria-required=\"true\" aria-invalid=\"false\" value=\"\" type=\"text\" name=\"prenom\" \/><\/span><br \/>\n<span class=\"wpcf7-form-control-wrap\" data-name=\"nom\"><input size=\"40\" class=\"wpcf7-form-control wpcf7-text wpcf7-validates-as-required\" aria-required=\"true\" aria-invalid=\"false\" value=\"\" type=\"text\" name=\"nom\" \/><\/span><br \/>\n<span class=\"wpcf7-form-control-wrap\" data-name=\"email\"><input size=\"40\" class=\"wpcf7-form-control wpcf7-email wpcf7-validates-as-required wpcf7-text wpcf7-validates-as-email\" aria-required=\"true\" aria-invalid=\"false\" value=\"\" type=\"email\" name=\"email\" \/><\/span><br \/>\n<span class=\"wpcf7-form-control-wrap\" data-name=\"telephone\"><input size=\"40\" class=\"wpcf7-form-control wpcf7-tel wpcf7-text wpcf7-validates-as-tel\" aria-invalid=\"false\" value=\"\" type=\"tel\" name=\"telephone\" \/><\/span><br \/>\n<span class=\"wpcf7-form-control-wrap\" data-name=\"nationalite\"><input size=\"40\" class=\"wpcf7-form-control wpcf7-text wpcf7-validates-as-required\" aria-required=\"true\" aria-invalid=\"false\" value=\"\" type=\"text\" name=\"nationalite\" \/><\/span>\n<\/p>\n<h6>Date de naissance du participant (obligatoire)\n<\/h6>\n<hr \/>\n<p><span class=\"wpcf7-form-control-wrap\" data-name=\"date-naissance\"><input size=\"40\" class=\"wpcf7-form-control wpcf7-text wpcf7-validates-as-required\" aria-required=\"true\" aria-invalid=\"false\" value=\"\" type=\"text\" name=\"date-naissance\" \/><\/span>\n<\/p>\n<h6>Votre adresse postale\n<\/h6>\n<hr \/>\n<p><span class=\"wpcf7-form-control-wrap\" data-name=\"adresse\"><input size=\"40\" class=\"wpcf7-form-control wpcf7-text wpcf7-validates-as-required\" aria-required=\"true\" aria-invalid=\"false\" value=\"\" type=\"text\" name=\"adresse\" \/><\/span><br \/>\n<span class=\"wpcf7-form-control-wrap\" data-name=\"code-postal\"><input size=\"40\" maxlength=\"8\" minlength=\"5\" class=\"wpcf7-form-control wpcf7-text wpcf7-validates-as-required\" aria-required=\"true\" aria-invalid=\"false\" value=\"\" type=\"text\" name=\"code-postal\" \/><\/span><br \/>\n<span class=\"wpcf7-form-control-wrap\" data-name=\"ville\"><input size=\"40\" class=\"wpcf7-form-control wpcf7-text wpcf7-validates-as-required\" aria-required=\"true\" aria-invalid=\"false\" value=\"\" type=\"text\" name=\"ville\" \/><\/span>\n<\/p>\n<p class=\"sous-titre\">Je souhaite m'inscrire :\n<\/p>\n<h6>S\u00e9jour :\n<\/h6>\n<p><span class=\"wpcf7-form-control-wrap\" data-name=\"radio-1\"><span class=\"wpcf7-form-control wpcf7-radio case-cocher\"><span class=\"wpcf7-list-item first\"><label><input type=\"radio\" name=\"radio-1\" value=\"African Summer School\" checked=\"checked\" \/><span class=\"wpcf7-list-item-label\">African Summer School<\/span><\/label><\/span><span class=\"wpcf7-list-item\"><label><input type=\"radio\" name=\"radio-1\" value=\"Australian Summer School\" \/><span class=\"wpcf7-list-item-label\">Australian Summer School<\/span><\/label><\/span><span class=\"wpcf7-list-item last\"><label><input type=\"radio\" name=\"radio-1\" value=\"New Zealand Summer School\" \/><span class=\"wpcf7-list-item-label\">New Zealand Summer School<\/span><\/label><\/span><\/span><\/span>\n<\/p>\n<div data-id=\"group-australie\" data-orig_data_id=\"group-australie\" data-clear_on_hide data-class=\"wpcf7cf_group\">\n\t<h6>S\u00e9jour :\n\t<\/h6>\n\t<p><span class=\"wpcf7-form-control-wrap\" data-name=\"radio-2\"><span class=\"wpcf7-form-control wpcf7-radio case-cocher\"><span class=\"wpcf7-list-item first last\"><label><input type=\"radio\" name=\"radio-2\" value=\"6 semaines - Du 6 juillet au 24 ao\u00fbt 2026\" checked=\"checked\" \/><span class=\"wpcf7-list-item-label\">6 semaines - Du 6 juillet au 24 ao\u00fbt 2026<\/span><\/label><\/span><\/span><\/span>\n\t<\/p>\n<\/div>\n<div data-id=\"group-afrique-sud\" data-orig_data_id=\"group-afrique-sud\" data-clear_on_hide data-class=\"wpcf7cf_group\">\n\t<h6>Dur\u00e9e :\n\t<\/h6>\n\t<p><span class=\"wpcf7-form-control-wrap\" data-name=\"radio-5\"><span class=\"wpcf7-form-control wpcf7-radio case-cocher\"><span class=\"wpcf7-list-item first\"><label><input type=\"radio\" name=\"radio-5\" value=\"4 semaines\" checked=\"checked\" \/><span class=\"wpcf7-list-item-label\">4 semaines<\/span><\/label><\/span><span class=\"wpcf7-list-item\"><label><input type=\"radio\" name=\"radio-5\" value=\"6 semaines\" \/><span class=\"wpcf7-list-item-label\">6 semaines<\/span><\/label><\/span><span class=\"wpcf7-list-item last\"><label><input type=\"radio\" name=\"radio-5\" value=\"8 semaines\" \/><span class=\"wpcf7-list-item-label\">8 semaines<\/span><\/label><\/span><\/span><\/span>\n\t<\/p>\n\t<h6>Date d'arriv\u00e9e :\n\t<\/h6>\n\t<p><span class=\"wpcf7-form-control-wrap\" data-name=\"date-931\"><input size=\"40\" class=\"wpcf7-form-control wpcf7-text\" aria-invalid=\"false\" placeholder=\"entre le 18 juillet 2026 et le 30 ao\u00fbt 2026\" value=\"\" type=\"text\" name=\"date-931\" \/><\/span>\n\t<\/p>\n<\/div>\n<div data-id=\"group-nouvelle-zelande\" data-orig_data_id=\"group-nouvelle-zelande\" data-clear_on_hide data-class=\"wpcf7cf_group\">\n\t<h6>Dur\u00e9e :\n\t<\/h6>\n\t<p><span class=\"wpcf7-form-control-wrap\" data-name=\"radio-7\"><span class=\"wpcf7-form-control wpcf7-radio case-cocher\"><span class=\"wpcf7-list-item first\"><label><input type=\"radio\" name=\"radio-7\" value=\"4 semaines\" checked=\"checked\" \/><span class=\"wpcf7-list-item-label\">4 semaines<\/span><\/label><\/span><span class=\"wpcf7-list-item\"><label><input type=\"radio\" name=\"radio-7\" value=\"5 semaines\" \/><span class=\"wpcf7-list-item-label\">5 semaines<\/span><\/label><\/span><span class=\"wpcf7-list-item last\"><label><input type=\"radio\" name=\"radio-7\" value=\"6 semaines\" \/><span class=\"wpcf7-list-item-label\">6 semaines<\/span><\/label><\/span><\/span><\/span>\n\t<\/p>\n\t<h6>Date de d\u00e9part :\n\t<\/h6>\n\t<p><span class=\"wpcf7-form-control-wrap\" data-name=\"date-932\"><input size=\"40\" class=\"wpcf7-form-control wpcf7-text\" aria-invalid=\"false\" placeholder=\"\u00e9t\u00e9 2026\" value=\"\" type=\"text\" name=\"date-932\" \/><\/span>\n\t<\/p>\n\t<h6>R\u00e9gion :\n\t<\/h6>\n\t<p><span class=\"wpcf7-form-control-wrap\" data-name=\"radio-8\"><span class=\"wpcf7-form-control wpcf7-radio case-cocher\"><span class=\"wpcf7-list-item first\"><label><input type=\"radio\" name=\"radio-8\" value=\"Auckland\" checked=\"checked\" \/><span class=\"wpcf7-list-item-label\">Auckland<\/span><\/label><\/span><span class=\"wpcf7-list-item\"><label><input type=\"radio\" name=\"radio-8\" value=\"Wellington\" \/><span class=\"wpcf7-list-item-label\">Wellington<\/span><\/label><\/span><span class=\"wpcf7-list-item\"><label><input type=\"radio\" name=\"radio-8\" value=\"Christchurch\" \/><span class=\"wpcf7-list-item-label\">Christchurch<\/span><\/label><\/span><span class=\"wpcf7-list-item last\"><label><input type=\"radio\" name=\"radio-8\" value=\"Tauranga\" \/><span class=\"wpcf7-list-item-label\">Tauranga<\/span><\/label><\/span><\/span><\/span>\n\t<\/p>\n<\/div>\n<p class=\"sous-titre\">Autres informations :\n<\/p>\n<h6>Avez-vous un compte Instagram (optionnel) ?\n<\/h6>\n<p><span class=\"wpcf7-form-control-wrap\" data-name=\"insta\"><input size=\"40\" class=\"wpcf7-form-control wpcf7-text\" aria-invalid=\"false\" placeholder=\"Mon Compte Instagram\" value=\"\" type=\"text\" name=\"insta\" \/><\/span>\n<\/p>\n<p class=\"legende\">Les donn\u00e9es personnelles vous concernant recueillies par Calvin-Thomas font l\u2019objet d\u2019un traitement informatique destin\u00e9 \u00e0 r\u00e9pondre \u00e0 vos demandes. Ce traitement est bas\u00e9 sur votre consentement. Les destinataires des donn\u00e9es sont uniquement le personnel de Calvin-Thomas. Ces donn\u00e9es seront conserv\u00e9es pendant une dur\u00e9e de 3 ans \u00e0 compter de notre dernier contact et archiv\u00e9es pendant une dur\u00e9e de 5 ans maximum. Conform\u00e9ment \u00e0 la r\u00e8glementation en vigueur, vous b\u00e9n\u00e9ficiez d\u2019un droit d\u2019acc\u00e8s, de rectification, d\u2019effacement, de limitation et de portabilit\u00e9 de vos donn\u00e9es personnelles, du droit de d\u00e9finir des directives relatives au sort de ses donn\u00e9es personnelles apr\u00e8s votre mort, et du droit de formuler un recours devant une autorit\u00e9 de contr\u00f4le. Vous pouvez \u00e9galement, pour un motif l\u00e9gitime, vous opposer au traitement des donn\u00e9es personnelles vous concernant. Si vous souhaitez exercer ces droits merci de vous adresser \u00e0 Calvin-Thomas - 80 avenue Fernand Beno\u00eet - 13090 Aix-en-Provence ou courrier(at)calvin-thomas.com.\n<\/p>\n<p><input class=\"wpcf7-form-control wpcf7-submit has-spinner\" type=\"submit\" value=\"Envoyer\" \/>\n<\/p><div class=\"wpcf7-response-output\" aria-hidden=\"true\"><\/div>\n<\/form>\n<\/div>\n\n\n\n\n<div style=\"height:100px\" aria-hidden=\"true\" class=\"wp-block-spacer\"><\/div>\n","protected":false},"excerpt":{"rendered":"<p style=\"font-size:18px;text-align:center\" class=\"content-centrer max-500\">Apr\u00e8s avoir v\u00e9rifi\u00e9 les conditions d&#8217;inscription, compl\u00e9tez en quelques clics notre formulaire d&#8217;inscription \u00e0 un de nos s\u00e9jours Summer School !<\/p>\n<p> <a class=\"btn couleur large\" href=\"https:\/\/www.calvin-thomas.com\/summer-school\/inscription-sejour-summer-school\/\">EN SAVOIR PLUS <\/a><\/p>\n","protected":false},"author":1,"featured_media":116,"parent":0,"menu_order":0,"comment_status":"closed","ping_status":"closed","template":"","meta":{"_uag_custom_page_level_css":"","wp_popup_display_lightbox":0,"wp_popup_suppress":"","wp_popup_trigger":"","wp_popup_trigger_amount":0,"wp_popup_disable_on_mobile":false},"uagb_featured_image_src":{"full":["https:\/\/www.calvin-thomas.com\/summer-school\/wp-content\/uploads\/\/sites\/12\/2019\/11\/entete-inscription.jpg",1200,1200,false],"thumbnail":["https:\/\/www.calvin-thomas.com\/summer-school\/wp-content\/uploads\/\/sites\/12\/2019\/11\/entete-inscription-150x150.jpg",150,150,true],"medium":["https:\/\/www.calvin-thomas.com\/summer-school\/wp-content\/uploads\/\/sites\/12\/2019\/11\/entete-inscription-300x300.jpg",300,300,true],"medium_large":["https:\/\/www.calvin-thomas.com\/summer-school\/wp-content\/uploads\/\/sites\/12\/2019\/11\/entete-inscription-768x768.jpg",640,640,true],"large":["https:\/\/www.calvin-thomas.com\/summer-school\/wp-content\/uploads\/\/sites\/12\/2019\/11\/entete-inscription-1024x1024.jpg",640,640,true],"1536x1536":["https:\/\/www.calvin-thomas.com\/summer-school\/wp-content\/uploads\/\/sites\/12\/2019\/11\/entete-inscription.jpg",1200,1200,false],"2048x2048":["https:\/\/www.calvin-thomas.com\/summer-school\/wp-content\/uploads\/\/sites\/12\/2019\/11\/entete-inscription.jpg",1200,1200,false]},"uagb_author_info":{"display_name":"redac-calvinthomas","author_link":"https:\/\/www.calvin-thomas.com\/summer-school\/author\/redac-calvinthomas\/"},"uagb_comment_info":0,"uagb_excerpt":"Apr\u00e8s avoir v\u00e9rifi\u00e9 les conditions d&#8217;inscription, compl\u00e9tez en quelques clics notre formulaire d&#8217;inscription \u00e0 un de nos s\u00e9jours Summer School ! EN SAVOIR PLUS","_links":{"self":[{"href":"https:\/\/www.calvin-thomas.com\/summer-school\/wp-json\/wp\/v2\/pages\/88"}],"collection":[{"href":"https:\/\/www.calvin-thomas.com\/summer-school\/wp-json\/wp\/v2\/pages"}],"about":[{"href":"https:\/\/www.calvin-thomas.com\/summer-school\/wp-json\/wp\/v2\/types\/page"}],"author":[{"embeddable":true,"href":"https:\/\/www.calvin-thomas.com\/summer-school\/wp-json\/wp\/v2\/users\/1"}],"replies":[{"embeddable":true,"href":"https:\/\/www.calvin-thomas.com\/summer-school\/wp-json\/wp\/v2\/comments?post=88"}],"version-history":[{"count":0,"href":"https:\/\/www.calvin-thomas.com\/summer-school\/wp-json\/wp\/v2\/pages\/88\/revisions"}],"wp:featuredmedia":[{"embeddable":true,"href":"https:\/\/www.calvin-thomas.com\/summer-school\/wp-json\/wp\/v2\/media\/116"}],"wp:attachment":[{"href":"https:\/\/www.calvin-thomas.com\/summer-school\/wp-json\/wp\/v2\/media?parent=88"}],"curies":[{"name":"wp","href":"https:\/\/api.w.org\/{rel}","templated":true}]}}