{"id":438,"date":"2025-09-19T16:39:05","date_gmt":"2025-09-19T14:39:05","guid":{"rendered":"https:\/\/www.calvin-thomas.com\/workandstudy\/?page_id=438"},"modified":"2025-11-03T16:44:28","modified_gmt":"2025-11-03T15:44:28","slug":"pvt-permis-vacances-travail","status":"publish","type":"page","link":"https:\/\/www.calvin-thomas.com\/workandstudy\/informations-pratiques\/pvt-permis-vacances-travail\/","title":{"rendered":"Le PVT, kesako ?"},"content":{"rendered":"\n<p class=\"intro show-on-scroll\">Envie de quelques mois ou d&rsquo;une ann\u00e9e de c\u00e9sure pour partir \u00e0 l\u2019autre bout du monde ? Le PVT (Permis Vacances-Travail), c\u2019est LE s\u00e9same pour une aventure r\u00e9ussie. Tu voyages, tu perfectionnes ton anglais, tu bosses, tu rencontres des gens incroyables et tu d\u00e9couvres un pays de l\u2019int\u00e9rieur. <br><br>Bref, le PVT, c&rsquo;est ton visa pour le voyage d&rsquo;une vie.<\/p>\n\n\n\n<div style=\"height:20px\" aria-hidden=\"true\" class=\"wp-block-spacer\"><\/div>\n\n\n\n<figure class=\"wp-block-image size-full borderradius maxheight500 show-on-scroll\"><img loading=\"lazy\" decoding=\"async\" width=\"1500\" height=\"839\" src=\"https:\/\/www.calvin-thomas.com\/workandstudy\/wp-content\/uploads\/\/sites\/9\/PVT-permis-vacances-travail.webp\" alt=\"PVT, permis Vavacnces Travail\" class=\"wp-image-447\" srcset=\"https:\/\/www.calvin-thomas.com\/workandstudy\/wp-content\/uploads\/\/sites\/9\/PVT-permis-vacances-travail.webp 1500w, https:\/\/www.calvin-thomas.com\/workandstudy\/wp-content\/uploads\/\/sites\/9\/PVT-permis-vacances-travail-300x168.webp 300w, https:\/\/www.calvin-thomas.com\/workandstudy\/wp-content\/uploads\/\/sites\/9\/PVT-permis-vacances-travail-1024x573.webp 1024w, https:\/\/www.calvin-thomas.com\/workandstudy\/wp-content\/uploads\/\/sites\/9\/PVT-permis-vacances-travail-768x430.webp 768w\" sizes=\"(max-width: 1500px) 100vw, 1500px\" \/><\/figure>\n\n\n\n<div style=\"height:100px\" aria-hidden=\"true\" id=\"inscription\" class=\"wp-block-spacer\"><\/div>\n\n\n\n<div class=\"wp-block-columns is-layout-flex wp-container-core-columns-is-layout-1 wp-block-columns-is-layout-flex\">\n<div class=\"wp-block-column is-layout-flow wp-block-column-is-layout-flow\"><\/div>\n\n\n\n<div class=\"wp-block-column is-layout-flow wp-block-column-is-layout-flow\">\n<figure class=\"wp-block-image size-full max150 show-on-scroll\"><img decoding=\"async\" src=\"https:\/\/www.calvin-thomas.com\/workandstudy\/wp-content\/uploads\/\/sites\/9\/PVT.svg\" alt=\"Qu'est-ce qu'un PVT ?\" class=\"wp-image-485\"\/><\/figure>\n\n\n\n<p class=\"show-on-scroll\">Le <strong>PVT<\/strong> ou <strong>Permis Vacances-Travail<\/strong> (en anglais <em>Working Holiday Visa<\/em> \u2014 WHV \u2014), c\u2019est un peu le passeport magique pour les jeunes Fran\u00e7ais de 18 \u00e0 35 ans. Tu peux partir voyager ET travailler \u00e0 l\u2019\u00e9tranger dans la quinzaines pays dans le monde qui propose ce visa (Canada, Australie, Japon,&#8230;).<\/p>\n\n\n\n<p class=\"show-on-scroll\">L\u2019id\u00e9e de ce programme d\u2019\u00e9change international ? T\u2019immerger dans une nouvelle culture, vivre le pays de l\u2019int\u00e9rieur, tout en finan\u00e7ant tes aventures avec des petits boulots et stages sur place.<\/p>\n\n\n\n<div class=\"wp-block-buttons show-on-scroll is-layout-flex wp-block-buttons-is-layout-flex\">\n<div class=\"wp-block-button btn-cta-center\"><a class=\"wp-block-button__link has-white-color has-text-color has-background has-link-color wp-element-button\" href=\"https:\/\/www.calvin-thomas.com\/workandstudy\/work-and-study-canada\/\" style=\"background-color:#5dc8c8\">Le PVT Canada<\/a><\/div>\n<\/div>\n<\/div>\n<\/div>\n\n\n\n<div class=\"wp-block-columns is-layout-flex wp-container-core-columns-is-layout-2 wp-block-columns-is-layout-flex\">\n<div class=\"wp-block-column is-layout-flow wp-block-column-is-layout-flow\">\n<div style=\"height:80px\" aria-hidden=\"true\" class=\"wp-block-spacer\"><\/div>\n<\/div>\n<\/div>\n\n\n\n<p class=\"rubrique margin0 max800 center-desktop show-on-scroll has-text-color has-link-color wp-elements-f4e05c9e81e0e26208020310251df0c8\" style=\"color:#20436d\"><span style=\"color:red\">\/<\/span> le PVT en d\u00e9tail<\/p>\n\n\n\n<div style=\"height:20px\" aria-hidden=\"true\" class=\"wp-block-spacer\"><\/div>\n\n\n\n<h2 class=\"wp-block-heading margin0 font-45 max800 center-desktop show-on-scroll has-text-color has-link-color wp-elements-a5bdf485f50224ae6ac5a1d49e1b9e1e\" style=\"color:#20436d\"><span style=\"color:#ec6f57\">Les avantages<\/span> <br>de partir en PVT<\/h2>\n\n\n\n<div style=\"height:50px\" aria-hidden=\"true\" class=\"wp-block-spacer\"><\/div>\n\n\n\n<div class=\"wp-block-columns are-vertically-aligned-bottom is-layout-flex wp-container-core-columns-is-layout-3 wp-block-columns-is-layout-flex\">\n<div class=\"wp-block-column is-vertically-aligned-bottom is-layout-flow wp-block-column-is-layout-flow\" style=\"flex-basis:33.33%\">\n<figure class=\"wp-block-image size-full borderradiusimg show-on-scroll\"><img loading=\"lazy\" decoding=\"async\" width=\"682\" height=\"645\" src=\"https:\/\/www.calvin-thomas.com\/workandstudy\/wp-content\/uploads\/\/sites\/9\/points-forts-PVT.webp\" alt=\"points forts du PVT\" class=\"wp-image-886\" srcset=\"https:\/\/www.calvin-thomas.com\/workandstudy\/wp-content\/uploads\/\/sites\/9\/points-forts-PVT.webp 682w, https:\/\/www.calvin-thomas.com\/workandstudy\/wp-content\/uploads\/\/sites\/9\/points-forts-PVT-300x284.webp 300w\" sizes=\"(max-width: 682px) 100vw, 682px\" \/><\/figure>\n<\/div>\n\n\n\n<div class=\"wp-block-column is-vertically-aligned-bottom bloc-pointsforts margintopmoins30 is-layout-flow wp-block-column-is-layout-flow\" style=\"flex-basis:66.66%\">\n<ul>\n<li class=\"show-on-scroll\"><strong>Un visa pour tous<\/strong>, quelque soit ton niveau d\u2019\u00e9tudes ou de langue.<\/li>\n\n\n\n<li class=\"show-on-scroll\"><strong>La libert\u00e9 de travailler<\/strong> dans de nombreux secteurs et pour plusieurs employeurs durant ton s\u00e9jour.<\/li>\n\n\n\n<li class=\"show-on-scroll\"><strong>Une flexibilit\u00e9 totale avec des s\u00e9jours longue dur\u00e9e<\/strong> de 12 semaines \u00e0 24 mois pour une immersion compl\u00e8te.<\/li>\n\n\n\n<li class=\"show-on-scroll\"><strong>Un autofinancement de votre s\u00e9jour possible<\/strong> en travaillant sur place.<\/li>\n\n\n\n<li class=\"show-on-scroll\"><strong>Des d\u00e9marches simples et rapides<\/strong>. Pour le Canada, toute la demande se fera en ligne. La prise d&#8217;empreintes biom\u00e9triques  n\u00e9cessite en revanche un RDV dans un centre VFS Global (\u00e0 Paris ou \u00e0 Lyon).<\/li>\n\n\n\n<li class=\"show-on-scroll\"><strong>Un visa aux opportunit\u00e9s vari\u00e9es,<\/strong> que tu veuilles partir pour visiter un pays, am\u00e9liorer ton niveau de langue, acqu\u00e9rir une exp\u00e9rience internationale valorisante,&#8230;<\/li>\n<\/ul>\n\n\n\n<div style=\"height:20px\" aria-hidden=\"true\" class=\"wp-block-spacer\"><\/div>\n<\/div>\n<\/div>\n\n\n\n<div class=\"wp-block-columns are-vertically-aligned-bottom has-2-columns column-centre is-layout-flex wp-container-core-columns-is-layout-4 wp-block-columns-is-layout-flex\">\n<div class=\"wp-block-column is-vertically-aligned-bottom is-layout-flow wp-block-column-is-layout-flow\">\n<div class=\"wp-block-uagb-info-box uagb-block-5d3a0ade spectra-gbs-bloc-rouge1757597004117 uagb-infobox__content-wrap  uagb-infobox-icon-above-title uagb-infobox-image-valign-top wp-block-uagb-info-box--has-margin carrerouge graphisme1 show-on-scroll\"><div class=\"uagb-infobox-margin-wrapper\"><div class=\"uagb-ifb-content\"><div class=\"uagb-ifb-title-wrap\"><h3 class=\"uagb-ifb-title\">Conditions de participation<\/h3><\/div><\/div><\/div><\/div>\n<\/div>\n\n\n\n<div class=\"wp-block-column is-vertically-aligned-bottom is-layout-flow wp-block-column-is-layout-flow\">\n<ul class=\"show-on-scroll\">\n<li>Avoir entre 18 et 35 ans<\/li>\n\n\n\n<li>D\u00e9tenir un passeport fran\u00e7ais, belge ou luxembourgeois valide<\/li>\n\n\n\n<li>\u00catre en bonne sant\u00e9<\/li>\n\n\n\n<li>Ne pas avoir d\u00e9j\u00e0 b\u00e9n\u00e9fici\u00e9 du PVT dans le pays choisi<\/li>\n\n\n\n<li>Disposer de fonds suffisants pour subvenir \u00e0 vos besoins en d\u00e9but de s\u00e9jour<\/li>\n\n\n\n<li>Souscrire une assurance sant\u00e9\/rapatriement pour toute la dur\u00e9e du s\u00e9jour (elle est fournie par Calvin-Thomas \ud83d\ude00)<\/li>\n\n\n\n<li>Ne pas avoir d\u2019enfants \u00e0 charge<\/li>\n<\/ul>\n\n\n\n<div style=\"height:30px\" aria-hidden=\"true\" class=\"wp-block-spacer\"><\/div>\n<\/div>\n<\/div>\n\n\n\n<div class=\"wp-block-columns are-vertically-aligned-center borderradius padding30 encartinfossupp max800 center-desktop show-on-scroll has-white-color has-text-color has-background has-link-color wp-elements-30a4305d2b6575f2215861aa18b70538 is-layout-flex wp-container-core-columns-is-layout-5 wp-block-columns-is-layout-flex\" style=\"background-color:#3c50be\">\n<div class=\"wp-block-column is-vertically-aligned-center is-layout-flow wp-block-column-is-layout-flow\" style=\"flex-basis:33.33%\">\n<div class=\"wp-block-group galeriephotos\"><div class=\"wp-block-group__inner-container is-layout-constrained wp-block-group-is-layout-constrained\">\n<figure class=\"wp-block-image size-full max250 center-desktop\"><img decoding=\"async\" src=\"https:\/\/www.calvin-thomas.com\/workandstudy\/wp-content\/uploads\/\/sites\/9\/bon-plan.svg\" alt=\"bon plan PVT\" class=\"wp-image-747\"\/><\/figure>\n<\/div><\/div>\n\n\n\n<div style=\"height:35px\" aria-hidden=\"true\" class=\"wp-block-spacer\"><\/div>\n<\/div>\n\n\n\n<div class=\"wp-block-column is-vertically-aligned-center is-layout-flow wp-block-column-is-layout-flow\" style=\"flex-basis:66.66%\">\n<p class=\"font-18 blocblanc margin0 rotate has-text-color has-link-color wp-elements-ff58ed5fa9b92bee9dea3369f8ffeeda\" style=\"color:#20436d\">Le bon plan<\/p>\n\n\n\n<div style=\"height:30px\" aria-hidden=\"true\" class=\"wp-block-spacer\"><\/div>\n\n\n\n<h4 class=\"wp-block-heading font-22\">D\u00e9joue les quotas du PVT avec l&rsquo;offre \u201cWork and Study Canada\u201d de Calvin-Thomas<\/h4>\n\n\n\n<div style=\"height:30px\" aria-hidden=\"true\" class=\"wp-block-spacer\"><\/div>\n\n\n\n<div class=\"wp-block-buttons center-desktop is-layout-flex wp-block-buttons-is-layout-flex\">\n<div class=\"wp-block-button btn-cta-center\"><a class=\"wp-block-button__link has-white-color has-text-color has-background has-link-color wp-element-button\" href=\"https:\/\/www.calvin-thomas.com\/workandstudy\/work-and-study-canada\/\" style=\"background-color:#f1bb49\">Je d\u00e9couvre<\/a><\/div>\n<\/div>\n<\/div>\n<\/div>\n\n\n\n<div style=\"height:40px\" aria-hidden=\"true\" class=\"wp-block-spacer\"><\/div>\n\n\n\n<svg id=\"Calque_1\" class=\"show-on-scroll\" xmlns=\"http:\/\/www.w3.org\/2000\/svg\" version=\"1.1\" viewBox=\"0 0 5.3 132.6\" style=\"height: 130px; margin:0 auto; display: block;\">\n  <rect class=\"st0\" x=\"2.1\" y=\"1\" width=\"4\" height=\"130\" style=\"fill: #20436d;\"\/>\n<\/svg>\n\n\n\n<div class=\"wp-block-columns is-layout-flex wp-container-core-columns-is-layout-6 wp-block-columns-is-layout-flex\">\n<div class=\"wp-block-column is-layout-flow wp-block-column-is-layout-flow\">\n<div style=\"height:20px\" aria-hidden=\"true\" class=\"wp-block-spacer\"><\/div>\n<\/div>\n<\/div>\n\n\n\n<div style=\"height:20px\" aria-hidden=\"true\" class=\"wp-block-spacer\"><\/div>\n\n\n\n<h2 class=\"wp-block-heading margin0 font-45 max800 center-desktop show-on-scroll has-text-color has-link-color wp-elements-13ff74664b10666efae0f4ac10bada7f\" style=\"color:#20436d\">En bref,<br><span style=\"color:#ffffff\">4 bonnes raisons<\/span> <br>de vivre un PVT<\/h2>\n\n\n\n<div style=\"height:20px\" aria-hidden=\"true\" class=\"wp-block-spacer\"><\/div>\n\n\n\n<p class=\"center-desktop   show-on-scroll\">Un PVT, ce n\u2019est pas juste un visa : c\u2019est une exp\u00e9rience de vie qui change ta fa\u00e7on de voir le monde (et toi-m\u00eame).<\/p>\n\n\n\n<div style=\"height:50px\" aria-hidden=\"true\" class=\"wp-block-spacer\"><\/div>\n\n\n\n<div class=\"wp-block-group padding30 bonnesraisons borderradius max800 center-desktop show-on-scroll has-background\" style=\"background-color:#5dc8c8\"><div class=\"wp-block-group__inner-container is-layout-constrained wp-block-group-is-layout-constrained\">\n<div class=\"owl-carousel owl-theme\"><div class=\"item\">\n\n\n\n<div class=\"wp-block-group\"><div class=\"wp-block-group__inner-container is-layout-constrained wp-block-group-is-layout-constrained\">\n<figure class=\"wp-block-image size-full max150 center-desktop\"><img decoding=\"async\" src=\"https:\/\/www.calvin-thomas.com\/workandstudy\/wp-content\/uploads\/\/sites\/9\/chiffre1.svg\" alt=\"bonne raison n\u00b01\" class=\"wp-image-520\"\/><\/figure>\n\n\n\n<h3 class=\"wp-block-heading\">Un break bien m\u00e9rit\u00e9<\/h3>\n\n\n\n<p>Que tu sois \u00e9tudiant, jeune dipl\u00f4m\u00e9, salari\u00e9 en pause ou en pleine remise en question, le PVT est l\u2019occasion de prendre du recul. C\u2019est l\u2019ann\u00e9e de c\u00e9sure dont tu r\u00eaves : voyage, rencontres, d\u00e9couvertes\u2026 et z\u00e9ro routine.<\/p>\n\n\n\n<div style=\"height:80px\" aria-hidden=\"true\" class=\"wp-block-spacer\"><\/div>\n<\/div><\/div>\n\n\n\n<\/div><div class=\"item\">\n\n\n\n<figure class=\"wp-block-image size-full max150 center-desktop\"><img decoding=\"async\" src=\"https:\/\/www.calvin-thomas.com\/workandstudy\/wp-content\/uploads\/\/sites\/9\/chiffre2.svg\" alt=\"\" class=\"wp-image-522\"\/><\/figure>\n\n\n\n<h3 class=\"wp-block-heading\">Une immersion totale<\/h3>\n\n\n\n<p>Fini les voyages express avec 3 mus\u00e9es en 2 jours. En PVT, tu vis au rythme du pays : tu d\u00e9couvres les petites habitudes locales, tu cuisines leurs plats, tu apprends leur langue.<\/p>\n\n\n\n<div style=\"height:80px\" aria-hidden=\"true\" class=\"wp-block-spacer\"><\/div>\n\n\n\n<\/div><div class=\"item\">\n\n\n\n<figure class=\"wp-block-image size-full max150 center-desktop\"><img decoding=\"async\" src=\"https:\/\/www.calvin-thomas.com\/workandstudy\/wp-content\/uploads\/\/sites\/9\/chiffre3.svg\" alt=\"\" class=\"wp-image-523\"\/><\/figure>\n\n\n\n<h3 class=\"wp-block-heading\">Un vrai boost pour ton CV<\/h3>\n\n\n\n<p>Les recruteurs adorent les profils qui ont voyag\u00e9 et travaill\u00e9 \u00e0 l\u2019\u00e9tranger. \u00c7a prouve ton ouverture, ton sens de l\u2019adaptation et ta capacit\u00e9 \u00e0 sortir de ta zone de confort. Ton PVT, c\u2019est aussi un atout pro.<\/p>\n\n\n\n<div style=\"height:80px\" aria-hidden=\"true\" class=\"wp-block-spacer\"><\/div>\n\n\n\n<\/div><div class=\"item\">\n\n\n\n<figure class=\"wp-block-image size-full max150 center-desktop\"><img decoding=\"async\" src=\"https:\/\/www.calvin-thomas.com\/workandstudy\/wp-content\/uploads\/\/sites\/9\/chiffre4.svg\" alt=\"\" class=\"wp-image-524\"\/><\/figure>\n\n\n\n<h3 class=\"wp-block-heading\">Des souvenirs pour toujours<\/h3>\n\n\n\n<p>Au final, ce que tu retiendras d\u2019un PVT, ce sont des moments intenses : la premi\u00e8re fois que tu comprends une blague en anglais, ton road trip \u00e0 travers les Rocheuses, ou encore cette gal\u00e8re qui, quelques mois plus tard, devient l\u2019anecdote que tu racontes \u00e0 tout le monde.<\/p>\n\n\n\n<div style=\"height:80px\" aria-hidden=\"true\" class=\"wp-block-spacer\"><\/div>\n\n\n\n<\/div><\/div>\n<\/div><\/div>\n\n\n\n<div style=\"height:100px\" aria-hidden=\"true\" class=\"wp-block-spacer\"><\/div>\n","protected":false},"excerpt":{"rendered":"<p>Envie de quelques mois ou d&rsquo;une ann\u00e9e de c\u00e9sure pour partir \u00e0 l\u2019autre bout du monde ? Le PVT (Permis Vacances-Travail), c\u2019est LE s\u00e9same pour une aventure r\u00e9ussie. Tu voyages, tu perfectionnes ton anglais, tu bosses, tu rencontres des gens incroyables et tu d\u00e9couvres un pays de l\u2019int\u00e9rieur. Bref, le PVT, c&rsquo;est ton visa pour [&hellip;]<\/p>\n","protected":false},"author":1,"featured_media":0,"parent":27,"menu_order":0,"comment_status":"closed","ping_status":"closed","template":"","meta":{"_eb_attr":"","_uag_custom_page_level_css":"","footnotes":""},"yoast_head":"<!-- This site is optimized with the Yoast SEO plugin v22.4 - https:\/\/yoast.com\/wordpress\/plugins\/seo\/ -->\n<title>Le PVT, c\u2019est plus qu\u2019un visa. C\u2019est ton ticket pour l\u2019aventure \ud83c\udf92<\/title>\n<meta name=\"robots\" content=\"index, follow, max-snippet:-1, max-image-preview:large, max-video-preview:-1\" \/>\n<link rel=\"canonical\" href=\"https:\/\/www.calvin-thomas.com\/workandstudy\/informations-pratiques\/pvt-permis-vacances-travail\/\" \/>\n<meta property=\"og:locale\" content=\"fr_FR\" \/>\n<meta property=\"og:type\" content=\"article\" \/>\n<meta property=\"og:title\" content=\"Le PVT, c\u2019est plus qu\u2019un visa. C\u2019est ton ticket pour l\u2019aventure \ud83c\udf92\" \/>\n<meta property=\"og:description\" content=\"Envie de quelques mois ou d&rsquo;une ann\u00e9e de c\u00e9sure pour partir \u00e0 l\u2019autre bout du monde ? Le PVT (Permis Vacances-Travail), c\u2019est LE s\u00e9same pour une aventure r\u00e9ussie. Tu voyages, tu perfectionnes ton anglais, tu bosses, tu rencontres des gens incroyables et tu d\u00e9couvres un pays de l\u2019int\u00e9rieur. Bref, le PVT, c&rsquo;est ton visa pour [&hellip;]\" \/>\n<meta property=\"og:url\" content=\"https:\/\/www.calvin-thomas.com\/workandstudy\/informations-pratiques\/pvt-permis-vacances-travail\/\" \/>\n<meta property=\"og:site_name\" content=\"Work and Study\" \/>\n<meta property=\"article:modified_time\" content=\"2025-11-03T15:44:28+00:00\" \/>\n<meta property=\"og:image\" content=\"https:\/\/www.calvin-thomas.com\/workandstudy\/wp-content\/uploads\/\/sites\/9\/PVT-permis-vacances-travail.webp\" \/>\n<meta name=\"twitter:card\" content=\"summary_large_image\" \/>\n<meta name=\"twitter:label1\" content=\"Dur\u00e9e de lecture estim\u00e9e\" \/>\n\t<meta name=\"twitter:data1\" content=\"5 minutes\" \/>\n<script type=\"application\/ld+json\" class=\"yoast-schema-graph\">{\"@context\":\"https:\/\/schema.org\",\"@graph\":[{\"@type\":\"WebPage\",\"@id\":\"https:\/\/www.calvin-thomas.com\/workandstudy\/informations-pratiques\/pvt-permis-vacances-travail\/\",\"url\":\"https:\/\/www.calvin-thomas.com\/workandstudy\/informations-pratiques\/pvt-permis-vacances-travail\/\",\"name\":\"Le PVT, c\u2019est plus qu\u2019un visa. C\u2019est ton ticket pour l\u2019aventure \ud83c\udf92\",\"isPartOf\":{\"@id\":\"https:\/\/www.calvin-thomas.com\/workandstudy\/#website\"},\"primaryImageOfPage\":{\"@id\":\"https:\/\/www.calvin-thomas.com\/workandstudy\/informations-pratiques\/pvt-permis-vacances-travail\/#primaryimage\"},\"image\":{\"@id\":\"https:\/\/www.calvin-thomas.com\/workandstudy\/informations-pratiques\/pvt-permis-vacances-travail\/#primaryimage\"},\"thumbnailUrl\":\"https:\/\/www.calvin-thomas.com\/workandstudy\/wp-content\/uploads\/\/sites\/9\/PVT-permis-vacances-travail.webp\",\"datePublished\":\"2025-09-19T14:39:05+00:00\",\"dateModified\":\"2025-11-03T15:44:28+00:00\",\"breadcrumb\":{\"@id\":\"https:\/\/www.calvin-thomas.com\/workandstudy\/informations-pratiques\/pvt-permis-vacances-travail\/#breadcrumb\"},\"inLanguage\":\"fr-FR\",\"potentialAction\":[{\"@type\":\"ReadAction\",\"target\":[\"https:\/\/www.calvin-thomas.com\/workandstudy\/informations-pratiques\/pvt-permis-vacances-travail\/\"]}]},{\"@type\":\"ImageObject\",\"inLanguage\":\"fr-FR\",\"@id\":\"https:\/\/www.calvin-thomas.com\/workandstudy\/informations-pratiques\/pvt-permis-vacances-travail\/#primaryimage\",\"url\":\"https:\/\/www.calvin-thomas.com\/workandstudy\/wp-content\/uploads\/\/sites\/9\/PVT-permis-vacances-travail.webp\",\"contentUrl\":\"https:\/\/www.calvin-thomas.com\/workandstudy\/wp-content\/uploads\/\/sites\/9\/PVT-permis-vacances-travail.webp\",\"width\":1500,\"height\":839},{\"@type\":\"BreadcrumbList\",\"@id\":\"https:\/\/www.calvin-thomas.com\/workandstudy\/informations-pratiques\/pvt-permis-vacances-travail\/#breadcrumb\",\"itemListElement\":[{\"@type\":\"ListItem\",\"position\":1,\"name\":\"Accueil\",\"item\":\"https:\/\/www.calvin-thomas.com\/workandstudy\/\"},{\"@type\":\"ListItem\",\"position\":2,\"name\":\"Informations pratiques\",\"item\":\"https:\/\/www.calvin-thomas.com\/workandstudy\/informations-pratiques\/\"},{\"@type\":\"ListItem\",\"position\":3,\"name\":\"Le PVT, kesako ?\"}]},{\"@type\":\"WebSite\",\"@id\":\"https:\/\/www.calvin-thomas.com\/workandstudy\/#website\",\"url\":\"https:\/\/www.calvin-thomas.com\/workandstudy\/\",\"name\":\"Work and Study\",\"description\":\"Un site utilisant Les sites de Calvin-Thomas\",\"potentialAction\":[{\"@type\":\"SearchAction\",\"target\":{\"@type\":\"EntryPoint\",\"urlTemplate\":\"https:\/\/www.calvin-thomas.com\/workandstudy\/?s={search_term_string}\"},\"query-input\":\"required name=search_term_string\"}],\"inLanguage\":\"fr-FR\"}]}<\/script>\n<!-- \/ Yoast SEO plugin. -->","yoast_head_json":{"title":"Le PVT, c\u2019est plus qu\u2019un visa. C\u2019est ton ticket pour l\u2019aventure \ud83c\udf92","robots":{"index":"index","follow":"follow","max-snippet":"max-snippet:-1","max-image-preview":"max-image-preview:large","max-video-preview":"max-video-preview:-1"},"canonical":"https:\/\/www.calvin-thomas.com\/workandstudy\/informations-pratiques\/pvt-permis-vacances-travail\/","og_locale":"fr_FR","og_type":"article","og_title":"Le PVT, c\u2019est plus qu\u2019un visa. C\u2019est ton ticket pour l\u2019aventure \ud83c\udf92","og_description":"Envie de quelques mois ou d&rsquo;une ann\u00e9e de c\u00e9sure pour partir \u00e0 l\u2019autre bout du monde ? Le PVT (Permis Vacances-Travail), c\u2019est LE s\u00e9same pour une aventure r\u00e9ussie. Tu voyages, tu perfectionnes ton anglais, tu bosses, tu rencontres des gens incroyables et tu d\u00e9couvres un pays de l\u2019int\u00e9rieur. Bref, le PVT, c&rsquo;est ton visa pour [&hellip;]","og_url":"https:\/\/www.calvin-thomas.com\/workandstudy\/informations-pratiques\/pvt-permis-vacances-travail\/","og_site_name":"Work and Study","article_modified_time":"2025-11-03T15:44:28+00:00","og_image":[{"url":"https:\/\/www.calvin-thomas.com\/workandstudy\/wp-content\/uploads\/\/sites\/9\/PVT-permis-vacances-travail.webp"}],"twitter_card":"summary_large_image","twitter_misc":{"Dur\u00e9e de lecture estim\u00e9e":"5 minutes"},"schema":{"@context":"https:\/\/schema.org","@graph":[{"@type":"WebPage","@id":"https:\/\/www.calvin-thomas.com\/workandstudy\/informations-pratiques\/pvt-permis-vacances-travail\/","url":"https:\/\/www.calvin-thomas.com\/workandstudy\/informations-pratiques\/pvt-permis-vacances-travail\/","name":"Le PVT, c\u2019est plus qu\u2019un visa. C\u2019est ton ticket pour l\u2019aventure \ud83c\udf92","isPartOf":{"@id":"https:\/\/www.calvin-thomas.com\/workandstudy\/#website"},"primaryImageOfPage":{"@id":"https:\/\/www.calvin-thomas.com\/workandstudy\/informations-pratiques\/pvt-permis-vacances-travail\/#primaryimage"},"image":{"@id":"https:\/\/www.calvin-thomas.com\/workandstudy\/informations-pratiques\/pvt-permis-vacances-travail\/#primaryimage"},"thumbnailUrl":"https:\/\/www.calvin-thomas.com\/workandstudy\/wp-content\/uploads\/\/sites\/9\/PVT-permis-vacances-travail.webp","datePublished":"2025-09-19T14:39:05+00:00","dateModified":"2025-11-03T15:44:28+00:00","breadcrumb":{"@id":"https:\/\/www.calvin-thomas.com\/workandstudy\/informations-pratiques\/pvt-permis-vacances-travail\/#breadcrumb"},"inLanguage":"fr-FR","potentialAction":[{"@type":"ReadAction","target":["https:\/\/www.calvin-thomas.com\/workandstudy\/informations-pratiques\/pvt-permis-vacances-travail\/"]}]},{"@type":"ImageObject","inLanguage":"fr-FR","@id":"https:\/\/www.calvin-thomas.com\/workandstudy\/informations-pratiques\/pvt-permis-vacances-travail\/#primaryimage","url":"https:\/\/www.calvin-thomas.com\/workandstudy\/wp-content\/uploads\/\/sites\/9\/PVT-permis-vacances-travail.webp","contentUrl":"https:\/\/www.calvin-thomas.com\/workandstudy\/wp-content\/uploads\/\/sites\/9\/PVT-permis-vacances-travail.webp","width":1500,"height":839},{"@type":"BreadcrumbList","@id":"https:\/\/www.calvin-thomas.com\/workandstudy\/informations-pratiques\/pvt-permis-vacances-travail\/#breadcrumb","itemListElement":[{"@type":"ListItem","position":1,"name":"Accueil","item":"https:\/\/www.calvin-thomas.com\/workandstudy\/"},{"@type":"ListItem","position":2,"name":"Informations pratiques","item":"https:\/\/www.calvin-thomas.com\/workandstudy\/informations-pratiques\/"},{"@type":"ListItem","position":3,"name":"Le PVT, kesako ?"}]},{"@type":"WebSite","@id":"https:\/\/www.calvin-thomas.com\/workandstudy\/#website","url":"https:\/\/www.calvin-thomas.com\/workandstudy\/","name":"Work and Study","description":"Un site utilisant Les sites de Calvin-Thomas","potentialAction":[{"@type":"SearchAction","target":{"@type":"EntryPoint","urlTemplate":"https:\/\/www.calvin-thomas.com\/workandstudy\/?s={search_term_string}"},"query-input":"required name=search_term_string"}],"inLanguage":"fr-FR"}]}},"uagb_featured_image_src":{"full":false,"thumbnail":false,"medium":false,"medium_large":false,"large":false,"1536x1536":false,"2048x2048":false,"gform-image-choice-sm":false,"gform-image-choice-md":false,"gform-image-choice-lg":false},"uagb_author_info":{"display_name":"redac-calvinthomas","author_link":"https:\/\/www.calvin-thomas.com\/workandstudy\/author\/redac-calvinthomas\/"},"uagb_comment_info":0,"uagb_excerpt":"Envie de quelques mois ou d&rsquo;une ann\u00e9e de c\u00e9sure pour partir \u00e0 l\u2019autre bout du monde ? Le PVT (Permis Vacances-Travail), c\u2019est LE s\u00e9same pour une aventure r\u00e9ussie. Tu voyages, tu perfectionnes ton anglais, tu bosses, tu rencontres des gens incroyables et tu d\u00e9couvres un pays de l\u2019int\u00e9rieur. Bref, le PVT, c&rsquo;est ton visa pour\u2026","_links":{"self":[{"href":"https:\/\/www.calvin-thomas.com\/workandstudy\/wp-json\/wp\/v2\/pages\/438"}],"collection":[{"href":"https:\/\/www.calvin-thomas.com\/workandstudy\/wp-json\/wp\/v2\/pages"}],"about":[{"href":"https:\/\/www.calvin-thomas.com\/workandstudy\/wp-json\/wp\/v2\/types\/page"}],"author":[{"embeddable":true,"href":"https:\/\/www.calvin-thomas.com\/workandstudy\/wp-json\/wp\/v2\/users\/1"}],"replies":[{"embeddable":true,"href":"https:\/\/www.calvin-thomas.com\/workandstudy\/wp-json\/wp\/v2\/comments?post=438"}],"version-history":[{"count":71,"href":"https:\/\/www.calvin-thomas.com\/workandstudy\/wp-json\/wp\/v2\/pages\/438\/revisions"}],"predecessor-version":[{"id":887,"href":"https:\/\/www.calvin-thomas.com\/workandstudy\/wp-json\/wp\/v2\/pages\/438\/revisions\/887"}],"up":[{"embeddable":true,"href":"https:\/\/www.calvin-thomas.com\/workandstudy\/wp-json\/wp\/v2\/pages\/27"}],"wp:attachment":[{"href":"https:\/\/www.calvin-thomas.com\/workandstudy\/wp-json\/wp\/v2\/media?parent=438"}],"curies":[{"name":"wp","href":"https:\/\/api.w.org\/{rel}","templated":true}]}}