{"id":98,"date":"2025-09-11T12:06:08","date_gmt":"2025-09-11T10:06:08","guid":{"rendered":"https:\/\/www.calvin-thomas.com\/workandstudy\/?page_id=98"},"modified":"2025-11-03T16:50:44","modified_gmt":"2025-11-03T15:50:44","slug":"contact","status":"publish","type":"page","link":"https:\/\/www.calvin-thomas.com\/workandstudy\/informations-pratiques\/contact\/","title":{"rendered":"On parle de ton projet ?"},"content":{"rendered":"\n<p class=\"intro show-on-scroll\">Ton projet de c\u00e9sure et de PVT m\u00e9rite mieux qu\u2019un tuto YouTube ou un forum. Ici, tu as une \u00e9quipe (et une communaut\u00e9 d&rsquo;ancien.e.s participant.e.s) qui t\u2019\u00e9coutent, te guident et t\u2019accompagnent pour transformer ton envie d\u2019ailleurs en une vraie aventure.<\/p>\n\n\n\n<div style=\"height:40px\" aria-hidden=\"true\" class=\"wp-block-spacer\"><\/div>\n\n\n\n<div class=\"wp-block-columns are-vertically-aligned-bottom has-2-columns column-centre is-layout-flex wp-container-core-columns-is-layout-1 wp-block-columns-is-layout-flex\">\n<div class=\"wp-block-column is-vertically-aligned-bottom is-layout-flow wp-block-column-is-layout-flow\"><div class=\"wp-block-image show-on-scroll borderradiusimg\">\n<figure class=\"alignright size-full\"><img loading=\"lazy\" decoding=\"async\" width=\"285\" height=\"333\" src=\"https:\/\/www.calvin-thomas.com\/workandstudy\/wp-content\/uploads\/\/sites\/9\/claire-hill.webp\" alt=\"Claire Hill responsable Work and Study Calvin-Thomas, vous accompagne\" class=\"wp-image-888\" srcset=\"https:\/\/www.calvin-thomas.com\/workandstudy\/wp-content\/uploads\/\/sites\/9\/claire-hill.webp 285w, https:\/\/www.calvin-thomas.com\/workandstudy\/wp-content\/uploads\/\/sites\/9\/claire-hill-257x300.webp 257w\" sizes=\"(max-width: 285px) 100vw, 285px\" \/><\/figure><\/div>\n\n\n<p><\/p>\n<\/div>\n\n\n\n<div class=\"wp-block-column is-vertically-aligned-bottom is-layout-flow wp-block-column-is-layout-flow\">\n<p class=\"font-45 blocblanc margin0 show-on-scroll has-text-color has-link-color wp-elements-67613ffeb732971920ec12736d474948\" style=\"color:#5dc8c8\">Claire<\/p>\n\n\n\n<p class=\"font-18 blocblanc margin0 rotate has-text-color has-link-color wp-elements-d74cb6ab4dcd2f5ce65bf681bb92683c\" style=\"color:#20436d\">responsable du programme Work and Study<\/p>\n\n\n\n<p class=\"show-on-scroll\">te conseille et t\u2019accompagne pour r\u00e9pondre \u00e0 toutes tes questions et construire l\u2019exp\u00e9rience qui te ressemble.<\/p>\n\n\n\n<div style=\"height:20px\" aria-hidden=\"true\" class=\"wp-block-spacer\"><\/div>\n\n\n\n<div class=\"ligne verte max400 show-on-scroll\"><figure class=\"wp-block-image size-full is-style-default icone-debut\"><img decoding=\"async\" src=\"https:\/\/www.calvin-thomas.com\/img\/fleche-verte.svg\" alt=\"\" class=\"wp-image-112\"><\/figure><p><strong>t\u00e9l\u00e9phone<\/strong> &nbsp; &nbsp; 04 42 91 31 01<\/p><\/div>\n\n\n\n<div class=\"ligne verte max400 show-on-scroll\"><figure class=\"wp-block-image size-full is-style-default icone-debut\"><img decoding=\"async\" src=\"https:\/\/www.calvin-thomas.com\/img\/fleche-verte.svg\" alt=\"\" class=\"wp-image-112\"><\/figure><p><strong>mail<\/strong> &nbsp; &nbsp; claire(at)calvin-thomas.com<\/p><\/div>\n<\/div>\n<\/div>\n\n\n\n<div style=\"height:100px\" aria-hidden=\"true\" class=\"wp-block-spacer\"><\/div>\n\n\n\n<div style=\"height:20px\" aria-hidden=\"true\" class=\"wp-block-spacer\"><\/div>\n\n\n\n<div class=\"wp-block-columns are-vertically-aligned-bottom is-layout-flex wp-container-core-columns-is-layout-2 wp-block-columns-is-layout-flex\">\n<div class=\"wp-block-column is-vertically-aligned-bottom paddingrightdesktop is-layout-flow wp-block-column-is-layout-flow\" style=\"flex-basis:60%\">\n<p class=\"rubrique margin0 show-on-scroll\"><span style=\"color:red\">\/<\/span> \u00e9v\u00e9nements<\/p>\n\n\n\n<div style=\"height:20px\" aria-hidden=\"true\" class=\"wp-block-spacer\"><\/div>\n\n\n\n<h2 class=\"wp-block-heading margin0 font-45 show-on-scroll has-text-color has-link-color wp-elements-ada8078317c7c91f8790ac09ca79db1c\" style=\"color:#20436d\">&#8230; et d\u00e9couvrir le Work and Study <span style=\"color:#ec6f57\">autrement<\/span><\/h2>\n<\/div>\n\n\n\n<div class=\"wp-block-column is-vertically-aligned-bottom is-layout-flow wp-block-column-is-layout-flow\" style=\"flex-basis:30%\">\n<figure class=\"wp-block-image size-large borderradius show-on-scroll\"><img loading=\"lazy\" decoding=\"async\" width=\"1024\" height=\"788\" src=\"https:\/\/www.calvin-thomas.com\/workandstudy\/wp-content\/uploads\/\/sites\/9\/salons-reunions-information-1024x788.webp\" alt=\"\u00e9v\u00e9nements Work and Study : salons et r\u00e9unions d'information\" class=\"wp-image-182\" srcset=\"https:\/\/www.calvin-thomas.com\/workandstudy\/wp-content\/uploads\/\/sites\/9\/salons-reunions-information-1024x788.webp 1024w, https:\/\/www.calvin-thomas.com\/workandstudy\/wp-content\/uploads\/\/sites\/9\/salons-reunions-information-300x231.webp 300w, https:\/\/www.calvin-thomas.com\/workandstudy\/wp-content\/uploads\/\/sites\/9\/salons-reunions-information-768x591.webp 768w, https:\/\/www.calvin-thomas.com\/workandstudy\/wp-content\/uploads\/\/sites\/9\/salons-reunions-information.webp 1170w\" sizes=\"(max-width: 1024px) 100vw, 1024px\" \/><\/figure>\n<\/div>\n\n\n\n<div class=\"wp-block-column is-vertically-aligned-bottom is-layout-flow wp-block-column-is-layout-flow\"><\/div>\n<\/div>\n\n\n\n<div style=\"height:50px\" aria-hidden=\"true\" class=\"wp-block-spacer\"><\/div>\n\n\n\n<div class=\"wp-block-columns are-vertically-aligned-bottom has-2-columns column-centre is-layout-flex wp-container-core-columns-is-layout-3 wp-block-columns-is-layout-flex\">\n<div class=\"wp-block-column is-vertically-aligned-bottom is-layout-flow wp-block-column-is-layout-flow\">\n<div class=\"wp-block-uagb-info-box uagb-block-5d3a0ade spectra-gbs-bloc-rouge1757597004117 uagb-infobox__content-wrap  uagb-infobox-icon-above-title uagb-infobox-image-valign-top wp-block-uagb-info-box--has-margin carrerouge graphisme5 show-on-scroll\"><div class=\"uagb-infobox-margin-wrapper\"><div class=\"uagb-ifb-content\"><div class=\"uagb-ifb-title-wrap\"><h3 class=\"uagb-ifb-title\">R\u00e9unions d&rsquo;information en visio<\/h3><\/div><\/div><\/div><\/div>\n<\/div>\n\n\n\n<div class=\"wp-block-column is-vertically-aligned-bottom is-layout-flow wp-block-column-is-layout-flow\">\n<p class=\"show-on-scroll\" style=\"font-size:18px\">Les r\u00e9unions d\u2019info, c\u2019est comme une FAQ\u2026 mais en version XXL : plus de d\u00e9tails, plus d\u2019\u00e9changes, plus de r\u00e9ponses \u00e0 tes questions. Tu repars avec toutes les infos et z\u00e9ro doute.<\/p>\n\n\n\n<div style=\"height:30px\" aria-hidden=\"true\" class=\"wp-block-spacer\"><\/div>\n\n\n\n<div class=\"wp-block-uagb-slider show-on-scroll uagb-block-5188b889 uagb-slider-container\"><div class=\"uagb-slides uagb-swiper\"><div class=\"swiper-wrapper\">\n<div class=\"wp-block-uagb-slider-child uagb-slider-child-wrap swiper-slide uagb-block-6c7fb6dc\"><div class=\"swiper-content\">\n<div class=\"wp-block-uagb-container uagb-block-304fd2ee alignfull uagb-is-root-container\"><div class=\"uagb-container-inner-blocks-wrap\">\n<div class=\"wp-block-uagb-info-box uagb-block-81839f99 uagb-infobox__content-wrap  uagb-infobox_cta-type-all uagb-infobox-icon-above-title uagb-infobox-image-valign-top\"><a href=\"\" class=\"uagb-infobox-link-wrap uagb-infbox__link-to-all\" target=\"_blank\" aria-label=\"Infobox Link\" rel=\"noopener noreferrer\" onclick=\"return false;\"><\/a><div class=\"uagb-ifb-content\"><div class=\"uagb-ifb-title-wrap\"><h3 class=\"uagb-ifb-title\">N.C.<\/h3><\/div><div class=\"uagb-ifb-button-wrapper wp-block-button\"><\/div><\/div><\/div>\n<\/div><\/div>\n<\/div><\/div>\n<\/div><\/div><div class=\"swiper-pagination\"><\/div><\/div>\n<\/div>\n<\/div>\n\n\n\n<div style=\"height:50px\" aria-hidden=\"true\" class=\"wp-block-spacer\"><\/div>\n\n\n\n<div class=\"wp-block-columns are-vertically-aligned-bottom has-2-columns column-centre is-layout-flex wp-container-core-columns-is-layout-4 wp-block-columns-is-layout-flex\">\n<div class=\"wp-block-column is-vertically-aligned-bottom is-layout-flow wp-block-column-is-layout-flow\">\n<div class=\"wp-block-uagb-info-box uagb-block-25543be5 spectra-gbs-bloc-rouge1757597004117 uagb-infobox__content-wrap  uagb-infobox-icon-above-title uagb-infobox-image-valign-top wp-block-uagb-info-box--has-margin carrejaune graphisme7 show-on-scroll\"><div class=\"uagb-infobox-margin-wrapper\"><div class=\"uagb-ifb-content\"><div class=\"uagb-ifb-title-wrap\"><h3 class=\"uagb-ifb-title\">Salons nationaux et r\u00e9gionaux<\/h3><\/div><\/div><\/div><\/div>\n<\/div>\n\n\n\n<div class=\"wp-block-column is-vertically-aligned-bottom is-layout-flow wp-block-column-is-layout-flow\">\n<p class=\"show-on-scroll\" style=\"font-size:18px\">Viens nous croiser sur un salon pr\u00e8s de chez toi. On se rencontre en vrai et c\u2019est comme un premier <em>date<\/em>, sauf qu\u2019on ne ghoste jamais \ud83d\ude02<\/p>\n\n\n\n<div style=\"height:30px\" aria-hidden=\"true\" class=\"wp-block-spacer\"><\/div>\n\n\n\n<div class=\"wp-block-uagb-slider show-on-scroll uagb-block-c5356791 uagb-slider-container\"><div class=\"uagb-slides uagb-swiper\"><div class=\"swiper-wrapper\">\n<div class=\"wp-block-uagb-slider-child uagb-slider-child-wrap swiper-slide uagb-block-c0da4e3b\"><div class=\"swiper-content\">\n<div class=\"wp-block-uagb-container uagb-block-402a5840 alignfull uagb-is-root-container\"><div class=\"uagb-container-inner-blocks-wrap\">\n<div class=\"wp-block-uagb-info-box uagb-block-ebe2b69b uagb-infobox__content-wrap  uagb-infobox_cta-type-all uagb-infobox-icon-above-title uagb-infobox-image-valign-top\"><a href=\"\" class=\"uagb-infobox-link-wrap uagb-infbox__link-to-all\" target=\"_blank\" aria-label=\"Infobox Link\" rel=\"noopener noreferrer\" onclick=\"return false;\"><\/a><div class=\"uagb-ifb-content\"><div class=\"uagb-ifb-title-wrap\"><h3 class=\"uagb-ifb-title\">N.C.<\/h3><\/div><div class=\"uagb-ifb-button-wrapper wp-block-button\"><\/div><\/div><\/div>\n<\/div><\/div>\n<\/div><\/div>\n<\/div><\/div><div class=\"swiper-pagination\"><\/div><\/div>\n<\/div>\n<\/div>\n\n\n\n<div style=\"height:20px\" aria-hidden=\"true\" class=\"wp-block-spacer\"><\/div>\n\n\n\n<p class=\"has-text-align-center column-centre cadre-marron\"><br><\/p>\n\n\n\n<div style=\"height:100px\" aria-hidden=\"true\" class=\"wp-block-spacer\"><\/div>\n\n\n\n<div style=\"height:50px\" aria-hidden=\"true\" class=\"wp-block-spacer\"><\/div>\n","protected":false},"excerpt":{"rendered":"<p>Ton projet de c\u00e9sure et de PVT m\u00e9rite mieux qu\u2019un tuto YouTube ou un forum. Ici, tu as une \u00e9quipe (et une communaut\u00e9 d&rsquo;ancien.e.s participant.e.s) qui t\u2019\u00e9coutent, te guident et t\u2019accompagnent pour transformer ton envie d\u2019ailleurs en une vraie aventure. Claire responsable du programme Work and Study te conseille et t\u2019accompagne pour r\u00e9pondre \u00e0 toutes [&hellip;]<\/p>\n","protected":false},"author":1,"featured_media":0,"parent":27,"menu_order":0,"comment_status":"closed","ping_status":"closed","template":"","meta":{"_eb_attr":"","_uag_custom_page_level_css":"","footnotes":""},"yoast_head":"<!-- This site is optimized with the Yoast SEO plugin v22.4 - https:\/\/yoast.com\/wordpress\/plugins\/seo\/ -->\n<title>Construis ton aventure ann\u00e9e de c\u00e9sure\/PVT avec Calvin-Thomas<\/title>\n<meta name=\"robots\" content=\"index, follow, max-snippet:-1, max-image-preview:large, max-video-preview:-1\" \/>\n<link rel=\"canonical\" href=\"https:\/\/www.calvin-thomas.com\/workandstudy\/informations-pratiques\/contact\/\" \/>\n<meta property=\"og:locale\" content=\"fr_FR\" \/>\n<meta property=\"og:type\" content=\"article\" \/>\n<meta property=\"og:title\" content=\"Construis ton aventure ann\u00e9e de c\u00e9sure\/PVT avec Calvin-Thomas\" \/>\n<meta property=\"og:description\" content=\"Ton projet de c\u00e9sure et de PVT m\u00e9rite mieux qu\u2019un tuto YouTube ou un forum. Ici, tu as une \u00e9quipe (et une communaut\u00e9 d&rsquo;ancien.e.s participant.e.s) qui t\u2019\u00e9coutent, te guident et t\u2019accompagnent pour transformer ton envie d\u2019ailleurs en une vraie aventure. Claire responsable du programme Work and Study te conseille et t\u2019accompagne pour r\u00e9pondre \u00e0 toutes [&hellip;]\" \/>\n<meta property=\"og:url\" content=\"https:\/\/www.calvin-thomas.com\/workandstudy\/informations-pratiques\/contact\/\" \/>\n<meta property=\"og:site_name\" content=\"Work and Study\" \/>\n<meta property=\"article:modified_time\" content=\"2025-11-03T15:50:44+00:00\" \/>\n<meta property=\"og:image\" content=\"https:\/\/www.calvin-thomas.com\/workandstudy\/wp-content\/uploads\/\/sites\/9\/claire-hill.webp\" \/>\n<meta name=\"twitter:card\" content=\"summary_large_image\" \/>\n<meta name=\"twitter:label1\" content=\"Dur\u00e9e de lecture estim\u00e9e\" \/>\n\t<meta name=\"twitter:data1\" content=\"2 minutes\" \/>\n<script type=\"application\/ld+json\" class=\"yoast-schema-graph\">{\"@context\":\"https:\/\/schema.org\",\"@graph\":[{\"@type\":\"WebPage\",\"@id\":\"https:\/\/www.calvin-thomas.com\/workandstudy\/informations-pratiques\/contact\/\",\"url\":\"https:\/\/www.calvin-thomas.com\/workandstudy\/informations-pratiques\/contact\/\",\"name\":\"Construis ton aventure ann\u00e9e de c\u00e9sure\/PVT avec Calvin-Thomas\",\"isPartOf\":{\"@id\":\"https:\/\/www.calvin-thomas.com\/workandstudy\/#website\"},\"primaryImageOfPage\":{\"@id\":\"https:\/\/www.calvin-thomas.com\/workandstudy\/informations-pratiques\/contact\/#primaryimage\"},\"image\":{\"@id\":\"https:\/\/www.calvin-thomas.com\/workandstudy\/informations-pratiques\/contact\/#primaryimage\"},\"thumbnailUrl\":\"https:\/\/www.calvin-thomas.com\/workandstudy\/wp-content\/uploads\/\/sites\/9\/claire-hill.webp\",\"datePublished\":\"2025-09-11T10:06:08+00:00\",\"dateModified\":\"2025-11-03T15:50:44+00:00\",\"breadcrumb\":{\"@id\":\"https:\/\/www.calvin-thomas.com\/workandstudy\/informations-pratiques\/contact\/#breadcrumb\"},\"inLanguage\":\"fr-FR\",\"potentialAction\":[{\"@type\":\"ReadAction\",\"target\":[\"https:\/\/www.calvin-thomas.com\/workandstudy\/informations-pratiques\/contact\/\"]}]},{\"@type\":\"ImageObject\",\"inLanguage\":\"fr-FR\",\"@id\":\"https:\/\/www.calvin-thomas.com\/workandstudy\/informations-pratiques\/contact\/#primaryimage\",\"url\":\"\",\"contentUrl\":\"\"},{\"@type\":\"BreadcrumbList\",\"@id\":\"https:\/\/www.calvin-thomas.com\/workandstudy\/informations-pratiques\/contact\/#breadcrumb\",\"itemListElement\":[{\"@type\":\"ListItem\",\"position\":1,\"name\":\"Accueil\",\"item\":\"https:\/\/www.calvin-thomas.com\/workandstudy\/\"},{\"@type\":\"ListItem\",\"position\":2,\"name\":\"Informations pratiques\",\"item\":\"https:\/\/www.calvin-thomas.com\/workandstudy\/informations-pratiques\/\"},{\"@type\":\"ListItem\",\"position\":3,\"name\":\"On parle de ton projet ?\"}]},{\"@type\":\"WebSite\",\"@id\":\"https:\/\/www.calvin-thomas.com\/workandstudy\/#website\",\"url\":\"https:\/\/www.calvin-thomas.com\/workandstudy\/\",\"name\":\"Work and Study\",\"description\":\"Un site utilisant Les sites de Calvin-Thomas\",\"potentialAction\":[{\"@type\":\"SearchAction\",\"target\":{\"@type\":\"EntryPoint\",\"urlTemplate\":\"https:\/\/www.calvin-thomas.com\/workandstudy\/?s={search_term_string}\"},\"query-input\":\"required name=search_term_string\"}],\"inLanguage\":\"fr-FR\"}]}<\/script>\n<!-- \/ Yoast SEO plugin. -->","yoast_head_json":{"title":"Construis ton aventure ann\u00e9e de c\u00e9sure\/PVT avec Calvin-Thomas","robots":{"index":"index","follow":"follow","max-snippet":"max-snippet:-1","max-image-preview":"max-image-preview:large","max-video-preview":"max-video-preview:-1"},"canonical":"https:\/\/www.calvin-thomas.com\/workandstudy\/informations-pratiques\/contact\/","og_locale":"fr_FR","og_type":"article","og_title":"Construis ton aventure ann\u00e9e de c\u00e9sure\/PVT avec Calvin-Thomas","og_description":"Ton projet de c\u00e9sure et de PVT m\u00e9rite mieux qu\u2019un tuto YouTube ou un forum. Ici, tu as une \u00e9quipe (et une communaut\u00e9 d&rsquo;ancien.e.s participant.e.s) qui t\u2019\u00e9coutent, te guident et t\u2019accompagnent pour transformer ton envie d\u2019ailleurs en une vraie aventure. Claire responsable du programme Work and Study te conseille et t\u2019accompagne pour r\u00e9pondre \u00e0 toutes [&hellip;]","og_url":"https:\/\/www.calvin-thomas.com\/workandstudy\/informations-pratiques\/contact\/","og_site_name":"Work and Study","article_modified_time":"2025-11-03T15:50:44+00:00","og_image":[{"url":"https:\/\/www.calvin-thomas.com\/workandstudy\/wp-content\/uploads\/\/sites\/9\/claire-hill.webp"}],"twitter_card":"summary_large_image","twitter_misc":{"Dur\u00e9e de lecture estim\u00e9e":"2 minutes"},"schema":{"@context":"https:\/\/schema.org","@graph":[{"@type":"WebPage","@id":"https:\/\/www.calvin-thomas.com\/workandstudy\/informations-pratiques\/contact\/","url":"https:\/\/www.calvin-thomas.com\/workandstudy\/informations-pratiques\/contact\/","name":"Construis ton aventure ann\u00e9e de c\u00e9sure\/PVT avec Calvin-Thomas","isPartOf":{"@id":"https:\/\/www.calvin-thomas.com\/workandstudy\/#website"},"primaryImageOfPage":{"@id":"https:\/\/www.calvin-thomas.com\/workandstudy\/informations-pratiques\/contact\/#primaryimage"},"image":{"@id":"https:\/\/www.calvin-thomas.com\/workandstudy\/informations-pratiques\/contact\/#primaryimage"},"thumbnailUrl":"https:\/\/www.calvin-thomas.com\/workandstudy\/wp-content\/uploads\/\/sites\/9\/claire-hill.webp","datePublished":"2025-09-11T10:06:08+00:00","dateModified":"2025-11-03T15:50:44+00:00","breadcrumb":{"@id":"https:\/\/www.calvin-thomas.com\/workandstudy\/informations-pratiques\/contact\/#breadcrumb"},"inLanguage":"fr-FR","potentialAction":[{"@type":"ReadAction","target":["https:\/\/www.calvin-thomas.com\/workandstudy\/informations-pratiques\/contact\/"]}]},{"@type":"ImageObject","inLanguage":"fr-FR","@id":"https:\/\/www.calvin-thomas.com\/workandstudy\/informations-pratiques\/contact\/#primaryimage","url":"","contentUrl":""},{"@type":"BreadcrumbList","@id":"https:\/\/www.calvin-thomas.com\/workandstudy\/informations-pratiques\/contact\/#breadcrumb","itemListElement":[{"@type":"ListItem","position":1,"name":"Accueil","item":"https:\/\/www.calvin-thomas.com\/workandstudy\/"},{"@type":"ListItem","position":2,"name":"Informations pratiques","item":"https:\/\/www.calvin-thomas.com\/workandstudy\/informations-pratiques\/"},{"@type":"ListItem","position":3,"name":"On parle de ton projet ?"}]},{"@type":"WebSite","@id":"https:\/\/www.calvin-thomas.com\/workandstudy\/#website","url":"https:\/\/www.calvin-thomas.com\/workandstudy\/","name":"Work and Study","description":"Un site utilisant Les sites de Calvin-Thomas","potentialAction":[{"@type":"SearchAction","target":{"@type":"EntryPoint","urlTemplate":"https:\/\/www.calvin-thomas.com\/workandstudy\/?s={search_term_string}"},"query-input":"required name=search_term_string"}],"inLanguage":"fr-FR"}]}},"uagb_featured_image_src":{"full":false,"thumbnail":false,"medium":false,"medium_large":false,"large":false,"1536x1536":false,"2048x2048":false,"gform-image-choice-sm":false,"gform-image-choice-md":false,"gform-image-choice-lg":false},"uagb_author_info":{"display_name":"redac-calvinthomas","author_link":"https:\/\/www.calvin-thomas.com\/workandstudy\/author\/redac-calvinthomas\/"},"uagb_comment_info":0,"uagb_excerpt":"Ton projet de c\u00e9sure et de PVT m\u00e9rite mieux qu\u2019un tuto YouTube ou un forum. Ici, tu as une \u00e9quipe (et une communaut\u00e9 d&rsquo;ancien.e.s participant.e.s) qui t\u2019\u00e9coutent, te guident et t\u2019accompagnent pour transformer ton envie d\u2019ailleurs en une vraie aventure. Claire responsable du programme Work and Study te conseille et t\u2019accompagne pour r\u00e9pondre \u00e0 toutes\u2026","_links":{"self":[{"href":"https:\/\/www.calvin-thomas.com\/workandstudy\/wp-json\/wp\/v2\/pages\/98"}],"collection":[{"href":"https:\/\/www.calvin-thomas.com\/workandstudy\/wp-json\/wp\/v2\/pages"}],"about":[{"href":"https:\/\/www.calvin-thomas.com\/workandstudy\/wp-json\/wp\/v2\/types\/page"}],"author":[{"embeddable":true,"href":"https:\/\/www.calvin-thomas.com\/workandstudy\/wp-json\/wp\/v2\/users\/1"}],"replies":[{"embeddable":true,"href":"https:\/\/www.calvin-thomas.com\/workandstudy\/wp-json\/wp\/v2\/comments?post=98"}],"version-history":[{"count":69,"href":"https:\/\/www.calvin-thomas.com\/workandstudy\/wp-json\/wp\/v2\/pages\/98\/revisions"}],"predecessor-version":[{"id":891,"href":"https:\/\/www.calvin-thomas.com\/workandstudy\/wp-json\/wp\/v2\/pages\/98\/revisions\/891"}],"up":[{"embeddable":true,"href":"https:\/\/www.calvin-thomas.com\/workandstudy\/wp-json\/wp\/v2\/pages\/27"}],"wp:attachment":[{"href":"https:\/\/www.calvin-thomas.com\/workandstudy\/wp-json\/wp\/v2\/media?parent=98"}],"curies":[{"name":"wp","href":"https:\/\/api.w.org\/{rel}","templated":true}]}}